{"id":41519,"date":"2025-09-30T10:10:58","date_gmt":"2025-09-30T10:10:58","guid":{"rendered":"https:\/\/lovme.pt\/?post_type=product&p=41519"},"modified":"2026-02-19T20:06:51","modified_gmt":"2026-02-19T20:06:51","slug":"b-swish-bcharmed-orquidea-bsica","status":"publish","type":"product","link":"https:\/\/lovme.pt\/index.php\/produto\/b-swish-bcharmed-orquidea-bsica\/","title":{"rendered":"B SWISH &#8211; BCHARMED ORQU\u00cdDEA BSICA"},"content":{"rendered":"<p>O Bcharmed Basic Wave \u00e9 o melhor amigo do quarto.<\/p>\n<p>Seu anel macio e flex\u00edvel foi projetado para se ajustar perfeitamente aos homens, enquanto o silicone seguro para o corpo desliza sedutoramente na \u00e1rea mais sens\u00edvel.<\/p>\n<p>Esta casa de prazer \u00e0 prova d\u00e1gua possui cristas estimulantes para agradar seu ponto ideal, enquanto o motor de 5 fun\u00e7\u00f5es domina sua massagem. Tudo que voc\u00ea precisa \u00e9 de \u00e1gua e sab\u00e3o para estar pronto rapidamente para a segunda rodada.<\/p>\n<p>O Bcharmed Basic Wave \u00e9 um acess\u00f3rio vers\u00e1til: pode ser combinado com massageadores tradicionais como o Bdesired Deluxe para mais divers\u00e3o durante o jogo solo.<\/p>\n<ul>\n<li>Materiais: Silicone, Pl\u00e1stico ABS<\/li>\n<li>Bullet requer 1 bateria LR44, inclu\u00edda.<\/li>\n<li>Capa de chuva<\/li>\n<li>Apenas lubrificante \u00e0 base de \u00e1gua<\/li>\n<li>Dimens\u00f5es: 3,25cm<\/li>\n<li>Comprimento total 7,4cm<\/li>\n<\/ul>\n","protected":false},"excerpt":{"rendered":"<p>B SWISH &#8211; BCHARMED ORQU\u00cdDEA BSICA<\/p>\n","protected":false},"featured_media":63676,"template":"","meta":{"_acf_changed":false},"product_brand":[],"product_cat":[17,59,60,76],"product_tag":[],"class_list":{"0":"post-41519","1":"product","2":"type-product","3":"status-publish","4":"has-post-thumbnail","6":"product_cat-brinquedos-de-bem-estar-sexual","7":"product_cat-para-casais","8":"product_cat-para-eles","9":"product_cat-vibradores","10":"yith_product_brand-b-swish","12":"first","13":"instock","14":"taxable","15":"shipping-taxable","16":"purchasable","17":"product-type-simple"},"acf":[],"yoast_head":"<!-- This site is optimized with the Yoast SEO plugin v27.3 - https:\/\/yoast.com\/product\/yoast-seo-wordpress\/ -->\n<title>B SWISH - BCHARMED ORQU\u00cdDEA BSICA - Lovme<\/title>\n<meta name=\"robots\" content=\"index, follow, max-snippet:-1, max-image-preview:large, max-video-preview:-1\" \/>\n<link rel=\"canonical\" href=\"https:\/\/lovme.pt\/index.php\/produto\/b-swish-bcharmed-orquidea-bsica\/\" \/>\n<meta property=\"og:locale\" content=\"pt_PT\" \/>\n<meta property=\"og:type\" content=\"article\" \/>\n<meta property=\"og:title\" content=\"B SWISH - BCHARMED ORQU\u00cdDEA BSICA - Lovme\" \/>\n<meta property=\"og:description\" content=\"B SWISH - BCHARMED ORQU\u00cdDEA BSICA\" \/>\n<meta property=\"og:url\" content=\"https:\/\/lovme.pt\/index.php\/produto\/b-swish-bcharmed-orquidea-bsica\/\" \/>\n<meta property=\"og:site_name\" content=\"Lovme\" \/>\n<meta property=\"article:modified_time\" content=\"2026-02-19T20:06:51+00:00\" \/>\n<meta property=\"og:image\" content=\"https:\/\/erki24nd3ub.exactdn.com\/wp-content\/uploads\/dream\/img\/img_143855_cf4770344e40a63926784c9c280fd758_1.jpg?strip=all\" \/>\n\t<meta property=\"og:image:width\" content=\"800\" \/>\n\t<meta property=\"og:image:height\" content=\"762\" \/>\n\t<meta property=\"og:image:type\" content=\"image\/jpeg\" \/>\n<meta name=\"twitter:card\" content=\"summary_large_image\" \/>\n<meta name=\"twitter:label1\" content=\"Tempo estimado de leitura\" \/>\n\t<meta name=\"twitter:data1\" content=\"1 minuto\" \/>\n<script type=\"application\/ld+json\" class=\"yoast-schema-graph\">{\"@context\":\"https:\\\/\\\/schema.org\",\"@graph\":[{\"@type\":\"WebPage\",\"@id\":\"https:\\\/\\\/lovme.pt\\\/index.php\\\/produto\\\/b-swish-bcharmed-orquidea-bsica\\\/\",\"url\":\"https:\\\/\\\/lovme.pt\\\/index.php\\\/produto\\\/b-swish-bcharmed-orquidea-bsica\\\/\",\"name\":\"B SWISH - BCHARMED ORQU\u00cdDEA BSICA - Lovme\",\"isPartOf\":{\"@id\":\"https:\\\/\\\/lovme.pt\\\/#website\"},\"primaryImageOfPage\":{\"@id\":\"https:\\\/\\\/lovme.pt\\\/index.php\\\/produto\\\/b-swish-bcharmed-orquidea-bsica\\\/#primaryimage\"},\"image\":{\"@id\":\"https:\\\/\\\/lovme.pt\\\/index.php\\\/produto\\\/b-swish-bcharmed-orquidea-bsica\\\/#primaryimage\"},\"thumbnailUrl\":\"https:\\\/\\\/erki24nd3ub.exactdn.com\\\/wp-content\\\/uploads\\\/dream\\\/img\\\/img_143855_cf4770344e40a63926784c9c280fd758_1.jpg?strip=all\",\"datePublished\":\"2025-09-30T10:10:58+00:00\",\"dateModified\":\"2026-02-19T20:06:51+00:00\",\"breadcrumb\":{\"@id\":\"https:\\\/\\\/lovme.pt\\\/index.php\\\/produto\\\/b-swish-bcharmed-orquidea-bsica\\\/#breadcrumb\"},\"inLanguage\":\"pt-PT\",\"potentialAction\":[{\"@type\":\"ReadAction\",\"target\":[\"https:\\\/\\\/lovme.pt\\\/index.php\\\/produto\\\/b-swish-bcharmed-orquidea-bsica\\\/\"]}]},{\"@type\":\"ImageObject\",\"inLanguage\":\"pt-PT\",\"@id\":\"https:\\\/\\\/lovme.pt\\\/index.php\\\/produto\\\/b-swish-bcharmed-orquidea-bsica\\\/#primaryimage\",\"url\":\"https:\\\/\\\/erki24nd3ub.exactdn.com\\\/wp-content\\\/uploads\\\/dream\\\/img\\\/img_143855_cf4770344e40a63926784c9c280fd758_1.jpg?strip=all\",\"contentUrl\":\"https:\\\/\\\/erki24nd3ub.exactdn.com\\\/wp-content\\\/uploads\\\/dream\\\/img\\\/img_143855_cf4770344e40a63926784c9c280fd758_1.jpg?strip=all\",\"width\":800,\"height\":762},{\"@type\":\"BreadcrumbList\",\"@id\":\"https:\\\/\\\/lovme.pt\\\/index.php\\\/produto\\\/b-swish-bcharmed-orquidea-bsica\\\/#breadcrumb\",\"itemListElement\":[{\"@type\":\"ListItem\",\"position\":1,\"name\":\"In\u00edcio\",\"item\":\"https:\\\/\\\/lovme.pt\\\/\"},{\"@type\":\"ListItem\",\"position\":2,\"name\":\"Loja\",\"item\":\"https:\\\/\\\/lovme.pt\\\/index.php\\\/loja\\\/\"},{\"@type\":\"ListItem\",\"position\":3,\"name\":\"B SWISH &#8211; BCHARMED ORQU\u00cdDEA BSICA\"}]},{\"@type\":\"WebSite\",\"@id\":\"https:\\\/\\\/lovme.pt\\\/#website\",\"url\":\"https:\\\/\\\/lovme.pt\\\/\",\"name\":\"Lovme Loja Er\u00f3tica N\u00ba1 em Portugal\",\"description\":\"A melhor loja er\u00f3tica de Portugal.\",\"alternateName\":\"Loja Er\u00f3tica Lovme\",\"potentialAction\":[{\"@type\":\"SearchAction\",\"target\":{\"@type\":\"EntryPoint\",\"urlTemplate\":\"https:\\\/\\\/lovme.pt\\\/?s={search_term_string}\"},\"query-input\":{\"@type\":\"PropertyValueSpecification\",\"valueRequired\":true,\"valueName\":\"search_term_string\"}}],\"inLanguage\":\"pt-PT\"}]}<\/script>\n<!-- \/ Yoast SEO plugin. -->","yoast_head_json":{"title":"B SWISH - BCHARMED ORQU\u00cdDEA BSICA - Lovme","robots":{"index":"index","follow":"follow","max-snippet":"max-snippet:-1","max-image-preview":"max-image-preview:large","max-video-preview":"max-video-preview:-1"},"canonical":"https:\/\/lovme.pt\/index.php\/produto\/b-swish-bcharmed-orquidea-bsica\/","og_locale":"pt_PT","og_type":"article","og_title":"B SWISH - BCHARMED ORQU\u00cdDEA BSICA - Lovme","og_description":"B SWISH - BCHARMED ORQU\u00cdDEA BSICA","og_url":"https:\/\/lovme.pt\/index.php\/produto\/b-swish-bcharmed-orquidea-bsica\/","og_site_name":"Lovme","article_modified_time":"2026-02-19T20:06:51+00:00","og_image":[{"width":800,"height":762,"url":"https:\/\/erki24nd3ub.exactdn.com\/wp-content\/uploads\/dream\/img\/img_143855_cf4770344e40a63926784c9c280fd758_1.jpg?strip=all","type":"image\/jpeg"}],"twitter_card":"summary_large_image","twitter_misc":{"Tempo estimado de leitura":"1 minuto"},"schema":{"@context":"https:\/\/schema.org","@graph":[{"@type":"WebPage","@id":"https:\/\/lovme.pt\/index.php\/produto\/b-swish-bcharmed-orquidea-bsica\/","url":"https:\/\/lovme.pt\/index.php\/produto\/b-swish-bcharmed-orquidea-bsica\/","name":"B SWISH - BCHARMED ORQU\u00cdDEA BSICA - Lovme","isPartOf":{"@id":"https:\/\/lovme.pt\/#website"},"primaryImageOfPage":{"@id":"https:\/\/lovme.pt\/index.php\/produto\/b-swish-bcharmed-orquidea-bsica\/#primaryimage"},"image":{"@id":"https:\/\/lovme.pt\/index.php\/produto\/b-swish-bcharmed-orquidea-bsica\/#primaryimage"},"thumbnailUrl":"https:\/\/erki24nd3ub.exactdn.com\/wp-content\/uploads\/dream\/img\/img_143855_cf4770344e40a63926784c9c280fd758_1.jpg?strip=all","datePublished":"2025-09-30T10:10:58+00:00","dateModified":"2026-02-19T20:06:51+00:00","breadcrumb":{"@id":"https:\/\/lovme.pt\/index.php\/produto\/b-swish-bcharmed-orquidea-bsica\/#breadcrumb"},"inLanguage":"pt-PT","potentialAction":[{"@type":"ReadAction","target":["https:\/\/lovme.pt\/index.php\/produto\/b-swish-bcharmed-orquidea-bsica\/"]}]},{"@type":"ImageObject","inLanguage":"pt-PT","@id":"https:\/\/lovme.pt\/index.php\/produto\/b-swish-bcharmed-orquidea-bsica\/#primaryimage","url":"https:\/\/erki24nd3ub.exactdn.com\/wp-content\/uploads\/dream\/img\/img_143855_cf4770344e40a63926784c9c280fd758_1.jpg?strip=all","contentUrl":"https:\/\/erki24nd3ub.exactdn.com\/wp-content\/uploads\/dream\/img\/img_143855_cf4770344e40a63926784c9c280fd758_1.jpg?strip=all","width":800,"height":762},{"@type":"BreadcrumbList","@id":"https:\/\/lovme.pt\/index.php\/produto\/b-swish-bcharmed-orquidea-bsica\/#breadcrumb","itemListElement":[{"@type":"ListItem","position":1,"name":"In\u00edcio","item":"https:\/\/lovme.pt\/"},{"@type":"ListItem","position":2,"name":"Loja","item":"https:\/\/lovme.pt\/index.php\/loja\/"},{"@type":"ListItem","position":3,"name":"B SWISH &#8211; BCHARMED ORQU\u00cdDEA BSICA"}]},{"@type":"WebSite","@id":"https:\/\/lovme.pt\/#website","url":"https:\/\/lovme.pt\/","name":"Lovme Loja Er\u00f3tica N\u00ba1 em Portugal","description":"A melhor loja er\u00f3tica de Portugal.","alternateName":"Loja Er\u00f3tica Lovme","potentialAction":[{"@type":"SearchAction","target":{"@type":"EntryPoint","urlTemplate":"https:\/\/lovme.pt\/?s={search_term_string}"},"query-input":{"@type":"PropertyValueSpecification","valueRequired":true,"valueName":"search_term_string"}}],"inLanguage":"pt-PT"}]}},"_links":{"self":[{"href":"https:\/\/lovme.pt\/index.php\/wp-json\/wp\/v2\/product\/41519","targetHints":{"allow":["GET"]}}],"collection":[{"href":"https:\/\/lovme.pt\/index.php\/wp-json\/wp\/v2\/product"}],"about":[{"href":"https:\/\/lovme.pt\/index.php\/wp-json\/wp\/v2\/types\/product"}],"wp:featuredmedia":[{"embeddable":true,"href":"https:\/\/lovme.pt\/index.php\/wp-json\/wp\/v2\/media\/63676"}],"wp:attachment":[{"href":"https:\/\/lovme.pt\/index.php\/wp-json\/wp\/v2\/media?parent=41519"}],"wp:term":[{"taxonomy":"product_brand","embeddable":true,"href":"https:\/\/lovme.pt\/index.php\/wp-json\/wp\/v2\/product_brand?post=41519"},{"taxonomy":"product_cat","embeddable":true,"href":"https:\/\/lovme.pt\/index.php\/wp-json\/wp\/v2\/product_cat?post=41519"},{"taxonomy":"product_tag","embeddable":true,"href":"https:\/\/lovme.pt\/index.php\/wp-json\/wp\/v2\/product_tag?post=41519"}],"curies":[{"name":"wp","href":"https:\/\/api.w.org\/{rel}","templated":true}]}}