{"id":41440,"date":"2025-09-30T22:58:11","date_gmt":"2025-09-30T22:58:11","guid":{"rendered":"https:\/\/lovme.pt\/?post_type=product&p=41440"},"modified":"2026-02-19T20:13:47","modified_gmt":"2026-02-19T20:13:47","slug":"electrastim-silicone-flexivel-electro-sex-uretal-som-7-mm","status":"publish","type":"product","link":"https:\/\/lovme.pt\/index.php\/produto\/electrastim-silicone-flexivel-electro-sex-uretal-som-7-mm\/","title":{"rendered":"ELECTRASTIM &#8211; SILICONE FLEX\u00cdVEL ELECTRO-SEX URETAL SOM 7 MM"},"content":{"rendered":"<p>Feitos de nosso silicone condutor propriet\u00e1rio, esses sons de silicone flex\u00edveis foram aprimorados para proporcionar a sensa\u00e7\u00e3o eletro mais agrad\u00e1vel de um acess\u00f3rio t\u00e3o pequeno. N\u00e3o importa o formato ou tamanho do p\u00eanis, esses sons se adaptam confortavelmente \u00e0s curvas \u00fanicas do usu\u00e1rio para uma experi\u00eancia sonora incrivelmente confort\u00e1vel &#8211; com a op\u00e7\u00e3o de aumentar a intensidade quando conectado a um eletroestimulador!<\/p>\n<p> Com pouco menos de 15 cent\u00edmetros de comprimento inser\u00edvel, essas sondas super flex\u00edveis s\u00e3o ideais para uma sondagem uretral confort\u00e1vel e possuem entalhes de medi\u00e7\u00e3o em cada cent\u00edmetro para que o usu\u00e1rio possa ver facilmente a profundidade da penetra\u00e7\u00e3o. Isto \u00e9 particularmente importante com o electro, pois quanto menor a \u00e1rea de superf\u00edcie, mais intensa \u00e9 a sensa\u00e7\u00e3o, por isso a maioria dos usu\u00e1rios de som desejar\u00e1 inserir totalmente durante a reprodu\u00e7\u00e3o.<\/p>\n<p> Ao contr\u00e1rio de outros sons classicamente unipolares, este design bipolar pode ser usado sozinho, sem a necessidade de um segundo acess\u00f3rio para completar o circuito. Isso permite que os iniciantes se concentrem na sensa\u00e7\u00e3o do som sem a distra\u00e7\u00e3o de outro acess\u00f3rio motorizado em outras partes do corpo. \u00c9 claro que os sons flex\u00edveis Silicone Noir tamb\u00e9m podem ser usados sem o eletro conectado, se desejado.<\/p>\n<p> Os sons eletro flex\u00edveis Silicone Noir s\u00e3o compat\u00edveis com todos os estimuladores ElectraStim e est\u00e3o dispon\u00edveis em di\u00e2metros de 5 mm e 7 mm para acomodar os tamanhos de som para iniciantes mais populares.<\/p>\n<ul>\n<li> Comprimento inser\u00edvel: 150 mm\/5,9 polegadas<\/li>\n<li> Di\u00e2metro: 5 mm (0,2 polegadas) ou 7 mm (0,28 polegadas)<\/li>\n<li> Conex\u00e3o: 2mm<\/li>\n<li> Materiais: Silicone condutor de grau m\u00e9dico curado com platina (sem ftalatos)<\/li>\n<li> N\u00famero de p\u00f3los: 2 (bipolar)<\/li>\n<li> 1 x som eletro flex\u00edvel de silicone noir (5 mm ou 7 mm)<\/li>\n<li> 1 x livreto de instru\u00e7\u00f5es em v\u00e1rios idiomas<\/li>\n<\/ul>\n","protected":false},"excerpt":{"rendered":"<p>ELECTRASTIM &#8211; SILICONE FLEX\u00cdVEL ELECTRO-SEX URETAL SOM 7 MM<\/p>\n","protected":false},"featured_media":82547,"template":"","meta":{"_acf_changed":false},"product_brand":[],"product_cat":[48,17,75],"product_tag":[],"class_list":{"0":"post-41440","1":"product","2":"type-product","3":"status-publish","4":"has-post-thumbnail","6":"product_cat-bdsm","7":"product_cat-brinquedos-de-bem-estar-sexual","8":"product_cat-saude-pelvica","9":"yith_product_brand-electrastim","11":"first","12":"instock","13":"taxable","14":"shipping-taxable","15":"purchasable","16":"product-type-simple"},"acf":[],"yoast_head":"<!-- This site is optimized with the Yoast SEO plugin v27.4 - https:\/\/yoast.com\/product\/yoast-seo-wordpress\/ -->\n<title>ELECTRASTIM - SILICONE FLEX\u00cdVEL ELECTRO-SEX URETAL SOM 7 MM - Lovme<\/title>\n<meta name=\"robots\" content=\"index, follow, max-snippet:-1, max-image-preview:large, max-video-preview:-1\" \/>\n<link rel=\"canonical\" href=\"https:\/\/lovme.pt\/index.php\/produto\/electrastim-silicone-flexivel-electro-sex-uretal-som-7-mm\/\" \/>\n<meta property=\"og:locale\" content=\"pt_PT\" \/>\n<meta property=\"og:type\" content=\"article\" \/>\n<meta property=\"og:title\" content=\"ELECTRASTIM - SILICONE FLEX\u00cdVEL ELECTRO-SEX URETAL SOM 7 MM - Lovme\" \/>\n<meta property=\"og:description\" content=\"ELECTRASTIM - SILICONE FLEX\u00cdVEL ELECTRO-SEX URETAL SOM 7 MM\" \/>\n<meta property=\"og:url\" content=\"https:\/\/lovme.pt\/index.php\/produto\/electrastim-silicone-flexivel-electro-sex-uretal-som-7-mm\/\" \/>\n<meta property=\"og:site_name\" content=\"Lovme\" \/>\n<meta property=\"article:modified_time\" content=\"2026-02-19T20:13:47+00:00\" \/>\n<meta property=\"og:image\" content=\"https:\/\/erki24nd3ub.exactdn.com\/wp-content\/uploads\/dream\/img\/img_137086_fc842c6c99802d24d7b3b4681d703a02_1.jpg?strip=all\" \/>\n\t<meta property=\"og:image:width\" content=\"590\" \/>\n\t<meta property=\"og:image:height\" content=\"590\" \/>\n\t<meta property=\"og:image:type\" content=\"image\/jpeg\" \/>\n<meta name=\"twitter:card\" content=\"summary_large_image\" \/>\n<meta name=\"twitter:label1\" content=\"Tempo estimado de leitura\" \/>\n\t<meta name=\"twitter:data1\" content=\"2 minutos\" \/>\n<script type=\"application\/ld+json\" class=\"yoast-schema-graph\">{\"@context\":\"https:\\\/\\\/schema.org\",\"@graph\":[{\"@type\":\"WebPage\",\"@id\":\"https:\\\/\\\/lovme.pt\\\/index.php\\\/produto\\\/electrastim-silicone-flexivel-electro-sex-uretal-som-7-mm\\\/\",\"url\":\"https:\\\/\\\/lovme.pt\\\/index.php\\\/produto\\\/electrastim-silicone-flexivel-electro-sex-uretal-som-7-mm\\\/\",\"name\":\"ELECTRASTIM - SILICONE FLEX\u00cdVEL ELECTRO-SEX URETAL SOM 7 MM - Lovme\",\"isPartOf\":{\"@id\":\"https:\\\/\\\/lovme.pt\\\/#website\"},\"primaryImageOfPage\":{\"@id\":\"https:\\\/\\\/lovme.pt\\\/index.php\\\/produto\\\/electrastim-silicone-flexivel-electro-sex-uretal-som-7-mm\\\/#primaryimage\"},\"image\":{\"@id\":\"https:\\\/\\\/lovme.pt\\\/index.php\\\/produto\\\/electrastim-silicone-flexivel-electro-sex-uretal-som-7-mm\\\/#primaryimage\"},\"thumbnailUrl\":\"https:\\\/\\\/erki24nd3ub.exactdn.com\\\/wp-content\\\/uploads\\\/dream\\\/img\\\/img_137086_fc842c6c99802d24d7b3b4681d703a02_1.jpg?strip=all\",\"datePublished\":\"2025-09-30T22:58:11+00:00\",\"dateModified\":\"2026-02-19T20:13:47+00:00\",\"breadcrumb\":{\"@id\":\"https:\\\/\\\/lovme.pt\\\/index.php\\\/produto\\\/electrastim-silicone-flexivel-electro-sex-uretal-som-7-mm\\\/#breadcrumb\"},\"inLanguage\":\"pt-PT\",\"potentialAction\":[{\"@type\":\"ReadAction\",\"target\":[\"https:\\\/\\\/lovme.pt\\\/index.php\\\/produto\\\/electrastim-silicone-flexivel-electro-sex-uretal-som-7-mm\\\/\"]}]},{\"@type\":\"ImageObject\",\"inLanguage\":\"pt-PT\",\"@id\":\"https:\\\/\\\/lovme.pt\\\/index.php\\\/produto\\\/electrastim-silicone-flexivel-electro-sex-uretal-som-7-mm\\\/#primaryimage\",\"url\":\"https:\\\/\\\/erki24nd3ub.exactdn.com\\\/wp-content\\\/uploads\\\/dream\\\/img\\\/img_137086_fc842c6c99802d24d7b3b4681d703a02_1.jpg?strip=all\",\"contentUrl\":\"https:\\\/\\\/erki24nd3ub.exactdn.com\\\/wp-content\\\/uploads\\\/dream\\\/img\\\/img_137086_fc842c6c99802d24d7b3b4681d703a02_1.jpg?strip=all\",\"width\":590,\"height\":590},{\"@type\":\"BreadcrumbList\",\"@id\":\"https:\\\/\\\/lovme.pt\\\/index.php\\\/produto\\\/electrastim-silicone-flexivel-electro-sex-uretal-som-7-mm\\\/#breadcrumb\",\"itemListElement\":[{\"@type\":\"ListItem\",\"position\":1,\"name\":\"In\u00edcio\",\"item\":\"https:\\\/\\\/lovme.pt\\\/\"},{\"@type\":\"ListItem\",\"position\":2,\"name\":\"Loja\",\"item\":\"https:\\\/\\\/lovme.pt\\\/index.php\\\/loja\\\/\"},{\"@type\":\"ListItem\",\"position\":3,\"name\":\"ELECTRASTIM &#8211; SILICONE FLEX\u00cdVEL ELECTRO-SEX URETAL SOM 7 MM\"}]},{\"@type\":\"WebSite\",\"@id\":\"https:\\\/\\\/lovme.pt\\\/#website\",\"url\":\"https:\\\/\\\/lovme.pt\\\/\",\"name\":\"Lovme Loja Er\u00f3tica N\u00ba1 em Portugal\",\"description\":\"A melhor loja er\u00f3tica de Portugal.\",\"alternateName\":\"Loja Er\u00f3tica Lovme\",\"potentialAction\":[{\"@type\":\"SearchAction\",\"target\":{\"@type\":\"EntryPoint\",\"urlTemplate\":\"https:\\\/\\\/lovme.pt\\\/?s={search_term_string}\"},\"query-input\":{\"@type\":\"PropertyValueSpecification\",\"valueRequired\":true,\"valueName\":\"search_term_string\"}}],\"inLanguage\":\"pt-PT\"}]}<\/script>\n<!-- \/ Yoast SEO plugin. -->","yoast_head_json":{"title":"ELECTRASTIM - SILICONE FLEX\u00cdVEL ELECTRO-SEX URETAL SOM 7 MM - Lovme","robots":{"index":"index","follow":"follow","max-snippet":"max-snippet:-1","max-image-preview":"max-image-preview:large","max-video-preview":"max-video-preview:-1"},"canonical":"https:\/\/lovme.pt\/index.php\/produto\/electrastim-silicone-flexivel-electro-sex-uretal-som-7-mm\/","og_locale":"pt_PT","og_type":"article","og_title":"ELECTRASTIM - SILICONE FLEX\u00cdVEL ELECTRO-SEX URETAL SOM 7 MM - Lovme","og_description":"ELECTRASTIM - SILICONE FLEX\u00cdVEL ELECTRO-SEX URETAL SOM 7 MM","og_url":"https:\/\/lovme.pt\/index.php\/produto\/electrastim-silicone-flexivel-electro-sex-uretal-som-7-mm\/","og_site_name":"Lovme","article_modified_time":"2026-02-19T20:13:47+00:00","og_image":[{"width":590,"height":590,"url":"https:\/\/erki24nd3ub.exactdn.com\/wp-content\/uploads\/dream\/img\/img_137086_fc842c6c99802d24d7b3b4681d703a02_1.jpg?strip=all","type":"image\/jpeg"}],"twitter_card":"summary_large_image","twitter_misc":{"Tempo estimado de leitura":"2 minutos"},"schema":{"@context":"https:\/\/schema.org","@graph":[{"@type":"WebPage","@id":"https:\/\/lovme.pt\/index.php\/produto\/electrastim-silicone-flexivel-electro-sex-uretal-som-7-mm\/","url":"https:\/\/lovme.pt\/index.php\/produto\/electrastim-silicone-flexivel-electro-sex-uretal-som-7-mm\/","name":"ELECTRASTIM - SILICONE FLEX\u00cdVEL ELECTRO-SEX URETAL SOM 7 MM - Lovme","isPartOf":{"@id":"https:\/\/lovme.pt\/#website"},"primaryImageOfPage":{"@id":"https:\/\/lovme.pt\/index.php\/produto\/electrastim-silicone-flexivel-electro-sex-uretal-som-7-mm\/#primaryimage"},"image":{"@id":"https:\/\/lovme.pt\/index.php\/produto\/electrastim-silicone-flexivel-electro-sex-uretal-som-7-mm\/#primaryimage"},"thumbnailUrl":"https:\/\/erki24nd3ub.exactdn.com\/wp-content\/uploads\/dream\/img\/img_137086_fc842c6c99802d24d7b3b4681d703a02_1.jpg?strip=all","datePublished":"2025-09-30T22:58:11+00:00","dateModified":"2026-02-19T20:13:47+00:00","breadcrumb":{"@id":"https:\/\/lovme.pt\/index.php\/produto\/electrastim-silicone-flexivel-electro-sex-uretal-som-7-mm\/#breadcrumb"},"inLanguage":"pt-PT","potentialAction":[{"@type":"ReadAction","target":["https:\/\/lovme.pt\/index.php\/produto\/electrastim-silicone-flexivel-electro-sex-uretal-som-7-mm\/"]}]},{"@type":"ImageObject","inLanguage":"pt-PT","@id":"https:\/\/lovme.pt\/index.php\/produto\/electrastim-silicone-flexivel-electro-sex-uretal-som-7-mm\/#primaryimage","url":"https:\/\/erki24nd3ub.exactdn.com\/wp-content\/uploads\/dream\/img\/img_137086_fc842c6c99802d24d7b3b4681d703a02_1.jpg?strip=all","contentUrl":"https:\/\/erki24nd3ub.exactdn.com\/wp-content\/uploads\/dream\/img\/img_137086_fc842c6c99802d24d7b3b4681d703a02_1.jpg?strip=all","width":590,"height":590},{"@type":"BreadcrumbList","@id":"https:\/\/lovme.pt\/index.php\/produto\/electrastim-silicone-flexivel-electro-sex-uretal-som-7-mm\/#breadcrumb","itemListElement":[{"@type":"ListItem","position":1,"name":"In\u00edcio","item":"https:\/\/lovme.pt\/"},{"@type":"ListItem","position":2,"name":"Loja","item":"https:\/\/lovme.pt\/index.php\/loja\/"},{"@type":"ListItem","position":3,"name":"ELECTRASTIM &#8211; SILICONE FLEX\u00cdVEL ELECTRO-SEX URETAL SOM 7 MM"}]},{"@type":"WebSite","@id":"https:\/\/lovme.pt\/#website","url":"https:\/\/lovme.pt\/","name":"Lovme Loja Er\u00f3tica N\u00ba1 em Portugal","description":"A melhor loja er\u00f3tica de Portugal.","alternateName":"Loja Er\u00f3tica Lovme","potentialAction":[{"@type":"SearchAction","target":{"@type":"EntryPoint","urlTemplate":"https:\/\/lovme.pt\/?s={search_term_string}"},"query-input":{"@type":"PropertyValueSpecification","valueRequired":true,"valueName":"search_term_string"}}],"inLanguage":"pt-PT"}]}},"_links":{"self":[{"href":"https:\/\/lovme.pt\/index.php\/wp-json\/wp\/v2\/product\/41440","targetHints":{"allow":["GET"]}}],"collection":[{"href":"https:\/\/lovme.pt\/index.php\/wp-json\/wp\/v2\/product"}],"about":[{"href":"https:\/\/lovme.pt\/index.php\/wp-json\/wp\/v2\/types\/product"}],"wp:featuredmedia":[{"embeddable":true,"href":"https:\/\/lovme.pt\/index.php\/wp-json\/wp\/v2\/media\/82547"}],"wp:attachment":[{"href":"https:\/\/lovme.pt\/index.php\/wp-json\/wp\/v2\/media?parent=41440"}],"wp:term":[{"taxonomy":"product_brand","embeddable":true,"href":"https:\/\/lovme.pt\/index.php\/wp-json\/wp\/v2\/product_brand?post=41440"},{"taxonomy":"product_cat","embeddable":true,"href":"https:\/\/lovme.pt\/index.php\/wp-json\/wp\/v2\/product_cat?post=41440"},{"taxonomy":"product_tag","embeddable":true,"href":"https:\/\/lovme.pt\/index.php\/wp-json\/wp\/v2\/product_tag?post=41440"}],"curies":[{"name":"wp","href":"https:\/\/api.w.org\/{rel}","templated":true}]}}