{"id":41425,"date":"2025-09-30T09:34:37","date_gmt":"2025-09-30T09:34:37","guid":{"rendered":"https:\/\/lovme.pt\/?post_type=product&p=41425"},"modified":"2026-05-13T16:03:54","modified_gmt":"2026-05-13T16:03:54","slug":"toyjoy-kit-coelho-imperial-roxo","status":"publish","type":"product","link":"https:\/\/lovme.pt\/index.php\/produto\/toyjoy-kit-coelho-imperial-roxo\/","title":{"rendered":"TOYJOY &#8211; KIT COELHO IMPERIAL ROXO"},"content":{"rendered":"<p>O Kit Coelho Imperial oferece 7 brinquedos emocionantes que garantem uma noite de prazer bem expl\u00edcita! O conjunto tem tema roxo e prata e vem em uma embalagem glamorosa. Cont\u00e9m um vibrador cromado, uma manga flex\u00edvel, uma manga com estimulador de clit\u00f3ris de coelho, um vibrador, um anel peniano com n\u00f3dulos estimulantes, contas anais e um conjunto de bolas de amor. Pilhas: 2 C (n\u00e3o inclu\u00eddas). Feito de pl\u00e1stico ABS, PVC livre de ftalatos e TPE.<\/p>\n<p>Inclui:<\/p>\n<ul>\n<li>Bolas de vinil chinesas.<\/li>\n<li>Anel retardador.<\/li>\n<li>Bainha para o p\u00eanis.<\/li>\n<li>Contas anais.<\/li>\n<li>Vibrador.<\/li>\n<li>Vibrador cl\u00e1ssico.<\/li>\n<li>Vibrador com coelho desenfreado.<\/li>\n<\/ul>\n<p>TOYJOY \u00e9 a marca com tudo inclu\u00eddo em novidades para adultos e cuidados \u00edntimos. Oferece uma combina\u00e7\u00e3o perfeita para todas as prefer\u00eancias e atende a todos os n\u00edveis de entrada; de iniciantes a especialistas. Existem mais de uma d\u00fazia de cole\u00e7\u00f5es TOYJOY diferentes, cada uma projetada para atender a um tipo diferente de consumidor. Se voc\u00ea \u00e9 novo em brinquedos para adultos e procura vibra\u00e7\u00f5es f\u00e1ceis de usar e econ\u00f4micas: TOYJOY Basics \u00e9 a combina\u00e7\u00e3o perfeita. Voc\u00ea gosta de vibradores estilo coelhinho mais safados e com fun\u00e7\u00f5es vers\u00e1teis? Os coelhinhos TOYJOY v\u00e3o fazer voc\u00ea pular de prazer! Designs luxuosos e premium s\u00e3o encontrados no TOYJOY Designer Edition. LADOU by TOYJOY \u00e9 para a mulher moderna do s\u00e9culo 21 que deseja desfrutar de vibra\u00e7\u00f5es lindas e femininas. Os amantes do verdadeiro prazer encontrar\u00e3o seu produto indispens\u00e1vel na linha Get Real by TOYJOY de vibradores e dongs realistas. A Drogaria TOYJOY apresenta lubrificantes acess\u00edveis e de longa dura\u00e7\u00e3o&#8230; A lista \u00e9 infinita! Cada cole\u00e7\u00e3o segue um alto padr\u00e3o de qualidade e oferece op\u00e7\u00f5es fant\u00e1sticas com uma boa rela\u00e7\u00e3o custo-benef\u00edcio para cada tipo de cen\u00e1rio er\u00f3tico. Descubra o seu parceiro na incr\u00edvel sele\u00e7\u00e3o TOYJOY e experimente a intimidade com esta marca prazerosa, l\u00fadica e premium em novidades para adultos e cuidados \u00edntimos!<\/p>\n","protected":false},"excerpt":{"rendered":"<p>TOYJOY &#8211; KIT COELHO IMPERIAL ROXO<\/p>\n","protected":false},"featured_media":53814,"template":"","meta":{"_acf_changed":false},"product_brand":[],"product_cat":[17,65,63],"product_tag":[],"class_list":{"0":"post-41425","1":"product","2":"type-product","3":"status-publish","4":"has-post-thumbnail","6":"product_cat-brinquedos-de-bem-estar-sexual","7":"product_cat-kits","8":"product_cat-sexo-anal","9":"yith_product_brand-toyjoy","11":"first","12":"outofstock","13":"taxable","14":"shipping-taxable","15":"purchasable","16":"product-type-simple"},"acf":[],"yoast_head":"<!-- This site is optimized with the Yoast SEO plugin v27.4 - https:\/\/yoast.com\/product\/yoast-seo-wordpress\/ -->\n<title>TOYJOY - KIT COELHO IMPERIAL ROXO - Lovme<\/title>\n<meta name=\"robots\" content=\"index, follow, max-snippet:-1, max-image-preview:large, max-video-preview:-1\" \/>\n<link rel=\"canonical\" href=\"https:\/\/lovme.pt\/index.php\/produto\/toyjoy-kit-coelho-imperial-roxo\/\" \/>\n<meta property=\"og:locale\" content=\"pt_PT\" \/>\n<meta property=\"og:type\" content=\"article\" \/>\n<meta property=\"og:title\" content=\"TOYJOY - KIT COELHO IMPERIAL ROXO - Lovme\" \/>\n<meta property=\"og:description\" content=\"TOYJOY - KIT COELHO IMPERIAL ROXO\" \/>\n<meta property=\"og:url\" content=\"https:\/\/lovme.pt\/index.php\/produto\/toyjoy-kit-coelho-imperial-roxo\/\" \/>\n<meta property=\"og:site_name\" content=\"Lovme\" \/>\n<meta property=\"article:modified_time\" content=\"2026-05-13T16:03:54+00:00\" \/>\n<meta property=\"og:image\" content=\"https:\/\/erki24nd3ub.exactdn.com\/wp-content\/uploads\/dream\/img\/img_135119_96e1a08e9d4e2e09820a7e0e1c886e00_1.jpg?strip=all\" \/>\n\t<meta property=\"og:image:width\" content=\"800\" \/>\n\t<meta property=\"og:image:height\" content=\"800\" \/>\n\t<meta property=\"og:image:type\" content=\"image\/jpeg\" \/>\n<meta name=\"twitter:card\" content=\"summary_large_image\" \/>\n<meta name=\"twitter:label1\" content=\"Tempo estimado de leitura\" \/>\n\t<meta name=\"twitter:data1\" content=\"2 minutos\" \/>\n<script type=\"application\/ld+json\" class=\"yoast-schema-graph\">{\"@context\":\"https:\\\/\\\/schema.org\",\"@graph\":[{\"@type\":\"WebPage\",\"@id\":\"https:\\\/\\\/lovme.pt\\\/index.php\\\/produto\\\/toyjoy-kit-coelho-imperial-roxo\\\/\",\"url\":\"https:\\\/\\\/lovme.pt\\\/index.php\\\/produto\\\/toyjoy-kit-coelho-imperial-roxo\\\/\",\"name\":\"TOYJOY - KIT COELHO IMPERIAL ROXO - Lovme\",\"isPartOf\":{\"@id\":\"https:\\\/\\\/lovme.pt\\\/#website\"},\"primaryImageOfPage\":{\"@id\":\"https:\\\/\\\/lovme.pt\\\/index.php\\\/produto\\\/toyjoy-kit-coelho-imperial-roxo\\\/#primaryimage\"},\"image\":{\"@id\":\"https:\\\/\\\/lovme.pt\\\/index.php\\\/produto\\\/toyjoy-kit-coelho-imperial-roxo\\\/#primaryimage\"},\"thumbnailUrl\":\"https:\\\/\\\/erki24nd3ub.exactdn.com\\\/wp-content\\\/uploads\\\/dream\\\/img\\\/img_135119_96e1a08e9d4e2e09820a7e0e1c886e00_1.jpg?strip=all\",\"datePublished\":\"2025-09-30T09:34:37+00:00\",\"dateModified\":\"2026-05-13T16:03:54+00:00\",\"breadcrumb\":{\"@id\":\"https:\\\/\\\/lovme.pt\\\/index.php\\\/produto\\\/toyjoy-kit-coelho-imperial-roxo\\\/#breadcrumb\"},\"inLanguage\":\"pt-PT\",\"potentialAction\":[{\"@type\":\"ReadAction\",\"target\":[\"https:\\\/\\\/lovme.pt\\\/index.php\\\/produto\\\/toyjoy-kit-coelho-imperial-roxo\\\/\"]}]},{\"@type\":\"ImageObject\",\"inLanguage\":\"pt-PT\",\"@id\":\"https:\\\/\\\/lovme.pt\\\/index.php\\\/produto\\\/toyjoy-kit-coelho-imperial-roxo\\\/#primaryimage\",\"url\":\"https:\\\/\\\/erki24nd3ub.exactdn.com\\\/wp-content\\\/uploads\\\/dream\\\/img\\\/img_135119_96e1a08e9d4e2e09820a7e0e1c886e00_1.jpg?strip=all\",\"contentUrl\":\"https:\\\/\\\/erki24nd3ub.exactdn.com\\\/wp-content\\\/uploads\\\/dream\\\/img\\\/img_135119_96e1a08e9d4e2e09820a7e0e1c886e00_1.jpg?strip=all\",\"width\":800,\"height\":800},{\"@type\":\"BreadcrumbList\",\"@id\":\"https:\\\/\\\/lovme.pt\\\/index.php\\\/produto\\\/toyjoy-kit-coelho-imperial-roxo\\\/#breadcrumb\",\"itemListElement\":[{\"@type\":\"ListItem\",\"position\":1,\"name\":\"In\u00edcio\",\"item\":\"https:\\\/\\\/lovme.pt\\\/\"},{\"@type\":\"ListItem\",\"position\":2,\"name\":\"Loja\",\"item\":\"https:\\\/\\\/lovme.pt\\\/index.php\\\/loja\\\/\"},{\"@type\":\"ListItem\",\"position\":3,\"name\":\"TOYJOY &#8211; KIT COELHO IMPERIAL ROXO\"}]},{\"@type\":\"WebSite\",\"@id\":\"https:\\\/\\\/lovme.pt\\\/#website\",\"url\":\"https:\\\/\\\/lovme.pt\\\/\",\"name\":\"Lovme Loja Er\u00f3tica N\u00ba1 em Portugal\",\"description\":\"A melhor loja er\u00f3tica de Portugal.\",\"alternateName\":\"Loja Er\u00f3tica Lovme\",\"potentialAction\":[{\"@type\":\"SearchAction\",\"target\":{\"@type\":\"EntryPoint\",\"urlTemplate\":\"https:\\\/\\\/lovme.pt\\\/?s={search_term_string}\"},\"query-input\":{\"@type\":\"PropertyValueSpecification\",\"valueRequired\":true,\"valueName\":\"search_term_string\"}}],\"inLanguage\":\"pt-PT\"}]}<\/script>\n<!-- \/ Yoast SEO plugin. -->","yoast_head_json":{"title":"TOYJOY - KIT COELHO IMPERIAL ROXO - Lovme","robots":{"index":"index","follow":"follow","max-snippet":"max-snippet:-1","max-image-preview":"max-image-preview:large","max-video-preview":"max-video-preview:-1"},"canonical":"https:\/\/lovme.pt\/index.php\/produto\/toyjoy-kit-coelho-imperial-roxo\/","og_locale":"pt_PT","og_type":"article","og_title":"TOYJOY - KIT COELHO IMPERIAL ROXO - Lovme","og_description":"TOYJOY - KIT COELHO IMPERIAL ROXO","og_url":"https:\/\/lovme.pt\/index.php\/produto\/toyjoy-kit-coelho-imperial-roxo\/","og_site_name":"Lovme","article_modified_time":"2026-05-13T16:03:54+00:00","og_image":[{"width":800,"height":800,"url":"https:\/\/erki24nd3ub.exactdn.com\/wp-content\/uploads\/dream\/img\/img_135119_96e1a08e9d4e2e09820a7e0e1c886e00_1.jpg?strip=all","type":"image\/jpeg"}],"twitter_card":"summary_large_image","twitter_misc":{"Tempo estimado de leitura":"2 minutos"},"schema":{"@context":"https:\/\/schema.org","@graph":[{"@type":"WebPage","@id":"https:\/\/lovme.pt\/index.php\/produto\/toyjoy-kit-coelho-imperial-roxo\/","url":"https:\/\/lovme.pt\/index.php\/produto\/toyjoy-kit-coelho-imperial-roxo\/","name":"TOYJOY - KIT COELHO IMPERIAL ROXO - Lovme","isPartOf":{"@id":"https:\/\/lovme.pt\/#website"},"primaryImageOfPage":{"@id":"https:\/\/lovme.pt\/index.php\/produto\/toyjoy-kit-coelho-imperial-roxo\/#primaryimage"},"image":{"@id":"https:\/\/lovme.pt\/index.php\/produto\/toyjoy-kit-coelho-imperial-roxo\/#primaryimage"},"thumbnailUrl":"https:\/\/erki24nd3ub.exactdn.com\/wp-content\/uploads\/dream\/img\/img_135119_96e1a08e9d4e2e09820a7e0e1c886e00_1.jpg?strip=all","datePublished":"2025-09-30T09:34:37+00:00","dateModified":"2026-05-13T16:03:54+00:00","breadcrumb":{"@id":"https:\/\/lovme.pt\/index.php\/produto\/toyjoy-kit-coelho-imperial-roxo\/#breadcrumb"},"inLanguage":"pt-PT","potentialAction":[{"@type":"ReadAction","target":["https:\/\/lovme.pt\/index.php\/produto\/toyjoy-kit-coelho-imperial-roxo\/"]}]},{"@type":"ImageObject","inLanguage":"pt-PT","@id":"https:\/\/lovme.pt\/index.php\/produto\/toyjoy-kit-coelho-imperial-roxo\/#primaryimage","url":"https:\/\/erki24nd3ub.exactdn.com\/wp-content\/uploads\/dream\/img\/img_135119_96e1a08e9d4e2e09820a7e0e1c886e00_1.jpg?strip=all","contentUrl":"https:\/\/erki24nd3ub.exactdn.com\/wp-content\/uploads\/dream\/img\/img_135119_96e1a08e9d4e2e09820a7e0e1c886e00_1.jpg?strip=all","width":800,"height":800},{"@type":"BreadcrumbList","@id":"https:\/\/lovme.pt\/index.php\/produto\/toyjoy-kit-coelho-imperial-roxo\/#breadcrumb","itemListElement":[{"@type":"ListItem","position":1,"name":"In\u00edcio","item":"https:\/\/lovme.pt\/"},{"@type":"ListItem","position":2,"name":"Loja","item":"https:\/\/lovme.pt\/index.php\/loja\/"},{"@type":"ListItem","position":3,"name":"TOYJOY &#8211; KIT COELHO IMPERIAL ROXO"}]},{"@type":"WebSite","@id":"https:\/\/lovme.pt\/#website","url":"https:\/\/lovme.pt\/","name":"Lovme Loja Er\u00f3tica N\u00ba1 em Portugal","description":"A melhor loja er\u00f3tica de Portugal.","alternateName":"Loja Er\u00f3tica Lovme","potentialAction":[{"@type":"SearchAction","target":{"@type":"EntryPoint","urlTemplate":"https:\/\/lovme.pt\/?s={search_term_string}"},"query-input":{"@type":"PropertyValueSpecification","valueRequired":true,"valueName":"search_term_string"}}],"inLanguage":"pt-PT"}]}},"_links":{"self":[{"href":"https:\/\/lovme.pt\/index.php\/wp-json\/wp\/v2\/product\/41425","targetHints":{"allow":["GET"]}}],"collection":[{"href":"https:\/\/lovme.pt\/index.php\/wp-json\/wp\/v2\/product"}],"about":[{"href":"https:\/\/lovme.pt\/index.php\/wp-json\/wp\/v2\/types\/product"}],"wp:featuredmedia":[{"embeddable":true,"href":"https:\/\/lovme.pt\/index.php\/wp-json\/wp\/v2\/media\/53814"}],"wp:attachment":[{"href":"https:\/\/lovme.pt\/index.php\/wp-json\/wp\/v2\/media?parent=41425"}],"wp:term":[{"taxonomy":"product_brand","embeddable":true,"href":"https:\/\/lovme.pt\/index.php\/wp-json\/wp\/v2\/product_brand?post=41425"},{"taxonomy":"product_cat","embeddable":true,"href":"https:\/\/lovme.pt\/index.php\/wp-json\/wp\/v2\/product_cat?post=41425"},{"taxonomy":"product_tag","embeddable":true,"href":"https:\/\/lovme.pt\/index.php\/wp-json\/wp\/v2\/product_tag?post=41425"}],"curies":[{"name":"wp","href":"https:\/\/api.w.org\/{rel}","templated":true}]}}