{"id":41389,"date":"2025-09-30T09:55:46","date_gmt":"2025-09-30T09:55:46","guid":{"rendered":"https:\/\/lovme.pt\/?post_type=product&p=41389"},"modified":"2026-02-19T20:06:01","modified_gmt":"2026-02-19T20:06:01","slug":"baile-arnes-de-ultra-passionate-24-cm-natural","status":"publish","type":"product","link":"https:\/\/lovme.pt\/index.php\/produto\/baile-arnes-de-ultra-passionate-24-cm-natural\/","title":{"rendered":"BAILE &#8211; ARN\u00caS DE ULTRA PASSIONATE 24 CM NATURAL"},"content":{"rendered":"<p style=\"line-height: 20.8px;\">Arn\u00eas com vibrador com materiais macios e realistas, perfeito para uma penetra\u00e7\u00e3o suave e satisfat\u00f3ria. O arn\u00eas \u00e9 ajust\u00e1vel e el\u00e1stico, o vibrador \u00e9 flex\u00edvel e macio, perfeito para penetra\u00e7\u00e3o anal ou vaginal. Possui uma fun\u00e7\u00e3o de vibra\u00e7\u00e3o e um controle remoto com fio que voc\u00ea pode ancorar no arn\u00eas para poder colocar as m\u00e3os em outras coisas.<\/p>\n<p> <strong>Caracter\u00edsticas:<\/strong><\/p>\n<ul style=\"line-height: 20.8px;\">\n<li style=\"box-sizing: border-box;\"> Arn\u00eas ajust\u00e1vel e el\u00e1stico<\/li>\n<li style=\"box-sizing: border-box;\"> Vibrador com vibra\u00e7\u00e3o inclu\u00edda<\/li>\n<li style=\"box-sizing: border-box;\"> Vibrador flex\u00edvel retr\u00e1til<\/li>\n<li style=\"box-sizing: border-box;\"> Flex\u00edvel<\/li>\n<li style=\"box-sizing: border-box;\"> Capa de chuva<\/li>\n<li style=\"box-sizing: border-box;\"> silicone macio<\/li>\n<li style=\"box-sizing: border-box;\"> 2 pilhas AA<\/li>\n<li style=\"box-sizing: border-box;\"> Medidas: 24 cm x 18 cm x 5 cm<\/li>\n<\/ul>\n<p style=\"line-height: 20.8px;\"> Cor natural<\/p>\n<p style=\"line-height: 20.8px;\"> Viva novas experi\u00eancias!!!<\/p>\n","protected":false},"excerpt":{"rendered":"<p>BAILE &#8211; ARN\u00caS DE ULTRA PASSIONATE 24 CM NATURAL<\/p>\n","protected":false},"featured_media":59469,"template":"","meta":{"_acf_changed":false},"product_brand":[],"product_cat":[17,56],"product_tag":[],"class_list":{"0":"post-41389","1":"product","2":"type-product","3":"status-publish","4":"has-post-thumbnail","6":"product_cat-brinquedos-de-bem-estar-sexual","7":"product_cat-dildos-e-arneses","8":"yith_product_brand-baile","9":"yith_product_brand-bailebaile-harness-collection","11":"first","12":"instock","13":"taxable","14":"shipping-taxable","15":"purchasable","16":"product-type-simple"},"acf":[],"yoast_head":"<!-- This site is optimized with the Yoast SEO plugin v27.4 - https:\/\/yoast.com\/product\/yoast-seo-wordpress\/ -->\n<title>BAILE - ARN\u00caS DE ULTRA PASSIONATE 24 CM NATURAL - Lovme<\/title>\n<meta name=\"robots\" content=\"index, follow, max-snippet:-1, max-image-preview:large, max-video-preview:-1\" \/>\n<link rel=\"canonical\" href=\"https:\/\/lovme.pt\/index.php\/produto\/baile-arnes-de-ultra-passionate-24-cm-natural\/\" \/>\n<meta property=\"og:locale\" content=\"pt_PT\" \/>\n<meta property=\"og:type\" content=\"article\" \/>\n<meta property=\"og:title\" content=\"BAILE - ARN\u00caS DE ULTRA PASSIONATE 24 CM NATURAL - Lovme\" \/>\n<meta property=\"og:description\" content=\"BAILE - ARN\u00caS DE ULTRA PASSIONATE 24 CM NATURAL\" \/>\n<meta property=\"og:url\" content=\"https:\/\/lovme.pt\/index.php\/produto\/baile-arnes-de-ultra-passionate-24-cm-natural\/\" \/>\n<meta property=\"og:site_name\" content=\"Lovme\" \/>\n<meta property=\"article:modified_time\" content=\"2026-02-19T20:06:01+00:00\" \/>\n<meta property=\"og:image\" content=\"https:\/\/erki24nd3ub.exactdn.com\/wp-content\/uploads\/dream\/img\/img_133772_5121fdd3d381a7b8df3cc3652c29b7cf_1.jpg?strip=all\" \/>\n\t<meta property=\"og:image:width\" content=\"800\" \/>\n\t<meta property=\"og:image:height\" content=\"800\" \/>\n\t<meta property=\"og:image:type\" content=\"image\/jpeg\" \/>\n<meta name=\"twitter:card\" content=\"summary_large_image\" \/>\n<meta name=\"twitter:label1\" content=\"Tempo estimado de leitura\" \/>\n\t<meta name=\"twitter:data1\" content=\"1 minuto\" \/>\n<script type=\"application\/ld+json\" class=\"yoast-schema-graph\">{\"@context\":\"https:\\\/\\\/schema.org\",\"@graph\":[{\"@type\":\"WebPage\",\"@id\":\"https:\\\/\\\/lovme.pt\\\/index.php\\\/produto\\\/baile-arnes-de-ultra-passionate-24-cm-natural\\\/\",\"url\":\"https:\\\/\\\/lovme.pt\\\/index.php\\\/produto\\\/baile-arnes-de-ultra-passionate-24-cm-natural\\\/\",\"name\":\"BAILE - ARN\u00caS DE ULTRA PASSIONATE 24 CM NATURAL - Lovme\",\"isPartOf\":{\"@id\":\"https:\\\/\\\/lovme.pt\\\/#website\"},\"primaryImageOfPage\":{\"@id\":\"https:\\\/\\\/lovme.pt\\\/index.php\\\/produto\\\/baile-arnes-de-ultra-passionate-24-cm-natural\\\/#primaryimage\"},\"image\":{\"@id\":\"https:\\\/\\\/lovme.pt\\\/index.php\\\/produto\\\/baile-arnes-de-ultra-passionate-24-cm-natural\\\/#primaryimage\"},\"thumbnailUrl\":\"https:\\\/\\\/erki24nd3ub.exactdn.com\\\/wp-content\\\/uploads\\\/dream\\\/img\\\/img_133772_5121fdd3d381a7b8df3cc3652c29b7cf_1.jpg?strip=all\",\"datePublished\":\"2025-09-30T09:55:46+00:00\",\"dateModified\":\"2026-02-19T20:06:01+00:00\",\"breadcrumb\":{\"@id\":\"https:\\\/\\\/lovme.pt\\\/index.php\\\/produto\\\/baile-arnes-de-ultra-passionate-24-cm-natural\\\/#breadcrumb\"},\"inLanguage\":\"pt-PT\",\"potentialAction\":[{\"@type\":\"ReadAction\",\"target\":[\"https:\\\/\\\/lovme.pt\\\/index.php\\\/produto\\\/baile-arnes-de-ultra-passionate-24-cm-natural\\\/\"]}]},{\"@type\":\"ImageObject\",\"inLanguage\":\"pt-PT\",\"@id\":\"https:\\\/\\\/lovme.pt\\\/index.php\\\/produto\\\/baile-arnes-de-ultra-passionate-24-cm-natural\\\/#primaryimage\",\"url\":\"https:\\\/\\\/erki24nd3ub.exactdn.com\\\/wp-content\\\/uploads\\\/dream\\\/img\\\/img_133772_5121fdd3d381a7b8df3cc3652c29b7cf_1.jpg?strip=all\",\"contentUrl\":\"https:\\\/\\\/erki24nd3ub.exactdn.com\\\/wp-content\\\/uploads\\\/dream\\\/img\\\/img_133772_5121fdd3d381a7b8df3cc3652c29b7cf_1.jpg?strip=all\",\"width\":800,\"height\":800},{\"@type\":\"BreadcrumbList\",\"@id\":\"https:\\\/\\\/lovme.pt\\\/index.php\\\/produto\\\/baile-arnes-de-ultra-passionate-24-cm-natural\\\/#breadcrumb\",\"itemListElement\":[{\"@type\":\"ListItem\",\"position\":1,\"name\":\"In\u00edcio\",\"item\":\"https:\\\/\\\/lovme.pt\\\/\"},{\"@type\":\"ListItem\",\"position\":2,\"name\":\"Loja\",\"item\":\"https:\\\/\\\/lovme.pt\\\/index.php\\\/loja\\\/\"},{\"@type\":\"ListItem\",\"position\":3,\"name\":\"BAILE &#8211; ARN\u00caS DE ULTRA PASSIONATE 24 CM NATURAL\"}]},{\"@type\":\"WebSite\",\"@id\":\"https:\\\/\\\/lovme.pt\\\/#website\",\"url\":\"https:\\\/\\\/lovme.pt\\\/\",\"name\":\"Lovme Loja Er\u00f3tica N\u00ba1 em Portugal\",\"description\":\"A melhor loja er\u00f3tica de Portugal.\",\"alternateName\":\"Loja Er\u00f3tica Lovme\",\"potentialAction\":[{\"@type\":\"SearchAction\",\"target\":{\"@type\":\"EntryPoint\",\"urlTemplate\":\"https:\\\/\\\/lovme.pt\\\/?s={search_term_string}\"},\"query-input\":{\"@type\":\"PropertyValueSpecification\",\"valueRequired\":true,\"valueName\":\"search_term_string\"}}],\"inLanguage\":\"pt-PT\"}]}<\/script>\n<!-- \/ Yoast SEO plugin. -->","yoast_head_json":{"title":"BAILE - ARN\u00caS DE ULTRA PASSIONATE 24 CM NATURAL - Lovme","robots":{"index":"index","follow":"follow","max-snippet":"max-snippet:-1","max-image-preview":"max-image-preview:large","max-video-preview":"max-video-preview:-1"},"canonical":"https:\/\/lovme.pt\/index.php\/produto\/baile-arnes-de-ultra-passionate-24-cm-natural\/","og_locale":"pt_PT","og_type":"article","og_title":"BAILE - ARN\u00caS DE ULTRA PASSIONATE 24 CM NATURAL - Lovme","og_description":"BAILE - ARN\u00caS DE ULTRA PASSIONATE 24 CM NATURAL","og_url":"https:\/\/lovme.pt\/index.php\/produto\/baile-arnes-de-ultra-passionate-24-cm-natural\/","og_site_name":"Lovme","article_modified_time":"2026-02-19T20:06:01+00:00","og_image":[{"width":800,"height":800,"url":"https:\/\/erki24nd3ub.exactdn.com\/wp-content\/uploads\/dream\/img\/img_133772_5121fdd3d381a7b8df3cc3652c29b7cf_1.jpg?strip=all","type":"image\/jpeg"}],"twitter_card":"summary_large_image","twitter_misc":{"Tempo estimado de leitura":"1 minuto"},"schema":{"@context":"https:\/\/schema.org","@graph":[{"@type":"WebPage","@id":"https:\/\/lovme.pt\/index.php\/produto\/baile-arnes-de-ultra-passionate-24-cm-natural\/","url":"https:\/\/lovme.pt\/index.php\/produto\/baile-arnes-de-ultra-passionate-24-cm-natural\/","name":"BAILE - ARN\u00caS DE ULTRA PASSIONATE 24 CM NATURAL - Lovme","isPartOf":{"@id":"https:\/\/lovme.pt\/#website"},"primaryImageOfPage":{"@id":"https:\/\/lovme.pt\/index.php\/produto\/baile-arnes-de-ultra-passionate-24-cm-natural\/#primaryimage"},"image":{"@id":"https:\/\/lovme.pt\/index.php\/produto\/baile-arnes-de-ultra-passionate-24-cm-natural\/#primaryimage"},"thumbnailUrl":"https:\/\/erki24nd3ub.exactdn.com\/wp-content\/uploads\/dream\/img\/img_133772_5121fdd3d381a7b8df3cc3652c29b7cf_1.jpg?strip=all","datePublished":"2025-09-30T09:55:46+00:00","dateModified":"2026-02-19T20:06:01+00:00","breadcrumb":{"@id":"https:\/\/lovme.pt\/index.php\/produto\/baile-arnes-de-ultra-passionate-24-cm-natural\/#breadcrumb"},"inLanguage":"pt-PT","potentialAction":[{"@type":"ReadAction","target":["https:\/\/lovme.pt\/index.php\/produto\/baile-arnes-de-ultra-passionate-24-cm-natural\/"]}]},{"@type":"ImageObject","inLanguage":"pt-PT","@id":"https:\/\/lovme.pt\/index.php\/produto\/baile-arnes-de-ultra-passionate-24-cm-natural\/#primaryimage","url":"https:\/\/erki24nd3ub.exactdn.com\/wp-content\/uploads\/dream\/img\/img_133772_5121fdd3d381a7b8df3cc3652c29b7cf_1.jpg?strip=all","contentUrl":"https:\/\/erki24nd3ub.exactdn.com\/wp-content\/uploads\/dream\/img\/img_133772_5121fdd3d381a7b8df3cc3652c29b7cf_1.jpg?strip=all","width":800,"height":800},{"@type":"BreadcrumbList","@id":"https:\/\/lovme.pt\/index.php\/produto\/baile-arnes-de-ultra-passionate-24-cm-natural\/#breadcrumb","itemListElement":[{"@type":"ListItem","position":1,"name":"In\u00edcio","item":"https:\/\/lovme.pt\/"},{"@type":"ListItem","position":2,"name":"Loja","item":"https:\/\/lovme.pt\/index.php\/loja\/"},{"@type":"ListItem","position":3,"name":"BAILE &#8211; ARN\u00caS DE ULTRA PASSIONATE 24 CM NATURAL"}]},{"@type":"WebSite","@id":"https:\/\/lovme.pt\/#website","url":"https:\/\/lovme.pt\/","name":"Lovme Loja Er\u00f3tica N\u00ba1 em Portugal","description":"A melhor loja er\u00f3tica de Portugal.","alternateName":"Loja Er\u00f3tica Lovme","potentialAction":[{"@type":"SearchAction","target":{"@type":"EntryPoint","urlTemplate":"https:\/\/lovme.pt\/?s={search_term_string}"},"query-input":{"@type":"PropertyValueSpecification","valueRequired":true,"valueName":"search_term_string"}}],"inLanguage":"pt-PT"}]}},"_links":{"self":[{"href":"https:\/\/lovme.pt\/index.php\/wp-json\/wp\/v2\/product\/41389","targetHints":{"allow":["GET"]}}],"collection":[{"href":"https:\/\/lovme.pt\/index.php\/wp-json\/wp\/v2\/product"}],"about":[{"href":"https:\/\/lovme.pt\/index.php\/wp-json\/wp\/v2\/types\/product"}],"wp:featuredmedia":[{"embeddable":true,"href":"https:\/\/lovme.pt\/index.php\/wp-json\/wp\/v2\/media\/59469"}],"wp:attachment":[{"href":"https:\/\/lovme.pt\/index.php\/wp-json\/wp\/v2\/media?parent=41389"}],"wp:term":[{"taxonomy":"product_brand","embeddable":true,"href":"https:\/\/lovme.pt\/index.php\/wp-json\/wp\/v2\/product_brand?post=41389"},{"taxonomy":"product_cat","embeddable":true,"href":"https:\/\/lovme.pt\/index.php\/wp-json\/wp\/v2\/product_cat?post=41389"},{"taxonomy":"product_tag","embeddable":true,"href":"https:\/\/lovme.pt\/index.php\/wp-json\/wp\/v2\/product_tag?post=41389"}],"curies":[{"name":"wp","href":"https:\/\/api.w.org\/{rel}","templated":true}]}}