{"id":41387,"date":"2025-10-01T02:17:39","date_gmt":"2025-10-01T02:17:39","guid":{"rendered":"https:\/\/lovme.pt\/?post_type=product&#038;p=41387"},"modified":"2026-02-19T20:19:00","modified_gmt":"2026-02-19T20:19:00","slug":"pretty-love-masturbador-masculino-vibrante-sienna-voz-e-ondas-estimulantes","status":"publish","type":"product","link":"https:\/\/lovme.pt\/index.php\/produto\/pretty-love-masturbador-masculino-vibrante-sienna-voz-e-ondas-estimulantes\/","title":{"rendered":"PRETTY LOVE &#8211; MASTURBADOR MASCULINO VIBRANTE SIENNA COM VOZ E SUC\u00c7\u00c3O"},"content":{"rendered":"<p>Experimente o cl\u00edmax absoluto com este masturbador vibrat\u00f3rio com fun\u00e7\u00e3o de suc\u00e7\u00e3o, aquecimento e conversa sexual. Seu interior sedoso aquece at\u00e9 uma temperatura natural, enquanto o motor potente oferece 7 padr\u00f5es de lambidas e 12 n\u00edveis de intensidade de vibra\u00e7\u00e3o. O exterior \u00e9 f\u00e1cil de segurar para que voc\u00ea possa encontrar a posi\u00e7\u00e3o perfeita para um cl\u00edmax inesquec\u00edvel.<\/p>\n<p> <strong>Caracter\u00edsticas:<\/strong> <\/p>\n<ul>\n<li style=\"box-sizing: border-box; transition: all 300ms ease 0s; position: relative; line-height: 20px;\"> 12 fun\u00e7\u00f5es de vibra\u00e7\u00e3o <\/li>\n<li style=\"box-sizing: border-box; transition: all 300ms ease 0s; position: relative; line-height: 20px;\"> Fun\u00e7\u00e3o de conversa sobre sexo <\/li>\n<li style=\"box-sizing: border-box; transition: all 300ms ease 0s; position: relative; line-height: 20px;\"> 3 fun\u00e7\u00f5es de suc\u00e7\u00e3o <\/li>\n<li style=\"box-sizing: border-box; transition: all 300ms ease 0s; position: relative; line-height: 20px;\"> Fun\u00e7\u00e3o de mem\u00f3ria <\/li>\n<li style=\"box-sizing: border-box; transition: all 300ms ease 0s; position: relative; line-height: 20px;\"> Recarreg\u00e1vel USB <\/li>\n<li style=\"box-sizing: border-box; transition: all 300ms ease 0s; position: relative; line-height: 20px;\"> TPE + ABS <\/li>\n<li style=\"box-sizing: border-box; transition: all 300ms ease 0s; position: relative; line-height: 20px;\"> Fones de ouvido inclu\u00eddos<\/li>\n<\/ul>\n<p> A Pretty Love fabrica produtos de alta qualidade. Eles contam com garantia de um ano contra defeitos t\u00e9cnicos.<\/p>\n","protected":false},"excerpt":{"rendered":"<p>PRETTY LOVE &#8211; MASTURBADOR MASCULINO VIBRANTE SIENNA COM VOZ E SUC\u00c7\u00c3O<\/p>\n","protected":false},"featured_media":95993,"template":"","meta":{"_acf_changed":false},"product_brand":[],"product_cat":[17,58,60,63],"product_tag":[],"class_list":{"0":"post-41387","1":"product","2":"type-product","3":"status-publish","4":"has-post-thumbnail","6":"product_cat-brinquedos-de-bem-estar-sexual","7":"product_cat-masturbadores-para-penis","8":"product_cat-para-eles","9":"product_cat-sexo-anal","10":"yith_product_brand-pretty-love","11":"yith_product_brand-pretty-lovepretty-love-male","13":"first","14":"instock","15":"taxable","16":"shipping-taxable","17":"purchasable","18":"product-type-simple"},"acf":[],"yoast_head":"<!-- This site is optimized with the Yoast SEO plugin v27.4 - https:\/\/yoast.com\/product\/yoast-seo-wordpress\/ -->\n<title>PRETTY LOVE - MASTURBADOR MASCULINO VIBRANTE SIENNA COM VOZ E SUC\u00c7\u00c3O - Lovme<\/title>\n<meta name=\"robots\" content=\"index, follow, max-snippet:-1, max-image-preview:large, max-video-preview:-1\" \/>\n<link rel=\"canonical\" href=\"https:\/\/lovme.pt\/index.php\/produto\/pretty-love-masturbador-masculino-vibrante-sienna-voz-e-ondas-estimulantes\/\" \/>\n<meta property=\"og:locale\" content=\"pt_PT\" \/>\n<meta property=\"og:type\" content=\"article\" \/>\n<meta property=\"og:title\" content=\"PRETTY LOVE - MASTURBADOR MASCULINO VIBRANTE SIENNA COM VOZ E SUC\u00c7\u00c3O - Lovme\" \/>\n<meta property=\"og:description\" content=\"PRETTY LOVE - MASTURBADOR MASCULINO VIBRANTE SIENNA COM VOZ E SUC\u00c7\u00c3O\" \/>\n<meta property=\"og:url\" content=\"https:\/\/lovme.pt\/index.php\/produto\/pretty-love-masturbador-masculino-vibrante-sienna-voz-e-ondas-estimulantes\/\" \/>\n<meta property=\"og:site_name\" content=\"Lovme\" \/>\n<meta property=\"article:modified_time\" content=\"2026-02-19T20:19:00+00:00\" \/>\n<meta property=\"og:image\" content=\"https:\/\/erki24nd3ub.exactdn.com\/wp-content\/uploads\/dream\/img\/img_133745_5b8914e158b9b7f7631f22617cf9f7a6_1.jpg?strip=all\" \/>\n\t<meta property=\"og:image:width\" content=\"800\" \/>\n\t<meta property=\"og:image:height\" content=\"800\" \/>\n\t<meta property=\"og:image:type\" content=\"image\/jpeg\" \/>\n<meta name=\"twitter:card\" content=\"summary_large_image\" \/>\n<meta name=\"twitter:label1\" content=\"Tempo estimado de leitura\" \/>\n\t<meta name=\"twitter:data1\" content=\"1 minuto\" \/>\n<script type=\"application\/ld+json\" class=\"yoast-schema-graph\">{\"@context\":\"https:\\\/\\\/schema.org\",\"@graph\":[{\"@type\":\"WebPage\",\"@id\":\"https:\\\/\\\/lovme.pt\\\/index.php\\\/produto\\\/pretty-love-masturbador-masculino-vibrante-sienna-voz-e-ondas-estimulantes\\\/\",\"url\":\"https:\\\/\\\/lovme.pt\\\/index.php\\\/produto\\\/pretty-love-masturbador-masculino-vibrante-sienna-voz-e-ondas-estimulantes\\\/\",\"name\":\"PRETTY LOVE - MASTURBADOR MASCULINO VIBRANTE SIENNA COM VOZ E SUC\u00c7\u00c3O - Lovme\",\"isPartOf\":{\"@id\":\"https:\\\/\\\/lovme.pt\\\/#website\"},\"primaryImageOfPage\":{\"@id\":\"https:\\\/\\\/lovme.pt\\\/index.php\\\/produto\\\/pretty-love-masturbador-masculino-vibrante-sienna-voz-e-ondas-estimulantes\\\/#primaryimage\"},\"image\":{\"@id\":\"https:\\\/\\\/lovme.pt\\\/index.php\\\/produto\\\/pretty-love-masturbador-masculino-vibrante-sienna-voz-e-ondas-estimulantes\\\/#primaryimage\"},\"thumbnailUrl\":\"https:\\\/\\\/erki24nd3ub.exactdn.com\\\/wp-content\\\/uploads\\\/dream\\\/img\\\/img_133745_5b8914e158b9b7f7631f22617cf9f7a6_1.jpg?strip=all\",\"datePublished\":\"2025-10-01T02:17:39+00:00\",\"dateModified\":\"2026-02-19T20:19:00+00:00\",\"breadcrumb\":{\"@id\":\"https:\\\/\\\/lovme.pt\\\/index.php\\\/produto\\\/pretty-love-masturbador-masculino-vibrante-sienna-voz-e-ondas-estimulantes\\\/#breadcrumb\"},\"inLanguage\":\"pt-PT\",\"potentialAction\":[{\"@type\":\"ReadAction\",\"target\":[\"https:\\\/\\\/lovme.pt\\\/index.php\\\/produto\\\/pretty-love-masturbador-masculino-vibrante-sienna-voz-e-ondas-estimulantes\\\/\"]}]},{\"@type\":\"ImageObject\",\"inLanguage\":\"pt-PT\",\"@id\":\"https:\\\/\\\/lovme.pt\\\/index.php\\\/produto\\\/pretty-love-masturbador-masculino-vibrante-sienna-voz-e-ondas-estimulantes\\\/#primaryimage\",\"url\":\"https:\\\/\\\/erki24nd3ub.exactdn.com\\\/wp-content\\\/uploads\\\/dream\\\/img\\\/img_133745_5b8914e158b9b7f7631f22617cf9f7a6_1.jpg?strip=all\",\"contentUrl\":\"https:\\\/\\\/erki24nd3ub.exactdn.com\\\/wp-content\\\/uploads\\\/dream\\\/img\\\/img_133745_5b8914e158b9b7f7631f22617cf9f7a6_1.jpg?strip=all\",\"width\":800,\"height\":800},{\"@type\":\"BreadcrumbList\",\"@id\":\"https:\\\/\\\/lovme.pt\\\/index.php\\\/produto\\\/pretty-love-masturbador-masculino-vibrante-sienna-voz-e-ondas-estimulantes\\\/#breadcrumb\",\"itemListElement\":[{\"@type\":\"ListItem\",\"position\":1,\"name\":\"In\u00edcio\",\"item\":\"https:\\\/\\\/lovme.pt\\\/\"},{\"@type\":\"ListItem\",\"position\":2,\"name\":\"Loja\",\"item\":\"https:\\\/\\\/lovme.pt\\\/index.php\\\/loja\\\/\"},{\"@type\":\"ListItem\",\"position\":3,\"name\":\"PRETTY LOVE &#8211; MASTURBADOR MASCULINO VIBRANTE SIENNA COM VOZ E SUC\u00c7\u00c3O\"}]},{\"@type\":\"WebSite\",\"@id\":\"https:\\\/\\\/lovme.pt\\\/#website\",\"url\":\"https:\\\/\\\/lovme.pt\\\/\",\"name\":\"Lovme Loja Er\u00f3tica N\u00ba1 em Portugal\",\"description\":\"A melhor loja er\u00f3tica de Portugal.\",\"alternateName\":\"Loja Er\u00f3tica Lovme\",\"potentialAction\":[{\"@type\":\"SearchAction\",\"target\":{\"@type\":\"EntryPoint\",\"urlTemplate\":\"https:\\\/\\\/lovme.pt\\\/?s={search_term_string}\"},\"query-input\":{\"@type\":\"PropertyValueSpecification\",\"valueRequired\":true,\"valueName\":\"search_term_string\"}}],\"inLanguage\":\"pt-PT\"}]}<\/script>\n<!-- \/ Yoast SEO plugin. -->","yoast_head_json":{"title":"PRETTY LOVE - MASTURBADOR MASCULINO VIBRANTE SIENNA COM VOZ E SUC\u00c7\u00c3O - Lovme","robots":{"index":"index","follow":"follow","max-snippet":"max-snippet:-1","max-image-preview":"max-image-preview:large","max-video-preview":"max-video-preview:-1"},"canonical":"https:\/\/lovme.pt\/index.php\/produto\/pretty-love-masturbador-masculino-vibrante-sienna-voz-e-ondas-estimulantes\/","og_locale":"pt_PT","og_type":"article","og_title":"PRETTY LOVE - MASTURBADOR MASCULINO VIBRANTE SIENNA COM VOZ E SUC\u00c7\u00c3O - Lovme","og_description":"PRETTY LOVE - MASTURBADOR MASCULINO VIBRANTE SIENNA COM VOZ E SUC\u00c7\u00c3O","og_url":"https:\/\/lovme.pt\/index.php\/produto\/pretty-love-masturbador-masculino-vibrante-sienna-voz-e-ondas-estimulantes\/","og_site_name":"Lovme","article_modified_time":"2026-02-19T20:19:00+00:00","og_image":[{"width":800,"height":800,"url":"https:\/\/erki24nd3ub.exactdn.com\/wp-content\/uploads\/dream\/img\/img_133745_5b8914e158b9b7f7631f22617cf9f7a6_1.jpg?strip=all","type":"image\/jpeg"}],"twitter_card":"summary_large_image","twitter_misc":{"Tempo estimado de leitura":"1 minuto"},"schema":{"@context":"https:\/\/schema.org","@graph":[{"@type":"WebPage","@id":"https:\/\/lovme.pt\/index.php\/produto\/pretty-love-masturbador-masculino-vibrante-sienna-voz-e-ondas-estimulantes\/","url":"https:\/\/lovme.pt\/index.php\/produto\/pretty-love-masturbador-masculino-vibrante-sienna-voz-e-ondas-estimulantes\/","name":"PRETTY LOVE - MASTURBADOR MASCULINO VIBRANTE SIENNA COM VOZ E SUC\u00c7\u00c3O - Lovme","isPartOf":{"@id":"https:\/\/lovme.pt\/#website"},"primaryImageOfPage":{"@id":"https:\/\/lovme.pt\/index.php\/produto\/pretty-love-masturbador-masculino-vibrante-sienna-voz-e-ondas-estimulantes\/#primaryimage"},"image":{"@id":"https:\/\/lovme.pt\/index.php\/produto\/pretty-love-masturbador-masculino-vibrante-sienna-voz-e-ondas-estimulantes\/#primaryimage"},"thumbnailUrl":"https:\/\/erki24nd3ub.exactdn.com\/wp-content\/uploads\/dream\/img\/img_133745_5b8914e158b9b7f7631f22617cf9f7a6_1.jpg?strip=all","datePublished":"2025-10-01T02:17:39+00:00","dateModified":"2026-02-19T20:19:00+00:00","breadcrumb":{"@id":"https:\/\/lovme.pt\/index.php\/produto\/pretty-love-masturbador-masculino-vibrante-sienna-voz-e-ondas-estimulantes\/#breadcrumb"},"inLanguage":"pt-PT","potentialAction":[{"@type":"ReadAction","target":["https:\/\/lovme.pt\/index.php\/produto\/pretty-love-masturbador-masculino-vibrante-sienna-voz-e-ondas-estimulantes\/"]}]},{"@type":"ImageObject","inLanguage":"pt-PT","@id":"https:\/\/lovme.pt\/index.php\/produto\/pretty-love-masturbador-masculino-vibrante-sienna-voz-e-ondas-estimulantes\/#primaryimage","url":"https:\/\/erki24nd3ub.exactdn.com\/wp-content\/uploads\/dream\/img\/img_133745_5b8914e158b9b7f7631f22617cf9f7a6_1.jpg?strip=all","contentUrl":"https:\/\/erki24nd3ub.exactdn.com\/wp-content\/uploads\/dream\/img\/img_133745_5b8914e158b9b7f7631f22617cf9f7a6_1.jpg?strip=all","width":800,"height":800},{"@type":"BreadcrumbList","@id":"https:\/\/lovme.pt\/index.php\/produto\/pretty-love-masturbador-masculino-vibrante-sienna-voz-e-ondas-estimulantes\/#breadcrumb","itemListElement":[{"@type":"ListItem","position":1,"name":"In\u00edcio","item":"https:\/\/lovme.pt\/"},{"@type":"ListItem","position":2,"name":"Loja","item":"https:\/\/lovme.pt\/index.php\/loja\/"},{"@type":"ListItem","position":3,"name":"PRETTY LOVE &#8211; MASTURBADOR MASCULINO VIBRANTE SIENNA COM VOZ E SUC\u00c7\u00c3O"}]},{"@type":"WebSite","@id":"https:\/\/lovme.pt\/#website","url":"https:\/\/lovme.pt\/","name":"Lovme Loja Er\u00f3tica N\u00ba1 em Portugal","description":"A melhor loja er\u00f3tica de Portugal.","alternateName":"Loja Er\u00f3tica Lovme","potentialAction":[{"@type":"SearchAction","target":{"@type":"EntryPoint","urlTemplate":"https:\/\/lovme.pt\/?s={search_term_string}"},"query-input":{"@type":"PropertyValueSpecification","valueRequired":true,"valueName":"search_term_string"}}],"inLanguage":"pt-PT"}]}},"_links":{"self":[{"href":"https:\/\/lovme.pt\/index.php\/wp-json\/wp\/v2\/product\/41387","targetHints":{"allow":["GET"]}}],"collection":[{"href":"https:\/\/lovme.pt\/index.php\/wp-json\/wp\/v2\/product"}],"about":[{"href":"https:\/\/lovme.pt\/index.php\/wp-json\/wp\/v2\/types\/product"}],"wp:featuredmedia":[{"embeddable":true,"href":"https:\/\/lovme.pt\/index.php\/wp-json\/wp\/v2\/media\/95993"}],"wp:attachment":[{"href":"https:\/\/lovme.pt\/index.php\/wp-json\/wp\/v2\/media?parent=41387"}],"wp:term":[{"taxonomy":"product_brand","embeddable":true,"href":"https:\/\/lovme.pt\/index.php\/wp-json\/wp\/v2\/product_brand?post=41387"},{"taxonomy":"product_cat","embeddable":true,"href":"https:\/\/lovme.pt\/index.php\/wp-json\/wp\/v2\/product_cat?post=41387"},{"taxonomy":"product_tag","embeddable":true,"href":"https:\/\/lovme.pt\/index.php\/wp-json\/wp\/v2\/product_tag?post=41387"}],"curies":[{"name":"wp","href":"https:\/\/api.w.org\/{rel}","templated":true}]}}