{"id":41385,"date":"2025-09-30T10:10:55","date_gmt":"2025-09-30T10:10:55","guid":{"rendered":"https:\/\/lovme.pt\/?post_type=product&p=41385"},"modified":"2026-02-19T20:06:51","modified_gmt":"2026-02-19T20:06:51","slug":"pdx-elite-fuck-o-matic-2","status":"publish","type":"product","link":"https:\/\/lovme.pt\/index.php\/produto\/pdx-elite-fuck-o-matic-2\/","title":{"rendered":"PDX ELITE &#8211; FUCK-O-MATIC 2"},"content":{"rendered":"<p>O <strong>PDX ELITE Fuck-O-Matic 2<\/strong> eleva a masturba\u00e7\u00e3o com uma poderosa a\u00e7\u00e3o de suc\u00e7\u00e3o para a melhor experi\u00eancia de acariciador. \u00c9 uma tempestade perfeita de sensa\u00e7\u00f5es para sess\u00f5es de sexo solo intensificadas que podem ser personalizadas de acordo com seu humor pessoal! Prepare-se para uma vibra\u00e7\u00e3o explosiva com as m\u00e3os livres envolvendo suas bolas com fileiras e mais fileiras de protuber\u00e2ncias suaves de prazer. Sua melhor experi\u00eancia de masturba\u00e7\u00e3o estar\u00e1 pronta quando voc\u00ea estiver!<\/p>\n<p>Nosso design exclusivo <strong>Hyper-Pulse<\/strong> concentra estimula\u00e7\u00e3o intensa na base das bolas. Um motor potente aciona o diafragma de silicone macio para criar a massagem terap\u00eautica mais intensa que voc\u00ea j\u00e1 experimentou para suas bolas! Aumente simultaneamente a intensidade com o vibrador adicional e prepare-se para explodir em \u00eaxtase!<\/p>\n<ul>\n<li><strong>5 MODOS DE SUC\u00c7\u00c3O SUPER FORTE<\/strong> A tecnologia de suc\u00e7\u00e3o intermitente desliza seu pau para dentro do acariciador de buceta Fanta-Flesh ultramacio. \u00c0 medida que a suc\u00e7\u00e3o faz uma pausa, seu pau recebe o melhor golpe, entrando e saindo automaticamente!<\/li>\n<li><strong>10 MODOS DE VIBRA\u00c7\u00c3O<\/strong> Vibra\u00e7\u00f5es pulsantes formigam simultaneamente a ponta do seu p\u00eanis.<\/li>\n<li><strong>HYPER-PULSE<\/strong> Um diafragma de silicone macio ressoa massagem intensa com massagem terap\u00eautica para suas bolas.<\/li>\n<li><strong>ELITE SILICONE TONGUE-TICKLER<\/strong> Estimula suavemente com fileiras e fileiras de protuber\u00e2ncias de silicone macio acariciando suas bolas enquanto voc\u00ea \u00e9 puxado para dentro e para fora dos l\u00e1bios vaginais ultramacios para aumentar a excita\u00e7\u00e3o!<\/li>\n<li><strong>USB RECARREG\u00c1VEL<\/strong> Pronto quando voc\u00ea estiver! Recarreg\u00e1vel de forma f\u00e1cil e conveniente com o cabo de carregamento inclu\u00eddo, oferecendo horas de divers\u00e3o.<\/li>\n<\/ul>\n<p>Nos \u00faltimos 20 anos, a Pipedream Products criou e desenvolveu alguns dos produtos inovadores mais vendidos no mundo. Entre esses produtos est\u00e3o brinquedos e vibra\u00e7\u00f5es realistas, mas tamb\u00e9m uma ampla variedade de piadas, lo\u00e7\u00f5es, equipamentos fetichistas e presentes.<\/p>\n","protected":false},"excerpt":{"rendered":"<p>PDX ELITE &#8211; FUCK-O-MATIC 2<\/p>\n","protected":false},"featured_media":63660,"template":"","meta":{"_acf_changed":false},"product_brand":[],"product_cat":[17,58,60],"product_tag":[],"class_list":{"0":"post-41385","1":"product","2":"type-product","3":"status-publish","4":"has-post-thumbnail","6":"product_cat-brinquedos-de-bem-estar-sexual","7":"product_cat-masturbadores-para-penis","8":"product_cat-para-eles","9":"yith_product_brand-pipedreamspdx-elite","10":"yith_product_brand-pipedreams","12":"first","13":"instock","14":"taxable","15":"shipping-taxable","16":"purchasable","17":"product-type-simple"},"acf":[],"yoast_head":"<!-- This site is optimized with the Yoast SEO plugin v27.4 - https:\/\/yoast.com\/product\/yoast-seo-wordpress\/ -->\n<title>PDX ELITE - FUCK-O-MATIC 2 - Lovme<\/title>\n<meta name=\"robots\" content=\"index, follow, max-snippet:-1, max-image-preview:large, max-video-preview:-1\" \/>\n<link rel=\"canonical\" href=\"https:\/\/lovme.pt\/index.php\/produto\/pdx-elite-fuck-o-matic-2\/\" \/>\n<meta property=\"og:locale\" content=\"pt_PT\" \/>\n<meta property=\"og:type\" content=\"article\" \/>\n<meta property=\"og:title\" content=\"PDX ELITE - FUCK-O-MATIC 2 - Lovme\" \/>\n<meta property=\"og:description\" content=\"PDX ELITE - FUCK-O-MATIC 2\" \/>\n<meta property=\"og:url\" content=\"https:\/\/lovme.pt\/index.php\/produto\/pdx-elite-fuck-o-matic-2\/\" \/>\n<meta property=\"og:site_name\" content=\"Lovme\" \/>\n<meta property=\"article:modified_time\" content=\"2026-02-19T20:06:51+00:00\" \/>\n<meta property=\"og:image\" content=\"https:\/\/erki24nd3ub.exactdn.com\/wp-content\/uploads\/dream\/img\/img_134638_e936f00159a1d729059d12f8d7aaaf94_1.jpg?strip=all\" \/>\n\t<meta property=\"og:image:width\" content=\"800\" \/>\n\t<meta property=\"og:image:height\" content=\"800\" \/>\n\t<meta property=\"og:image:type\" content=\"image\/jpeg\" \/>\n<meta name=\"twitter:card\" content=\"summary_large_image\" \/>\n<meta name=\"twitter:label1\" content=\"Tempo estimado de leitura\" \/>\n\t<meta name=\"twitter:data1\" content=\"2 minutos\" \/>\n<script type=\"application\/ld+json\" class=\"yoast-schema-graph\">{\"@context\":\"https:\\\/\\\/schema.org\",\"@graph\":[{\"@type\":\"WebPage\",\"@id\":\"https:\\\/\\\/lovme.pt\\\/index.php\\\/produto\\\/pdx-elite-fuck-o-matic-2\\\/\",\"url\":\"https:\\\/\\\/lovme.pt\\\/index.php\\\/produto\\\/pdx-elite-fuck-o-matic-2\\\/\",\"name\":\"PDX ELITE - FUCK-O-MATIC 2 - Lovme\",\"isPartOf\":{\"@id\":\"https:\\\/\\\/lovme.pt\\\/#website\"},\"primaryImageOfPage\":{\"@id\":\"https:\\\/\\\/lovme.pt\\\/index.php\\\/produto\\\/pdx-elite-fuck-o-matic-2\\\/#primaryimage\"},\"image\":{\"@id\":\"https:\\\/\\\/lovme.pt\\\/index.php\\\/produto\\\/pdx-elite-fuck-o-matic-2\\\/#primaryimage\"},\"thumbnailUrl\":\"https:\\\/\\\/erki24nd3ub.exactdn.com\\\/wp-content\\\/uploads\\\/dream\\\/img\\\/img_134638_e936f00159a1d729059d12f8d7aaaf94_1.jpg?strip=all\",\"datePublished\":\"2025-09-30T10:10:55+00:00\",\"dateModified\":\"2026-02-19T20:06:51+00:00\",\"breadcrumb\":{\"@id\":\"https:\\\/\\\/lovme.pt\\\/index.php\\\/produto\\\/pdx-elite-fuck-o-matic-2\\\/#breadcrumb\"},\"inLanguage\":\"pt-PT\",\"potentialAction\":[{\"@type\":\"ReadAction\",\"target\":[\"https:\\\/\\\/lovme.pt\\\/index.php\\\/produto\\\/pdx-elite-fuck-o-matic-2\\\/\"]}]},{\"@type\":\"ImageObject\",\"inLanguage\":\"pt-PT\",\"@id\":\"https:\\\/\\\/lovme.pt\\\/index.php\\\/produto\\\/pdx-elite-fuck-o-matic-2\\\/#primaryimage\",\"url\":\"https:\\\/\\\/erki24nd3ub.exactdn.com\\\/wp-content\\\/uploads\\\/dream\\\/img\\\/img_134638_e936f00159a1d729059d12f8d7aaaf94_1.jpg?strip=all\",\"contentUrl\":\"https:\\\/\\\/erki24nd3ub.exactdn.com\\\/wp-content\\\/uploads\\\/dream\\\/img\\\/img_134638_e936f00159a1d729059d12f8d7aaaf94_1.jpg?strip=all\",\"width\":800,\"height\":800},{\"@type\":\"BreadcrumbList\",\"@id\":\"https:\\\/\\\/lovme.pt\\\/index.php\\\/produto\\\/pdx-elite-fuck-o-matic-2\\\/#breadcrumb\",\"itemListElement\":[{\"@type\":\"ListItem\",\"position\":1,\"name\":\"In\u00edcio\",\"item\":\"https:\\\/\\\/lovme.pt\\\/\"},{\"@type\":\"ListItem\",\"position\":2,\"name\":\"Loja\",\"item\":\"https:\\\/\\\/lovme.pt\\\/index.php\\\/loja\\\/\"},{\"@type\":\"ListItem\",\"position\":3,\"name\":\"PDX ELITE &#8211; FUCK-O-MATIC 2\"}]},{\"@type\":\"WebSite\",\"@id\":\"https:\\\/\\\/lovme.pt\\\/#website\",\"url\":\"https:\\\/\\\/lovme.pt\\\/\",\"name\":\"Lovme Loja Er\u00f3tica N\u00ba1 em Portugal\",\"description\":\"A melhor loja er\u00f3tica de Portugal.\",\"alternateName\":\"Loja Er\u00f3tica Lovme\",\"potentialAction\":[{\"@type\":\"SearchAction\",\"target\":{\"@type\":\"EntryPoint\",\"urlTemplate\":\"https:\\\/\\\/lovme.pt\\\/?s={search_term_string}\"},\"query-input\":{\"@type\":\"PropertyValueSpecification\",\"valueRequired\":true,\"valueName\":\"search_term_string\"}}],\"inLanguage\":\"pt-PT\"}]}<\/script>\n<!-- \/ Yoast SEO plugin. -->","yoast_head_json":{"title":"PDX ELITE - FUCK-O-MATIC 2 - Lovme","robots":{"index":"index","follow":"follow","max-snippet":"max-snippet:-1","max-image-preview":"max-image-preview:large","max-video-preview":"max-video-preview:-1"},"canonical":"https:\/\/lovme.pt\/index.php\/produto\/pdx-elite-fuck-o-matic-2\/","og_locale":"pt_PT","og_type":"article","og_title":"PDX ELITE - FUCK-O-MATIC 2 - Lovme","og_description":"PDX ELITE - FUCK-O-MATIC 2","og_url":"https:\/\/lovme.pt\/index.php\/produto\/pdx-elite-fuck-o-matic-2\/","og_site_name":"Lovme","article_modified_time":"2026-02-19T20:06:51+00:00","og_image":[{"width":800,"height":800,"url":"https:\/\/erki24nd3ub.exactdn.com\/wp-content\/uploads\/dream\/img\/img_134638_e936f00159a1d729059d12f8d7aaaf94_1.jpg?strip=all","type":"image\/jpeg"}],"twitter_card":"summary_large_image","twitter_misc":{"Tempo estimado de leitura":"2 minutos"},"schema":{"@context":"https:\/\/schema.org","@graph":[{"@type":"WebPage","@id":"https:\/\/lovme.pt\/index.php\/produto\/pdx-elite-fuck-o-matic-2\/","url":"https:\/\/lovme.pt\/index.php\/produto\/pdx-elite-fuck-o-matic-2\/","name":"PDX ELITE - FUCK-O-MATIC 2 - Lovme","isPartOf":{"@id":"https:\/\/lovme.pt\/#website"},"primaryImageOfPage":{"@id":"https:\/\/lovme.pt\/index.php\/produto\/pdx-elite-fuck-o-matic-2\/#primaryimage"},"image":{"@id":"https:\/\/lovme.pt\/index.php\/produto\/pdx-elite-fuck-o-matic-2\/#primaryimage"},"thumbnailUrl":"https:\/\/erki24nd3ub.exactdn.com\/wp-content\/uploads\/dream\/img\/img_134638_e936f00159a1d729059d12f8d7aaaf94_1.jpg?strip=all","datePublished":"2025-09-30T10:10:55+00:00","dateModified":"2026-02-19T20:06:51+00:00","breadcrumb":{"@id":"https:\/\/lovme.pt\/index.php\/produto\/pdx-elite-fuck-o-matic-2\/#breadcrumb"},"inLanguage":"pt-PT","potentialAction":[{"@type":"ReadAction","target":["https:\/\/lovme.pt\/index.php\/produto\/pdx-elite-fuck-o-matic-2\/"]}]},{"@type":"ImageObject","inLanguage":"pt-PT","@id":"https:\/\/lovme.pt\/index.php\/produto\/pdx-elite-fuck-o-matic-2\/#primaryimage","url":"https:\/\/erki24nd3ub.exactdn.com\/wp-content\/uploads\/dream\/img\/img_134638_e936f00159a1d729059d12f8d7aaaf94_1.jpg?strip=all","contentUrl":"https:\/\/erki24nd3ub.exactdn.com\/wp-content\/uploads\/dream\/img\/img_134638_e936f00159a1d729059d12f8d7aaaf94_1.jpg?strip=all","width":800,"height":800},{"@type":"BreadcrumbList","@id":"https:\/\/lovme.pt\/index.php\/produto\/pdx-elite-fuck-o-matic-2\/#breadcrumb","itemListElement":[{"@type":"ListItem","position":1,"name":"In\u00edcio","item":"https:\/\/lovme.pt\/"},{"@type":"ListItem","position":2,"name":"Loja","item":"https:\/\/lovme.pt\/index.php\/loja\/"},{"@type":"ListItem","position":3,"name":"PDX ELITE &#8211; FUCK-O-MATIC 2"}]},{"@type":"WebSite","@id":"https:\/\/lovme.pt\/#website","url":"https:\/\/lovme.pt\/","name":"Lovme Loja Er\u00f3tica N\u00ba1 em Portugal","description":"A melhor loja er\u00f3tica de Portugal.","alternateName":"Loja Er\u00f3tica Lovme","potentialAction":[{"@type":"SearchAction","target":{"@type":"EntryPoint","urlTemplate":"https:\/\/lovme.pt\/?s={search_term_string}"},"query-input":{"@type":"PropertyValueSpecification","valueRequired":true,"valueName":"search_term_string"}}],"inLanguage":"pt-PT"}]}},"_links":{"self":[{"href":"https:\/\/lovme.pt\/index.php\/wp-json\/wp\/v2\/product\/41385","targetHints":{"allow":["GET"]}}],"collection":[{"href":"https:\/\/lovme.pt\/index.php\/wp-json\/wp\/v2\/product"}],"about":[{"href":"https:\/\/lovme.pt\/index.php\/wp-json\/wp\/v2\/types\/product"}],"wp:featuredmedia":[{"embeddable":true,"href":"https:\/\/lovme.pt\/index.php\/wp-json\/wp\/v2\/media\/63660"}],"wp:attachment":[{"href":"https:\/\/lovme.pt\/index.php\/wp-json\/wp\/v2\/media?parent=41385"}],"wp:term":[{"taxonomy":"product_brand","embeddable":true,"href":"https:\/\/lovme.pt\/index.php\/wp-json\/wp\/v2\/product_brand?post=41385"},{"taxonomy":"product_cat","embeddable":true,"href":"https:\/\/lovme.pt\/index.php\/wp-json\/wp\/v2\/product_cat?post=41385"},{"taxonomy":"product_tag","embeddable":true,"href":"https:\/\/lovme.pt\/index.php\/wp-json\/wp\/v2\/product_tag?post=41385"}],"curies":[{"name":"wp","href":"https:\/\/api.w.org\/{rel}","templated":true}]}}