{"id":41364,"date":"2025-10-01T00:03:33","date_gmt":"2025-10-01T00:03:33","guid":{"rendered":"https:\/\/lovme.pt\/?post_type=product&p=41364"},"modified":"2026-02-19T20:14:13","modified_gmt":"2026-02-19T20:14:13","slug":"toyjoy-nadegas-o-buttplug-de-vidro-radiante","status":"publish","type":"product","link":"https:\/\/lovme.pt\/index.php\/produto\/toyjoy-nadegas-o-buttplug-de-vidro-radiante\/","title":{"rendered":"TOYJOY &#8211; N\u00c1DEGAS O BUTTPLUG DE VIDRO RADIANTE"},"content":{"rendered":"<p>O Radiant \u00e9 um plug anal de vidro vibrat\u00f3rio e possui um motor potente com 5 modos de vibra\u00e7\u00e3o diferentes e 5 velocidades de vibra\u00e7\u00e3o. Cada modo oferece vibra\u00e7\u00f5es profundas, que s\u00e3o facilmente controladas com um bot\u00e3o. Buttocks da TOYJOY \u00e9 uma linha premium de plugs anais de alto desempenho, criados com uma variedade de recursos especiais para aumentar seu prazer anal. Buttocks da TOYJOY \u00e9 a escolha perfeita para estimula\u00e7\u00e3o anal de pr\u00f3ximo n\u00edvel. TOYJOY \u00e9 a marca com tudo inclu\u00eddo em novidades para adultos e cuidados \u00edntimos. Oferece uma combina\u00e7\u00e3o perfeita para todas as prefer\u00eancias e atende a todos os n\u00edveis de entrada; de iniciantes a especialistas. Existem mais de uma d\u00fazia de cole\u00e7\u00f5es TOYJOY diferentes, cada uma projetada para atender a um tipo diferente de consumidor. Se voc\u00ea \u00e9 novo em brinquedos para adultos e est\u00e1 procurando vibra\u00e7\u00f5es econ\u00f4micas e f\u00e1ceis de usar: TOYJOY Basics \u00e9 o seu par. Mais interessado em vibradores estilo coelho travesso com fun\u00e7\u00f5es vers\u00e1teis? Os Coelhos da TOYJOY v\u00e3o fazer voc\u00ea pular de prazer! Designs luxuosos e premium s\u00e3o encontrados no TOYJOY Designer Edition. LADOU by TOYJOY \u00e9 para a mulher moderna do s\u00e9culo 21 que deseja vibra\u00e7\u00f5es bonitas e femininas para se entregar. Os amantes do prazer realista encontrar\u00e3o seus itens essenciais na linha Get Real by TOYJOY de vibradores e dongs realistas. A TOYJOY Drugstore oferece lubrificantes acess\u00edveis e duradouros. A lista \u00e9 infinita! Cada cole\u00e7\u00e3o segue um padr\u00e3o de alta qualidade e oferece op\u00e7\u00f5es fant\u00e1sticas com boa rela\u00e7\u00e3o custo-benef\u00edcio para cada tipo de cen\u00e1rio er\u00f3tico. Descubra o seu par na incr\u00edvel sele\u00e7\u00e3o TOYJOY e fique \u00edntimo desta marca prazerosa, l\u00fadica e premium em novidades para adultos e cuidados \u00edntimos!<\/p>\n","protected":false},"excerpt":{"rendered":"<p>TOYJOY &#8211; N\u00c1DEGAS O BUTTPLUG DE VIDRO RADIANTE<\/p>\n","protected":false},"featured_media":84109,"template":"","meta":{"_acf_changed":false},"product_brand":[],"product_cat":[48,17,56,62,63],"product_tag":[],"class_list":{"0":"post-41364","1":"product","2":"type-product","3":"status-publish","4":"has-post-thumbnail","6":"product_cat-bdsm","7":"product_cat-brinquedos-de-bem-estar-sexual","8":"product_cat-dildos-e-arneses","9":"product_cat-plugues-e-correntes-anais","10":"product_cat-sexo-anal","11":"yith_product_brand-toyjoy","13":"first","14":"instock","15":"taxable","16":"shipping-taxable","17":"purchasable","18":"product-type-simple"},"acf":[],"yoast_head":"<!-- This site is optimized with the Yoast SEO plugin v27.4 - https:\/\/yoast.com\/product\/yoast-seo-wordpress\/ -->\n<title>TOYJOY - N\u00c1DEGAS O BUTTPLUG DE VIDRO RADIANTE - Lovme<\/title>\n<meta name=\"robots\" content=\"index, follow, max-snippet:-1, max-image-preview:large, max-video-preview:-1\" \/>\n<link rel=\"canonical\" href=\"https:\/\/lovme.pt\/index.php\/produto\/toyjoy-nadegas-o-buttplug-de-vidro-radiante\/\" \/>\n<meta property=\"og:locale\" content=\"pt_PT\" \/>\n<meta property=\"og:type\" content=\"article\" \/>\n<meta property=\"og:title\" content=\"TOYJOY - N\u00c1DEGAS O BUTTPLUG DE VIDRO RADIANTE - Lovme\" \/>\n<meta property=\"og:description\" content=\"TOYJOY - N\u00c1DEGAS O BUTTPLUG DE VIDRO RADIANTE\" \/>\n<meta property=\"og:url\" content=\"https:\/\/lovme.pt\/index.php\/produto\/toyjoy-nadegas-o-buttplug-de-vidro-radiante\/\" \/>\n<meta property=\"og:site_name\" content=\"Lovme\" \/>\n<meta property=\"article:modified_time\" content=\"2026-02-19T20:14:13+00:00\" \/>\n<meta property=\"og:image\" content=\"https:\/\/erki24nd3ub.exactdn.com\/wp-content\/uploads\/dream\/img\/img_134520_0a569846c65b9e5a7c9f65eac1dcc6aa_1.jpg?strip=all\" \/>\n\t<meta property=\"og:image:width\" content=\"800\" \/>\n\t<meta property=\"og:image:height\" content=\"800\" \/>\n\t<meta property=\"og:image:type\" content=\"image\/jpeg\" \/>\n<meta name=\"twitter:card\" content=\"summary_large_image\" \/>\n<meta name=\"twitter:label1\" content=\"Tempo estimado de leitura\" \/>\n\t<meta name=\"twitter:data1\" content=\"2 minutos\" \/>\n<script type=\"application\/ld+json\" class=\"yoast-schema-graph\">{\"@context\":\"https:\\\/\\\/schema.org\",\"@graph\":[{\"@type\":\"WebPage\",\"@id\":\"https:\\\/\\\/lovme.pt\\\/index.php\\\/produto\\\/toyjoy-nadegas-o-buttplug-de-vidro-radiante\\\/\",\"url\":\"https:\\\/\\\/lovme.pt\\\/index.php\\\/produto\\\/toyjoy-nadegas-o-buttplug-de-vidro-radiante\\\/\",\"name\":\"TOYJOY - N\u00c1DEGAS O BUTTPLUG DE VIDRO RADIANTE - Lovme\",\"isPartOf\":{\"@id\":\"https:\\\/\\\/lovme.pt\\\/#website\"},\"primaryImageOfPage\":{\"@id\":\"https:\\\/\\\/lovme.pt\\\/index.php\\\/produto\\\/toyjoy-nadegas-o-buttplug-de-vidro-radiante\\\/#primaryimage\"},\"image\":{\"@id\":\"https:\\\/\\\/lovme.pt\\\/index.php\\\/produto\\\/toyjoy-nadegas-o-buttplug-de-vidro-radiante\\\/#primaryimage\"},\"thumbnailUrl\":\"https:\\\/\\\/erki24nd3ub.exactdn.com\\\/wp-content\\\/uploads\\\/dream\\\/img\\\/img_134520_0a569846c65b9e5a7c9f65eac1dcc6aa_1.jpg?strip=all\",\"datePublished\":\"2025-10-01T00:03:33+00:00\",\"dateModified\":\"2026-02-19T20:14:13+00:00\",\"breadcrumb\":{\"@id\":\"https:\\\/\\\/lovme.pt\\\/index.php\\\/produto\\\/toyjoy-nadegas-o-buttplug-de-vidro-radiante\\\/#breadcrumb\"},\"inLanguage\":\"pt-PT\",\"potentialAction\":[{\"@type\":\"ReadAction\",\"target\":[\"https:\\\/\\\/lovme.pt\\\/index.php\\\/produto\\\/toyjoy-nadegas-o-buttplug-de-vidro-radiante\\\/\"]}]},{\"@type\":\"ImageObject\",\"inLanguage\":\"pt-PT\",\"@id\":\"https:\\\/\\\/lovme.pt\\\/index.php\\\/produto\\\/toyjoy-nadegas-o-buttplug-de-vidro-radiante\\\/#primaryimage\",\"url\":\"https:\\\/\\\/erki24nd3ub.exactdn.com\\\/wp-content\\\/uploads\\\/dream\\\/img\\\/img_134520_0a569846c65b9e5a7c9f65eac1dcc6aa_1.jpg?strip=all\",\"contentUrl\":\"https:\\\/\\\/erki24nd3ub.exactdn.com\\\/wp-content\\\/uploads\\\/dream\\\/img\\\/img_134520_0a569846c65b9e5a7c9f65eac1dcc6aa_1.jpg?strip=all\",\"width\":800,\"height\":800},{\"@type\":\"BreadcrumbList\",\"@id\":\"https:\\\/\\\/lovme.pt\\\/index.php\\\/produto\\\/toyjoy-nadegas-o-buttplug-de-vidro-radiante\\\/#breadcrumb\",\"itemListElement\":[{\"@type\":\"ListItem\",\"position\":1,\"name\":\"In\u00edcio\",\"item\":\"https:\\\/\\\/lovme.pt\\\/\"},{\"@type\":\"ListItem\",\"position\":2,\"name\":\"Loja\",\"item\":\"https:\\\/\\\/lovme.pt\\\/index.php\\\/loja\\\/\"},{\"@type\":\"ListItem\",\"position\":3,\"name\":\"TOYJOY &#8211; N\u00c1DEGAS O BUTTPLUG DE VIDRO RADIANTE\"}]},{\"@type\":\"WebSite\",\"@id\":\"https:\\\/\\\/lovme.pt\\\/#website\",\"url\":\"https:\\\/\\\/lovme.pt\\\/\",\"name\":\"Lovme Loja Er\u00f3tica N\u00ba1 em Portugal\",\"description\":\"A melhor loja er\u00f3tica de Portugal.\",\"alternateName\":\"Loja Er\u00f3tica Lovme\",\"potentialAction\":[{\"@type\":\"SearchAction\",\"target\":{\"@type\":\"EntryPoint\",\"urlTemplate\":\"https:\\\/\\\/lovme.pt\\\/?s={search_term_string}\"},\"query-input\":{\"@type\":\"PropertyValueSpecification\",\"valueRequired\":true,\"valueName\":\"search_term_string\"}}],\"inLanguage\":\"pt-PT\"}]}<\/script>\n<!-- \/ Yoast SEO plugin. -->","yoast_head_json":{"title":"TOYJOY - N\u00c1DEGAS O BUTTPLUG DE VIDRO RADIANTE - Lovme","robots":{"index":"index","follow":"follow","max-snippet":"max-snippet:-1","max-image-preview":"max-image-preview:large","max-video-preview":"max-video-preview:-1"},"canonical":"https:\/\/lovme.pt\/index.php\/produto\/toyjoy-nadegas-o-buttplug-de-vidro-radiante\/","og_locale":"pt_PT","og_type":"article","og_title":"TOYJOY - N\u00c1DEGAS O BUTTPLUG DE VIDRO RADIANTE - Lovme","og_description":"TOYJOY - N\u00c1DEGAS O BUTTPLUG DE VIDRO RADIANTE","og_url":"https:\/\/lovme.pt\/index.php\/produto\/toyjoy-nadegas-o-buttplug-de-vidro-radiante\/","og_site_name":"Lovme","article_modified_time":"2026-02-19T20:14:13+00:00","og_image":[{"width":800,"height":800,"url":"https:\/\/erki24nd3ub.exactdn.com\/wp-content\/uploads\/dream\/img\/img_134520_0a569846c65b9e5a7c9f65eac1dcc6aa_1.jpg?strip=all","type":"image\/jpeg"}],"twitter_card":"summary_large_image","twitter_misc":{"Tempo estimado de leitura":"2 minutos"},"schema":{"@context":"https:\/\/schema.org","@graph":[{"@type":"WebPage","@id":"https:\/\/lovme.pt\/index.php\/produto\/toyjoy-nadegas-o-buttplug-de-vidro-radiante\/","url":"https:\/\/lovme.pt\/index.php\/produto\/toyjoy-nadegas-o-buttplug-de-vidro-radiante\/","name":"TOYJOY - N\u00c1DEGAS O BUTTPLUG DE VIDRO RADIANTE - Lovme","isPartOf":{"@id":"https:\/\/lovme.pt\/#website"},"primaryImageOfPage":{"@id":"https:\/\/lovme.pt\/index.php\/produto\/toyjoy-nadegas-o-buttplug-de-vidro-radiante\/#primaryimage"},"image":{"@id":"https:\/\/lovme.pt\/index.php\/produto\/toyjoy-nadegas-o-buttplug-de-vidro-radiante\/#primaryimage"},"thumbnailUrl":"https:\/\/erki24nd3ub.exactdn.com\/wp-content\/uploads\/dream\/img\/img_134520_0a569846c65b9e5a7c9f65eac1dcc6aa_1.jpg?strip=all","datePublished":"2025-10-01T00:03:33+00:00","dateModified":"2026-02-19T20:14:13+00:00","breadcrumb":{"@id":"https:\/\/lovme.pt\/index.php\/produto\/toyjoy-nadegas-o-buttplug-de-vidro-radiante\/#breadcrumb"},"inLanguage":"pt-PT","potentialAction":[{"@type":"ReadAction","target":["https:\/\/lovme.pt\/index.php\/produto\/toyjoy-nadegas-o-buttplug-de-vidro-radiante\/"]}]},{"@type":"ImageObject","inLanguage":"pt-PT","@id":"https:\/\/lovme.pt\/index.php\/produto\/toyjoy-nadegas-o-buttplug-de-vidro-radiante\/#primaryimage","url":"https:\/\/erki24nd3ub.exactdn.com\/wp-content\/uploads\/dream\/img\/img_134520_0a569846c65b9e5a7c9f65eac1dcc6aa_1.jpg?strip=all","contentUrl":"https:\/\/erki24nd3ub.exactdn.com\/wp-content\/uploads\/dream\/img\/img_134520_0a569846c65b9e5a7c9f65eac1dcc6aa_1.jpg?strip=all","width":800,"height":800},{"@type":"BreadcrumbList","@id":"https:\/\/lovme.pt\/index.php\/produto\/toyjoy-nadegas-o-buttplug-de-vidro-radiante\/#breadcrumb","itemListElement":[{"@type":"ListItem","position":1,"name":"In\u00edcio","item":"https:\/\/lovme.pt\/"},{"@type":"ListItem","position":2,"name":"Loja","item":"https:\/\/lovme.pt\/index.php\/loja\/"},{"@type":"ListItem","position":3,"name":"TOYJOY &#8211; N\u00c1DEGAS O BUTTPLUG DE VIDRO RADIANTE"}]},{"@type":"WebSite","@id":"https:\/\/lovme.pt\/#website","url":"https:\/\/lovme.pt\/","name":"Lovme Loja Er\u00f3tica N\u00ba1 em Portugal","description":"A melhor loja er\u00f3tica de Portugal.","alternateName":"Loja Er\u00f3tica Lovme","potentialAction":[{"@type":"SearchAction","target":{"@type":"EntryPoint","urlTemplate":"https:\/\/lovme.pt\/?s={search_term_string}"},"query-input":{"@type":"PropertyValueSpecification","valueRequired":true,"valueName":"search_term_string"}}],"inLanguage":"pt-PT"}]}},"_links":{"self":[{"href":"https:\/\/lovme.pt\/index.php\/wp-json\/wp\/v2\/product\/41364","targetHints":{"allow":["GET"]}}],"collection":[{"href":"https:\/\/lovme.pt\/index.php\/wp-json\/wp\/v2\/product"}],"about":[{"href":"https:\/\/lovme.pt\/index.php\/wp-json\/wp\/v2\/types\/product"}],"wp:featuredmedia":[{"embeddable":true,"href":"https:\/\/lovme.pt\/index.php\/wp-json\/wp\/v2\/media\/84109"}],"wp:attachment":[{"href":"https:\/\/lovme.pt\/index.php\/wp-json\/wp\/v2\/media?parent=41364"}],"wp:term":[{"taxonomy":"product_brand","embeddable":true,"href":"https:\/\/lovme.pt\/index.php\/wp-json\/wp\/v2\/product_brand?post=41364"},{"taxonomy":"product_cat","embeddable":true,"href":"https:\/\/lovme.pt\/index.php\/wp-json\/wp\/v2\/product_cat?post=41364"},{"taxonomy":"product_tag","embeddable":true,"href":"https:\/\/lovme.pt\/index.php\/wp-json\/wp\/v2\/product_tag?post=41364"}],"curies":[{"name":"wp","href":"https:\/\/api.w.org\/{rel}","templated":true}]}}