{"id":41362,"date":"2025-09-30T09:57:21","date_gmt":"2025-09-30T09:57:21","guid":{"rendered":"https:\/\/lovme.pt\/?post_type=product&p=41362"},"modified":"2026-02-19T20:06:06","modified_gmt":"2026-02-19T20:06:06","slug":"dillio-doca-corporal","status":"publish","type":"product","link":"https:\/\/lovme.pt\/index.php\/produto\/dillio-doca-corporal\/","title":{"rendered":"DILLIO &#8211; DOCA CORPORAL"},"content":{"rendered":"<p><strong>Mudar seu Strap-on favorito nunca foi t\u00e3o f\u00e1cil!<\/strong><\/p>\n<p>O Body Dock SE Universal Harness System patenteado \u00e9 o Body Dock mais f\u00e1cil e confort\u00e1vel que j\u00e1 fizemos! \u00c9 t\u00e3o simples quanto prender a ventosa do seu vibrador ou vibrador favorito \u00e0 placa de acoplamento de silicone. Sem an\u00e9is. Sem estalos. Sem problemas. O melhor de tudo, funciona com a maioria dos dildos no mercado hoje, incluindo alguns que voc\u00ea j\u00e1 possui.<\/p>\n<ul>\n<li>O arn\u00eas strap-on mais f\u00e1cil e confort\u00e1vel do mercado<\/li>\n<li>Design patenteado Push and Play<\/li>\n<li>A base de suc\u00e7\u00e3o angular ajuda a manter o vibrador ereto<\/li>\n<li>A placa corporal flex\u00edvel e ajustada se adapta \u00e0s curvas do seu corpo<\/li>\n<li>Correias de nylon resistentes e fivelas de libera\u00e7\u00e3o r\u00e1pida<\/li>\n<li>Ajusta facilmente para tamanhos de cintura de at\u00e9 54 polegadas \/ 137 cm<\/li>\n<\/ul>\n<p>Nos \u00faltimos 20 anos, a Pipedream Products criou e desenvolveu alguns dos produtos inovadores mais vendidos no mundo. Entre esses produtos est\u00e3o brinquedos e vibra\u00e7\u00f5es realistas, mas tamb\u00e9m uma ampla variedade de piadas, lo\u00e7\u00f5es, acess\u00f3rios fetichistas e presentes.<\/p>\n","protected":false},"excerpt":{"rendered":"<p>DILLIO &#8211; DOCA CORPORAL<\/p>\n","protected":false},"featured_media":59888,"template":"","meta":{"_acf_changed":false},"product_brand":[],"product_cat":[17,56],"product_tag":[],"class_list":{"0":"post-41362","1":"product","2":"type-product","3":"status-publish","4":"has-post-thumbnail","6":"product_cat-brinquedos-de-bem-estar-sexual","7":"product_cat-dildos-e-arneses","8":"yith_product_brand-pipedreamsdillio","9":"yith_product_brand-pipedreams","11":"first","12":"instock","13":"taxable","14":"shipping-taxable","15":"purchasable","16":"product-type-simple"},"acf":[],"yoast_head":"<!-- This site is optimized with the Yoast SEO plugin v27.4 - https:\/\/yoast.com\/product\/yoast-seo-wordpress\/ -->\n<title>DILLIO - DOCA CORPORAL - Lovme<\/title>\n<meta name=\"robots\" content=\"index, follow, max-snippet:-1, max-image-preview:large, max-video-preview:-1\" \/>\n<link rel=\"canonical\" href=\"https:\/\/lovme.pt\/index.php\/produto\/dillio-doca-corporal\/\" \/>\n<meta property=\"og:locale\" content=\"pt_PT\" \/>\n<meta property=\"og:type\" content=\"article\" \/>\n<meta property=\"og:title\" content=\"DILLIO - DOCA CORPORAL - Lovme\" \/>\n<meta property=\"og:description\" content=\"DILLIO - DOCA CORPORAL\" \/>\n<meta property=\"og:url\" content=\"https:\/\/lovme.pt\/index.php\/produto\/dillio-doca-corporal\/\" \/>\n<meta property=\"og:site_name\" content=\"Lovme\" \/>\n<meta property=\"article:modified_time\" content=\"2026-02-19T20:06:06+00:00\" \/>\n<meta property=\"og:image\" content=\"https:\/\/erki24nd3ub.exactdn.com\/wp-content\/uploads\/dream\/img\/img_134501_fe5c18d22b888dbaa9308851dc4931dd_1.jpg?strip=all\" \/>\n\t<meta property=\"og:image:width\" content=\"800\" \/>\n\t<meta property=\"og:image:height\" content=\"800\" \/>\n\t<meta property=\"og:image:type\" content=\"image\/jpeg\" \/>\n<meta name=\"twitter:card\" content=\"summary_large_image\" \/>\n<meta name=\"twitter:label1\" content=\"Tempo estimado de leitura\" \/>\n\t<meta name=\"twitter:data1\" content=\"1 minuto\" \/>\n<script type=\"application\/ld+json\" class=\"yoast-schema-graph\">{\"@context\":\"https:\\\/\\\/schema.org\",\"@graph\":[{\"@type\":\"WebPage\",\"@id\":\"https:\\\/\\\/lovme.pt\\\/index.php\\\/produto\\\/dillio-doca-corporal\\\/\",\"url\":\"https:\\\/\\\/lovme.pt\\\/index.php\\\/produto\\\/dillio-doca-corporal\\\/\",\"name\":\"DILLIO - DOCA CORPORAL - Lovme\",\"isPartOf\":{\"@id\":\"https:\\\/\\\/lovme.pt\\\/#website\"},\"primaryImageOfPage\":{\"@id\":\"https:\\\/\\\/lovme.pt\\\/index.php\\\/produto\\\/dillio-doca-corporal\\\/#primaryimage\"},\"image\":{\"@id\":\"https:\\\/\\\/lovme.pt\\\/index.php\\\/produto\\\/dillio-doca-corporal\\\/#primaryimage\"},\"thumbnailUrl\":\"https:\\\/\\\/erki24nd3ub.exactdn.com\\\/wp-content\\\/uploads\\\/dream\\\/img\\\/img_134501_fe5c18d22b888dbaa9308851dc4931dd_1.jpg?strip=all\",\"datePublished\":\"2025-09-30T09:57:21+00:00\",\"dateModified\":\"2026-02-19T20:06:06+00:00\",\"breadcrumb\":{\"@id\":\"https:\\\/\\\/lovme.pt\\\/index.php\\\/produto\\\/dillio-doca-corporal\\\/#breadcrumb\"},\"inLanguage\":\"pt-PT\",\"potentialAction\":[{\"@type\":\"ReadAction\",\"target\":[\"https:\\\/\\\/lovme.pt\\\/index.php\\\/produto\\\/dillio-doca-corporal\\\/\"]}]},{\"@type\":\"ImageObject\",\"inLanguage\":\"pt-PT\",\"@id\":\"https:\\\/\\\/lovme.pt\\\/index.php\\\/produto\\\/dillio-doca-corporal\\\/#primaryimage\",\"url\":\"https:\\\/\\\/erki24nd3ub.exactdn.com\\\/wp-content\\\/uploads\\\/dream\\\/img\\\/img_134501_fe5c18d22b888dbaa9308851dc4931dd_1.jpg?strip=all\",\"contentUrl\":\"https:\\\/\\\/erki24nd3ub.exactdn.com\\\/wp-content\\\/uploads\\\/dream\\\/img\\\/img_134501_fe5c18d22b888dbaa9308851dc4931dd_1.jpg?strip=all\",\"width\":800,\"height\":800},{\"@type\":\"BreadcrumbList\",\"@id\":\"https:\\\/\\\/lovme.pt\\\/index.php\\\/produto\\\/dillio-doca-corporal\\\/#breadcrumb\",\"itemListElement\":[{\"@type\":\"ListItem\",\"position\":1,\"name\":\"In\u00edcio\",\"item\":\"https:\\\/\\\/lovme.pt\\\/\"},{\"@type\":\"ListItem\",\"position\":2,\"name\":\"Loja\",\"item\":\"https:\\\/\\\/lovme.pt\\\/index.php\\\/loja\\\/\"},{\"@type\":\"ListItem\",\"position\":3,\"name\":\"DILLIO &#8211; DOCA CORPORAL\"}]},{\"@type\":\"WebSite\",\"@id\":\"https:\\\/\\\/lovme.pt\\\/#website\",\"url\":\"https:\\\/\\\/lovme.pt\\\/\",\"name\":\"Lovme Loja Er\u00f3tica N\u00ba1 em Portugal\",\"description\":\"A melhor loja er\u00f3tica de Portugal.\",\"alternateName\":\"Loja Er\u00f3tica Lovme\",\"potentialAction\":[{\"@type\":\"SearchAction\",\"target\":{\"@type\":\"EntryPoint\",\"urlTemplate\":\"https:\\\/\\\/lovme.pt\\\/?s={search_term_string}\"},\"query-input\":{\"@type\":\"PropertyValueSpecification\",\"valueRequired\":true,\"valueName\":\"search_term_string\"}}],\"inLanguage\":\"pt-PT\"}]}<\/script>\n<!-- \/ Yoast SEO plugin. -->","yoast_head_json":{"title":"DILLIO - DOCA CORPORAL - Lovme","robots":{"index":"index","follow":"follow","max-snippet":"max-snippet:-1","max-image-preview":"max-image-preview:large","max-video-preview":"max-video-preview:-1"},"canonical":"https:\/\/lovme.pt\/index.php\/produto\/dillio-doca-corporal\/","og_locale":"pt_PT","og_type":"article","og_title":"DILLIO - DOCA CORPORAL - Lovme","og_description":"DILLIO - DOCA CORPORAL","og_url":"https:\/\/lovme.pt\/index.php\/produto\/dillio-doca-corporal\/","og_site_name":"Lovme","article_modified_time":"2026-02-19T20:06:06+00:00","og_image":[{"width":800,"height":800,"url":"https:\/\/erki24nd3ub.exactdn.com\/wp-content\/uploads\/dream\/img\/img_134501_fe5c18d22b888dbaa9308851dc4931dd_1.jpg?strip=all","type":"image\/jpeg"}],"twitter_card":"summary_large_image","twitter_misc":{"Tempo estimado de leitura":"1 minuto"},"schema":{"@context":"https:\/\/schema.org","@graph":[{"@type":"WebPage","@id":"https:\/\/lovme.pt\/index.php\/produto\/dillio-doca-corporal\/","url":"https:\/\/lovme.pt\/index.php\/produto\/dillio-doca-corporal\/","name":"DILLIO - DOCA CORPORAL - Lovme","isPartOf":{"@id":"https:\/\/lovme.pt\/#website"},"primaryImageOfPage":{"@id":"https:\/\/lovme.pt\/index.php\/produto\/dillio-doca-corporal\/#primaryimage"},"image":{"@id":"https:\/\/lovme.pt\/index.php\/produto\/dillio-doca-corporal\/#primaryimage"},"thumbnailUrl":"https:\/\/erki24nd3ub.exactdn.com\/wp-content\/uploads\/dream\/img\/img_134501_fe5c18d22b888dbaa9308851dc4931dd_1.jpg?strip=all","datePublished":"2025-09-30T09:57:21+00:00","dateModified":"2026-02-19T20:06:06+00:00","breadcrumb":{"@id":"https:\/\/lovme.pt\/index.php\/produto\/dillio-doca-corporal\/#breadcrumb"},"inLanguage":"pt-PT","potentialAction":[{"@type":"ReadAction","target":["https:\/\/lovme.pt\/index.php\/produto\/dillio-doca-corporal\/"]}]},{"@type":"ImageObject","inLanguage":"pt-PT","@id":"https:\/\/lovme.pt\/index.php\/produto\/dillio-doca-corporal\/#primaryimage","url":"https:\/\/erki24nd3ub.exactdn.com\/wp-content\/uploads\/dream\/img\/img_134501_fe5c18d22b888dbaa9308851dc4931dd_1.jpg?strip=all","contentUrl":"https:\/\/erki24nd3ub.exactdn.com\/wp-content\/uploads\/dream\/img\/img_134501_fe5c18d22b888dbaa9308851dc4931dd_1.jpg?strip=all","width":800,"height":800},{"@type":"BreadcrumbList","@id":"https:\/\/lovme.pt\/index.php\/produto\/dillio-doca-corporal\/#breadcrumb","itemListElement":[{"@type":"ListItem","position":1,"name":"In\u00edcio","item":"https:\/\/lovme.pt\/"},{"@type":"ListItem","position":2,"name":"Loja","item":"https:\/\/lovme.pt\/index.php\/loja\/"},{"@type":"ListItem","position":3,"name":"DILLIO &#8211; DOCA CORPORAL"}]},{"@type":"WebSite","@id":"https:\/\/lovme.pt\/#website","url":"https:\/\/lovme.pt\/","name":"Lovme Loja Er\u00f3tica N\u00ba1 em Portugal","description":"A melhor loja er\u00f3tica de Portugal.","alternateName":"Loja Er\u00f3tica Lovme","potentialAction":[{"@type":"SearchAction","target":{"@type":"EntryPoint","urlTemplate":"https:\/\/lovme.pt\/?s={search_term_string}"},"query-input":{"@type":"PropertyValueSpecification","valueRequired":true,"valueName":"search_term_string"}}],"inLanguage":"pt-PT"}]}},"_links":{"self":[{"href":"https:\/\/lovme.pt\/index.php\/wp-json\/wp\/v2\/product\/41362","targetHints":{"allow":["GET"]}}],"collection":[{"href":"https:\/\/lovme.pt\/index.php\/wp-json\/wp\/v2\/product"}],"about":[{"href":"https:\/\/lovme.pt\/index.php\/wp-json\/wp\/v2\/types\/product"}],"wp:featuredmedia":[{"embeddable":true,"href":"https:\/\/lovme.pt\/index.php\/wp-json\/wp\/v2\/media\/59888"}],"wp:attachment":[{"href":"https:\/\/lovme.pt\/index.php\/wp-json\/wp\/v2\/media?parent=41362"}],"wp:term":[{"taxonomy":"product_brand","embeddable":true,"href":"https:\/\/lovme.pt\/index.php\/wp-json\/wp\/v2\/product_brand?post=41362"},{"taxonomy":"product_cat","embeddable":true,"href":"https:\/\/lovme.pt\/index.php\/wp-json\/wp\/v2\/product_cat?post=41362"},{"taxonomy":"product_tag","embeddable":true,"href":"https:\/\/lovme.pt\/index.php\/wp-json\/wp\/v2\/product_tag?post=41362"}],"curies":[{"name":"wp","href":"https:\/\/api.w.org\/{rel}","templated":true}]}}