{"id":41353,"date":"2025-09-30T20:13:22","date_gmt":"2025-09-30T20:13:22","guid":{"rendered":"https:\/\/lovme.pt\/?post_type=product&p=41353"},"modified":"2026-02-19T20:07:28","modified_gmt":"2026-02-19T20:07:28","slug":"dillio-secret-explorer-1524-cm-violeta","status":"publish","type":"product","link":"https:\/\/lovme.pt\/index.php\/produto\/dillio-secret-explorer-1524-cm-violeta\/","title":{"rendered":"DILLIO &#8211; SECRET EXPLORER 15,24 CM VIOLETA"},"content":{"rendered":"<p>A cole\u00e7\u00e3o Dillio Platinum \u00e9 feita com silicone curado com platina para o mais alto grau de pureza. Este silicone ultralimpo apresenta resist\u00eancia, durabilidade, flexibilidade e n\u00e3o reatividade com fluidos corporais e pele. Muitas vezes, \u00e9 o material de escolha para dispositivos m\u00e9dicos devido \u00e0s suas muitas caracter\u00edsticas excepcionais. A ventosa s\u00f3lida oferece desempenho superior e oferece mais versatilidade e conveni\u00eancia durante o uso. Ele foi projetado especificamente para ser usado com o Body Dock e outros cintos de seguran\u00e7a universais. Cada Dillio Platinum \u00e9 fabricado de forma respons\u00e1vel com materiais compat\u00edveis e cuidadosamente verificado para atender \u00e0s nossas diretrizes de qualidade superior. Voc\u00ea pode desfrutar de cada obra-prima Dillio Platinum com total confian\u00e7a!<\/p>\n<ul>\n<li>Feito com silicone curado com platina da mais alta qualidade<\/li>\n<li>Superf\u00edcie lisa e n\u00e3o pegajosa<\/li>\n<li>Base de ventosa super forte<\/li>\n<li>\u00d3timo para todos os n\u00edveis de usu\u00e1rio!<\/li>\n<li>Compat\u00edvel com Body Dock e outros cintos de seguran\u00e7a<\/li>\n<\/ul>\n<p>Nos \u00faltimos 20 anos, a Pipedream Products criou e desenvolveu alguns dos produtos inovadores mais vendidos no mundo. Entre esses produtos est\u00e3o brinquedos e vibra\u00e7\u00f5es realistas, mas tamb\u00e9m uma ampla variedade de piadas, lo\u00e7\u00f5es, acess\u00f3rios fetichistas e presentes.<\/p>\n","protected":false},"excerpt":{"rendered":"<p>DILLIO &#8211; SECRET EXPLORER 6 POLEGADAS VIOLETA<\/p>\n","protected":false},"featured_media":66282,"template":"","meta":{"_acf_changed":false},"product_brand":[],"product_cat":[17,56],"product_tag":[],"class_list":{"0":"post-41353","1":"product","2":"type-product","3":"status-publish","4":"has-post-thumbnail","6":"product_cat-brinquedos-de-bem-estar-sexual","7":"product_cat-dildos-e-arneses","8":"yith_product_brand-pipedreamsdillio","9":"yith_product_brand-pipedreams","11":"first","12":"instock","13":"taxable","14":"shipping-taxable","15":"purchasable","16":"product-type-simple"},"acf":[],"yoast_head":"<!-- This site is optimized with the Yoast SEO plugin v27.4 - https:\/\/yoast.com\/product\/yoast-seo-wordpress\/ -->\n<title>DILLIO - SECRET EXPLORER 15,24 CM VIOLETA - Lovme<\/title>\n<meta name=\"robots\" content=\"index, follow, max-snippet:-1, max-image-preview:large, max-video-preview:-1\" \/>\n<link rel=\"canonical\" href=\"https:\/\/lovme.pt\/index.php\/produto\/dillio-secret-explorer-1524-cm-violeta\/\" \/>\n<meta property=\"og:locale\" content=\"pt_PT\" \/>\n<meta property=\"og:type\" content=\"article\" \/>\n<meta property=\"og:title\" content=\"DILLIO - SECRET EXPLORER 15,24 CM VIOLETA - Lovme\" \/>\n<meta property=\"og:description\" content=\"DILLIO - SECRET EXPLORER 6 POLEGADAS VIOLETA\" \/>\n<meta property=\"og:url\" content=\"https:\/\/lovme.pt\/index.php\/produto\/dillio-secret-explorer-1524-cm-violeta\/\" \/>\n<meta property=\"og:site_name\" content=\"Lovme\" \/>\n<meta property=\"article:modified_time\" content=\"2026-02-19T20:07:28+00:00\" \/>\n<meta property=\"og:image\" content=\"https:\/\/erki24nd3ub.exactdn.com\/wp-content\/uploads\/dream\/img\/img_134457_ac0f1799f0d0ab20a8ae81cd2f9695d9_1.jpg?strip=all\" \/>\n\t<meta property=\"og:image:width\" content=\"800\" \/>\n\t<meta property=\"og:image:height\" content=\"800\" \/>\n\t<meta property=\"og:image:type\" content=\"image\/jpeg\" \/>\n<meta name=\"twitter:card\" content=\"summary_large_image\" \/>\n<meta name=\"twitter:label1\" content=\"Tempo estimado de leitura\" \/>\n\t<meta name=\"twitter:data1\" content=\"1 minuto\" \/>\n<script type=\"application\/ld+json\" class=\"yoast-schema-graph\">{\"@context\":\"https:\\\/\\\/schema.org\",\"@graph\":[{\"@type\":\"WebPage\",\"@id\":\"https:\\\/\\\/lovme.pt\\\/index.php\\\/produto\\\/dillio-secret-explorer-1524-cm-violeta\\\/\",\"url\":\"https:\\\/\\\/lovme.pt\\\/index.php\\\/produto\\\/dillio-secret-explorer-1524-cm-violeta\\\/\",\"name\":\"DILLIO - SECRET EXPLORER 15,24 CM VIOLETA - Lovme\",\"isPartOf\":{\"@id\":\"https:\\\/\\\/lovme.pt\\\/#website\"},\"primaryImageOfPage\":{\"@id\":\"https:\\\/\\\/lovme.pt\\\/index.php\\\/produto\\\/dillio-secret-explorer-1524-cm-violeta\\\/#primaryimage\"},\"image\":{\"@id\":\"https:\\\/\\\/lovme.pt\\\/index.php\\\/produto\\\/dillio-secret-explorer-1524-cm-violeta\\\/#primaryimage\"},\"thumbnailUrl\":\"https:\\\/\\\/erki24nd3ub.exactdn.com\\\/wp-content\\\/uploads\\\/dream\\\/img\\\/img_134457_ac0f1799f0d0ab20a8ae81cd2f9695d9_1.jpg?strip=all\",\"datePublished\":\"2025-09-30T20:13:22+00:00\",\"dateModified\":\"2026-02-19T20:07:28+00:00\",\"breadcrumb\":{\"@id\":\"https:\\\/\\\/lovme.pt\\\/index.php\\\/produto\\\/dillio-secret-explorer-1524-cm-violeta\\\/#breadcrumb\"},\"inLanguage\":\"pt-PT\",\"potentialAction\":[{\"@type\":\"ReadAction\",\"target\":[\"https:\\\/\\\/lovme.pt\\\/index.php\\\/produto\\\/dillio-secret-explorer-1524-cm-violeta\\\/\"]}]},{\"@type\":\"ImageObject\",\"inLanguage\":\"pt-PT\",\"@id\":\"https:\\\/\\\/lovme.pt\\\/index.php\\\/produto\\\/dillio-secret-explorer-1524-cm-violeta\\\/#primaryimage\",\"url\":\"https:\\\/\\\/erki24nd3ub.exactdn.com\\\/wp-content\\\/uploads\\\/dream\\\/img\\\/img_134457_ac0f1799f0d0ab20a8ae81cd2f9695d9_1.jpg?strip=all\",\"contentUrl\":\"https:\\\/\\\/erki24nd3ub.exactdn.com\\\/wp-content\\\/uploads\\\/dream\\\/img\\\/img_134457_ac0f1799f0d0ab20a8ae81cd2f9695d9_1.jpg?strip=all\",\"width\":800,\"height\":800},{\"@type\":\"BreadcrumbList\",\"@id\":\"https:\\\/\\\/lovme.pt\\\/index.php\\\/produto\\\/dillio-secret-explorer-1524-cm-violeta\\\/#breadcrumb\",\"itemListElement\":[{\"@type\":\"ListItem\",\"position\":1,\"name\":\"In\u00edcio\",\"item\":\"https:\\\/\\\/lovme.pt\\\/\"},{\"@type\":\"ListItem\",\"position\":2,\"name\":\"Loja\",\"item\":\"https:\\\/\\\/lovme.pt\\\/index.php\\\/loja\\\/\"},{\"@type\":\"ListItem\",\"position\":3,\"name\":\"DILLIO &#8211; SECRET EXPLORER 15,24 CM VIOLETA\"}]},{\"@type\":\"WebSite\",\"@id\":\"https:\\\/\\\/lovme.pt\\\/#website\",\"url\":\"https:\\\/\\\/lovme.pt\\\/\",\"name\":\"Lovme Loja Er\u00f3tica N\u00ba1 em Portugal\",\"description\":\"A melhor loja er\u00f3tica de Portugal.\",\"alternateName\":\"Loja Er\u00f3tica Lovme\",\"potentialAction\":[{\"@type\":\"SearchAction\",\"target\":{\"@type\":\"EntryPoint\",\"urlTemplate\":\"https:\\\/\\\/lovme.pt\\\/?s={search_term_string}\"},\"query-input\":{\"@type\":\"PropertyValueSpecification\",\"valueRequired\":true,\"valueName\":\"search_term_string\"}}],\"inLanguage\":\"pt-PT\"}]}<\/script>\n<!-- \/ Yoast SEO plugin. -->","yoast_head_json":{"title":"DILLIO - SECRET EXPLORER 15,24 CM VIOLETA - Lovme","robots":{"index":"index","follow":"follow","max-snippet":"max-snippet:-1","max-image-preview":"max-image-preview:large","max-video-preview":"max-video-preview:-1"},"canonical":"https:\/\/lovme.pt\/index.php\/produto\/dillio-secret-explorer-1524-cm-violeta\/","og_locale":"pt_PT","og_type":"article","og_title":"DILLIO - SECRET EXPLORER 15,24 CM VIOLETA - Lovme","og_description":"DILLIO - SECRET EXPLORER 6 POLEGADAS VIOLETA","og_url":"https:\/\/lovme.pt\/index.php\/produto\/dillio-secret-explorer-1524-cm-violeta\/","og_site_name":"Lovme","article_modified_time":"2026-02-19T20:07:28+00:00","og_image":[{"width":800,"height":800,"url":"https:\/\/erki24nd3ub.exactdn.com\/wp-content\/uploads\/dream\/img\/img_134457_ac0f1799f0d0ab20a8ae81cd2f9695d9_1.jpg?strip=all","type":"image\/jpeg"}],"twitter_card":"summary_large_image","twitter_misc":{"Tempo estimado de leitura":"1 minuto"},"schema":{"@context":"https:\/\/schema.org","@graph":[{"@type":"WebPage","@id":"https:\/\/lovme.pt\/index.php\/produto\/dillio-secret-explorer-1524-cm-violeta\/","url":"https:\/\/lovme.pt\/index.php\/produto\/dillio-secret-explorer-1524-cm-violeta\/","name":"DILLIO - SECRET EXPLORER 15,24 CM VIOLETA - Lovme","isPartOf":{"@id":"https:\/\/lovme.pt\/#website"},"primaryImageOfPage":{"@id":"https:\/\/lovme.pt\/index.php\/produto\/dillio-secret-explorer-1524-cm-violeta\/#primaryimage"},"image":{"@id":"https:\/\/lovme.pt\/index.php\/produto\/dillio-secret-explorer-1524-cm-violeta\/#primaryimage"},"thumbnailUrl":"https:\/\/erki24nd3ub.exactdn.com\/wp-content\/uploads\/dream\/img\/img_134457_ac0f1799f0d0ab20a8ae81cd2f9695d9_1.jpg?strip=all","datePublished":"2025-09-30T20:13:22+00:00","dateModified":"2026-02-19T20:07:28+00:00","breadcrumb":{"@id":"https:\/\/lovme.pt\/index.php\/produto\/dillio-secret-explorer-1524-cm-violeta\/#breadcrumb"},"inLanguage":"pt-PT","potentialAction":[{"@type":"ReadAction","target":["https:\/\/lovme.pt\/index.php\/produto\/dillio-secret-explorer-1524-cm-violeta\/"]}]},{"@type":"ImageObject","inLanguage":"pt-PT","@id":"https:\/\/lovme.pt\/index.php\/produto\/dillio-secret-explorer-1524-cm-violeta\/#primaryimage","url":"https:\/\/erki24nd3ub.exactdn.com\/wp-content\/uploads\/dream\/img\/img_134457_ac0f1799f0d0ab20a8ae81cd2f9695d9_1.jpg?strip=all","contentUrl":"https:\/\/erki24nd3ub.exactdn.com\/wp-content\/uploads\/dream\/img\/img_134457_ac0f1799f0d0ab20a8ae81cd2f9695d9_1.jpg?strip=all","width":800,"height":800},{"@type":"BreadcrumbList","@id":"https:\/\/lovme.pt\/index.php\/produto\/dillio-secret-explorer-1524-cm-violeta\/#breadcrumb","itemListElement":[{"@type":"ListItem","position":1,"name":"In\u00edcio","item":"https:\/\/lovme.pt\/"},{"@type":"ListItem","position":2,"name":"Loja","item":"https:\/\/lovme.pt\/index.php\/loja\/"},{"@type":"ListItem","position":3,"name":"DILLIO &#8211; SECRET EXPLORER 15,24 CM VIOLETA"}]},{"@type":"WebSite","@id":"https:\/\/lovme.pt\/#website","url":"https:\/\/lovme.pt\/","name":"Lovme Loja Er\u00f3tica N\u00ba1 em Portugal","description":"A melhor loja er\u00f3tica de Portugal.","alternateName":"Loja Er\u00f3tica Lovme","potentialAction":[{"@type":"SearchAction","target":{"@type":"EntryPoint","urlTemplate":"https:\/\/lovme.pt\/?s={search_term_string}"},"query-input":{"@type":"PropertyValueSpecification","valueRequired":true,"valueName":"search_term_string"}}],"inLanguage":"pt-PT"}]}},"_links":{"self":[{"href":"https:\/\/lovme.pt\/index.php\/wp-json\/wp\/v2\/product\/41353","targetHints":{"allow":["GET"]}}],"collection":[{"href":"https:\/\/lovme.pt\/index.php\/wp-json\/wp\/v2\/product"}],"about":[{"href":"https:\/\/lovme.pt\/index.php\/wp-json\/wp\/v2\/types\/product"}],"wp:featuredmedia":[{"embeddable":true,"href":"https:\/\/lovme.pt\/index.php\/wp-json\/wp\/v2\/media\/66282"}],"wp:attachment":[{"href":"https:\/\/lovme.pt\/index.php\/wp-json\/wp\/v2\/media?parent=41353"}],"wp:term":[{"taxonomy":"product_brand","embeddable":true,"href":"https:\/\/lovme.pt\/index.php\/wp-json\/wp\/v2\/product_brand?post=41353"},{"taxonomy":"product_cat","embeddable":true,"href":"https:\/\/lovme.pt\/index.php\/wp-json\/wp\/v2\/product_cat?post=41353"},{"taxonomy":"product_tag","embeddable":true,"href":"https:\/\/lovme.pt\/index.php\/wp-json\/wp\/v2\/product_tag?post=41353"}],"curies":[{"name":"wp","href":"https:\/\/api.w.org\/{rel}","templated":true}]}}