{"id":41349,"date":"2025-10-01T00:03:29","date_gmt":"2025-10-01T00:03:29","guid":{"rendered":"https:\/\/lovme.pt\/?post_type=product&p=41349"},"modified":"2026-02-19T20:14:13","modified_gmt":"2026-02-19T20:14:13","slug":"calexotics-star-fucker-glider-plug","status":"publish","type":"product","link":"https:\/\/lovme.pt\/index.php\/produto\/calexotics-star-fucker-glider-plug\/","title":{"rendered":"CALEXOTICS &#8211; STAR FUCKER GLIDER PLUG"},"content":{"rendered":"<p>Decole para um universo de prazer personalizado com o Star Fucker Glider Plug. Um intensificador duplo de silicone el\u00e1stico \u00e9 combinado com uma sonda de metal elegante e sem costura para suporte vers\u00e1til, aprimoramento e at\u00e9 mesmo um jogo de temperatura tentador. O intensificador duplo de silicone flex\u00edvel foi criado para aumentar a resist\u00eancia, melhorar a sensibilidade e fornecer suporte de ere\u00e7\u00e3o superior. Divirta-se usando o intensificador duplo e a sonda met\u00e1lica juntos e n\u00e3o se esque\u00e7a de que eles podem ser desmontados para facilitar a limpeza. A sonda flex\u00edvel \u00e9 feita de uma liga de alum\u00ednio lisa e sem costura que ret\u00e9m calor ou frio para uma experi\u00eancia \u00fanica de jogo de temperatura. Enquanto voc\u00ea expande seus horizontes com o elegante plug bulboso, use a base adornada com pedras brilhantes para estimula\u00e7\u00e3o fumegante, inser\u00e7\u00e3o sem esfor\u00e7o e remo\u00e7\u00e3o suave. A vista fica ainda melhor por tr\u00e1s com a base da gema cintilante.<\/p>\n<ul>\n<li> Intensificador de silicone el\u00e1stico e dur\u00e1vel com sonda met\u00e1lica deslizante suave e sem costura<\/li>\n<li> Design multifuncional para suporte e aprimoramento personalizados<\/li>\n<li> Plugue de metal e intensificador desmontados para f\u00e1cil limpeza<\/li>\n<li> O metal ret\u00e9m calor ou frio para brincar com a temperatura<\/li>\n<li> Sotaque de gema cintilante<\/li>\n<li> N\u00e3o mancha, sem n\u00edquel<\/li>\n<\/ul>\n<p> A CalExotics tem transformado consistentemente a fantasia em realidade h\u00e1 mais de uma d\u00e9cada. Com uma aten\u00e7\u00e3o incompar\u00e1vel aos detalhes, a fundadora e propriet\u00e1ria da CalExotics, Susan Colvin, tornou a marca California Exotic Novelty sin\u00f4nimo de brinquedos para adultos de qualidade. O fato de a CalExotics ser uma empresa pertencente e operada por mulheres desempenha um papel importante em sua ascens\u00e3o mete\u00f3rica ao topo da ind\u00fastria de brinquedos e novidades para adultos.<\/p>\n","protected":false},"excerpt":{"rendered":"<p>CALEXOTICS &#8211; STAR FUCKER GLIDER PLUG<\/p>\n","protected":false},"featured_media":84099,"template":"","meta":{"_acf_changed":false},"product_brand":[],"product_cat":[48,17,56,59,60,62,63],"product_tag":[],"class_list":{"0":"post-41349","1":"product","2":"type-product","3":"status-publish","4":"has-post-thumbnail","6":"product_cat-bdsm","7":"product_cat-brinquedos-de-bem-estar-sexual","8":"product_cat-dildos-e-arneses","9":"product_cat-para-casais","10":"product_cat-para-eles","11":"product_cat-plugues-e-correntes-anais","12":"product_cat-sexo-anal","13":"yith_product_brand-calexotics","15":"first","16":"instock","17":"taxable","18":"shipping-taxable","19":"purchasable","20":"product-type-simple"},"acf":[],"yoast_head":"<!-- This site is optimized with the Yoast SEO plugin v27.3 - https:\/\/yoast.com\/product\/yoast-seo-wordpress\/ -->\n<title>CALEXOTICS - STAR FUCKER GLIDER PLUG - Lovme<\/title>\n<meta name=\"robots\" content=\"index, follow, max-snippet:-1, max-image-preview:large, max-video-preview:-1\" \/>\n<link rel=\"canonical\" href=\"https:\/\/lovme.pt\/index.php\/produto\/calexotics-star-fucker-glider-plug\/\" \/>\n<meta property=\"og:locale\" content=\"pt_PT\" \/>\n<meta property=\"og:type\" content=\"article\" \/>\n<meta property=\"og:title\" content=\"CALEXOTICS - STAR FUCKER GLIDER PLUG - Lovme\" \/>\n<meta property=\"og:description\" content=\"CALEXOTICS - STAR FUCKER GLIDER PLUG\" \/>\n<meta property=\"og:url\" content=\"https:\/\/lovme.pt\/index.php\/produto\/calexotics-star-fucker-glider-plug\/\" \/>\n<meta property=\"og:site_name\" content=\"Lovme\" \/>\n<meta property=\"article:modified_time\" content=\"2026-02-19T20:14:13+00:00\" \/>\n<meta property=\"og:image\" content=\"https:\/\/erki24nd3ub.exactdn.com\/wp-content\/uploads\/dream\/img\/img_134429_beed3fef7252c14975868a689447b696_1.jpg?strip=all\" \/>\n\t<meta property=\"og:image:width\" content=\"800\" \/>\n\t<meta property=\"og:image:height\" content=\"800\" \/>\n\t<meta property=\"og:image:type\" content=\"image\/jpeg\" \/>\n<meta name=\"twitter:card\" content=\"summary_large_image\" \/>\n<meta name=\"twitter:label1\" content=\"Tempo estimado de leitura\" \/>\n\t<meta name=\"twitter:data1\" content=\"2 minutos\" \/>\n<script type=\"application\/ld+json\" class=\"yoast-schema-graph\">{\"@context\":\"https:\\\/\\\/schema.org\",\"@graph\":[{\"@type\":\"WebPage\",\"@id\":\"https:\\\/\\\/lovme.pt\\\/index.php\\\/produto\\\/calexotics-star-fucker-glider-plug\\\/\",\"url\":\"https:\\\/\\\/lovme.pt\\\/index.php\\\/produto\\\/calexotics-star-fucker-glider-plug\\\/\",\"name\":\"CALEXOTICS - STAR FUCKER GLIDER PLUG - Lovme\",\"isPartOf\":{\"@id\":\"https:\\\/\\\/lovme.pt\\\/#website\"},\"primaryImageOfPage\":{\"@id\":\"https:\\\/\\\/lovme.pt\\\/index.php\\\/produto\\\/calexotics-star-fucker-glider-plug\\\/#primaryimage\"},\"image\":{\"@id\":\"https:\\\/\\\/lovme.pt\\\/index.php\\\/produto\\\/calexotics-star-fucker-glider-plug\\\/#primaryimage\"},\"thumbnailUrl\":\"https:\\\/\\\/erki24nd3ub.exactdn.com\\\/wp-content\\\/uploads\\\/dream\\\/img\\\/img_134429_beed3fef7252c14975868a689447b696_1.jpg?strip=all\",\"datePublished\":\"2025-10-01T00:03:29+00:00\",\"dateModified\":\"2026-02-19T20:14:13+00:00\",\"breadcrumb\":{\"@id\":\"https:\\\/\\\/lovme.pt\\\/index.php\\\/produto\\\/calexotics-star-fucker-glider-plug\\\/#breadcrumb\"},\"inLanguage\":\"pt-PT\",\"potentialAction\":[{\"@type\":\"ReadAction\",\"target\":[\"https:\\\/\\\/lovme.pt\\\/index.php\\\/produto\\\/calexotics-star-fucker-glider-plug\\\/\"]}]},{\"@type\":\"ImageObject\",\"inLanguage\":\"pt-PT\",\"@id\":\"https:\\\/\\\/lovme.pt\\\/index.php\\\/produto\\\/calexotics-star-fucker-glider-plug\\\/#primaryimage\",\"url\":\"https:\\\/\\\/erki24nd3ub.exactdn.com\\\/wp-content\\\/uploads\\\/dream\\\/img\\\/img_134429_beed3fef7252c14975868a689447b696_1.jpg?strip=all\",\"contentUrl\":\"https:\\\/\\\/erki24nd3ub.exactdn.com\\\/wp-content\\\/uploads\\\/dream\\\/img\\\/img_134429_beed3fef7252c14975868a689447b696_1.jpg?strip=all\",\"width\":800,\"height\":800},{\"@type\":\"BreadcrumbList\",\"@id\":\"https:\\\/\\\/lovme.pt\\\/index.php\\\/produto\\\/calexotics-star-fucker-glider-plug\\\/#breadcrumb\",\"itemListElement\":[{\"@type\":\"ListItem\",\"position\":1,\"name\":\"In\u00edcio\",\"item\":\"https:\\\/\\\/lovme.pt\\\/\"},{\"@type\":\"ListItem\",\"position\":2,\"name\":\"Loja\",\"item\":\"https:\\\/\\\/lovme.pt\\\/index.php\\\/loja\\\/\"},{\"@type\":\"ListItem\",\"position\":3,\"name\":\"CALEXOTICS &#8211; STAR FUCKER GLIDER PLUG\"}]},{\"@type\":\"WebSite\",\"@id\":\"https:\\\/\\\/lovme.pt\\\/#website\",\"url\":\"https:\\\/\\\/lovme.pt\\\/\",\"name\":\"Lovme Loja Er\u00f3tica N\u00ba1 em Portugal\",\"description\":\"A melhor loja er\u00f3tica de Portugal.\",\"alternateName\":\"Loja Er\u00f3tica Lovme\",\"potentialAction\":[{\"@type\":\"SearchAction\",\"target\":{\"@type\":\"EntryPoint\",\"urlTemplate\":\"https:\\\/\\\/lovme.pt\\\/?s={search_term_string}\"},\"query-input\":{\"@type\":\"PropertyValueSpecification\",\"valueRequired\":true,\"valueName\":\"search_term_string\"}}],\"inLanguage\":\"pt-PT\"}]}<\/script>\n<!-- \/ Yoast SEO plugin. -->","yoast_head_json":{"title":"CALEXOTICS - STAR FUCKER GLIDER PLUG - Lovme","robots":{"index":"index","follow":"follow","max-snippet":"max-snippet:-1","max-image-preview":"max-image-preview:large","max-video-preview":"max-video-preview:-1"},"canonical":"https:\/\/lovme.pt\/index.php\/produto\/calexotics-star-fucker-glider-plug\/","og_locale":"pt_PT","og_type":"article","og_title":"CALEXOTICS - STAR FUCKER GLIDER PLUG - Lovme","og_description":"CALEXOTICS - STAR FUCKER GLIDER PLUG","og_url":"https:\/\/lovme.pt\/index.php\/produto\/calexotics-star-fucker-glider-plug\/","og_site_name":"Lovme","article_modified_time":"2026-02-19T20:14:13+00:00","og_image":[{"width":800,"height":800,"url":"https:\/\/erki24nd3ub.exactdn.com\/wp-content\/uploads\/dream\/img\/img_134429_beed3fef7252c14975868a689447b696_1.jpg?strip=all","type":"image\/jpeg"}],"twitter_card":"summary_large_image","twitter_misc":{"Tempo estimado de leitura":"2 minutos"},"schema":{"@context":"https:\/\/schema.org","@graph":[{"@type":"WebPage","@id":"https:\/\/lovme.pt\/index.php\/produto\/calexotics-star-fucker-glider-plug\/","url":"https:\/\/lovme.pt\/index.php\/produto\/calexotics-star-fucker-glider-plug\/","name":"CALEXOTICS - STAR FUCKER GLIDER PLUG - Lovme","isPartOf":{"@id":"https:\/\/lovme.pt\/#website"},"primaryImageOfPage":{"@id":"https:\/\/lovme.pt\/index.php\/produto\/calexotics-star-fucker-glider-plug\/#primaryimage"},"image":{"@id":"https:\/\/lovme.pt\/index.php\/produto\/calexotics-star-fucker-glider-plug\/#primaryimage"},"thumbnailUrl":"https:\/\/erki24nd3ub.exactdn.com\/wp-content\/uploads\/dream\/img\/img_134429_beed3fef7252c14975868a689447b696_1.jpg?strip=all","datePublished":"2025-10-01T00:03:29+00:00","dateModified":"2026-02-19T20:14:13+00:00","breadcrumb":{"@id":"https:\/\/lovme.pt\/index.php\/produto\/calexotics-star-fucker-glider-plug\/#breadcrumb"},"inLanguage":"pt-PT","potentialAction":[{"@type":"ReadAction","target":["https:\/\/lovme.pt\/index.php\/produto\/calexotics-star-fucker-glider-plug\/"]}]},{"@type":"ImageObject","inLanguage":"pt-PT","@id":"https:\/\/lovme.pt\/index.php\/produto\/calexotics-star-fucker-glider-plug\/#primaryimage","url":"https:\/\/erki24nd3ub.exactdn.com\/wp-content\/uploads\/dream\/img\/img_134429_beed3fef7252c14975868a689447b696_1.jpg?strip=all","contentUrl":"https:\/\/erki24nd3ub.exactdn.com\/wp-content\/uploads\/dream\/img\/img_134429_beed3fef7252c14975868a689447b696_1.jpg?strip=all","width":800,"height":800},{"@type":"BreadcrumbList","@id":"https:\/\/lovme.pt\/index.php\/produto\/calexotics-star-fucker-glider-plug\/#breadcrumb","itemListElement":[{"@type":"ListItem","position":1,"name":"In\u00edcio","item":"https:\/\/lovme.pt\/"},{"@type":"ListItem","position":2,"name":"Loja","item":"https:\/\/lovme.pt\/index.php\/loja\/"},{"@type":"ListItem","position":3,"name":"CALEXOTICS &#8211; STAR FUCKER GLIDER PLUG"}]},{"@type":"WebSite","@id":"https:\/\/lovme.pt\/#website","url":"https:\/\/lovme.pt\/","name":"Lovme Loja Er\u00f3tica N\u00ba1 em Portugal","description":"A melhor loja er\u00f3tica de Portugal.","alternateName":"Loja Er\u00f3tica Lovme","potentialAction":[{"@type":"SearchAction","target":{"@type":"EntryPoint","urlTemplate":"https:\/\/lovme.pt\/?s={search_term_string}"},"query-input":{"@type":"PropertyValueSpecification","valueRequired":true,"valueName":"search_term_string"}}],"inLanguage":"pt-PT"}]}},"_links":{"self":[{"href":"https:\/\/lovme.pt\/index.php\/wp-json\/wp\/v2\/product\/41349","targetHints":{"allow":["GET"]}}],"collection":[{"href":"https:\/\/lovme.pt\/index.php\/wp-json\/wp\/v2\/product"}],"about":[{"href":"https:\/\/lovme.pt\/index.php\/wp-json\/wp\/v2\/types\/product"}],"wp:featuredmedia":[{"embeddable":true,"href":"https:\/\/lovme.pt\/index.php\/wp-json\/wp\/v2\/media\/84099"}],"wp:attachment":[{"href":"https:\/\/lovme.pt\/index.php\/wp-json\/wp\/v2\/media?parent=41349"}],"wp:term":[{"taxonomy":"product_brand","embeddable":true,"href":"https:\/\/lovme.pt\/index.php\/wp-json\/wp\/v2\/product_brand?post=41349"},{"taxonomy":"product_cat","embeddable":true,"href":"https:\/\/lovme.pt\/index.php\/wp-json\/wp\/v2\/product_cat?post=41349"},{"taxonomy":"product_tag","embeddable":true,"href":"https:\/\/lovme.pt\/index.php\/wp-json\/wp\/v2\/product_tag?post=41349"}],"curies":[{"name":"wp","href":"https:\/\/api.w.org\/{rel}","templated":true}]}}