{"id":41342,"date":"2025-09-30T20:42:55","date_gmt":"2025-09-30T20:42:55","guid":{"rendered":"https:\/\/lovme.pt\/?post_type=product&p=41342"},"modified":"2026-02-19T20:08:45","modified_gmt":"2026-02-19T20:08:45","slug":"calexotics-stella-dual-teaser-laranja","status":"publish","type":"product","link":"https:\/\/lovme.pt\/index.php\/produto\/calexotics-stella-dual-teaser-laranja\/","title":{"rendered":"CALEXOTICS &#8211; STELLA DUAL TEASER LARANJA"},"content":{"rendered":"<p>Voc\u00ea ficar\u00e1 sem f\u00f4lego com o toque de um bot\u00e3o com o deslumbrante Stella Liquid Silicone Dual Teaser. A vibra\u00e7\u00e3o dupla com contornos \u00edntimos \u00e9 t\u00e3o emocionante quanto vers\u00e1til com a ponta de formato exclusivo, motores duplos e 12 fun\u00e7\u00f5es de vibra\u00e7\u00e3o indulgentes. Aproveite a estimula\u00e7\u00e3o do ponto G que faz tremer a terra como voc\u00ea nunca experimentou com a ponta acentuada do estimulador G e as pulsa\u00e7\u00f5es intensas do motor duplo. Este massageador duplo de alta pot\u00eancia foi criado com uma haste G curva e um estimulador de contorno natural para abra\u00e7ar suas curvas mais \u00edntimas. Um motor intenso dentro do eixo flex\u00edvel e outro dentro do teaser fornecem vibra\u00e7\u00f5es estrondosas para uma estimula\u00e7\u00e3o divertida e poderosa. Delicie-se com o prazer personalizado enquanto o eixo curvo e o teaser vibram ao ritmo de 12 fun\u00e7\u00f5es de vibra\u00e7\u00e3o. Controle esta variedade de op\u00e7\u00f5es org\u00e1sticas com o bot\u00e3o de controle f\u00e1cil de tocar. O massageador flex\u00edvel \u00e9 feito de silicone l\u00edquido higienicamente superior para uma sensa\u00e7\u00e3o mais macia, suave, dur\u00e1vel e flex\u00edvel. Esteja voc\u00ea dando um mergulho com um amante ou desfrutando de uma sess\u00e3o solo quente, conte com at\u00e9 110 minutos de vibra\u00e7\u00e3o \u00e0 prova d\u00e1gua. Recarregue o prazer e volte a brincar em apenas 2 horas com o cabo USB fornecido. Para que voc\u00ea tenha prazer em viajar, um recurso de bloqueio de seguran\u00e7a para viagem exige que voc\u00ea mantenha pressionado o bot\u00e3o liga\/desliga por 3 segundos para ligar ou desligar.<\/p>\n<ul>\n<li>Massageador duplo premium com ponta de formato exclusivo para preliminares e prazer aprimorados<\/li>\n<li>Flex\u00edvel com vibra\u00e7\u00f5es poderosas e motores duplos<\/li>\n<li>12 fun\u00e7\u00f5es intensas de vibra\u00e7\u00e3o, pulsa\u00e7\u00e3o e escalada<\/li>\n<li>Silicone l\u00edquido: mais macio, suave, dur\u00e1vel e \u00e0 prova d\u00e1gua<\/li>\n<li>Chip de mem\u00f3ria de \u00faltima gera\u00e7\u00e3o reinicia na \u00faltima fun\u00e7\u00e3o usada<\/li>\n<li>Recurso de bloqueio de viagem de seguran\u00e7a mantido por 3 segundos para ligar ou desligar<\/li>\n<li>Cabo de carregamento recarreg\u00e1vel USB inclu\u00eddo<\/li>\n<li>Carga completa em 2 horas<\/li>\n<li>Funciona por 60 minutos em alta velocidade e 110 minutos em baixa velocidade<\/li>\n<\/ul>\n<p>A CalExotics tem transformado consistentemente a fantasia em realidade h\u00e1 mais de uma d\u00e9cada. Com uma aten\u00e7\u00e3o incompar\u00e1vel aos detalhes, a fundadora e propriet\u00e1ria da CalExotics, Susan Colvin, tornou a marca California Exotic Novelty sin\u00f4nimo de brinquedos para adultos de qualidade. O fato de a CalExotics ser uma empresa pertencente e operada por mulheres desempenha um papel importante em sua ascens\u00e3o mete\u00f3rica ao topo da ind\u00fastria de brinquedos e novidades para adultos.<\/p>\n","protected":false},"excerpt":{"rendered":"<p>CALEXOTICS &#8211; STELLA DUAL TEASER LARANJA<\/p>\n","protected":false},"featured_media":71825,"template":"","meta":{"_acf_changed":false},"product_brand":[],"product_cat":[17,61,76],"product_tag":[],"class_list":{"0":"post-41342","1":"product","2":"type-product","3":"status-publish","4":"has-post-thumbnail","6":"product_cat-brinquedos-de-bem-estar-sexual","7":"product_cat-para-elas","8":"product_cat-vibradores","9":"yith_product_brand-calexotics","11":"first","12":"instock","13":"taxable","14":"shipping-taxable","15":"purchasable","16":"product-type-simple"},"acf":[],"yoast_head":"<!-- This site is optimized with the Yoast SEO plugin v27.3 - https:\/\/yoast.com\/product\/yoast-seo-wordpress\/ -->\n<title>CALEXOTICS - STELLA DUAL TEASER LARANJA - Lovme<\/title>\n<meta name=\"robots\" content=\"index, follow, max-snippet:-1, max-image-preview:large, max-video-preview:-1\" \/>\n<link rel=\"canonical\" href=\"https:\/\/lovme.pt\/index.php\/produto\/calexotics-stella-dual-teaser-laranja\/\" \/>\n<meta property=\"og:locale\" content=\"pt_PT\" \/>\n<meta property=\"og:type\" content=\"article\" \/>\n<meta property=\"og:title\" content=\"CALEXOTICS - STELLA DUAL TEASER LARANJA - Lovme\" \/>\n<meta property=\"og:description\" content=\"CALEXOTICS - STELLA DUAL TEASER LARANJA\" \/>\n<meta property=\"og:url\" content=\"https:\/\/lovme.pt\/index.php\/produto\/calexotics-stella-dual-teaser-laranja\/\" \/>\n<meta property=\"og:site_name\" content=\"Lovme\" \/>\n<meta property=\"article:modified_time\" content=\"2026-02-19T20:08:45+00:00\" \/>\n<meta property=\"og:image\" content=\"https:\/\/erki24nd3ub.exactdn.com\/wp-content\/uploads\/dream\/img\/img_134340_483c847338b111be7704a814c32666e9_1.jpg?strip=all\" \/>\n\t<meta property=\"og:image:width\" content=\"800\" \/>\n\t<meta property=\"og:image:height\" content=\"800\" \/>\n\t<meta property=\"og:image:type\" content=\"image\/jpeg\" \/>\n<meta name=\"twitter:card\" content=\"summary_large_image\" \/>\n<meta name=\"twitter:label1\" content=\"Tempo estimado de leitura\" \/>\n\t<meta name=\"twitter:data1\" content=\"2 minutos\" \/>\n<script type=\"application\/ld+json\" class=\"yoast-schema-graph\">{\"@context\":\"https:\\\/\\\/schema.org\",\"@graph\":[{\"@type\":\"WebPage\",\"@id\":\"https:\\\/\\\/lovme.pt\\\/index.php\\\/produto\\\/calexotics-stella-dual-teaser-laranja\\\/\",\"url\":\"https:\\\/\\\/lovme.pt\\\/index.php\\\/produto\\\/calexotics-stella-dual-teaser-laranja\\\/\",\"name\":\"CALEXOTICS - STELLA DUAL TEASER LARANJA - Lovme\",\"isPartOf\":{\"@id\":\"https:\\\/\\\/lovme.pt\\\/#website\"},\"primaryImageOfPage\":{\"@id\":\"https:\\\/\\\/lovme.pt\\\/index.php\\\/produto\\\/calexotics-stella-dual-teaser-laranja\\\/#primaryimage\"},\"image\":{\"@id\":\"https:\\\/\\\/lovme.pt\\\/index.php\\\/produto\\\/calexotics-stella-dual-teaser-laranja\\\/#primaryimage\"},\"thumbnailUrl\":\"https:\\\/\\\/erki24nd3ub.exactdn.com\\\/wp-content\\\/uploads\\\/dream\\\/img\\\/img_134340_483c847338b111be7704a814c32666e9_1.jpg?strip=all\",\"datePublished\":\"2025-09-30T20:42:55+00:00\",\"dateModified\":\"2026-02-19T20:08:45+00:00\",\"breadcrumb\":{\"@id\":\"https:\\\/\\\/lovme.pt\\\/index.php\\\/produto\\\/calexotics-stella-dual-teaser-laranja\\\/#breadcrumb\"},\"inLanguage\":\"pt-PT\",\"potentialAction\":[{\"@type\":\"ReadAction\",\"target\":[\"https:\\\/\\\/lovme.pt\\\/index.php\\\/produto\\\/calexotics-stella-dual-teaser-laranja\\\/\"]}]},{\"@type\":\"ImageObject\",\"inLanguage\":\"pt-PT\",\"@id\":\"https:\\\/\\\/lovme.pt\\\/index.php\\\/produto\\\/calexotics-stella-dual-teaser-laranja\\\/#primaryimage\",\"url\":\"https:\\\/\\\/erki24nd3ub.exactdn.com\\\/wp-content\\\/uploads\\\/dream\\\/img\\\/img_134340_483c847338b111be7704a814c32666e9_1.jpg?strip=all\",\"contentUrl\":\"https:\\\/\\\/erki24nd3ub.exactdn.com\\\/wp-content\\\/uploads\\\/dream\\\/img\\\/img_134340_483c847338b111be7704a814c32666e9_1.jpg?strip=all\",\"width\":800,\"height\":800},{\"@type\":\"BreadcrumbList\",\"@id\":\"https:\\\/\\\/lovme.pt\\\/index.php\\\/produto\\\/calexotics-stella-dual-teaser-laranja\\\/#breadcrumb\",\"itemListElement\":[{\"@type\":\"ListItem\",\"position\":1,\"name\":\"In\u00edcio\",\"item\":\"https:\\\/\\\/lovme.pt\\\/\"},{\"@type\":\"ListItem\",\"position\":2,\"name\":\"Loja\",\"item\":\"https:\\\/\\\/lovme.pt\\\/index.php\\\/loja\\\/\"},{\"@type\":\"ListItem\",\"position\":3,\"name\":\"CALEXOTICS &#8211; STELLA DUAL TEASER LARANJA\"}]},{\"@type\":\"WebSite\",\"@id\":\"https:\\\/\\\/lovme.pt\\\/#website\",\"url\":\"https:\\\/\\\/lovme.pt\\\/\",\"name\":\"Lovme Loja Er\u00f3tica N\u00ba1 em Portugal\",\"description\":\"A melhor loja er\u00f3tica de Portugal.\",\"alternateName\":\"Loja Er\u00f3tica Lovme\",\"potentialAction\":[{\"@type\":\"SearchAction\",\"target\":{\"@type\":\"EntryPoint\",\"urlTemplate\":\"https:\\\/\\\/lovme.pt\\\/?s={search_term_string}\"},\"query-input\":{\"@type\":\"PropertyValueSpecification\",\"valueRequired\":true,\"valueName\":\"search_term_string\"}}],\"inLanguage\":\"pt-PT\"}]}<\/script>\n<!-- \/ Yoast SEO plugin. -->","yoast_head_json":{"title":"CALEXOTICS - STELLA DUAL TEASER LARANJA - Lovme","robots":{"index":"index","follow":"follow","max-snippet":"max-snippet:-1","max-image-preview":"max-image-preview:large","max-video-preview":"max-video-preview:-1"},"canonical":"https:\/\/lovme.pt\/index.php\/produto\/calexotics-stella-dual-teaser-laranja\/","og_locale":"pt_PT","og_type":"article","og_title":"CALEXOTICS - STELLA DUAL TEASER LARANJA - Lovme","og_description":"CALEXOTICS - STELLA DUAL TEASER LARANJA","og_url":"https:\/\/lovme.pt\/index.php\/produto\/calexotics-stella-dual-teaser-laranja\/","og_site_name":"Lovme","article_modified_time":"2026-02-19T20:08:45+00:00","og_image":[{"width":800,"height":800,"url":"https:\/\/erki24nd3ub.exactdn.com\/wp-content\/uploads\/dream\/img\/img_134340_483c847338b111be7704a814c32666e9_1.jpg?strip=all","type":"image\/jpeg"}],"twitter_card":"summary_large_image","twitter_misc":{"Tempo estimado de leitura":"2 minutos"},"schema":{"@context":"https:\/\/schema.org","@graph":[{"@type":"WebPage","@id":"https:\/\/lovme.pt\/index.php\/produto\/calexotics-stella-dual-teaser-laranja\/","url":"https:\/\/lovme.pt\/index.php\/produto\/calexotics-stella-dual-teaser-laranja\/","name":"CALEXOTICS - STELLA DUAL TEASER LARANJA - Lovme","isPartOf":{"@id":"https:\/\/lovme.pt\/#website"},"primaryImageOfPage":{"@id":"https:\/\/lovme.pt\/index.php\/produto\/calexotics-stella-dual-teaser-laranja\/#primaryimage"},"image":{"@id":"https:\/\/lovme.pt\/index.php\/produto\/calexotics-stella-dual-teaser-laranja\/#primaryimage"},"thumbnailUrl":"https:\/\/erki24nd3ub.exactdn.com\/wp-content\/uploads\/dream\/img\/img_134340_483c847338b111be7704a814c32666e9_1.jpg?strip=all","datePublished":"2025-09-30T20:42:55+00:00","dateModified":"2026-02-19T20:08:45+00:00","breadcrumb":{"@id":"https:\/\/lovme.pt\/index.php\/produto\/calexotics-stella-dual-teaser-laranja\/#breadcrumb"},"inLanguage":"pt-PT","potentialAction":[{"@type":"ReadAction","target":["https:\/\/lovme.pt\/index.php\/produto\/calexotics-stella-dual-teaser-laranja\/"]}]},{"@type":"ImageObject","inLanguage":"pt-PT","@id":"https:\/\/lovme.pt\/index.php\/produto\/calexotics-stella-dual-teaser-laranja\/#primaryimage","url":"https:\/\/erki24nd3ub.exactdn.com\/wp-content\/uploads\/dream\/img\/img_134340_483c847338b111be7704a814c32666e9_1.jpg?strip=all","contentUrl":"https:\/\/erki24nd3ub.exactdn.com\/wp-content\/uploads\/dream\/img\/img_134340_483c847338b111be7704a814c32666e9_1.jpg?strip=all","width":800,"height":800},{"@type":"BreadcrumbList","@id":"https:\/\/lovme.pt\/index.php\/produto\/calexotics-stella-dual-teaser-laranja\/#breadcrumb","itemListElement":[{"@type":"ListItem","position":1,"name":"In\u00edcio","item":"https:\/\/lovme.pt\/"},{"@type":"ListItem","position":2,"name":"Loja","item":"https:\/\/lovme.pt\/index.php\/loja\/"},{"@type":"ListItem","position":3,"name":"CALEXOTICS &#8211; STELLA DUAL TEASER LARANJA"}]},{"@type":"WebSite","@id":"https:\/\/lovme.pt\/#website","url":"https:\/\/lovme.pt\/","name":"Lovme Loja Er\u00f3tica N\u00ba1 em Portugal","description":"A melhor loja er\u00f3tica de Portugal.","alternateName":"Loja Er\u00f3tica Lovme","potentialAction":[{"@type":"SearchAction","target":{"@type":"EntryPoint","urlTemplate":"https:\/\/lovme.pt\/?s={search_term_string}"},"query-input":{"@type":"PropertyValueSpecification","valueRequired":true,"valueName":"search_term_string"}}],"inLanguage":"pt-PT"}]}},"_links":{"self":[{"href":"https:\/\/lovme.pt\/index.php\/wp-json\/wp\/v2\/product\/41342","targetHints":{"allow":["GET"]}}],"collection":[{"href":"https:\/\/lovme.pt\/index.php\/wp-json\/wp\/v2\/product"}],"about":[{"href":"https:\/\/lovme.pt\/index.php\/wp-json\/wp\/v2\/types\/product"}],"wp:featuredmedia":[{"embeddable":true,"href":"https:\/\/lovme.pt\/index.php\/wp-json\/wp\/v2\/media\/71825"}],"wp:attachment":[{"href":"https:\/\/lovme.pt\/index.php\/wp-json\/wp\/v2\/media?parent=41342"}],"wp:term":[{"taxonomy":"product_brand","embeddable":true,"href":"https:\/\/lovme.pt\/index.php\/wp-json\/wp\/v2\/product_brand?post=41342"},{"taxonomy":"product_cat","embeddable":true,"href":"https:\/\/lovme.pt\/index.php\/wp-json\/wp\/v2\/product_cat?post=41342"},{"taxonomy":"product_tag","embeddable":true,"href":"https:\/\/lovme.pt\/index.php\/wp-json\/wp\/v2\/product_tag?post=41342"}],"curies":[{"name":"wp","href":"https:\/\/api.w.org\/{rel}","templated":true}]}}