{"id":41338,"date":"2025-09-30T10:04:49","date_gmt":"2025-09-30T10:04:49","guid":{"rendered":"https:\/\/lovme.pt\/?post_type=product&p=41338"},"modified":"2026-02-19T20:06:28","modified_gmt":"2026-02-19T20:06:28","slug":"calexotics-contorno-zoie-rosa","status":"publish","type":"product","link":"https:\/\/lovme.pt\/index.php\/produto\/calexotics-contorno-zoie-rosa\/","title":{"rendered":"CALEXOTICS &#8211; CONTORNO ZOIE ROSA"},"content":{"rendered":"<p>Alcance novos patamares de prazer com o Contour Zoie fantasticamente flex\u00edvel. O massageador duplo com contornos \u00edntimos \u00e9 t\u00e3o emocionante quanto vers\u00e1til, com um corpo extremamente flex\u00edvel, provocador e 10 fun\u00e7\u00f5es de vibra\u00e7\u00e3o indulgentes. Abrace a estimula\u00e7\u00e3o do ponto G como voc\u00ea nunca experimentou com a ponta do estimulador G acentuada e pulsa\u00e7\u00f5es intensas do motor duplo. Este massageador duplo de alta pot\u00eancia \u00e9 criado com uma haste G curva e um estimulador de contorno natural para agradar suas curvas mais \u00edntimas. De banhos individuais a momentos quentes na banheira, divirta-se com a superf\u00edcie \u00e0 prova d\u00e1gua e 10 fun\u00e7\u00f5es de vibra\u00e7\u00e3o extremamente poderosas. O controle f\u00e1cil de tocar com 2 bot\u00f5es permite alternar entre as configura\u00e7\u00f5es que agitam os joelhos. Enquanto os bot\u00f5es de toque f\u00e1cil controlam a intensidade e a vibra\u00e7\u00e3o proporciona a estimula\u00e7\u00e3o desejada, o corpo flex\u00edvel mant\u00e9m qualquer posi\u00e7\u00e3o desejada. Recarregue o teaser de silicone premium em 2,5 horas com o cabo de carregamento USB fornecido para desfrutar de 40 minutos de estimula\u00e7\u00e3o em alta velocidade ou 90 minutos de vibra\u00e7\u00f5es em baixa velocidade. O design de silicone l\u00edquido premium \u00e9 macio, suave, dur\u00e1vel e \u00e0 prova d\u00e1gua.<\/p>\n<ul>\n<li>O massageador duplo de contorno corporal flexiona e dobra para posicionamento multidirecional<\/li>\n<li>10 fun\u00e7\u00f5es intensas de vibra\u00e7\u00e3o, pulsa\u00e7\u00e3o e escalada<\/li>\n<li>Potentes motores duplos com estimulador de provoca\u00e7\u00e3o<\/li>\n<li>Silicone l\u00edquido: mais macio, suave, dur\u00e1vel e \u00e0 prova d\u00e1gua<\/li>\n<li>Chip de mem\u00f3ria de \u00faltima gera\u00e7\u00e3o reinicia na \u00faltima fun\u00e7\u00e3o usada<\/li>\n<li>Recurso de bloqueio de viagem de seguran\u00e7a mantido por 3 segundos para ligar ou desligar<\/li>\n<li>Cabo de carregamento recarreg\u00e1vel USB inclu\u00eddo<\/li>\n<li>Carga completa em 2,5 horas<\/li>\n<li>Funciona por 30 minutos em alta velocidade e 90 minutos em baixa velocidade<\/li>\n<\/ul>\n<p>A CalExotics tem transformado consistentemente a fantasia em realidade h\u00e1 mais de uma d\u00e9cada. Com uma aten\u00e7\u00e3o incompar\u00e1vel aos detalhes, a fundadora e propriet\u00e1ria da CalExotics, Susan Colvin, tornou a marca California Exotic Novelty sin\u00f4nimo de brinquedos para adultos de qualidade. O fato de a CalExotics ser uma empresa pertencente e operada por mulheres desempenha um papel importante em sua ascens\u00e3o mete\u00f3rica ao topo da ind\u00fastria de brinquedos e novidades para adultos.<\/p>\n","protected":false},"excerpt":{"rendered":"<p>CALEXOTICS &#8211; CONTORNO ZOIE ROSA<\/p>\n","protected":false},"featured_media":62032,"template":"","meta":{"_acf_changed":false},"product_brand":[],"product_cat":[17,76],"product_tag":[],"class_list":{"0":"post-41338","1":"product","2":"type-product","3":"status-publish","4":"has-post-thumbnail","6":"product_cat-brinquedos-de-bem-estar-sexual","7":"product_cat-vibradores","8":"yith_product_brand-calexotics","10":"first","11":"instock","12":"taxable","13":"shipping-taxable","14":"purchasable","15":"product-type-simple"},"acf":[],"yoast_head":"<!-- This site is optimized with the Yoast SEO plugin v27.4 - https:\/\/yoast.com\/product\/yoast-seo-wordpress\/ -->\n<title>CALEXOTICS - CONTORNO ZOIE ROSA - Lovme<\/title>\n<meta name=\"robots\" content=\"index, follow, max-snippet:-1, max-image-preview:large, max-video-preview:-1\" \/>\n<link rel=\"canonical\" href=\"https:\/\/lovme.pt\/index.php\/produto\/calexotics-contorno-zoie-rosa\/\" \/>\n<meta property=\"og:locale\" content=\"pt_PT\" \/>\n<meta property=\"og:type\" content=\"article\" \/>\n<meta property=\"og:title\" content=\"CALEXOTICS - CONTORNO ZOIE ROSA - Lovme\" \/>\n<meta property=\"og:description\" content=\"CALEXOTICS - CONTORNO ZOIE ROSA\" \/>\n<meta property=\"og:url\" content=\"https:\/\/lovme.pt\/index.php\/produto\/calexotics-contorno-zoie-rosa\/\" \/>\n<meta property=\"og:site_name\" content=\"Lovme\" \/>\n<meta property=\"article:modified_time\" content=\"2026-02-19T20:06:28+00:00\" \/>\n<meta property=\"og:image\" content=\"https:\/\/erki24nd3ub.exactdn.com\/wp-content\/uploads\/dream\/img\/img_134298_1da1cb5665d5a59fba04d07c51a0f785_1.jpg?strip=all\" \/>\n\t<meta property=\"og:image:width\" content=\"800\" \/>\n\t<meta property=\"og:image:height\" content=\"800\" \/>\n\t<meta property=\"og:image:type\" content=\"image\/jpeg\" \/>\n<meta name=\"twitter:card\" content=\"summary_large_image\" \/>\n<meta name=\"twitter:label1\" content=\"Tempo estimado de leitura\" \/>\n\t<meta name=\"twitter:data1\" content=\"2 minutos\" \/>\n<script type=\"application\/ld+json\" class=\"yoast-schema-graph\">{\"@context\":\"https:\\\/\\\/schema.org\",\"@graph\":[{\"@type\":\"WebPage\",\"@id\":\"https:\\\/\\\/lovme.pt\\\/index.php\\\/produto\\\/calexotics-contorno-zoie-rosa\\\/\",\"url\":\"https:\\\/\\\/lovme.pt\\\/index.php\\\/produto\\\/calexotics-contorno-zoie-rosa\\\/\",\"name\":\"CALEXOTICS - CONTORNO ZOIE ROSA - Lovme\",\"isPartOf\":{\"@id\":\"https:\\\/\\\/lovme.pt\\\/#website\"},\"primaryImageOfPage\":{\"@id\":\"https:\\\/\\\/lovme.pt\\\/index.php\\\/produto\\\/calexotics-contorno-zoie-rosa\\\/#primaryimage\"},\"image\":{\"@id\":\"https:\\\/\\\/lovme.pt\\\/index.php\\\/produto\\\/calexotics-contorno-zoie-rosa\\\/#primaryimage\"},\"thumbnailUrl\":\"https:\\\/\\\/erki24nd3ub.exactdn.com\\\/wp-content\\\/uploads\\\/dream\\\/img\\\/img_134298_1da1cb5665d5a59fba04d07c51a0f785_1.jpg?strip=all\",\"datePublished\":\"2025-09-30T10:04:49+00:00\",\"dateModified\":\"2026-02-19T20:06:28+00:00\",\"breadcrumb\":{\"@id\":\"https:\\\/\\\/lovme.pt\\\/index.php\\\/produto\\\/calexotics-contorno-zoie-rosa\\\/#breadcrumb\"},\"inLanguage\":\"pt-PT\",\"potentialAction\":[{\"@type\":\"ReadAction\",\"target\":[\"https:\\\/\\\/lovme.pt\\\/index.php\\\/produto\\\/calexotics-contorno-zoie-rosa\\\/\"]}]},{\"@type\":\"ImageObject\",\"inLanguage\":\"pt-PT\",\"@id\":\"https:\\\/\\\/lovme.pt\\\/index.php\\\/produto\\\/calexotics-contorno-zoie-rosa\\\/#primaryimage\",\"url\":\"https:\\\/\\\/erki24nd3ub.exactdn.com\\\/wp-content\\\/uploads\\\/dream\\\/img\\\/img_134298_1da1cb5665d5a59fba04d07c51a0f785_1.jpg?strip=all\",\"contentUrl\":\"https:\\\/\\\/erki24nd3ub.exactdn.com\\\/wp-content\\\/uploads\\\/dream\\\/img\\\/img_134298_1da1cb5665d5a59fba04d07c51a0f785_1.jpg?strip=all\",\"width\":800,\"height\":800},{\"@type\":\"BreadcrumbList\",\"@id\":\"https:\\\/\\\/lovme.pt\\\/index.php\\\/produto\\\/calexotics-contorno-zoie-rosa\\\/#breadcrumb\",\"itemListElement\":[{\"@type\":\"ListItem\",\"position\":1,\"name\":\"In\u00edcio\",\"item\":\"https:\\\/\\\/lovme.pt\\\/\"},{\"@type\":\"ListItem\",\"position\":2,\"name\":\"Loja\",\"item\":\"https:\\\/\\\/lovme.pt\\\/index.php\\\/loja\\\/\"},{\"@type\":\"ListItem\",\"position\":3,\"name\":\"CALEXOTICS &#8211; CONTORNO ZOIE ROSA\"}]},{\"@type\":\"WebSite\",\"@id\":\"https:\\\/\\\/lovme.pt\\\/#website\",\"url\":\"https:\\\/\\\/lovme.pt\\\/\",\"name\":\"Lovme Loja Er\u00f3tica N\u00ba1 em Portugal\",\"description\":\"A melhor loja er\u00f3tica de Portugal.\",\"alternateName\":\"Loja Er\u00f3tica Lovme\",\"potentialAction\":[{\"@type\":\"SearchAction\",\"target\":{\"@type\":\"EntryPoint\",\"urlTemplate\":\"https:\\\/\\\/lovme.pt\\\/?s={search_term_string}\"},\"query-input\":{\"@type\":\"PropertyValueSpecification\",\"valueRequired\":true,\"valueName\":\"search_term_string\"}}],\"inLanguage\":\"pt-PT\"}]}<\/script>\n<!-- \/ Yoast SEO plugin. -->","yoast_head_json":{"title":"CALEXOTICS - CONTORNO ZOIE ROSA - Lovme","robots":{"index":"index","follow":"follow","max-snippet":"max-snippet:-1","max-image-preview":"max-image-preview:large","max-video-preview":"max-video-preview:-1"},"canonical":"https:\/\/lovme.pt\/index.php\/produto\/calexotics-contorno-zoie-rosa\/","og_locale":"pt_PT","og_type":"article","og_title":"CALEXOTICS - CONTORNO ZOIE ROSA - Lovme","og_description":"CALEXOTICS - CONTORNO ZOIE ROSA","og_url":"https:\/\/lovme.pt\/index.php\/produto\/calexotics-contorno-zoie-rosa\/","og_site_name":"Lovme","article_modified_time":"2026-02-19T20:06:28+00:00","og_image":[{"width":800,"height":800,"url":"https:\/\/erki24nd3ub.exactdn.com\/wp-content\/uploads\/dream\/img\/img_134298_1da1cb5665d5a59fba04d07c51a0f785_1.jpg?strip=all","type":"image\/jpeg"}],"twitter_card":"summary_large_image","twitter_misc":{"Tempo estimado de leitura":"2 minutos"},"schema":{"@context":"https:\/\/schema.org","@graph":[{"@type":"WebPage","@id":"https:\/\/lovme.pt\/index.php\/produto\/calexotics-contorno-zoie-rosa\/","url":"https:\/\/lovme.pt\/index.php\/produto\/calexotics-contorno-zoie-rosa\/","name":"CALEXOTICS - CONTORNO ZOIE ROSA - Lovme","isPartOf":{"@id":"https:\/\/lovme.pt\/#website"},"primaryImageOfPage":{"@id":"https:\/\/lovme.pt\/index.php\/produto\/calexotics-contorno-zoie-rosa\/#primaryimage"},"image":{"@id":"https:\/\/lovme.pt\/index.php\/produto\/calexotics-contorno-zoie-rosa\/#primaryimage"},"thumbnailUrl":"https:\/\/erki24nd3ub.exactdn.com\/wp-content\/uploads\/dream\/img\/img_134298_1da1cb5665d5a59fba04d07c51a0f785_1.jpg?strip=all","datePublished":"2025-09-30T10:04:49+00:00","dateModified":"2026-02-19T20:06:28+00:00","breadcrumb":{"@id":"https:\/\/lovme.pt\/index.php\/produto\/calexotics-contorno-zoie-rosa\/#breadcrumb"},"inLanguage":"pt-PT","potentialAction":[{"@type":"ReadAction","target":["https:\/\/lovme.pt\/index.php\/produto\/calexotics-contorno-zoie-rosa\/"]}]},{"@type":"ImageObject","inLanguage":"pt-PT","@id":"https:\/\/lovme.pt\/index.php\/produto\/calexotics-contorno-zoie-rosa\/#primaryimage","url":"https:\/\/erki24nd3ub.exactdn.com\/wp-content\/uploads\/dream\/img\/img_134298_1da1cb5665d5a59fba04d07c51a0f785_1.jpg?strip=all","contentUrl":"https:\/\/erki24nd3ub.exactdn.com\/wp-content\/uploads\/dream\/img\/img_134298_1da1cb5665d5a59fba04d07c51a0f785_1.jpg?strip=all","width":800,"height":800},{"@type":"BreadcrumbList","@id":"https:\/\/lovme.pt\/index.php\/produto\/calexotics-contorno-zoie-rosa\/#breadcrumb","itemListElement":[{"@type":"ListItem","position":1,"name":"In\u00edcio","item":"https:\/\/lovme.pt\/"},{"@type":"ListItem","position":2,"name":"Loja","item":"https:\/\/lovme.pt\/index.php\/loja\/"},{"@type":"ListItem","position":3,"name":"CALEXOTICS &#8211; CONTORNO ZOIE ROSA"}]},{"@type":"WebSite","@id":"https:\/\/lovme.pt\/#website","url":"https:\/\/lovme.pt\/","name":"Lovme Loja Er\u00f3tica N\u00ba1 em Portugal","description":"A melhor loja er\u00f3tica de Portugal.","alternateName":"Loja Er\u00f3tica Lovme","potentialAction":[{"@type":"SearchAction","target":{"@type":"EntryPoint","urlTemplate":"https:\/\/lovme.pt\/?s={search_term_string}"},"query-input":{"@type":"PropertyValueSpecification","valueRequired":true,"valueName":"search_term_string"}}],"inLanguage":"pt-PT"}]}},"_links":{"self":[{"href":"https:\/\/lovme.pt\/index.php\/wp-json\/wp\/v2\/product\/41338","targetHints":{"allow":["GET"]}}],"collection":[{"href":"https:\/\/lovme.pt\/index.php\/wp-json\/wp\/v2\/product"}],"about":[{"href":"https:\/\/lovme.pt\/index.php\/wp-json\/wp\/v2\/types\/product"}],"wp:featuredmedia":[{"embeddable":true,"href":"https:\/\/lovme.pt\/index.php\/wp-json\/wp\/v2\/media\/62032"}],"wp:attachment":[{"href":"https:\/\/lovme.pt\/index.php\/wp-json\/wp\/v2\/media?parent=41338"}],"wp:term":[{"taxonomy":"product_brand","embeddable":true,"href":"https:\/\/lovme.pt\/index.php\/wp-json\/wp\/v2\/product_brand?post=41338"},{"taxonomy":"product_cat","embeddable":true,"href":"https:\/\/lovme.pt\/index.php\/wp-json\/wp\/v2\/product_cat?post=41338"},{"taxonomy":"product_tag","embeddable":true,"href":"https:\/\/lovme.pt\/index.php\/wp-json\/wp\/v2\/product_tag?post=41338"}],"curies":[{"name":"wp","href":"https:\/\/api.w.org\/{rel}","templated":true}]}}