{"id":41331,"date":"2025-09-30T20:20:06","date_gmt":"2025-09-30T20:20:06","guid":{"rendered":"https:\/\/lovme.pt\/?post_type=product&p=41331"},"modified":"2026-02-19T20:07:46","modified_gmt":"2026-02-19T20:07:46","slug":"calexotics-sonda-flex-de-silicone-liquido","status":"publish","type":"product","link":"https:\/\/lovme.pt\/index.php\/produto\/calexotics-sonda-flex-de-silicone-liquido\/","title":{"rendered":"CALEXOTICS &#8211; SONDA FLEX DE SILICONE L\u00cdQUIDO"},"content":{"rendered":"<p>A sonda Eclipse Liquid Silicone Flex \u00e9 uma sonda de silicone sexy e flex\u00edvel criada para facilitar o prazer anal emocionante. O design suavemente curvado e o silicone l\u00edquido macio permitem que esta sonda se flexione com seus movimentos e proporcione estimula\u00e7\u00e3o intensa. Esta sonda com nervuras sensuais \u00e9 feita de silicone extra macio para um jogo de prazer exclusivamente confort\u00e1vel. Um poderoso motor de vibra\u00e7\u00e3o no eixo oferece 12 fun\u00e7\u00f5es intensas de estimula\u00e7\u00e3o estrondosa da porta traseira, enquanto a base contornada e o corpo flex\u00edvel flexionam e se movem mesmo durante os momentos mais proibidos. Desfrute de uma inser\u00e7\u00e3o confort\u00e1vel, estimula\u00e7\u00e3o sem esfor\u00e7o e remo\u00e7\u00e3o suave com formato ergon\u00f4mico, design flex\u00edvel e base curva. Recarregue o massageador de silicone l\u00edquido premium em 1,5 horas com o cabo de carregamento USB fornecido para desfrutar de 110 minutos de estimula\u00e7\u00e3o em baixa velocidade ou 55 minutos de vibra\u00e7\u00f5es em alta velocidade. Enquanto o bot\u00e3o f\u00e1cil controla a intensidade e a sonda rechonchuda fornece a estimula\u00e7\u00e3o que voc\u00ea deseja, o chip de mem\u00f3ria integrado de \u00faltima gera\u00e7\u00e3o lembra exatamente como voc\u00ea gosta, iniciando na \u00faltima fun\u00e7\u00e3o usada.<\/p>\n<ul>\n<li> Sonda anal recarreg\u00e1vel de silicone l\u00edquido premium com eixo vibrat\u00f3rio perfeitamente curvo<\/li>\n<li> 12 fun\u00e7\u00f5es intensas de vibra\u00e7\u00e3o, pulsa\u00e7\u00e3o e escalada<\/li>\n<li> Flex\u00edvel e dur\u00e1vel com cristas de prazer adicionais<\/li>\n<li> Silicone l\u00edquido: mais macio, suave, dur\u00e1vel e \u00e0 prova d\u00e1gua<\/li>\n<li> Chip de mem\u00f3ria de \u00faltima gera\u00e7\u00e3o reinicia na \u00faltima fun\u00e7\u00e3o usada<\/li>\n<li> Recurso de bloqueio de viagem de seguran\u00e7a mantido por 3 segundos para ligar ou desligar<\/li>\n<li> Cabo de carregamento recarreg\u00e1vel USB inclu\u00eddo<\/li>\n<li> Carga completa em 1,5 horas<\/li>\n<li> Funciona por 55 minutos em alta velocidade e 110 minutos em baixa velocidade<\/li>\n<\/ul>\n<p> A CalExotics tem transformado consistentemente a fantasia em realidade h\u00e1 mais de uma d\u00e9cada. Com uma aten\u00e7\u00e3o incompar\u00e1vel aos detalhes, a fundadora e propriet\u00e1ria da CalExotics, Susan Colvin, tornou a marca California Exotic Novelty sin\u00f4nimo de brinquedos para adultos de qualidade. O fato de a CalExotics ser uma empresa pertencente e operada por mulheres desempenha um papel importante em sua ascens\u00e3o mete\u00f3rica ao topo da ind\u00fastria de brinquedos e novidades para adultos.<\/p>\n","protected":false},"excerpt":{"rendered":"<p>CALEXOTICS &#8211; SONDA FLEX DE SILICONE L\u00cdQUIDO<\/p>\n","protected":false},"featured_media":67533,"template":"","meta":{"_acf_changed":false},"product_brand":[],"product_cat":[17,62,63],"product_tag":[],"class_list":{"0":"post-41331","1":"product","2":"type-product","3":"status-publish","4":"has-post-thumbnail","6":"product_cat-brinquedos-de-bem-estar-sexual","7":"product_cat-plugues-e-correntes-anais","8":"product_cat-sexo-anal","9":"yith_product_brand-calexotics","11":"first","12":"instock","13":"taxable","14":"shipping-taxable","15":"purchasable","16":"product-type-simple"},"acf":[],"yoast_head":"<!-- This site is optimized with the Yoast SEO plugin v27.3 - https:\/\/yoast.com\/product\/yoast-seo-wordpress\/ -->\n<title>CALEXOTICS - SONDA FLEX DE SILICONE L\u00cdQUIDO - Lovme<\/title>\n<meta name=\"robots\" content=\"index, follow, max-snippet:-1, max-image-preview:large, max-video-preview:-1\" \/>\n<link rel=\"canonical\" href=\"https:\/\/lovme.pt\/index.php\/produto\/calexotics-sonda-flex-de-silicone-liquido\/\" \/>\n<meta property=\"og:locale\" content=\"pt_PT\" \/>\n<meta property=\"og:type\" content=\"article\" \/>\n<meta property=\"og:title\" content=\"CALEXOTICS - SONDA FLEX DE SILICONE L\u00cdQUIDO - Lovme\" \/>\n<meta property=\"og:description\" content=\"CALEXOTICS - SONDA FLEX DE SILICONE L\u00cdQUIDO\" \/>\n<meta property=\"og:url\" content=\"https:\/\/lovme.pt\/index.php\/produto\/calexotics-sonda-flex-de-silicone-liquido\/\" \/>\n<meta property=\"og:site_name\" content=\"Lovme\" \/>\n<meta property=\"article:modified_time\" content=\"2026-02-19T20:07:46+00:00\" \/>\n<meta property=\"og:image\" content=\"https:\/\/erki24nd3ub.exactdn.com\/wp-content\/uploads\/dream\/img\/img_134210_672374a3e8f303916118d4dc968d44ab_1.jpg?strip=all\" \/>\n\t<meta property=\"og:image:width\" content=\"800\" \/>\n\t<meta property=\"og:image:height\" content=\"800\" \/>\n\t<meta property=\"og:image:type\" content=\"image\/jpeg\" \/>\n<meta name=\"twitter:card\" content=\"summary_large_image\" \/>\n<meta name=\"twitter:label1\" content=\"Tempo estimado de leitura\" \/>\n\t<meta name=\"twitter:data1\" content=\"2 minutos\" \/>\n<script type=\"application\/ld+json\" class=\"yoast-schema-graph\">{\"@context\":\"https:\\\/\\\/schema.org\",\"@graph\":[{\"@type\":\"WebPage\",\"@id\":\"https:\\\/\\\/lovme.pt\\\/index.php\\\/produto\\\/calexotics-sonda-flex-de-silicone-liquido\\\/\",\"url\":\"https:\\\/\\\/lovme.pt\\\/index.php\\\/produto\\\/calexotics-sonda-flex-de-silicone-liquido\\\/\",\"name\":\"CALEXOTICS - SONDA FLEX DE SILICONE L\u00cdQUIDO - Lovme\",\"isPartOf\":{\"@id\":\"https:\\\/\\\/lovme.pt\\\/#website\"},\"primaryImageOfPage\":{\"@id\":\"https:\\\/\\\/lovme.pt\\\/index.php\\\/produto\\\/calexotics-sonda-flex-de-silicone-liquido\\\/#primaryimage\"},\"image\":{\"@id\":\"https:\\\/\\\/lovme.pt\\\/index.php\\\/produto\\\/calexotics-sonda-flex-de-silicone-liquido\\\/#primaryimage\"},\"thumbnailUrl\":\"https:\\\/\\\/erki24nd3ub.exactdn.com\\\/wp-content\\\/uploads\\\/dream\\\/img\\\/img_134210_672374a3e8f303916118d4dc968d44ab_1.jpg?strip=all\",\"datePublished\":\"2025-09-30T20:20:06+00:00\",\"dateModified\":\"2026-02-19T20:07:46+00:00\",\"breadcrumb\":{\"@id\":\"https:\\\/\\\/lovme.pt\\\/index.php\\\/produto\\\/calexotics-sonda-flex-de-silicone-liquido\\\/#breadcrumb\"},\"inLanguage\":\"pt-PT\",\"potentialAction\":[{\"@type\":\"ReadAction\",\"target\":[\"https:\\\/\\\/lovme.pt\\\/index.php\\\/produto\\\/calexotics-sonda-flex-de-silicone-liquido\\\/\"]}]},{\"@type\":\"ImageObject\",\"inLanguage\":\"pt-PT\",\"@id\":\"https:\\\/\\\/lovme.pt\\\/index.php\\\/produto\\\/calexotics-sonda-flex-de-silicone-liquido\\\/#primaryimage\",\"url\":\"https:\\\/\\\/erki24nd3ub.exactdn.com\\\/wp-content\\\/uploads\\\/dream\\\/img\\\/img_134210_672374a3e8f303916118d4dc968d44ab_1.jpg?strip=all\",\"contentUrl\":\"https:\\\/\\\/erki24nd3ub.exactdn.com\\\/wp-content\\\/uploads\\\/dream\\\/img\\\/img_134210_672374a3e8f303916118d4dc968d44ab_1.jpg?strip=all\",\"width\":800,\"height\":800},{\"@type\":\"BreadcrumbList\",\"@id\":\"https:\\\/\\\/lovme.pt\\\/index.php\\\/produto\\\/calexotics-sonda-flex-de-silicone-liquido\\\/#breadcrumb\",\"itemListElement\":[{\"@type\":\"ListItem\",\"position\":1,\"name\":\"In\u00edcio\",\"item\":\"https:\\\/\\\/lovme.pt\\\/\"},{\"@type\":\"ListItem\",\"position\":2,\"name\":\"Loja\",\"item\":\"https:\\\/\\\/lovme.pt\\\/index.php\\\/loja\\\/\"},{\"@type\":\"ListItem\",\"position\":3,\"name\":\"CALEXOTICS &#8211; SONDA FLEX DE SILICONE L\u00cdQUIDO\"}]},{\"@type\":\"WebSite\",\"@id\":\"https:\\\/\\\/lovme.pt\\\/#website\",\"url\":\"https:\\\/\\\/lovme.pt\\\/\",\"name\":\"Lovme Loja Er\u00f3tica N\u00ba1 em Portugal\",\"description\":\"A melhor loja er\u00f3tica de Portugal.\",\"alternateName\":\"Loja Er\u00f3tica Lovme\",\"potentialAction\":[{\"@type\":\"SearchAction\",\"target\":{\"@type\":\"EntryPoint\",\"urlTemplate\":\"https:\\\/\\\/lovme.pt\\\/?s={search_term_string}\"},\"query-input\":{\"@type\":\"PropertyValueSpecification\",\"valueRequired\":true,\"valueName\":\"search_term_string\"}}],\"inLanguage\":\"pt-PT\"}]}<\/script>\n<!-- \/ Yoast SEO plugin. -->","yoast_head_json":{"title":"CALEXOTICS - SONDA FLEX DE SILICONE L\u00cdQUIDO - Lovme","robots":{"index":"index","follow":"follow","max-snippet":"max-snippet:-1","max-image-preview":"max-image-preview:large","max-video-preview":"max-video-preview:-1"},"canonical":"https:\/\/lovme.pt\/index.php\/produto\/calexotics-sonda-flex-de-silicone-liquido\/","og_locale":"pt_PT","og_type":"article","og_title":"CALEXOTICS - SONDA FLEX DE SILICONE L\u00cdQUIDO - Lovme","og_description":"CALEXOTICS - SONDA FLEX DE SILICONE L\u00cdQUIDO","og_url":"https:\/\/lovme.pt\/index.php\/produto\/calexotics-sonda-flex-de-silicone-liquido\/","og_site_name":"Lovme","article_modified_time":"2026-02-19T20:07:46+00:00","og_image":[{"width":800,"height":800,"url":"https:\/\/erki24nd3ub.exactdn.com\/wp-content\/uploads\/dream\/img\/img_134210_672374a3e8f303916118d4dc968d44ab_1.jpg?strip=all","type":"image\/jpeg"}],"twitter_card":"summary_large_image","twitter_misc":{"Tempo estimado de leitura":"2 minutos"},"schema":{"@context":"https:\/\/schema.org","@graph":[{"@type":"WebPage","@id":"https:\/\/lovme.pt\/index.php\/produto\/calexotics-sonda-flex-de-silicone-liquido\/","url":"https:\/\/lovme.pt\/index.php\/produto\/calexotics-sonda-flex-de-silicone-liquido\/","name":"CALEXOTICS - SONDA FLEX DE SILICONE L\u00cdQUIDO - Lovme","isPartOf":{"@id":"https:\/\/lovme.pt\/#website"},"primaryImageOfPage":{"@id":"https:\/\/lovme.pt\/index.php\/produto\/calexotics-sonda-flex-de-silicone-liquido\/#primaryimage"},"image":{"@id":"https:\/\/lovme.pt\/index.php\/produto\/calexotics-sonda-flex-de-silicone-liquido\/#primaryimage"},"thumbnailUrl":"https:\/\/erki24nd3ub.exactdn.com\/wp-content\/uploads\/dream\/img\/img_134210_672374a3e8f303916118d4dc968d44ab_1.jpg?strip=all","datePublished":"2025-09-30T20:20:06+00:00","dateModified":"2026-02-19T20:07:46+00:00","breadcrumb":{"@id":"https:\/\/lovme.pt\/index.php\/produto\/calexotics-sonda-flex-de-silicone-liquido\/#breadcrumb"},"inLanguage":"pt-PT","potentialAction":[{"@type":"ReadAction","target":["https:\/\/lovme.pt\/index.php\/produto\/calexotics-sonda-flex-de-silicone-liquido\/"]}]},{"@type":"ImageObject","inLanguage":"pt-PT","@id":"https:\/\/lovme.pt\/index.php\/produto\/calexotics-sonda-flex-de-silicone-liquido\/#primaryimage","url":"https:\/\/erki24nd3ub.exactdn.com\/wp-content\/uploads\/dream\/img\/img_134210_672374a3e8f303916118d4dc968d44ab_1.jpg?strip=all","contentUrl":"https:\/\/erki24nd3ub.exactdn.com\/wp-content\/uploads\/dream\/img\/img_134210_672374a3e8f303916118d4dc968d44ab_1.jpg?strip=all","width":800,"height":800},{"@type":"BreadcrumbList","@id":"https:\/\/lovme.pt\/index.php\/produto\/calexotics-sonda-flex-de-silicone-liquido\/#breadcrumb","itemListElement":[{"@type":"ListItem","position":1,"name":"In\u00edcio","item":"https:\/\/lovme.pt\/"},{"@type":"ListItem","position":2,"name":"Loja","item":"https:\/\/lovme.pt\/index.php\/loja\/"},{"@type":"ListItem","position":3,"name":"CALEXOTICS &#8211; SONDA FLEX DE SILICONE L\u00cdQUIDO"}]},{"@type":"WebSite","@id":"https:\/\/lovme.pt\/#website","url":"https:\/\/lovme.pt\/","name":"Lovme Loja Er\u00f3tica N\u00ba1 em Portugal","description":"A melhor loja er\u00f3tica de Portugal.","alternateName":"Loja Er\u00f3tica Lovme","potentialAction":[{"@type":"SearchAction","target":{"@type":"EntryPoint","urlTemplate":"https:\/\/lovme.pt\/?s={search_term_string}"},"query-input":{"@type":"PropertyValueSpecification","valueRequired":true,"valueName":"search_term_string"}}],"inLanguage":"pt-PT"}]}},"_links":{"self":[{"href":"https:\/\/lovme.pt\/index.php\/wp-json\/wp\/v2\/product\/41331","targetHints":{"allow":["GET"]}}],"collection":[{"href":"https:\/\/lovme.pt\/index.php\/wp-json\/wp\/v2\/product"}],"about":[{"href":"https:\/\/lovme.pt\/index.php\/wp-json\/wp\/v2\/types\/product"}],"wp:featuredmedia":[{"embeddable":true,"href":"https:\/\/lovme.pt\/index.php\/wp-json\/wp\/v2\/media\/67533"}],"wp:attachment":[{"href":"https:\/\/lovme.pt\/index.php\/wp-json\/wp\/v2\/media?parent=41331"}],"wp:term":[{"taxonomy":"product_brand","embeddable":true,"href":"https:\/\/lovme.pt\/index.php\/wp-json\/wp\/v2\/product_brand?post=41331"},{"taxonomy":"product_cat","embeddable":true,"href":"https:\/\/lovme.pt\/index.php\/wp-json\/wp\/v2\/product_cat?post=41331"},{"taxonomy":"product_tag","embeddable":true,"href":"https:\/\/lovme.pt\/index.php\/wp-json\/wp\/v2\/product_tag?post=41331"}],"curies":[{"name":"wp","href":"https:\/\/api.w.org\/{rel}","templated":true}]}}