{"id":41304,"date":"2025-09-30T22:25:57","date_gmt":"2025-09-30T22:25:57","guid":{"rendered":"https:\/\/lovme.pt\/?post_type=product&#038;p=41304"},"modified":"2026-02-25T08:58:53","modified_gmt":"2026-02-25T08:58:53","slug":"calexotics-trio-dilador-exotico-da-california","status":"publish","type":"product","link":"https:\/\/lovme.pt\/index.php\/produto\/calexotics-trio-dilador-exotico-da-california\/","title":{"rendered":"CALEXOTICS &#8211; TRIO DILADOR EX\u00d3TICO DA CALIF\u00d3RNIA"},"content":{"rendered":"<p>Expanda seus horizontes de prazer com o Boundless Dilator Trio. O conjunto de dilatadores sem costura inclui 3 dilatadores de silicone graduados com al&ccedil;a f&aacute;cil para o dedo e design multiuso. A sonda sensualmente c&ocirc;nica e o tamanho graduado permitem uma dilata&ccedil;&atilde;o suave. As sondas de silicone premium possuem uma al&ccedil;a de dedo dur&aacute;vel para inser&ccedil;&atilde;o e estimula&ccedil;&atilde;o suaves. O pr&aacute;tico la&ccedil;o pode ser combinado com uma mini bala para uma sensa&ccedil;&atilde;o intensificada! bala n&atilde;o inclu&iacute;da O silicone premium hipoalerg&ecirc;nico &eacute; seguro para o corpo, sem perfume e sem ftalatos para manter os pontos mais sens&iacute;veis, felizes e saud&aacute;veis.<\/p>\n<ul>\n<li>3 tamanhos inclu&iacute;dos para dilata&ccedil;&atilde;o gradual<\/li>\n<li>Silicone premium suave e sem costura<\/li>\n<li>Design flex&iacute;vel, dur&aacute;vel e multifuncional<\/li>\n<li>Al&ccedil;a de dedo f&aacute;cil de usar que pode ser usada com massageador n&atilde;o inclu&iacute;do<\/li>\n<\/ul>\n<p>A CalExotics tem transformado consistentemente a fantasia em realidade h&aacute; mais de uma d&eacute;cada. Com uma aten&ccedil;&atilde;o incompar&aacute;vel aos detalhes, a fundadora e propriet&aacute;ria da CalExotics, Susan Colvin, tornou a marca California Exotic Novelty sin&ocirc;nimo de brinquedos para adultos de qualidade. O fato de a CalExotics ser uma empresa pertencente e operada por mulheres desempenha um papel importante em sua ascens&atilde;o mete&oacute;rica ao topo da ind&uacute;stria de brinquedos e novidades para adultos.<\/p>\n","protected":false},"excerpt":{"rendered":"<p>CALEXOTICS &#8211; TRIO DILADOR EX\u00d3TICO DA CALIF\u00d3RNIA<\/p>\n","protected":false},"featured_media":77718,"template":"","meta":{"_acf_changed":false},"product_brand":[],"product_cat":[63],"product_tag":[],"class_list":{"0":"post-41304","1":"product","2":"type-product","3":"status-publish","4":"has-post-thumbnail","6":"product_cat-sexo-anal","7":"yith_product_brand-calexotics","9":"first","10":"instock","11":"taxable","12":"shipping-taxable","13":"purchasable","14":"product-type-simple"},"acf":[],"yoast_head":"<!-- This site is optimized with the Yoast SEO plugin v27.3 - https:\/\/yoast.com\/product\/yoast-seo-wordpress\/ -->\n<title>CALEXOTICS - TRIO DILADOR EX\u00d3TICO DA CALIF\u00d3RNIA - Lovme<\/title>\n<meta name=\"robots\" content=\"index, follow, max-snippet:-1, max-image-preview:large, max-video-preview:-1\" \/>\n<link rel=\"canonical\" href=\"https:\/\/lovme.pt\/index.php\/produto\/calexotics-trio-dilador-exotico-da-california\/\" \/>\n<meta property=\"og:locale\" content=\"pt_PT\" \/>\n<meta property=\"og:type\" content=\"article\" \/>\n<meta property=\"og:title\" content=\"CALEXOTICS - TRIO DILADOR EX\u00d3TICO DA CALIF\u00d3RNIA - Lovme\" \/>\n<meta property=\"og:description\" content=\"CALEXOTICS - TRIO DILADOR EX\u00d3TICO DA CALIF\u00d3RNIA\" \/>\n<meta property=\"og:url\" content=\"https:\/\/lovme.pt\/index.php\/produto\/calexotics-trio-dilador-exotico-da-california\/\" \/>\n<meta property=\"og:site_name\" content=\"Lovme\" \/>\n<meta property=\"article:modified_time\" content=\"2026-02-25T08:58:53+00:00\" \/>\n<meta property=\"og:image\" content=\"https:\/\/erki24nd3ub.exactdn.com\/wp-content\/uploads\/dream\/img\/img_133916_4b65a377079639bd1057c7a898a6394e_1.jpg?strip=all\" \/>\n\t<meta property=\"og:image:width\" content=\"800\" \/>\n\t<meta property=\"og:image:height\" content=\"800\" \/>\n\t<meta property=\"og:image:type\" content=\"image\/jpeg\" \/>\n<meta name=\"twitter:card\" content=\"summary_large_image\" \/>\n<meta name=\"twitter:label1\" content=\"Tempo estimado de leitura\" \/>\n\t<meta name=\"twitter:data1\" content=\"1 minuto\" \/>\n<script type=\"application\/ld+json\" class=\"yoast-schema-graph\">{\"@context\":\"https:\\\/\\\/schema.org\",\"@graph\":[{\"@type\":\"WebPage\",\"@id\":\"https:\\\/\\\/lovme.pt\\\/index.php\\\/produto\\\/calexotics-trio-dilador-exotico-da-california\\\/\",\"url\":\"https:\\\/\\\/lovme.pt\\\/index.php\\\/produto\\\/calexotics-trio-dilador-exotico-da-california\\\/\",\"name\":\"CALEXOTICS - TRIO DILADOR EX\u00d3TICO DA CALIF\u00d3RNIA - Lovme\",\"isPartOf\":{\"@id\":\"https:\\\/\\\/lovme.pt\\\/#website\"},\"primaryImageOfPage\":{\"@id\":\"https:\\\/\\\/lovme.pt\\\/index.php\\\/produto\\\/calexotics-trio-dilador-exotico-da-california\\\/#primaryimage\"},\"image\":{\"@id\":\"https:\\\/\\\/lovme.pt\\\/index.php\\\/produto\\\/calexotics-trio-dilador-exotico-da-california\\\/#primaryimage\"},\"thumbnailUrl\":\"https:\\\/\\\/erki24nd3ub.exactdn.com\\\/wp-content\\\/uploads\\\/dream\\\/img\\\/img_133916_4b65a377079639bd1057c7a898a6394e_1.jpg?strip=all\",\"datePublished\":\"2025-09-30T22:25:57+00:00\",\"dateModified\":\"2026-02-25T08:58:53+00:00\",\"breadcrumb\":{\"@id\":\"https:\\\/\\\/lovme.pt\\\/index.php\\\/produto\\\/calexotics-trio-dilador-exotico-da-california\\\/#breadcrumb\"},\"inLanguage\":\"pt-PT\",\"potentialAction\":[{\"@type\":\"ReadAction\",\"target\":[\"https:\\\/\\\/lovme.pt\\\/index.php\\\/produto\\\/calexotics-trio-dilador-exotico-da-california\\\/\"]}]},{\"@type\":\"ImageObject\",\"inLanguage\":\"pt-PT\",\"@id\":\"https:\\\/\\\/lovme.pt\\\/index.php\\\/produto\\\/calexotics-trio-dilador-exotico-da-california\\\/#primaryimage\",\"url\":\"https:\\\/\\\/erki24nd3ub.exactdn.com\\\/wp-content\\\/uploads\\\/dream\\\/img\\\/img_133916_4b65a377079639bd1057c7a898a6394e_1.jpg?strip=all\",\"contentUrl\":\"https:\\\/\\\/erki24nd3ub.exactdn.com\\\/wp-content\\\/uploads\\\/dream\\\/img\\\/img_133916_4b65a377079639bd1057c7a898a6394e_1.jpg?strip=all\",\"width\":800,\"height\":800},{\"@type\":\"BreadcrumbList\",\"@id\":\"https:\\\/\\\/lovme.pt\\\/index.php\\\/produto\\\/calexotics-trio-dilador-exotico-da-california\\\/#breadcrumb\",\"itemListElement\":[{\"@type\":\"ListItem\",\"position\":1,\"name\":\"In\u00edcio\",\"item\":\"https:\\\/\\\/lovme.pt\\\/\"},{\"@type\":\"ListItem\",\"position\":2,\"name\":\"Loja\",\"item\":\"https:\\\/\\\/lovme.pt\\\/index.php\\\/loja\\\/\"},{\"@type\":\"ListItem\",\"position\":3,\"name\":\"CALEXOTICS &#8211; TRIO DILADOR EX\u00d3TICO DA CALIF\u00d3RNIA\"}]},{\"@type\":\"WebSite\",\"@id\":\"https:\\\/\\\/lovme.pt\\\/#website\",\"url\":\"https:\\\/\\\/lovme.pt\\\/\",\"name\":\"Lovme Loja Er\u00f3tica N\u00ba1 em Portugal\",\"description\":\"A melhor loja er\u00f3tica de Portugal.\",\"alternateName\":\"Loja Er\u00f3tica Lovme\",\"potentialAction\":[{\"@type\":\"SearchAction\",\"target\":{\"@type\":\"EntryPoint\",\"urlTemplate\":\"https:\\\/\\\/lovme.pt\\\/?s={search_term_string}\"},\"query-input\":{\"@type\":\"PropertyValueSpecification\",\"valueRequired\":true,\"valueName\":\"search_term_string\"}}],\"inLanguage\":\"pt-PT\"}]}<\/script>\n<!-- \/ Yoast SEO plugin. -->","yoast_head_json":{"title":"CALEXOTICS - TRIO DILADOR EX\u00d3TICO DA CALIF\u00d3RNIA - Lovme","robots":{"index":"index","follow":"follow","max-snippet":"max-snippet:-1","max-image-preview":"max-image-preview:large","max-video-preview":"max-video-preview:-1"},"canonical":"https:\/\/lovme.pt\/index.php\/produto\/calexotics-trio-dilador-exotico-da-california\/","og_locale":"pt_PT","og_type":"article","og_title":"CALEXOTICS - TRIO DILADOR EX\u00d3TICO DA CALIF\u00d3RNIA - Lovme","og_description":"CALEXOTICS - TRIO DILADOR EX\u00d3TICO DA CALIF\u00d3RNIA","og_url":"https:\/\/lovme.pt\/index.php\/produto\/calexotics-trio-dilador-exotico-da-california\/","og_site_name":"Lovme","article_modified_time":"2026-02-25T08:58:53+00:00","og_image":[{"width":800,"height":800,"url":"https:\/\/erki24nd3ub.exactdn.com\/wp-content\/uploads\/dream\/img\/img_133916_4b65a377079639bd1057c7a898a6394e_1.jpg?strip=all","type":"image\/jpeg"}],"twitter_card":"summary_large_image","twitter_misc":{"Tempo estimado de leitura":"1 minuto"},"schema":{"@context":"https:\/\/schema.org","@graph":[{"@type":"WebPage","@id":"https:\/\/lovme.pt\/index.php\/produto\/calexotics-trio-dilador-exotico-da-california\/","url":"https:\/\/lovme.pt\/index.php\/produto\/calexotics-trio-dilador-exotico-da-california\/","name":"CALEXOTICS - TRIO DILADOR EX\u00d3TICO DA CALIF\u00d3RNIA - Lovme","isPartOf":{"@id":"https:\/\/lovme.pt\/#website"},"primaryImageOfPage":{"@id":"https:\/\/lovme.pt\/index.php\/produto\/calexotics-trio-dilador-exotico-da-california\/#primaryimage"},"image":{"@id":"https:\/\/lovme.pt\/index.php\/produto\/calexotics-trio-dilador-exotico-da-california\/#primaryimage"},"thumbnailUrl":"https:\/\/erki24nd3ub.exactdn.com\/wp-content\/uploads\/dream\/img\/img_133916_4b65a377079639bd1057c7a898a6394e_1.jpg?strip=all","datePublished":"2025-09-30T22:25:57+00:00","dateModified":"2026-02-25T08:58:53+00:00","breadcrumb":{"@id":"https:\/\/lovme.pt\/index.php\/produto\/calexotics-trio-dilador-exotico-da-california\/#breadcrumb"},"inLanguage":"pt-PT","potentialAction":[{"@type":"ReadAction","target":["https:\/\/lovme.pt\/index.php\/produto\/calexotics-trio-dilador-exotico-da-california\/"]}]},{"@type":"ImageObject","inLanguage":"pt-PT","@id":"https:\/\/lovme.pt\/index.php\/produto\/calexotics-trio-dilador-exotico-da-california\/#primaryimage","url":"https:\/\/erki24nd3ub.exactdn.com\/wp-content\/uploads\/dream\/img\/img_133916_4b65a377079639bd1057c7a898a6394e_1.jpg?strip=all","contentUrl":"https:\/\/erki24nd3ub.exactdn.com\/wp-content\/uploads\/dream\/img\/img_133916_4b65a377079639bd1057c7a898a6394e_1.jpg?strip=all","width":800,"height":800},{"@type":"BreadcrumbList","@id":"https:\/\/lovme.pt\/index.php\/produto\/calexotics-trio-dilador-exotico-da-california\/#breadcrumb","itemListElement":[{"@type":"ListItem","position":1,"name":"In\u00edcio","item":"https:\/\/lovme.pt\/"},{"@type":"ListItem","position":2,"name":"Loja","item":"https:\/\/lovme.pt\/index.php\/loja\/"},{"@type":"ListItem","position":3,"name":"CALEXOTICS &#8211; TRIO DILADOR EX\u00d3TICO DA CALIF\u00d3RNIA"}]},{"@type":"WebSite","@id":"https:\/\/lovme.pt\/#website","url":"https:\/\/lovme.pt\/","name":"Lovme Loja Er\u00f3tica N\u00ba1 em Portugal","description":"A melhor loja er\u00f3tica de Portugal.","alternateName":"Loja Er\u00f3tica Lovme","potentialAction":[{"@type":"SearchAction","target":{"@type":"EntryPoint","urlTemplate":"https:\/\/lovme.pt\/?s={search_term_string}"},"query-input":{"@type":"PropertyValueSpecification","valueRequired":true,"valueName":"search_term_string"}}],"inLanguage":"pt-PT"}]}},"_links":{"self":[{"href":"https:\/\/lovme.pt\/index.php\/wp-json\/wp\/v2\/product\/41304","targetHints":{"allow":["GET"]}}],"collection":[{"href":"https:\/\/lovme.pt\/index.php\/wp-json\/wp\/v2\/product"}],"about":[{"href":"https:\/\/lovme.pt\/index.php\/wp-json\/wp\/v2\/types\/product"}],"wp:featuredmedia":[{"embeddable":true,"href":"https:\/\/lovme.pt\/index.php\/wp-json\/wp\/v2\/media\/77718"}],"wp:attachment":[{"href":"https:\/\/lovme.pt\/index.php\/wp-json\/wp\/v2\/media?parent=41304"}],"wp:term":[{"taxonomy":"product_brand","embeddable":true,"href":"https:\/\/lovme.pt\/index.php\/wp-json\/wp\/v2\/product_brand?post=41304"},{"taxonomy":"product_cat","embeddable":true,"href":"https:\/\/lovme.pt\/index.php\/wp-json\/wp\/v2\/product_cat?post=41304"},{"taxonomy":"product_tag","embeddable":true,"href":"https:\/\/lovme.pt\/index.php\/wp-json\/wp\/v2\/product_tag?post=41304"}],"curies":[{"name":"wp","href":"https:\/\/api.w.org\/{rel}","templated":true}]}}