{"id":41150,"date":"2025-09-30T20:42:27","date_gmt":"2025-09-30T20:42:27","guid":{"rendered":"https:\/\/lovme.pt\/?post_type=product&#038;p=41150"},"modified":"2026-02-19T20:23:18","modified_gmt":"2026-02-19T20:23:18","slug":"satisfyer-vibrao-hibrida-triple-oh-rosa","status":"publish","type":"product","link":"https:\/\/lovme.pt\/index.php\/produto\/satisfyer-vibrao-hibrida-triple-oh-rosa\/","title":{"rendered":"SATISFYER &#8211; TRIPLE OH VIBRADOR H\u00cdBRIDO AZUL"},"content":{"rendered":"<p>Ah, ah, ah, sim! Com 3 motores potentes, o vers\u00e1til Triple Oh pode ser usado como uma vibra\u00e7\u00e3o estilo coelho para despertar o ponto G e o clit\u00f3ris ou usar a extremidade oposta como uma varinha de massagem.<\/p>\n<p><strong>Informa\u00e7\u00f5es sobre o produto &#8220;Triplo Oh&#8221;<\/strong><\/p>\n<ul>\n<li>12 programas de vibra\u00e7\u00e3o<\/li>\n<li>Tr\u00eas motores independentes superpotentes<\/li>\n<li>Perfeitamente projetado para atingir o ponto G para estimula\u00e7\u00e3o intensa<\/li>\n<li>Garantia de 15 anos<\/li>\n<li>Forma flex\u00edvel<\/li>\n<li>Ideal para estimula\u00e7\u00e3o do ponto G<\/li>\n<li>Silicone amigo do corpo<\/li>\n<li>\u00c0 prova d\u00e1gua (IPX7)<\/li>\n<li>Modo sussurro<\/li>\n<li>Bateria de \u00edon de l\u00edtio<\/li>\n<li>Cabo de carregamento magn\u00e9tico USB inclu\u00eddo<\/li>\n<li>F\u00e1cil de limpar<\/li>\n<\/ul>\n<p><strong>Estimula\u00e7\u00e3o vers\u00e1til com o Triple Oh<\/strong><\/p>\n<p>A varinha de massagem \u00e9 perfeita para massagens de corpo inteiro ou para explorar qualquer zona er\u00f3gena. Em vez de um produto para conhecedores, o Triple Oh levar\u00e1 sua experi\u00eancia de prazer a novos patamares. Tanto a haste afiada quanto a cabe\u00e7a de massagem pontiaguda s\u00e3o ligeiramente flex\u00edveis, mas permanecem firmes no lugar para facilitar o manuseio. Com 3 motores potentes, controle de forma independente os motores do coelho e o motor da varinha.<\/p>\n<p>Use os bot\u00f5es +\/- para controlar os 12 programas de vibra\u00e7\u00e3o do coelho e o bot\u00e3o  para controlar os 12 programas de vibra\u00e7\u00e3o adicionais da varinha de massagem.<\/p>\n<p>O Triple Oh \u00e9 feito de silicone seguro para o corpo, \u00e9 recarreg\u00e1vel e \u00e0 prova d\u2019\u00e1gua (IPX7). Ah, sim, de fato!<\/p>\n","protected":false},"excerpt":{"rendered":"<p>SATISFYER &#8211; VIBRAO H\u00cdBRIDA TRIPLE OH ROSA<\/p>\n","protected":false},"featured_media":71726,"template":"","meta":{"_acf_changed":false},"product_brand":[],"product_cat":[17,115,61,76],"product_tag":[],"class_list":{"0":"post-41150","1":"product","2":"type-product","3":"status-publish","4":"has-post-thumbnail","6":"product_cat-brinquedos-de-bem-estar-sexual","7":"product_cat-ofertas","8":"product_cat-para-elas","9":"product_cat-vibradores","10":"yith_product_brand-satisfyer","11":"yith_product_brand-satisfyer-satisfyer-vibrator","13":"first","14":"instock","15":"taxable","16":"shipping-taxable","17":"purchasable","18":"product-type-variable","19":"has-default-attributes"},"acf":[],"yoast_head":"<!-- This site is optimized with the Yoast SEO plugin v27.4 - https:\/\/yoast.com\/product\/yoast-seo-wordpress\/ -->\n<title>SATISFYER - TRIPLE OH VIBRADOR H\u00cdBRIDO AZUL - Lovme<\/title>\n<meta name=\"robots\" content=\"index, follow, max-snippet:-1, max-image-preview:large, max-video-preview:-1\" \/>\n<link rel=\"canonical\" href=\"https:\/\/lovme.pt\/index.php\/produto\/satisfyer-vibrao-hibrida-triple-oh-rosa\/\" \/>\n<meta property=\"og:locale\" content=\"pt_PT\" \/>\n<meta property=\"og:type\" content=\"article\" \/>\n<meta property=\"og:title\" content=\"SATISFYER - TRIPLE OH VIBRADOR H\u00cdBRIDO AZUL - Lovme\" \/>\n<meta property=\"og:description\" content=\"SATISFYER - VIBRAO H\u00cdBRIDA TRIPLE OH ROSA\" \/>\n<meta property=\"og:url\" content=\"https:\/\/lovme.pt\/index.php\/produto\/satisfyer-vibrao-hibrida-triple-oh-rosa\/\" \/>\n<meta property=\"og:site_name\" content=\"Lovme\" \/>\n<meta property=\"article:modified_time\" content=\"2026-02-19T20:23:18+00:00\" \/>\n<meta property=\"og:image\" content=\"https:\/\/erki24nd3ub.exactdn.com\/wp-content\/uploads\/dream\/img\/img_133074_2d2adaa33cd349f3f6072d4636e75dd7_1.jpg?strip=all\" \/>\n\t<meta property=\"og:image:width\" content=\"800\" \/>\n\t<meta property=\"og:image:height\" content=\"800\" \/>\n\t<meta property=\"og:image:type\" content=\"image\/jpeg\" \/>\n<meta name=\"twitter:card\" content=\"summary_large_image\" \/>\n<meta name=\"twitter:label1\" content=\"Tempo estimado de leitura\" \/>\n\t<meta name=\"twitter:data1\" content=\"1 minuto\" \/>\n<script type=\"application\/ld+json\" class=\"yoast-schema-graph\">{\"@context\":\"https:\\\/\\\/schema.org\",\"@graph\":[{\"@type\":\"WebPage\",\"@id\":\"https:\\\/\\\/lovme.pt\\\/index.php\\\/produto\\\/satisfyer-vibrao-hibrida-triple-oh-rosa\\\/\",\"url\":\"https:\\\/\\\/lovme.pt\\\/index.php\\\/produto\\\/satisfyer-vibrao-hibrida-triple-oh-rosa\\\/\",\"name\":\"SATISFYER - TRIPLE OH VIBRADOR H\u00cdBRIDO AZUL - Lovme\",\"isPartOf\":{\"@id\":\"https:\\\/\\\/lovme.pt\\\/#website\"},\"primaryImageOfPage\":{\"@id\":\"https:\\\/\\\/lovme.pt\\\/index.php\\\/produto\\\/satisfyer-vibrao-hibrida-triple-oh-rosa\\\/#primaryimage\"},\"image\":{\"@id\":\"https:\\\/\\\/lovme.pt\\\/index.php\\\/produto\\\/satisfyer-vibrao-hibrida-triple-oh-rosa\\\/#primaryimage\"},\"thumbnailUrl\":\"https:\\\/\\\/erki24nd3ub.exactdn.com\\\/wp-content\\\/uploads\\\/dream\\\/img\\\/img_133074_2d2adaa33cd349f3f6072d4636e75dd7_1.jpg?strip=all\",\"datePublished\":\"2025-09-30T20:42:27+00:00\",\"dateModified\":\"2026-02-19T20:23:18+00:00\",\"breadcrumb\":{\"@id\":\"https:\\\/\\\/lovme.pt\\\/index.php\\\/produto\\\/satisfyer-vibrao-hibrida-triple-oh-rosa\\\/#breadcrumb\"},\"inLanguage\":\"pt-PT\",\"potentialAction\":[{\"@type\":\"ReadAction\",\"target\":[\"https:\\\/\\\/lovme.pt\\\/index.php\\\/produto\\\/satisfyer-vibrao-hibrida-triple-oh-rosa\\\/\"]}]},{\"@type\":\"ImageObject\",\"inLanguage\":\"pt-PT\",\"@id\":\"https:\\\/\\\/lovme.pt\\\/index.php\\\/produto\\\/satisfyer-vibrao-hibrida-triple-oh-rosa\\\/#primaryimage\",\"url\":\"https:\\\/\\\/erki24nd3ub.exactdn.com\\\/wp-content\\\/uploads\\\/dream\\\/img\\\/img_133074_2d2adaa33cd349f3f6072d4636e75dd7_1.jpg?strip=all\",\"contentUrl\":\"https:\\\/\\\/erki24nd3ub.exactdn.com\\\/wp-content\\\/uploads\\\/dream\\\/img\\\/img_133074_2d2adaa33cd349f3f6072d4636e75dd7_1.jpg?strip=all\",\"width\":800,\"height\":800},{\"@type\":\"BreadcrumbList\",\"@id\":\"https:\\\/\\\/lovme.pt\\\/index.php\\\/produto\\\/satisfyer-vibrao-hibrida-triple-oh-rosa\\\/#breadcrumb\",\"itemListElement\":[{\"@type\":\"ListItem\",\"position\":1,\"name\":\"In\u00edcio\",\"item\":\"https:\\\/\\\/lovme.pt\\\/\"},{\"@type\":\"ListItem\",\"position\":2,\"name\":\"Loja\",\"item\":\"https:\\\/\\\/lovme.pt\\\/index.php\\\/loja\\\/\"},{\"@type\":\"ListItem\",\"position\":3,\"name\":\"SATISFYER &#8211; TRIPLE OH VIBRADOR H\u00cdBRIDO AZUL\"}]},{\"@type\":\"WebSite\",\"@id\":\"https:\\\/\\\/lovme.pt\\\/#website\",\"url\":\"https:\\\/\\\/lovme.pt\\\/\",\"name\":\"Lovme Loja Er\u00f3tica N\u00ba1 em Portugal\",\"description\":\"A melhor loja er\u00f3tica de Portugal.\",\"alternateName\":\"Loja Er\u00f3tica Lovme\",\"potentialAction\":[{\"@type\":\"SearchAction\",\"target\":{\"@type\":\"EntryPoint\",\"urlTemplate\":\"https:\\\/\\\/lovme.pt\\\/?s={search_term_string}\"},\"query-input\":{\"@type\":\"PropertyValueSpecification\",\"valueRequired\":true,\"valueName\":\"search_term_string\"}}],\"inLanguage\":\"pt-PT\"}]}<\/script>\n<!-- \/ Yoast SEO plugin. -->","yoast_head_json":{"title":"SATISFYER - TRIPLE OH VIBRADOR H\u00cdBRIDO AZUL - Lovme","robots":{"index":"index","follow":"follow","max-snippet":"max-snippet:-1","max-image-preview":"max-image-preview:large","max-video-preview":"max-video-preview:-1"},"canonical":"https:\/\/lovme.pt\/index.php\/produto\/satisfyer-vibrao-hibrida-triple-oh-rosa\/","og_locale":"pt_PT","og_type":"article","og_title":"SATISFYER - TRIPLE OH VIBRADOR H\u00cdBRIDO AZUL - Lovme","og_description":"SATISFYER - VIBRAO H\u00cdBRIDA TRIPLE OH ROSA","og_url":"https:\/\/lovme.pt\/index.php\/produto\/satisfyer-vibrao-hibrida-triple-oh-rosa\/","og_site_name":"Lovme","article_modified_time":"2026-02-19T20:23:18+00:00","og_image":[{"width":800,"height":800,"url":"https:\/\/erki24nd3ub.exactdn.com\/wp-content\/uploads\/dream\/img\/img_133074_2d2adaa33cd349f3f6072d4636e75dd7_1.jpg?strip=all","type":"image\/jpeg"}],"twitter_card":"summary_large_image","twitter_misc":{"Tempo estimado de leitura":"1 minuto"},"schema":{"@context":"https:\/\/schema.org","@graph":[{"@type":"WebPage","@id":"https:\/\/lovme.pt\/index.php\/produto\/satisfyer-vibrao-hibrida-triple-oh-rosa\/","url":"https:\/\/lovme.pt\/index.php\/produto\/satisfyer-vibrao-hibrida-triple-oh-rosa\/","name":"SATISFYER - TRIPLE OH VIBRADOR H\u00cdBRIDO AZUL - Lovme","isPartOf":{"@id":"https:\/\/lovme.pt\/#website"},"primaryImageOfPage":{"@id":"https:\/\/lovme.pt\/index.php\/produto\/satisfyer-vibrao-hibrida-triple-oh-rosa\/#primaryimage"},"image":{"@id":"https:\/\/lovme.pt\/index.php\/produto\/satisfyer-vibrao-hibrida-triple-oh-rosa\/#primaryimage"},"thumbnailUrl":"https:\/\/erki24nd3ub.exactdn.com\/wp-content\/uploads\/dream\/img\/img_133074_2d2adaa33cd349f3f6072d4636e75dd7_1.jpg?strip=all","datePublished":"2025-09-30T20:42:27+00:00","dateModified":"2026-02-19T20:23:18+00:00","breadcrumb":{"@id":"https:\/\/lovme.pt\/index.php\/produto\/satisfyer-vibrao-hibrida-triple-oh-rosa\/#breadcrumb"},"inLanguage":"pt-PT","potentialAction":[{"@type":"ReadAction","target":["https:\/\/lovme.pt\/index.php\/produto\/satisfyer-vibrao-hibrida-triple-oh-rosa\/"]}]},{"@type":"ImageObject","inLanguage":"pt-PT","@id":"https:\/\/lovme.pt\/index.php\/produto\/satisfyer-vibrao-hibrida-triple-oh-rosa\/#primaryimage","url":"https:\/\/erki24nd3ub.exactdn.com\/wp-content\/uploads\/dream\/img\/img_133074_2d2adaa33cd349f3f6072d4636e75dd7_1.jpg?strip=all","contentUrl":"https:\/\/erki24nd3ub.exactdn.com\/wp-content\/uploads\/dream\/img\/img_133074_2d2adaa33cd349f3f6072d4636e75dd7_1.jpg?strip=all","width":800,"height":800},{"@type":"BreadcrumbList","@id":"https:\/\/lovme.pt\/index.php\/produto\/satisfyer-vibrao-hibrida-triple-oh-rosa\/#breadcrumb","itemListElement":[{"@type":"ListItem","position":1,"name":"In\u00edcio","item":"https:\/\/lovme.pt\/"},{"@type":"ListItem","position":2,"name":"Loja","item":"https:\/\/lovme.pt\/index.php\/loja\/"},{"@type":"ListItem","position":3,"name":"SATISFYER &#8211; TRIPLE OH VIBRADOR H\u00cdBRIDO AZUL"}]},{"@type":"WebSite","@id":"https:\/\/lovme.pt\/#website","url":"https:\/\/lovme.pt\/","name":"Lovme Loja Er\u00f3tica N\u00ba1 em Portugal","description":"A melhor loja er\u00f3tica de Portugal.","alternateName":"Loja Er\u00f3tica Lovme","potentialAction":[{"@type":"SearchAction","target":{"@type":"EntryPoint","urlTemplate":"https:\/\/lovme.pt\/?s={search_term_string}"},"query-input":{"@type":"PropertyValueSpecification","valueRequired":true,"valueName":"search_term_string"}}],"inLanguage":"pt-PT"}]}},"_links":{"self":[{"href":"https:\/\/lovme.pt\/index.php\/wp-json\/wp\/v2\/product\/41150","targetHints":{"allow":["GET"]}}],"collection":[{"href":"https:\/\/lovme.pt\/index.php\/wp-json\/wp\/v2\/product"}],"about":[{"href":"https:\/\/lovme.pt\/index.php\/wp-json\/wp\/v2\/types\/product"}],"wp:featuredmedia":[{"embeddable":true,"href":"https:\/\/lovme.pt\/index.php\/wp-json\/wp\/v2\/media\/71726"}],"wp:attachment":[{"href":"https:\/\/lovme.pt\/index.php\/wp-json\/wp\/v2\/media?parent=41150"}],"wp:term":[{"taxonomy":"product_brand","embeddable":true,"href":"https:\/\/lovme.pt\/index.php\/wp-json\/wp\/v2\/product_brand?post=41150"},{"taxonomy":"product_cat","embeddable":true,"href":"https:\/\/lovme.pt\/index.php\/wp-json\/wp\/v2\/product_cat?post=41150"},{"taxonomy":"product_tag","embeddable":true,"href":"https:\/\/lovme.pt\/index.php\/wp-json\/wp\/v2\/product_tag?post=41150"}],"curies":[{"name":"wp","href":"https:\/\/api.w.org\/{rel}","templated":true}]}}