{"id":40894,"date":"2025-10-01T02:35:43","date_gmt":"2025-10-01T02:35:43","guid":{"rendered":"https:\/\/lovme.pt\/?post_type=product&#038;p=40894"},"modified":"2026-02-19T20:23:29","modified_gmt":"2026-02-19T20:23:29","slug":"satisfyer-pro-to-go-2-estimulador-e-vibrador-de-pulso-de-ar-duplo-violeta","status":"publish","type":"product","link":"https:\/\/lovme.pt\/index.php\/produto\/satisfyer-pro-to-go-2-estimulador-e-vibrador-de-pulso-de-ar-duplo-violeta\/","title":{"rendered":"SATISFYER &#8211; PRO TO GO 2 ESTIMULADOR Y VIBRADOR DOBLE BEIGE"},"content":{"rendered":"<p>Seja um profissional em qualquer lugar. O novo e multifacetado vibrador de pulso de ar duplo, Pro To Go 2, est\u00e1 aqui e pronto para agradar!<\/p>\n<p><strong>Informa\u00e7\u00f5es sobre o produto &#8220;Satisfyer Pro To Go 2&#8221;<\/strong><\/p>\n<ul>\n<li>Estimula\u00e7\u00e3o do clit\u00f3ris com ondas e vibra\u00e7\u00f5es de pulso de ar<\/li>\n<li>Feito de silicone de grau m\u00e9dico supermacio e adequado para a pele, suave ao toque e extremamente higi\u00eanico<\/li>\n<li>Gra\u00e7as ao seu exterior \u00e0 prova d\u00e1gua (IPX7), este dispositivo de bem-estar sexual pode ser usado com seguran\u00e7a na \u00e1gua e \u00e9 f\u00e1cil de limpar<\/li>\n<li>2 motores control\u00e1veis separadamente<\/li>\n<li>11 intensidades de onda de pulso de ar + 12 programas de vibra\u00e7\u00e3o<\/li>\n<li>Silicone amigo do corpo<\/li>\n<li>15 anos de garantia<\/li>\n<li>Modo sussurro<\/li>\n<li>Bateria recarreg\u00e1vel de \u00edons de l\u00edtio<\/li>\n<li>\u00c0 prova d\u00e1gua (IPX7)<\/li>\n<li>Cabo de carregamento USB magn\u00e9tico inclu\u00eddo<\/li>\n<li>F\u00e1cil de limpar<\/li>\n<\/ul>\n<p><strong>O que mais o Satisfyer Pro To Go 2 pode oferecer?<\/strong><\/p>\n<p>Aproveite o formato compacto, ideal para viagens e viagens. Uma combina\u00e7\u00e3o perfeita para todos, conhecedores de prazer e iniciantes. Apresentando duas fun\u00e7\u00f5es em uma, explore-se e encontre suas prefer\u00eancias! Com formato arredondado, destaque em ABS emoldurando o painel de controle intuitivo.<\/p>\n<p>Controle independentemente os dois motores para individualizar as 11 ondas de press\u00e3o e 12 configura\u00e7\u00f5es de vibra\u00e7\u00e3o! O Pro To Go 2 \u00e9 feito de silicone seguro para o corpo, \u00e9 recarreg\u00e1vel e \u00e0 prova d\u2019\u00e1gua (IPX7). Venha, seja um profissional.<\/p>\n","protected":false},"excerpt":{"rendered":"<p>SATISFYER &#8211; PRO TO GO 2 ESTIMULADOR E VIBRADOR DE PULSO DE AR DUPLO VIOLETA<\/p>\n","protected":false},"featured_media":97924,"template":"","meta":{"_acf_changed":false},"product_brand":[],"product_cat":[17,61,64,76],"product_tag":[],"class_list":{"0":"post-40894","1":"product","2":"type-product","3":"status-publish","4":"has-post-thumbnail","6":"product_cat-brinquedos-de-bem-estar-sexual","7":"product_cat-para-elas","8":"product_cat-sugadores","9":"product_cat-vibradores","10":"yith_product_brand-satisfyer","11":"yith_product_brand-satisfyer-satisfyer-air-pulse","13":"first","14":"instock","15":"taxable","16":"shipping-taxable","17":"purchasable","18":"product-type-variable","19":"has-default-attributes"},"acf":[],"yoast_head":"<!-- This site is optimized with the Yoast SEO plugin v27.4 - https:\/\/yoast.com\/product\/yoast-seo-wordpress\/ -->\n<title>SATISFYER - PRO TO GO 2 ESTIMULADOR Y VIBRADOR DOBLE BEIGE - Lovme<\/title>\n<meta name=\"robots\" content=\"index, follow, max-snippet:-1, max-image-preview:large, max-video-preview:-1\" \/>\n<link rel=\"canonical\" href=\"https:\/\/lovme.pt\/index.php\/produto\/satisfyer-pro-to-go-2-estimulador-e-vibrador-de-pulso-de-ar-duplo-violeta\/\" \/>\n<meta property=\"og:locale\" content=\"pt_PT\" \/>\n<meta property=\"og:type\" content=\"article\" \/>\n<meta property=\"og:title\" content=\"SATISFYER - PRO TO GO 2 ESTIMULADOR Y VIBRADOR DOBLE BEIGE - Lovme\" \/>\n<meta property=\"og:description\" content=\"SATISFYER - PRO TO GO 2 ESTIMULADOR E VIBRADOR DE PULSO DE AR DUPLO VIOLETA\" \/>\n<meta property=\"og:url\" content=\"https:\/\/lovme.pt\/index.php\/produto\/satisfyer-pro-to-go-2-estimulador-e-vibrador-de-pulso-de-ar-duplo-violeta\/\" \/>\n<meta property=\"og:site_name\" content=\"Lovme\" \/>\n<meta property=\"article:modified_time\" content=\"2026-02-19T20:23:29+00:00\" \/>\n<meta property=\"og:image\" content=\"https:\/\/erki24nd3ub.exactdn.com\/wp-content\/uploads\/dream\/img\/img_131994_36d1dd91d84de84c5aca899b78e2d481_1.jpg?strip=all\" \/>\n\t<meta property=\"og:image:width\" content=\"800\" \/>\n\t<meta property=\"og:image:height\" content=\"800\" \/>\n\t<meta property=\"og:image:type\" content=\"image\/jpeg\" \/>\n<meta name=\"twitter:card\" content=\"summary_large_image\" \/>\n<meta name=\"twitter:label1\" content=\"Tempo estimado de leitura\" \/>\n\t<meta name=\"twitter:data1\" content=\"1 minuto\" \/>\n<script type=\"application\/ld+json\" class=\"yoast-schema-graph\">{\"@context\":\"https:\\\/\\\/schema.org\",\"@graph\":[{\"@type\":\"WebPage\",\"@id\":\"https:\\\/\\\/lovme.pt\\\/index.php\\\/produto\\\/satisfyer-pro-to-go-2-estimulador-e-vibrador-de-pulso-de-ar-duplo-violeta\\\/\",\"url\":\"https:\\\/\\\/lovme.pt\\\/index.php\\\/produto\\\/satisfyer-pro-to-go-2-estimulador-e-vibrador-de-pulso-de-ar-duplo-violeta\\\/\",\"name\":\"SATISFYER - PRO TO GO 2 ESTIMULADOR Y VIBRADOR DOBLE BEIGE - Lovme\",\"isPartOf\":{\"@id\":\"https:\\\/\\\/lovme.pt\\\/#website\"},\"primaryImageOfPage\":{\"@id\":\"https:\\\/\\\/lovme.pt\\\/index.php\\\/produto\\\/satisfyer-pro-to-go-2-estimulador-e-vibrador-de-pulso-de-ar-duplo-violeta\\\/#primaryimage\"},\"image\":{\"@id\":\"https:\\\/\\\/lovme.pt\\\/index.php\\\/produto\\\/satisfyer-pro-to-go-2-estimulador-e-vibrador-de-pulso-de-ar-duplo-violeta\\\/#primaryimage\"},\"thumbnailUrl\":\"https:\\\/\\\/erki24nd3ub.exactdn.com\\\/wp-content\\\/uploads\\\/dream\\\/img\\\/img_131994_36d1dd91d84de84c5aca899b78e2d481_1.jpg?strip=all\",\"datePublished\":\"2025-10-01T02:35:43+00:00\",\"dateModified\":\"2026-02-19T20:23:29+00:00\",\"breadcrumb\":{\"@id\":\"https:\\\/\\\/lovme.pt\\\/index.php\\\/produto\\\/satisfyer-pro-to-go-2-estimulador-e-vibrador-de-pulso-de-ar-duplo-violeta\\\/#breadcrumb\"},\"inLanguage\":\"pt-PT\",\"potentialAction\":[{\"@type\":\"ReadAction\",\"target\":[\"https:\\\/\\\/lovme.pt\\\/index.php\\\/produto\\\/satisfyer-pro-to-go-2-estimulador-e-vibrador-de-pulso-de-ar-duplo-violeta\\\/\"]}]},{\"@type\":\"ImageObject\",\"inLanguage\":\"pt-PT\",\"@id\":\"https:\\\/\\\/lovme.pt\\\/index.php\\\/produto\\\/satisfyer-pro-to-go-2-estimulador-e-vibrador-de-pulso-de-ar-duplo-violeta\\\/#primaryimage\",\"url\":\"https:\\\/\\\/erki24nd3ub.exactdn.com\\\/wp-content\\\/uploads\\\/dream\\\/img\\\/img_131994_36d1dd91d84de84c5aca899b78e2d481_1.jpg?strip=all\",\"contentUrl\":\"https:\\\/\\\/erki24nd3ub.exactdn.com\\\/wp-content\\\/uploads\\\/dream\\\/img\\\/img_131994_36d1dd91d84de84c5aca899b78e2d481_1.jpg?strip=all\",\"width\":800,\"height\":800},{\"@type\":\"BreadcrumbList\",\"@id\":\"https:\\\/\\\/lovme.pt\\\/index.php\\\/produto\\\/satisfyer-pro-to-go-2-estimulador-e-vibrador-de-pulso-de-ar-duplo-violeta\\\/#breadcrumb\",\"itemListElement\":[{\"@type\":\"ListItem\",\"position\":1,\"name\":\"In\u00edcio\",\"item\":\"https:\\\/\\\/lovme.pt\\\/\"},{\"@type\":\"ListItem\",\"position\":2,\"name\":\"Loja\",\"item\":\"https:\\\/\\\/lovme.pt\\\/index.php\\\/loja\\\/\"},{\"@type\":\"ListItem\",\"position\":3,\"name\":\"SATISFYER &#8211; PRO TO GO 2 ESTIMULADOR Y VIBRADOR DOBLE BEIGE\"}]},{\"@type\":\"WebSite\",\"@id\":\"https:\\\/\\\/lovme.pt\\\/#website\",\"url\":\"https:\\\/\\\/lovme.pt\\\/\",\"name\":\"Lovme Loja Er\u00f3tica N\u00ba1 em Portugal\",\"description\":\"A melhor loja er\u00f3tica de Portugal.\",\"alternateName\":\"Loja Er\u00f3tica Lovme\",\"potentialAction\":[{\"@type\":\"SearchAction\",\"target\":{\"@type\":\"EntryPoint\",\"urlTemplate\":\"https:\\\/\\\/lovme.pt\\\/?s={search_term_string}\"},\"query-input\":{\"@type\":\"PropertyValueSpecification\",\"valueRequired\":true,\"valueName\":\"search_term_string\"}}],\"inLanguage\":\"pt-PT\"}]}<\/script>\n<!-- \/ Yoast SEO plugin. -->","yoast_head_json":{"title":"SATISFYER - PRO TO GO 2 ESTIMULADOR Y VIBRADOR DOBLE BEIGE - Lovme","robots":{"index":"index","follow":"follow","max-snippet":"max-snippet:-1","max-image-preview":"max-image-preview:large","max-video-preview":"max-video-preview:-1"},"canonical":"https:\/\/lovme.pt\/index.php\/produto\/satisfyer-pro-to-go-2-estimulador-e-vibrador-de-pulso-de-ar-duplo-violeta\/","og_locale":"pt_PT","og_type":"article","og_title":"SATISFYER - PRO TO GO 2 ESTIMULADOR Y VIBRADOR DOBLE BEIGE - Lovme","og_description":"SATISFYER - PRO TO GO 2 ESTIMULADOR E VIBRADOR DE PULSO DE AR DUPLO VIOLETA","og_url":"https:\/\/lovme.pt\/index.php\/produto\/satisfyer-pro-to-go-2-estimulador-e-vibrador-de-pulso-de-ar-duplo-violeta\/","og_site_name":"Lovme","article_modified_time":"2026-02-19T20:23:29+00:00","og_image":[{"width":800,"height":800,"url":"https:\/\/erki24nd3ub.exactdn.com\/wp-content\/uploads\/dream\/img\/img_131994_36d1dd91d84de84c5aca899b78e2d481_1.jpg?strip=all","type":"image\/jpeg"}],"twitter_card":"summary_large_image","twitter_misc":{"Tempo estimado de leitura":"1 minuto"},"schema":{"@context":"https:\/\/schema.org","@graph":[{"@type":"WebPage","@id":"https:\/\/lovme.pt\/index.php\/produto\/satisfyer-pro-to-go-2-estimulador-e-vibrador-de-pulso-de-ar-duplo-violeta\/","url":"https:\/\/lovme.pt\/index.php\/produto\/satisfyer-pro-to-go-2-estimulador-e-vibrador-de-pulso-de-ar-duplo-violeta\/","name":"SATISFYER - PRO TO GO 2 ESTIMULADOR Y VIBRADOR DOBLE BEIGE - Lovme","isPartOf":{"@id":"https:\/\/lovme.pt\/#website"},"primaryImageOfPage":{"@id":"https:\/\/lovme.pt\/index.php\/produto\/satisfyer-pro-to-go-2-estimulador-e-vibrador-de-pulso-de-ar-duplo-violeta\/#primaryimage"},"image":{"@id":"https:\/\/lovme.pt\/index.php\/produto\/satisfyer-pro-to-go-2-estimulador-e-vibrador-de-pulso-de-ar-duplo-violeta\/#primaryimage"},"thumbnailUrl":"https:\/\/erki24nd3ub.exactdn.com\/wp-content\/uploads\/dream\/img\/img_131994_36d1dd91d84de84c5aca899b78e2d481_1.jpg?strip=all","datePublished":"2025-10-01T02:35:43+00:00","dateModified":"2026-02-19T20:23:29+00:00","breadcrumb":{"@id":"https:\/\/lovme.pt\/index.php\/produto\/satisfyer-pro-to-go-2-estimulador-e-vibrador-de-pulso-de-ar-duplo-violeta\/#breadcrumb"},"inLanguage":"pt-PT","potentialAction":[{"@type":"ReadAction","target":["https:\/\/lovme.pt\/index.php\/produto\/satisfyer-pro-to-go-2-estimulador-e-vibrador-de-pulso-de-ar-duplo-violeta\/"]}]},{"@type":"ImageObject","inLanguage":"pt-PT","@id":"https:\/\/lovme.pt\/index.php\/produto\/satisfyer-pro-to-go-2-estimulador-e-vibrador-de-pulso-de-ar-duplo-violeta\/#primaryimage","url":"https:\/\/erki24nd3ub.exactdn.com\/wp-content\/uploads\/dream\/img\/img_131994_36d1dd91d84de84c5aca899b78e2d481_1.jpg?strip=all","contentUrl":"https:\/\/erki24nd3ub.exactdn.com\/wp-content\/uploads\/dream\/img\/img_131994_36d1dd91d84de84c5aca899b78e2d481_1.jpg?strip=all","width":800,"height":800},{"@type":"BreadcrumbList","@id":"https:\/\/lovme.pt\/index.php\/produto\/satisfyer-pro-to-go-2-estimulador-e-vibrador-de-pulso-de-ar-duplo-violeta\/#breadcrumb","itemListElement":[{"@type":"ListItem","position":1,"name":"In\u00edcio","item":"https:\/\/lovme.pt\/"},{"@type":"ListItem","position":2,"name":"Loja","item":"https:\/\/lovme.pt\/index.php\/loja\/"},{"@type":"ListItem","position":3,"name":"SATISFYER &#8211; PRO TO GO 2 ESTIMULADOR Y VIBRADOR DOBLE BEIGE"}]},{"@type":"WebSite","@id":"https:\/\/lovme.pt\/#website","url":"https:\/\/lovme.pt\/","name":"Lovme Loja Er\u00f3tica N\u00ba1 em Portugal","description":"A melhor loja er\u00f3tica de Portugal.","alternateName":"Loja Er\u00f3tica Lovme","potentialAction":[{"@type":"SearchAction","target":{"@type":"EntryPoint","urlTemplate":"https:\/\/lovme.pt\/?s={search_term_string}"},"query-input":{"@type":"PropertyValueSpecification","valueRequired":true,"valueName":"search_term_string"}}],"inLanguage":"pt-PT"}]}},"_links":{"self":[{"href":"https:\/\/lovme.pt\/index.php\/wp-json\/wp\/v2\/product\/40894","targetHints":{"allow":["GET"]}}],"collection":[{"href":"https:\/\/lovme.pt\/index.php\/wp-json\/wp\/v2\/product"}],"about":[{"href":"https:\/\/lovme.pt\/index.php\/wp-json\/wp\/v2\/types\/product"}],"wp:featuredmedia":[{"embeddable":true,"href":"https:\/\/lovme.pt\/index.php\/wp-json\/wp\/v2\/media\/97924"}],"wp:attachment":[{"href":"https:\/\/lovme.pt\/index.php\/wp-json\/wp\/v2\/media?parent=40894"}],"wp:term":[{"taxonomy":"product_brand","embeddable":true,"href":"https:\/\/lovme.pt\/index.php\/wp-json\/wp\/v2\/product_brand?post=40894"},{"taxonomy":"product_cat","embeddable":true,"href":"https:\/\/lovme.pt\/index.php\/wp-json\/wp\/v2\/product_cat?post=40894"},{"taxonomy":"product_tag","embeddable":true,"href":"https:\/\/lovme.pt\/index.php\/wp-json\/wp\/v2\/product_tag?post=40894"}],"curies":[{"name":"wp","href":"https:\/\/api.w.org\/{rel}","templated":true}]}}