{"id":40832,"date":"2025-09-30T20:42:19","date_gmt":"2025-09-30T20:42:19","guid":{"rendered":"https:\/\/lovme.pt\/?post_type=product&#038;p=40832"},"modified":"2026-02-19T20:23:17","modified_gmt":"2026-02-19T20:23:17","slug":"satisfyer-vibrador-tropical-tip-lay-on-azul","status":"publish","type":"product","link":"https:\/\/lovme.pt\/index.php\/produto\/satisfyer-vibrador-tropical-tip-lay-on-azul\/","title":{"rendered":"SATISFYER &#8211; TROPICAL TIP VIBRADOR LAY-ON AZUL"},"content":{"rendered":"<p>Um prazer exuberante o aguarda\u2026 Precisa de uma estimula\u00e7\u00e3o clitoriana profunda ou de alguma provoca\u00e7\u00e3o \u201cs\u00f3 a ponta\u201d?<\/p>\n<p><strong>Informa\u00e7\u00f5es sobre o produto &#8220;Dica Satisfyer Tropical&#8221;<\/strong><\/p>\n<ul>\n<li>Padr\u00f5es de vibra\u00e7\u00e3o poderosos proporcionam estimula\u00e7\u00e3o clitoriana intensa<\/li>\n<li>Feito de silicone de grau m\u00e9dico supermacio, adequado para o corpo, suave ao toque e extremamente higi\u00eanico<\/li>\n<li>Gra\u00e7as ao seu acabamento \u00e0 prova d\u00e1gua (IPX7), este brinquedo pode ser usado com seguran\u00e7a na \u00e1gua e \u00e9 f\u00e1cil de limpar<\/li>\n<li>12 programas de vibra\u00e7\u00e3o<\/li>\n<li>Compat\u00edvel com o aplicativo gratuito Satisfyer &#8211; dispon\u00edvel para iOS e Android<\/li>\n<li>Tamb\u00e9m pode ser usado sem o aplicativo<\/li>\n<li>App oferece uma gama infinita de programas<\/li>\n<li>Super flex\u00edvel<\/li>\n<li>Feito de silicone m\u00e9dico supermacio e adequado para a pele, com um toque sedoso<\/li>\n<li>15 anos de garantia<\/li>\n<li>Modo sussurro<\/li>\n<li>Bateria recarreg\u00e1vel de \u00edons de l\u00edtio<\/li>\n<li>Cabo de carregamento USB magn\u00e9tico inclu\u00eddo<\/li>\n<li>F\u00e1cil de limpar<\/li>\n<\/ul>\n<p><strong>O que h\u00e1 de t\u00e3o especial na Ponta Tropical?<\/strong><\/p>\n<p>O App Tropical Tip Connect possui ponta intensificada e pontiaguda para proporcionar sensa\u00e7\u00f5es como nunca antes! Ideal para iniciantes devido \u00e0 funcionalidade simples e ao design divertido. Com corpo firme revestido por silicone macio, a ponta \u00e9 feita totalmente de silicone, tornando-a totalmente flex\u00edvel e proporcionando sensa\u00e7\u00f5es em toda a ponta protuberante &#8211; perfeita para estimula\u00e7\u00e3o clitoriana direcionada ou para atormentar um pouco de cada vez.<\/p>\n<p>O aplicativo Tropical Tip Connect tem um lindo formato de p\u00e1ssaro, com ponta triangular para uma estimula\u00e7\u00e3o ainda mais ampla. Habilitado para Bluetooth, o aplicativo Tropical Tip Connect se conecta ao premiado aplicativo gratuito Satisfyer Connect, oferecendo a voc\u00ea a op\u00e7\u00e3o de ter controle total do potente motor e personalizar verdadeiramente o seu prazer. O aplicativo Tropical Tip Connect \u00e9 feito de silicone seguro para o corpo, \u00e9 recarreg\u00e1vel e \u00e0 prova d\u00e1gua (IPX7).<\/p>\n<p>Dica para isso!<\/p>\n","protected":false},"excerpt":{"rendered":"<p>SATISFYER &#8211; VIBRADOR TROPICAL TIP LAY-ON AZUL<\/p>\n","protected":false},"featured_media":71692,"template":"","meta":{"_acf_changed":false},"product_brand":[],"product_cat":[17,115,61,76],"product_tag":[],"class_list":{"0":"post-40832","1":"product","2":"type-product","3":"status-publish","4":"has-post-thumbnail","6":"product_cat-brinquedos-de-bem-estar-sexual","7":"product_cat-ofertas","8":"product_cat-para-elas","9":"product_cat-vibradores","10":"yith_product_brand-satisfyer","11":"yith_product_brand-satisfyer-satisfyer-layons","13":"first","14":"instock","15":"taxable","16":"shipping-taxable","17":"purchasable","18":"product-type-variable","19":"has-default-attributes"},"acf":[],"yoast_head":"<!-- This site is optimized with the Yoast SEO plugin v27.4 - https:\/\/yoast.com\/product\/yoast-seo-wordpress\/ -->\n<title>SATISFYER - TROPICAL TIP VIBRADOR LAY-ON AZUL - Lovme<\/title>\n<meta name=\"robots\" content=\"index, follow, max-snippet:-1, max-image-preview:large, max-video-preview:-1\" \/>\n<link rel=\"canonical\" href=\"https:\/\/lovme.pt\/index.php\/produto\/satisfyer-vibrador-tropical-tip-lay-on-azul\/\" \/>\n<meta property=\"og:locale\" content=\"pt_PT\" \/>\n<meta property=\"og:type\" content=\"article\" \/>\n<meta property=\"og:title\" content=\"SATISFYER - TROPICAL TIP VIBRADOR LAY-ON AZUL - Lovme\" \/>\n<meta property=\"og:description\" content=\"SATISFYER - VIBRADOR TROPICAL TIP LAY-ON AZUL\" \/>\n<meta property=\"og:url\" content=\"https:\/\/lovme.pt\/index.php\/produto\/satisfyer-vibrador-tropical-tip-lay-on-azul\/\" \/>\n<meta property=\"og:site_name\" content=\"Lovme\" \/>\n<meta property=\"article:modified_time\" content=\"2026-02-19T20:23:17+00:00\" \/>\n<meta property=\"og:image\" content=\"https:\/\/erki24nd3ub.exactdn.com\/wp-content\/uploads\/dream\/img\/img_131698_e798211a1e33b5b21f37b468a021172a_1.jpg?strip=all\" \/>\n\t<meta property=\"og:image:width\" content=\"800\" \/>\n\t<meta property=\"og:image:height\" content=\"800\" \/>\n\t<meta property=\"og:image:type\" content=\"image\/jpeg\" \/>\n<meta name=\"twitter:card\" content=\"summary_large_image\" \/>\n<meta name=\"twitter:label1\" content=\"Tempo estimado de leitura\" \/>\n\t<meta name=\"twitter:data1\" content=\"2 minutos\" \/>\n<script type=\"application\/ld+json\" class=\"yoast-schema-graph\">{\"@context\":\"https:\\\/\\\/schema.org\",\"@graph\":[{\"@type\":\"WebPage\",\"@id\":\"https:\\\/\\\/lovme.pt\\\/index.php\\\/produto\\\/satisfyer-vibrador-tropical-tip-lay-on-azul\\\/\",\"url\":\"https:\\\/\\\/lovme.pt\\\/index.php\\\/produto\\\/satisfyer-vibrador-tropical-tip-lay-on-azul\\\/\",\"name\":\"SATISFYER - TROPICAL TIP VIBRADOR LAY-ON AZUL - Lovme\",\"isPartOf\":{\"@id\":\"https:\\\/\\\/lovme.pt\\\/#website\"},\"primaryImageOfPage\":{\"@id\":\"https:\\\/\\\/lovme.pt\\\/index.php\\\/produto\\\/satisfyer-vibrador-tropical-tip-lay-on-azul\\\/#primaryimage\"},\"image\":{\"@id\":\"https:\\\/\\\/lovme.pt\\\/index.php\\\/produto\\\/satisfyer-vibrador-tropical-tip-lay-on-azul\\\/#primaryimage\"},\"thumbnailUrl\":\"https:\\\/\\\/erki24nd3ub.exactdn.com\\\/wp-content\\\/uploads\\\/dream\\\/img\\\/img_131698_e798211a1e33b5b21f37b468a021172a_1.jpg?strip=all\",\"datePublished\":\"2025-09-30T20:42:19+00:00\",\"dateModified\":\"2026-02-19T20:23:17+00:00\",\"breadcrumb\":{\"@id\":\"https:\\\/\\\/lovme.pt\\\/index.php\\\/produto\\\/satisfyer-vibrador-tropical-tip-lay-on-azul\\\/#breadcrumb\"},\"inLanguage\":\"pt-PT\",\"potentialAction\":[{\"@type\":\"ReadAction\",\"target\":[\"https:\\\/\\\/lovme.pt\\\/index.php\\\/produto\\\/satisfyer-vibrador-tropical-tip-lay-on-azul\\\/\"]}]},{\"@type\":\"ImageObject\",\"inLanguage\":\"pt-PT\",\"@id\":\"https:\\\/\\\/lovme.pt\\\/index.php\\\/produto\\\/satisfyer-vibrador-tropical-tip-lay-on-azul\\\/#primaryimage\",\"url\":\"https:\\\/\\\/erki24nd3ub.exactdn.com\\\/wp-content\\\/uploads\\\/dream\\\/img\\\/img_131698_e798211a1e33b5b21f37b468a021172a_1.jpg?strip=all\",\"contentUrl\":\"https:\\\/\\\/erki24nd3ub.exactdn.com\\\/wp-content\\\/uploads\\\/dream\\\/img\\\/img_131698_e798211a1e33b5b21f37b468a021172a_1.jpg?strip=all\",\"width\":800,\"height\":800},{\"@type\":\"BreadcrumbList\",\"@id\":\"https:\\\/\\\/lovme.pt\\\/index.php\\\/produto\\\/satisfyer-vibrador-tropical-tip-lay-on-azul\\\/#breadcrumb\",\"itemListElement\":[{\"@type\":\"ListItem\",\"position\":1,\"name\":\"In\u00edcio\",\"item\":\"https:\\\/\\\/lovme.pt\\\/\"},{\"@type\":\"ListItem\",\"position\":2,\"name\":\"Loja\",\"item\":\"https:\\\/\\\/lovme.pt\\\/index.php\\\/loja\\\/\"},{\"@type\":\"ListItem\",\"position\":3,\"name\":\"SATISFYER &#8211; TROPICAL TIP VIBRADOR LAY-ON AZUL\"}]},{\"@type\":\"WebSite\",\"@id\":\"https:\\\/\\\/lovme.pt\\\/#website\",\"url\":\"https:\\\/\\\/lovme.pt\\\/\",\"name\":\"Lovme Loja Er\u00f3tica N\u00ba1 em Portugal\",\"description\":\"A melhor loja er\u00f3tica de Portugal.\",\"alternateName\":\"Loja Er\u00f3tica Lovme\",\"potentialAction\":[{\"@type\":\"SearchAction\",\"target\":{\"@type\":\"EntryPoint\",\"urlTemplate\":\"https:\\\/\\\/lovme.pt\\\/?s={search_term_string}\"},\"query-input\":{\"@type\":\"PropertyValueSpecification\",\"valueRequired\":true,\"valueName\":\"search_term_string\"}}],\"inLanguage\":\"pt-PT\"}]}<\/script>\n<!-- \/ Yoast SEO plugin. -->","yoast_head_json":{"title":"SATISFYER - TROPICAL TIP VIBRADOR LAY-ON AZUL - Lovme","robots":{"index":"index","follow":"follow","max-snippet":"max-snippet:-1","max-image-preview":"max-image-preview:large","max-video-preview":"max-video-preview:-1"},"canonical":"https:\/\/lovme.pt\/index.php\/produto\/satisfyer-vibrador-tropical-tip-lay-on-azul\/","og_locale":"pt_PT","og_type":"article","og_title":"SATISFYER - TROPICAL TIP VIBRADOR LAY-ON AZUL - Lovme","og_description":"SATISFYER - VIBRADOR TROPICAL TIP LAY-ON AZUL","og_url":"https:\/\/lovme.pt\/index.php\/produto\/satisfyer-vibrador-tropical-tip-lay-on-azul\/","og_site_name":"Lovme","article_modified_time":"2026-02-19T20:23:17+00:00","og_image":[{"width":800,"height":800,"url":"https:\/\/erki24nd3ub.exactdn.com\/wp-content\/uploads\/dream\/img\/img_131698_e798211a1e33b5b21f37b468a021172a_1.jpg?strip=all","type":"image\/jpeg"}],"twitter_card":"summary_large_image","twitter_misc":{"Tempo estimado de leitura":"2 minutos"},"schema":{"@context":"https:\/\/schema.org","@graph":[{"@type":"WebPage","@id":"https:\/\/lovme.pt\/index.php\/produto\/satisfyer-vibrador-tropical-tip-lay-on-azul\/","url":"https:\/\/lovme.pt\/index.php\/produto\/satisfyer-vibrador-tropical-tip-lay-on-azul\/","name":"SATISFYER - TROPICAL TIP VIBRADOR LAY-ON AZUL - Lovme","isPartOf":{"@id":"https:\/\/lovme.pt\/#website"},"primaryImageOfPage":{"@id":"https:\/\/lovme.pt\/index.php\/produto\/satisfyer-vibrador-tropical-tip-lay-on-azul\/#primaryimage"},"image":{"@id":"https:\/\/lovme.pt\/index.php\/produto\/satisfyer-vibrador-tropical-tip-lay-on-azul\/#primaryimage"},"thumbnailUrl":"https:\/\/erki24nd3ub.exactdn.com\/wp-content\/uploads\/dream\/img\/img_131698_e798211a1e33b5b21f37b468a021172a_1.jpg?strip=all","datePublished":"2025-09-30T20:42:19+00:00","dateModified":"2026-02-19T20:23:17+00:00","breadcrumb":{"@id":"https:\/\/lovme.pt\/index.php\/produto\/satisfyer-vibrador-tropical-tip-lay-on-azul\/#breadcrumb"},"inLanguage":"pt-PT","potentialAction":[{"@type":"ReadAction","target":["https:\/\/lovme.pt\/index.php\/produto\/satisfyer-vibrador-tropical-tip-lay-on-azul\/"]}]},{"@type":"ImageObject","inLanguage":"pt-PT","@id":"https:\/\/lovme.pt\/index.php\/produto\/satisfyer-vibrador-tropical-tip-lay-on-azul\/#primaryimage","url":"https:\/\/erki24nd3ub.exactdn.com\/wp-content\/uploads\/dream\/img\/img_131698_e798211a1e33b5b21f37b468a021172a_1.jpg?strip=all","contentUrl":"https:\/\/erki24nd3ub.exactdn.com\/wp-content\/uploads\/dream\/img\/img_131698_e798211a1e33b5b21f37b468a021172a_1.jpg?strip=all","width":800,"height":800},{"@type":"BreadcrumbList","@id":"https:\/\/lovme.pt\/index.php\/produto\/satisfyer-vibrador-tropical-tip-lay-on-azul\/#breadcrumb","itemListElement":[{"@type":"ListItem","position":1,"name":"In\u00edcio","item":"https:\/\/lovme.pt\/"},{"@type":"ListItem","position":2,"name":"Loja","item":"https:\/\/lovme.pt\/index.php\/loja\/"},{"@type":"ListItem","position":3,"name":"SATISFYER &#8211; TROPICAL TIP VIBRADOR LAY-ON AZUL"}]},{"@type":"WebSite","@id":"https:\/\/lovme.pt\/#website","url":"https:\/\/lovme.pt\/","name":"Lovme Loja Er\u00f3tica N\u00ba1 em Portugal","description":"A melhor loja er\u00f3tica de Portugal.","alternateName":"Loja Er\u00f3tica Lovme","potentialAction":[{"@type":"SearchAction","target":{"@type":"EntryPoint","urlTemplate":"https:\/\/lovme.pt\/?s={search_term_string}"},"query-input":{"@type":"PropertyValueSpecification","valueRequired":true,"valueName":"search_term_string"}}],"inLanguage":"pt-PT"}]}},"_links":{"self":[{"href":"https:\/\/lovme.pt\/index.php\/wp-json\/wp\/v2\/product\/40832","targetHints":{"allow":["GET"]}}],"collection":[{"href":"https:\/\/lovme.pt\/index.php\/wp-json\/wp\/v2\/product"}],"about":[{"href":"https:\/\/lovme.pt\/index.php\/wp-json\/wp\/v2\/types\/product"}],"wp:featuredmedia":[{"embeddable":true,"href":"https:\/\/lovme.pt\/index.php\/wp-json\/wp\/v2\/media\/71692"}],"wp:attachment":[{"href":"https:\/\/lovme.pt\/index.php\/wp-json\/wp\/v2\/media?parent=40832"}],"wp:term":[{"taxonomy":"product_brand","embeddable":true,"href":"https:\/\/lovme.pt\/index.php\/wp-json\/wp\/v2\/product_brand?post=40832"},{"taxonomy":"product_cat","embeddable":true,"href":"https:\/\/lovme.pt\/index.php\/wp-json\/wp\/v2\/product_cat?post=40832"},{"taxonomy":"product_tag","embeddable":true,"href":"https:\/\/lovme.pt\/index.php\/wp-json\/wp\/v2\/product_tag?post=40832"}],"curies":[{"name":"wp","href":"https:\/\/api.w.org\/{rel}","templated":true}]}}