{"id":40830,"date":"2025-09-30T20:42:17","date_gmt":"2025-09-30T20:42:17","guid":{"rendered":"https:\/\/lovme.pt\/?post_type=product&#038;p=40830"},"modified":"2026-02-19T20:23:18","modified_gmt":"2026-02-19T20:23:18","slug":"satisfyer-vibrador-de-dedo-love-riot-roxo","status":"publish","type":"product","link":"https:\/\/lovme.pt\/index.php\/produto\/satisfyer-vibrador-de-dedo-love-riot-roxo\/","title":{"rendered":"SATISFYER &#8211; LOVE RIOT VIBRADOR DEDAL MORADO"},"content":{"rendered":"<p>Prepare-se para uma revolta: o Satisfyer Love Riot \u00e9 um vibrador de dedo que certamente agradar\u00e1 n\u00e3o s\u00f3 gra\u00e7as ao seu motor extremamente potente, mas tamb\u00e9m \u00e0 sua ampla gama de utiliza\u00e7\u00f5es poss\u00edveis.<\/p>\n<p> <strong>Informa\u00e7\u00f5es sobre o produto &#8220;Satisfyer Love Riot&#8221;<\/strong><\/p>\n<ul>\n<li> Garantia de 15 anos<\/li>\n<li> Vibrador de dedo vers\u00e1til<\/li>\n<li> 12 programas de vibra\u00e7\u00e3o<\/li>\n<li> Silicone amigo do corpo<\/li>\n<li> \u00c0 prova d\u00e1gua (IPX7)<\/li>\n<li> Modo sussurro<\/li>\n<li> Bateria de \u00edon de l\u00edtio<\/li>\n<li> Cabo de carregamento magn\u00e9tico USB inclu\u00eddo<\/li>\n<li> F\u00e1cil de limpar<\/li>\n<\/ul>\n<p> <strong>Satisfyer Love Riot: Vibrador de dedo para iniciantes e jogadores experientes<\/strong><\/p>\n<p> Este vibrador de dedo m\u00ednimo tem tudo: apesar do seu tamanho manej\u00e1vel, o Satisfyer Love Riot oferece vibra\u00e7\u00f5es intensas e profundas e destaca-se particularmente quando se trata de estimula\u00e7\u00e3o do clit\u00f3ris. O Satisfyer Live Riot n\u00e3o \u00e9 apenas ideal como vibrador de clit\u00f3ris, mas tamb\u00e9m \u00e9 perfeito para outras zonas er\u00f3genas como o p\u00e9nis, os mamilos ou o per\u00edneo e ir\u00e1 mergulhar-te no \u00eaxtase com 12 programas de vibra\u00e7\u00e3o variados. Gra\u00e7as \u00e0 sua opera\u00e7\u00e3o intuitiva e f\u00e1cil manuseio, tamb\u00e9m \u00e9 ideal para iniciantes  voc\u00ea pode prend\u00ea-lo facilmente entre os dedos com sua al\u00e7a estreita e usar todos os truques do livro para mimar voc\u00ea ou sua namorada.<\/p>\n<p> <strong>Satisfyer Love Riot: vibrador de dedo \u00e0 prova d\u00e1gua (IPX7)<\/strong><\/p>\n<p> O Satisfyer Love Riot \u00e9 feito de silicone m\u00e9dico macio e, portanto, \u00e9 particularmente suave para os pontos quentes, apesar do seu poder. Tamb\u00e9m \u00e9 \u00e0 prova d\u00e1gua (IPX7) e ter\u00e1 o prazer de mergulhar com voc\u00ea no chuveiro ou na banheira. O vibrador de dedo tamb\u00e9m \u00e9 f\u00e1cil de limpar com \u00e1gua morna, sab\u00e3o neutro e um limpador de dispositivos de bem-estar sexual. Caso fique sem energia, voc\u00ea pode carreg\u00e1-lo novamente para a pr\u00f3xima sess\u00e3o de prazer usando o cabo de carregamento USB inclu\u00eddo.<\/p>\n","protected":false},"excerpt":{"rendered":"<p>SATISFYER &#8211; VIBRADOR DE DEDO LOVE RIOT ROXO<\/p>\n","protected":false},"featured_media":71684,"template":"","meta":{"_acf_changed":false},"product_brand":[],"product_cat":[17,115,61,76],"product_tag":[],"class_list":{"0":"post-40830","1":"product","2":"type-product","3":"status-publish","4":"has-post-thumbnail","6":"product_cat-brinquedos-de-bem-estar-sexual","7":"product_cat-ofertas","8":"product_cat-para-elas","9":"product_cat-vibradores","10":"yith_product_brand-satisfyer","11":"yith_product_brand-satisfyer-satisfyer-vibrator","13":"first","14":"instock","15":"taxable","16":"shipping-taxable","17":"purchasable","18":"product-type-variable","19":"has-default-attributes"},"acf":[],"yoast_head":"<!-- This site is optimized with the Yoast SEO plugin v27.4 - https:\/\/yoast.com\/product\/yoast-seo-wordpress\/ -->\n<title>SATISFYER - LOVE RIOT VIBRADOR DEDAL MORADO - Lovme<\/title>\n<meta name=\"robots\" content=\"index, follow, max-snippet:-1, max-image-preview:large, max-video-preview:-1\" \/>\n<link rel=\"canonical\" href=\"https:\/\/lovme.pt\/index.php\/produto\/satisfyer-vibrador-de-dedo-love-riot-roxo\/\" \/>\n<meta property=\"og:locale\" content=\"pt_PT\" \/>\n<meta property=\"og:type\" content=\"article\" \/>\n<meta property=\"og:title\" content=\"SATISFYER - LOVE RIOT VIBRADOR DEDAL MORADO - Lovme\" \/>\n<meta property=\"og:description\" content=\"SATISFYER - VIBRADOR DE DEDO LOVE RIOT ROXO\" \/>\n<meta property=\"og:url\" content=\"https:\/\/lovme.pt\/index.php\/produto\/satisfyer-vibrador-de-dedo-love-riot-roxo\/\" \/>\n<meta property=\"og:site_name\" content=\"Lovme\" \/>\n<meta property=\"article:modified_time\" content=\"2026-02-19T20:23:18+00:00\" \/>\n<meta property=\"og:image\" content=\"https:\/\/erki24nd3ub.exactdn.com\/wp-content\/uploads\/dream\/img\/img_131670_965cf36aee9ccd38e2f05f6f4042588d_1.jpg?strip=all\" \/>\n\t<meta property=\"og:image:width\" content=\"800\" \/>\n\t<meta property=\"og:image:height\" content=\"800\" \/>\n\t<meta property=\"og:image:type\" content=\"image\/jpeg\" \/>\n<meta name=\"twitter:card\" content=\"summary_large_image\" \/>\n<meta name=\"twitter:label1\" content=\"Tempo estimado de leitura\" \/>\n\t<meta name=\"twitter:data1\" content=\"2 minutos\" \/>\n<script type=\"application\/ld+json\" class=\"yoast-schema-graph\">{\"@context\":\"https:\\\/\\\/schema.org\",\"@graph\":[{\"@type\":\"WebPage\",\"@id\":\"https:\\\/\\\/lovme.pt\\\/index.php\\\/produto\\\/satisfyer-vibrador-de-dedo-love-riot-roxo\\\/\",\"url\":\"https:\\\/\\\/lovme.pt\\\/index.php\\\/produto\\\/satisfyer-vibrador-de-dedo-love-riot-roxo\\\/\",\"name\":\"SATISFYER - LOVE RIOT VIBRADOR DEDAL MORADO - Lovme\",\"isPartOf\":{\"@id\":\"https:\\\/\\\/lovme.pt\\\/#website\"},\"primaryImageOfPage\":{\"@id\":\"https:\\\/\\\/lovme.pt\\\/index.php\\\/produto\\\/satisfyer-vibrador-de-dedo-love-riot-roxo\\\/#primaryimage\"},\"image\":{\"@id\":\"https:\\\/\\\/lovme.pt\\\/index.php\\\/produto\\\/satisfyer-vibrador-de-dedo-love-riot-roxo\\\/#primaryimage\"},\"thumbnailUrl\":\"https:\\\/\\\/erki24nd3ub.exactdn.com\\\/wp-content\\\/uploads\\\/dream\\\/img\\\/img_131670_965cf36aee9ccd38e2f05f6f4042588d_1.jpg?strip=all\",\"datePublished\":\"2025-09-30T20:42:17+00:00\",\"dateModified\":\"2026-02-19T20:23:18+00:00\",\"breadcrumb\":{\"@id\":\"https:\\\/\\\/lovme.pt\\\/index.php\\\/produto\\\/satisfyer-vibrador-de-dedo-love-riot-roxo\\\/#breadcrumb\"},\"inLanguage\":\"pt-PT\",\"potentialAction\":[{\"@type\":\"ReadAction\",\"target\":[\"https:\\\/\\\/lovme.pt\\\/index.php\\\/produto\\\/satisfyer-vibrador-de-dedo-love-riot-roxo\\\/\"]}]},{\"@type\":\"ImageObject\",\"inLanguage\":\"pt-PT\",\"@id\":\"https:\\\/\\\/lovme.pt\\\/index.php\\\/produto\\\/satisfyer-vibrador-de-dedo-love-riot-roxo\\\/#primaryimage\",\"url\":\"https:\\\/\\\/erki24nd3ub.exactdn.com\\\/wp-content\\\/uploads\\\/dream\\\/img\\\/img_131670_965cf36aee9ccd38e2f05f6f4042588d_1.jpg?strip=all\",\"contentUrl\":\"https:\\\/\\\/erki24nd3ub.exactdn.com\\\/wp-content\\\/uploads\\\/dream\\\/img\\\/img_131670_965cf36aee9ccd38e2f05f6f4042588d_1.jpg?strip=all\",\"width\":800,\"height\":800},{\"@type\":\"BreadcrumbList\",\"@id\":\"https:\\\/\\\/lovme.pt\\\/index.php\\\/produto\\\/satisfyer-vibrador-de-dedo-love-riot-roxo\\\/#breadcrumb\",\"itemListElement\":[{\"@type\":\"ListItem\",\"position\":1,\"name\":\"In\u00edcio\",\"item\":\"https:\\\/\\\/lovme.pt\\\/\"},{\"@type\":\"ListItem\",\"position\":2,\"name\":\"Loja\",\"item\":\"https:\\\/\\\/lovme.pt\\\/index.php\\\/loja\\\/\"},{\"@type\":\"ListItem\",\"position\":3,\"name\":\"SATISFYER &#8211; LOVE RIOT VIBRADOR DEDAL MORADO\"}]},{\"@type\":\"WebSite\",\"@id\":\"https:\\\/\\\/lovme.pt\\\/#website\",\"url\":\"https:\\\/\\\/lovme.pt\\\/\",\"name\":\"Lovme Loja Er\u00f3tica N\u00ba1 em Portugal\",\"description\":\"A melhor loja er\u00f3tica de Portugal.\",\"alternateName\":\"Loja Er\u00f3tica Lovme\",\"potentialAction\":[{\"@type\":\"SearchAction\",\"target\":{\"@type\":\"EntryPoint\",\"urlTemplate\":\"https:\\\/\\\/lovme.pt\\\/?s={search_term_string}\"},\"query-input\":{\"@type\":\"PropertyValueSpecification\",\"valueRequired\":true,\"valueName\":\"search_term_string\"}}],\"inLanguage\":\"pt-PT\"}]}<\/script>\n<!-- \/ Yoast SEO plugin. -->","yoast_head_json":{"title":"SATISFYER - LOVE RIOT VIBRADOR DEDAL MORADO - Lovme","robots":{"index":"index","follow":"follow","max-snippet":"max-snippet:-1","max-image-preview":"max-image-preview:large","max-video-preview":"max-video-preview:-1"},"canonical":"https:\/\/lovme.pt\/index.php\/produto\/satisfyer-vibrador-de-dedo-love-riot-roxo\/","og_locale":"pt_PT","og_type":"article","og_title":"SATISFYER - LOVE RIOT VIBRADOR DEDAL MORADO - Lovme","og_description":"SATISFYER - VIBRADOR DE DEDO LOVE RIOT ROXO","og_url":"https:\/\/lovme.pt\/index.php\/produto\/satisfyer-vibrador-de-dedo-love-riot-roxo\/","og_site_name":"Lovme","article_modified_time":"2026-02-19T20:23:18+00:00","og_image":[{"width":800,"height":800,"url":"https:\/\/erki24nd3ub.exactdn.com\/wp-content\/uploads\/dream\/img\/img_131670_965cf36aee9ccd38e2f05f6f4042588d_1.jpg?strip=all","type":"image\/jpeg"}],"twitter_card":"summary_large_image","twitter_misc":{"Tempo estimado de leitura":"2 minutos"},"schema":{"@context":"https:\/\/schema.org","@graph":[{"@type":"WebPage","@id":"https:\/\/lovme.pt\/index.php\/produto\/satisfyer-vibrador-de-dedo-love-riot-roxo\/","url":"https:\/\/lovme.pt\/index.php\/produto\/satisfyer-vibrador-de-dedo-love-riot-roxo\/","name":"SATISFYER - LOVE RIOT VIBRADOR DEDAL MORADO - Lovme","isPartOf":{"@id":"https:\/\/lovme.pt\/#website"},"primaryImageOfPage":{"@id":"https:\/\/lovme.pt\/index.php\/produto\/satisfyer-vibrador-de-dedo-love-riot-roxo\/#primaryimage"},"image":{"@id":"https:\/\/lovme.pt\/index.php\/produto\/satisfyer-vibrador-de-dedo-love-riot-roxo\/#primaryimage"},"thumbnailUrl":"https:\/\/erki24nd3ub.exactdn.com\/wp-content\/uploads\/dream\/img\/img_131670_965cf36aee9ccd38e2f05f6f4042588d_1.jpg?strip=all","datePublished":"2025-09-30T20:42:17+00:00","dateModified":"2026-02-19T20:23:18+00:00","breadcrumb":{"@id":"https:\/\/lovme.pt\/index.php\/produto\/satisfyer-vibrador-de-dedo-love-riot-roxo\/#breadcrumb"},"inLanguage":"pt-PT","potentialAction":[{"@type":"ReadAction","target":["https:\/\/lovme.pt\/index.php\/produto\/satisfyer-vibrador-de-dedo-love-riot-roxo\/"]}]},{"@type":"ImageObject","inLanguage":"pt-PT","@id":"https:\/\/lovme.pt\/index.php\/produto\/satisfyer-vibrador-de-dedo-love-riot-roxo\/#primaryimage","url":"https:\/\/erki24nd3ub.exactdn.com\/wp-content\/uploads\/dream\/img\/img_131670_965cf36aee9ccd38e2f05f6f4042588d_1.jpg?strip=all","contentUrl":"https:\/\/erki24nd3ub.exactdn.com\/wp-content\/uploads\/dream\/img\/img_131670_965cf36aee9ccd38e2f05f6f4042588d_1.jpg?strip=all","width":800,"height":800},{"@type":"BreadcrumbList","@id":"https:\/\/lovme.pt\/index.php\/produto\/satisfyer-vibrador-de-dedo-love-riot-roxo\/#breadcrumb","itemListElement":[{"@type":"ListItem","position":1,"name":"In\u00edcio","item":"https:\/\/lovme.pt\/"},{"@type":"ListItem","position":2,"name":"Loja","item":"https:\/\/lovme.pt\/index.php\/loja\/"},{"@type":"ListItem","position":3,"name":"SATISFYER &#8211; LOVE RIOT VIBRADOR DEDAL MORADO"}]},{"@type":"WebSite","@id":"https:\/\/lovme.pt\/#website","url":"https:\/\/lovme.pt\/","name":"Lovme Loja Er\u00f3tica N\u00ba1 em Portugal","description":"A melhor loja er\u00f3tica de Portugal.","alternateName":"Loja Er\u00f3tica Lovme","potentialAction":[{"@type":"SearchAction","target":{"@type":"EntryPoint","urlTemplate":"https:\/\/lovme.pt\/?s={search_term_string}"},"query-input":{"@type":"PropertyValueSpecification","valueRequired":true,"valueName":"search_term_string"}}],"inLanguage":"pt-PT"}]}},"_links":{"self":[{"href":"https:\/\/lovme.pt\/index.php\/wp-json\/wp\/v2\/product\/40830","targetHints":{"allow":["GET"]}}],"collection":[{"href":"https:\/\/lovme.pt\/index.php\/wp-json\/wp\/v2\/product"}],"about":[{"href":"https:\/\/lovme.pt\/index.php\/wp-json\/wp\/v2\/types\/product"}],"wp:featuredmedia":[{"embeddable":true,"href":"https:\/\/lovme.pt\/index.php\/wp-json\/wp\/v2\/media\/71684"}],"wp:attachment":[{"href":"https:\/\/lovme.pt\/index.php\/wp-json\/wp\/v2\/media?parent=40830"}],"wp:term":[{"taxonomy":"product_brand","embeddable":true,"href":"https:\/\/lovme.pt\/index.php\/wp-json\/wp\/v2\/product_brand?post=40830"},{"taxonomy":"product_cat","embeddable":true,"href":"https:\/\/lovme.pt\/index.php\/wp-json\/wp\/v2\/product_cat?post=40830"},{"taxonomy":"product_tag","embeddable":true,"href":"https:\/\/lovme.pt\/index.php\/wp-json\/wp\/v2\/product_tag?post=40830"}],"curies":[{"name":"wp","href":"https:\/\/api.w.org\/{rel}","templated":true}]}}