{"id":40614,"date":"2025-09-30T09:47:45","date_gmt":"2025-09-30T09:47:45","guid":{"rendered":"https:\/\/lovme.pt\/?post_type=product&p=40614"},"modified":"2026-02-25T08:47:04","modified_gmt":"2026-02-25T08:47:04","slug":"diablo-picante-dado-kamasutra-de-posturas-para-meninos-com-ampulheta","status":"publish","type":"product","link":"https:\/\/lovme.pt\/index.php\/produto\/diablo-picante-dado-kamasutra-de-posturas-para-meninos-com-ampulheta\/","title":{"rendered":"DIABLO PICANTE &#8211; DADO KAMASUTRA DE POSTURAS PARA MENINOS COM AMPULHETA"},"content":{"rendered":"<p><strong>DADOS DE POSTURAS DE KAMASUTRA PARA MENINOS COM AMPULHETA<\/strong><\/p>\n<p> DADOS BRANCOS DUROS DE ALTA QUALIDADE DE 25 mm E UMA AMPULHETA DE 2 MINUTOS que marcar\u00e1 o tempo da POSTURA que sai. Est\u00e3o em uma bolsa de seda transparente.<\/p>\n<p> DADOS DA PAIX\u00c3O! QUE POSTURA FAZEMOS HOJE?<\/p>\n<p> Aproveite a chance dos dados, uma \u00f3tima solu\u00e7\u00e3o para a indecis\u00e3o sexual. Voc\u00ea ficar\u00e1 surpreso com sua simplicidade, voc\u00ea pode lev\u00e1-lo para qualquer lugar e qualquer lugar lhe dar\u00e1 muita alegria.<\/p>\n<p> LANCE OS DADOS E LIBERTE SUA IMAGINA\u00c7\u00c3O. VAMOS JOGAR!<\/p>\n<p> <strong>Diablo Picante<\/strong> , pioneira na Espanha na fabrica\u00e7\u00e3o de artigos divertidos com temas er\u00f3ticos para todo tipo de comemora\u00e7\u00e3o: despedidas de solteiro, anivers\u00e1rios, aposentadorias, brincadeiras, festas noturnas e qualquer outro evento com amigos e colegas.<\/p>\n","protected":false},"excerpt":{"rendered":"<p>DIABLO PICANTE &#8211; DADO KAMASUTRA DE POSTURAS PARA MENINOS COM AMPULHETA<\/p>\n","protected":false},"featured_media":57163,"template":"","meta":{"_acf_changed":false},"product_brand":[],"product_cat":[69],"product_tag":[],"class_list":{"0":"post-40614","1":"product","2":"type-product","3":"status-publish","4":"has-post-thumbnail","6":"product_cat-jogos-eroticos","7":"yith_product_brand-diverty-sexdiablo-picante","9":"first","10":"instock","11":"taxable","12":"shipping-taxable","13":"purchasable","14":"product-type-simple"},"acf":[],"yoast_head":"<!-- This site is optimized with the Yoast SEO plugin v27.4 - https:\/\/yoast.com\/product\/yoast-seo-wordpress\/ -->\n<title>DIABLO PICANTE - DADO KAMASUTRA DE POSTURAS PARA MENINOS COM AMPULHETA - Lovme<\/title>\n<meta name=\"robots\" content=\"index, follow, max-snippet:-1, max-image-preview:large, max-video-preview:-1\" \/>\n<link rel=\"canonical\" href=\"https:\/\/lovme.pt\/index.php\/produto\/diablo-picante-dado-kamasutra-de-posturas-para-meninos-com-ampulheta\/\" \/>\n<meta property=\"og:locale\" content=\"pt_PT\" \/>\n<meta property=\"og:type\" content=\"article\" \/>\n<meta property=\"og:title\" content=\"DIABLO PICANTE - DADO KAMASUTRA DE POSTURAS PARA MENINOS COM AMPULHETA - Lovme\" \/>\n<meta property=\"og:description\" content=\"DIABLO PICANTE - DADO KAMASUTRA DE POSTURAS PARA MENINOS COM AMPULHETA\" \/>\n<meta property=\"og:url\" content=\"https:\/\/lovme.pt\/index.php\/produto\/diablo-picante-dado-kamasutra-de-posturas-para-meninos-com-ampulheta\/\" \/>\n<meta property=\"og:site_name\" content=\"Lovme\" \/>\n<meta property=\"article:modified_time\" content=\"2026-02-25T08:47:04+00:00\" \/>\n<meta property=\"og:image\" content=\"https:\/\/erki24nd3ub.exactdn.com\/wp-content\/uploads\/dream\/img\/img_130885_92d87aafaa0b8a37700be27ed59ed900_1.jpg?strip=all\" \/>\n\t<meta property=\"og:image:width\" content=\"800\" \/>\n\t<meta property=\"og:image:height\" content=\"800\" \/>\n\t<meta property=\"og:image:type\" content=\"image\/jpeg\" \/>\n<meta name=\"twitter:card\" content=\"summary_large_image\" \/>\n<meta name=\"twitter:label1\" content=\"Tempo estimado de leitura\" \/>\n\t<meta name=\"twitter:data1\" content=\"1 minuto\" \/>\n<script type=\"application\/ld+json\" class=\"yoast-schema-graph\">{\"@context\":\"https:\\\/\\\/schema.org\",\"@graph\":[{\"@type\":\"WebPage\",\"@id\":\"https:\\\/\\\/lovme.pt\\\/index.php\\\/produto\\\/diablo-picante-dado-kamasutra-de-posturas-para-meninos-com-ampulheta\\\/\",\"url\":\"https:\\\/\\\/lovme.pt\\\/index.php\\\/produto\\\/diablo-picante-dado-kamasutra-de-posturas-para-meninos-com-ampulheta\\\/\",\"name\":\"DIABLO PICANTE - DADO KAMASUTRA DE POSTURAS PARA MENINOS COM AMPULHETA - Lovme\",\"isPartOf\":{\"@id\":\"https:\\\/\\\/lovme.pt\\\/#website\"},\"primaryImageOfPage\":{\"@id\":\"https:\\\/\\\/lovme.pt\\\/index.php\\\/produto\\\/diablo-picante-dado-kamasutra-de-posturas-para-meninos-com-ampulheta\\\/#primaryimage\"},\"image\":{\"@id\":\"https:\\\/\\\/lovme.pt\\\/index.php\\\/produto\\\/diablo-picante-dado-kamasutra-de-posturas-para-meninos-com-ampulheta\\\/#primaryimage\"},\"thumbnailUrl\":\"https:\\\/\\\/erki24nd3ub.exactdn.com\\\/wp-content\\\/uploads\\\/dream\\\/img\\\/img_130885_92d87aafaa0b8a37700be27ed59ed900_1.jpg?strip=all\",\"datePublished\":\"2025-09-30T09:47:45+00:00\",\"dateModified\":\"2026-02-25T08:47:04+00:00\",\"breadcrumb\":{\"@id\":\"https:\\\/\\\/lovme.pt\\\/index.php\\\/produto\\\/diablo-picante-dado-kamasutra-de-posturas-para-meninos-com-ampulheta\\\/#breadcrumb\"},\"inLanguage\":\"pt-PT\",\"potentialAction\":[{\"@type\":\"ReadAction\",\"target\":[\"https:\\\/\\\/lovme.pt\\\/index.php\\\/produto\\\/diablo-picante-dado-kamasutra-de-posturas-para-meninos-com-ampulheta\\\/\"]}]},{\"@type\":\"ImageObject\",\"inLanguage\":\"pt-PT\",\"@id\":\"https:\\\/\\\/lovme.pt\\\/index.php\\\/produto\\\/diablo-picante-dado-kamasutra-de-posturas-para-meninos-com-ampulheta\\\/#primaryimage\",\"url\":\"https:\\\/\\\/erki24nd3ub.exactdn.com\\\/wp-content\\\/uploads\\\/dream\\\/img\\\/img_130885_92d87aafaa0b8a37700be27ed59ed900_1.jpg?strip=all\",\"contentUrl\":\"https:\\\/\\\/erki24nd3ub.exactdn.com\\\/wp-content\\\/uploads\\\/dream\\\/img\\\/img_130885_92d87aafaa0b8a37700be27ed59ed900_1.jpg?strip=all\",\"width\":800,\"height\":800},{\"@type\":\"BreadcrumbList\",\"@id\":\"https:\\\/\\\/lovme.pt\\\/index.php\\\/produto\\\/diablo-picante-dado-kamasutra-de-posturas-para-meninos-com-ampulheta\\\/#breadcrumb\",\"itemListElement\":[{\"@type\":\"ListItem\",\"position\":1,\"name\":\"In\u00edcio\",\"item\":\"https:\\\/\\\/lovme.pt\\\/\"},{\"@type\":\"ListItem\",\"position\":2,\"name\":\"Loja\",\"item\":\"https:\\\/\\\/lovme.pt\\\/index.php\\\/loja\\\/\"},{\"@type\":\"ListItem\",\"position\":3,\"name\":\"DIABLO PICANTE &#8211; DADO KAMASUTRA DE POSTURAS PARA MENINOS COM AMPULHETA\"}]},{\"@type\":\"WebSite\",\"@id\":\"https:\\\/\\\/lovme.pt\\\/#website\",\"url\":\"https:\\\/\\\/lovme.pt\\\/\",\"name\":\"Lovme Loja Er\u00f3tica N\u00ba1 em Portugal\",\"description\":\"A melhor loja er\u00f3tica de Portugal.\",\"alternateName\":\"Loja Er\u00f3tica Lovme\",\"potentialAction\":[{\"@type\":\"SearchAction\",\"target\":{\"@type\":\"EntryPoint\",\"urlTemplate\":\"https:\\\/\\\/lovme.pt\\\/?s={search_term_string}\"},\"query-input\":{\"@type\":\"PropertyValueSpecification\",\"valueRequired\":true,\"valueName\":\"search_term_string\"}}],\"inLanguage\":\"pt-PT\"}]}<\/script>\n<!-- \/ Yoast SEO plugin. -->","yoast_head_json":{"title":"DIABLO PICANTE - DADO KAMASUTRA DE POSTURAS PARA MENINOS COM AMPULHETA - Lovme","robots":{"index":"index","follow":"follow","max-snippet":"max-snippet:-1","max-image-preview":"max-image-preview:large","max-video-preview":"max-video-preview:-1"},"canonical":"https:\/\/lovme.pt\/index.php\/produto\/diablo-picante-dado-kamasutra-de-posturas-para-meninos-com-ampulheta\/","og_locale":"pt_PT","og_type":"article","og_title":"DIABLO PICANTE - DADO KAMASUTRA DE POSTURAS PARA MENINOS COM AMPULHETA - Lovme","og_description":"DIABLO PICANTE - DADO KAMASUTRA DE POSTURAS PARA MENINOS COM AMPULHETA","og_url":"https:\/\/lovme.pt\/index.php\/produto\/diablo-picante-dado-kamasutra-de-posturas-para-meninos-com-ampulheta\/","og_site_name":"Lovme","article_modified_time":"2026-02-25T08:47:04+00:00","og_image":[{"width":800,"height":800,"url":"https:\/\/erki24nd3ub.exactdn.com\/wp-content\/uploads\/dream\/img\/img_130885_92d87aafaa0b8a37700be27ed59ed900_1.jpg?strip=all","type":"image\/jpeg"}],"twitter_card":"summary_large_image","twitter_misc":{"Tempo estimado de leitura":"1 minuto"},"schema":{"@context":"https:\/\/schema.org","@graph":[{"@type":"WebPage","@id":"https:\/\/lovme.pt\/index.php\/produto\/diablo-picante-dado-kamasutra-de-posturas-para-meninos-com-ampulheta\/","url":"https:\/\/lovme.pt\/index.php\/produto\/diablo-picante-dado-kamasutra-de-posturas-para-meninos-com-ampulheta\/","name":"DIABLO PICANTE - DADO KAMASUTRA DE POSTURAS PARA MENINOS COM AMPULHETA - Lovme","isPartOf":{"@id":"https:\/\/lovme.pt\/#website"},"primaryImageOfPage":{"@id":"https:\/\/lovme.pt\/index.php\/produto\/diablo-picante-dado-kamasutra-de-posturas-para-meninos-com-ampulheta\/#primaryimage"},"image":{"@id":"https:\/\/lovme.pt\/index.php\/produto\/diablo-picante-dado-kamasutra-de-posturas-para-meninos-com-ampulheta\/#primaryimage"},"thumbnailUrl":"https:\/\/erki24nd3ub.exactdn.com\/wp-content\/uploads\/dream\/img\/img_130885_92d87aafaa0b8a37700be27ed59ed900_1.jpg?strip=all","datePublished":"2025-09-30T09:47:45+00:00","dateModified":"2026-02-25T08:47:04+00:00","breadcrumb":{"@id":"https:\/\/lovme.pt\/index.php\/produto\/diablo-picante-dado-kamasutra-de-posturas-para-meninos-com-ampulheta\/#breadcrumb"},"inLanguage":"pt-PT","potentialAction":[{"@type":"ReadAction","target":["https:\/\/lovme.pt\/index.php\/produto\/diablo-picante-dado-kamasutra-de-posturas-para-meninos-com-ampulheta\/"]}]},{"@type":"ImageObject","inLanguage":"pt-PT","@id":"https:\/\/lovme.pt\/index.php\/produto\/diablo-picante-dado-kamasutra-de-posturas-para-meninos-com-ampulheta\/#primaryimage","url":"https:\/\/erki24nd3ub.exactdn.com\/wp-content\/uploads\/dream\/img\/img_130885_92d87aafaa0b8a37700be27ed59ed900_1.jpg?strip=all","contentUrl":"https:\/\/erki24nd3ub.exactdn.com\/wp-content\/uploads\/dream\/img\/img_130885_92d87aafaa0b8a37700be27ed59ed900_1.jpg?strip=all","width":800,"height":800},{"@type":"BreadcrumbList","@id":"https:\/\/lovme.pt\/index.php\/produto\/diablo-picante-dado-kamasutra-de-posturas-para-meninos-com-ampulheta\/#breadcrumb","itemListElement":[{"@type":"ListItem","position":1,"name":"In\u00edcio","item":"https:\/\/lovme.pt\/"},{"@type":"ListItem","position":2,"name":"Loja","item":"https:\/\/lovme.pt\/index.php\/loja\/"},{"@type":"ListItem","position":3,"name":"DIABLO PICANTE &#8211; DADO KAMASUTRA DE POSTURAS PARA MENINOS COM AMPULHETA"}]},{"@type":"WebSite","@id":"https:\/\/lovme.pt\/#website","url":"https:\/\/lovme.pt\/","name":"Lovme Loja Er\u00f3tica N\u00ba1 em Portugal","description":"A melhor loja er\u00f3tica de Portugal.","alternateName":"Loja Er\u00f3tica Lovme","potentialAction":[{"@type":"SearchAction","target":{"@type":"EntryPoint","urlTemplate":"https:\/\/lovme.pt\/?s={search_term_string}"},"query-input":{"@type":"PropertyValueSpecification","valueRequired":true,"valueName":"search_term_string"}}],"inLanguage":"pt-PT"}]}},"_links":{"self":[{"href":"https:\/\/lovme.pt\/index.php\/wp-json\/wp\/v2\/product\/40614","targetHints":{"allow":["GET"]}}],"collection":[{"href":"https:\/\/lovme.pt\/index.php\/wp-json\/wp\/v2\/product"}],"about":[{"href":"https:\/\/lovme.pt\/index.php\/wp-json\/wp\/v2\/types\/product"}],"wp:featuredmedia":[{"embeddable":true,"href":"https:\/\/lovme.pt\/index.php\/wp-json\/wp\/v2\/media\/57163"}],"wp:attachment":[{"href":"https:\/\/lovme.pt\/index.php\/wp-json\/wp\/v2\/media?parent=40614"}],"wp:term":[{"taxonomy":"product_brand","embeddable":true,"href":"https:\/\/lovme.pt\/index.php\/wp-json\/wp\/v2\/product_brand?post=40614"},{"taxonomy":"product_cat","embeddable":true,"href":"https:\/\/lovme.pt\/index.php\/wp-json\/wp\/v2\/product_cat?post=40614"},{"taxonomy":"product_tag","embeddable":true,"href":"https:\/\/lovme.pt\/index.php\/wp-json\/wp\/v2\/product_tag?post=40614"}],"curies":[{"name":"wp","href":"https:\/\/api.w.org\/{rel}","templated":true}]}}