{"id":40447,"date":"2025-09-30T20:41:39","date_gmt":"2025-09-30T20:41:39","guid":{"rendered":"https:\/\/lovme.pt\/?post_type=product&#038;p=40447"},"modified":"2026-02-25T08:42:18","modified_gmt":"2026-02-25T08:42:18","slug":"anbiguo-estimulador-de-glandula-arkadio-e-perineo-compativel-com-a-tecnologia-watchme-wireless","status":"publish","type":"product","link":"https:\/\/lovme.pt\/index.php\/produto\/anbiguo-estimulador-de-glandula-arkadio-e-perineo-compativel-com-a-tecnologia-watchme-wireless\/","title":{"rendered":"ANBIGUO &#8211; ESTIMULADOR DE GL\u00c2NDULA ARKADIO E PER\u00cdNEO COMPAT\u00cdVEL COM A TECNOLOGIA WATCHME WIRELESS"},"content":{"rendered":"<p>A morbidade &eacute; uma realidade humana, ou seja, um dos impulsos b&aacute;sicos do ser humano. Tem a ver com a parte instintiva e faz parte de todas as necessidades, como: comer, ter rela&ccedil;&otilde;es sexuais, socializar, dormir, entre outras.<\/p>\n<p>Esse sentimento &eacute; uma esp&eacute;cie de for&ccedil;a que leva as pessoas a entrar em contato com ele e a sentir prazer ao faz&ecirc;-lo. O prazer de fazer algo proibido ou quebrar as regras.<\/p>\n<p>A morbidade possui diferentes formas de se expressar, entre elas est&aacute; a pornografia; Ver este tipo de conte&uacute;do satisfaz a curiosidade das pessoas, mas tamb&eacute;m lhes permite dar um passo al&eacute;m das rela&ccedil;&otilde;es sexuais comuns. &Eacute; por isso que nasce <strong>ANBIGUO<\/strong> , a primeira marca pensada para a morbidade sexual sem limites!<\/p>\n<p>Onde come&ccedil;a o proibido &eacute; a morbidez e a ambiguidade. Sem r&oacute;tulos, sem limita&ccedil;&otilde;es e com muita paix&atilde;o desenvolvemos esta marca.<\/p>\n<p>A gama <b>ARKADIO<\/b> incorpora um conjunto de fun&ccedil;&otilde;es nunca antes vistas num estimulador peniano: concebido para uma estimula&ccedil;&atilde;o de alto calibre da glande e do per&iacute;neo. Possui oito modos de vibra&ccedil;&atilde;o, motor super potente e silicone super macio ao toque, al&eacute;m de ser ergonomicamente projetado para uso seguro e confort&aacute;vel. &Eacute; perfeito tanto para iniciantes quanto para usu&aacute;rios mais experientes. Este massageador ir&aacute; adicionar uma nova dimens&atilde;o &agrave;s suas sess&otilde;es de prazer, tanto sozinho como com outras pessoas. Al&eacute;m disso, &eacute; compat&iacute;vel com a nova tecnologia de controle remoto Watchme.<\/p>\n<p><u><strong>Caracteristicas:<\/strong><\/u><\/p>\n<ul>\n<li>8 modos de vibra&ccedil;&atilde;o<\/li>\n<li>Motor super potente<\/li>\n<li>Estimula&ccedil;&atilde;o da glande e per&iacute;neo<\/li>\n<li>Compat&iacute;vel com <strong>a tecnologia Watchme Wireless<\/strong> (controle remoto do rel&oacute;gio n&atilde;o inclu&iacute;do)<\/li>\n<li>USB recarreg&aacute;vel<\/li>\n<li>IPX5 &agrave; prova d&#039;&aacute;gua<\/li>\n<li>Silicone supermacio<\/li>\n<li>Material seguro para o corpo<\/li>\n<li>Livre de ftalatos<\/li>\n<\/ul>\n","protected":false},"excerpt":{"rendered":"<p>ANBIGUO &#8211; GL\u00c2NDULAS DE ARKADIO E ESTIMULADOR DE PER\u00cdNEO TECNOLOGIA WATCHME WIRELESS COMPAT\u00cdVEL<\/p>\n","protected":false},"featured_media":71565,"template":"","meta":{"_acf_changed":false},"product_brand":[],"product_cat":[17,59,61,60,76],"product_tag":[],"class_list":{"0":"post-40447","1":"product","2":"type-product","3":"status-publish","4":"has-post-thumbnail","6":"product_cat-brinquedos-de-bem-estar-sexual","7":"product_cat-para-casais","8":"product_cat-para-elas","9":"product_cat-para-eles","10":"product_cat-vibradores","11":"yith_product_brand-anbiguo","13":"first","14":"instock","15":"taxable","16":"shipping-taxable","17":"purchasable","18":"product-type-simple"},"acf":[],"yoast_head":"<!-- This site is optimized with the Yoast SEO plugin v27.4 - https:\/\/yoast.com\/product\/yoast-seo-wordpress\/ -->\n<title>ANBIGUO - ESTIMULADOR DE GL\u00c2NDULA ARKADIO E PER\u00cdNEO COMPAT\u00cdVEL COM A TECNOLOGIA WATCHME WIRELESS - Lovme<\/title>\n<meta name=\"robots\" content=\"index, follow, max-snippet:-1, max-image-preview:large, max-video-preview:-1\" \/>\n<link rel=\"canonical\" href=\"https:\/\/lovme.pt\/index.php\/produto\/anbiguo-estimulador-de-glandula-arkadio-e-perineo-compativel-com-a-tecnologia-watchme-wireless\/\" \/>\n<meta property=\"og:locale\" content=\"pt_PT\" \/>\n<meta property=\"og:type\" content=\"article\" \/>\n<meta property=\"og:title\" content=\"ANBIGUO - ESTIMULADOR DE GL\u00c2NDULA ARKADIO E PER\u00cdNEO COMPAT\u00cdVEL COM A TECNOLOGIA WATCHME WIRELESS - Lovme\" \/>\n<meta property=\"og:description\" content=\"ANBIGUO - GL\u00c2NDULAS DE ARKADIO E ESTIMULADOR DE PER\u00cdNEO TECNOLOGIA WATCHME WIRELESS COMPAT\u00cdVEL\" \/>\n<meta property=\"og:url\" content=\"https:\/\/lovme.pt\/index.php\/produto\/anbiguo-estimulador-de-glandula-arkadio-e-perineo-compativel-com-a-tecnologia-watchme-wireless\/\" \/>\n<meta property=\"og:site_name\" content=\"Lovme\" \/>\n<meta property=\"article:modified_time\" content=\"2026-02-25T08:42:18+00:00\" \/>\n<meta property=\"og:image\" content=\"https:\/\/erki24nd3ub.exactdn.com\/wp-content\/uploads\/dream\/img\/img_144652_bb96cf538e7abfe177233a960b175b11_1.png?strip=all\" \/>\n\t<meta property=\"og:image:width\" content=\"800\" \/>\n\t<meta property=\"og:image:height\" content=\"800\" \/>\n\t<meta property=\"og:image:type\" content=\"image\/png\" \/>\n<meta name=\"twitter:card\" content=\"summary_large_image\" \/>\n<meta name=\"twitter:label1\" content=\"Tempo estimado de leitura\" \/>\n\t<meta name=\"twitter:data1\" content=\"2 minutos\" \/>\n<script type=\"application\/ld+json\" class=\"yoast-schema-graph\">{\"@context\":\"https:\\\/\\\/schema.org\",\"@graph\":[{\"@type\":\"WebPage\",\"@id\":\"https:\\\/\\\/lovme.pt\\\/index.php\\\/produto\\\/anbiguo-estimulador-de-glandula-arkadio-e-perineo-compativel-com-a-tecnologia-watchme-wireless\\\/\",\"url\":\"https:\\\/\\\/lovme.pt\\\/index.php\\\/produto\\\/anbiguo-estimulador-de-glandula-arkadio-e-perineo-compativel-com-a-tecnologia-watchme-wireless\\\/\",\"name\":\"ANBIGUO - ESTIMULADOR DE GL\u00c2NDULA ARKADIO E PER\u00cdNEO COMPAT\u00cdVEL COM A TECNOLOGIA WATCHME WIRELESS - Lovme\",\"isPartOf\":{\"@id\":\"https:\\\/\\\/lovme.pt\\\/#website\"},\"primaryImageOfPage\":{\"@id\":\"https:\\\/\\\/lovme.pt\\\/index.php\\\/produto\\\/anbiguo-estimulador-de-glandula-arkadio-e-perineo-compativel-com-a-tecnologia-watchme-wireless\\\/#primaryimage\"},\"image\":{\"@id\":\"https:\\\/\\\/lovme.pt\\\/index.php\\\/produto\\\/anbiguo-estimulador-de-glandula-arkadio-e-perineo-compativel-com-a-tecnologia-watchme-wireless\\\/#primaryimage\"},\"thumbnailUrl\":\"https:\\\/\\\/erki24nd3ub.exactdn.com\\\/wp-content\\\/uploads\\\/dream\\\/img\\\/img_144652_bb96cf538e7abfe177233a960b175b11_1.png?strip=all\",\"datePublished\":\"2025-09-30T20:41:39+00:00\",\"dateModified\":\"2026-02-25T08:42:18+00:00\",\"breadcrumb\":{\"@id\":\"https:\\\/\\\/lovme.pt\\\/index.php\\\/produto\\\/anbiguo-estimulador-de-glandula-arkadio-e-perineo-compativel-com-a-tecnologia-watchme-wireless\\\/#breadcrumb\"},\"inLanguage\":\"pt-PT\",\"potentialAction\":[{\"@type\":\"ReadAction\",\"target\":[\"https:\\\/\\\/lovme.pt\\\/index.php\\\/produto\\\/anbiguo-estimulador-de-glandula-arkadio-e-perineo-compativel-com-a-tecnologia-watchme-wireless\\\/\"]}]},{\"@type\":\"ImageObject\",\"inLanguage\":\"pt-PT\",\"@id\":\"https:\\\/\\\/lovme.pt\\\/index.php\\\/produto\\\/anbiguo-estimulador-de-glandula-arkadio-e-perineo-compativel-com-a-tecnologia-watchme-wireless\\\/#primaryimage\",\"url\":\"https:\\\/\\\/erki24nd3ub.exactdn.com\\\/wp-content\\\/uploads\\\/dream\\\/img\\\/img_144652_bb96cf538e7abfe177233a960b175b11_1.png?strip=all\",\"contentUrl\":\"https:\\\/\\\/erki24nd3ub.exactdn.com\\\/wp-content\\\/uploads\\\/dream\\\/img\\\/img_144652_bb96cf538e7abfe177233a960b175b11_1.png?strip=all\",\"width\":800,\"height\":800},{\"@type\":\"BreadcrumbList\",\"@id\":\"https:\\\/\\\/lovme.pt\\\/index.php\\\/produto\\\/anbiguo-estimulador-de-glandula-arkadio-e-perineo-compativel-com-a-tecnologia-watchme-wireless\\\/#breadcrumb\",\"itemListElement\":[{\"@type\":\"ListItem\",\"position\":1,\"name\":\"In\u00edcio\",\"item\":\"https:\\\/\\\/lovme.pt\\\/\"},{\"@type\":\"ListItem\",\"position\":2,\"name\":\"Loja\",\"item\":\"https:\\\/\\\/lovme.pt\\\/index.php\\\/loja\\\/\"},{\"@type\":\"ListItem\",\"position\":3,\"name\":\"ANBIGUO &#8211; ESTIMULADOR DE GL\u00c2NDULA ARKADIO E PER\u00cdNEO COMPAT\u00cdVEL COM A TECNOLOGIA WATCHME WIRELESS\"}]},{\"@type\":\"WebSite\",\"@id\":\"https:\\\/\\\/lovme.pt\\\/#website\",\"url\":\"https:\\\/\\\/lovme.pt\\\/\",\"name\":\"Lovme Loja Er\u00f3tica N\u00ba1 em Portugal\",\"description\":\"A melhor loja er\u00f3tica de Portugal.\",\"alternateName\":\"Loja Er\u00f3tica Lovme\",\"potentialAction\":[{\"@type\":\"SearchAction\",\"target\":{\"@type\":\"EntryPoint\",\"urlTemplate\":\"https:\\\/\\\/lovme.pt\\\/?s={search_term_string}\"},\"query-input\":{\"@type\":\"PropertyValueSpecification\",\"valueRequired\":true,\"valueName\":\"search_term_string\"}}],\"inLanguage\":\"pt-PT\"}]}<\/script>\n<!-- \/ Yoast SEO plugin. -->","yoast_head_json":{"title":"ANBIGUO - ESTIMULADOR DE GL\u00c2NDULA ARKADIO E PER\u00cdNEO COMPAT\u00cdVEL COM A TECNOLOGIA WATCHME WIRELESS - Lovme","robots":{"index":"index","follow":"follow","max-snippet":"max-snippet:-1","max-image-preview":"max-image-preview:large","max-video-preview":"max-video-preview:-1"},"canonical":"https:\/\/lovme.pt\/index.php\/produto\/anbiguo-estimulador-de-glandula-arkadio-e-perineo-compativel-com-a-tecnologia-watchme-wireless\/","og_locale":"pt_PT","og_type":"article","og_title":"ANBIGUO - ESTIMULADOR DE GL\u00c2NDULA ARKADIO E PER\u00cdNEO COMPAT\u00cdVEL COM A TECNOLOGIA WATCHME WIRELESS - Lovme","og_description":"ANBIGUO - GL\u00c2NDULAS DE ARKADIO E ESTIMULADOR DE PER\u00cdNEO TECNOLOGIA WATCHME WIRELESS COMPAT\u00cdVEL","og_url":"https:\/\/lovme.pt\/index.php\/produto\/anbiguo-estimulador-de-glandula-arkadio-e-perineo-compativel-com-a-tecnologia-watchme-wireless\/","og_site_name":"Lovme","article_modified_time":"2026-02-25T08:42:18+00:00","og_image":[{"width":800,"height":800,"url":"https:\/\/erki24nd3ub.exactdn.com\/wp-content\/uploads\/dream\/img\/img_144652_bb96cf538e7abfe177233a960b175b11_1.png?strip=all","type":"image\/png"}],"twitter_card":"summary_large_image","twitter_misc":{"Tempo estimado de leitura":"2 minutos"},"schema":{"@context":"https:\/\/schema.org","@graph":[{"@type":"WebPage","@id":"https:\/\/lovme.pt\/index.php\/produto\/anbiguo-estimulador-de-glandula-arkadio-e-perineo-compativel-com-a-tecnologia-watchme-wireless\/","url":"https:\/\/lovme.pt\/index.php\/produto\/anbiguo-estimulador-de-glandula-arkadio-e-perineo-compativel-com-a-tecnologia-watchme-wireless\/","name":"ANBIGUO - ESTIMULADOR DE GL\u00c2NDULA ARKADIO E PER\u00cdNEO COMPAT\u00cdVEL COM A TECNOLOGIA WATCHME WIRELESS - Lovme","isPartOf":{"@id":"https:\/\/lovme.pt\/#website"},"primaryImageOfPage":{"@id":"https:\/\/lovme.pt\/index.php\/produto\/anbiguo-estimulador-de-glandula-arkadio-e-perineo-compativel-com-a-tecnologia-watchme-wireless\/#primaryimage"},"image":{"@id":"https:\/\/lovme.pt\/index.php\/produto\/anbiguo-estimulador-de-glandula-arkadio-e-perineo-compativel-com-a-tecnologia-watchme-wireless\/#primaryimage"},"thumbnailUrl":"https:\/\/erki24nd3ub.exactdn.com\/wp-content\/uploads\/dream\/img\/img_144652_bb96cf538e7abfe177233a960b175b11_1.png?strip=all","datePublished":"2025-09-30T20:41:39+00:00","dateModified":"2026-02-25T08:42:18+00:00","breadcrumb":{"@id":"https:\/\/lovme.pt\/index.php\/produto\/anbiguo-estimulador-de-glandula-arkadio-e-perineo-compativel-com-a-tecnologia-watchme-wireless\/#breadcrumb"},"inLanguage":"pt-PT","potentialAction":[{"@type":"ReadAction","target":["https:\/\/lovme.pt\/index.php\/produto\/anbiguo-estimulador-de-glandula-arkadio-e-perineo-compativel-com-a-tecnologia-watchme-wireless\/"]}]},{"@type":"ImageObject","inLanguage":"pt-PT","@id":"https:\/\/lovme.pt\/index.php\/produto\/anbiguo-estimulador-de-glandula-arkadio-e-perineo-compativel-com-a-tecnologia-watchme-wireless\/#primaryimage","url":"https:\/\/erki24nd3ub.exactdn.com\/wp-content\/uploads\/dream\/img\/img_144652_bb96cf538e7abfe177233a960b175b11_1.png?strip=all","contentUrl":"https:\/\/erki24nd3ub.exactdn.com\/wp-content\/uploads\/dream\/img\/img_144652_bb96cf538e7abfe177233a960b175b11_1.png?strip=all","width":800,"height":800},{"@type":"BreadcrumbList","@id":"https:\/\/lovme.pt\/index.php\/produto\/anbiguo-estimulador-de-glandula-arkadio-e-perineo-compativel-com-a-tecnologia-watchme-wireless\/#breadcrumb","itemListElement":[{"@type":"ListItem","position":1,"name":"In\u00edcio","item":"https:\/\/lovme.pt\/"},{"@type":"ListItem","position":2,"name":"Loja","item":"https:\/\/lovme.pt\/index.php\/loja\/"},{"@type":"ListItem","position":3,"name":"ANBIGUO &#8211; ESTIMULADOR DE GL\u00c2NDULA ARKADIO E PER\u00cdNEO COMPAT\u00cdVEL COM A TECNOLOGIA WATCHME WIRELESS"}]},{"@type":"WebSite","@id":"https:\/\/lovme.pt\/#website","url":"https:\/\/lovme.pt\/","name":"Lovme Loja Er\u00f3tica N\u00ba1 em Portugal","description":"A melhor loja er\u00f3tica de Portugal.","alternateName":"Loja Er\u00f3tica Lovme","potentialAction":[{"@type":"SearchAction","target":{"@type":"EntryPoint","urlTemplate":"https:\/\/lovme.pt\/?s={search_term_string}"},"query-input":{"@type":"PropertyValueSpecification","valueRequired":true,"valueName":"search_term_string"}}],"inLanguage":"pt-PT"}]}},"_links":{"self":[{"href":"https:\/\/lovme.pt\/index.php\/wp-json\/wp\/v2\/product\/40447","targetHints":{"allow":["GET"]}}],"collection":[{"href":"https:\/\/lovme.pt\/index.php\/wp-json\/wp\/v2\/product"}],"about":[{"href":"https:\/\/lovme.pt\/index.php\/wp-json\/wp\/v2\/types\/product"}],"wp:featuredmedia":[{"embeddable":true,"href":"https:\/\/lovme.pt\/index.php\/wp-json\/wp\/v2\/media\/71565"}],"wp:attachment":[{"href":"https:\/\/lovme.pt\/index.php\/wp-json\/wp\/v2\/media?parent=40447"}],"wp:term":[{"taxonomy":"product_brand","embeddable":true,"href":"https:\/\/lovme.pt\/index.php\/wp-json\/wp\/v2\/product_brand?post=40447"},{"taxonomy":"product_cat","embeddable":true,"href":"https:\/\/lovme.pt\/index.php\/wp-json\/wp\/v2\/product_cat?post=40447"},{"taxonomy":"product_tag","embeddable":true,"href":"https:\/\/lovme.pt\/index.php\/wp-json\/wp\/v2\/product_tag?post=40447"}],"curies":[{"name":"wp","href":"https:\/\/api.w.org\/{rel}","templated":true}]}}