{"id":40444,"date":"2025-09-30T09:57:20","date_gmt":"2025-09-30T09:57:20","guid":{"rendered":"https:\/\/lovme.pt\/?post_type=product&#038;p=40444"},"modified":"2026-02-25T08:42:00","modified_gmt":"2026-02-25T08:42:00","slug":"mythology-arnes-de-fantasia-arnes-super-elstico-tamanho-unico","status":"publish","type":"product","link":"https:\/\/lovme.pt\/index.php\/produto\/mythology-arnes-de-fantasia-arnes-super-elstico-tamanho-unico\/","title":{"rendered":"MYTHOLOGY ARN\u00caS DE FANTASIA ARN\u00caS SUPER ELSTICO TAMANHO \u00daNICO"},"content":{"rendered":"<p><strong>ARN&Ecirc;S DE FANTASIA DE MITOLOGIA &#8211; ARN&Ecirc;S SUPER EL&Aacute;STICO TAMANHO &Uacute;NICO<\/strong><\/p>\n<p>Um arn&ecirc;s confort&aacute;vel para consolos exclusivos. Sexo Strapon &eacute; &oacute;timo. Sinta-se bem enquanto faz isso com este arn&ecirc;s elegante e dur&aacute;vel.<\/p>\n<p><strong>O QUE FAZ O ARN&Ecirc;S MITOL&Oacute;GICO ESPECIAL?<\/strong><\/p>\n<p>Amarr&aacute;-lo &eacute; incr&iacute;vel, e esse arn&ecirc;s torna tudo ainda melhor. O Arn&ecirc;s Fantasy &eacute; um arn&ecirc;s 100% europeu feito &agrave; m&atilde;o com materiais ecol&oacute;gicos, o que o torna 100% vegano e f&aacute;cil de limpar. O cinto largo e confort&aacute;vel para o quadril e as duas al&ccedil;as para as pernas s&atilde;o ajust&aacute;veis, para que voc&ecirc; possa gerenciar seu conforto e controle. Como ele mant&eacute;m seu vibrador no lugar t&atilde;o bem, voc&ecirc; pode tentar com seguran&ccedil;a qualquer nova posi&ccedil;&atilde;o que desejar.<\/p>\n<p><strong>MEU DILDO CABER&Aacute; NESTE ARN&Ecirc;S COM AL&Ccedil;A AJUST&Aacute;VEL?<\/strong><\/p>\n<p>Provavelmente sim! O arn&ecirc;s Mythologic Fantasy adapta-se a qualquer vibrador com di&acirc;metro de at&eacute; 5 cm, desde que tenha base. Claro, recomendamos experiment&aacute;-lo com um dos nossos vibradores MITOL&Oacute;GICOS, pois as suas bases permitir-lhe-&atilde;o aproximar-se mais do que nunca.<\/p>\n<p><strong>O ARN&Ecirc;S VAI SER BEM EM MIM?<\/strong><\/p>\n<p>Este arn&ecirc;s ajust&aacute;vel &eacute; adequado para os tamanhos 34 a 46. O cinto e as tiras das n&aacute;degas podem ser ajustados de forma independente, para que voc&ecirc; possa personaliz&aacute;-lo ao seu corpo.<\/p>\n<p><strong>COMO FA&Ccedil;O PARA LIMPAR?<\/strong><\/p>\n<p>Uma vantagem desse material em rela&ccedil;&atilde;o ao couro &eacute; que ele &eacute; muito f&aacute;cil de limpar. Basta lav&aacute;-lo com &aacute;gua e sab&atilde;o em p&oacute;, &agrave; m&atilde;o ou em um saco de roupa suja na lavagem.<\/p>\n<p>Os arreios da mitologia v&atilde;o deixar voc&ecirc; sem palavras. A combina&ccedil;&atilde;o perfeita de materiais inovadores, conforto e design vers&aacute;til.<\/p>\n<p>Escolhemos essas medidas para que fossem adequadas a todos os tipos de corpo. S&atilde;o ajust&aacute;veis atrav&eacute;s de el&aacute;sticos e fivelas. O design do arn&ecirc;s foi pensado para que possa ser utilizado em diversas posi&ccedil;&otilde;es n&atilde;o convencionais: no joelho, cotovelo, peito&#8230;<\/p>\n<p>Temos a certeza que estes arneses n&atilde;o passar&atilde;o despercebidos aos clientes. Nos &uacute;ltimos anos temos notado um aumento significativo nas vendas deste tipo de itens. Voc&ecirc; pode combin&aacute;-los como quiser, todos os vibradores Mythology s&atilde;o compat&iacute;veis com esses incr&iacute;veis arneses.<\/p>\n<p>Uma verdadeira joia para os amantes do fetiche e da pegging.<\/p>\n<p><strong>PENSAMOS EM TUDO<\/strong><\/p>\n<p>O vibrador &eacute; mantido no lugar por an&eacute;is flex&iacute;veis. Prometemos-lhe uma ader&ecirc;ncia forte e confort&aacute;vel.<\/p>\n<p>O que voc&ecirc; est&aacute; esperando para adquirir um desses arneses impressionantes?<\/p>\n<p><strong>MYTHOLOGY<\/strong> &eacute; composta por uma gama de dildos, todos em silicone de alta qualidade, dispon&iacute;veis em duas vers&otilde;es (com vibra&ccedil;&atilde;o e sem vibra&ccedil;&atilde;o) e diferentes tamanhos (S, M, L). A vers&atilde;o com vibra&ccedil;&atilde;o, recarreg&aacute;vel, compat&iacute;vel com a tecnologia Watchme.<\/p>\n","protected":false},"excerpt":{"rendered":"<p>MYTHOLOGY ARN\u00caS DE FANTASIA ARN\u00caS SUPER ELSTICO TAMANHO \u00daNICO<\/p>\n","protected":false},"featured_media":59883,"template":"","meta":{"_acf_changed":false},"product_brand":[],"product_cat":[17,56],"product_tag":[],"class_list":{"0":"post-40444","1":"product","2":"type-product","3":"status-publish","4":"has-post-thumbnail","6":"product_cat-brinquedos-de-bem-estar-sexual","7":"product_cat-dildos-e-arneses","8":"yith_product_brand-mythologymythology-fantasy-harness","10":"first","11":"instock","12":"taxable","13":"shipping-taxable","14":"purchasable","15":"product-type-simple"},"acf":[],"yoast_head":"<!-- This site is optimized with the Yoast SEO plugin v27.4 - https:\/\/yoast.com\/product\/yoast-seo-wordpress\/ -->\n<title>MYTHOLOGY ARN\u00caS DE FANTASIA ARN\u00caS SUPER ELSTICO TAMANHO \u00daNICO - Lovme<\/title>\n<meta name=\"robots\" content=\"index, follow, max-snippet:-1, max-image-preview:large, max-video-preview:-1\" \/>\n<link rel=\"canonical\" href=\"https:\/\/lovme.pt\/index.php\/produto\/mythology-arnes-de-fantasia-arnes-super-elstico-tamanho-unico\/\" \/>\n<meta property=\"og:locale\" content=\"pt_PT\" \/>\n<meta property=\"og:type\" content=\"article\" \/>\n<meta property=\"og:title\" content=\"MYTHOLOGY ARN\u00caS DE FANTASIA ARN\u00caS SUPER ELSTICO TAMANHO \u00daNICO - Lovme\" \/>\n<meta property=\"og:description\" content=\"MYTHOLOGY ARN\u00caS DE FANTASIA ARN\u00caS SUPER ELSTICO TAMANHO \u00daNICO\" \/>\n<meta property=\"og:url\" content=\"https:\/\/lovme.pt\/index.php\/produto\/mythology-arnes-de-fantasia-arnes-super-elstico-tamanho-unico\/\" \/>\n<meta property=\"og:site_name\" content=\"Lovme\" \/>\n<meta property=\"article:modified_time\" content=\"2026-02-25T08:42:00+00:00\" \/>\n<meta property=\"og:image\" content=\"https:\/\/erki24nd3ub.exactdn.com\/wp-content\/uploads\/dream\/img\/img_130583_306414b06cdbca251971a37e35eb1ebc_1.png?strip=all\" \/>\n\t<meta property=\"og:image:width\" content=\"800\" \/>\n\t<meta property=\"og:image:height\" content=\"800\" \/>\n\t<meta property=\"og:image:type\" content=\"image\/png\" \/>\n<meta name=\"twitter:card\" content=\"summary_large_image\" \/>\n<meta name=\"twitter:label1\" content=\"Tempo estimado de leitura\" \/>\n\t<meta name=\"twitter:data1\" content=\"3 minutos\" \/>\n<script type=\"application\/ld+json\" class=\"yoast-schema-graph\">{\"@context\":\"https:\\\/\\\/schema.org\",\"@graph\":[{\"@type\":\"WebPage\",\"@id\":\"https:\\\/\\\/lovme.pt\\\/index.php\\\/produto\\\/mythology-arnes-de-fantasia-arnes-super-elstico-tamanho-unico\\\/\",\"url\":\"https:\\\/\\\/lovme.pt\\\/index.php\\\/produto\\\/mythology-arnes-de-fantasia-arnes-super-elstico-tamanho-unico\\\/\",\"name\":\"MYTHOLOGY ARN\u00caS DE FANTASIA ARN\u00caS SUPER ELSTICO TAMANHO \u00daNICO - Lovme\",\"isPartOf\":{\"@id\":\"https:\\\/\\\/lovme.pt\\\/#website\"},\"primaryImageOfPage\":{\"@id\":\"https:\\\/\\\/lovme.pt\\\/index.php\\\/produto\\\/mythology-arnes-de-fantasia-arnes-super-elstico-tamanho-unico\\\/#primaryimage\"},\"image\":{\"@id\":\"https:\\\/\\\/lovme.pt\\\/index.php\\\/produto\\\/mythology-arnes-de-fantasia-arnes-super-elstico-tamanho-unico\\\/#primaryimage\"},\"thumbnailUrl\":\"https:\\\/\\\/erki24nd3ub.exactdn.com\\\/wp-content\\\/uploads\\\/dream\\\/img\\\/img_130583_306414b06cdbca251971a37e35eb1ebc_1.png?strip=all\",\"datePublished\":\"2025-09-30T09:57:20+00:00\",\"dateModified\":\"2026-02-25T08:42:00+00:00\",\"breadcrumb\":{\"@id\":\"https:\\\/\\\/lovme.pt\\\/index.php\\\/produto\\\/mythology-arnes-de-fantasia-arnes-super-elstico-tamanho-unico\\\/#breadcrumb\"},\"inLanguage\":\"pt-PT\",\"potentialAction\":[{\"@type\":\"ReadAction\",\"target\":[\"https:\\\/\\\/lovme.pt\\\/index.php\\\/produto\\\/mythology-arnes-de-fantasia-arnes-super-elstico-tamanho-unico\\\/\"]}]},{\"@type\":\"ImageObject\",\"inLanguage\":\"pt-PT\",\"@id\":\"https:\\\/\\\/lovme.pt\\\/index.php\\\/produto\\\/mythology-arnes-de-fantasia-arnes-super-elstico-tamanho-unico\\\/#primaryimage\",\"url\":\"https:\\\/\\\/erki24nd3ub.exactdn.com\\\/wp-content\\\/uploads\\\/dream\\\/img\\\/img_130583_306414b06cdbca251971a37e35eb1ebc_1.png?strip=all\",\"contentUrl\":\"https:\\\/\\\/erki24nd3ub.exactdn.com\\\/wp-content\\\/uploads\\\/dream\\\/img\\\/img_130583_306414b06cdbca251971a37e35eb1ebc_1.png?strip=all\",\"width\":800,\"height\":800},{\"@type\":\"BreadcrumbList\",\"@id\":\"https:\\\/\\\/lovme.pt\\\/index.php\\\/produto\\\/mythology-arnes-de-fantasia-arnes-super-elstico-tamanho-unico\\\/#breadcrumb\",\"itemListElement\":[{\"@type\":\"ListItem\",\"position\":1,\"name\":\"In\u00edcio\",\"item\":\"https:\\\/\\\/lovme.pt\\\/\"},{\"@type\":\"ListItem\",\"position\":2,\"name\":\"Loja\",\"item\":\"https:\\\/\\\/lovme.pt\\\/index.php\\\/loja\\\/\"},{\"@type\":\"ListItem\",\"position\":3,\"name\":\"MYTHOLOGY ARN\u00caS DE FANTASIA ARN\u00caS SUPER ELSTICO TAMANHO \u00daNICO\"}]},{\"@type\":\"WebSite\",\"@id\":\"https:\\\/\\\/lovme.pt\\\/#website\",\"url\":\"https:\\\/\\\/lovme.pt\\\/\",\"name\":\"Lovme Loja Er\u00f3tica N\u00ba1 em Portugal\",\"description\":\"A melhor loja er\u00f3tica de Portugal.\",\"alternateName\":\"Loja Er\u00f3tica Lovme\",\"potentialAction\":[{\"@type\":\"SearchAction\",\"target\":{\"@type\":\"EntryPoint\",\"urlTemplate\":\"https:\\\/\\\/lovme.pt\\\/?s={search_term_string}\"},\"query-input\":{\"@type\":\"PropertyValueSpecification\",\"valueRequired\":true,\"valueName\":\"search_term_string\"}}],\"inLanguage\":\"pt-PT\"}]}<\/script>\n<!-- \/ Yoast SEO plugin. -->","yoast_head_json":{"title":"MYTHOLOGY ARN\u00caS DE FANTASIA ARN\u00caS SUPER ELSTICO TAMANHO \u00daNICO - Lovme","robots":{"index":"index","follow":"follow","max-snippet":"max-snippet:-1","max-image-preview":"max-image-preview:large","max-video-preview":"max-video-preview:-1"},"canonical":"https:\/\/lovme.pt\/index.php\/produto\/mythology-arnes-de-fantasia-arnes-super-elstico-tamanho-unico\/","og_locale":"pt_PT","og_type":"article","og_title":"MYTHOLOGY ARN\u00caS DE FANTASIA ARN\u00caS SUPER ELSTICO TAMANHO \u00daNICO - Lovme","og_description":"MYTHOLOGY ARN\u00caS DE FANTASIA ARN\u00caS SUPER ELSTICO TAMANHO \u00daNICO","og_url":"https:\/\/lovme.pt\/index.php\/produto\/mythology-arnes-de-fantasia-arnes-super-elstico-tamanho-unico\/","og_site_name":"Lovme","article_modified_time":"2026-02-25T08:42:00+00:00","og_image":[{"width":800,"height":800,"url":"https:\/\/erki24nd3ub.exactdn.com\/wp-content\/uploads\/dream\/img\/img_130583_306414b06cdbca251971a37e35eb1ebc_1.png?strip=all","type":"image\/png"}],"twitter_card":"summary_large_image","twitter_misc":{"Tempo estimado de leitura":"3 minutos"},"schema":{"@context":"https:\/\/schema.org","@graph":[{"@type":"WebPage","@id":"https:\/\/lovme.pt\/index.php\/produto\/mythology-arnes-de-fantasia-arnes-super-elstico-tamanho-unico\/","url":"https:\/\/lovme.pt\/index.php\/produto\/mythology-arnes-de-fantasia-arnes-super-elstico-tamanho-unico\/","name":"MYTHOLOGY ARN\u00caS DE FANTASIA ARN\u00caS SUPER ELSTICO TAMANHO \u00daNICO - Lovme","isPartOf":{"@id":"https:\/\/lovme.pt\/#website"},"primaryImageOfPage":{"@id":"https:\/\/lovme.pt\/index.php\/produto\/mythology-arnes-de-fantasia-arnes-super-elstico-tamanho-unico\/#primaryimage"},"image":{"@id":"https:\/\/lovme.pt\/index.php\/produto\/mythology-arnes-de-fantasia-arnes-super-elstico-tamanho-unico\/#primaryimage"},"thumbnailUrl":"https:\/\/erki24nd3ub.exactdn.com\/wp-content\/uploads\/dream\/img\/img_130583_306414b06cdbca251971a37e35eb1ebc_1.png?strip=all","datePublished":"2025-09-30T09:57:20+00:00","dateModified":"2026-02-25T08:42:00+00:00","breadcrumb":{"@id":"https:\/\/lovme.pt\/index.php\/produto\/mythology-arnes-de-fantasia-arnes-super-elstico-tamanho-unico\/#breadcrumb"},"inLanguage":"pt-PT","potentialAction":[{"@type":"ReadAction","target":["https:\/\/lovme.pt\/index.php\/produto\/mythology-arnes-de-fantasia-arnes-super-elstico-tamanho-unico\/"]}]},{"@type":"ImageObject","inLanguage":"pt-PT","@id":"https:\/\/lovme.pt\/index.php\/produto\/mythology-arnes-de-fantasia-arnes-super-elstico-tamanho-unico\/#primaryimage","url":"https:\/\/erki24nd3ub.exactdn.com\/wp-content\/uploads\/dream\/img\/img_130583_306414b06cdbca251971a37e35eb1ebc_1.png?strip=all","contentUrl":"https:\/\/erki24nd3ub.exactdn.com\/wp-content\/uploads\/dream\/img\/img_130583_306414b06cdbca251971a37e35eb1ebc_1.png?strip=all","width":800,"height":800},{"@type":"BreadcrumbList","@id":"https:\/\/lovme.pt\/index.php\/produto\/mythology-arnes-de-fantasia-arnes-super-elstico-tamanho-unico\/#breadcrumb","itemListElement":[{"@type":"ListItem","position":1,"name":"In\u00edcio","item":"https:\/\/lovme.pt\/"},{"@type":"ListItem","position":2,"name":"Loja","item":"https:\/\/lovme.pt\/index.php\/loja\/"},{"@type":"ListItem","position":3,"name":"MYTHOLOGY ARN\u00caS DE FANTASIA ARN\u00caS SUPER ELSTICO TAMANHO \u00daNICO"}]},{"@type":"WebSite","@id":"https:\/\/lovme.pt\/#website","url":"https:\/\/lovme.pt\/","name":"Lovme Loja Er\u00f3tica N\u00ba1 em Portugal","description":"A melhor loja er\u00f3tica de Portugal.","alternateName":"Loja Er\u00f3tica Lovme","potentialAction":[{"@type":"SearchAction","target":{"@type":"EntryPoint","urlTemplate":"https:\/\/lovme.pt\/?s={search_term_string}"},"query-input":{"@type":"PropertyValueSpecification","valueRequired":true,"valueName":"search_term_string"}}],"inLanguage":"pt-PT"}]}},"_links":{"self":[{"href":"https:\/\/lovme.pt\/index.php\/wp-json\/wp\/v2\/product\/40444","targetHints":{"allow":["GET"]}}],"collection":[{"href":"https:\/\/lovme.pt\/index.php\/wp-json\/wp\/v2\/product"}],"about":[{"href":"https:\/\/lovme.pt\/index.php\/wp-json\/wp\/v2\/types\/product"}],"wp:featuredmedia":[{"embeddable":true,"href":"https:\/\/lovme.pt\/index.php\/wp-json\/wp\/v2\/media\/59883"}],"wp:attachment":[{"href":"https:\/\/lovme.pt\/index.php\/wp-json\/wp\/v2\/media?parent=40444"}],"wp:term":[{"taxonomy":"product_brand","embeddable":true,"href":"https:\/\/lovme.pt\/index.php\/wp-json\/wp\/v2\/product_brand?post=40444"},{"taxonomy":"product_cat","embeddable":true,"href":"https:\/\/lovme.pt\/index.php\/wp-json\/wp\/v2\/product_cat?post=40444"},{"taxonomy":"product_tag","embeddable":true,"href":"https:\/\/lovme.pt\/index.php\/wp-json\/wp\/v2\/product_tag?post=40444"}],"curies":[{"name":"wp","href":"https:\/\/api.w.org\/{rel}","templated":true}]}}