{"id":40398,"date":"2025-09-30T20:41:27","date_gmt":"2025-09-30T20:41:27","guid":{"rendered":"https:\/\/lovme.pt\/?post_type=product&#038;p=40398"},"modified":"2026-02-25T08:40:24","modified_gmt":"2026-02-25T08:40:24","slug":"mr-boss-josef-controle-remoto-de-pulsacao-e-vibracao-para-casais","status":"publish","type":"product","link":"https:\/\/lovme.pt\/index.php\/produto\/mr-boss-josef-controle-remoto-de-pulsacao-e-vibracao-para-casais\/","title":{"rendered":"MR BOSS &#8211; JOSEF CONTROLE REMOTO DE PULSA\u00c7\u00c3O E VIBRA\u00c7\u00c3O PARA CASAIS"},"content":{"rendered":"<p>A MR BOSS lan&ccedil;a a nova cole&ccedil;&atilde;o de vibradores e rotadores que possuem motores de nova gera&ccedil;&atilde;o, conseguindo um aumento de pot&ecirc;ncia com maior durabilidade. Seu acabamento premium de silicone super macio &eacute; uma vantagem para os orgasmos mais exigentes. Todos os vibradores e rotadores da nova cole&ccedil;&atilde;o MR BOSS s&atilde;o recarregados via USB, s&atilde;o elegantes e seu acabamento de silicone premium, super macio e hipoalerg&ecirc;nico &eacute; uma vantagem para os orgasmos mais exigentes.<\/p>\n<p>A gama JOSEF PULSATION &amp; VIBRATION incorpora um vibrador duplo com pulsa&ccedil;&otilde;es no clit&oacute;ris. Sua forma especial permite que ambos os membros do casal sejam estimulados com vibra&ccedil;&otilde;es espetaculares durante o sexo. Dois potentes motores excitam o clit&oacute;ris e o ponto G, permitindo que a penetra&ccedil;&atilde;o seja estimulada, tornando o ato sexual impressionante.<\/p>\n<p><strong>Caracter&iacute;sticas:<\/strong><\/p>\n<ul>\n<li><span style=\"font-size: 13px\">7 modos de vibra&ccedil;&atilde;o<\/span><\/li>\n<li><span style=\"font-size: 13px\">7 modos de pulsa&ccedil;&atilde;o<\/span><\/li>\n<li><span style=\"font-size: 13px\">2 motores super potentes<\/span><\/li>\n<li><span style=\"font-size: 13px\">Super flex&iacute;vel<\/span><\/li>\n<li><span style=\"font-size: 13px\">Controle remoto<\/span><\/li>\n<li>12,0 cm x 3,5 cm<\/li>\n<li>117 gr<\/li>\n<li>USB recarreg&aacute;vel<\/li>\n<li>IPX7 &agrave; prova d&#039;&aacute;gua<\/li>\n<li>Silicone super macio e ABS<\/li>\n<li>Material seguro para o corpo<\/li>\n<li>Livre de ftalatos<\/li>\n<li>Lubrificante Neutro <strong>WATERFEEL<\/strong> 6 ml<\/li>\n<\/ul>\n<p>MR BOSS &eacute; uma marca premium adaptada a todos os or&ccedil;amentos, com todos os padr&otilde;es de qualidade dos brinquedos er&oacute;ticos de gama m&eacute;dia-alta. As formas e curvas de cada vibrador MR BOSS s&atilde;o formid&aacute;veis, perfeitamente projetadas para proporcionar prazer e prazer.<\/p>\n","protected":false},"excerpt":{"rendered":"<p>MR BOSS &#8211;  JOSEF CONTROLE REMOTO DE PULSA\u00c7\u00c3O E VIBRA\u00c7\u00c3O PARA CASAIS<\/p>\n","protected":false},"featured_media":71530,"template":"","meta":{"_acf_changed":false},"product_brand":[],"product_cat":[17,61,76],"product_tag":[],"class_list":{"0":"post-40398","1":"product","2":"type-product","3":"status-publish","4":"has-post-thumbnail","6":"product_cat-brinquedos-de-bem-estar-sexual","7":"product_cat-para-elas","8":"product_cat-vibradores","9":"yith_product_brand-mr-boss","11":"first","12":"instock","13":"taxable","14":"shipping-taxable","15":"purchasable","16":"product-type-simple"},"acf":[],"yoast_head":"<!-- This site is optimized with the Yoast SEO plugin v27.4 - https:\/\/yoast.com\/product\/yoast-seo-wordpress\/ -->\n<title>MR BOSS - JOSEF CONTROLE REMOTO DE PULSA\u00c7\u00c3O E VIBRA\u00c7\u00c3O PARA CASAIS - Lovme<\/title>\n<meta name=\"robots\" content=\"index, follow, max-snippet:-1, max-image-preview:large, max-video-preview:-1\" \/>\n<link rel=\"canonical\" href=\"https:\/\/lovme.pt\/index.php\/produto\/mr-boss-josef-controle-remoto-de-pulsacao-e-vibracao-para-casais\/\" \/>\n<meta property=\"og:locale\" content=\"pt_PT\" \/>\n<meta property=\"og:type\" content=\"article\" \/>\n<meta property=\"og:title\" content=\"MR BOSS - JOSEF CONTROLE REMOTO DE PULSA\u00c7\u00c3O E VIBRA\u00c7\u00c3O PARA CASAIS - Lovme\" \/>\n<meta property=\"og:description\" content=\"MR BOSS - JOSEF CONTROLE REMOTO DE PULSA\u00c7\u00c3O E VIBRA\u00c7\u00c3O PARA CASAIS\" \/>\n<meta property=\"og:url\" content=\"https:\/\/lovme.pt\/index.php\/produto\/mr-boss-josef-controle-remoto-de-pulsacao-e-vibracao-para-casais\/\" \/>\n<meta property=\"og:site_name\" content=\"Lovme\" \/>\n<meta property=\"article:modified_time\" content=\"2026-02-25T08:40:24+00:00\" \/>\n<meta property=\"og:image\" content=\"https:\/\/erki24nd3ub.exactdn.com\/wp-content\/uploads\/dream\/img\/img_129549_731921087046243071f8ea8d758d5ee0_1.png?strip=all\" \/>\n\t<meta property=\"og:image:width\" content=\"800\" \/>\n\t<meta property=\"og:image:height\" content=\"800\" \/>\n\t<meta property=\"og:image:type\" content=\"image\/png\" \/>\n<meta name=\"twitter:card\" content=\"summary_large_image\" \/>\n<meta name=\"twitter:label1\" content=\"Tempo estimado de leitura\" \/>\n\t<meta name=\"twitter:data1\" content=\"1 minuto\" \/>\n<script type=\"application\/ld+json\" class=\"yoast-schema-graph\">{\"@context\":\"https:\\\/\\\/schema.org\",\"@graph\":[{\"@type\":\"WebPage\",\"@id\":\"https:\\\/\\\/lovme.pt\\\/index.php\\\/produto\\\/mr-boss-josef-controle-remoto-de-pulsacao-e-vibracao-para-casais\\\/\",\"url\":\"https:\\\/\\\/lovme.pt\\\/index.php\\\/produto\\\/mr-boss-josef-controle-remoto-de-pulsacao-e-vibracao-para-casais\\\/\",\"name\":\"MR BOSS - JOSEF CONTROLE REMOTO DE PULSA\u00c7\u00c3O E VIBRA\u00c7\u00c3O PARA CASAIS - Lovme\",\"isPartOf\":{\"@id\":\"https:\\\/\\\/lovme.pt\\\/#website\"},\"primaryImageOfPage\":{\"@id\":\"https:\\\/\\\/lovme.pt\\\/index.php\\\/produto\\\/mr-boss-josef-controle-remoto-de-pulsacao-e-vibracao-para-casais\\\/#primaryimage\"},\"image\":{\"@id\":\"https:\\\/\\\/lovme.pt\\\/index.php\\\/produto\\\/mr-boss-josef-controle-remoto-de-pulsacao-e-vibracao-para-casais\\\/#primaryimage\"},\"thumbnailUrl\":\"https:\\\/\\\/erki24nd3ub.exactdn.com\\\/wp-content\\\/uploads\\\/dream\\\/img\\\/img_129549_731921087046243071f8ea8d758d5ee0_1.png?strip=all\",\"datePublished\":\"2025-09-30T20:41:27+00:00\",\"dateModified\":\"2026-02-25T08:40:24+00:00\",\"breadcrumb\":{\"@id\":\"https:\\\/\\\/lovme.pt\\\/index.php\\\/produto\\\/mr-boss-josef-controle-remoto-de-pulsacao-e-vibracao-para-casais\\\/#breadcrumb\"},\"inLanguage\":\"pt-PT\",\"potentialAction\":[{\"@type\":\"ReadAction\",\"target\":[\"https:\\\/\\\/lovme.pt\\\/index.php\\\/produto\\\/mr-boss-josef-controle-remoto-de-pulsacao-e-vibracao-para-casais\\\/\"]}]},{\"@type\":\"ImageObject\",\"inLanguage\":\"pt-PT\",\"@id\":\"https:\\\/\\\/lovme.pt\\\/index.php\\\/produto\\\/mr-boss-josef-controle-remoto-de-pulsacao-e-vibracao-para-casais\\\/#primaryimage\",\"url\":\"https:\\\/\\\/erki24nd3ub.exactdn.com\\\/wp-content\\\/uploads\\\/dream\\\/img\\\/img_129549_731921087046243071f8ea8d758d5ee0_1.png?strip=all\",\"contentUrl\":\"https:\\\/\\\/erki24nd3ub.exactdn.com\\\/wp-content\\\/uploads\\\/dream\\\/img\\\/img_129549_731921087046243071f8ea8d758d5ee0_1.png?strip=all\",\"width\":800,\"height\":800},{\"@type\":\"BreadcrumbList\",\"@id\":\"https:\\\/\\\/lovme.pt\\\/index.php\\\/produto\\\/mr-boss-josef-controle-remoto-de-pulsacao-e-vibracao-para-casais\\\/#breadcrumb\",\"itemListElement\":[{\"@type\":\"ListItem\",\"position\":1,\"name\":\"In\u00edcio\",\"item\":\"https:\\\/\\\/lovme.pt\\\/\"},{\"@type\":\"ListItem\",\"position\":2,\"name\":\"Loja\",\"item\":\"https:\\\/\\\/lovme.pt\\\/index.php\\\/loja\\\/\"},{\"@type\":\"ListItem\",\"position\":3,\"name\":\"MR BOSS &#8211; JOSEF CONTROLE REMOTO DE PULSA\u00c7\u00c3O E VIBRA\u00c7\u00c3O PARA CASAIS\"}]},{\"@type\":\"WebSite\",\"@id\":\"https:\\\/\\\/lovme.pt\\\/#website\",\"url\":\"https:\\\/\\\/lovme.pt\\\/\",\"name\":\"Lovme Loja Er\u00f3tica N\u00ba1 em Portugal\",\"description\":\"A melhor loja er\u00f3tica de Portugal.\",\"alternateName\":\"Loja Er\u00f3tica Lovme\",\"potentialAction\":[{\"@type\":\"SearchAction\",\"target\":{\"@type\":\"EntryPoint\",\"urlTemplate\":\"https:\\\/\\\/lovme.pt\\\/?s={search_term_string}\"},\"query-input\":{\"@type\":\"PropertyValueSpecification\",\"valueRequired\":true,\"valueName\":\"search_term_string\"}}],\"inLanguage\":\"pt-PT\"}]}<\/script>\n<!-- \/ Yoast SEO plugin. -->","yoast_head_json":{"title":"MR BOSS - JOSEF CONTROLE REMOTO DE PULSA\u00c7\u00c3O E VIBRA\u00c7\u00c3O PARA CASAIS - Lovme","robots":{"index":"index","follow":"follow","max-snippet":"max-snippet:-1","max-image-preview":"max-image-preview:large","max-video-preview":"max-video-preview:-1"},"canonical":"https:\/\/lovme.pt\/index.php\/produto\/mr-boss-josef-controle-remoto-de-pulsacao-e-vibracao-para-casais\/","og_locale":"pt_PT","og_type":"article","og_title":"MR BOSS - JOSEF CONTROLE REMOTO DE PULSA\u00c7\u00c3O E VIBRA\u00c7\u00c3O PARA CASAIS - Lovme","og_description":"MR BOSS - JOSEF CONTROLE REMOTO DE PULSA\u00c7\u00c3O E VIBRA\u00c7\u00c3O PARA CASAIS","og_url":"https:\/\/lovme.pt\/index.php\/produto\/mr-boss-josef-controle-remoto-de-pulsacao-e-vibracao-para-casais\/","og_site_name":"Lovme","article_modified_time":"2026-02-25T08:40:24+00:00","og_image":[{"width":800,"height":800,"url":"https:\/\/erki24nd3ub.exactdn.com\/wp-content\/uploads\/dream\/img\/img_129549_731921087046243071f8ea8d758d5ee0_1.png?strip=all","type":"image\/png"}],"twitter_card":"summary_large_image","twitter_misc":{"Tempo estimado de leitura":"1 minuto"},"schema":{"@context":"https:\/\/schema.org","@graph":[{"@type":"WebPage","@id":"https:\/\/lovme.pt\/index.php\/produto\/mr-boss-josef-controle-remoto-de-pulsacao-e-vibracao-para-casais\/","url":"https:\/\/lovme.pt\/index.php\/produto\/mr-boss-josef-controle-remoto-de-pulsacao-e-vibracao-para-casais\/","name":"MR BOSS - JOSEF CONTROLE REMOTO DE PULSA\u00c7\u00c3O E VIBRA\u00c7\u00c3O PARA CASAIS - Lovme","isPartOf":{"@id":"https:\/\/lovme.pt\/#website"},"primaryImageOfPage":{"@id":"https:\/\/lovme.pt\/index.php\/produto\/mr-boss-josef-controle-remoto-de-pulsacao-e-vibracao-para-casais\/#primaryimage"},"image":{"@id":"https:\/\/lovme.pt\/index.php\/produto\/mr-boss-josef-controle-remoto-de-pulsacao-e-vibracao-para-casais\/#primaryimage"},"thumbnailUrl":"https:\/\/erki24nd3ub.exactdn.com\/wp-content\/uploads\/dream\/img\/img_129549_731921087046243071f8ea8d758d5ee0_1.png?strip=all","datePublished":"2025-09-30T20:41:27+00:00","dateModified":"2026-02-25T08:40:24+00:00","breadcrumb":{"@id":"https:\/\/lovme.pt\/index.php\/produto\/mr-boss-josef-controle-remoto-de-pulsacao-e-vibracao-para-casais\/#breadcrumb"},"inLanguage":"pt-PT","potentialAction":[{"@type":"ReadAction","target":["https:\/\/lovme.pt\/index.php\/produto\/mr-boss-josef-controle-remoto-de-pulsacao-e-vibracao-para-casais\/"]}]},{"@type":"ImageObject","inLanguage":"pt-PT","@id":"https:\/\/lovme.pt\/index.php\/produto\/mr-boss-josef-controle-remoto-de-pulsacao-e-vibracao-para-casais\/#primaryimage","url":"https:\/\/erki24nd3ub.exactdn.com\/wp-content\/uploads\/dream\/img\/img_129549_731921087046243071f8ea8d758d5ee0_1.png?strip=all","contentUrl":"https:\/\/erki24nd3ub.exactdn.com\/wp-content\/uploads\/dream\/img\/img_129549_731921087046243071f8ea8d758d5ee0_1.png?strip=all","width":800,"height":800},{"@type":"BreadcrumbList","@id":"https:\/\/lovme.pt\/index.php\/produto\/mr-boss-josef-controle-remoto-de-pulsacao-e-vibracao-para-casais\/#breadcrumb","itemListElement":[{"@type":"ListItem","position":1,"name":"In\u00edcio","item":"https:\/\/lovme.pt\/"},{"@type":"ListItem","position":2,"name":"Loja","item":"https:\/\/lovme.pt\/index.php\/loja\/"},{"@type":"ListItem","position":3,"name":"MR BOSS &#8211; JOSEF CONTROLE REMOTO DE PULSA\u00c7\u00c3O E VIBRA\u00c7\u00c3O PARA CASAIS"}]},{"@type":"WebSite","@id":"https:\/\/lovme.pt\/#website","url":"https:\/\/lovme.pt\/","name":"Lovme Loja Er\u00f3tica N\u00ba1 em Portugal","description":"A melhor loja er\u00f3tica de Portugal.","alternateName":"Loja Er\u00f3tica Lovme","potentialAction":[{"@type":"SearchAction","target":{"@type":"EntryPoint","urlTemplate":"https:\/\/lovme.pt\/?s={search_term_string}"},"query-input":{"@type":"PropertyValueSpecification","valueRequired":true,"valueName":"search_term_string"}}],"inLanguage":"pt-PT"}]}},"_links":{"self":[{"href":"https:\/\/lovme.pt\/index.php\/wp-json\/wp\/v2\/product\/40398","targetHints":{"allow":["GET"]}}],"collection":[{"href":"https:\/\/lovme.pt\/index.php\/wp-json\/wp\/v2\/product"}],"about":[{"href":"https:\/\/lovme.pt\/index.php\/wp-json\/wp\/v2\/types\/product"}],"wp:featuredmedia":[{"embeddable":true,"href":"https:\/\/lovme.pt\/index.php\/wp-json\/wp\/v2\/media\/71530"}],"wp:attachment":[{"href":"https:\/\/lovme.pt\/index.php\/wp-json\/wp\/v2\/media?parent=40398"}],"wp:term":[{"taxonomy":"product_brand","embeddable":true,"href":"https:\/\/lovme.pt\/index.php\/wp-json\/wp\/v2\/product_brand?post=40398"},{"taxonomy":"product_cat","embeddable":true,"href":"https:\/\/lovme.pt\/index.php\/wp-json\/wp\/v2\/product_cat?post=40398"},{"taxonomy":"product_tag","embeddable":true,"href":"https:\/\/lovme.pt\/index.php\/wp-json\/wp\/v2\/product_tag?post=40398"}],"curies":[{"name":"wp","href":"https:\/\/api.w.org\/{rel}","templated":true}]}}