{"id":40372,"date":"2025-09-30T20:41:17","date_gmt":"2025-09-30T20:41:17","guid":{"rendered":"https:\/\/lovme.pt\/?post_type=product&#038;p=40372"},"modified":"2026-02-19T20:23:18","modified_gmt":"2026-02-19T20:23:18","slug":"satisfyer-vibrador-lay-on-dipping-delight-azul","status":"publish","type":"product","link":"https:\/\/lovme.pt\/index.php\/produto\/satisfyer-vibrador-lay-on-dipping-delight-azul\/","title":{"rendered":"SATISFYER &#8211; DIPPING DELIGHT VIBRADOR LAY-ON AZUL"},"content":{"rendered":"<p>Mergulhe em algum deleite&#8230; Precisa de uma estimula\u00e7\u00e3o clitoriana profunda ou de alguma provoca\u00e7\u00e3o \u201cs\u00f3 a ponta\u201d?<\/p>\n<p><strong>Informa\u00e7\u00f5es sobre o produto &#8220;Satisfyer Dipping Delight&#8221;<\/strong><\/p>\n<ul>\n<li>Padr\u00f5es de vibra\u00e7\u00e3o poderosos proporcionam estimula\u00e7\u00e3o clitoriana intensa<\/li>\n<li>Feito de silicone de grau m\u00e9dico supermacio, adequado para o corpo, suave ao toque e extremamente higi\u00eanico<\/li>\n<li>Gra\u00e7as ao seu acabamento \u00e0 prova d\u00e1gua (IPX7), este brinquedo pode ser usado com seguran\u00e7a na \u00e1gua e \u00e9 f\u00e1cil de limpar<\/li>\n<li>Estimula\u00e7\u00e3o clitoriana atrav\u00e9s de 2 motores potentes<\/li>\n<li>12 programas de vibra\u00e7\u00e3o<\/li>\n<li>Modo sussurro<\/li>\n<li>15 anos de garantia<\/li>\n<li>F\u00e1cil de limpar<\/li>\n<li>Inclui cabo de carregamento magn\u00e9tico USB<\/li>\n<li>Bateria de \u00edon de l\u00edtio<\/li>\n<\/ul>\n<p><strong>O que h\u00e1 de t\u00e3o especial no Dipping Delight?<\/strong><\/p>\n<p>O Dipping Delight possui ponta curvada intensificada e muito macia para proporcionar sensa\u00e7\u00f5es como nunca antes! Ideal para iniciantes devido \u00e0 funcionalidade simples e ao design divertido. Com corpo firme revestido por silicone macio, a ponta \u00e9 feita totalmente de silicone, tornando-a totalmente flex\u00edvel e proporcionando sensa\u00e7\u00f5es em toda a ponta protuberante &#8211; perfeita para estimula\u00e7\u00e3o clitoriana direcionada ou para atormentar um pouco de cada vez.<\/p>\n<p>O Dipping Delight possui ponta dobrada, para estimula\u00e7\u00e3o por cima, al\u00e9m de detalhes canelados para sensa\u00e7\u00f5es adicionais. Proporcionando uma sensa\u00e7\u00e3o mais ampla do que um vibrador t\u00edpico, desfrute das sensa\u00e7\u00f5es intensificadas dos 2 motores potentes atrav\u00e9s de 12 programas de vibra\u00e7\u00e3o diferentes. O Dipping Delight \u00e9 feito de silicone seguro para o corpo, \u00e9 recarreg\u00e1vel e \u00e0 prova d\u2019\u00e1gua (IPX7).<\/p>\n<p>Dica para isso!<\/p>\n","protected":false},"excerpt":{"rendered":"<p>SATISFYER &#8211; VIBRADOR LAY-ON DIPPING DELIGHT AZUL<\/p>\n","protected":false},"featured_media":71500,"template":"","meta":{"_acf_changed":false},"product_brand":[],"product_cat":[17,61,76],"product_tag":[],"class_list":{"0":"post-40372","1":"product","2":"type-product","3":"status-publish","4":"has-post-thumbnail","6":"product_cat-brinquedos-de-bem-estar-sexual","7":"product_cat-para-elas","8":"product_cat-vibradores","9":"yith_product_brand-satisfyer","10":"yith_product_brand-satisfyer-satisfyer-layons","12":"first","13":"instock","14":"taxable","15":"shipping-taxable","16":"purchasable","17":"product-type-variable","18":"has-default-attributes"},"acf":[],"yoast_head":"<!-- This site is optimized with the Yoast SEO plugin v27.4 - https:\/\/yoast.com\/product\/yoast-seo-wordpress\/ -->\n<title>SATISFYER - DIPPING DELIGHT VIBRADOR LAY-ON AZUL - Lovme<\/title>\n<meta name=\"robots\" content=\"index, follow, max-snippet:-1, max-image-preview:large, max-video-preview:-1\" \/>\n<link rel=\"canonical\" href=\"https:\/\/lovme.pt\/index.php\/produto\/satisfyer-vibrador-lay-on-dipping-delight-azul\/\" \/>\n<meta property=\"og:locale\" content=\"pt_PT\" \/>\n<meta property=\"og:type\" content=\"article\" \/>\n<meta property=\"og:title\" content=\"SATISFYER - DIPPING DELIGHT VIBRADOR LAY-ON AZUL - Lovme\" \/>\n<meta property=\"og:description\" content=\"SATISFYER - VIBRADOR LAY-ON DIPPING DELIGHT AZUL\" \/>\n<meta property=\"og:url\" content=\"https:\/\/lovme.pt\/index.php\/produto\/satisfyer-vibrador-lay-on-dipping-delight-azul\/\" \/>\n<meta property=\"og:site_name\" content=\"Lovme\" \/>\n<meta property=\"article:modified_time\" content=\"2026-02-19T20:23:18+00:00\" \/>\n<meta property=\"og:image\" content=\"https:\/\/erki24nd3ub.exactdn.com\/wp-content\/uploads\/dream\/img\/img_129453_b9a13eafdb7db914e6e7fbd0b30575b4_1.jpg?strip=all\" \/>\n\t<meta property=\"og:image:width\" content=\"800\" \/>\n\t<meta property=\"og:image:height\" content=\"800\" \/>\n\t<meta property=\"og:image:type\" content=\"image\/jpeg\" \/>\n<meta name=\"twitter:card\" content=\"summary_large_image\" \/>\n<meta name=\"twitter:label1\" content=\"Tempo estimado de leitura\" \/>\n\t<meta name=\"twitter:data1\" content=\"1 minuto\" \/>\n<script type=\"application\/ld+json\" class=\"yoast-schema-graph\">{\"@context\":\"https:\\\/\\\/schema.org\",\"@graph\":[{\"@type\":\"WebPage\",\"@id\":\"https:\\\/\\\/lovme.pt\\\/index.php\\\/produto\\\/satisfyer-vibrador-lay-on-dipping-delight-azul\\\/\",\"url\":\"https:\\\/\\\/lovme.pt\\\/index.php\\\/produto\\\/satisfyer-vibrador-lay-on-dipping-delight-azul\\\/\",\"name\":\"SATISFYER - DIPPING DELIGHT VIBRADOR LAY-ON AZUL - Lovme\",\"isPartOf\":{\"@id\":\"https:\\\/\\\/lovme.pt\\\/#website\"},\"primaryImageOfPage\":{\"@id\":\"https:\\\/\\\/lovme.pt\\\/index.php\\\/produto\\\/satisfyer-vibrador-lay-on-dipping-delight-azul\\\/#primaryimage\"},\"image\":{\"@id\":\"https:\\\/\\\/lovme.pt\\\/index.php\\\/produto\\\/satisfyer-vibrador-lay-on-dipping-delight-azul\\\/#primaryimage\"},\"thumbnailUrl\":\"https:\\\/\\\/erki24nd3ub.exactdn.com\\\/wp-content\\\/uploads\\\/dream\\\/img\\\/img_129453_b9a13eafdb7db914e6e7fbd0b30575b4_1.jpg?strip=all\",\"datePublished\":\"2025-09-30T20:41:17+00:00\",\"dateModified\":\"2026-02-19T20:23:18+00:00\",\"breadcrumb\":{\"@id\":\"https:\\\/\\\/lovme.pt\\\/index.php\\\/produto\\\/satisfyer-vibrador-lay-on-dipping-delight-azul\\\/#breadcrumb\"},\"inLanguage\":\"pt-PT\",\"potentialAction\":[{\"@type\":\"ReadAction\",\"target\":[\"https:\\\/\\\/lovme.pt\\\/index.php\\\/produto\\\/satisfyer-vibrador-lay-on-dipping-delight-azul\\\/\"]}]},{\"@type\":\"ImageObject\",\"inLanguage\":\"pt-PT\",\"@id\":\"https:\\\/\\\/lovme.pt\\\/index.php\\\/produto\\\/satisfyer-vibrador-lay-on-dipping-delight-azul\\\/#primaryimage\",\"url\":\"https:\\\/\\\/erki24nd3ub.exactdn.com\\\/wp-content\\\/uploads\\\/dream\\\/img\\\/img_129453_b9a13eafdb7db914e6e7fbd0b30575b4_1.jpg?strip=all\",\"contentUrl\":\"https:\\\/\\\/erki24nd3ub.exactdn.com\\\/wp-content\\\/uploads\\\/dream\\\/img\\\/img_129453_b9a13eafdb7db914e6e7fbd0b30575b4_1.jpg?strip=all\",\"width\":800,\"height\":800},{\"@type\":\"BreadcrumbList\",\"@id\":\"https:\\\/\\\/lovme.pt\\\/index.php\\\/produto\\\/satisfyer-vibrador-lay-on-dipping-delight-azul\\\/#breadcrumb\",\"itemListElement\":[{\"@type\":\"ListItem\",\"position\":1,\"name\":\"In\u00edcio\",\"item\":\"https:\\\/\\\/lovme.pt\\\/\"},{\"@type\":\"ListItem\",\"position\":2,\"name\":\"Loja\",\"item\":\"https:\\\/\\\/lovme.pt\\\/index.php\\\/loja\\\/\"},{\"@type\":\"ListItem\",\"position\":3,\"name\":\"SATISFYER &#8211; DIPPING DELIGHT VIBRADOR LAY-ON AZUL\"}]},{\"@type\":\"WebSite\",\"@id\":\"https:\\\/\\\/lovme.pt\\\/#website\",\"url\":\"https:\\\/\\\/lovme.pt\\\/\",\"name\":\"Lovme Loja Er\u00f3tica N\u00ba1 em Portugal\",\"description\":\"A melhor loja er\u00f3tica de Portugal.\",\"alternateName\":\"Loja Er\u00f3tica Lovme\",\"potentialAction\":[{\"@type\":\"SearchAction\",\"target\":{\"@type\":\"EntryPoint\",\"urlTemplate\":\"https:\\\/\\\/lovme.pt\\\/?s={search_term_string}\"},\"query-input\":{\"@type\":\"PropertyValueSpecification\",\"valueRequired\":true,\"valueName\":\"search_term_string\"}}],\"inLanguage\":\"pt-PT\"}]}<\/script>\n<!-- \/ Yoast SEO plugin. -->","yoast_head_json":{"title":"SATISFYER - DIPPING DELIGHT VIBRADOR LAY-ON AZUL - Lovme","robots":{"index":"index","follow":"follow","max-snippet":"max-snippet:-1","max-image-preview":"max-image-preview:large","max-video-preview":"max-video-preview:-1"},"canonical":"https:\/\/lovme.pt\/index.php\/produto\/satisfyer-vibrador-lay-on-dipping-delight-azul\/","og_locale":"pt_PT","og_type":"article","og_title":"SATISFYER - DIPPING DELIGHT VIBRADOR LAY-ON AZUL - Lovme","og_description":"SATISFYER - VIBRADOR LAY-ON DIPPING DELIGHT AZUL","og_url":"https:\/\/lovme.pt\/index.php\/produto\/satisfyer-vibrador-lay-on-dipping-delight-azul\/","og_site_name":"Lovme","article_modified_time":"2026-02-19T20:23:18+00:00","og_image":[{"width":800,"height":800,"url":"https:\/\/erki24nd3ub.exactdn.com\/wp-content\/uploads\/dream\/img\/img_129453_b9a13eafdb7db914e6e7fbd0b30575b4_1.jpg?strip=all","type":"image\/jpeg"}],"twitter_card":"summary_large_image","twitter_misc":{"Tempo estimado de leitura":"1 minuto"},"schema":{"@context":"https:\/\/schema.org","@graph":[{"@type":"WebPage","@id":"https:\/\/lovme.pt\/index.php\/produto\/satisfyer-vibrador-lay-on-dipping-delight-azul\/","url":"https:\/\/lovme.pt\/index.php\/produto\/satisfyer-vibrador-lay-on-dipping-delight-azul\/","name":"SATISFYER - DIPPING DELIGHT VIBRADOR LAY-ON AZUL - Lovme","isPartOf":{"@id":"https:\/\/lovme.pt\/#website"},"primaryImageOfPage":{"@id":"https:\/\/lovme.pt\/index.php\/produto\/satisfyer-vibrador-lay-on-dipping-delight-azul\/#primaryimage"},"image":{"@id":"https:\/\/lovme.pt\/index.php\/produto\/satisfyer-vibrador-lay-on-dipping-delight-azul\/#primaryimage"},"thumbnailUrl":"https:\/\/erki24nd3ub.exactdn.com\/wp-content\/uploads\/dream\/img\/img_129453_b9a13eafdb7db914e6e7fbd0b30575b4_1.jpg?strip=all","datePublished":"2025-09-30T20:41:17+00:00","dateModified":"2026-02-19T20:23:18+00:00","breadcrumb":{"@id":"https:\/\/lovme.pt\/index.php\/produto\/satisfyer-vibrador-lay-on-dipping-delight-azul\/#breadcrumb"},"inLanguage":"pt-PT","potentialAction":[{"@type":"ReadAction","target":["https:\/\/lovme.pt\/index.php\/produto\/satisfyer-vibrador-lay-on-dipping-delight-azul\/"]}]},{"@type":"ImageObject","inLanguage":"pt-PT","@id":"https:\/\/lovme.pt\/index.php\/produto\/satisfyer-vibrador-lay-on-dipping-delight-azul\/#primaryimage","url":"https:\/\/erki24nd3ub.exactdn.com\/wp-content\/uploads\/dream\/img\/img_129453_b9a13eafdb7db914e6e7fbd0b30575b4_1.jpg?strip=all","contentUrl":"https:\/\/erki24nd3ub.exactdn.com\/wp-content\/uploads\/dream\/img\/img_129453_b9a13eafdb7db914e6e7fbd0b30575b4_1.jpg?strip=all","width":800,"height":800},{"@type":"BreadcrumbList","@id":"https:\/\/lovme.pt\/index.php\/produto\/satisfyer-vibrador-lay-on-dipping-delight-azul\/#breadcrumb","itemListElement":[{"@type":"ListItem","position":1,"name":"In\u00edcio","item":"https:\/\/lovme.pt\/"},{"@type":"ListItem","position":2,"name":"Loja","item":"https:\/\/lovme.pt\/index.php\/loja\/"},{"@type":"ListItem","position":3,"name":"SATISFYER &#8211; DIPPING DELIGHT VIBRADOR LAY-ON AZUL"}]},{"@type":"WebSite","@id":"https:\/\/lovme.pt\/#website","url":"https:\/\/lovme.pt\/","name":"Lovme Loja Er\u00f3tica N\u00ba1 em Portugal","description":"A melhor loja er\u00f3tica de Portugal.","alternateName":"Loja Er\u00f3tica Lovme","potentialAction":[{"@type":"SearchAction","target":{"@type":"EntryPoint","urlTemplate":"https:\/\/lovme.pt\/?s={search_term_string}"},"query-input":{"@type":"PropertyValueSpecification","valueRequired":true,"valueName":"search_term_string"}}],"inLanguage":"pt-PT"}]}},"_links":{"self":[{"href":"https:\/\/lovme.pt\/index.php\/wp-json\/wp\/v2\/product\/40372","targetHints":{"allow":["GET"]}}],"collection":[{"href":"https:\/\/lovme.pt\/index.php\/wp-json\/wp\/v2\/product"}],"about":[{"href":"https:\/\/lovme.pt\/index.php\/wp-json\/wp\/v2\/types\/product"}],"wp:featuredmedia":[{"embeddable":true,"href":"https:\/\/lovme.pt\/index.php\/wp-json\/wp\/v2\/media\/71500"}],"wp:attachment":[{"href":"https:\/\/lovme.pt\/index.php\/wp-json\/wp\/v2\/media?parent=40372"}],"wp:term":[{"taxonomy":"product_brand","embeddable":true,"href":"https:\/\/lovme.pt\/index.php\/wp-json\/wp\/v2\/product_brand?post=40372"},{"taxonomy":"product_cat","embeddable":true,"href":"https:\/\/lovme.pt\/index.php\/wp-json\/wp\/v2\/product_cat?post=40372"},{"taxonomy":"product_tag","embeddable":true,"href":"https:\/\/lovme.pt\/index.php\/wp-json\/wp\/v2\/product_tag?post=40372"}],"curies":[{"name":"wp","href":"https:\/\/api.w.org\/{rel}","templated":true}]}}