{"id":40310,"date":"2025-09-30T22:18:14","date_gmt":"2025-09-30T22:18:14","guid":{"rendered":"https:\/\/lovme.pt\/?post_type=product&#038;p=40310"},"modified":"2026-02-25T08:37:20","modified_gmt":"2026-02-25T08:37:20","slug":"secretplay-kit-luz-dourada-espumante-po-comestivel-de-morango-e-pena","status":"publish","type":"product","link":"https:\/\/lovme.pt\/index.php\/produto\/secretplay-kit-luz-dourada-espumante-po-comestivel-de-morango-e-pena\/","title":{"rendered":"SECRETPLAY &#8211; KIT LUZ DOURADA ESPUMANTE P\u00d3 COMEST\u00cdVEL DE MORANGO E PENA"},"content":{"rendered":"<p>QUAL &Eacute; O SEU PR&Oacute;XIMO DESTINO?<\/p>\n<p>Deliciosos e macios p&oacute;s comest&iacute;veis que ir&aacute; apreciar pelo seu irresist&iacute;vel sabor a morango com vinho espumante e que ao mesmo tempo ir&atilde;o adicionar um lindo brilho dourado &agrave; sua pele. Ir&aacute; proporcionar-lhe uma experi&ecirc;ncia que ir&aacute; libertar a sua imagina&ccedil;&atilde;o e permitir-lhe-&aacute; entregar-se a momentos de terna cumplicidade.<\/p>\n<p>A caixa vem com um espanador de penas para que voc&ecirc; possa espalhar o p&oacute; pelo corpo do seu parceiro e estimular cada canto do corpo dele; sua suavidade o levar&aacute; a um mundo de sensa&ccedil;&otilde;es &uacute;nicas, car&iacute;cias e c&oacute;cegas est&atilde;o garantidas, cuidado com as risadas.<\/p>\n<p>Esta experi&ecirc;ncia vai despertar os seus 5 sentidos como nunca antes, o sentido da vis&atilde;o que &eacute; o mais desenvolvido para o ser humano ficar&aacute; ainda mais agu&ccedil;ado devido ao efeito cintilante que os p&oacute;s v&atilde;o deixar na sua pele, o sentido da audi&ccedil;&atilde;o tamb&eacute;m entra em jogo, como o som do espanador espalhando o p&oacute; na pele pode ser muito estimulante, o olfato &eacute; igualmente importante, pois o aroma do morango e do espumante &eacute; t&atilde;o encantador que vai dar vontade de cheir&aacute;-lo incessantemente, o sentido do o toque atua de tal forma que voc&ecirc; deseja acariciar e tocar o corpo do seu parceiro com a pena, e por fim o sentido do paladar tem um papel crucial nessa experi&ecirc;ncia, pois voc&ecirc; pode lamber, chupar, beijar ou devorar o corpo do seu parceiro at&eacute; sair sem vest&iacute;gios de p&oacute;. Aproveite para saborear estes p&oacute;s 100% comest&iacute;veis com a l&iacute;ngua! Sinta seu parceiro despertando e explodindo de paix&atilde;o.<\/p>\n<p>A caixa vem com um saquinho de cetim para que voc&ecirc; possa guardar seus p&oacute;s e us&aacute;-los quantas vezes quiser.<\/p>\n<p>Cont&eacute;m:<\/p>\n<ul>\n<li>P&oacute;s comest&iacute;veis:\n<ul>\n<li>40 gramas<\/li>\n<li>Sabor morango e espumante<\/li>\n<li>100% comest&iacute;vel<\/li>\n<li>brilho dourado<\/li>\n<\/ul>\n<\/li>\n<li>1 bolsa de cetim<\/li>\n<li>1 espanador<\/li>\n<\/ul>\n<p>Ingredientes: A&ccedil;&uacute;car (Dextrose, Antiaglomerante E-170, A&ccedil;&uacute;car, Gordura Vegetal (Palma Hidrogenada)), Amido de Milho, Aromas (Batata Maltodextrina, Dextrose, LACTOSE, Estabilizador E-414, Sal, Subst&acirc;ncias Arom&aacute;ticas (Id&ecirc;nticas e Naturais) ), Corantes E-555, E-122, E-124<\/p>\n","protected":false},"excerpt":{"rendered":"<p>EMBALAGEM DISPON\u00cdVEL EM: \/en\/es\/fr\/nl\/de\/it\/pt\/<\/p>\n","protected":false},"featured_media":76640,"template":"","meta":{"_acf_changed":false},"product_brand":[],"product_cat":[53],"product_tag":[],"class_list":{"0":"post-40310","1":"product","2":"type-product","3":"status-publish","4":"has-post-thumbnail","6":"product_cat-lubrificantes-intimos","7":"yith_product_brand-secretplaysecretplay-100-games","9":"first","10":"instock","11":"taxable","12":"shipping-taxable","13":"purchasable","14":"product-type-simple"},"acf":[],"yoast_head":"<!-- This site is optimized with the Yoast SEO plugin v27.4 - https:\/\/yoast.com\/product\/yoast-seo-wordpress\/ -->\n<title>SECRETPLAY - KIT LUZ DOURADA ESPUMANTE P\u00d3 COMEST\u00cdVEL DE MORANGO E PENA - Lovme<\/title>\n<meta name=\"robots\" content=\"index, follow, max-snippet:-1, max-image-preview:large, max-video-preview:-1\" \/>\n<link rel=\"canonical\" href=\"https:\/\/lovme.pt\/index.php\/produto\/secretplay-kit-luz-dourada-espumante-po-comestivel-de-morango-e-pena\/\" \/>\n<meta property=\"og:locale\" content=\"pt_PT\" \/>\n<meta property=\"og:type\" content=\"article\" \/>\n<meta property=\"og:title\" content=\"SECRETPLAY - KIT LUZ DOURADA ESPUMANTE P\u00d3 COMEST\u00cdVEL DE MORANGO E PENA - Lovme\" \/>\n<meta property=\"og:description\" content=\"EMBALAGEM DISPON\u00cdVEL EM: \/en\/es\/fr\/nl\/de\/it\/pt\/\" \/>\n<meta property=\"og:url\" content=\"https:\/\/lovme.pt\/index.php\/produto\/secretplay-kit-luz-dourada-espumante-po-comestivel-de-morango-e-pena\/\" \/>\n<meta property=\"og:site_name\" content=\"Lovme\" \/>\n<meta property=\"article:modified_time\" content=\"2026-02-25T08:37:20+00:00\" \/>\n<meta property=\"og:image\" content=\"https:\/\/erki24nd3ub.exactdn.com\/wp-content\/uploads\/dream\/img\/img_129158_3d0c4b5ce68afda44438378c7081f0bc_1.jpg?strip=all\" \/>\n\t<meta property=\"og:image:width\" content=\"800\" \/>\n\t<meta property=\"og:image:height\" content=\"800\" \/>\n\t<meta property=\"og:image:type\" content=\"image\/jpeg\" \/>\n<meta name=\"twitter:card\" content=\"summary_large_image\" \/>\n<meta name=\"twitter:label1\" content=\"Tempo estimado de leitura\" \/>\n\t<meta name=\"twitter:data1\" content=\"2 minutos\" \/>\n<script type=\"application\/ld+json\" class=\"yoast-schema-graph\">{\"@context\":\"https:\\\/\\\/schema.org\",\"@graph\":[{\"@type\":\"WebPage\",\"@id\":\"https:\\\/\\\/lovme.pt\\\/index.php\\\/produto\\\/secretplay-kit-luz-dourada-espumante-po-comestivel-de-morango-e-pena\\\/\",\"url\":\"https:\\\/\\\/lovme.pt\\\/index.php\\\/produto\\\/secretplay-kit-luz-dourada-espumante-po-comestivel-de-morango-e-pena\\\/\",\"name\":\"SECRETPLAY - KIT LUZ DOURADA ESPUMANTE P\u00d3 COMEST\u00cdVEL DE MORANGO E PENA - Lovme\",\"isPartOf\":{\"@id\":\"https:\\\/\\\/lovme.pt\\\/#website\"},\"primaryImageOfPage\":{\"@id\":\"https:\\\/\\\/lovme.pt\\\/index.php\\\/produto\\\/secretplay-kit-luz-dourada-espumante-po-comestivel-de-morango-e-pena\\\/#primaryimage\"},\"image\":{\"@id\":\"https:\\\/\\\/lovme.pt\\\/index.php\\\/produto\\\/secretplay-kit-luz-dourada-espumante-po-comestivel-de-morango-e-pena\\\/#primaryimage\"},\"thumbnailUrl\":\"https:\\\/\\\/erki24nd3ub.exactdn.com\\\/wp-content\\\/uploads\\\/dream\\\/img\\\/img_129158_3d0c4b5ce68afda44438378c7081f0bc_1.jpg?strip=all\",\"datePublished\":\"2025-09-30T22:18:14+00:00\",\"dateModified\":\"2026-02-25T08:37:20+00:00\",\"breadcrumb\":{\"@id\":\"https:\\\/\\\/lovme.pt\\\/index.php\\\/produto\\\/secretplay-kit-luz-dourada-espumante-po-comestivel-de-morango-e-pena\\\/#breadcrumb\"},\"inLanguage\":\"pt-PT\",\"potentialAction\":[{\"@type\":\"ReadAction\",\"target\":[\"https:\\\/\\\/lovme.pt\\\/index.php\\\/produto\\\/secretplay-kit-luz-dourada-espumante-po-comestivel-de-morango-e-pena\\\/\"]}]},{\"@type\":\"ImageObject\",\"inLanguage\":\"pt-PT\",\"@id\":\"https:\\\/\\\/lovme.pt\\\/index.php\\\/produto\\\/secretplay-kit-luz-dourada-espumante-po-comestivel-de-morango-e-pena\\\/#primaryimage\",\"url\":\"https:\\\/\\\/erki24nd3ub.exactdn.com\\\/wp-content\\\/uploads\\\/dream\\\/img\\\/img_129158_3d0c4b5ce68afda44438378c7081f0bc_1.jpg?strip=all\",\"contentUrl\":\"https:\\\/\\\/erki24nd3ub.exactdn.com\\\/wp-content\\\/uploads\\\/dream\\\/img\\\/img_129158_3d0c4b5ce68afda44438378c7081f0bc_1.jpg?strip=all\",\"width\":800,\"height\":800},{\"@type\":\"BreadcrumbList\",\"@id\":\"https:\\\/\\\/lovme.pt\\\/index.php\\\/produto\\\/secretplay-kit-luz-dourada-espumante-po-comestivel-de-morango-e-pena\\\/#breadcrumb\",\"itemListElement\":[{\"@type\":\"ListItem\",\"position\":1,\"name\":\"In\u00edcio\",\"item\":\"https:\\\/\\\/lovme.pt\\\/\"},{\"@type\":\"ListItem\",\"position\":2,\"name\":\"Loja\",\"item\":\"https:\\\/\\\/lovme.pt\\\/index.php\\\/loja\\\/\"},{\"@type\":\"ListItem\",\"position\":3,\"name\":\"SECRETPLAY &#8211; KIT LUZ DOURADA ESPUMANTE P\u00d3 COMEST\u00cdVEL DE MORANGO E PENA\"}]},{\"@type\":\"WebSite\",\"@id\":\"https:\\\/\\\/lovme.pt\\\/#website\",\"url\":\"https:\\\/\\\/lovme.pt\\\/\",\"name\":\"Lovme Loja Er\u00f3tica N\u00ba1 em Portugal\",\"description\":\"A melhor loja er\u00f3tica de Portugal.\",\"alternateName\":\"Loja Er\u00f3tica Lovme\",\"potentialAction\":[{\"@type\":\"SearchAction\",\"target\":{\"@type\":\"EntryPoint\",\"urlTemplate\":\"https:\\\/\\\/lovme.pt\\\/?s={search_term_string}\"},\"query-input\":{\"@type\":\"PropertyValueSpecification\",\"valueRequired\":true,\"valueName\":\"search_term_string\"}}],\"inLanguage\":\"pt-PT\"}]}<\/script>\n<!-- \/ Yoast SEO plugin. -->","yoast_head_json":{"title":"SECRETPLAY - KIT LUZ DOURADA ESPUMANTE P\u00d3 COMEST\u00cdVEL DE MORANGO E PENA - Lovme","robots":{"index":"index","follow":"follow","max-snippet":"max-snippet:-1","max-image-preview":"max-image-preview:large","max-video-preview":"max-video-preview:-1"},"canonical":"https:\/\/lovme.pt\/index.php\/produto\/secretplay-kit-luz-dourada-espumante-po-comestivel-de-morango-e-pena\/","og_locale":"pt_PT","og_type":"article","og_title":"SECRETPLAY - KIT LUZ DOURADA ESPUMANTE P\u00d3 COMEST\u00cdVEL DE MORANGO E PENA - Lovme","og_description":"EMBALAGEM DISPON\u00cdVEL EM: \/en\/es\/fr\/nl\/de\/it\/pt\/","og_url":"https:\/\/lovme.pt\/index.php\/produto\/secretplay-kit-luz-dourada-espumante-po-comestivel-de-morango-e-pena\/","og_site_name":"Lovme","article_modified_time":"2026-02-25T08:37:20+00:00","og_image":[{"width":800,"height":800,"url":"https:\/\/erki24nd3ub.exactdn.com\/wp-content\/uploads\/dream\/img\/img_129158_3d0c4b5ce68afda44438378c7081f0bc_1.jpg?strip=all","type":"image\/jpeg"}],"twitter_card":"summary_large_image","twitter_misc":{"Tempo estimado de leitura":"2 minutos"},"schema":{"@context":"https:\/\/schema.org","@graph":[{"@type":"WebPage","@id":"https:\/\/lovme.pt\/index.php\/produto\/secretplay-kit-luz-dourada-espumante-po-comestivel-de-morango-e-pena\/","url":"https:\/\/lovme.pt\/index.php\/produto\/secretplay-kit-luz-dourada-espumante-po-comestivel-de-morango-e-pena\/","name":"SECRETPLAY - KIT LUZ DOURADA ESPUMANTE P\u00d3 COMEST\u00cdVEL DE MORANGO E PENA - Lovme","isPartOf":{"@id":"https:\/\/lovme.pt\/#website"},"primaryImageOfPage":{"@id":"https:\/\/lovme.pt\/index.php\/produto\/secretplay-kit-luz-dourada-espumante-po-comestivel-de-morango-e-pena\/#primaryimage"},"image":{"@id":"https:\/\/lovme.pt\/index.php\/produto\/secretplay-kit-luz-dourada-espumante-po-comestivel-de-morango-e-pena\/#primaryimage"},"thumbnailUrl":"https:\/\/erki24nd3ub.exactdn.com\/wp-content\/uploads\/dream\/img\/img_129158_3d0c4b5ce68afda44438378c7081f0bc_1.jpg?strip=all","datePublished":"2025-09-30T22:18:14+00:00","dateModified":"2026-02-25T08:37:20+00:00","breadcrumb":{"@id":"https:\/\/lovme.pt\/index.php\/produto\/secretplay-kit-luz-dourada-espumante-po-comestivel-de-morango-e-pena\/#breadcrumb"},"inLanguage":"pt-PT","potentialAction":[{"@type":"ReadAction","target":["https:\/\/lovme.pt\/index.php\/produto\/secretplay-kit-luz-dourada-espumante-po-comestivel-de-morango-e-pena\/"]}]},{"@type":"ImageObject","inLanguage":"pt-PT","@id":"https:\/\/lovme.pt\/index.php\/produto\/secretplay-kit-luz-dourada-espumante-po-comestivel-de-morango-e-pena\/#primaryimage","url":"https:\/\/erki24nd3ub.exactdn.com\/wp-content\/uploads\/dream\/img\/img_129158_3d0c4b5ce68afda44438378c7081f0bc_1.jpg?strip=all","contentUrl":"https:\/\/erki24nd3ub.exactdn.com\/wp-content\/uploads\/dream\/img\/img_129158_3d0c4b5ce68afda44438378c7081f0bc_1.jpg?strip=all","width":800,"height":800},{"@type":"BreadcrumbList","@id":"https:\/\/lovme.pt\/index.php\/produto\/secretplay-kit-luz-dourada-espumante-po-comestivel-de-morango-e-pena\/#breadcrumb","itemListElement":[{"@type":"ListItem","position":1,"name":"In\u00edcio","item":"https:\/\/lovme.pt\/"},{"@type":"ListItem","position":2,"name":"Loja","item":"https:\/\/lovme.pt\/index.php\/loja\/"},{"@type":"ListItem","position":3,"name":"SECRETPLAY &#8211; KIT LUZ DOURADA ESPUMANTE P\u00d3 COMEST\u00cdVEL DE MORANGO E PENA"}]},{"@type":"WebSite","@id":"https:\/\/lovme.pt\/#website","url":"https:\/\/lovme.pt\/","name":"Lovme Loja Er\u00f3tica N\u00ba1 em Portugal","description":"A melhor loja er\u00f3tica de Portugal.","alternateName":"Loja Er\u00f3tica Lovme","potentialAction":[{"@type":"SearchAction","target":{"@type":"EntryPoint","urlTemplate":"https:\/\/lovme.pt\/?s={search_term_string}"},"query-input":{"@type":"PropertyValueSpecification","valueRequired":true,"valueName":"search_term_string"}}],"inLanguage":"pt-PT"}]}},"_links":{"self":[{"href":"https:\/\/lovme.pt\/index.php\/wp-json\/wp\/v2\/product\/40310","targetHints":{"allow":["GET"]}}],"collection":[{"href":"https:\/\/lovme.pt\/index.php\/wp-json\/wp\/v2\/product"}],"about":[{"href":"https:\/\/lovme.pt\/index.php\/wp-json\/wp\/v2\/types\/product"}],"wp:featuredmedia":[{"embeddable":true,"href":"https:\/\/lovme.pt\/index.php\/wp-json\/wp\/v2\/media\/76640"}],"wp:attachment":[{"href":"https:\/\/lovme.pt\/index.php\/wp-json\/wp\/v2\/media?parent=40310"}],"wp:term":[{"taxonomy":"product_brand","embeddable":true,"href":"https:\/\/lovme.pt\/index.php\/wp-json\/wp\/v2\/product_brand?post=40310"},{"taxonomy":"product_cat","embeddable":true,"href":"https:\/\/lovme.pt\/index.php\/wp-json\/wp\/v2\/product_cat?post=40310"},{"taxonomy":"product_tag","embeddable":true,"href":"https:\/\/lovme.pt\/index.php\/wp-json\/wp\/v2\/product_tag?post=40310"}],"curies":[{"name":"wp","href":"https:\/\/api.w.org\/{rel}","templated":true}]}}