{"id":40269,"date":"2025-09-30T22:14:36","date_gmt":"2025-09-30T22:14:36","guid":{"rendered":"https:\/\/lovme.pt\/?post_type=product&#038;p=40269"},"modified":"2026-02-03T18:05:49","modified_gmt":"2026-02-03T18:05:49","slug":"cut4men-jockstrap-miami-xl","status":"publish","type":"product","link":"https:\/\/lovme.pt\/index.php\/produto\/cut4men-jockstrap-miami-xl\/","title":{"rendered":"CUT4MEN &#8211; JOCKSTRAP MIAMI S"},"content":{"rendered":"<p>O Cut4men Jockstrap \u00e9 projetado para homens com um estilo de vida ativo.<\/p>\n<p> Esta pe\u00e7a oferece suporte total gra\u00e7as \u00e0 bolsa frontal ergonomicamente projetada para manter sua masculinidade exatamente onde ela pertence. Ideal para usar na academia ou outros esportes, ou se voc\u00ea est\u00e1 apenas procurando um estilo sexy de roupa \u00edntima que fa\u00e7a voc\u00ea se sentir confiante.<\/p>\n<p> O Cut4men Jockstrap est\u00e1 dispon\u00edvel em uma variedade de cores. Queremos garantir que voc\u00ea encontre a op\u00e7\u00e3o certa para voc\u00ea. O tecido \u00e9 feito de uma composi\u00e7\u00e3o suave de 93% Poli\u00e9ster e 7% Elastano, que lhe confere uma silhueta elegante, ideal para usar por baixo da sua cal\u00e7a favorita.<\/p>\n<p> Se voc\u00ea procura um estilo esportivo e deseja um suporte ideal, o Cut4men Jockstrap \u00e9 sua melhor op\u00e7\u00e3o.<\/p>\n<ul>\n<li> AJUSTE PERFEITO N\u00e3o importa a forma do seu corpo, adapta-se ao seu corpo como uma segunda pele<\/li>\n<li> SOFT SEAMS Voc\u00ea se sente confort\u00e1vel em cada detalhe<\/li>\n<li> BOLSA FRONTAL ERGON\u00d4MICA Mant\u00e9m sua masculinidade na posi\u00e7\u00e3o certa, proporcionando conforto o dia todo<\/li>\n<li> ESTILO DESPORTIVO E OUSADO Suporte ideal e liberdade de movimento &#8211; ouse parecer sexy e perform\u00e1tico<\/li>\n<li> Composi\u00e7\u00e3o: 93% Poli\u00e9ster e 7% Elastano<\/li>\n<\/ul>\n<p> Com tramas confort\u00e1veis e est\u00e9tica elegante, cada pe\u00e7a \u00e9 constru\u00edda com conforto e estilo em mente. Na CUT4MEN, a nossa aposta \u00e9 conhecer os nossos clientes, oferecendo-lhes as pe\u00e7as-chave para real\u00e7ar a sua personalidade e real\u00e7ar a sua atitude, convidando-os a criar um estilo \u00fanico, original e atualizado que se enquadre nas \u00faltimas tend\u00eancias do mundo da moda.<\/p>\n<p> Cut4Men \u00e9 a mais nova adi\u00e7\u00e3o dos criadores de Joe Snyder, uma empresa dedicada \u00e0 produ\u00e7\u00e3o e venda de roupa interior e roupa casual para homem, com mais de 40 anos de experi\u00eancia no mercado nacional e internacional. <\/p>\n<p style=\"text-align: center;\"><img decoding=\"async\" alt=\"\" src=\"https:\/\/interno.dreamlove.es\/UserFiles\/images\/sze%20chart%20cut4men.jpg\" style=\"text-align: center; width: 802px; height: 399px;\" \/><\/p>\n","protected":false},"excerpt":{"rendered":"<p>CUT4MEN &#8211; JOCKSTRAP MIAMI XL<\/p>\n","protected":false},"featured_media":75729,"template":"","meta":{"_acf_changed":false},"product_brand":[],"product_cat":[47,67,115],"product_tag":[],"class_list":{"0":"post-40269","1":"product","2":"type-product","3":"status-publish","4":"has-post-thumbnail","6":"product_cat-lingerie","7":"product_cat-lingerie-masculina","8":"product_cat-ofertas","9":"yith_product_brand-cut4men","10":"yith_product_brand-cut4mencut4men-jockstrap","12":"first","13":"outofstock","14":"taxable","15":"shipping-taxable","16":"product-type-variable","17":"has-default-attributes"},"acf":[],"yoast_head":"<!-- This site is optimized with the Yoast SEO plugin v27.4 - https:\/\/yoast.com\/product\/yoast-seo-wordpress\/ -->\n<title>CUT4MEN - JOCKSTRAP MIAMI S - Lovme<\/title>\n<meta name=\"robots\" content=\"index, follow, max-snippet:-1, max-image-preview:large, max-video-preview:-1\" \/>\n<link rel=\"canonical\" href=\"https:\/\/lovme.pt\/index.php\/produto\/cut4men-jockstrap-miami-xl\/\" \/>\n<meta property=\"og:locale\" content=\"pt_PT\" \/>\n<meta property=\"og:type\" content=\"article\" \/>\n<meta property=\"og:title\" content=\"CUT4MEN - JOCKSTRAP MIAMI S - Lovme\" \/>\n<meta property=\"og:description\" content=\"CUT4MEN - JOCKSTRAP MIAMI XL\" \/>\n<meta property=\"og:url\" content=\"https:\/\/lovme.pt\/index.php\/produto\/cut4men-jockstrap-miami-xl\/\" \/>\n<meta property=\"og:site_name\" content=\"Lovme\" \/>\n<meta property=\"article:modified_time\" content=\"2026-02-03T18:05:49+00:00\" \/>\n<meta property=\"og:image\" content=\"https:\/\/erki24nd3ub.exactdn.com\/wp-content\/uploads\/dream\/img\/img_128768_240934b024359072e6ec447cce805276_1.jpg?strip=all\" \/>\n\t<meta property=\"og:image:width\" content=\"800\" \/>\n\t<meta property=\"og:image:height\" content=\"800\" \/>\n\t<meta property=\"og:image:type\" content=\"image\/jpeg\" \/>\n<meta name=\"twitter:card\" content=\"summary_large_image\" \/>\n<meta name=\"twitter:label1\" content=\"Tempo estimado de leitura\" \/>\n\t<meta name=\"twitter:data1\" content=\"2 minutos\" \/>\n<script type=\"application\/ld+json\" class=\"yoast-schema-graph\">{\"@context\":\"https:\\\/\\\/schema.org\",\"@graph\":[{\"@type\":\"WebPage\",\"@id\":\"https:\\\/\\\/lovme.pt\\\/index.php\\\/produto\\\/cut4men-jockstrap-miami-xl\\\/\",\"url\":\"https:\\\/\\\/lovme.pt\\\/index.php\\\/produto\\\/cut4men-jockstrap-miami-xl\\\/\",\"name\":\"CUT4MEN - JOCKSTRAP MIAMI S - Lovme\",\"isPartOf\":{\"@id\":\"https:\\\/\\\/lovme.pt\\\/#website\"},\"primaryImageOfPage\":{\"@id\":\"https:\\\/\\\/lovme.pt\\\/index.php\\\/produto\\\/cut4men-jockstrap-miami-xl\\\/#primaryimage\"},\"image\":{\"@id\":\"https:\\\/\\\/lovme.pt\\\/index.php\\\/produto\\\/cut4men-jockstrap-miami-xl\\\/#primaryimage\"},\"thumbnailUrl\":\"https:\\\/\\\/erki24nd3ub.exactdn.com\\\/wp-content\\\/uploads\\\/dream\\\/img\\\/img_128768_240934b024359072e6ec447cce805276_1.jpg?strip=all\",\"datePublished\":\"2025-09-30T22:14:36+00:00\",\"dateModified\":\"2026-02-03T18:05:49+00:00\",\"breadcrumb\":{\"@id\":\"https:\\\/\\\/lovme.pt\\\/index.php\\\/produto\\\/cut4men-jockstrap-miami-xl\\\/#breadcrumb\"},\"inLanguage\":\"pt-PT\",\"potentialAction\":[{\"@type\":\"ReadAction\",\"target\":[\"https:\\\/\\\/lovme.pt\\\/index.php\\\/produto\\\/cut4men-jockstrap-miami-xl\\\/\"]}]},{\"@type\":\"ImageObject\",\"inLanguage\":\"pt-PT\",\"@id\":\"https:\\\/\\\/lovme.pt\\\/index.php\\\/produto\\\/cut4men-jockstrap-miami-xl\\\/#primaryimage\",\"url\":\"https:\\\/\\\/erki24nd3ub.exactdn.com\\\/wp-content\\\/uploads\\\/dream\\\/img\\\/img_128768_240934b024359072e6ec447cce805276_1.jpg?strip=all\",\"contentUrl\":\"https:\\\/\\\/erki24nd3ub.exactdn.com\\\/wp-content\\\/uploads\\\/dream\\\/img\\\/img_128768_240934b024359072e6ec447cce805276_1.jpg?strip=all\",\"width\":800,\"height\":800},{\"@type\":\"BreadcrumbList\",\"@id\":\"https:\\\/\\\/lovme.pt\\\/index.php\\\/produto\\\/cut4men-jockstrap-miami-xl\\\/#breadcrumb\",\"itemListElement\":[{\"@type\":\"ListItem\",\"position\":1,\"name\":\"In\u00edcio\",\"item\":\"https:\\\/\\\/lovme.pt\\\/\"},{\"@type\":\"ListItem\",\"position\":2,\"name\":\"Loja\",\"item\":\"https:\\\/\\\/lovme.pt\\\/index.php\\\/loja\\\/\"},{\"@type\":\"ListItem\",\"position\":3,\"name\":\"CUT4MEN &#8211; JOCKSTRAP MIAMI S\"}]},{\"@type\":\"WebSite\",\"@id\":\"https:\\\/\\\/lovme.pt\\\/#website\",\"url\":\"https:\\\/\\\/lovme.pt\\\/\",\"name\":\"Lovme Loja Er\u00f3tica N\u00ba1 em Portugal\",\"description\":\"A melhor loja er\u00f3tica de Portugal.\",\"alternateName\":\"Loja Er\u00f3tica Lovme\",\"potentialAction\":[{\"@type\":\"SearchAction\",\"target\":{\"@type\":\"EntryPoint\",\"urlTemplate\":\"https:\\\/\\\/lovme.pt\\\/?s={search_term_string}\"},\"query-input\":{\"@type\":\"PropertyValueSpecification\",\"valueRequired\":true,\"valueName\":\"search_term_string\"}}],\"inLanguage\":\"pt-PT\"}]}<\/script>\n<!-- \/ Yoast SEO plugin. -->","yoast_head_json":{"title":"CUT4MEN - JOCKSTRAP MIAMI S - Lovme","robots":{"index":"index","follow":"follow","max-snippet":"max-snippet:-1","max-image-preview":"max-image-preview:large","max-video-preview":"max-video-preview:-1"},"canonical":"https:\/\/lovme.pt\/index.php\/produto\/cut4men-jockstrap-miami-xl\/","og_locale":"pt_PT","og_type":"article","og_title":"CUT4MEN - JOCKSTRAP MIAMI S - Lovme","og_description":"CUT4MEN - JOCKSTRAP MIAMI XL","og_url":"https:\/\/lovme.pt\/index.php\/produto\/cut4men-jockstrap-miami-xl\/","og_site_name":"Lovme","article_modified_time":"2026-02-03T18:05:49+00:00","og_image":[{"width":800,"height":800,"url":"https:\/\/erki24nd3ub.exactdn.com\/wp-content\/uploads\/dream\/img\/img_128768_240934b024359072e6ec447cce805276_1.jpg?strip=all","type":"image\/jpeg"}],"twitter_card":"summary_large_image","twitter_misc":{"Tempo estimado de leitura":"2 minutos"},"schema":{"@context":"https:\/\/schema.org","@graph":[{"@type":"WebPage","@id":"https:\/\/lovme.pt\/index.php\/produto\/cut4men-jockstrap-miami-xl\/","url":"https:\/\/lovme.pt\/index.php\/produto\/cut4men-jockstrap-miami-xl\/","name":"CUT4MEN - JOCKSTRAP MIAMI S - Lovme","isPartOf":{"@id":"https:\/\/lovme.pt\/#website"},"primaryImageOfPage":{"@id":"https:\/\/lovme.pt\/index.php\/produto\/cut4men-jockstrap-miami-xl\/#primaryimage"},"image":{"@id":"https:\/\/lovme.pt\/index.php\/produto\/cut4men-jockstrap-miami-xl\/#primaryimage"},"thumbnailUrl":"https:\/\/erki24nd3ub.exactdn.com\/wp-content\/uploads\/dream\/img\/img_128768_240934b024359072e6ec447cce805276_1.jpg?strip=all","datePublished":"2025-09-30T22:14:36+00:00","dateModified":"2026-02-03T18:05:49+00:00","breadcrumb":{"@id":"https:\/\/lovme.pt\/index.php\/produto\/cut4men-jockstrap-miami-xl\/#breadcrumb"},"inLanguage":"pt-PT","potentialAction":[{"@type":"ReadAction","target":["https:\/\/lovme.pt\/index.php\/produto\/cut4men-jockstrap-miami-xl\/"]}]},{"@type":"ImageObject","inLanguage":"pt-PT","@id":"https:\/\/lovme.pt\/index.php\/produto\/cut4men-jockstrap-miami-xl\/#primaryimage","url":"https:\/\/erki24nd3ub.exactdn.com\/wp-content\/uploads\/dream\/img\/img_128768_240934b024359072e6ec447cce805276_1.jpg?strip=all","contentUrl":"https:\/\/erki24nd3ub.exactdn.com\/wp-content\/uploads\/dream\/img\/img_128768_240934b024359072e6ec447cce805276_1.jpg?strip=all","width":800,"height":800},{"@type":"BreadcrumbList","@id":"https:\/\/lovme.pt\/index.php\/produto\/cut4men-jockstrap-miami-xl\/#breadcrumb","itemListElement":[{"@type":"ListItem","position":1,"name":"In\u00edcio","item":"https:\/\/lovme.pt\/"},{"@type":"ListItem","position":2,"name":"Loja","item":"https:\/\/lovme.pt\/index.php\/loja\/"},{"@type":"ListItem","position":3,"name":"CUT4MEN &#8211; JOCKSTRAP MIAMI S"}]},{"@type":"WebSite","@id":"https:\/\/lovme.pt\/#website","url":"https:\/\/lovme.pt\/","name":"Lovme Loja Er\u00f3tica N\u00ba1 em Portugal","description":"A melhor loja er\u00f3tica de Portugal.","alternateName":"Loja Er\u00f3tica Lovme","potentialAction":[{"@type":"SearchAction","target":{"@type":"EntryPoint","urlTemplate":"https:\/\/lovme.pt\/?s={search_term_string}"},"query-input":{"@type":"PropertyValueSpecification","valueRequired":true,"valueName":"search_term_string"}}],"inLanguage":"pt-PT"}]}},"_links":{"self":[{"href":"https:\/\/lovme.pt\/index.php\/wp-json\/wp\/v2\/product\/40269","targetHints":{"allow":["GET"]}}],"collection":[{"href":"https:\/\/lovme.pt\/index.php\/wp-json\/wp\/v2\/product"}],"about":[{"href":"https:\/\/lovme.pt\/index.php\/wp-json\/wp\/v2\/types\/product"}],"wp:featuredmedia":[{"embeddable":true,"href":"https:\/\/lovme.pt\/index.php\/wp-json\/wp\/v2\/media\/75729"}],"wp:attachment":[{"href":"https:\/\/lovme.pt\/index.php\/wp-json\/wp\/v2\/media?parent=40269"}],"wp:term":[{"taxonomy":"product_brand","embeddable":true,"href":"https:\/\/lovme.pt\/index.php\/wp-json\/wp\/v2\/product_brand?post=40269"},{"taxonomy":"product_cat","embeddable":true,"href":"https:\/\/lovme.pt\/index.php\/wp-json\/wp\/v2\/product_cat?post=40269"},{"taxonomy":"product_tag","embeddable":true,"href":"https:\/\/lovme.pt\/index.php\/wp-json\/wp\/v2\/product_tag?post=40269"}],"curies":[{"name":"wp","href":"https:\/\/api.w.org\/{rel}","templated":true}]}}