{"id":40175,"date":"2025-09-30T22:12:22","date_gmt":"2025-09-30T22:12:22","guid":{"rendered":"https:\/\/lovme.pt\/?post_type=product&#038;p=40175"},"modified":"2026-02-19T20:23:19","modified_gmt":"2026-02-19T20:23:19","slug":"cut4men-breve-low-rise-aztec-l","status":"publish","type":"product","link":"https:\/\/lovme.pt\/index.php\/produto\/cut4men-breve-low-rise-aztec-l\/","title":{"rendered":"CUT4MEN &#8211; CALZONCILLO CORTE BAJO RAINBOW S"},"content":{"rendered":"<p>O Biqu\u00edni Slip Cut4men permite um ajuste confort\u00e1vel no quadril feito de um tecido leve e confort\u00e1vel composto por 93% Poli\u00e9ster e 7% Elastano.<\/p>\n<p>Feito com costuras macias para evitar atrito com a pele. Esta vestimenta fornece um balde total e oferece excelente suporte frontal, projetado ergonomicamente para fornecer o espa\u00e7o e o suporte certos que a anatomia masculina exige.<\/p>\n<p>Dispon\u00edvel em uma ampla gama de cores sensuais e elegantes, o biqu\u00edni curto Cut4men \u00e9 uma excelente escolha para quem prefere uma pe\u00e7a mais fresca e leve, que traga conforto e seguran\u00e7a em suas atividades di\u00e1rias.<\/p>\n<ul>\n<li>AJUSTE PERFEITO N\u00e3o importa a forma do seu corpo, adapta-se ao seu corpo como uma segunda pele<\/li>\n<li>SOFT SEAMS Voc\u00ea se sente confort\u00e1vel em cada detalhe<\/li>\n<li>LOW RISE Adapta-se perfeitamente aos quadris, logo abaixo da linha do jeans<\/li>\n<li>CORES E PADR\u00d5ES OUVIDOS Expresse sua personalidade e ouse se mostrar<\/li>\n<li>Composi\u00e7\u00e3o: 93% Poli\u00e9ster e 7% Elastano<\/li>\n<\/ul>\n<p>Com tramas confort\u00e1veis e est\u00e9tica elegante, cada pe\u00e7a \u00e9 constru\u00edda com conforto e estilo em mente. Na CUT4MEN, a nossa aposta \u00e9 conhecer os nossos clientes, oferecendo-lhes as pe\u00e7as-chave para real\u00e7ar a sua personalidade e real\u00e7ar a sua atitude, convidando-os a criar um estilo \u00fanico, original e atualizado que se enquadre nas \u00faltimas tend\u00eancias do mundo da moda.<\/p>\n<p>Cut4Men \u00e9 a mais nova adi\u00e7\u00e3o dos criadores de Joe Snyder, uma empresa dedicada \u00e0 produ\u00e7\u00e3o e venda de roupa interior e roupa casual para homem, com mais de 40 anos de experi\u00eancia no mercado nacional e internacional.<\/p>\n<p style=\"text-align: center;\"><img decoding=\"async\" alt=\"\" src=\"https:\/\/interno.dreamlove.es\/UserFiles\/images\/sze%20chart%20cut4men.jpg\" style=\"text-align: center; width: 802px; height: 399px;\" \/><\/p>\n","protected":false},"excerpt":{"rendered":"<p>CUT4MEN &#8211; BREVE LOW RISE AZTEC L<\/p>\n","protected":false},"featured_media":75110,"template":"","meta":{"_acf_changed":false},"product_brand":[],"product_cat":[47,67,115],"product_tag":[],"class_list":{"0":"post-40175","1":"product","2":"type-product","3":"status-publish","4":"has-post-thumbnail","6":"product_cat-lingerie","7":"product_cat-lingerie-masculina","8":"product_cat-ofertas","9":"yith_product_brand-cut4men","10":"yith_product_brand-cut4mencut4men-brief-bikini","12":"first","13":"instock","14":"taxable","15":"shipping-taxable","16":"purchasable","17":"product-type-variable","18":"has-default-attributes"},"acf":[],"yoast_head":"<!-- This site is optimized with the Yoast SEO plugin v27.4 - https:\/\/yoast.com\/product\/yoast-seo-wordpress\/ -->\n<title>CUT4MEN - CALZONCILLO CORTE BAJO RAINBOW S - Lovme<\/title>\n<meta name=\"robots\" content=\"index, follow, max-snippet:-1, max-image-preview:large, max-video-preview:-1\" \/>\n<link rel=\"canonical\" href=\"https:\/\/lovme.pt\/index.php\/produto\/cut4men-breve-low-rise-aztec-l\/\" \/>\n<meta property=\"og:locale\" content=\"pt_PT\" \/>\n<meta property=\"og:type\" content=\"article\" \/>\n<meta property=\"og:title\" content=\"CUT4MEN - CALZONCILLO CORTE BAJO RAINBOW S - Lovme\" \/>\n<meta property=\"og:description\" content=\"CUT4MEN - BREVE LOW RISE AZTEC L\" \/>\n<meta property=\"og:url\" content=\"https:\/\/lovme.pt\/index.php\/produto\/cut4men-breve-low-rise-aztec-l\/\" \/>\n<meta property=\"og:site_name\" content=\"Lovme\" \/>\n<meta property=\"article:modified_time\" content=\"2026-02-19T20:23:19+00:00\" \/>\n<meta property=\"og:image\" content=\"https:\/\/erki24nd3ub.exactdn.com\/wp-content\/uploads\/dream\/img\/img_127860_d5164e7e7b2cd3a4c106d669d593b955_1.jpg?strip=all\" \/>\n\t<meta property=\"og:image:width\" content=\"800\" \/>\n\t<meta property=\"og:image:height\" content=\"800\" \/>\n\t<meta property=\"og:image:type\" content=\"image\/jpeg\" \/>\n<meta name=\"twitter:card\" content=\"summary_large_image\" \/>\n<meta name=\"twitter:label1\" content=\"Tempo estimado de leitura\" \/>\n\t<meta name=\"twitter:data1\" content=\"1 minuto\" \/>\n<script type=\"application\/ld+json\" class=\"yoast-schema-graph\">{\"@context\":\"https:\\\/\\\/schema.org\",\"@graph\":[{\"@type\":\"WebPage\",\"@id\":\"https:\\\/\\\/lovme.pt\\\/index.php\\\/produto\\\/cut4men-breve-low-rise-aztec-l\\\/\",\"url\":\"https:\\\/\\\/lovme.pt\\\/index.php\\\/produto\\\/cut4men-breve-low-rise-aztec-l\\\/\",\"name\":\"CUT4MEN - CALZONCILLO CORTE BAJO RAINBOW S - Lovme\",\"isPartOf\":{\"@id\":\"https:\\\/\\\/lovme.pt\\\/#website\"},\"primaryImageOfPage\":{\"@id\":\"https:\\\/\\\/lovme.pt\\\/index.php\\\/produto\\\/cut4men-breve-low-rise-aztec-l\\\/#primaryimage\"},\"image\":{\"@id\":\"https:\\\/\\\/lovme.pt\\\/index.php\\\/produto\\\/cut4men-breve-low-rise-aztec-l\\\/#primaryimage\"},\"thumbnailUrl\":\"https:\\\/\\\/erki24nd3ub.exactdn.com\\\/wp-content\\\/uploads\\\/dream\\\/img\\\/img_127860_d5164e7e7b2cd3a4c106d669d593b955_1.jpg?strip=all\",\"datePublished\":\"2025-09-30T22:12:22+00:00\",\"dateModified\":\"2026-02-19T20:23:19+00:00\",\"breadcrumb\":{\"@id\":\"https:\\\/\\\/lovme.pt\\\/index.php\\\/produto\\\/cut4men-breve-low-rise-aztec-l\\\/#breadcrumb\"},\"inLanguage\":\"pt-PT\",\"potentialAction\":[{\"@type\":\"ReadAction\",\"target\":[\"https:\\\/\\\/lovme.pt\\\/index.php\\\/produto\\\/cut4men-breve-low-rise-aztec-l\\\/\"]}]},{\"@type\":\"ImageObject\",\"inLanguage\":\"pt-PT\",\"@id\":\"https:\\\/\\\/lovme.pt\\\/index.php\\\/produto\\\/cut4men-breve-low-rise-aztec-l\\\/#primaryimage\",\"url\":\"https:\\\/\\\/erki24nd3ub.exactdn.com\\\/wp-content\\\/uploads\\\/dream\\\/img\\\/img_127860_d5164e7e7b2cd3a4c106d669d593b955_1.jpg?strip=all\",\"contentUrl\":\"https:\\\/\\\/erki24nd3ub.exactdn.com\\\/wp-content\\\/uploads\\\/dream\\\/img\\\/img_127860_d5164e7e7b2cd3a4c106d669d593b955_1.jpg?strip=all\",\"width\":800,\"height\":800},{\"@type\":\"BreadcrumbList\",\"@id\":\"https:\\\/\\\/lovme.pt\\\/index.php\\\/produto\\\/cut4men-breve-low-rise-aztec-l\\\/#breadcrumb\",\"itemListElement\":[{\"@type\":\"ListItem\",\"position\":1,\"name\":\"In\u00edcio\",\"item\":\"https:\\\/\\\/lovme.pt\\\/\"},{\"@type\":\"ListItem\",\"position\":2,\"name\":\"Loja\",\"item\":\"https:\\\/\\\/lovme.pt\\\/index.php\\\/loja\\\/\"},{\"@type\":\"ListItem\",\"position\":3,\"name\":\"CUT4MEN &#8211; CALZONCILLO CORTE BAJO RAINBOW S\"}]},{\"@type\":\"WebSite\",\"@id\":\"https:\\\/\\\/lovme.pt\\\/#website\",\"url\":\"https:\\\/\\\/lovme.pt\\\/\",\"name\":\"Lovme Loja Er\u00f3tica N\u00ba1 em Portugal\",\"description\":\"A melhor loja er\u00f3tica de Portugal.\",\"alternateName\":\"Loja Er\u00f3tica Lovme\",\"potentialAction\":[{\"@type\":\"SearchAction\",\"target\":{\"@type\":\"EntryPoint\",\"urlTemplate\":\"https:\\\/\\\/lovme.pt\\\/?s={search_term_string}\"},\"query-input\":{\"@type\":\"PropertyValueSpecification\",\"valueRequired\":true,\"valueName\":\"search_term_string\"}}],\"inLanguage\":\"pt-PT\"}]}<\/script>\n<!-- \/ Yoast SEO plugin. -->","yoast_head_json":{"title":"CUT4MEN - CALZONCILLO CORTE BAJO RAINBOW S - Lovme","robots":{"index":"index","follow":"follow","max-snippet":"max-snippet:-1","max-image-preview":"max-image-preview:large","max-video-preview":"max-video-preview:-1"},"canonical":"https:\/\/lovme.pt\/index.php\/produto\/cut4men-breve-low-rise-aztec-l\/","og_locale":"pt_PT","og_type":"article","og_title":"CUT4MEN - CALZONCILLO CORTE BAJO RAINBOW S - Lovme","og_description":"CUT4MEN - BREVE LOW RISE AZTEC L","og_url":"https:\/\/lovme.pt\/index.php\/produto\/cut4men-breve-low-rise-aztec-l\/","og_site_name":"Lovme","article_modified_time":"2026-02-19T20:23:19+00:00","og_image":[{"width":800,"height":800,"url":"https:\/\/erki24nd3ub.exactdn.com\/wp-content\/uploads\/dream\/img\/img_127860_d5164e7e7b2cd3a4c106d669d593b955_1.jpg?strip=all","type":"image\/jpeg"}],"twitter_card":"summary_large_image","twitter_misc":{"Tempo estimado de leitura":"1 minuto"},"schema":{"@context":"https:\/\/schema.org","@graph":[{"@type":"WebPage","@id":"https:\/\/lovme.pt\/index.php\/produto\/cut4men-breve-low-rise-aztec-l\/","url":"https:\/\/lovme.pt\/index.php\/produto\/cut4men-breve-low-rise-aztec-l\/","name":"CUT4MEN - CALZONCILLO CORTE BAJO RAINBOW S - Lovme","isPartOf":{"@id":"https:\/\/lovme.pt\/#website"},"primaryImageOfPage":{"@id":"https:\/\/lovme.pt\/index.php\/produto\/cut4men-breve-low-rise-aztec-l\/#primaryimage"},"image":{"@id":"https:\/\/lovme.pt\/index.php\/produto\/cut4men-breve-low-rise-aztec-l\/#primaryimage"},"thumbnailUrl":"https:\/\/erki24nd3ub.exactdn.com\/wp-content\/uploads\/dream\/img\/img_127860_d5164e7e7b2cd3a4c106d669d593b955_1.jpg?strip=all","datePublished":"2025-09-30T22:12:22+00:00","dateModified":"2026-02-19T20:23:19+00:00","breadcrumb":{"@id":"https:\/\/lovme.pt\/index.php\/produto\/cut4men-breve-low-rise-aztec-l\/#breadcrumb"},"inLanguage":"pt-PT","potentialAction":[{"@type":"ReadAction","target":["https:\/\/lovme.pt\/index.php\/produto\/cut4men-breve-low-rise-aztec-l\/"]}]},{"@type":"ImageObject","inLanguage":"pt-PT","@id":"https:\/\/lovme.pt\/index.php\/produto\/cut4men-breve-low-rise-aztec-l\/#primaryimage","url":"https:\/\/erki24nd3ub.exactdn.com\/wp-content\/uploads\/dream\/img\/img_127860_d5164e7e7b2cd3a4c106d669d593b955_1.jpg?strip=all","contentUrl":"https:\/\/erki24nd3ub.exactdn.com\/wp-content\/uploads\/dream\/img\/img_127860_d5164e7e7b2cd3a4c106d669d593b955_1.jpg?strip=all","width":800,"height":800},{"@type":"BreadcrumbList","@id":"https:\/\/lovme.pt\/index.php\/produto\/cut4men-breve-low-rise-aztec-l\/#breadcrumb","itemListElement":[{"@type":"ListItem","position":1,"name":"In\u00edcio","item":"https:\/\/lovme.pt\/"},{"@type":"ListItem","position":2,"name":"Loja","item":"https:\/\/lovme.pt\/index.php\/loja\/"},{"@type":"ListItem","position":3,"name":"CUT4MEN &#8211; CALZONCILLO CORTE BAJO RAINBOW S"}]},{"@type":"WebSite","@id":"https:\/\/lovme.pt\/#website","url":"https:\/\/lovme.pt\/","name":"Lovme Loja Er\u00f3tica N\u00ba1 em Portugal","description":"A melhor loja er\u00f3tica de Portugal.","alternateName":"Loja Er\u00f3tica Lovme","potentialAction":[{"@type":"SearchAction","target":{"@type":"EntryPoint","urlTemplate":"https:\/\/lovme.pt\/?s={search_term_string}"},"query-input":{"@type":"PropertyValueSpecification","valueRequired":true,"valueName":"search_term_string"}}],"inLanguage":"pt-PT"}]}},"_links":{"self":[{"href":"https:\/\/lovme.pt\/index.php\/wp-json\/wp\/v2\/product\/40175","targetHints":{"allow":["GET"]}}],"collection":[{"href":"https:\/\/lovme.pt\/index.php\/wp-json\/wp\/v2\/product"}],"about":[{"href":"https:\/\/lovme.pt\/index.php\/wp-json\/wp\/v2\/types\/product"}],"wp:featuredmedia":[{"embeddable":true,"href":"https:\/\/lovme.pt\/index.php\/wp-json\/wp\/v2\/media\/75110"}],"wp:attachment":[{"href":"https:\/\/lovme.pt\/index.php\/wp-json\/wp\/v2\/media?parent=40175"}],"wp:term":[{"taxonomy":"product_brand","embeddable":true,"href":"https:\/\/lovme.pt\/index.php\/wp-json\/wp\/v2\/product_brand?post=40175"},{"taxonomy":"product_cat","embeddable":true,"href":"https:\/\/lovme.pt\/index.php\/wp-json\/wp\/v2\/product_cat?post=40175"},{"taxonomy":"product_tag","embeddable":true,"href":"https:\/\/lovme.pt\/index.php\/wp-json\/wp\/v2\/product_tag?post=40175"}],"curies":[{"name":"wp","href":"https:\/\/api.w.org\/{rel}","templated":true}]}}