{"id":40092,"date":"2025-10-01T02:35:21","date_gmt":"2025-10-01T02:35:21","guid":{"rendered":"https:\/\/lovme.pt\/?post_type=product&#038;p=40092"},"modified":"2026-02-19T20:23:29","modified_gmt":"2026-02-19T20:23:29","slug":"satisfyer-twirling-pro-estimulador-de-pulso-de-ar-e-aplicativo-vibrador-vermelho","status":"publish","type":"product","link":"https:\/\/lovme.pt\/index.php\/produto\/satisfyer-twirling-pro-estimulador-de-pulso-de-ar-e-aplicativo-vibrador-vermelho\/","title":{"rendered":"SATISFYER &#8211; TWIRLING PRO+ ESTIMULADOR Y VIBRADOR APP VERDE"},"content":{"rendered":"<p>Voc\u00ea est\u00e1 procurando um verdadeiro off-roader? Ent\u00e3o voc\u00ea deve conhecer o aplicativo Twirling Pro Connect: O vibrador de ondas de press\u00e3o controlado por aplicativo com ponta de estimula\u00e7\u00e3o pode ser usado em ambos os lados e impressiona com 2 fun\u00e7\u00f5es control\u00e1veis separadamente!<\/p>\n<p><strong>Informa\u00e7\u00f5es sobre o produto &#8220;Satisfyer Twirling Pro+&#8221;<\/strong><\/p>\n<ul>\n<li>Estimula\u00e7\u00e3o clitoriana atrav\u00e9s de ondas de press\u00e3o e estimula\u00e7\u00e3o er\u00f3gena atrav\u00e9s de vibra\u00e7\u00f5es<\/li>\n<li>Compat\u00edvel com o aplicativo gratuito Satisfyer &#8211; dispon\u00edvel para iOS e Android<\/li>\n<li>Feito de silicone de grau m\u00e9dico supermacio e adequado para a pele, suave ao toque e extremamente higi\u00eanico<\/li>\n<li>Gra\u00e7as ao seu exterior \u00e0 prova d\u00e1gua (IPX7), este dispositivo de bem-estar sexual pode ser usado com seguran\u00e7a na \u00e1gua e \u00e9 f\u00e1cil de limpar<\/li>\n<li>Garantia de 15 anos<\/li>\n<li>2 motores control\u00e1veis separadamente<\/li>\n<li>11 intensidades de onda de pulso de ar + 12 programas de vibra\u00e7\u00e3o<\/li>\n<li>Tamb\u00e9m pode ser usado sem o aplicativo<\/li>\n<li>Programas predefinidos podem ser editados<\/li>\n<li>App oferece uma gama infinita de programas<\/li>\n<li>Silicone amigo do corpo<\/li>\n<li>\u00c0 prova d\u00e1gua (IPX7)<\/li>\n<li>Modo sussurro<\/li>\n<li>Bateria de \u00edon de l\u00edtio<\/li>\n<li>Cabo de carregamento magn\u00e9tico USB inclu\u00eddo<\/li>\n<li>F\u00e1cil de limpar<\/li>\n<\/ul>\n<p><strong>Prazer infinito com o Satisfyer Twirling Pro+<\/strong><\/p>\n<p>A parte superior do brinquedo atua como um vibrador de ondas de press\u00e3o e mima o seu clit\u00f3ris com ondas de press\u00e3o sensuais em 11 intensidades predefinidas. A ponta oval na extremidade inferior da haste estreita \u00e9 ideal para estimula\u00e7\u00e3o direcionada de todo o corpo: use a ponta de estimula\u00e7\u00e3o circulante para estimular todas as zonas er\u00f3genas, como as esferas de prazer, os mamilos ou o \u00e2nus. Voc\u00ea tem 12 programas de vibra\u00e7\u00e3o dispon\u00edveis, que v\u00e3o do suave ao intenso.<\/p>\n<p>O formato reto da haste se adapta bem \u00e0 m\u00e3o durante o uso. O silicone sedoso e amigo da pele do vibrador \u00e9 particularmente flex\u00edvel e desliza suavemente sobre o corpo. Gra\u00e7as ao seu acabamento \u00e0 prova d\u00e1gua (IPX7), o aplicativo Twirling Pro Connect tamb\u00e9m \u00e9 um companheiro feliz no chuveiro ou na banheira. Deixe-se mimar por todos os lados por este amante.<\/p>\n<p>Tem ainda mais: o vers\u00e1til vibrador \u00e9 compat\u00edvel com o premiado aplicativo Satisfyer Connect e, portanto, est\u00e1 dispon\u00edvel para momentos ainda mais pessoais. Crie seus pr\u00f3prios padr\u00f5es de vibra\u00e7\u00e3o ou deixe-os dan\u00e7ar em seu corpo ao som da m\u00fasica atrav\u00e9s do Spotify. Para momentos ainda mais emocionantes, voc\u00ea pode simplesmente deixar o controle do brinquedo para seu parceiro atrav\u00e9s do aplicativo. Prepare-se para momentos tempestuosos com este off-roader!<\/p>\n","protected":false},"excerpt":{"rendered":"<p>SATISFYER &#8211; TWIRLING PRO+ ESTIMULADOR DE PULSO DE AR E APLICATIVO VIBRADOR VERMELHO<\/p>\n","protected":false},"featured_media":97872,"template":"","meta":{"_acf_changed":false},"product_brand":[],"product_cat":[17,115,61,64,76],"product_tag":[],"class_list":{"0":"post-40092","1":"product","2":"type-product","3":"status-publish","4":"has-post-thumbnail","6":"product_cat-brinquedos-de-bem-estar-sexual","7":"product_cat-ofertas","8":"product_cat-para-elas","9":"product_cat-sugadores","10":"product_cat-vibradores","11":"yith_product_brand-satisfyer","12":"yith_product_brand-satisfyer-satisfyer-connect","14":"first","15":"instock","16":"taxable","17":"shipping-taxable","18":"purchasable","19":"product-type-variable","20":"has-default-attributes"},"acf":[],"yoast_head":"<!-- This site is optimized with the Yoast SEO plugin v27.4 - https:\/\/yoast.com\/product\/yoast-seo-wordpress\/ -->\n<title>SATISFYER - TWIRLING PRO+ ESTIMULADOR Y VIBRADOR APP VERDE - Lovme<\/title>\n<meta name=\"robots\" content=\"index, follow, max-snippet:-1, max-image-preview:large, max-video-preview:-1\" \/>\n<link rel=\"canonical\" href=\"https:\/\/lovme.pt\/index.php\/produto\/satisfyer-twirling-pro-estimulador-de-pulso-de-ar-e-aplicativo-vibrador-vermelho\/\" \/>\n<meta property=\"og:locale\" content=\"pt_PT\" \/>\n<meta property=\"og:type\" content=\"article\" \/>\n<meta property=\"og:title\" content=\"SATISFYER - TWIRLING PRO+ ESTIMULADOR Y VIBRADOR APP VERDE - Lovme\" \/>\n<meta property=\"og:description\" content=\"SATISFYER - TWIRLING PRO+ ESTIMULADOR DE PULSO DE AR E APLICATIVO VIBRADOR VERMELHO\" \/>\n<meta property=\"og:url\" content=\"https:\/\/lovme.pt\/index.php\/produto\/satisfyer-twirling-pro-estimulador-de-pulso-de-ar-e-aplicativo-vibrador-vermelho\/\" \/>\n<meta property=\"og:site_name\" content=\"Lovme\" \/>\n<meta property=\"article:modified_time\" content=\"2026-02-19T20:23:29+00:00\" \/>\n<meta property=\"og:image\" content=\"https:\/\/erki24nd3ub.exactdn.com\/wp-content\/uploads\/dream\/img\/img_127347_72b23c03da5208f06d3e78b93d217a74_1.jpg?strip=all\" \/>\n\t<meta property=\"og:image:width\" content=\"800\" \/>\n\t<meta property=\"og:image:height\" content=\"800\" \/>\n\t<meta property=\"og:image:type\" content=\"image\/jpeg\" \/>\n<meta name=\"twitter:card\" content=\"summary_large_image\" \/>\n<meta name=\"twitter:label1\" content=\"Tempo estimado de leitura\" \/>\n\t<meta name=\"twitter:data1\" content=\"2 minutos\" \/>\n<script type=\"application\/ld+json\" class=\"yoast-schema-graph\">{\"@context\":\"https:\\\/\\\/schema.org\",\"@graph\":[{\"@type\":\"WebPage\",\"@id\":\"https:\\\/\\\/lovme.pt\\\/index.php\\\/produto\\\/satisfyer-twirling-pro-estimulador-de-pulso-de-ar-e-aplicativo-vibrador-vermelho\\\/\",\"url\":\"https:\\\/\\\/lovme.pt\\\/index.php\\\/produto\\\/satisfyer-twirling-pro-estimulador-de-pulso-de-ar-e-aplicativo-vibrador-vermelho\\\/\",\"name\":\"SATISFYER - TWIRLING PRO+ ESTIMULADOR Y VIBRADOR APP VERDE - Lovme\",\"isPartOf\":{\"@id\":\"https:\\\/\\\/lovme.pt\\\/#website\"},\"primaryImageOfPage\":{\"@id\":\"https:\\\/\\\/lovme.pt\\\/index.php\\\/produto\\\/satisfyer-twirling-pro-estimulador-de-pulso-de-ar-e-aplicativo-vibrador-vermelho\\\/#primaryimage\"},\"image\":{\"@id\":\"https:\\\/\\\/lovme.pt\\\/index.php\\\/produto\\\/satisfyer-twirling-pro-estimulador-de-pulso-de-ar-e-aplicativo-vibrador-vermelho\\\/#primaryimage\"},\"thumbnailUrl\":\"https:\\\/\\\/erki24nd3ub.exactdn.com\\\/wp-content\\\/uploads\\\/dream\\\/img\\\/img_127347_72b23c03da5208f06d3e78b93d217a74_1.jpg?strip=all\",\"datePublished\":\"2025-10-01T02:35:21+00:00\",\"dateModified\":\"2026-02-19T20:23:29+00:00\",\"breadcrumb\":{\"@id\":\"https:\\\/\\\/lovme.pt\\\/index.php\\\/produto\\\/satisfyer-twirling-pro-estimulador-de-pulso-de-ar-e-aplicativo-vibrador-vermelho\\\/#breadcrumb\"},\"inLanguage\":\"pt-PT\",\"potentialAction\":[{\"@type\":\"ReadAction\",\"target\":[\"https:\\\/\\\/lovme.pt\\\/index.php\\\/produto\\\/satisfyer-twirling-pro-estimulador-de-pulso-de-ar-e-aplicativo-vibrador-vermelho\\\/\"]}]},{\"@type\":\"ImageObject\",\"inLanguage\":\"pt-PT\",\"@id\":\"https:\\\/\\\/lovme.pt\\\/index.php\\\/produto\\\/satisfyer-twirling-pro-estimulador-de-pulso-de-ar-e-aplicativo-vibrador-vermelho\\\/#primaryimage\",\"url\":\"https:\\\/\\\/erki24nd3ub.exactdn.com\\\/wp-content\\\/uploads\\\/dream\\\/img\\\/img_127347_72b23c03da5208f06d3e78b93d217a74_1.jpg?strip=all\",\"contentUrl\":\"https:\\\/\\\/erki24nd3ub.exactdn.com\\\/wp-content\\\/uploads\\\/dream\\\/img\\\/img_127347_72b23c03da5208f06d3e78b93d217a74_1.jpg?strip=all\",\"width\":800,\"height\":800},{\"@type\":\"BreadcrumbList\",\"@id\":\"https:\\\/\\\/lovme.pt\\\/index.php\\\/produto\\\/satisfyer-twirling-pro-estimulador-de-pulso-de-ar-e-aplicativo-vibrador-vermelho\\\/#breadcrumb\",\"itemListElement\":[{\"@type\":\"ListItem\",\"position\":1,\"name\":\"In\u00edcio\",\"item\":\"https:\\\/\\\/lovme.pt\\\/\"},{\"@type\":\"ListItem\",\"position\":2,\"name\":\"Loja\",\"item\":\"https:\\\/\\\/lovme.pt\\\/index.php\\\/loja\\\/\"},{\"@type\":\"ListItem\",\"position\":3,\"name\":\"SATISFYER &#8211; TWIRLING PRO+ ESTIMULADOR Y VIBRADOR APP VERDE\"}]},{\"@type\":\"WebSite\",\"@id\":\"https:\\\/\\\/lovme.pt\\\/#website\",\"url\":\"https:\\\/\\\/lovme.pt\\\/\",\"name\":\"Lovme Loja Er\u00f3tica N\u00ba1 em Portugal\",\"description\":\"A melhor loja er\u00f3tica de Portugal.\",\"alternateName\":\"Loja Er\u00f3tica Lovme\",\"potentialAction\":[{\"@type\":\"SearchAction\",\"target\":{\"@type\":\"EntryPoint\",\"urlTemplate\":\"https:\\\/\\\/lovme.pt\\\/?s={search_term_string}\"},\"query-input\":{\"@type\":\"PropertyValueSpecification\",\"valueRequired\":true,\"valueName\":\"search_term_string\"}}],\"inLanguage\":\"pt-PT\"}]}<\/script>\n<!-- \/ Yoast SEO plugin. -->","yoast_head_json":{"title":"SATISFYER - TWIRLING PRO+ ESTIMULADOR Y VIBRADOR APP VERDE - Lovme","robots":{"index":"index","follow":"follow","max-snippet":"max-snippet:-1","max-image-preview":"max-image-preview:large","max-video-preview":"max-video-preview:-1"},"canonical":"https:\/\/lovme.pt\/index.php\/produto\/satisfyer-twirling-pro-estimulador-de-pulso-de-ar-e-aplicativo-vibrador-vermelho\/","og_locale":"pt_PT","og_type":"article","og_title":"SATISFYER - TWIRLING PRO+ ESTIMULADOR Y VIBRADOR APP VERDE - Lovme","og_description":"SATISFYER - TWIRLING PRO+ ESTIMULADOR DE PULSO DE AR E APLICATIVO VIBRADOR VERMELHO","og_url":"https:\/\/lovme.pt\/index.php\/produto\/satisfyer-twirling-pro-estimulador-de-pulso-de-ar-e-aplicativo-vibrador-vermelho\/","og_site_name":"Lovme","article_modified_time":"2026-02-19T20:23:29+00:00","og_image":[{"width":800,"height":800,"url":"https:\/\/erki24nd3ub.exactdn.com\/wp-content\/uploads\/dream\/img\/img_127347_72b23c03da5208f06d3e78b93d217a74_1.jpg?strip=all","type":"image\/jpeg"}],"twitter_card":"summary_large_image","twitter_misc":{"Tempo estimado de leitura":"2 minutos"},"schema":{"@context":"https:\/\/schema.org","@graph":[{"@type":"WebPage","@id":"https:\/\/lovme.pt\/index.php\/produto\/satisfyer-twirling-pro-estimulador-de-pulso-de-ar-e-aplicativo-vibrador-vermelho\/","url":"https:\/\/lovme.pt\/index.php\/produto\/satisfyer-twirling-pro-estimulador-de-pulso-de-ar-e-aplicativo-vibrador-vermelho\/","name":"SATISFYER - TWIRLING PRO+ ESTIMULADOR Y VIBRADOR APP VERDE - Lovme","isPartOf":{"@id":"https:\/\/lovme.pt\/#website"},"primaryImageOfPage":{"@id":"https:\/\/lovme.pt\/index.php\/produto\/satisfyer-twirling-pro-estimulador-de-pulso-de-ar-e-aplicativo-vibrador-vermelho\/#primaryimage"},"image":{"@id":"https:\/\/lovme.pt\/index.php\/produto\/satisfyer-twirling-pro-estimulador-de-pulso-de-ar-e-aplicativo-vibrador-vermelho\/#primaryimage"},"thumbnailUrl":"https:\/\/erki24nd3ub.exactdn.com\/wp-content\/uploads\/dream\/img\/img_127347_72b23c03da5208f06d3e78b93d217a74_1.jpg?strip=all","datePublished":"2025-10-01T02:35:21+00:00","dateModified":"2026-02-19T20:23:29+00:00","breadcrumb":{"@id":"https:\/\/lovme.pt\/index.php\/produto\/satisfyer-twirling-pro-estimulador-de-pulso-de-ar-e-aplicativo-vibrador-vermelho\/#breadcrumb"},"inLanguage":"pt-PT","potentialAction":[{"@type":"ReadAction","target":["https:\/\/lovme.pt\/index.php\/produto\/satisfyer-twirling-pro-estimulador-de-pulso-de-ar-e-aplicativo-vibrador-vermelho\/"]}]},{"@type":"ImageObject","inLanguage":"pt-PT","@id":"https:\/\/lovme.pt\/index.php\/produto\/satisfyer-twirling-pro-estimulador-de-pulso-de-ar-e-aplicativo-vibrador-vermelho\/#primaryimage","url":"https:\/\/erki24nd3ub.exactdn.com\/wp-content\/uploads\/dream\/img\/img_127347_72b23c03da5208f06d3e78b93d217a74_1.jpg?strip=all","contentUrl":"https:\/\/erki24nd3ub.exactdn.com\/wp-content\/uploads\/dream\/img\/img_127347_72b23c03da5208f06d3e78b93d217a74_1.jpg?strip=all","width":800,"height":800},{"@type":"BreadcrumbList","@id":"https:\/\/lovme.pt\/index.php\/produto\/satisfyer-twirling-pro-estimulador-de-pulso-de-ar-e-aplicativo-vibrador-vermelho\/#breadcrumb","itemListElement":[{"@type":"ListItem","position":1,"name":"In\u00edcio","item":"https:\/\/lovme.pt\/"},{"@type":"ListItem","position":2,"name":"Loja","item":"https:\/\/lovme.pt\/index.php\/loja\/"},{"@type":"ListItem","position":3,"name":"SATISFYER &#8211; TWIRLING PRO+ ESTIMULADOR Y VIBRADOR APP VERDE"}]},{"@type":"WebSite","@id":"https:\/\/lovme.pt\/#website","url":"https:\/\/lovme.pt\/","name":"Lovme Loja Er\u00f3tica N\u00ba1 em Portugal","description":"A melhor loja er\u00f3tica de Portugal.","alternateName":"Loja Er\u00f3tica Lovme","potentialAction":[{"@type":"SearchAction","target":{"@type":"EntryPoint","urlTemplate":"https:\/\/lovme.pt\/?s={search_term_string}"},"query-input":{"@type":"PropertyValueSpecification","valueRequired":true,"valueName":"search_term_string"}}],"inLanguage":"pt-PT"}]}},"_links":{"self":[{"href":"https:\/\/lovme.pt\/index.php\/wp-json\/wp\/v2\/product\/40092","targetHints":{"allow":["GET"]}}],"collection":[{"href":"https:\/\/lovme.pt\/index.php\/wp-json\/wp\/v2\/product"}],"about":[{"href":"https:\/\/lovme.pt\/index.php\/wp-json\/wp\/v2\/types\/product"}],"wp:featuredmedia":[{"embeddable":true,"href":"https:\/\/lovme.pt\/index.php\/wp-json\/wp\/v2\/media\/97872"}],"wp:attachment":[{"href":"https:\/\/lovme.pt\/index.php\/wp-json\/wp\/v2\/media?parent=40092"}],"wp:term":[{"taxonomy":"product_brand","embeddable":true,"href":"https:\/\/lovme.pt\/index.php\/wp-json\/wp\/v2\/product_brand?post=40092"},{"taxonomy":"product_cat","embeddable":true,"href":"https:\/\/lovme.pt\/index.php\/wp-json\/wp\/v2\/product_cat?post=40092"},{"taxonomy":"product_tag","embeddable":true,"href":"https:\/\/lovme.pt\/index.php\/wp-json\/wp\/v2\/product_tag?post=40092"}],"curies":[{"name":"wp","href":"https:\/\/api.w.org\/{rel}","templated":true}]}}