{"id":40059,"date":"2025-09-30T20:41:01","date_gmt":"2025-09-30T20:41:01","guid":{"rendered":"https:\/\/lovme.pt\/?post_type=product&#038;p=40059"},"modified":"2026-02-19T20:23:18","modified_gmt":"2026-02-19T20:23:18","slug":"satisfyer-vibrador-de-dedo-bold-lover-branco","status":"publish","type":"product","link":"https:\/\/lovme.pt\/index.php\/produto\/satisfyer-vibrador-de-dedo-bold-lover-branco\/","title":{"rendered":"SATISFYER &#8211; BOLD LOVER DEDAL VIBRADOR BLANCO"},"content":{"rendered":"<p>Vibrador de dedo ideal para iniciantes, o Satisfyer Bold Lover impressiona sobretudo pelo seu funcionamento intuitivo, pelas suas vibra\u00e7\u00f5es poderosas e pela sua versatilidade.<\/p>\n<p> <strong>Informa\u00e7\u00f5es sobre o produto &#8220;Satisfyer Bold Lover&#8221;<\/strong><\/p>\n<ul>\n<li> Vibrador de dedo vers\u00e1til<\/li>\n<li> Vibra\u00e7\u00e3o profunda super forte<\/li>\n<li> Silicone amigo do corpo<\/li>\n<li> Garantia de 15 anos<\/li>\n<li> Vibrador de dedo vers\u00e1til<\/li>\n<li> 12 programas de vibra\u00e7\u00e3o<\/li>\n<li> Silicone amigo do corpo<\/li>\n<li> \u00c0 prova d\u00e1gua (IPX7)<\/li>\n<li> Modo sussurro<\/li>\n<li> Bateria de \u00edon de l\u00edtio<\/li>\n<li> Cabo de carregamento magn\u00e9tico USB inclu\u00eddo<\/li>\n<li> F\u00e1cil de limpar<\/li>\n<\/ul>\n<p> <strong>Satisfyer Bold Lover: poderoso vibrador de dedo<\/strong><\/p>\n<p> Enrole o Satisfyer Bold Lover em seu dedo: basta deslizar o dedo pela al\u00e7a e estimular suas zonas er\u00f3genas com vibra\u00e7\u00f5es poderosas e profundas. Quer o utilize como vibrador clitoriano ou para outros pontos quentes como o p\u00e9nis, os mamilos ou o per\u00edneo  o Satisfyer Bold Lover brilha com as suas diversas op\u00e7\u00f5es de aplica\u00e7\u00e3o e opera\u00e7\u00e3o intuitiva. Gra\u00e7as \u00e0 sua pequena ponta, proporciona uma estimula\u00e7\u00e3o precisa e direcionada. Os 12 programas de vibra\u00e7\u00e3o do vibrador de dedo tamb\u00e9m oferecem variedade ao tocar sozinho ou em casal.<\/p>\n<p> <strong>Quais s\u00e3o algumas das outras grandes vantagens do Satisfyer Bold Lover?<\/strong><\/p>\n<p> O corpo do vibrador de dedo pequeno \u00e9 feito de silicone macio de grau m\u00e9dico e seu formato curvo abra\u00e7a perfeitamente sua m\u00e3o. Voc\u00ea tamb\u00e9m pode desfrutar de uma estimula\u00e7\u00e3o clitoriana inebriante debaixo d\u2019\u00e1gua com o Satisfyer Bold Lover: O vibrador de dedo \u00e9 \u00e0 prova d\u2019\u00e1gua (IPX7) para que voc\u00ea tamb\u00e9m possa dar prazer no chuveiro ou na banheira. Ap\u00f3s o uso, basta limp\u00e1-lo com \u00e1gua morna, um pouco de sab\u00e3o e um limpador de dispositivos de bem-estar sexual e usar o cabo de carregamento USB inclu\u00eddo para fornecer a energia necess\u00e1ria para sua pr\u00f3xima sess\u00e3o.<\/p>\n","protected":false},"excerpt":{"rendered":"<p>SATISFYER &#8211; VIBRADOR DE DEDO BOLD LOVER BRANCO<\/p>\n","protected":false},"featured_media":71445,"template":"","meta":{"_acf_changed":false},"product_brand":[],"product_cat":[17,61,76],"product_tag":[],"class_list":{"0":"post-40059","1":"product","2":"type-product","3":"status-publish","4":"has-post-thumbnail","6":"product_cat-brinquedos-de-bem-estar-sexual","7":"product_cat-para-elas","8":"product_cat-vibradores","9":"yith_product_brand-satisfyer","10":"yith_product_brand-satisfyer-satisfyer-vibrator","12":"first","13":"instock","14":"taxable","15":"shipping-taxable","16":"purchasable","17":"product-type-variable","18":"has-default-attributes"},"acf":[],"yoast_head":"<!-- This site is optimized with the Yoast SEO plugin v27.4 - https:\/\/yoast.com\/product\/yoast-seo-wordpress\/ -->\n<title>SATISFYER - BOLD LOVER DEDAL VIBRADOR BLANCO - Lovme<\/title>\n<meta name=\"robots\" content=\"index, follow, max-snippet:-1, max-image-preview:large, max-video-preview:-1\" \/>\n<link rel=\"canonical\" href=\"https:\/\/lovme.pt\/index.php\/produto\/satisfyer-vibrador-de-dedo-bold-lover-branco\/\" \/>\n<meta property=\"og:locale\" content=\"pt_PT\" \/>\n<meta property=\"og:type\" content=\"article\" \/>\n<meta property=\"og:title\" content=\"SATISFYER - BOLD LOVER DEDAL VIBRADOR BLANCO - Lovme\" \/>\n<meta property=\"og:description\" content=\"SATISFYER - VIBRADOR DE DEDO BOLD LOVER BRANCO\" \/>\n<meta property=\"og:url\" content=\"https:\/\/lovme.pt\/index.php\/produto\/satisfyer-vibrador-de-dedo-bold-lover-branco\/\" \/>\n<meta property=\"og:site_name\" content=\"Lovme\" \/>\n<meta property=\"article:modified_time\" content=\"2026-02-19T20:23:18+00:00\" \/>\n<meta property=\"og:image\" content=\"https:\/\/erki24nd3ub.exactdn.com\/wp-content\/uploads\/dream\/img\/img_127170_ad6d7fb49dad0ce737781c2ff8aa31d5_1.jpg?strip=all\" \/>\n\t<meta property=\"og:image:width\" content=\"800\" \/>\n\t<meta property=\"og:image:height\" content=\"800\" \/>\n\t<meta property=\"og:image:type\" content=\"image\/jpeg\" \/>\n<meta name=\"twitter:card\" content=\"summary_large_image\" \/>\n<meta name=\"twitter:label1\" content=\"Tempo estimado de leitura\" \/>\n\t<meta name=\"twitter:data1\" content=\"2 minutos\" \/>\n<script type=\"application\/ld+json\" class=\"yoast-schema-graph\">{\"@context\":\"https:\\\/\\\/schema.org\",\"@graph\":[{\"@type\":\"WebPage\",\"@id\":\"https:\\\/\\\/lovme.pt\\\/index.php\\\/produto\\\/satisfyer-vibrador-de-dedo-bold-lover-branco\\\/\",\"url\":\"https:\\\/\\\/lovme.pt\\\/index.php\\\/produto\\\/satisfyer-vibrador-de-dedo-bold-lover-branco\\\/\",\"name\":\"SATISFYER - BOLD LOVER DEDAL VIBRADOR BLANCO - Lovme\",\"isPartOf\":{\"@id\":\"https:\\\/\\\/lovme.pt\\\/#website\"},\"primaryImageOfPage\":{\"@id\":\"https:\\\/\\\/lovme.pt\\\/index.php\\\/produto\\\/satisfyer-vibrador-de-dedo-bold-lover-branco\\\/#primaryimage\"},\"image\":{\"@id\":\"https:\\\/\\\/lovme.pt\\\/index.php\\\/produto\\\/satisfyer-vibrador-de-dedo-bold-lover-branco\\\/#primaryimage\"},\"thumbnailUrl\":\"https:\\\/\\\/erki24nd3ub.exactdn.com\\\/wp-content\\\/uploads\\\/dream\\\/img\\\/img_127170_ad6d7fb49dad0ce737781c2ff8aa31d5_1.jpg?strip=all\",\"datePublished\":\"2025-09-30T20:41:01+00:00\",\"dateModified\":\"2026-02-19T20:23:18+00:00\",\"breadcrumb\":{\"@id\":\"https:\\\/\\\/lovme.pt\\\/index.php\\\/produto\\\/satisfyer-vibrador-de-dedo-bold-lover-branco\\\/#breadcrumb\"},\"inLanguage\":\"pt-PT\",\"potentialAction\":[{\"@type\":\"ReadAction\",\"target\":[\"https:\\\/\\\/lovme.pt\\\/index.php\\\/produto\\\/satisfyer-vibrador-de-dedo-bold-lover-branco\\\/\"]}]},{\"@type\":\"ImageObject\",\"inLanguage\":\"pt-PT\",\"@id\":\"https:\\\/\\\/lovme.pt\\\/index.php\\\/produto\\\/satisfyer-vibrador-de-dedo-bold-lover-branco\\\/#primaryimage\",\"url\":\"https:\\\/\\\/erki24nd3ub.exactdn.com\\\/wp-content\\\/uploads\\\/dream\\\/img\\\/img_127170_ad6d7fb49dad0ce737781c2ff8aa31d5_1.jpg?strip=all\",\"contentUrl\":\"https:\\\/\\\/erki24nd3ub.exactdn.com\\\/wp-content\\\/uploads\\\/dream\\\/img\\\/img_127170_ad6d7fb49dad0ce737781c2ff8aa31d5_1.jpg?strip=all\",\"width\":800,\"height\":800},{\"@type\":\"BreadcrumbList\",\"@id\":\"https:\\\/\\\/lovme.pt\\\/index.php\\\/produto\\\/satisfyer-vibrador-de-dedo-bold-lover-branco\\\/#breadcrumb\",\"itemListElement\":[{\"@type\":\"ListItem\",\"position\":1,\"name\":\"In\u00edcio\",\"item\":\"https:\\\/\\\/lovme.pt\\\/\"},{\"@type\":\"ListItem\",\"position\":2,\"name\":\"Loja\",\"item\":\"https:\\\/\\\/lovme.pt\\\/index.php\\\/loja\\\/\"},{\"@type\":\"ListItem\",\"position\":3,\"name\":\"SATISFYER &#8211; BOLD LOVER DEDAL VIBRADOR BLANCO\"}]},{\"@type\":\"WebSite\",\"@id\":\"https:\\\/\\\/lovme.pt\\\/#website\",\"url\":\"https:\\\/\\\/lovme.pt\\\/\",\"name\":\"Lovme Loja Er\u00f3tica N\u00ba1 em Portugal\",\"description\":\"A melhor loja er\u00f3tica de Portugal.\",\"alternateName\":\"Loja Er\u00f3tica Lovme\",\"potentialAction\":[{\"@type\":\"SearchAction\",\"target\":{\"@type\":\"EntryPoint\",\"urlTemplate\":\"https:\\\/\\\/lovme.pt\\\/?s={search_term_string}\"},\"query-input\":{\"@type\":\"PropertyValueSpecification\",\"valueRequired\":true,\"valueName\":\"search_term_string\"}}],\"inLanguage\":\"pt-PT\"}]}<\/script>\n<!-- \/ Yoast SEO plugin. -->","yoast_head_json":{"title":"SATISFYER - BOLD LOVER DEDAL VIBRADOR BLANCO - Lovme","robots":{"index":"index","follow":"follow","max-snippet":"max-snippet:-1","max-image-preview":"max-image-preview:large","max-video-preview":"max-video-preview:-1"},"canonical":"https:\/\/lovme.pt\/index.php\/produto\/satisfyer-vibrador-de-dedo-bold-lover-branco\/","og_locale":"pt_PT","og_type":"article","og_title":"SATISFYER - BOLD LOVER DEDAL VIBRADOR BLANCO - Lovme","og_description":"SATISFYER - VIBRADOR DE DEDO BOLD LOVER BRANCO","og_url":"https:\/\/lovme.pt\/index.php\/produto\/satisfyer-vibrador-de-dedo-bold-lover-branco\/","og_site_name":"Lovme","article_modified_time":"2026-02-19T20:23:18+00:00","og_image":[{"width":800,"height":800,"url":"https:\/\/erki24nd3ub.exactdn.com\/wp-content\/uploads\/dream\/img\/img_127170_ad6d7fb49dad0ce737781c2ff8aa31d5_1.jpg?strip=all","type":"image\/jpeg"}],"twitter_card":"summary_large_image","twitter_misc":{"Tempo estimado de leitura":"2 minutos"},"schema":{"@context":"https:\/\/schema.org","@graph":[{"@type":"WebPage","@id":"https:\/\/lovme.pt\/index.php\/produto\/satisfyer-vibrador-de-dedo-bold-lover-branco\/","url":"https:\/\/lovme.pt\/index.php\/produto\/satisfyer-vibrador-de-dedo-bold-lover-branco\/","name":"SATISFYER - BOLD LOVER DEDAL VIBRADOR BLANCO - Lovme","isPartOf":{"@id":"https:\/\/lovme.pt\/#website"},"primaryImageOfPage":{"@id":"https:\/\/lovme.pt\/index.php\/produto\/satisfyer-vibrador-de-dedo-bold-lover-branco\/#primaryimage"},"image":{"@id":"https:\/\/lovme.pt\/index.php\/produto\/satisfyer-vibrador-de-dedo-bold-lover-branco\/#primaryimage"},"thumbnailUrl":"https:\/\/erki24nd3ub.exactdn.com\/wp-content\/uploads\/dream\/img\/img_127170_ad6d7fb49dad0ce737781c2ff8aa31d5_1.jpg?strip=all","datePublished":"2025-09-30T20:41:01+00:00","dateModified":"2026-02-19T20:23:18+00:00","breadcrumb":{"@id":"https:\/\/lovme.pt\/index.php\/produto\/satisfyer-vibrador-de-dedo-bold-lover-branco\/#breadcrumb"},"inLanguage":"pt-PT","potentialAction":[{"@type":"ReadAction","target":["https:\/\/lovme.pt\/index.php\/produto\/satisfyer-vibrador-de-dedo-bold-lover-branco\/"]}]},{"@type":"ImageObject","inLanguage":"pt-PT","@id":"https:\/\/lovme.pt\/index.php\/produto\/satisfyer-vibrador-de-dedo-bold-lover-branco\/#primaryimage","url":"https:\/\/erki24nd3ub.exactdn.com\/wp-content\/uploads\/dream\/img\/img_127170_ad6d7fb49dad0ce737781c2ff8aa31d5_1.jpg?strip=all","contentUrl":"https:\/\/erki24nd3ub.exactdn.com\/wp-content\/uploads\/dream\/img\/img_127170_ad6d7fb49dad0ce737781c2ff8aa31d5_1.jpg?strip=all","width":800,"height":800},{"@type":"BreadcrumbList","@id":"https:\/\/lovme.pt\/index.php\/produto\/satisfyer-vibrador-de-dedo-bold-lover-branco\/#breadcrumb","itemListElement":[{"@type":"ListItem","position":1,"name":"In\u00edcio","item":"https:\/\/lovme.pt\/"},{"@type":"ListItem","position":2,"name":"Loja","item":"https:\/\/lovme.pt\/index.php\/loja\/"},{"@type":"ListItem","position":3,"name":"SATISFYER &#8211; BOLD LOVER DEDAL VIBRADOR BLANCO"}]},{"@type":"WebSite","@id":"https:\/\/lovme.pt\/#website","url":"https:\/\/lovme.pt\/","name":"Lovme Loja Er\u00f3tica N\u00ba1 em Portugal","description":"A melhor loja er\u00f3tica de Portugal.","alternateName":"Loja Er\u00f3tica Lovme","potentialAction":[{"@type":"SearchAction","target":{"@type":"EntryPoint","urlTemplate":"https:\/\/lovme.pt\/?s={search_term_string}"},"query-input":{"@type":"PropertyValueSpecification","valueRequired":true,"valueName":"search_term_string"}}],"inLanguage":"pt-PT"}]}},"_links":{"self":[{"href":"https:\/\/lovme.pt\/index.php\/wp-json\/wp\/v2\/product\/40059","targetHints":{"allow":["GET"]}}],"collection":[{"href":"https:\/\/lovme.pt\/index.php\/wp-json\/wp\/v2\/product"}],"about":[{"href":"https:\/\/lovme.pt\/index.php\/wp-json\/wp\/v2\/types\/product"}],"wp:featuredmedia":[{"embeddable":true,"href":"https:\/\/lovme.pt\/index.php\/wp-json\/wp\/v2\/media\/71445"}],"wp:attachment":[{"href":"https:\/\/lovme.pt\/index.php\/wp-json\/wp\/v2\/media?parent=40059"}],"wp:term":[{"taxonomy":"product_brand","embeddable":true,"href":"https:\/\/lovme.pt\/index.php\/wp-json\/wp\/v2\/product_brand?post=40059"},{"taxonomy":"product_cat","embeddable":true,"href":"https:\/\/lovme.pt\/index.php\/wp-json\/wp\/v2\/product_cat?post=40059"},{"taxonomy":"product_tag","embeddable":true,"href":"https:\/\/lovme.pt\/index.php\/wp-json\/wp\/v2\/product_tag?post=40059"}],"curies":[{"name":"wp","href":"https:\/\/api.w.org\/{rel}","templated":true}]}}