{"id":40057,"date":"2025-09-30T09:46:58","date_gmt":"2025-09-30T09:46:58","guid":{"rendered":"https:\/\/lovme.pt\/?post_type=product&#038;p=40057"},"modified":"2026-02-25T08:34:18","modified_gmt":"2026-02-25T08:34:18","slug":"bijoux-indiscrets-soro-orgsmico-para-clitoris","status":"publish","type":"product","link":"https:\/\/lovme.pt\/index.php\/produto\/bijoux-indiscrets-soro-orgsmico-para-clitoris\/","title":{"rendered":"BIJOUX &#8211; S\u00c9RUM ORG\u00c1SMICO INDISCRETS PARA CLIT\u00d3RIS"},"content":{"rendered":"<p>Precisamos nos reconectar com nossos corpos, e os genitais s\u00e3o a parte mais subestimada da nossa anatomia.<\/p>\n<p> Queremos dar destaque ao seu clit\u00f3ris e atrair toda a aten\u00e7\u00e3o para ele, mantendo o foco no prazer durante uma sess\u00e3o solo ou numa maratona sexual com o seu parceiro. A falta de sensibilidade pode ser uma realidade para pessoas com vulva, e este s\u00e9rum org\u00e1smico aumenta a sensibilidade para que o seu clit\u00f3ris sinta sensa\u00e7\u00f5es como nunca antes.<\/p>\n<p> A arginina \u00e9 respons\u00e1vel por sensibilizar a \u00e1rea, enquanto o ginseng aumenta a microcircula\u00e7\u00e3o, levando mais sangue ao clit\u00f3ris e aumentando a excita\u00e7\u00e3o. Para evitar distra\u00e7\u00f5es, adicionamos Thermolat, uma mol\u00e9cula patenteada respons\u00e1vel por um calor suave e superestimulante, com efeito de formigamento.<\/p>\n<p> Mais uma vez, confiamos na experi\u00eancia do nosso laborat\u00f3rio, fruto de uma rela\u00e7\u00e3o de confian\u00e7a de mais de 13 anos, para desenvolver a melhor f\u00f3rmula com os melhores ingredientes. Uma \u00fanica gota deste s\u00e9rum \u00e9 suficiente para cada sess\u00e3o, ou seja, 13 ml. Com o s\u00e9rum org\u00e1smico para o clit\u00f3ris, voc\u00ea pode desfrutar de at\u00e9 tr\u00eas meses de prazer.<\/p>\n<ul>\n<li> LUBRIFICA\u00c7\u00c3O NATURAL PODEROSA<\/li>\n<li> EM HARMONIA COM SEU PH<\/li>\n<li> F\u00d3RMULA DE R\u00c1PIDA ABSOR\u00c7\u00c3O<\/li>\n<li> 95% de ingredientes naturais<\/li>\n<li> MOL\u00c9CULA DE EFEITO T\u00c9RMICO PATENTEADA<\/li>\n<li> O efeito sensibilizador aumenta a microcircula\u00e7\u00e3o.<\/li>\n<\/ul>\n<p> INFORMA\u00c7\u00d5ES T\u00c9CNICAS<\/p>\n<ul>\n<li> CONTE\u00daDO: 13 ml \u00b7 0,44 FL. OZ.<\/li>\n<li> INGREDIENTES: 1,2-HEXANEDIOL, PALMITATO DE ASCORBILA, BETA-SITOSTEROL, CAPRILIL GLICOL, EXTRATO DO FRUTO DE CAPSICUM FRUTESCENS, GLICERINA, \u00d3LEO DE GLYCINE SOJA (SOJA), \u00d3LEO DE SEMENTE DE HELIANTHUS ANNUUS, OXALATO DE MENTILA ETILAMIDO, PERFUME, \u00d3LEO DE PERSEA GRATISSIMA, POLIGLICERIL-3-DIISOESTEARATO, \u00d3LEO DE PRUNUS AMYGDALUS DULCIS, \u00d3LEO DE SEMENTE DE RICINUS COMMUNIS, \u00d3LEO DE SEMENTE DE SIMMONDSIA CHINENSIS, ESQUALANO, TOCOFEROL, \u00c9TER VANIL\u00cdLICO.<\/li>\n<\/ul>\n","protected":false},"excerpt":{"rendered":"<p>BIJOUX &#8211; S\u00c9RUM ORG\u00c1SMICO INDISCRETS PARA CLIT\u00d3RIS<\/p>\n","protected":false},"featured_media":56954,"template":"","meta":{"_acf_changed":false},"product_brand":[],"product_cat":[49,52],"product_tag":[],"class_list":{"0":"post-40057","1":"product","2":"type-product","3":"status-publish","4":"has-post-thumbnail","6":"product_cat-cosmeticos","7":"product_cat-estimulantes","8":"yith_product_brand-bijoux-indiscretsbijoux-au-naturel","10":"first","11":"instock","12":"taxable","13":"shipping-taxable","14":"purchasable","15":"product-type-simple"},"acf":[],"yoast_head":"<!-- This site is optimized with the Yoast SEO plugin v27.4 - https:\/\/yoast.com\/product\/yoast-seo-wordpress\/ -->\n<title>BIJOUX - S\u00c9RUM ORG\u00c1SMICO INDISCRETS PARA CLIT\u00d3RIS - Lovme<\/title>\n<meta name=\"robots\" content=\"index, follow, max-snippet:-1, max-image-preview:large, max-video-preview:-1\" \/>\n<link rel=\"canonical\" href=\"https:\/\/lovme.pt\/index.php\/produto\/bijoux-indiscrets-soro-orgsmico-para-clitoris\/\" \/>\n<meta property=\"og:locale\" content=\"pt_PT\" \/>\n<meta property=\"og:type\" content=\"article\" \/>\n<meta property=\"og:title\" content=\"BIJOUX - S\u00c9RUM ORG\u00c1SMICO INDISCRETS PARA CLIT\u00d3RIS - Lovme\" \/>\n<meta property=\"og:description\" content=\"BIJOUX - S\u00c9RUM ORG\u00c1SMICO INDISCRETS PARA CLIT\u00d3RIS\" \/>\n<meta property=\"og:url\" content=\"https:\/\/lovme.pt\/index.php\/produto\/bijoux-indiscrets-soro-orgsmico-para-clitoris\/\" \/>\n<meta property=\"og:site_name\" content=\"Lovme\" \/>\n<meta property=\"article:modified_time\" content=\"2026-02-25T08:34:18+00:00\" \/>\n<meta property=\"og:image\" content=\"https:\/\/erki24nd3ub.exactdn.com\/wp-content\/uploads\/dream\/img\/img_127155_17ba20c3ddff69cceb7d8775c39b92c1_1.jpg?strip=all\" \/>\n\t<meta property=\"og:image:width\" content=\"800\" \/>\n\t<meta property=\"og:image:height\" content=\"800\" \/>\n\t<meta property=\"og:image:type\" content=\"image\/jpeg\" \/>\n<meta name=\"twitter:card\" content=\"summary_large_image\" \/>\n<meta name=\"twitter:label1\" content=\"Tempo estimado de leitura\" \/>\n\t<meta name=\"twitter:data1\" content=\"2 minutos\" \/>\n<script type=\"application\/ld+json\" class=\"yoast-schema-graph\">{\"@context\":\"https:\\\/\\\/schema.org\",\"@graph\":[{\"@type\":\"WebPage\",\"@id\":\"https:\\\/\\\/lovme.pt\\\/index.php\\\/produto\\\/bijoux-indiscrets-soro-orgsmico-para-clitoris\\\/\",\"url\":\"https:\\\/\\\/lovme.pt\\\/index.php\\\/produto\\\/bijoux-indiscrets-soro-orgsmico-para-clitoris\\\/\",\"name\":\"BIJOUX - S\u00c9RUM ORG\u00c1SMICO INDISCRETS PARA CLIT\u00d3RIS - Lovme\",\"isPartOf\":{\"@id\":\"https:\\\/\\\/lovme.pt\\\/#website\"},\"primaryImageOfPage\":{\"@id\":\"https:\\\/\\\/lovme.pt\\\/index.php\\\/produto\\\/bijoux-indiscrets-soro-orgsmico-para-clitoris\\\/#primaryimage\"},\"image\":{\"@id\":\"https:\\\/\\\/lovme.pt\\\/index.php\\\/produto\\\/bijoux-indiscrets-soro-orgsmico-para-clitoris\\\/#primaryimage\"},\"thumbnailUrl\":\"https:\\\/\\\/erki24nd3ub.exactdn.com\\\/wp-content\\\/uploads\\\/dream\\\/img\\\/img_127155_17ba20c3ddff69cceb7d8775c39b92c1_1.jpg?strip=all\",\"datePublished\":\"2025-09-30T09:46:58+00:00\",\"dateModified\":\"2026-02-25T08:34:18+00:00\",\"breadcrumb\":{\"@id\":\"https:\\\/\\\/lovme.pt\\\/index.php\\\/produto\\\/bijoux-indiscrets-soro-orgsmico-para-clitoris\\\/#breadcrumb\"},\"inLanguage\":\"pt-PT\",\"potentialAction\":[{\"@type\":\"ReadAction\",\"target\":[\"https:\\\/\\\/lovme.pt\\\/index.php\\\/produto\\\/bijoux-indiscrets-soro-orgsmico-para-clitoris\\\/\"]}]},{\"@type\":\"ImageObject\",\"inLanguage\":\"pt-PT\",\"@id\":\"https:\\\/\\\/lovme.pt\\\/index.php\\\/produto\\\/bijoux-indiscrets-soro-orgsmico-para-clitoris\\\/#primaryimage\",\"url\":\"https:\\\/\\\/erki24nd3ub.exactdn.com\\\/wp-content\\\/uploads\\\/dream\\\/img\\\/img_127155_17ba20c3ddff69cceb7d8775c39b92c1_1.jpg?strip=all\",\"contentUrl\":\"https:\\\/\\\/erki24nd3ub.exactdn.com\\\/wp-content\\\/uploads\\\/dream\\\/img\\\/img_127155_17ba20c3ddff69cceb7d8775c39b92c1_1.jpg?strip=all\",\"width\":800,\"height\":800},{\"@type\":\"BreadcrumbList\",\"@id\":\"https:\\\/\\\/lovme.pt\\\/index.php\\\/produto\\\/bijoux-indiscrets-soro-orgsmico-para-clitoris\\\/#breadcrumb\",\"itemListElement\":[{\"@type\":\"ListItem\",\"position\":1,\"name\":\"In\u00edcio\",\"item\":\"https:\\\/\\\/lovme.pt\\\/\"},{\"@type\":\"ListItem\",\"position\":2,\"name\":\"Loja\",\"item\":\"https:\\\/\\\/lovme.pt\\\/index.php\\\/loja\\\/\"},{\"@type\":\"ListItem\",\"position\":3,\"name\":\"BIJOUX &#8211; S\u00c9RUM ORG\u00c1SMICO INDISCRETS PARA CLIT\u00d3RIS\"}]},{\"@type\":\"WebSite\",\"@id\":\"https:\\\/\\\/lovme.pt\\\/#website\",\"url\":\"https:\\\/\\\/lovme.pt\\\/\",\"name\":\"Lovme Loja Er\u00f3tica N\u00ba1 em Portugal\",\"description\":\"A melhor loja er\u00f3tica de Portugal.\",\"alternateName\":\"Loja Er\u00f3tica Lovme\",\"potentialAction\":[{\"@type\":\"SearchAction\",\"target\":{\"@type\":\"EntryPoint\",\"urlTemplate\":\"https:\\\/\\\/lovme.pt\\\/?s={search_term_string}\"},\"query-input\":{\"@type\":\"PropertyValueSpecification\",\"valueRequired\":true,\"valueName\":\"search_term_string\"}}],\"inLanguage\":\"pt-PT\"}]}<\/script>\n<!-- \/ Yoast SEO plugin. -->","yoast_head_json":{"title":"BIJOUX - S\u00c9RUM ORG\u00c1SMICO INDISCRETS PARA CLIT\u00d3RIS - Lovme","robots":{"index":"index","follow":"follow","max-snippet":"max-snippet:-1","max-image-preview":"max-image-preview:large","max-video-preview":"max-video-preview:-1"},"canonical":"https:\/\/lovme.pt\/index.php\/produto\/bijoux-indiscrets-soro-orgsmico-para-clitoris\/","og_locale":"pt_PT","og_type":"article","og_title":"BIJOUX - S\u00c9RUM ORG\u00c1SMICO INDISCRETS PARA CLIT\u00d3RIS - Lovme","og_description":"BIJOUX - S\u00c9RUM ORG\u00c1SMICO INDISCRETS PARA CLIT\u00d3RIS","og_url":"https:\/\/lovme.pt\/index.php\/produto\/bijoux-indiscrets-soro-orgsmico-para-clitoris\/","og_site_name":"Lovme","article_modified_time":"2026-02-25T08:34:18+00:00","og_image":[{"width":800,"height":800,"url":"https:\/\/erki24nd3ub.exactdn.com\/wp-content\/uploads\/dream\/img\/img_127155_17ba20c3ddff69cceb7d8775c39b92c1_1.jpg?strip=all","type":"image\/jpeg"}],"twitter_card":"summary_large_image","twitter_misc":{"Tempo estimado de leitura":"2 minutos"},"schema":{"@context":"https:\/\/schema.org","@graph":[{"@type":"WebPage","@id":"https:\/\/lovme.pt\/index.php\/produto\/bijoux-indiscrets-soro-orgsmico-para-clitoris\/","url":"https:\/\/lovme.pt\/index.php\/produto\/bijoux-indiscrets-soro-orgsmico-para-clitoris\/","name":"BIJOUX - S\u00c9RUM ORG\u00c1SMICO INDISCRETS PARA CLIT\u00d3RIS - Lovme","isPartOf":{"@id":"https:\/\/lovme.pt\/#website"},"primaryImageOfPage":{"@id":"https:\/\/lovme.pt\/index.php\/produto\/bijoux-indiscrets-soro-orgsmico-para-clitoris\/#primaryimage"},"image":{"@id":"https:\/\/lovme.pt\/index.php\/produto\/bijoux-indiscrets-soro-orgsmico-para-clitoris\/#primaryimage"},"thumbnailUrl":"https:\/\/erki24nd3ub.exactdn.com\/wp-content\/uploads\/dream\/img\/img_127155_17ba20c3ddff69cceb7d8775c39b92c1_1.jpg?strip=all","datePublished":"2025-09-30T09:46:58+00:00","dateModified":"2026-02-25T08:34:18+00:00","breadcrumb":{"@id":"https:\/\/lovme.pt\/index.php\/produto\/bijoux-indiscrets-soro-orgsmico-para-clitoris\/#breadcrumb"},"inLanguage":"pt-PT","potentialAction":[{"@type":"ReadAction","target":["https:\/\/lovme.pt\/index.php\/produto\/bijoux-indiscrets-soro-orgsmico-para-clitoris\/"]}]},{"@type":"ImageObject","inLanguage":"pt-PT","@id":"https:\/\/lovme.pt\/index.php\/produto\/bijoux-indiscrets-soro-orgsmico-para-clitoris\/#primaryimage","url":"https:\/\/erki24nd3ub.exactdn.com\/wp-content\/uploads\/dream\/img\/img_127155_17ba20c3ddff69cceb7d8775c39b92c1_1.jpg?strip=all","contentUrl":"https:\/\/erki24nd3ub.exactdn.com\/wp-content\/uploads\/dream\/img\/img_127155_17ba20c3ddff69cceb7d8775c39b92c1_1.jpg?strip=all","width":800,"height":800},{"@type":"BreadcrumbList","@id":"https:\/\/lovme.pt\/index.php\/produto\/bijoux-indiscrets-soro-orgsmico-para-clitoris\/#breadcrumb","itemListElement":[{"@type":"ListItem","position":1,"name":"In\u00edcio","item":"https:\/\/lovme.pt\/"},{"@type":"ListItem","position":2,"name":"Loja","item":"https:\/\/lovme.pt\/index.php\/loja\/"},{"@type":"ListItem","position":3,"name":"BIJOUX &#8211; S\u00c9RUM ORG\u00c1SMICO INDISCRETS PARA CLIT\u00d3RIS"}]},{"@type":"WebSite","@id":"https:\/\/lovme.pt\/#website","url":"https:\/\/lovme.pt\/","name":"Lovme Loja Er\u00f3tica N\u00ba1 em Portugal","description":"A melhor loja er\u00f3tica de Portugal.","alternateName":"Loja Er\u00f3tica Lovme","potentialAction":[{"@type":"SearchAction","target":{"@type":"EntryPoint","urlTemplate":"https:\/\/lovme.pt\/?s={search_term_string}"},"query-input":{"@type":"PropertyValueSpecification","valueRequired":true,"valueName":"search_term_string"}}],"inLanguage":"pt-PT"}]}},"_links":{"self":[{"href":"https:\/\/lovme.pt\/index.php\/wp-json\/wp\/v2\/product\/40057","targetHints":{"allow":["GET"]}}],"collection":[{"href":"https:\/\/lovme.pt\/index.php\/wp-json\/wp\/v2\/product"}],"about":[{"href":"https:\/\/lovme.pt\/index.php\/wp-json\/wp\/v2\/types\/product"}],"wp:featuredmedia":[{"embeddable":true,"href":"https:\/\/lovme.pt\/index.php\/wp-json\/wp\/v2\/media\/56954"}],"wp:attachment":[{"href":"https:\/\/lovme.pt\/index.php\/wp-json\/wp\/v2\/media?parent=40057"}],"wp:term":[{"taxonomy":"product_brand","embeddable":true,"href":"https:\/\/lovme.pt\/index.php\/wp-json\/wp\/v2\/product_brand?post=40057"},{"taxonomy":"product_cat","embeddable":true,"href":"https:\/\/lovme.pt\/index.php\/wp-json\/wp\/v2\/product_cat?post=40057"},{"taxonomy":"product_tag","embeddable":true,"href":"https:\/\/lovme.pt\/index.php\/wp-json\/wp\/v2\/product_tag?post=40057"}],"curies":[{"name":"wp","href":"https:\/\/api.w.org\/{rel}","templated":true}]}}