{"id":40056,"date":"2025-09-30T22:21:48","date_gmt":"2025-09-30T22:21:48","guid":{"rendered":"https:\/\/lovme.pt\/?post_type=product&#038;p=40056"},"modified":"2026-02-25T08:34:13","modified_gmt":"2026-02-25T08:34:13","slug":"bijoux-indiscrets-gotas-de-massagem-intima-revitalizantes","status":"publish","type":"product","link":"https:\/\/lovme.pt\/index.php\/produto\/bijoux-indiscrets-gotas-de-massagem-intima-revitalizantes\/","title":{"rendered":"BIJOUX &#8211; INDISCRETS GOTAS DE MASSAGEM \u00cdNTIMA REVITALIZANTES"},"content":{"rendered":"<p>Encontrar um produto que seja bom para a pele, que tenha um pH ideal e que funcione como o lubrificante perfeito para brincadeiras a dois, a s\u00f3s e at\u00e9 mesmo com brinquedos, \u00e9 dif\u00edcil.<\/p>\n<p> T\u00ednhamos uma ideia clara: precisava ter a apar\u00eancia de lubrifica\u00e7\u00e3o natural, ser de longa dura\u00e7\u00e3o, n\u00e3o pegajoso e bom para a pele! Encontrar a f\u00f3rmula perfeita foi como acertar em cheio.<\/p>\n<p> Confiamos na experi\u00eancia do nosso laborat\u00f3rio em Barcelona, consolidado na ind\u00fastria cosm\u00e9tica h\u00e1 mais de 30 anos, e compartilhamos com eles a ideia da nossa f\u00f3rmula perfeita. Dito e feito! Concebida com ingredientes de alta qualidade, esta f\u00f3rmula cont\u00e9m a joia da coroa: SyriCalm\u2122. SyriCalm\u2122 restaura o equil\u00edbrio e aumenta a prote\u00e7\u00e3o natural da pele agredida pela higiene di\u00e1ria.<\/p>\n<p> N\u00e3o se esque\u00e7a de adicionar este passo \u00e0 sua rotina de prazer, seu corpo e sua libido agradecer\u00e3o!<\/p>\n<p> Textura leve, fluida e deslizante em harmonia com o seu pH com Syricalm. Mol\u00e9cula multifuncional totalmente natural patenteada:<\/p>\n<ul>\n<li> Ampla a\u00e7\u00e3o biol\u00f3gica contra o estresse celular, inflama\u00e7\u00e3o e qualidade da pele;<\/li>\n<li> Suaviza e acalma a pele irritada;<\/li>\n<li> ajuda a recuperar totalmente e a manter a sua fun\u00e7\u00e3o protetora da pele;<\/li>\n<li> Reduz a inflama\u00e7\u00e3o, proporcionando um efeito calmante imediato e prote\u00e7\u00e3o a longo prazo.<\/li>\n<\/ul>\n<p> INFORMA\u00c7\u00d5ES T\u00c9CNICAS<\/p>\n<ul>\n<li> CONTE\u00daDO: 30 ml \u00b7 1 FL. OZ.<\/li>\n<li> INGREDIENTES: PROPANEDIOL, \u00c1GUA, \u00c1GUA DA FOLHA DE HAMAMELIS VIRGINIANA, \u00c1GUA DA FLOR DE ROSA DAMASCENA, SUCO DA FOLHA DE ALOE BARBADENSIS, \u00c1CIDO C\u00cdTRICO, HIDROXIETILCELULOSE, BENZOATO DE S\u00d3DIO, GLICERINA, SORBATO DE POT\u00c1SSIO, GOMA XANTANA, FITATO DE S\u00d3DIO, GLUCONOLACTONA, SACARINA S\u00d3DICA, GLUCONOLACTONA, CITRATO DE S\u00d3DIO, EXTRATO DE PHRAGMITES KARKA, EXTRATO DE PORIA COCOS, EXTRATO DA RAIZ DE PANAX GINSENG, EXTRATO DA FLOR DE ARNICA MONTANA, GLUCONATO DE C\u00c1LCIO.<\/li>\n<\/ul>\n","protected":false},"excerpt":{"rendered":"<p>BIJOUX &#8211; INDISCRETS GOTAS DE MASSAGEM \u00cdNTIMA REVITALIZANTES<\/p>\n","protected":false},"featured_media":77145,"template":"","meta":{"_acf_changed":false},"product_brand":[],"product_cat":[49,52],"product_tag":[],"class_list":{"0":"post-40056","1":"product","2":"type-product","3":"status-publish","4":"has-post-thumbnail","6":"product_cat-cosmeticos","7":"product_cat-estimulantes","8":"yith_product_brand-bijoux-indiscretsbijoux-au-naturel","10":"first","11":"instock","12":"taxable","13":"shipping-taxable","14":"purchasable","15":"product-type-simple"},"acf":[],"yoast_head":"<!-- This site is optimized with the Yoast SEO plugin v27.4 - https:\/\/yoast.com\/product\/yoast-seo-wordpress\/ -->\n<title>BIJOUX - INDISCRETS GOTAS DE MASSAGEM \u00cdNTIMA REVITALIZANTES - Lovme<\/title>\n<meta name=\"robots\" content=\"index, follow, max-snippet:-1, max-image-preview:large, max-video-preview:-1\" \/>\n<link rel=\"canonical\" href=\"https:\/\/lovme.pt\/index.php\/produto\/bijoux-indiscrets-gotas-de-massagem-intima-revitalizantes\/\" \/>\n<meta property=\"og:locale\" content=\"pt_PT\" \/>\n<meta property=\"og:type\" content=\"article\" \/>\n<meta property=\"og:title\" content=\"BIJOUX - INDISCRETS GOTAS DE MASSAGEM \u00cdNTIMA REVITALIZANTES - Lovme\" \/>\n<meta property=\"og:description\" content=\"BIJOUX - INDISCRETS GOTAS DE MASSAGEM \u00cdNTIMA REVITALIZANTES\" \/>\n<meta property=\"og:url\" content=\"https:\/\/lovme.pt\/index.php\/produto\/bijoux-indiscrets-gotas-de-massagem-intima-revitalizantes\/\" \/>\n<meta property=\"og:site_name\" content=\"Lovme\" \/>\n<meta property=\"article:modified_time\" content=\"2026-02-25T08:34:13+00:00\" \/>\n<meta property=\"og:image\" content=\"https:\/\/erki24nd3ub.exactdn.com\/wp-content\/uploads\/dream\/img\/img_127151_a4aeaff587b694a3cc0f442b87c69ab2_1.jpg?strip=all\" \/>\n\t<meta property=\"og:image:width\" content=\"800\" \/>\n\t<meta property=\"og:image:height\" content=\"800\" \/>\n\t<meta property=\"og:image:type\" content=\"image\/jpeg\" \/>\n<meta name=\"twitter:card\" content=\"summary_large_image\" \/>\n<meta name=\"twitter:label1\" content=\"Tempo estimado de leitura\" \/>\n\t<meta name=\"twitter:data1\" content=\"2 minutos\" \/>\n<script type=\"application\/ld+json\" class=\"yoast-schema-graph\">{\"@context\":\"https:\\\/\\\/schema.org\",\"@graph\":[{\"@type\":\"WebPage\",\"@id\":\"https:\\\/\\\/lovme.pt\\\/index.php\\\/produto\\\/bijoux-indiscrets-gotas-de-massagem-intima-revitalizantes\\\/\",\"url\":\"https:\\\/\\\/lovme.pt\\\/index.php\\\/produto\\\/bijoux-indiscrets-gotas-de-massagem-intima-revitalizantes\\\/\",\"name\":\"BIJOUX - INDISCRETS GOTAS DE MASSAGEM \u00cdNTIMA REVITALIZANTES - Lovme\",\"isPartOf\":{\"@id\":\"https:\\\/\\\/lovme.pt\\\/#website\"},\"primaryImageOfPage\":{\"@id\":\"https:\\\/\\\/lovme.pt\\\/index.php\\\/produto\\\/bijoux-indiscrets-gotas-de-massagem-intima-revitalizantes\\\/#primaryimage\"},\"image\":{\"@id\":\"https:\\\/\\\/lovme.pt\\\/index.php\\\/produto\\\/bijoux-indiscrets-gotas-de-massagem-intima-revitalizantes\\\/#primaryimage\"},\"thumbnailUrl\":\"https:\\\/\\\/erki24nd3ub.exactdn.com\\\/wp-content\\\/uploads\\\/dream\\\/img\\\/img_127151_a4aeaff587b694a3cc0f442b87c69ab2_1.jpg?strip=all\",\"datePublished\":\"2025-09-30T22:21:48+00:00\",\"dateModified\":\"2026-02-25T08:34:13+00:00\",\"breadcrumb\":{\"@id\":\"https:\\\/\\\/lovme.pt\\\/index.php\\\/produto\\\/bijoux-indiscrets-gotas-de-massagem-intima-revitalizantes\\\/#breadcrumb\"},\"inLanguage\":\"pt-PT\",\"potentialAction\":[{\"@type\":\"ReadAction\",\"target\":[\"https:\\\/\\\/lovme.pt\\\/index.php\\\/produto\\\/bijoux-indiscrets-gotas-de-massagem-intima-revitalizantes\\\/\"]}]},{\"@type\":\"ImageObject\",\"inLanguage\":\"pt-PT\",\"@id\":\"https:\\\/\\\/lovme.pt\\\/index.php\\\/produto\\\/bijoux-indiscrets-gotas-de-massagem-intima-revitalizantes\\\/#primaryimage\",\"url\":\"https:\\\/\\\/erki24nd3ub.exactdn.com\\\/wp-content\\\/uploads\\\/dream\\\/img\\\/img_127151_a4aeaff587b694a3cc0f442b87c69ab2_1.jpg?strip=all\",\"contentUrl\":\"https:\\\/\\\/erki24nd3ub.exactdn.com\\\/wp-content\\\/uploads\\\/dream\\\/img\\\/img_127151_a4aeaff587b694a3cc0f442b87c69ab2_1.jpg?strip=all\",\"width\":800,\"height\":800},{\"@type\":\"BreadcrumbList\",\"@id\":\"https:\\\/\\\/lovme.pt\\\/index.php\\\/produto\\\/bijoux-indiscrets-gotas-de-massagem-intima-revitalizantes\\\/#breadcrumb\",\"itemListElement\":[{\"@type\":\"ListItem\",\"position\":1,\"name\":\"In\u00edcio\",\"item\":\"https:\\\/\\\/lovme.pt\\\/\"},{\"@type\":\"ListItem\",\"position\":2,\"name\":\"Loja\",\"item\":\"https:\\\/\\\/lovme.pt\\\/index.php\\\/loja\\\/\"},{\"@type\":\"ListItem\",\"position\":3,\"name\":\"BIJOUX &#8211; INDISCRETS GOTAS DE MASSAGEM \u00cdNTIMA REVITALIZANTES\"}]},{\"@type\":\"WebSite\",\"@id\":\"https:\\\/\\\/lovme.pt\\\/#website\",\"url\":\"https:\\\/\\\/lovme.pt\\\/\",\"name\":\"Lovme Loja Er\u00f3tica N\u00ba1 em Portugal\",\"description\":\"A melhor loja er\u00f3tica de Portugal.\",\"alternateName\":\"Loja Er\u00f3tica Lovme\",\"potentialAction\":[{\"@type\":\"SearchAction\",\"target\":{\"@type\":\"EntryPoint\",\"urlTemplate\":\"https:\\\/\\\/lovme.pt\\\/?s={search_term_string}\"},\"query-input\":{\"@type\":\"PropertyValueSpecification\",\"valueRequired\":true,\"valueName\":\"search_term_string\"}}],\"inLanguage\":\"pt-PT\"}]}<\/script>\n<!-- \/ Yoast SEO plugin. -->","yoast_head_json":{"title":"BIJOUX - INDISCRETS GOTAS DE MASSAGEM \u00cdNTIMA REVITALIZANTES - Lovme","robots":{"index":"index","follow":"follow","max-snippet":"max-snippet:-1","max-image-preview":"max-image-preview:large","max-video-preview":"max-video-preview:-1"},"canonical":"https:\/\/lovme.pt\/index.php\/produto\/bijoux-indiscrets-gotas-de-massagem-intima-revitalizantes\/","og_locale":"pt_PT","og_type":"article","og_title":"BIJOUX - INDISCRETS GOTAS DE MASSAGEM \u00cdNTIMA REVITALIZANTES - Lovme","og_description":"BIJOUX - INDISCRETS GOTAS DE MASSAGEM \u00cdNTIMA REVITALIZANTES","og_url":"https:\/\/lovme.pt\/index.php\/produto\/bijoux-indiscrets-gotas-de-massagem-intima-revitalizantes\/","og_site_name":"Lovme","article_modified_time":"2026-02-25T08:34:13+00:00","og_image":[{"width":800,"height":800,"url":"https:\/\/erki24nd3ub.exactdn.com\/wp-content\/uploads\/dream\/img\/img_127151_a4aeaff587b694a3cc0f442b87c69ab2_1.jpg?strip=all","type":"image\/jpeg"}],"twitter_card":"summary_large_image","twitter_misc":{"Tempo estimado de leitura":"2 minutos"},"schema":{"@context":"https:\/\/schema.org","@graph":[{"@type":"WebPage","@id":"https:\/\/lovme.pt\/index.php\/produto\/bijoux-indiscrets-gotas-de-massagem-intima-revitalizantes\/","url":"https:\/\/lovme.pt\/index.php\/produto\/bijoux-indiscrets-gotas-de-massagem-intima-revitalizantes\/","name":"BIJOUX - INDISCRETS GOTAS DE MASSAGEM \u00cdNTIMA REVITALIZANTES - Lovme","isPartOf":{"@id":"https:\/\/lovme.pt\/#website"},"primaryImageOfPage":{"@id":"https:\/\/lovme.pt\/index.php\/produto\/bijoux-indiscrets-gotas-de-massagem-intima-revitalizantes\/#primaryimage"},"image":{"@id":"https:\/\/lovme.pt\/index.php\/produto\/bijoux-indiscrets-gotas-de-massagem-intima-revitalizantes\/#primaryimage"},"thumbnailUrl":"https:\/\/erki24nd3ub.exactdn.com\/wp-content\/uploads\/dream\/img\/img_127151_a4aeaff587b694a3cc0f442b87c69ab2_1.jpg?strip=all","datePublished":"2025-09-30T22:21:48+00:00","dateModified":"2026-02-25T08:34:13+00:00","breadcrumb":{"@id":"https:\/\/lovme.pt\/index.php\/produto\/bijoux-indiscrets-gotas-de-massagem-intima-revitalizantes\/#breadcrumb"},"inLanguage":"pt-PT","potentialAction":[{"@type":"ReadAction","target":["https:\/\/lovme.pt\/index.php\/produto\/bijoux-indiscrets-gotas-de-massagem-intima-revitalizantes\/"]}]},{"@type":"ImageObject","inLanguage":"pt-PT","@id":"https:\/\/lovme.pt\/index.php\/produto\/bijoux-indiscrets-gotas-de-massagem-intima-revitalizantes\/#primaryimage","url":"https:\/\/erki24nd3ub.exactdn.com\/wp-content\/uploads\/dream\/img\/img_127151_a4aeaff587b694a3cc0f442b87c69ab2_1.jpg?strip=all","contentUrl":"https:\/\/erki24nd3ub.exactdn.com\/wp-content\/uploads\/dream\/img\/img_127151_a4aeaff587b694a3cc0f442b87c69ab2_1.jpg?strip=all","width":800,"height":800},{"@type":"BreadcrumbList","@id":"https:\/\/lovme.pt\/index.php\/produto\/bijoux-indiscrets-gotas-de-massagem-intima-revitalizantes\/#breadcrumb","itemListElement":[{"@type":"ListItem","position":1,"name":"In\u00edcio","item":"https:\/\/lovme.pt\/"},{"@type":"ListItem","position":2,"name":"Loja","item":"https:\/\/lovme.pt\/index.php\/loja\/"},{"@type":"ListItem","position":3,"name":"BIJOUX &#8211; INDISCRETS GOTAS DE MASSAGEM \u00cdNTIMA REVITALIZANTES"}]},{"@type":"WebSite","@id":"https:\/\/lovme.pt\/#website","url":"https:\/\/lovme.pt\/","name":"Lovme Loja Er\u00f3tica N\u00ba1 em Portugal","description":"A melhor loja er\u00f3tica de Portugal.","alternateName":"Loja Er\u00f3tica Lovme","potentialAction":[{"@type":"SearchAction","target":{"@type":"EntryPoint","urlTemplate":"https:\/\/lovme.pt\/?s={search_term_string}"},"query-input":{"@type":"PropertyValueSpecification","valueRequired":true,"valueName":"search_term_string"}}],"inLanguage":"pt-PT"}]}},"_links":{"self":[{"href":"https:\/\/lovme.pt\/index.php\/wp-json\/wp\/v2\/product\/40056","targetHints":{"allow":["GET"]}}],"collection":[{"href":"https:\/\/lovme.pt\/index.php\/wp-json\/wp\/v2\/product"}],"about":[{"href":"https:\/\/lovme.pt\/index.php\/wp-json\/wp\/v2\/types\/product"}],"wp:featuredmedia":[{"embeddable":true,"href":"https:\/\/lovme.pt\/index.php\/wp-json\/wp\/v2\/media\/77145"}],"wp:attachment":[{"href":"https:\/\/lovme.pt\/index.php\/wp-json\/wp\/v2\/media?parent=40056"}],"wp:term":[{"taxonomy":"product_brand","embeddable":true,"href":"https:\/\/lovme.pt\/index.php\/wp-json\/wp\/v2\/product_brand?post=40056"},{"taxonomy":"product_cat","embeddable":true,"href":"https:\/\/lovme.pt\/index.php\/wp-json\/wp\/v2\/product_cat?post=40056"},{"taxonomy":"product_tag","embeddable":true,"href":"https:\/\/lovme.pt\/index.php\/wp-json\/wp\/v2\/product_tag?post=40056"}],"curies":[{"name":"wp","href":"https:\/\/api.w.org\/{rel}","templated":true}]}}