{"id":39668,"date":"2025-09-30T10:10:23","date_gmt":"2025-09-30T10:10:23","guid":{"rendered":"https:\/\/lovme.pt\/?post_type=product&#038;p=39668"},"modified":"2026-02-19T20:23:17","modified_gmt":"2026-02-19T20:23:17","slug":"satisfyer-vibrador-de-anel-duelismo-azul","status":"publish","type":"product","link":"https:\/\/lovme.pt\/index.php\/produto\/satisfyer-vibrador-de-anel-duelismo-azul\/","title":{"rendered":"SATISFYER DUELIST ANILLO VIBRADOR &#8211; GRIS"},"content":{"rendered":"<p>Prepare-se para um duelo! Procurando um anel peniano que possa lidar com tudo e qualquer coisa que voc\u00ea trouxer? Confira o Duelista!<\/p>\n<p> <strong>Informa\u00e7\u00f5es sobre o produto &#8220;Satisfyer Duelist&#8221;<\/strong><\/p>\n<ul>\n<li> Mais resist\u00eancia devido ao emocionante efeito de reten\u00e7\u00e3o de sangue<\/li>\n<li> Aperto ajust\u00e1vel individualmente<\/li>\n<li> O potente motor transmite ritmos de vibra\u00e7\u00e3o intensos por todo o dispositivo de bem-estar sexual<\/li>\n<li> Ideal para casais<\/li>\n<li> Feito de silicone de grau m\u00e9dico supermacio e adequado para a pele, suave ao toque e extremamente higi\u00eanico<\/li>\n<li> Garantia de 15 anos<\/li>\n<li> Silicone amigo do corpo<\/li>\n<li> Modo sussurro IPX7 \u00e0 prova d\u00e1gua<\/li>\n<li> Bateria de \u00edon de l\u00edtio f\u00e1cil de limpar<\/li>\n<li> Cabo de carregamento magn\u00e9tico USB inclu\u00eddo<\/li>\n<\/ul>\n<p> <strong>O que mais o vibrador Satisfyer Duelist pode lhe oferecer?<\/strong><\/p>\n<p> O Duelist \u00e9 um anel ajust\u00e1vel que permite total flexibilidade  sem mais dificuldades para encontrar um anel peniano que se encaixe perfeitamente. Este anel \u00e9 perfeito tanto para iniciantes como para utilizadores experientes, permitindo-lhe explorar as vastas possibilidades dos an\u00e9is penianos!<\/p>\n<p> Este elegante anel para p\u00eanis com um controle deslizante brilhante tem uma estrutura com nervuras para estimula\u00e7\u00e3o adicional do p\u00eanis ou test\u00edculo e do parceiro. Este anel ajust\u00e1vel com um controle deslizante \u00e9 verdadeiramente de tamanho \u00fanico! Com um motor e um bot\u00e3o de um toque com 12 programas de vibra\u00e7\u00e3o, voc\u00ea experimentar\u00e1 pura felicidade com o Duelista! O Duelist \u00e9 feito de silicone seguro para o corpo, recarreg\u00e1vel e com classifica\u00e7\u00e3o \u00e0 prova d\u00e1gua (IPX7).<\/p>\n<p> Fa\u00e7a sua devida dilig\u00eancia com o Duelista!<\/p>\n","protected":false},"excerpt":{"rendered":"<p>SATISFYER &#8211; VIBRADOR DE ANEL DUELISMO AZUL<\/p>\n","protected":false},"featured_media":63534,"template":"","meta":{"_acf_changed":false},"product_brand":[],"product_cat":[17,115,59,60],"product_tag":[],"class_list":{"0":"post-39668","1":"product","2":"type-product","3":"status-publish","4":"has-post-thumbnail","6":"product_cat-brinquedos-de-bem-estar-sexual","7":"product_cat-ofertas","8":"product_cat-para-casais","9":"product_cat-para-eles","10":"yith_product_brand-satisfyer","11":"yith_product_brand-satisfyer-satisfyer-ring","13":"first","14":"instock","15":"taxable","16":"shipping-taxable","17":"purchasable","18":"product-type-variable","19":"has-default-attributes"},"acf":[],"yoast_head":"<!-- This site is optimized with the Yoast SEO plugin v27.4 - https:\/\/yoast.com\/product\/yoast-seo-wordpress\/ -->\n<title>SATISFYER DUELIST ANILLO VIBRADOR - GRIS - Lovme<\/title>\n<meta name=\"robots\" content=\"index, follow, max-snippet:-1, max-image-preview:large, max-video-preview:-1\" \/>\n<link rel=\"canonical\" href=\"https:\/\/lovme.pt\/index.php\/produto\/satisfyer-vibrador-de-anel-duelismo-azul\/\" \/>\n<meta property=\"og:locale\" content=\"pt_PT\" \/>\n<meta property=\"og:type\" content=\"article\" \/>\n<meta property=\"og:title\" content=\"SATISFYER DUELIST ANILLO VIBRADOR - GRIS - Lovme\" \/>\n<meta property=\"og:description\" content=\"SATISFYER - VIBRADOR DE ANEL DUELISMO AZUL\" \/>\n<meta property=\"og:url\" content=\"https:\/\/lovme.pt\/index.php\/produto\/satisfyer-vibrador-de-anel-duelismo-azul\/\" \/>\n<meta property=\"og:site_name\" content=\"Lovme\" \/>\n<meta property=\"article:modified_time\" content=\"2026-02-19T20:23:17+00:00\" \/>\n<meta property=\"og:image\" content=\"https:\/\/erki24nd3ub.exactdn.com\/wp-content\/uploads\/dream\/img\/img_124938_6df53c61a6b1aaeba5b71282a22fe521_1.jpg?strip=all\" \/>\n\t<meta property=\"og:image:width\" content=\"800\" \/>\n\t<meta property=\"og:image:height\" content=\"800\" \/>\n\t<meta property=\"og:image:type\" content=\"image\/jpeg\" \/>\n<meta name=\"twitter:card\" content=\"summary_large_image\" \/>\n<meta name=\"twitter:label1\" content=\"Tempo estimado de leitura\" \/>\n\t<meta name=\"twitter:data1\" content=\"1 minuto\" \/>\n<script type=\"application\/ld+json\" class=\"yoast-schema-graph\">{\"@context\":\"https:\\\/\\\/schema.org\",\"@graph\":[{\"@type\":\"WebPage\",\"@id\":\"https:\\\/\\\/lovme.pt\\\/index.php\\\/produto\\\/satisfyer-vibrador-de-anel-duelismo-azul\\\/\",\"url\":\"https:\\\/\\\/lovme.pt\\\/index.php\\\/produto\\\/satisfyer-vibrador-de-anel-duelismo-azul\\\/\",\"name\":\"SATISFYER DUELIST ANILLO VIBRADOR - GRIS - Lovme\",\"isPartOf\":{\"@id\":\"https:\\\/\\\/lovme.pt\\\/#website\"},\"primaryImageOfPage\":{\"@id\":\"https:\\\/\\\/lovme.pt\\\/index.php\\\/produto\\\/satisfyer-vibrador-de-anel-duelismo-azul\\\/#primaryimage\"},\"image\":{\"@id\":\"https:\\\/\\\/lovme.pt\\\/index.php\\\/produto\\\/satisfyer-vibrador-de-anel-duelismo-azul\\\/#primaryimage\"},\"thumbnailUrl\":\"https:\\\/\\\/erki24nd3ub.exactdn.com\\\/wp-content\\\/uploads\\\/dream\\\/img\\\/img_124938_6df53c61a6b1aaeba5b71282a22fe521_1.jpg?strip=all\",\"datePublished\":\"2025-09-30T10:10:23+00:00\",\"dateModified\":\"2026-02-19T20:23:17+00:00\",\"breadcrumb\":{\"@id\":\"https:\\\/\\\/lovme.pt\\\/index.php\\\/produto\\\/satisfyer-vibrador-de-anel-duelismo-azul\\\/#breadcrumb\"},\"inLanguage\":\"pt-PT\",\"potentialAction\":[{\"@type\":\"ReadAction\",\"target\":[\"https:\\\/\\\/lovme.pt\\\/index.php\\\/produto\\\/satisfyer-vibrador-de-anel-duelismo-azul\\\/\"]}]},{\"@type\":\"ImageObject\",\"inLanguage\":\"pt-PT\",\"@id\":\"https:\\\/\\\/lovme.pt\\\/index.php\\\/produto\\\/satisfyer-vibrador-de-anel-duelismo-azul\\\/#primaryimage\",\"url\":\"https:\\\/\\\/erki24nd3ub.exactdn.com\\\/wp-content\\\/uploads\\\/dream\\\/img\\\/img_124938_6df53c61a6b1aaeba5b71282a22fe521_1.jpg?strip=all\",\"contentUrl\":\"https:\\\/\\\/erki24nd3ub.exactdn.com\\\/wp-content\\\/uploads\\\/dream\\\/img\\\/img_124938_6df53c61a6b1aaeba5b71282a22fe521_1.jpg?strip=all\",\"width\":800,\"height\":800},{\"@type\":\"BreadcrumbList\",\"@id\":\"https:\\\/\\\/lovme.pt\\\/index.php\\\/produto\\\/satisfyer-vibrador-de-anel-duelismo-azul\\\/#breadcrumb\",\"itemListElement\":[{\"@type\":\"ListItem\",\"position\":1,\"name\":\"In\u00edcio\",\"item\":\"https:\\\/\\\/lovme.pt\\\/\"},{\"@type\":\"ListItem\",\"position\":2,\"name\":\"Loja\",\"item\":\"https:\\\/\\\/lovme.pt\\\/index.php\\\/loja\\\/\"},{\"@type\":\"ListItem\",\"position\":3,\"name\":\"SATISFYER DUELIST ANILLO VIBRADOR &#8211; GRIS\"}]},{\"@type\":\"WebSite\",\"@id\":\"https:\\\/\\\/lovme.pt\\\/#website\",\"url\":\"https:\\\/\\\/lovme.pt\\\/\",\"name\":\"Lovme Loja Er\u00f3tica N\u00ba1 em Portugal\",\"description\":\"A melhor loja er\u00f3tica de Portugal.\",\"alternateName\":\"Loja Er\u00f3tica Lovme\",\"potentialAction\":[{\"@type\":\"SearchAction\",\"target\":{\"@type\":\"EntryPoint\",\"urlTemplate\":\"https:\\\/\\\/lovme.pt\\\/?s={search_term_string}\"},\"query-input\":{\"@type\":\"PropertyValueSpecification\",\"valueRequired\":true,\"valueName\":\"search_term_string\"}}],\"inLanguage\":\"pt-PT\"}]}<\/script>\n<!-- \/ Yoast SEO plugin. -->","yoast_head_json":{"title":"SATISFYER DUELIST ANILLO VIBRADOR - GRIS - Lovme","robots":{"index":"index","follow":"follow","max-snippet":"max-snippet:-1","max-image-preview":"max-image-preview:large","max-video-preview":"max-video-preview:-1"},"canonical":"https:\/\/lovme.pt\/index.php\/produto\/satisfyer-vibrador-de-anel-duelismo-azul\/","og_locale":"pt_PT","og_type":"article","og_title":"SATISFYER DUELIST ANILLO VIBRADOR - GRIS - Lovme","og_description":"SATISFYER - VIBRADOR DE ANEL DUELISMO AZUL","og_url":"https:\/\/lovme.pt\/index.php\/produto\/satisfyer-vibrador-de-anel-duelismo-azul\/","og_site_name":"Lovme","article_modified_time":"2026-02-19T20:23:17+00:00","og_image":[{"width":800,"height":800,"url":"https:\/\/erki24nd3ub.exactdn.com\/wp-content\/uploads\/dream\/img\/img_124938_6df53c61a6b1aaeba5b71282a22fe521_1.jpg?strip=all","type":"image\/jpeg"}],"twitter_card":"summary_large_image","twitter_misc":{"Tempo estimado de leitura":"1 minuto"},"schema":{"@context":"https:\/\/schema.org","@graph":[{"@type":"WebPage","@id":"https:\/\/lovme.pt\/index.php\/produto\/satisfyer-vibrador-de-anel-duelismo-azul\/","url":"https:\/\/lovme.pt\/index.php\/produto\/satisfyer-vibrador-de-anel-duelismo-azul\/","name":"SATISFYER DUELIST ANILLO VIBRADOR - GRIS - Lovme","isPartOf":{"@id":"https:\/\/lovme.pt\/#website"},"primaryImageOfPage":{"@id":"https:\/\/lovme.pt\/index.php\/produto\/satisfyer-vibrador-de-anel-duelismo-azul\/#primaryimage"},"image":{"@id":"https:\/\/lovme.pt\/index.php\/produto\/satisfyer-vibrador-de-anel-duelismo-azul\/#primaryimage"},"thumbnailUrl":"https:\/\/erki24nd3ub.exactdn.com\/wp-content\/uploads\/dream\/img\/img_124938_6df53c61a6b1aaeba5b71282a22fe521_1.jpg?strip=all","datePublished":"2025-09-30T10:10:23+00:00","dateModified":"2026-02-19T20:23:17+00:00","breadcrumb":{"@id":"https:\/\/lovme.pt\/index.php\/produto\/satisfyer-vibrador-de-anel-duelismo-azul\/#breadcrumb"},"inLanguage":"pt-PT","potentialAction":[{"@type":"ReadAction","target":["https:\/\/lovme.pt\/index.php\/produto\/satisfyer-vibrador-de-anel-duelismo-azul\/"]}]},{"@type":"ImageObject","inLanguage":"pt-PT","@id":"https:\/\/lovme.pt\/index.php\/produto\/satisfyer-vibrador-de-anel-duelismo-azul\/#primaryimage","url":"https:\/\/erki24nd3ub.exactdn.com\/wp-content\/uploads\/dream\/img\/img_124938_6df53c61a6b1aaeba5b71282a22fe521_1.jpg?strip=all","contentUrl":"https:\/\/erki24nd3ub.exactdn.com\/wp-content\/uploads\/dream\/img\/img_124938_6df53c61a6b1aaeba5b71282a22fe521_1.jpg?strip=all","width":800,"height":800},{"@type":"BreadcrumbList","@id":"https:\/\/lovme.pt\/index.php\/produto\/satisfyer-vibrador-de-anel-duelismo-azul\/#breadcrumb","itemListElement":[{"@type":"ListItem","position":1,"name":"In\u00edcio","item":"https:\/\/lovme.pt\/"},{"@type":"ListItem","position":2,"name":"Loja","item":"https:\/\/lovme.pt\/index.php\/loja\/"},{"@type":"ListItem","position":3,"name":"SATISFYER DUELIST ANILLO VIBRADOR &#8211; GRIS"}]},{"@type":"WebSite","@id":"https:\/\/lovme.pt\/#website","url":"https:\/\/lovme.pt\/","name":"Lovme Loja Er\u00f3tica N\u00ba1 em Portugal","description":"A melhor loja er\u00f3tica de Portugal.","alternateName":"Loja Er\u00f3tica Lovme","potentialAction":[{"@type":"SearchAction","target":{"@type":"EntryPoint","urlTemplate":"https:\/\/lovme.pt\/?s={search_term_string}"},"query-input":{"@type":"PropertyValueSpecification","valueRequired":true,"valueName":"search_term_string"}}],"inLanguage":"pt-PT"}]}},"_links":{"self":[{"href":"https:\/\/lovme.pt\/index.php\/wp-json\/wp\/v2\/product\/39668","targetHints":{"allow":["GET"]}}],"collection":[{"href":"https:\/\/lovme.pt\/index.php\/wp-json\/wp\/v2\/product"}],"about":[{"href":"https:\/\/lovme.pt\/index.php\/wp-json\/wp\/v2\/types\/product"}],"wp:featuredmedia":[{"embeddable":true,"href":"https:\/\/lovme.pt\/index.php\/wp-json\/wp\/v2\/media\/63534"}],"wp:attachment":[{"href":"https:\/\/lovme.pt\/index.php\/wp-json\/wp\/v2\/media?parent=39668"}],"wp:term":[{"taxonomy":"product_brand","embeddable":true,"href":"https:\/\/lovme.pt\/index.php\/wp-json\/wp\/v2\/product_brand?post=39668"},{"taxonomy":"product_cat","embeddable":true,"href":"https:\/\/lovme.pt\/index.php\/wp-json\/wp\/v2\/product_cat?post=39668"},{"taxonomy":"product_tag","embeddable":true,"href":"https:\/\/lovme.pt\/index.php\/wp-json\/wp\/v2\/product_tag?post=39668"}],"curies":[{"name":"wp","href":"https:\/\/api.w.org\/{rel}","templated":true}]}}