{"id":39570,"date":"2025-09-30T22:48:01","date_gmt":"2025-09-30T22:48:01","guid":{"rendered":"https:\/\/lovme.pt\/?post_type=product&#038;p=39570"},"modified":"2026-02-25T08:26:51","modified_gmt":"2026-02-25T08:26:51","slug":"secretplay-chicote-black-bondage-colecao-bdsm","status":"publish","type":"product","link":"https:\/\/lovme.pt\/index.php\/produto\/secretplay-chicote-black-bondage-colecao-bdsm\/","title":{"rendered":"SECRETPLAY &#8211; CHICOTE BLACK BONDAGE COLE\u00c7\u00c3O BDSM"},"content":{"rendered":"<p>Entre no excitante mundo do BDSM com este acess&oacute;rio b&aacute;sico. Sentir a dor e o prazer ao mesmo tempo &eacute; sua coisa? Ent&atilde;o voc&ecirc; precisa deste chicote de bondage sexy, elegante, com franjas e incrivelmente macio ao toque. Muito confort&aacute;vel, n&atilde;o pesa nada e suas al&ccedil;as finas n&atilde;o s&atilde;o muito longas, por isso &eacute; muito f&aacute;cil lev&aacute;-lo aonde quer que voc&ecirc; v&aacute;. Uma verdadeira joia impertinente para todos os seus momentos sensuais.<\/p>\n<p>Composi&ccedil;&atilde;o: Couro Sint&eacute;tico<\/p>\n<p>Comprimento: 44cm<\/p>\n","protected":false},"excerpt":{"rendered":"<p>SECRETPLAY &#8211; CHICOTE BLACK BONDAGE COLE\u00c7\u00c3O BDSM<\/p>\n","protected":false},"featured_media":81067,"template":"","meta":{"_acf_changed":false},"product_brand":[],"product_cat":[48,17],"product_tag":[],"class_list":{"0":"post-39570","1":"product","2":"type-product","3":"status-publish","4":"has-post-thumbnail","6":"product_cat-bdsm","7":"product_cat-brinquedos-de-bem-estar-sexual","8":"yith_product_brand-secretplaysecretplay-100-fetish","10":"first","11":"instock","12":"taxable","13":"shipping-taxable","14":"purchasable","15":"product-type-simple"},"acf":[],"yoast_head":"<!-- This site is optimized with the Yoast SEO plugin v27.4 - https:\/\/yoast.com\/product\/yoast-seo-wordpress\/ -->\n<title>SECRETPLAY - CHICOTE BLACK BONDAGE COLE\u00c7\u00c3O BDSM - Lovme<\/title>\n<meta name=\"robots\" content=\"index, follow, max-snippet:-1, max-image-preview:large, max-video-preview:-1\" \/>\n<link rel=\"canonical\" href=\"https:\/\/lovme.pt\/index.php\/produto\/secretplay-chicote-black-bondage-colecao-bdsm\/\" \/>\n<meta property=\"og:locale\" content=\"pt_PT\" \/>\n<meta property=\"og:type\" content=\"article\" \/>\n<meta property=\"og:title\" content=\"SECRETPLAY - CHICOTE BLACK BONDAGE COLE\u00c7\u00c3O BDSM - Lovme\" \/>\n<meta property=\"og:description\" content=\"SECRETPLAY - CHICOTE BLACK BONDAGE COLE\u00c7\u00c3O BDSM\" \/>\n<meta property=\"og:url\" content=\"https:\/\/lovme.pt\/index.php\/produto\/secretplay-chicote-black-bondage-colecao-bdsm\/\" \/>\n<meta property=\"og:site_name\" content=\"Lovme\" \/>\n<meta property=\"article:modified_time\" content=\"2026-02-25T08:26:51+00:00\" \/>\n<meta property=\"og:image\" content=\"https:\/\/erki24nd3ub.exactdn.com\/wp-content\/uploads\/dream\/img\/img_124681_26aa7635ddacec673bca1ef130d53fca_1.png?strip=all\" \/>\n\t<meta property=\"og:image:width\" content=\"637\" \/>\n\t<meta property=\"og:image:height\" content=\"648\" \/>\n\t<meta property=\"og:image:type\" content=\"image\/png\" \/>\n<meta name=\"twitter:card\" content=\"summary_large_image\" \/>\n<meta name=\"twitter:label1\" content=\"Tempo estimado de leitura\" \/>\n\t<meta name=\"twitter:data1\" content=\"1 minuto\" \/>\n<script type=\"application\/ld+json\" class=\"yoast-schema-graph\">{\"@context\":\"https:\\\/\\\/schema.org\",\"@graph\":[{\"@type\":\"WebPage\",\"@id\":\"https:\\\/\\\/lovme.pt\\\/index.php\\\/produto\\\/secretplay-chicote-black-bondage-colecao-bdsm\\\/\",\"url\":\"https:\\\/\\\/lovme.pt\\\/index.php\\\/produto\\\/secretplay-chicote-black-bondage-colecao-bdsm\\\/\",\"name\":\"SECRETPLAY - CHICOTE BLACK BONDAGE COLE\u00c7\u00c3O BDSM - Lovme\",\"isPartOf\":{\"@id\":\"https:\\\/\\\/lovme.pt\\\/#website\"},\"primaryImageOfPage\":{\"@id\":\"https:\\\/\\\/lovme.pt\\\/index.php\\\/produto\\\/secretplay-chicote-black-bondage-colecao-bdsm\\\/#primaryimage\"},\"image\":{\"@id\":\"https:\\\/\\\/lovme.pt\\\/index.php\\\/produto\\\/secretplay-chicote-black-bondage-colecao-bdsm\\\/#primaryimage\"},\"thumbnailUrl\":\"https:\\\/\\\/erki24nd3ub.exactdn.com\\\/wp-content\\\/uploads\\\/dream\\\/img\\\/img_124681_26aa7635ddacec673bca1ef130d53fca_1.png?strip=all\",\"datePublished\":\"2025-09-30T22:48:01+00:00\",\"dateModified\":\"2026-02-25T08:26:51+00:00\",\"breadcrumb\":{\"@id\":\"https:\\\/\\\/lovme.pt\\\/index.php\\\/produto\\\/secretplay-chicote-black-bondage-colecao-bdsm\\\/#breadcrumb\"},\"inLanguage\":\"pt-PT\",\"potentialAction\":[{\"@type\":\"ReadAction\",\"target\":[\"https:\\\/\\\/lovme.pt\\\/index.php\\\/produto\\\/secretplay-chicote-black-bondage-colecao-bdsm\\\/\"]}]},{\"@type\":\"ImageObject\",\"inLanguage\":\"pt-PT\",\"@id\":\"https:\\\/\\\/lovme.pt\\\/index.php\\\/produto\\\/secretplay-chicote-black-bondage-colecao-bdsm\\\/#primaryimage\",\"url\":\"https:\\\/\\\/erki24nd3ub.exactdn.com\\\/wp-content\\\/uploads\\\/dream\\\/img\\\/img_124681_26aa7635ddacec673bca1ef130d53fca_1.png?strip=all\",\"contentUrl\":\"https:\\\/\\\/erki24nd3ub.exactdn.com\\\/wp-content\\\/uploads\\\/dream\\\/img\\\/img_124681_26aa7635ddacec673bca1ef130d53fca_1.png?strip=all\",\"width\":637,\"height\":648},{\"@type\":\"BreadcrumbList\",\"@id\":\"https:\\\/\\\/lovme.pt\\\/index.php\\\/produto\\\/secretplay-chicote-black-bondage-colecao-bdsm\\\/#breadcrumb\",\"itemListElement\":[{\"@type\":\"ListItem\",\"position\":1,\"name\":\"In\u00edcio\",\"item\":\"https:\\\/\\\/lovme.pt\\\/\"},{\"@type\":\"ListItem\",\"position\":2,\"name\":\"Loja\",\"item\":\"https:\\\/\\\/lovme.pt\\\/index.php\\\/loja\\\/\"},{\"@type\":\"ListItem\",\"position\":3,\"name\":\"SECRETPLAY &#8211; CHICOTE BLACK BONDAGE COLE\u00c7\u00c3O BDSM\"}]},{\"@type\":\"WebSite\",\"@id\":\"https:\\\/\\\/lovme.pt\\\/#website\",\"url\":\"https:\\\/\\\/lovme.pt\\\/\",\"name\":\"Lovme Loja Er\u00f3tica N\u00ba1 em Portugal\",\"description\":\"A melhor loja er\u00f3tica de Portugal.\",\"alternateName\":\"Loja Er\u00f3tica Lovme\",\"potentialAction\":[{\"@type\":\"SearchAction\",\"target\":{\"@type\":\"EntryPoint\",\"urlTemplate\":\"https:\\\/\\\/lovme.pt\\\/?s={search_term_string}\"},\"query-input\":{\"@type\":\"PropertyValueSpecification\",\"valueRequired\":true,\"valueName\":\"search_term_string\"}}],\"inLanguage\":\"pt-PT\"}]}<\/script>\n<!-- \/ Yoast SEO plugin. -->","yoast_head_json":{"title":"SECRETPLAY - CHICOTE BLACK BONDAGE COLE\u00c7\u00c3O BDSM - Lovme","robots":{"index":"index","follow":"follow","max-snippet":"max-snippet:-1","max-image-preview":"max-image-preview:large","max-video-preview":"max-video-preview:-1"},"canonical":"https:\/\/lovme.pt\/index.php\/produto\/secretplay-chicote-black-bondage-colecao-bdsm\/","og_locale":"pt_PT","og_type":"article","og_title":"SECRETPLAY - CHICOTE BLACK BONDAGE COLE\u00c7\u00c3O BDSM - Lovme","og_description":"SECRETPLAY - CHICOTE BLACK BONDAGE COLE\u00c7\u00c3O BDSM","og_url":"https:\/\/lovme.pt\/index.php\/produto\/secretplay-chicote-black-bondage-colecao-bdsm\/","og_site_name":"Lovme","article_modified_time":"2026-02-25T08:26:51+00:00","og_image":[{"width":637,"height":648,"url":"https:\/\/erki24nd3ub.exactdn.com\/wp-content\/uploads\/dream\/img\/img_124681_26aa7635ddacec673bca1ef130d53fca_1.png?strip=all","type":"image\/png"}],"twitter_card":"summary_large_image","twitter_misc":{"Tempo estimado de leitura":"1 minuto"},"schema":{"@context":"https:\/\/schema.org","@graph":[{"@type":"WebPage","@id":"https:\/\/lovme.pt\/index.php\/produto\/secretplay-chicote-black-bondage-colecao-bdsm\/","url":"https:\/\/lovme.pt\/index.php\/produto\/secretplay-chicote-black-bondage-colecao-bdsm\/","name":"SECRETPLAY - CHICOTE BLACK BONDAGE COLE\u00c7\u00c3O BDSM - Lovme","isPartOf":{"@id":"https:\/\/lovme.pt\/#website"},"primaryImageOfPage":{"@id":"https:\/\/lovme.pt\/index.php\/produto\/secretplay-chicote-black-bondage-colecao-bdsm\/#primaryimage"},"image":{"@id":"https:\/\/lovme.pt\/index.php\/produto\/secretplay-chicote-black-bondage-colecao-bdsm\/#primaryimage"},"thumbnailUrl":"https:\/\/erki24nd3ub.exactdn.com\/wp-content\/uploads\/dream\/img\/img_124681_26aa7635ddacec673bca1ef130d53fca_1.png?strip=all","datePublished":"2025-09-30T22:48:01+00:00","dateModified":"2026-02-25T08:26:51+00:00","breadcrumb":{"@id":"https:\/\/lovme.pt\/index.php\/produto\/secretplay-chicote-black-bondage-colecao-bdsm\/#breadcrumb"},"inLanguage":"pt-PT","potentialAction":[{"@type":"ReadAction","target":["https:\/\/lovme.pt\/index.php\/produto\/secretplay-chicote-black-bondage-colecao-bdsm\/"]}]},{"@type":"ImageObject","inLanguage":"pt-PT","@id":"https:\/\/lovme.pt\/index.php\/produto\/secretplay-chicote-black-bondage-colecao-bdsm\/#primaryimage","url":"https:\/\/erki24nd3ub.exactdn.com\/wp-content\/uploads\/dream\/img\/img_124681_26aa7635ddacec673bca1ef130d53fca_1.png?strip=all","contentUrl":"https:\/\/erki24nd3ub.exactdn.com\/wp-content\/uploads\/dream\/img\/img_124681_26aa7635ddacec673bca1ef130d53fca_1.png?strip=all","width":637,"height":648},{"@type":"BreadcrumbList","@id":"https:\/\/lovme.pt\/index.php\/produto\/secretplay-chicote-black-bondage-colecao-bdsm\/#breadcrumb","itemListElement":[{"@type":"ListItem","position":1,"name":"In\u00edcio","item":"https:\/\/lovme.pt\/"},{"@type":"ListItem","position":2,"name":"Loja","item":"https:\/\/lovme.pt\/index.php\/loja\/"},{"@type":"ListItem","position":3,"name":"SECRETPLAY &#8211; CHICOTE BLACK BONDAGE COLE\u00c7\u00c3O BDSM"}]},{"@type":"WebSite","@id":"https:\/\/lovme.pt\/#website","url":"https:\/\/lovme.pt\/","name":"Lovme Loja Er\u00f3tica N\u00ba1 em Portugal","description":"A melhor loja er\u00f3tica de Portugal.","alternateName":"Loja Er\u00f3tica Lovme","potentialAction":[{"@type":"SearchAction","target":{"@type":"EntryPoint","urlTemplate":"https:\/\/lovme.pt\/?s={search_term_string}"},"query-input":{"@type":"PropertyValueSpecification","valueRequired":true,"valueName":"search_term_string"}}],"inLanguage":"pt-PT"}]}},"_links":{"self":[{"href":"https:\/\/lovme.pt\/index.php\/wp-json\/wp\/v2\/product\/39570","targetHints":{"allow":["GET"]}}],"collection":[{"href":"https:\/\/lovme.pt\/index.php\/wp-json\/wp\/v2\/product"}],"about":[{"href":"https:\/\/lovme.pt\/index.php\/wp-json\/wp\/v2\/types\/product"}],"wp:featuredmedia":[{"embeddable":true,"href":"https:\/\/lovme.pt\/index.php\/wp-json\/wp\/v2\/media\/81067"}],"wp:attachment":[{"href":"https:\/\/lovme.pt\/index.php\/wp-json\/wp\/v2\/media?parent=39570"}],"wp:term":[{"taxonomy":"product_brand","embeddable":true,"href":"https:\/\/lovme.pt\/index.php\/wp-json\/wp\/v2\/product_brand?post=39570"},{"taxonomy":"product_cat","embeddable":true,"href":"https:\/\/lovme.pt\/index.php\/wp-json\/wp\/v2\/product_cat?post=39570"},{"taxonomy":"product_tag","embeddable":true,"href":"https:\/\/lovme.pt\/index.php\/wp-json\/wp\/v2\/product_tag?post=39570"}],"curies":[{"name":"wp","href":"https:\/\/api.w.org\/{rel}","templated":true}]}}