{"id":39510,"date":"2025-09-30T20:40:41","date_gmt":"2025-09-30T20:40:41","guid":{"rendered":"https:\/\/lovme.pt\/?post_type=product&#038;p=39510"},"modified":"2026-02-19T20:23:18","modified_gmt":"2026-02-19T20:23:18","slug":"satisfyer-vibrador-ebrace-me-gspot-berry","status":"publish","type":"product","link":"https:\/\/lovme.pt\/index.php\/produto\/satisfyer-vibrador-ebrace-me-gspot-berry\/","title":{"rendered":"SATISFYER &#8211; EMBRACE ME VIBRADOR PUNTO G ROJO"},"content":{"rendered":"<p>Abrace seus desejos com o ousado e belo Embrace Me. Muito flex\u00edvel, use a al\u00e7a em forma de la\u00e7o para experimentar facilmente o ponto G supremo e a estimula\u00e7\u00e3o do clit\u00f3ris.<\/p>\n<p> <strong>Informa\u00e7\u00f5es sobre o produto &#8220;Satisfyer Embrace Me&#8221;<\/strong><\/p>\n<ul>\n<li> 3 motores potentes transmitem ritmos de vibra\u00e7\u00e3o intensos por todo o dispositivo<\/li>\n<li> Ponto G e estimula\u00e7\u00e3o do clit\u00f3ris<\/li>\n<li> Super flex\u00edvel<\/li>\n<li> Feito de silicone m\u00e9dico supermacio e adequado para a pele, com um toque sedoso<\/li>\n<li> 15 anos de garantia<\/li>\n<li> Modo sussurro<\/li>\n<li> Bateria recarreg\u00e1vel de \u00edons de l\u00edtio<\/li>\n<li> \u00c0 prova d\u00e1gua (IPX7)<\/li>\n<li> Cabo de carregamento USB magn\u00e9tico inclu\u00eddo<\/li>\n<li> F\u00e1cil de limpar<\/li>\n<\/ul>\n<p> <strong>O que mais o vibrador Satisfyer Embrace Me pode lhe oferecer?<\/strong><\/p>\n<p> Constru\u00eddo para conhecedores do prazer, o Embrace Me fornece estimula\u00e7\u00e3o dupla e invertida atrav\u00e9s de seus 2 motores potentes. Diferente dos vibradores de coelho normais, o Embrace Me fornece estimula\u00e7\u00e3o intensificada de cima, e n\u00e3o de baixo. Use a haste grande com ponta pontiaguda para uma estimula\u00e7\u00e3o extremamente direcionada. O estimulador clitoriano possui 3 protuber\u00e2ncias para uma estimula\u00e7\u00e3o mais ampla do clit\u00f3ris e dos l\u00e1bios. Com os bot\u00f5es +\/- controlando o motor que alimenta a estimula\u00e7\u00e3o do ponto G e o bot\u00e3o  para controlar separadamente o motor dedicado \u00e0 estimula\u00e7\u00e3o do clit\u00f3ris, filtre facilmente 12 fun\u00e7\u00f5es individuais por motor para encontrar o prazer ideal!<\/p>\n<p> O Embrace Me \u00e9 feito de silicone seguro para o corpo, \u00e9 recarreg\u00e1vel e \u00e0 prova d\u2019\u00e1gua (IPX7).<\/p>\n<p> Venha me abra\u00e7ar.<\/p>\n","protected":false},"excerpt":{"rendered":"<p>SATISFYER &#8211; VIBRADOR EBRACE ME GSPOT BERRY<\/p>\n","protected":false},"featured_media":71373,"template":"","meta":{"_acf_changed":false},"product_brand":[],"product_cat":[17,76],"product_tag":[],"class_list":{"0":"post-39510","1":"product","2":"type-product","3":"status-publish","4":"has-post-thumbnail","6":"product_cat-brinquedos-de-bem-estar-sexual","7":"product_cat-vibradores","8":"yith_product_brand-satisfyer","9":"yith_product_brand-satisfyer-satisfyer-vibrator","11":"first","12":"instock","13":"taxable","14":"shipping-taxable","15":"purchasable","16":"product-type-variable","17":"has-default-attributes"},"acf":[],"yoast_head":"<!-- This site is optimized with the Yoast SEO plugin v27.4 - https:\/\/yoast.com\/product\/yoast-seo-wordpress\/ -->\n<title>SATISFYER - EMBRACE ME VIBRADOR PUNTO G ROJO - Lovme<\/title>\n<meta name=\"robots\" content=\"index, follow, max-snippet:-1, max-image-preview:large, max-video-preview:-1\" \/>\n<link rel=\"canonical\" href=\"https:\/\/lovme.pt\/index.php\/produto\/satisfyer-vibrador-ebrace-me-gspot-berry\/\" \/>\n<meta property=\"og:locale\" content=\"pt_PT\" \/>\n<meta property=\"og:type\" content=\"article\" \/>\n<meta property=\"og:title\" content=\"SATISFYER - EMBRACE ME VIBRADOR PUNTO G ROJO - Lovme\" \/>\n<meta property=\"og:description\" content=\"SATISFYER - VIBRADOR EBRACE ME GSPOT BERRY\" \/>\n<meta property=\"og:url\" content=\"https:\/\/lovme.pt\/index.php\/produto\/satisfyer-vibrador-ebrace-me-gspot-berry\/\" \/>\n<meta property=\"og:site_name\" content=\"Lovme\" \/>\n<meta property=\"article:modified_time\" content=\"2026-02-19T20:23:18+00:00\" \/>\n<meta property=\"og:image\" content=\"https:\/\/erki24nd3ub.exactdn.com\/wp-content\/uploads\/dream\/img\/img_124417_d34f8bc822add4cad447514b5dc01fd2_1.jpg?strip=all\" \/>\n\t<meta property=\"og:image:width\" content=\"800\" \/>\n\t<meta property=\"og:image:height\" content=\"800\" \/>\n\t<meta property=\"og:image:type\" content=\"image\/jpeg\" \/>\n<meta name=\"twitter:card\" content=\"summary_large_image\" \/>\n<meta name=\"twitter:label1\" content=\"Tempo estimado de leitura\" \/>\n\t<meta name=\"twitter:data1\" content=\"1 minuto\" \/>\n<script type=\"application\/ld+json\" class=\"yoast-schema-graph\">{\"@context\":\"https:\\\/\\\/schema.org\",\"@graph\":[{\"@type\":\"WebPage\",\"@id\":\"https:\\\/\\\/lovme.pt\\\/index.php\\\/produto\\\/satisfyer-vibrador-ebrace-me-gspot-berry\\\/\",\"url\":\"https:\\\/\\\/lovme.pt\\\/index.php\\\/produto\\\/satisfyer-vibrador-ebrace-me-gspot-berry\\\/\",\"name\":\"SATISFYER - EMBRACE ME VIBRADOR PUNTO G ROJO - Lovme\",\"isPartOf\":{\"@id\":\"https:\\\/\\\/lovme.pt\\\/#website\"},\"primaryImageOfPage\":{\"@id\":\"https:\\\/\\\/lovme.pt\\\/index.php\\\/produto\\\/satisfyer-vibrador-ebrace-me-gspot-berry\\\/#primaryimage\"},\"image\":{\"@id\":\"https:\\\/\\\/lovme.pt\\\/index.php\\\/produto\\\/satisfyer-vibrador-ebrace-me-gspot-berry\\\/#primaryimage\"},\"thumbnailUrl\":\"https:\\\/\\\/erki24nd3ub.exactdn.com\\\/wp-content\\\/uploads\\\/dream\\\/img\\\/img_124417_d34f8bc822add4cad447514b5dc01fd2_1.jpg?strip=all\",\"datePublished\":\"2025-09-30T20:40:41+00:00\",\"dateModified\":\"2026-02-19T20:23:18+00:00\",\"breadcrumb\":{\"@id\":\"https:\\\/\\\/lovme.pt\\\/index.php\\\/produto\\\/satisfyer-vibrador-ebrace-me-gspot-berry\\\/#breadcrumb\"},\"inLanguage\":\"pt-PT\",\"potentialAction\":[{\"@type\":\"ReadAction\",\"target\":[\"https:\\\/\\\/lovme.pt\\\/index.php\\\/produto\\\/satisfyer-vibrador-ebrace-me-gspot-berry\\\/\"]}]},{\"@type\":\"ImageObject\",\"inLanguage\":\"pt-PT\",\"@id\":\"https:\\\/\\\/lovme.pt\\\/index.php\\\/produto\\\/satisfyer-vibrador-ebrace-me-gspot-berry\\\/#primaryimage\",\"url\":\"https:\\\/\\\/erki24nd3ub.exactdn.com\\\/wp-content\\\/uploads\\\/dream\\\/img\\\/img_124417_d34f8bc822add4cad447514b5dc01fd2_1.jpg?strip=all\",\"contentUrl\":\"https:\\\/\\\/erki24nd3ub.exactdn.com\\\/wp-content\\\/uploads\\\/dream\\\/img\\\/img_124417_d34f8bc822add4cad447514b5dc01fd2_1.jpg?strip=all\",\"width\":800,\"height\":800},{\"@type\":\"BreadcrumbList\",\"@id\":\"https:\\\/\\\/lovme.pt\\\/index.php\\\/produto\\\/satisfyer-vibrador-ebrace-me-gspot-berry\\\/#breadcrumb\",\"itemListElement\":[{\"@type\":\"ListItem\",\"position\":1,\"name\":\"In\u00edcio\",\"item\":\"https:\\\/\\\/lovme.pt\\\/\"},{\"@type\":\"ListItem\",\"position\":2,\"name\":\"Loja\",\"item\":\"https:\\\/\\\/lovme.pt\\\/index.php\\\/loja\\\/\"},{\"@type\":\"ListItem\",\"position\":3,\"name\":\"SATISFYER &#8211; EMBRACE ME VIBRADOR PUNTO G ROJO\"}]},{\"@type\":\"WebSite\",\"@id\":\"https:\\\/\\\/lovme.pt\\\/#website\",\"url\":\"https:\\\/\\\/lovme.pt\\\/\",\"name\":\"Lovme Loja Er\u00f3tica N\u00ba1 em Portugal\",\"description\":\"A melhor loja er\u00f3tica de Portugal.\",\"alternateName\":\"Loja Er\u00f3tica Lovme\",\"potentialAction\":[{\"@type\":\"SearchAction\",\"target\":{\"@type\":\"EntryPoint\",\"urlTemplate\":\"https:\\\/\\\/lovme.pt\\\/?s={search_term_string}\"},\"query-input\":{\"@type\":\"PropertyValueSpecification\",\"valueRequired\":true,\"valueName\":\"search_term_string\"}}],\"inLanguage\":\"pt-PT\"}]}<\/script>\n<!-- \/ Yoast SEO plugin. -->","yoast_head_json":{"title":"SATISFYER - EMBRACE ME VIBRADOR PUNTO G ROJO - Lovme","robots":{"index":"index","follow":"follow","max-snippet":"max-snippet:-1","max-image-preview":"max-image-preview:large","max-video-preview":"max-video-preview:-1"},"canonical":"https:\/\/lovme.pt\/index.php\/produto\/satisfyer-vibrador-ebrace-me-gspot-berry\/","og_locale":"pt_PT","og_type":"article","og_title":"SATISFYER - EMBRACE ME VIBRADOR PUNTO G ROJO - Lovme","og_description":"SATISFYER - VIBRADOR EBRACE ME GSPOT BERRY","og_url":"https:\/\/lovme.pt\/index.php\/produto\/satisfyer-vibrador-ebrace-me-gspot-berry\/","og_site_name":"Lovme","article_modified_time":"2026-02-19T20:23:18+00:00","og_image":[{"width":800,"height":800,"url":"https:\/\/erki24nd3ub.exactdn.com\/wp-content\/uploads\/dream\/img\/img_124417_d34f8bc822add4cad447514b5dc01fd2_1.jpg?strip=all","type":"image\/jpeg"}],"twitter_card":"summary_large_image","twitter_misc":{"Tempo estimado de leitura":"1 minuto"},"schema":{"@context":"https:\/\/schema.org","@graph":[{"@type":"WebPage","@id":"https:\/\/lovme.pt\/index.php\/produto\/satisfyer-vibrador-ebrace-me-gspot-berry\/","url":"https:\/\/lovme.pt\/index.php\/produto\/satisfyer-vibrador-ebrace-me-gspot-berry\/","name":"SATISFYER - EMBRACE ME VIBRADOR PUNTO G ROJO - Lovme","isPartOf":{"@id":"https:\/\/lovme.pt\/#website"},"primaryImageOfPage":{"@id":"https:\/\/lovme.pt\/index.php\/produto\/satisfyer-vibrador-ebrace-me-gspot-berry\/#primaryimage"},"image":{"@id":"https:\/\/lovme.pt\/index.php\/produto\/satisfyer-vibrador-ebrace-me-gspot-berry\/#primaryimage"},"thumbnailUrl":"https:\/\/erki24nd3ub.exactdn.com\/wp-content\/uploads\/dream\/img\/img_124417_d34f8bc822add4cad447514b5dc01fd2_1.jpg?strip=all","datePublished":"2025-09-30T20:40:41+00:00","dateModified":"2026-02-19T20:23:18+00:00","breadcrumb":{"@id":"https:\/\/lovme.pt\/index.php\/produto\/satisfyer-vibrador-ebrace-me-gspot-berry\/#breadcrumb"},"inLanguage":"pt-PT","potentialAction":[{"@type":"ReadAction","target":["https:\/\/lovme.pt\/index.php\/produto\/satisfyer-vibrador-ebrace-me-gspot-berry\/"]}]},{"@type":"ImageObject","inLanguage":"pt-PT","@id":"https:\/\/lovme.pt\/index.php\/produto\/satisfyer-vibrador-ebrace-me-gspot-berry\/#primaryimage","url":"https:\/\/erki24nd3ub.exactdn.com\/wp-content\/uploads\/dream\/img\/img_124417_d34f8bc822add4cad447514b5dc01fd2_1.jpg?strip=all","contentUrl":"https:\/\/erki24nd3ub.exactdn.com\/wp-content\/uploads\/dream\/img\/img_124417_d34f8bc822add4cad447514b5dc01fd2_1.jpg?strip=all","width":800,"height":800},{"@type":"BreadcrumbList","@id":"https:\/\/lovme.pt\/index.php\/produto\/satisfyer-vibrador-ebrace-me-gspot-berry\/#breadcrumb","itemListElement":[{"@type":"ListItem","position":1,"name":"In\u00edcio","item":"https:\/\/lovme.pt\/"},{"@type":"ListItem","position":2,"name":"Loja","item":"https:\/\/lovme.pt\/index.php\/loja\/"},{"@type":"ListItem","position":3,"name":"SATISFYER &#8211; EMBRACE ME VIBRADOR PUNTO G ROJO"}]},{"@type":"WebSite","@id":"https:\/\/lovme.pt\/#website","url":"https:\/\/lovme.pt\/","name":"Lovme Loja Er\u00f3tica N\u00ba1 em Portugal","description":"A melhor loja er\u00f3tica de Portugal.","alternateName":"Loja Er\u00f3tica Lovme","potentialAction":[{"@type":"SearchAction","target":{"@type":"EntryPoint","urlTemplate":"https:\/\/lovme.pt\/?s={search_term_string}"},"query-input":{"@type":"PropertyValueSpecification","valueRequired":true,"valueName":"search_term_string"}}],"inLanguage":"pt-PT"}]}},"_links":{"self":[{"href":"https:\/\/lovme.pt\/index.php\/wp-json\/wp\/v2\/product\/39510","targetHints":{"allow":["GET"]}}],"collection":[{"href":"https:\/\/lovme.pt\/index.php\/wp-json\/wp\/v2\/product"}],"about":[{"href":"https:\/\/lovme.pt\/index.php\/wp-json\/wp\/v2\/types\/product"}],"wp:featuredmedia":[{"embeddable":true,"href":"https:\/\/lovme.pt\/index.php\/wp-json\/wp\/v2\/media\/71373"}],"wp:attachment":[{"href":"https:\/\/lovme.pt\/index.php\/wp-json\/wp\/v2\/media?parent=39510"}],"wp:term":[{"taxonomy":"product_brand","embeddable":true,"href":"https:\/\/lovme.pt\/index.php\/wp-json\/wp\/v2\/product_brand?post=39510"},{"taxonomy":"product_cat","embeddable":true,"href":"https:\/\/lovme.pt\/index.php\/wp-json\/wp\/v2\/product_cat?post=39510"},{"taxonomy":"product_tag","embeddable":true,"href":"https:\/\/lovme.pt\/index.php\/wp-json\/wp\/v2\/product_tag?post=39510"}],"curies":[{"name":"wp","href":"https:\/\/api.w.org\/{rel}","templated":true}]}}