{"id":39328,"date":"2025-09-30T09:59:00","date_gmt":"2025-09-30T09:59:00","guid":{"rendered":"https:\/\/lovme.pt\/?post_type=product&#038;p=39328"},"modified":"2026-02-20T04:02:07","modified_gmt":"2026-02-20T04:02:07","slug":"penthouse-enjoy-the-moment-teddy-s-m-l","status":"publish","type":"product","link":"https:\/\/lovme.pt\/index.php\/produto\/penthouse-enjoy-the-moment-teddy-s-m-l\/","title":{"rendered":"PENTHOUSE &#8211; ENJOY THE MOMENT TEDDY XL"},"content":{"rendered":"<p>Temos o prazer de apresentar a segunda cole\u00e7\u00e3o da nossa linha Penthouse Lingerie! Com base no sucesso de nossa cole\u00e7\u00e3o inicial, estamos entusiasmados em oferecer estilos ainda mais sexy de nossos populares conjuntos, calcinhas, bodysuits, vestidos e bodystockings.<\/p>\n<p> Seja diferente, seja confiante, seja destacado. N\u00e3o importa qual estilo voc\u00ea escolha hoje, prometemos que cada dia ser\u00e1 uma ocasi\u00e3o especial com nossa Lingerie<\/p>\n<p> Conhe\u00e7a o luxo m\u00e1ximo! Nossa sensual Lingerie Penthouse est\u00e1 dispon\u00edvel em embalagens de Qualidade Premium e \u00e9 totalmente isenta de pl\u00e1stico e sustent\u00e1vel! O acabamento dourado de bom gosto e o cart\u00e3o comemorativo exclusivo fazem da sua caixa de lingerie uma obra de arte \u00fanica.<\/p>\n<ul style=\"line-height: 20.8px;\">\n<li> APROVEITE O MOMENTO TEDDY<\/li>\n<li> Este body excitante garante verdadeiros momentos de prazer no quarto: O tecido de malha grossa aninha-se ao seu corpo e apresenta as suas curvas de uma forma particularmente sedutora. Ao mesmo tempo, a faixa opaca abaixo do peito chama a aten\u00e7\u00e3o para o seu decote. Seu bumbum tamb\u00e9m fica embelezado pelo corte justo da lingerie  para momentos que sua namorada jamais esquecer\u00e1.<\/li>\n<\/ul>\n<p> Aproveite esta linha sexy e de alta qualidade criada s\u00f3 para voc\u00ea! Divirta-se sendo uma garota da Penthouse!<\/p>\n","protected":false},"excerpt":{"rendered":"<p>PENTHOUSE &#8211; ENJOY THE MOMENT TEDDY S\/M\/L<\/p>\n","protected":false},"featured_media":60428,"template":"","meta":{"_acf_changed":false},"product_brand":[],"product_cat":[47,66,115],"product_tag":[],"class_list":{"0":"post-39328","1":"product","2":"type-product","3":"status-publish","4":"has-post-thumbnail","6":"product_cat-lingerie","7":"product_cat-lingerie-feminina","8":"product_cat-ofertas","9":"yith_product_brand-penthouse-lingerie","10":"yith_product_brand-penthouse-lingerie-penthouse-teddy","12":"first","13":"instock","14":"taxable","15":"shipping-taxable","16":"purchasable","17":"product-type-variable","18":"has-default-attributes"},"acf":[],"yoast_head":"<!-- This site is optimized with the Yoast SEO plugin v27.3 - https:\/\/yoast.com\/product\/yoast-seo-wordpress\/ -->\n<title>PENTHOUSE - ENJOY THE MOMENT TEDDY XL - Lovme<\/title>\n<meta name=\"robots\" content=\"index, follow, max-snippet:-1, max-image-preview:large, max-video-preview:-1\" \/>\n<link rel=\"canonical\" href=\"https:\/\/lovme.pt\/index.php\/produto\/penthouse-enjoy-the-moment-teddy-s-m-l\/\" \/>\n<meta property=\"og:locale\" content=\"pt_PT\" \/>\n<meta property=\"og:type\" content=\"article\" \/>\n<meta property=\"og:title\" content=\"PENTHOUSE - ENJOY THE MOMENT TEDDY XL - Lovme\" \/>\n<meta property=\"og:description\" content=\"PENTHOUSE - ENJOY THE MOMENT TEDDY S\/M\/L\" \/>\n<meta property=\"og:url\" content=\"https:\/\/lovme.pt\/index.php\/produto\/penthouse-enjoy-the-moment-teddy-s-m-l\/\" \/>\n<meta property=\"og:site_name\" content=\"Lovme\" \/>\n<meta property=\"article:modified_time\" content=\"2026-02-20T04:02:07+00:00\" \/>\n<meta property=\"og:image\" content=\"https:\/\/erki24nd3ub.exactdn.com\/wp-content\/uploads\/dream\/img\/img_123699_f134875e072805472f4641816f12b95b_1.jpg?strip=all\" \/>\n\t<meta property=\"og:image:width\" content=\"800\" \/>\n\t<meta property=\"og:image:height\" content=\"800\" \/>\n\t<meta property=\"og:image:type\" content=\"image\/jpeg\" \/>\n<meta name=\"twitter:card\" content=\"summary_large_image\" \/>\n<meta name=\"twitter:label1\" content=\"Tempo estimado de leitura\" \/>\n\t<meta name=\"twitter:data1\" content=\"1 minuto\" \/>\n<script type=\"application\/ld+json\" class=\"yoast-schema-graph\">{\"@context\":\"https:\\\/\\\/schema.org\",\"@graph\":[{\"@type\":\"WebPage\",\"@id\":\"https:\\\/\\\/lovme.pt\\\/index.php\\\/produto\\\/penthouse-enjoy-the-moment-teddy-s-m-l\\\/\",\"url\":\"https:\\\/\\\/lovme.pt\\\/index.php\\\/produto\\\/penthouse-enjoy-the-moment-teddy-s-m-l\\\/\",\"name\":\"PENTHOUSE - ENJOY THE MOMENT TEDDY XL - Lovme\",\"isPartOf\":{\"@id\":\"https:\\\/\\\/lovme.pt\\\/#website\"},\"primaryImageOfPage\":{\"@id\":\"https:\\\/\\\/lovme.pt\\\/index.php\\\/produto\\\/penthouse-enjoy-the-moment-teddy-s-m-l\\\/#primaryimage\"},\"image\":{\"@id\":\"https:\\\/\\\/lovme.pt\\\/index.php\\\/produto\\\/penthouse-enjoy-the-moment-teddy-s-m-l\\\/#primaryimage\"},\"thumbnailUrl\":\"https:\\\/\\\/erki24nd3ub.exactdn.com\\\/wp-content\\\/uploads\\\/dream\\\/img\\\/img_123699_f134875e072805472f4641816f12b95b_1.jpg?strip=all\",\"datePublished\":\"2025-09-30T09:59:00+00:00\",\"dateModified\":\"2026-02-20T04:02:07+00:00\",\"breadcrumb\":{\"@id\":\"https:\\\/\\\/lovme.pt\\\/index.php\\\/produto\\\/penthouse-enjoy-the-moment-teddy-s-m-l\\\/#breadcrumb\"},\"inLanguage\":\"pt-PT\",\"potentialAction\":[{\"@type\":\"ReadAction\",\"target\":[\"https:\\\/\\\/lovme.pt\\\/index.php\\\/produto\\\/penthouse-enjoy-the-moment-teddy-s-m-l\\\/\"]}]},{\"@type\":\"ImageObject\",\"inLanguage\":\"pt-PT\",\"@id\":\"https:\\\/\\\/lovme.pt\\\/index.php\\\/produto\\\/penthouse-enjoy-the-moment-teddy-s-m-l\\\/#primaryimage\",\"url\":\"https:\\\/\\\/erki24nd3ub.exactdn.com\\\/wp-content\\\/uploads\\\/dream\\\/img\\\/img_123699_f134875e072805472f4641816f12b95b_1.jpg?strip=all\",\"contentUrl\":\"https:\\\/\\\/erki24nd3ub.exactdn.com\\\/wp-content\\\/uploads\\\/dream\\\/img\\\/img_123699_f134875e072805472f4641816f12b95b_1.jpg?strip=all\",\"width\":800,\"height\":800},{\"@type\":\"BreadcrumbList\",\"@id\":\"https:\\\/\\\/lovme.pt\\\/index.php\\\/produto\\\/penthouse-enjoy-the-moment-teddy-s-m-l\\\/#breadcrumb\",\"itemListElement\":[{\"@type\":\"ListItem\",\"position\":1,\"name\":\"In\u00edcio\",\"item\":\"https:\\\/\\\/lovme.pt\\\/\"},{\"@type\":\"ListItem\",\"position\":2,\"name\":\"Loja\",\"item\":\"https:\\\/\\\/lovme.pt\\\/index.php\\\/loja\\\/\"},{\"@type\":\"ListItem\",\"position\":3,\"name\":\"PENTHOUSE &#8211; ENJOY THE MOMENT TEDDY XL\"}]},{\"@type\":\"WebSite\",\"@id\":\"https:\\\/\\\/lovme.pt\\\/#website\",\"url\":\"https:\\\/\\\/lovme.pt\\\/\",\"name\":\"Lovme Loja Er\u00f3tica N\u00ba1 em Portugal\",\"description\":\"A melhor loja er\u00f3tica de Portugal.\",\"alternateName\":\"Loja Er\u00f3tica Lovme\",\"potentialAction\":[{\"@type\":\"SearchAction\",\"target\":{\"@type\":\"EntryPoint\",\"urlTemplate\":\"https:\\\/\\\/lovme.pt\\\/?s={search_term_string}\"},\"query-input\":{\"@type\":\"PropertyValueSpecification\",\"valueRequired\":true,\"valueName\":\"search_term_string\"}}],\"inLanguage\":\"pt-PT\"}]}<\/script>\n<!-- \/ Yoast SEO plugin. -->","yoast_head_json":{"title":"PENTHOUSE - ENJOY THE MOMENT TEDDY XL - Lovme","robots":{"index":"index","follow":"follow","max-snippet":"max-snippet:-1","max-image-preview":"max-image-preview:large","max-video-preview":"max-video-preview:-1"},"canonical":"https:\/\/lovme.pt\/index.php\/produto\/penthouse-enjoy-the-moment-teddy-s-m-l\/","og_locale":"pt_PT","og_type":"article","og_title":"PENTHOUSE - ENJOY THE MOMENT TEDDY XL - Lovme","og_description":"PENTHOUSE - ENJOY THE MOMENT TEDDY S\/M\/L","og_url":"https:\/\/lovme.pt\/index.php\/produto\/penthouse-enjoy-the-moment-teddy-s-m-l\/","og_site_name":"Lovme","article_modified_time":"2026-02-20T04:02:07+00:00","og_image":[{"width":800,"height":800,"url":"https:\/\/erki24nd3ub.exactdn.com\/wp-content\/uploads\/dream\/img\/img_123699_f134875e072805472f4641816f12b95b_1.jpg?strip=all","type":"image\/jpeg"}],"twitter_card":"summary_large_image","twitter_misc":{"Tempo estimado de leitura":"1 minuto"},"schema":{"@context":"https:\/\/schema.org","@graph":[{"@type":"WebPage","@id":"https:\/\/lovme.pt\/index.php\/produto\/penthouse-enjoy-the-moment-teddy-s-m-l\/","url":"https:\/\/lovme.pt\/index.php\/produto\/penthouse-enjoy-the-moment-teddy-s-m-l\/","name":"PENTHOUSE - ENJOY THE MOMENT TEDDY XL - Lovme","isPartOf":{"@id":"https:\/\/lovme.pt\/#website"},"primaryImageOfPage":{"@id":"https:\/\/lovme.pt\/index.php\/produto\/penthouse-enjoy-the-moment-teddy-s-m-l\/#primaryimage"},"image":{"@id":"https:\/\/lovme.pt\/index.php\/produto\/penthouse-enjoy-the-moment-teddy-s-m-l\/#primaryimage"},"thumbnailUrl":"https:\/\/erki24nd3ub.exactdn.com\/wp-content\/uploads\/dream\/img\/img_123699_f134875e072805472f4641816f12b95b_1.jpg?strip=all","datePublished":"2025-09-30T09:59:00+00:00","dateModified":"2026-02-20T04:02:07+00:00","breadcrumb":{"@id":"https:\/\/lovme.pt\/index.php\/produto\/penthouse-enjoy-the-moment-teddy-s-m-l\/#breadcrumb"},"inLanguage":"pt-PT","potentialAction":[{"@type":"ReadAction","target":["https:\/\/lovme.pt\/index.php\/produto\/penthouse-enjoy-the-moment-teddy-s-m-l\/"]}]},{"@type":"ImageObject","inLanguage":"pt-PT","@id":"https:\/\/lovme.pt\/index.php\/produto\/penthouse-enjoy-the-moment-teddy-s-m-l\/#primaryimage","url":"https:\/\/erki24nd3ub.exactdn.com\/wp-content\/uploads\/dream\/img\/img_123699_f134875e072805472f4641816f12b95b_1.jpg?strip=all","contentUrl":"https:\/\/erki24nd3ub.exactdn.com\/wp-content\/uploads\/dream\/img\/img_123699_f134875e072805472f4641816f12b95b_1.jpg?strip=all","width":800,"height":800},{"@type":"BreadcrumbList","@id":"https:\/\/lovme.pt\/index.php\/produto\/penthouse-enjoy-the-moment-teddy-s-m-l\/#breadcrumb","itemListElement":[{"@type":"ListItem","position":1,"name":"In\u00edcio","item":"https:\/\/lovme.pt\/"},{"@type":"ListItem","position":2,"name":"Loja","item":"https:\/\/lovme.pt\/index.php\/loja\/"},{"@type":"ListItem","position":3,"name":"PENTHOUSE &#8211; ENJOY THE MOMENT TEDDY XL"}]},{"@type":"WebSite","@id":"https:\/\/lovme.pt\/#website","url":"https:\/\/lovme.pt\/","name":"Lovme Loja Er\u00f3tica N\u00ba1 em Portugal","description":"A melhor loja er\u00f3tica de Portugal.","alternateName":"Loja Er\u00f3tica Lovme","potentialAction":[{"@type":"SearchAction","target":{"@type":"EntryPoint","urlTemplate":"https:\/\/lovme.pt\/?s={search_term_string}"},"query-input":{"@type":"PropertyValueSpecification","valueRequired":true,"valueName":"search_term_string"}}],"inLanguage":"pt-PT"}]}},"_links":{"self":[{"href":"https:\/\/lovme.pt\/index.php\/wp-json\/wp\/v2\/product\/39328","targetHints":{"allow":["GET"]}}],"collection":[{"href":"https:\/\/lovme.pt\/index.php\/wp-json\/wp\/v2\/product"}],"about":[{"href":"https:\/\/lovme.pt\/index.php\/wp-json\/wp\/v2\/types\/product"}],"wp:featuredmedia":[{"embeddable":true,"href":"https:\/\/lovme.pt\/index.php\/wp-json\/wp\/v2\/media\/60428"}],"wp:attachment":[{"href":"https:\/\/lovme.pt\/index.php\/wp-json\/wp\/v2\/media?parent=39328"}],"wp:term":[{"taxonomy":"product_brand","embeddable":true,"href":"https:\/\/lovme.pt\/index.php\/wp-json\/wp\/v2\/product_brand?post=39328"},{"taxonomy":"product_cat","embeddable":true,"href":"https:\/\/lovme.pt\/index.php\/wp-json\/wp\/v2\/product_cat?post=39328"},{"taxonomy":"product_tag","embeddable":true,"href":"https:\/\/lovme.pt\/index.php\/wp-json\/wp\/v2\/product_tag?post=39328"}],"curies":[{"name":"wp","href":"https:\/\/api.w.org\/{rel}","templated":true}]}}