{"id":39220,"date":"2025-10-01T03:14:13","date_gmt":"2025-10-01T03:14:13","guid":{"rendered":"https:\/\/lovme.pt\/?post_type=product&p=39220"},"modified":"2026-02-19T20:22:43","modified_gmt":"2026-02-19T20:22:43","slug":"experience-kit-bdsm-fetish-serie-roxa-51-grtis","status":"publish","type":"product","link":"https:\/\/lovme.pt\/index.php\/produto\/experience-kit-bdsm-fetish-serie-roxa-51-grtis\/","title":{"rendered":"EXPERIENCE &#8211; KIT BDSM FETISH S\u00c9RIE ROXA 5+1 GRTIS"},"content":{"rendered":"<p>BDSM \u00e9 uma palavra abreviada que re\u00fane as iniciais das seguintes palavras: Bondage, Disciplina, Submiss\u00e3o e Masoquismo.<\/p>\n<p> O BDSM \u00e9 baseado em uma s\u00e9rie de comportamentos e a\u00e7\u00f5es sexuais livremente aceitas e consensuais pelos participantes. Muitas vezes usamos sao ou sadomasoquismo para definir pr\u00e1ticas de BDSM, em caso de erro. A principal caracter\u00edstica desta alternativa sexual \u00e9 o respeito e a liberdade de cada participante.<\/p>\n<p> Com Experience voc\u00ea ter\u00e1 tudo que precisa para praticar BDSM neste conjunto Bondage; todo couro sint\u00e9tico, todo lil\u00e1s. E n\u00e3o faltar\u00e1 nada, sejam iniciantes ou jogadores avan\u00e7ados. Voc\u00ea n\u00e3o acredita?<\/p>\n<p> O conjunto inclui 8 pe\u00e7as exclusivas:<\/p>\n<ul>\n<li> Morda\u00e7a respir\u00e1vel<\/li>\n<li> Conjunto de algemas de couro lil\u00e1s<\/li>\n<li> Conjunto de tornozeleiras em couro lil\u00e1s<\/li>\n<li> p\u00e1 de palmada<\/li>\n<li> mascarar<\/li>\n<li> Protetores de mamilo<\/li>\n<li> Cordas com 5 metros de comprimento<\/li>\n<li> Emocionantes penas lilases<\/li>\n<\/ul>\n<p> Fique atento<\/p>\n<p> Vamos entrar no significado de escravid\u00e3o. Voc\u00ea deve estar sempre ciente das suas necessidades e das de seu parceiro. Se voc\u00ea sentir que algu\u00e9m est\u00e1 tendo complica\u00e7\u00f5es, pare e pergunte se ele est\u00e1 bem.<\/p>\n<p> Uma boa ideia \u00e9 estabelecer uma palavra-c\u00f3digo ou sinal, que pode ser qualquer coisa, para fazer o parceiro entender que voc\u00ea quer parar ou ir mais devagar.<\/p>\n<p> Com o Kit Experience Black voc\u00ea garante uma experi\u00eancia segura e com um resultado emocionante.<\/p>\n","protected":false},"excerpt":{"rendered":"<p>EXPERIENCE &#8211; KIT BDSM FETISH S\u00c9RIE ROXA 5+1 GRTIS<\/p>\n","protected":false},"featured_media":102200,"template":"","meta":{"_acf_changed":false},"product_brand":[],"product_cat":[48,17,65],"product_tag":[],"class_list":{"0":"post-39220","1":"product","2":"type-product","3":"status-publish","4":"has-post-thumbnail","6":"product_cat-bdsm","7":"product_cat-brinquedos-de-bem-estar-sexual","8":"product_cat-kits","9":"yith_product_brand-experience","11":"first","12":"instock","13":"taxable","14":"shipping-taxable","15":"purchasable","16":"product-type-simple"},"acf":[],"yoast_head":"<!-- This site is optimized with the Yoast SEO plugin v27.4 - https:\/\/yoast.com\/product\/yoast-seo-wordpress\/ -->\n<title>EXPERIENCE - KIT BDSM FETISH S\u00c9RIE ROXA 5+1 GRTIS - Lovme<\/title>\n<meta name=\"robots\" content=\"index, follow, max-snippet:-1, max-image-preview:large, max-video-preview:-1\" \/>\n<link rel=\"canonical\" href=\"https:\/\/lovme.pt\/index.php\/produto\/experience-kit-bdsm-fetish-serie-roxa-51-grtis\/\" \/>\n<meta property=\"og:locale\" content=\"pt_PT\" \/>\n<meta property=\"og:type\" content=\"article\" \/>\n<meta property=\"og:title\" content=\"EXPERIENCE - KIT BDSM FETISH S\u00c9RIE ROXA 5+1 GRTIS - Lovme\" \/>\n<meta property=\"og:description\" content=\"EXPERIENCE - KIT BDSM FETISH S\u00c9RIE ROXA 5+1 GRTIS\" \/>\n<meta property=\"og:url\" content=\"https:\/\/lovme.pt\/index.php\/produto\/experience-kit-bdsm-fetish-serie-roxa-51-grtis\/\" \/>\n<meta property=\"og:site_name\" content=\"Lovme\" \/>\n<meta property=\"article:modified_time\" content=\"2026-02-19T20:22:43+00:00\" \/>\n<meta property=\"og:image\" content=\"https:\/\/erki24nd3ub.exactdn.com\/wp-content\/uploads\/dream\/img\/img_123363_371697255afc7ee6b7e587c9d83b8cc7_1.png?strip=all\" \/>\n\t<meta property=\"og:image:width\" content=\"800\" \/>\n\t<meta property=\"og:image:height\" content=\"800\" \/>\n\t<meta property=\"og:image:type\" content=\"image\/png\" \/>\n<meta name=\"twitter:card\" content=\"summary_large_image\" \/>\n<meta name=\"twitter:label1\" content=\"Tempo estimado de leitura\" \/>\n\t<meta name=\"twitter:data1\" content=\"1 minuto\" \/>\n<script type=\"application\/ld+json\" class=\"yoast-schema-graph\">{\"@context\":\"https:\\\/\\\/schema.org\",\"@graph\":[{\"@type\":\"WebPage\",\"@id\":\"https:\\\/\\\/lovme.pt\\\/index.php\\\/produto\\\/experience-kit-bdsm-fetish-serie-roxa-51-grtis\\\/\",\"url\":\"https:\\\/\\\/lovme.pt\\\/index.php\\\/produto\\\/experience-kit-bdsm-fetish-serie-roxa-51-grtis\\\/\",\"name\":\"EXPERIENCE - KIT BDSM FETISH S\u00c9RIE ROXA 5+1 GRTIS - Lovme\",\"isPartOf\":{\"@id\":\"https:\\\/\\\/lovme.pt\\\/#website\"},\"primaryImageOfPage\":{\"@id\":\"https:\\\/\\\/lovme.pt\\\/index.php\\\/produto\\\/experience-kit-bdsm-fetish-serie-roxa-51-grtis\\\/#primaryimage\"},\"image\":{\"@id\":\"https:\\\/\\\/lovme.pt\\\/index.php\\\/produto\\\/experience-kit-bdsm-fetish-serie-roxa-51-grtis\\\/#primaryimage\"},\"thumbnailUrl\":\"https:\\\/\\\/erki24nd3ub.exactdn.com\\\/wp-content\\\/uploads\\\/dream\\\/img\\\/img_123363_371697255afc7ee6b7e587c9d83b8cc7_1.png?strip=all\",\"datePublished\":\"2025-10-01T03:14:13+00:00\",\"dateModified\":\"2026-02-19T20:22:43+00:00\",\"breadcrumb\":{\"@id\":\"https:\\\/\\\/lovme.pt\\\/index.php\\\/produto\\\/experience-kit-bdsm-fetish-serie-roxa-51-grtis\\\/#breadcrumb\"},\"inLanguage\":\"pt-PT\",\"potentialAction\":[{\"@type\":\"ReadAction\",\"target\":[\"https:\\\/\\\/lovme.pt\\\/index.php\\\/produto\\\/experience-kit-bdsm-fetish-serie-roxa-51-grtis\\\/\"]}]},{\"@type\":\"ImageObject\",\"inLanguage\":\"pt-PT\",\"@id\":\"https:\\\/\\\/lovme.pt\\\/index.php\\\/produto\\\/experience-kit-bdsm-fetish-serie-roxa-51-grtis\\\/#primaryimage\",\"url\":\"https:\\\/\\\/erki24nd3ub.exactdn.com\\\/wp-content\\\/uploads\\\/dream\\\/img\\\/img_123363_371697255afc7ee6b7e587c9d83b8cc7_1.png?strip=all\",\"contentUrl\":\"https:\\\/\\\/erki24nd3ub.exactdn.com\\\/wp-content\\\/uploads\\\/dream\\\/img\\\/img_123363_371697255afc7ee6b7e587c9d83b8cc7_1.png?strip=all\",\"width\":800,\"height\":800},{\"@type\":\"BreadcrumbList\",\"@id\":\"https:\\\/\\\/lovme.pt\\\/index.php\\\/produto\\\/experience-kit-bdsm-fetish-serie-roxa-51-grtis\\\/#breadcrumb\",\"itemListElement\":[{\"@type\":\"ListItem\",\"position\":1,\"name\":\"In\u00edcio\",\"item\":\"https:\\\/\\\/lovme.pt\\\/\"},{\"@type\":\"ListItem\",\"position\":2,\"name\":\"Loja\",\"item\":\"https:\\\/\\\/lovme.pt\\\/index.php\\\/loja\\\/\"},{\"@type\":\"ListItem\",\"position\":3,\"name\":\"EXPERIENCE &#8211; KIT BDSM FETISH S\u00c9RIE ROXA 5+1 GRTIS\"}]},{\"@type\":\"WebSite\",\"@id\":\"https:\\\/\\\/lovme.pt\\\/#website\",\"url\":\"https:\\\/\\\/lovme.pt\\\/\",\"name\":\"Lovme Loja Er\u00f3tica N\u00ba1 em Portugal\",\"description\":\"A melhor loja er\u00f3tica de Portugal.\",\"alternateName\":\"Loja Er\u00f3tica Lovme\",\"potentialAction\":[{\"@type\":\"SearchAction\",\"target\":{\"@type\":\"EntryPoint\",\"urlTemplate\":\"https:\\\/\\\/lovme.pt\\\/?s={search_term_string}\"},\"query-input\":{\"@type\":\"PropertyValueSpecification\",\"valueRequired\":true,\"valueName\":\"search_term_string\"}}],\"inLanguage\":\"pt-PT\"}]}<\/script>\n<!-- \/ Yoast SEO plugin. -->","yoast_head_json":{"title":"EXPERIENCE - KIT BDSM FETISH S\u00c9RIE ROXA 5+1 GRTIS - Lovme","robots":{"index":"index","follow":"follow","max-snippet":"max-snippet:-1","max-image-preview":"max-image-preview:large","max-video-preview":"max-video-preview:-1"},"canonical":"https:\/\/lovme.pt\/index.php\/produto\/experience-kit-bdsm-fetish-serie-roxa-51-grtis\/","og_locale":"pt_PT","og_type":"article","og_title":"EXPERIENCE - KIT BDSM FETISH S\u00c9RIE ROXA 5+1 GRTIS - Lovme","og_description":"EXPERIENCE - KIT BDSM FETISH S\u00c9RIE ROXA 5+1 GRTIS","og_url":"https:\/\/lovme.pt\/index.php\/produto\/experience-kit-bdsm-fetish-serie-roxa-51-grtis\/","og_site_name":"Lovme","article_modified_time":"2026-02-19T20:22:43+00:00","og_image":[{"width":800,"height":800,"url":"https:\/\/erki24nd3ub.exactdn.com\/wp-content\/uploads\/dream\/img\/img_123363_371697255afc7ee6b7e587c9d83b8cc7_1.png?strip=all","type":"image\/png"}],"twitter_card":"summary_large_image","twitter_misc":{"Tempo estimado de leitura":"1 minuto"},"schema":{"@context":"https:\/\/schema.org","@graph":[{"@type":"WebPage","@id":"https:\/\/lovme.pt\/index.php\/produto\/experience-kit-bdsm-fetish-serie-roxa-51-grtis\/","url":"https:\/\/lovme.pt\/index.php\/produto\/experience-kit-bdsm-fetish-serie-roxa-51-grtis\/","name":"EXPERIENCE - KIT BDSM FETISH S\u00c9RIE ROXA 5+1 GRTIS - Lovme","isPartOf":{"@id":"https:\/\/lovme.pt\/#website"},"primaryImageOfPage":{"@id":"https:\/\/lovme.pt\/index.php\/produto\/experience-kit-bdsm-fetish-serie-roxa-51-grtis\/#primaryimage"},"image":{"@id":"https:\/\/lovme.pt\/index.php\/produto\/experience-kit-bdsm-fetish-serie-roxa-51-grtis\/#primaryimage"},"thumbnailUrl":"https:\/\/erki24nd3ub.exactdn.com\/wp-content\/uploads\/dream\/img\/img_123363_371697255afc7ee6b7e587c9d83b8cc7_1.png?strip=all","datePublished":"2025-10-01T03:14:13+00:00","dateModified":"2026-02-19T20:22:43+00:00","breadcrumb":{"@id":"https:\/\/lovme.pt\/index.php\/produto\/experience-kit-bdsm-fetish-serie-roxa-51-grtis\/#breadcrumb"},"inLanguage":"pt-PT","potentialAction":[{"@type":"ReadAction","target":["https:\/\/lovme.pt\/index.php\/produto\/experience-kit-bdsm-fetish-serie-roxa-51-grtis\/"]}]},{"@type":"ImageObject","inLanguage":"pt-PT","@id":"https:\/\/lovme.pt\/index.php\/produto\/experience-kit-bdsm-fetish-serie-roxa-51-grtis\/#primaryimage","url":"https:\/\/erki24nd3ub.exactdn.com\/wp-content\/uploads\/dream\/img\/img_123363_371697255afc7ee6b7e587c9d83b8cc7_1.png?strip=all","contentUrl":"https:\/\/erki24nd3ub.exactdn.com\/wp-content\/uploads\/dream\/img\/img_123363_371697255afc7ee6b7e587c9d83b8cc7_1.png?strip=all","width":800,"height":800},{"@type":"BreadcrumbList","@id":"https:\/\/lovme.pt\/index.php\/produto\/experience-kit-bdsm-fetish-serie-roxa-51-grtis\/#breadcrumb","itemListElement":[{"@type":"ListItem","position":1,"name":"In\u00edcio","item":"https:\/\/lovme.pt\/"},{"@type":"ListItem","position":2,"name":"Loja","item":"https:\/\/lovme.pt\/index.php\/loja\/"},{"@type":"ListItem","position":3,"name":"EXPERIENCE &#8211; KIT BDSM FETISH S\u00c9RIE ROXA 5+1 GRTIS"}]},{"@type":"WebSite","@id":"https:\/\/lovme.pt\/#website","url":"https:\/\/lovme.pt\/","name":"Lovme Loja Er\u00f3tica N\u00ba1 em Portugal","description":"A melhor loja er\u00f3tica de Portugal.","alternateName":"Loja Er\u00f3tica Lovme","potentialAction":[{"@type":"SearchAction","target":{"@type":"EntryPoint","urlTemplate":"https:\/\/lovme.pt\/?s={search_term_string}"},"query-input":{"@type":"PropertyValueSpecification","valueRequired":true,"valueName":"search_term_string"}}],"inLanguage":"pt-PT"}]}},"_links":{"self":[{"href":"https:\/\/lovme.pt\/index.php\/wp-json\/wp\/v2\/product\/39220","targetHints":{"allow":["GET"]}}],"collection":[{"href":"https:\/\/lovme.pt\/index.php\/wp-json\/wp\/v2\/product"}],"about":[{"href":"https:\/\/lovme.pt\/index.php\/wp-json\/wp\/v2\/types\/product"}],"wp:featuredmedia":[{"embeddable":true,"href":"https:\/\/lovme.pt\/index.php\/wp-json\/wp\/v2\/media\/102200"}],"wp:attachment":[{"href":"https:\/\/lovme.pt\/index.php\/wp-json\/wp\/v2\/media?parent=39220"}],"wp:term":[{"taxonomy":"product_brand","embeddable":true,"href":"https:\/\/lovme.pt\/index.php\/wp-json\/wp\/v2\/product_brand?post=39220"},{"taxonomy":"product_cat","embeddable":true,"href":"https:\/\/lovme.pt\/index.php\/wp-json\/wp\/v2\/product_cat?post=39220"},{"taxonomy":"product_tag","embeddable":true,"href":"https:\/\/lovme.pt\/index.php\/wp-json\/wp\/v2\/product_tag?post=39220"}],"curies":[{"name":"wp","href":"https:\/\/api.w.org\/{rel}","templated":true}]}}