{"id":39157,"date":"2026-01-19T16:14:03","date_gmt":"2026-01-19T16:14:03","guid":{"rendered":"https:\/\/lovme.pt\/?post_type=product&p=39157"},"modified":"2026-02-19T20:21:42","modified_gmt":"2026-02-19T20:21:42","slug":"ecopack-6-unidades-cock-miller-arnes-densidade-de-silicone-articulvel-cocksil-195-cm","status":"publish","type":"product","link":"https:\/\/lovme.pt\/index.php\/produto\/ecopack-6-unidades-cock-miller-arnes-densidade-de-silicone-articulvel-cocksil-195-cm\/","title":{"rendered":"ECOPACK 6 UNIDADES &#8211; COCK MILLER ARN\u00caS + DENSIDADE DE SILICONE ARTICULVEL COCKSIL 19,5 CM"},"content":{"rendered":"<p><strong>PACOTE ARN\u00caS + VIBRADOR<\/strong><\/p>\n<p> A COCKMILLER oferece uma linha de vibradores com pele de silicone supermacia de alta qualidade com dupla densidade e silicone denso? \u00ae que inclui tamb\u00e9m um corpo resistente que o torna articulado, para uma textura e toque extremamente realista e uma experi\u00eancia de prazer. incompar\u00e1vel.<\/p>\n<p> A f\u00f3rmula revolucion\u00e1ria patenteada do material cocksil utilizado para preencher os nossos produtos permite uma melhor flexibilidade e densidade do vibrador. Dando-lhe uma magn\u00edfica elasticidade e maleabilidade articul\u00e1veis<\/p>\n<p> A COCKMILLER oferece o silicone da melhor qualidade do mercado. Nosso silicone Platinum n\u00e3o cont\u00e9m ftalatos nem l\u00e1tex, \u00e9 hipoalerg\u00eanico e n\u00e3o poroso, o que o torna muito mais dur\u00e1vel e f\u00e1cil de limpar.<\/p>\n<ul>\n<li> Densidade Dupla<\/li>\n<li> articul\u00e1vel<\/li>\n<li> Silicone de mem\u00f3ria &#8211; cocksil<\/li>\n<li> silicone de platina<\/li>\n<li> Livre de ftalatos e l\u00e1tex<\/li>\n<li> ventosa forte<\/li>\n<li> hipoalerg\u00eanico<\/li>\n<li> ajuste com arn\u00eas<\/li>\n<li> Medidas; 19,5 x 3,7 cm<\/li>\n<\/ul>\n<p> MATERIAL E CUIDADOS<\/p>\n<p> O material COCKSIL (silicone de dupla densidade e silicone denso) que n\u00e3o agride a pele, n\u00e3o \u00e9 poroso e, portanto, \u00e9 muito higi\u00eanico. A textura macia e flex\u00edvel garante que o material de silicone seja agrad\u00e1vel e f\u00e1cil de deslizar. Ele absorve e armazena rapidamente o calor do corpo. Para a utiliza\u00e7\u00e3o de lubrificantes, recomendamos um lubrificante \u00e0 base de \u00e1gua Waterfeel. Isso \u00e9 suave para o material e garante que ele mantenha sua textura por muito tempo. Ap\u00f3s o uso, limpe-o com limpador de brinquedos \u00e0 base de \u00e1gua ou sab\u00e3o de pH neutro e \u00e1gua morna para uma limpeza perfeita.<\/p>\n<p> <strong>SOBRE O ARN\u00caS:<\/strong><\/p>\n<p> A cereja de um bolo delicioso! Esse \u00e9 o arn\u00eas Cock Miller<\/p>\n<p> Finalmente voc\u00ea tem o complemento perfeito para o seu vibrador favorito, compat\u00edvel com todos os vibradores Cock Miller porque este arn\u00eas de couro PU \u00e9 incrivelmente confort\u00e1vel e voc\u00ea pode adapt\u00e1-lo a quase todos os tamanhos gra\u00e7as \u00e0s suas tiras de nylon ajust\u00e1veis.<\/p>\n<ul>\n<li> Arn\u00eas Galo Miller<\/li>\n<li> m\u00e1ximo conforto<\/li>\n<li> Al\u00e7as de n\u00e1ilon ajust\u00e1veis<\/li>\n<li> Arn\u00eas de couro PU<\/li>\n<li> Detalhes met\u00e1licos. design incr\u00edvel<\/li>\n<li> 3 an\u00e9is de borracha flex\u00edveis tamanhos S, M e L inclu\u00eddos<\/li>\n<li> 1 anel met\u00e1lico inclu\u00eddo<\/li>\n<li> Compat\u00edvel com todos os vibradores Cock Miller<\/li>\n<\/ul>\n<p> <strong>A MARCA COCKMILLER<\/strong><\/p>\n<p> Sensa\u00e7\u00e3o firme, realismo e prazer definem a marca COCKMILLER, um produto da mais alta qualidade a um pre\u00e7o acess\u00edvel que garante uma combina\u00e7\u00e3o perfeita de pre\u00e7o e prazer.<\/p>\n","protected":false},"excerpt":{"rendered":"<p>ECOPACK 6 UNIDADES &#8211; COCK MILLER ARN\u00caS + DENSIDADE DE SILICONE ARTICULVEL COCKSIL 19,5 CM<\/p>\n","protected":false},"featured_media":106340,"template":"","meta":{"_acf_changed":false},"product_brand":[],"product_cat":[17,56],"product_tag":[],"class_list":{"0":"post-39157","1":"product","2":"type-product","3":"status-publish","4":"has-post-thumbnail","6":"product_cat-brinquedos-de-bem-estar-sexual","7":"product_cat-dildos-e-arneses","8":"yith_product_brand-cock-miller","10":"first","11":"instock","12":"taxable","13":"shipping-taxable","14":"purchasable","15":"product-type-simple"},"acf":[],"yoast_head":"<!-- This site is optimized with the Yoast SEO plugin v27.3 - https:\/\/yoast.com\/product\/yoast-seo-wordpress\/ -->\n<title>ECOPACK 6 UNIDADES - COCK MILLER ARN\u00caS + DENSIDADE DE SILICONE ARTICULVEL COCKSIL 19,5 CM - Lovme<\/title>\n<meta name=\"robots\" content=\"index, follow, max-snippet:-1, max-image-preview:large, max-video-preview:-1\" \/>\n<link rel=\"canonical\" href=\"https:\/\/lovme.pt\/index.php\/produto\/ecopack-6-unidades-cock-miller-arnes-densidade-de-silicone-articulvel-cocksil-195-cm\/\" \/>\n<meta property=\"og:locale\" content=\"pt_PT\" \/>\n<meta property=\"og:type\" content=\"article\" \/>\n<meta property=\"og:title\" content=\"ECOPACK 6 UNIDADES - COCK MILLER ARN\u00caS + DENSIDADE DE SILICONE ARTICULVEL COCKSIL 19,5 CM - Lovme\" \/>\n<meta property=\"og:description\" content=\"ECOPACK 6 UNIDADES - COCK MILLER ARN\u00caS + DENSIDADE DE SILICONE ARTICULVEL COCKSIL 19,5 CM\" \/>\n<meta property=\"og:url\" content=\"https:\/\/lovme.pt\/index.php\/produto\/ecopack-6-unidades-cock-miller-arnes-densidade-de-silicone-articulvel-cocksil-195-cm\/\" \/>\n<meta property=\"og:site_name\" content=\"Lovme\" \/>\n<meta property=\"article:modified_time\" content=\"2026-02-19T20:21:42+00:00\" \/>\n<meta property=\"og:image\" content=\"https:\/\/erki24nd3ub.exactdn.com\/wp-content\/uploads\/dream\/img\/img_145834_c4cd64d4510ab34e9b630cdc1b15900a_1.png?strip=all\" \/>\n\t<meta property=\"og:image:width\" content=\"800\" \/>\n\t<meta property=\"og:image:height\" content=\"800\" \/>\n\t<meta property=\"og:image:type\" content=\"image\/png\" \/>\n<meta name=\"twitter:card\" content=\"summary_large_image\" \/>\n<meta name=\"twitter:label1\" content=\"Tempo estimado de leitura\" \/>\n\t<meta name=\"twitter:data1\" content=\"2 minutos\" \/>\n<script type=\"application\/ld+json\" class=\"yoast-schema-graph\">{\"@context\":\"https:\\\/\\\/schema.org\",\"@graph\":[{\"@type\":\"WebPage\",\"@id\":\"https:\\\/\\\/lovme.pt\\\/index.php\\\/produto\\\/ecopack-6-unidades-cock-miller-arnes-densidade-de-silicone-articulvel-cocksil-195-cm\\\/\",\"url\":\"https:\\\/\\\/lovme.pt\\\/index.php\\\/produto\\\/ecopack-6-unidades-cock-miller-arnes-densidade-de-silicone-articulvel-cocksil-195-cm\\\/\",\"name\":\"ECOPACK 6 UNIDADES - COCK MILLER ARN\u00caS + DENSIDADE DE SILICONE ARTICULVEL COCKSIL 19,5 CM - Lovme\",\"isPartOf\":{\"@id\":\"https:\\\/\\\/lovme.pt\\\/#website\"},\"primaryImageOfPage\":{\"@id\":\"https:\\\/\\\/lovme.pt\\\/index.php\\\/produto\\\/ecopack-6-unidades-cock-miller-arnes-densidade-de-silicone-articulvel-cocksil-195-cm\\\/#primaryimage\"},\"image\":{\"@id\":\"https:\\\/\\\/lovme.pt\\\/index.php\\\/produto\\\/ecopack-6-unidades-cock-miller-arnes-densidade-de-silicone-articulvel-cocksil-195-cm\\\/#primaryimage\"},\"thumbnailUrl\":\"https:\\\/\\\/erki24nd3ub.exactdn.com\\\/wp-content\\\/uploads\\\/dream\\\/img\\\/img_145834_c4cd64d4510ab34e9b630cdc1b15900a_1.png?strip=all\",\"datePublished\":\"2026-01-19T16:14:03+00:00\",\"dateModified\":\"2026-02-19T20:21:42+00:00\",\"breadcrumb\":{\"@id\":\"https:\\\/\\\/lovme.pt\\\/index.php\\\/produto\\\/ecopack-6-unidades-cock-miller-arnes-densidade-de-silicone-articulvel-cocksil-195-cm\\\/#breadcrumb\"},\"inLanguage\":\"pt-PT\",\"potentialAction\":[{\"@type\":\"ReadAction\",\"target\":[\"https:\\\/\\\/lovme.pt\\\/index.php\\\/produto\\\/ecopack-6-unidades-cock-miller-arnes-densidade-de-silicone-articulvel-cocksil-195-cm\\\/\"]}]},{\"@type\":\"ImageObject\",\"inLanguage\":\"pt-PT\",\"@id\":\"https:\\\/\\\/lovme.pt\\\/index.php\\\/produto\\\/ecopack-6-unidades-cock-miller-arnes-densidade-de-silicone-articulvel-cocksil-195-cm\\\/#primaryimage\",\"url\":\"https:\\\/\\\/erki24nd3ub.exactdn.com\\\/wp-content\\\/uploads\\\/dream\\\/img\\\/img_145834_c4cd64d4510ab34e9b630cdc1b15900a_1.png?strip=all\",\"contentUrl\":\"https:\\\/\\\/erki24nd3ub.exactdn.com\\\/wp-content\\\/uploads\\\/dream\\\/img\\\/img_145834_c4cd64d4510ab34e9b630cdc1b15900a_1.png?strip=all\",\"width\":800,\"height\":800},{\"@type\":\"BreadcrumbList\",\"@id\":\"https:\\\/\\\/lovme.pt\\\/index.php\\\/produto\\\/ecopack-6-unidades-cock-miller-arnes-densidade-de-silicone-articulvel-cocksil-195-cm\\\/#breadcrumb\",\"itemListElement\":[{\"@type\":\"ListItem\",\"position\":1,\"name\":\"In\u00edcio\",\"item\":\"https:\\\/\\\/lovme.pt\\\/\"},{\"@type\":\"ListItem\",\"position\":2,\"name\":\"Loja\",\"item\":\"https:\\\/\\\/lovme.pt\\\/index.php\\\/loja\\\/\"},{\"@type\":\"ListItem\",\"position\":3,\"name\":\"ECOPACK 6 UNIDADES &#8211; COCK MILLER ARN\u00caS + DENSIDADE DE SILICONE ARTICULVEL COCKSIL 19,5 CM\"}]},{\"@type\":\"WebSite\",\"@id\":\"https:\\\/\\\/lovme.pt\\\/#website\",\"url\":\"https:\\\/\\\/lovme.pt\\\/\",\"name\":\"Lovme Loja Er\u00f3tica N\u00ba1 em Portugal\",\"description\":\"A melhor loja er\u00f3tica de Portugal.\",\"alternateName\":\"Loja Er\u00f3tica Lovme\",\"potentialAction\":[{\"@type\":\"SearchAction\",\"target\":{\"@type\":\"EntryPoint\",\"urlTemplate\":\"https:\\\/\\\/lovme.pt\\\/?s={search_term_string}\"},\"query-input\":{\"@type\":\"PropertyValueSpecification\",\"valueRequired\":true,\"valueName\":\"search_term_string\"}}],\"inLanguage\":\"pt-PT\"}]}<\/script>\n<!-- \/ Yoast SEO plugin. -->","yoast_head_json":{"title":"ECOPACK 6 UNIDADES - COCK MILLER ARN\u00caS + DENSIDADE DE SILICONE ARTICULVEL COCKSIL 19,5 CM - Lovme","robots":{"index":"index","follow":"follow","max-snippet":"max-snippet:-1","max-image-preview":"max-image-preview:large","max-video-preview":"max-video-preview:-1"},"canonical":"https:\/\/lovme.pt\/index.php\/produto\/ecopack-6-unidades-cock-miller-arnes-densidade-de-silicone-articulvel-cocksil-195-cm\/","og_locale":"pt_PT","og_type":"article","og_title":"ECOPACK 6 UNIDADES - COCK MILLER ARN\u00caS + DENSIDADE DE SILICONE ARTICULVEL COCKSIL 19,5 CM - Lovme","og_description":"ECOPACK 6 UNIDADES - COCK MILLER ARN\u00caS + DENSIDADE DE SILICONE ARTICULVEL COCKSIL 19,5 CM","og_url":"https:\/\/lovme.pt\/index.php\/produto\/ecopack-6-unidades-cock-miller-arnes-densidade-de-silicone-articulvel-cocksil-195-cm\/","og_site_name":"Lovme","article_modified_time":"2026-02-19T20:21:42+00:00","og_image":[{"width":800,"height":800,"url":"https:\/\/erki24nd3ub.exactdn.com\/wp-content\/uploads\/dream\/img\/img_145834_c4cd64d4510ab34e9b630cdc1b15900a_1.png?strip=all","type":"image\/png"}],"twitter_card":"summary_large_image","twitter_misc":{"Tempo estimado de leitura":"2 minutos"},"schema":{"@context":"https:\/\/schema.org","@graph":[{"@type":"WebPage","@id":"https:\/\/lovme.pt\/index.php\/produto\/ecopack-6-unidades-cock-miller-arnes-densidade-de-silicone-articulvel-cocksil-195-cm\/","url":"https:\/\/lovme.pt\/index.php\/produto\/ecopack-6-unidades-cock-miller-arnes-densidade-de-silicone-articulvel-cocksil-195-cm\/","name":"ECOPACK 6 UNIDADES - COCK MILLER ARN\u00caS + DENSIDADE DE SILICONE ARTICULVEL COCKSIL 19,5 CM - Lovme","isPartOf":{"@id":"https:\/\/lovme.pt\/#website"},"primaryImageOfPage":{"@id":"https:\/\/lovme.pt\/index.php\/produto\/ecopack-6-unidades-cock-miller-arnes-densidade-de-silicone-articulvel-cocksil-195-cm\/#primaryimage"},"image":{"@id":"https:\/\/lovme.pt\/index.php\/produto\/ecopack-6-unidades-cock-miller-arnes-densidade-de-silicone-articulvel-cocksil-195-cm\/#primaryimage"},"thumbnailUrl":"https:\/\/erki24nd3ub.exactdn.com\/wp-content\/uploads\/dream\/img\/img_145834_c4cd64d4510ab34e9b630cdc1b15900a_1.png?strip=all","datePublished":"2026-01-19T16:14:03+00:00","dateModified":"2026-02-19T20:21:42+00:00","breadcrumb":{"@id":"https:\/\/lovme.pt\/index.php\/produto\/ecopack-6-unidades-cock-miller-arnes-densidade-de-silicone-articulvel-cocksil-195-cm\/#breadcrumb"},"inLanguage":"pt-PT","potentialAction":[{"@type":"ReadAction","target":["https:\/\/lovme.pt\/index.php\/produto\/ecopack-6-unidades-cock-miller-arnes-densidade-de-silicone-articulvel-cocksil-195-cm\/"]}]},{"@type":"ImageObject","inLanguage":"pt-PT","@id":"https:\/\/lovme.pt\/index.php\/produto\/ecopack-6-unidades-cock-miller-arnes-densidade-de-silicone-articulvel-cocksil-195-cm\/#primaryimage","url":"https:\/\/erki24nd3ub.exactdn.com\/wp-content\/uploads\/dream\/img\/img_145834_c4cd64d4510ab34e9b630cdc1b15900a_1.png?strip=all","contentUrl":"https:\/\/erki24nd3ub.exactdn.com\/wp-content\/uploads\/dream\/img\/img_145834_c4cd64d4510ab34e9b630cdc1b15900a_1.png?strip=all","width":800,"height":800},{"@type":"BreadcrumbList","@id":"https:\/\/lovme.pt\/index.php\/produto\/ecopack-6-unidades-cock-miller-arnes-densidade-de-silicone-articulvel-cocksil-195-cm\/#breadcrumb","itemListElement":[{"@type":"ListItem","position":1,"name":"In\u00edcio","item":"https:\/\/lovme.pt\/"},{"@type":"ListItem","position":2,"name":"Loja","item":"https:\/\/lovme.pt\/index.php\/loja\/"},{"@type":"ListItem","position":3,"name":"ECOPACK 6 UNIDADES &#8211; COCK MILLER ARN\u00caS + DENSIDADE DE SILICONE ARTICULVEL COCKSIL 19,5 CM"}]},{"@type":"WebSite","@id":"https:\/\/lovme.pt\/#website","url":"https:\/\/lovme.pt\/","name":"Lovme Loja Er\u00f3tica N\u00ba1 em Portugal","description":"A melhor loja er\u00f3tica de Portugal.","alternateName":"Loja Er\u00f3tica Lovme","potentialAction":[{"@type":"SearchAction","target":{"@type":"EntryPoint","urlTemplate":"https:\/\/lovme.pt\/?s={search_term_string}"},"query-input":{"@type":"PropertyValueSpecification","valueRequired":true,"valueName":"search_term_string"}}],"inLanguage":"pt-PT"}]}},"_links":{"self":[{"href":"https:\/\/lovme.pt\/index.php\/wp-json\/wp\/v2\/product\/39157","targetHints":{"allow":["GET"]}}],"collection":[{"href":"https:\/\/lovme.pt\/index.php\/wp-json\/wp\/v2\/product"}],"about":[{"href":"https:\/\/lovme.pt\/index.php\/wp-json\/wp\/v2\/types\/product"}],"wp:featuredmedia":[{"embeddable":true,"href":"https:\/\/lovme.pt\/index.php\/wp-json\/wp\/v2\/media\/106340"}],"wp:attachment":[{"href":"https:\/\/lovme.pt\/index.php\/wp-json\/wp\/v2\/media?parent=39157"}],"wp:term":[{"taxonomy":"product_brand","embeddable":true,"href":"https:\/\/lovme.pt\/index.php\/wp-json\/wp\/v2\/product_brand?post=39157"},{"taxonomy":"product_cat","embeddable":true,"href":"https:\/\/lovme.pt\/index.php\/wp-json\/wp\/v2\/product_cat?post=39157"},{"taxonomy":"product_tag","embeddable":true,"href":"https:\/\/lovme.pt\/index.php\/wp-json\/wp\/v2\/product_tag?post=39157"}],"curies":[{"name":"wp","href":"https:\/\/api.w.org\/{rel}","templated":true}]}}