{"id":39116,"date":"2025-09-30T20:40:30","date_gmt":"2025-09-30T20:40:30","guid":{"rendered":"https:\/\/lovme.pt\/?post_type=product&#038;p=39116"},"modified":"2026-02-19T20:23:18","modified_gmt":"2026-02-19T20:23:18","slug":"satisfyer-vibrador-rrrolling-pleasure-gspot-verde","status":"publish","type":"product","link":"https:\/\/lovme.pt\/index.php\/produto\/satisfyer-vibrador-rrrolling-pleasure-gspot-verde\/","title":{"rendered":"SATISFYER &#8211; RRROLLING PLEASURE VIBRADOR PUNTO G BLANCO"},"content":{"rendered":"<p>Entre fundo\u2026 Conhe\u00e7a o novo e inovador vibrador de ponto G, o Rrrrolling Pleasure! Constru\u00eddo para conhecedores do prazer, permite que o Rrrolling Pleasure estimule intensamente o ponto G com uma bola que se move para cima e para baixo ao redor da ponta e vibra\u00e7\u00f5es sensuais.<\/p>\n<p> <strong>Informa\u00e7\u00f5es sobre o produto &#8220;Satisfyer Rrroling Pleasure&#8221;<\/strong><\/p>\n<ul>\n<li> Bola m\u00f3vel de estimula\u00e7\u00e3o interna<\/li>\n<li> 2 motores com opera\u00e7\u00e3o separada<\/li>\n<li> Estimula\u00e7\u00e3o do ponto G<\/li>\n<li> Feito de silicone m\u00e9dico supermacio e adequado para a pele, com um toque sedoso<\/li>\n<li> 15 anos de garantia<\/li>\n<li> Modo sussurro<\/li>\n<li> Bateria recarreg\u00e1vel de \u00edons de l\u00edtio<\/li>\n<li> \u00c0 prova d\u00e1gua (IPX7)<\/li>\n<li> Cabo de carregamento USB magn\u00e9tico inclu\u00eddo<\/li>\n<li> F\u00e1cil de limpar<\/li>\n<\/ul>\n<p> <strong>O que mais o vibrador Satisfyer Rrroling Pleasure pode lhe oferecer?<\/strong><\/p>\n<p> O formato ergon\u00f4mico e o design elegante, suave e elegante, combinados com o n\u00facleo ABS muito firme com revestimento de silicone, proporcionam as sensa\u00e7\u00f5es consistentes e satisfat\u00f3rias que voc\u00ea deseja. Com duas fun\u00e7\u00f5es controladas de forma independente, utilize o painel de controle intuitivo para explorar 12 programas de vibra\u00e7\u00e3o e 7 velocidades de rolamento.<\/p>\n<p> O Rrrolling Pleasure \u00e9 feito de silicone seguro para o corpo, \u00e9 recarreg\u00e1vel e \u00e0 prova d\u00e1gua (IPX7). Role conosco!<\/p>\n","protected":false},"excerpt":{"rendered":"<p>SATISFYER &#8211; VIBRADOR RRROLLING PLEASURE GSPOT VERDE<\/p>\n","protected":false},"featured_media":71332,"template":"","meta":{"_acf_changed":false},"product_brand":[],"product_cat":[17,61,76],"product_tag":[],"class_list":{"0":"post-39116","1":"product","2":"type-product","3":"status-publish","4":"has-post-thumbnail","6":"product_cat-brinquedos-de-bem-estar-sexual","7":"product_cat-para-elas","8":"product_cat-vibradores","9":"yith_product_brand-satisfyer","10":"yith_product_brand-satisfyer-satisfyer-vibrator","12":"first","13":"instock","14":"taxable","15":"shipping-taxable","16":"purchasable","17":"product-type-variable","18":"has-default-attributes"},"acf":[],"yoast_head":"<!-- This site is optimized with the Yoast SEO plugin v27.4 - https:\/\/yoast.com\/product\/yoast-seo-wordpress\/ -->\n<title>SATISFYER - RRROLLING PLEASURE VIBRADOR PUNTO G BLANCO - Lovme<\/title>\n<meta name=\"robots\" content=\"index, follow, max-snippet:-1, max-image-preview:large, max-video-preview:-1\" \/>\n<link rel=\"canonical\" href=\"https:\/\/lovme.pt\/index.php\/produto\/satisfyer-vibrador-rrrolling-pleasure-gspot-verde\/\" \/>\n<meta property=\"og:locale\" content=\"pt_PT\" \/>\n<meta property=\"og:type\" content=\"article\" \/>\n<meta property=\"og:title\" content=\"SATISFYER - RRROLLING PLEASURE VIBRADOR PUNTO G BLANCO - Lovme\" \/>\n<meta property=\"og:description\" content=\"SATISFYER - VIBRADOR RRROLLING PLEASURE GSPOT VERDE\" \/>\n<meta property=\"og:url\" content=\"https:\/\/lovme.pt\/index.php\/produto\/satisfyer-vibrador-rrrolling-pleasure-gspot-verde\/\" \/>\n<meta property=\"og:site_name\" content=\"Lovme\" \/>\n<meta property=\"article:modified_time\" content=\"2026-02-19T20:23:18+00:00\" \/>\n<meta property=\"og:image\" content=\"https:\/\/erki24nd3ub.exactdn.com\/wp-content\/uploads\/dream\/img\/img_123128_3dbbec99e892f0d32aa98139def81b0e_1.png?strip=all\" \/>\n\t<meta property=\"og:image:width\" content=\"628\" \/>\n\t<meta property=\"og:image:height\" content=\"629\" \/>\n\t<meta property=\"og:image:type\" content=\"image\/png\" \/>\n<meta name=\"twitter:card\" content=\"summary_large_image\" \/>\n<meta name=\"twitter:label1\" content=\"Tempo estimado de leitura\" \/>\n\t<meta name=\"twitter:data1\" content=\"1 minuto\" \/>\n<script type=\"application\/ld+json\" class=\"yoast-schema-graph\">{\"@context\":\"https:\\\/\\\/schema.org\",\"@graph\":[{\"@type\":\"WebPage\",\"@id\":\"https:\\\/\\\/lovme.pt\\\/index.php\\\/produto\\\/satisfyer-vibrador-rrrolling-pleasure-gspot-verde\\\/\",\"url\":\"https:\\\/\\\/lovme.pt\\\/index.php\\\/produto\\\/satisfyer-vibrador-rrrolling-pleasure-gspot-verde\\\/\",\"name\":\"SATISFYER - RRROLLING PLEASURE VIBRADOR PUNTO G BLANCO - Lovme\",\"isPartOf\":{\"@id\":\"https:\\\/\\\/lovme.pt\\\/#website\"},\"primaryImageOfPage\":{\"@id\":\"https:\\\/\\\/lovme.pt\\\/index.php\\\/produto\\\/satisfyer-vibrador-rrrolling-pleasure-gspot-verde\\\/#primaryimage\"},\"image\":{\"@id\":\"https:\\\/\\\/lovme.pt\\\/index.php\\\/produto\\\/satisfyer-vibrador-rrrolling-pleasure-gspot-verde\\\/#primaryimage\"},\"thumbnailUrl\":\"https:\\\/\\\/erki24nd3ub.exactdn.com\\\/wp-content\\\/uploads\\\/dream\\\/img\\\/img_123128_3dbbec99e892f0d32aa98139def81b0e_1.png?strip=all\",\"datePublished\":\"2025-09-30T20:40:30+00:00\",\"dateModified\":\"2026-02-19T20:23:18+00:00\",\"breadcrumb\":{\"@id\":\"https:\\\/\\\/lovme.pt\\\/index.php\\\/produto\\\/satisfyer-vibrador-rrrolling-pleasure-gspot-verde\\\/#breadcrumb\"},\"inLanguage\":\"pt-PT\",\"potentialAction\":[{\"@type\":\"ReadAction\",\"target\":[\"https:\\\/\\\/lovme.pt\\\/index.php\\\/produto\\\/satisfyer-vibrador-rrrolling-pleasure-gspot-verde\\\/\"]}]},{\"@type\":\"ImageObject\",\"inLanguage\":\"pt-PT\",\"@id\":\"https:\\\/\\\/lovme.pt\\\/index.php\\\/produto\\\/satisfyer-vibrador-rrrolling-pleasure-gspot-verde\\\/#primaryimage\",\"url\":\"https:\\\/\\\/erki24nd3ub.exactdn.com\\\/wp-content\\\/uploads\\\/dream\\\/img\\\/img_123128_3dbbec99e892f0d32aa98139def81b0e_1.png?strip=all\",\"contentUrl\":\"https:\\\/\\\/erki24nd3ub.exactdn.com\\\/wp-content\\\/uploads\\\/dream\\\/img\\\/img_123128_3dbbec99e892f0d32aa98139def81b0e_1.png?strip=all\",\"width\":628,\"height\":629},{\"@type\":\"BreadcrumbList\",\"@id\":\"https:\\\/\\\/lovme.pt\\\/index.php\\\/produto\\\/satisfyer-vibrador-rrrolling-pleasure-gspot-verde\\\/#breadcrumb\",\"itemListElement\":[{\"@type\":\"ListItem\",\"position\":1,\"name\":\"In\u00edcio\",\"item\":\"https:\\\/\\\/lovme.pt\\\/\"},{\"@type\":\"ListItem\",\"position\":2,\"name\":\"Loja\",\"item\":\"https:\\\/\\\/lovme.pt\\\/index.php\\\/loja\\\/\"},{\"@type\":\"ListItem\",\"position\":3,\"name\":\"SATISFYER &#8211; RRROLLING PLEASURE VIBRADOR PUNTO G BLANCO\"}]},{\"@type\":\"WebSite\",\"@id\":\"https:\\\/\\\/lovme.pt\\\/#website\",\"url\":\"https:\\\/\\\/lovme.pt\\\/\",\"name\":\"Lovme Loja Er\u00f3tica N\u00ba1 em Portugal\",\"description\":\"A melhor loja er\u00f3tica de Portugal.\",\"alternateName\":\"Loja Er\u00f3tica Lovme\",\"potentialAction\":[{\"@type\":\"SearchAction\",\"target\":{\"@type\":\"EntryPoint\",\"urlTemplate\":\"https:\\\/\\\/lovme.pt\\\/?s={search_term_string}\"},\"query-input\":{\"@type\":\"PropertyValueSpecification\",\"valueRequired\":true,\"valueName\":\"search_term_string\"}}],\"inLanguage\":\"pt-PT\"}]}<\/script>\n<!-- \/ Yoast SEO plugin. -->","yoast_head_json":{"title":"SATISFYER - RRROLLING PLEASURE VIBRADOR PUNTO G BLANCO - Lovme","robots":{"index":"index","follow":"follow","max-snippet":"max-snippet:-1","max-image-preview":"max-image-preview:large","max-video-preview":"max-video-preview:-1"},"canonical":"https:\/\/lovme.pt\/index.php\/produto\/satisfyer-vibrador-rrrolling-pleasure-gspot-verde\/","og_locale":"pt_PT","og_type":"article","og_title":"SATISFYER - RRROLLING PLEASURE VIBRADOR PUNTO G BLANCO - Lovme","og_description":"SATISFYER - VIBRADOR RRROLLING PLEASURE GSPOT VERDE","og_url":"https:\/\/lovme.pt\/index.php\/produto\/satisfyer-vibrador-rrrolling-pleasure-gspot-verde\/","og_site_name":"Lovme","article_modified_time":"2026-02-19T20:23:18+00:00","og_image":[{"width":628,"height":629,"url":"https:\/\/erki24nd3ub.exactdn.com\/wp-content\/uploads\/dream\/img\/img_123128_3dbbec99e892f0d32aa98139def81b0e_1.png?strip=all","type":"image\/png"}],"twitter_card":"summary_large_image","twitter_misc":{"Tempo estimado de leitura":"1 minuto"},"schema":{"@context":"https:\/\/schema.org","@graph":[{"@type":"WebPage","@id":"https:\/\/lovme.pt\/index.php\/produto\/satisfyer-vibrador-rrrolling-pleasure-gspot-verde\/","url":"https:\/\/lovme.pt\/index.php\/produto\/satisfyer-vibrador-rrrolling-pleasure-gspot-verde\/","name":"SATISFYER - RRROLLING PLEASURE VIBRADOR PUNTO G BLANCO - Lovme","isPartOf":{"@id":"https:\/\/lovme.pt\/#website"},"primaryImageOfPage":{"@id":"https:\/\/lovme.pt\/index.php\/produto\/satisfyer-vibrador-rrrolling-pleasure-gspot-verde\/#primaryimage"},"image":{"@id":"https:\/\/lovme.pt\/index.php\/produto\/satisfyer-vibrador-rrrolling-pleasure-gspot-verde\/#primaryimage"},"thumbnailUrl":"https:\/\/erki24nd3ub.exactdn.com\/wp-content\/uploads\/dream\/img\/img_123128_3dbbec99e892f0d32aa98139def81b0e_1.png?strip=all","datePublished":"2025-09-30T20:40:30+00:00","dateModified":"2026-02-19T20:23:18+00:00","breadcrumb":{"@id":"https:\/\/lovme.pt\/index.php\/produto\/satisfyer-vibrador-rrrolling-pleasure-gspot-verde\/#breadcrumb"},"inLanguage":"pt-PT","potentialAction":[{"@type":"ReadAction","target":["https:\/\/lovme.pt\/index.php\/produto\/satisfyer-vibrador-rrrolling-pleasure-gspot-verde\/"]}]},{"@type":"ImageObject","inLanguage":"pt-PT","@id":"https:\/\/lovme.pt\/index.php\/produto\/satisfyer-vibrador-rrrolling-pleasure-gspot-verde\/#primaryimage","url":"https:\/\/erki24nd3ub.exactdn.com\/wp-content\/uploads\/dream\/img\/img_123128_3dbbec99e892f0d32aa98139def81b0e_1.png?strip=all","contentUrl":"https:\/\/erki24nd3ub.exactdn.com\/wp-content\/uploads\/dream\/img\/img_123128_3dbbec99e892f0d32aa98139def81b0e_1.png?strip=all","width":628,"height":629},{"@type":"BreadcrumbList","@id":"https:\/\/lovme.pt\/index.php\/produto\/satisfyer-vibrador-rrrolling-pleasure-gspot-verde\/#breadcrumb","itemListElement":[{"@type":"ListItem","position":1,"name":"In\u00edcio","item":"https:\/\/lovme.pt\/"},{"@type":"ListItem","position":2,"name":"Loja","item":"https:\/\/lovme.pt\/index.php\/loja\/"},{"@type":"ListItem","position":3,"name":"SATISFYER &#8211; RRROLLING PLEASURE VIBRADOR PUNTO G BLANCO"}]},{"@type":"WebSite","@id":"https:\/\/lovme.pt\/#website","url":"https:\/\/lovme.pt\/","name":"Lovme Loja Er\u00f3tica N\u00ba1 em Portugal","description":"A melhor loja er\u00f3tica de Portugal.","alternateName":"Loja Er\u00f3tica Lovme","potentialAction":[{"@type":"SearchAction","target":{"@type":"EntryPoint","urlTemplate":"https:\/\/lovme.pt\/?s={search_term_string}"},"query-input":{"@type":"PropertyValueSpecification","valueRequired":true,"valueName":"search_term_string"}}],"inLanguage":"pt-PT"}]}},"_links":{"self":[{"href":"https:\/\/lovme.pt\/index.php\/wp-json\/wp\/v2\/product\/39116","targetHints":{"allow":["GET"]}}],"collection":[{"href":"https:\/\/lovme.pt\/index.php\/wp-json\/wp\/v2\/product"}],"about":[{"href":"https:\/\/lovme.pt\/index.php\/wp-json\/wp\/v2\/types\/product"}],"wp:featuredmedia":[{"embeddable":true,"href":"https:\/\/lovme.pt\/index.php\/wp-json\/wp\/v2\/media\/71332"}],"wp:attachment":[{"href":"https:\/\/lovme.pt\/index.php\/wp-json\/wp\/v2\/media?parent=39116"}],"wp:term":[{"taxonomy":"product_brand","embeddable":true,"href":"https:\/\/lovme.pt\/index.php\/wp-json\/wp\/v2\/product_brand?post=39116"},{"taxonomy":"product_cat","embeddable":true,"href":"https:\/\/lovme.pt\/index.php\/wp-json\/wp\/v2\/product_cat?post=39116"},{"taxonomy":"product_tag","embeddable":true,"href":"https:\/\/lovme.pt\/index.php\/wp-json\/wp\/v2\/product_tag?post=39116"}],"curies":[{"name":"wp","href":"https:\/\/api.w.org\/{rel}","templated":true}]}}