{"id":39110,"date":"2025-09-30T10:10:21","date_gmt":"2025-09-30T10:10:21","guid":{"rendered":"https:\/\/lovme.pt\/?post_type=product&#038;p=39110"},"modified":"2026-02-19T20:23:17","modified_gmt":"2026-02-19T20:23:17","slug":"satisfyer-vibrador-sniper-ring-azul","status":"publish","type":"product","link":"https:\/\/lovme.pt\/index.php\/produto\/satisfyer-vibrador-sniper-ring-azul\/","title":{"rendered":"SATISFYER &#8211; SNIPER ANILLO VIBRADOR NEGRO"},"content":{"rendered":"<p>Feito de silicone adequado para o corpo e com 2 al\u00e7as, uma das quais ajust\u00e1vel em tamanho, o Satisfyer Sniper proporciona maior reten\u00e7\u00e3o de sangue para prolongar o ato sexual. Vibra\u00e7\u00f5es adicionais estimulam ambos os parceiros.<\/p>\n<p> <strong>Informa\u00e7\u00f5es sobre o produto &#8220;Satisfyer Sniper&#8221;<\/strong><\/p>\n<ul>\n<li> Mais resist\u00eancia devido ao emocionante efeito de reten\u00e7\u00e3o de sangue<\/li>\n<li> Aperto ajust\u00e1vel individualmente<\/li>\n<li> O potente motor transmite ritmos de vibra\u00e7\u00e3o intensos por todo o dispositivo de bem-estar sexual<\/li>\n<li> Ideal para casais<\/li>\n<li> Feito de silicone de grau m\u00e9dico supermacio e adequado para a pele, suave ao toque e extremamente higi\u00eanico<\/li>\n<li> Garantia de 15 anos<\/li>\n<li> Silicone amigo do corpo<\/li>\n<li> Modo sussurro IPX7 \u00e0 prova d\u00e1gua<\/li>\n<li> Bateria de \u00edon de l\u00edtio f\u00e1cil de limpar<\/li>\n<li> Cabo de carregamento magn\u00e9tico USB inclu\u00eddo<\/li>\n<\/ul>\n<p> <strong>Anel peniano vibrat\u00f3rio: ainda mais divers\u00e3o sexual com o Satisfyer Sniper<\/strong><\/p>\n<p> Com o Satisfyer Sniper voc\u00ea pode desfrutar de mais resist\u00eancia e ere\u00e7\u00f5es mais duradouras e poderosas durante o ato sexual: Duas al\u00e7as, uma das quais pode ser ajustada individualmente para se ajustar perfeitamente, garantem um maior efeito de reten\u00e7\u00e3o de sangue. O anel peniano ajust\u00e1vel com um estimulador clitoriano c\u00f4nico tamb\u00e9m mima ambos os parceiros com vibra\u00e7\u00f5es intensas durante o ato sexual. Os 12 programas de vibra\u00e7\u00e3o podem ser facilmente controlados atrav\u00e9s do bot\u00e3o One Touch e variam de suave a intenso.<\/p>\n<p> Devido \u00e0 sua facilidade de uso e ao la\u00e7o ajust\u00e1vel em tamanho, o Satisfyer Sniper \u00e9 particularmente adequado para iniciantes e qualquer pessoa que esteja procurando um anel peniano perfeitamente ajustado.<\/p>\n<p> <strong>Satisfyer Sniper: anel peniano de silicone<\/strong><\/p>\n<p> Como o anel peniano ajust\u00e1vel \u00e9 feito de silicone de grau m\u00e9dico, adequado para o corpo, ele \u00e9 particularmente flex\u00edvel e flex\u00edvel. O anel tamb\u00e9m \u00e9 \u00e0 prova d\u00e1gua (IPX7) e tamb\u00e9m pode ser usado no chuveiro ou na banheira. As baterias integradas podem ser recarregadas com o cabo de carregamento USB inclu\u00eddo.<\/p>\n","protected":false},"excerpt":{"rendered":"<p>SATISFYER &#8211; VIBRADOR SNIPER RING AZUL<\/p>\n","protected":false},"featured_media":63519,"template":"","meta":{"_acf_changed":false},"product_brand":[],"product_cat":[17,115,59,60],"product_tag":[],"class_list":{"0":"post-39110","1":"product","2":"type-product","3":"status-publish","4":"has-post-thumbnail","6":"product_cat-brinquedos-de-bem-estar-sexual","7":"product_cat-ofertas","8":"product_cat-para-casais","9":"product_cat-para-eles","10":"yith_product_brand-satisfyer","11":"yith_product_brand-satisfyer-satisfyer-ring","13":"first","14":"instock","15":"taxable","16":"shipping-taxable","17":"purchasable","18":"product-type-variable","19":"has-default-attributes"},"acf":[],"yoast_head":"<!-- This site is optimized with the Yoast SEO plugin v27.4 - https:\/\/yoast.com\/product\/yoast-seo-wordpress\/ -->\n<title>SATISFYER - SNIPER ANILLO VIBRADOR NEGRO - Lovme<\/title>\n<meta name=\"robots\" content=\"index, follow, max-snippet:-1, max-image-preview:large, max-video-preview:-1\" \/>\n<link rel=\"canonical\" href=\"https:\/\/lovme.pt\/index.php\/produto\/satisfyer-vibrador-sniper-ring-azul\/\" \/>\n<meta property=\"og:locale\" content=\"pt_PT\" \/>\n<meta property=\"og:type\" content=\"article\" \/>\n<meta property=\"og:title\" content=\"SATISFYER - SNIPER ANILLO VIBRADOR NEGRO - Lovme\" \/>\n<meta property=\"og:description\" content=\"SATISFYER - VIBRADOR SNIPER RING AZUL\" \/>\n<meta property=\"og:url\" content=\"https:\/\/lovme.pt\/index.php\/produto\/satisfyer-vibrador-sniper-ring-azul\/\" \/>\n<meta property=\"og:site_name\" content=\"Lovme\" \/>\n<meta property=\"article:modified_time\" content=\"2026-02-19T20:23:17+00:00\" \/>\n<meta property=\"og:image\" content=\"https:\/\/erki24nd3ub.exactdn.com\/wp-content\/uploads\/dream\/img\/img_123108_dd517ff8a77df0f44b5f08a4082a9555_1.jpg?strip=all\" \/>\n\t<meta property=\"og:image:width\" content=\"800\" \/>\n\t<meta property=\"og:image:height\" content=\"800\" \/>\n\t<meta property=\"og:image:type\" content=\"image\/jpeg\" \/>\n<meta name=\"twitter:card\" content=\"summary_large_image\" \/>\n<meta name=\"twitter:label1\" content=\"Tempo estimado de leitura\" \/>\n\t<meta name=\"twitter:data1\" content=\"2 minutos\" \/>\n<script type=\"application\/ld+json\" class=\"yoast-schema-graph\">{\"@context\":\"https:\\\/\\\/schema.org\",\"@graph\":[{\"@type\":\"WebPage\",\"@id\":\"https:\\\/\\\/lovme.pt\\\/index.php\\\/produto\\\/satisfyer-vibrador-sniper-ring-azul\\\/\",\"url\":\"https:\\\/\\\/lovme.pt\\\/index.php\\\/produto\\\/satisfyer-vibrador-sniper-ring-azul\\\/\",\"name\":\"SATISFYER - SNIPER ANILLO VIBRADOR NEGRO - Lovme\",\"isPartOf\":{\"@id\":\"https:\\\/\\\/lovme.pt\\\/#website\"},\"primaryImageOfPage\":{\"@id\":\"https:\\\/\\\/lovme.pt\\\/index.php\\\/produto\\\/satisfyer-vibrador-sniper-ring-azul\\\/#primaryimage\"},\"image\":{\"@id\":\"https:\\\/\\\/lovme.pt\\\/index.php\\\/produto\\\/satisfyer-vibrador-sniper-ring-azul\\\/#primaryimage\"},\"thumbnailUrl\":\"https:\\\/\\\/erki24nd3ub.exactdn.com\\\/wp-content\\\/uploads\\\/dream\\\/img\\\/img_123108_dd517ff8a77df0f44b5f08a4082a9555_1.jpg?strip=all\",\"datePublished\":\"2025-09-30T10:10:21+00:00\",\"dateModified\":\"2026-02-19T20:23:17+00:00\",\"breadcrumb\":{\"@id\":\"https:\\\/\\\/lovme.pt\\\/index.php\\\/produto\\\/satisfyer-vibrador-sniper-ring-azul\\\/#breadcrumb\"},\"inLanguage\":\"pt-PT\",\"potentialAction\":[{\"@type\":\"ReadAction\",\"target\":[\"https:\\\/\\\/lovme.pt\\\/index.php\\\/produto\\\/satisfyer-vibrador-sniper-ring-azul\\\/\"]}]},{\"@type\":\"ImageObject\",\"inLanguage\":\"pt-PT\",\"@id\":\"https:\\\/\\\/lovme.pt\\\/index.php\\\/produto\\\/satisfyer-vibrador-sniper-ring-azul\\\/#primaryimage\",\"url\":\"https:\\\/\\\/erki24nd3ub.exactdn.com\\\/wp-content\\\/uploads\\\/dream\\\/img\\\/img_123108_dd517ff8a77df0f44b5f08a4082a9555_1.jpg?strip=all\",\"contentUrl\":\"https:\\\/\\\/erki24nd3ub.exactdn.com\\\/wp-content\\\/uploads\\\/dream\\\/img\\\/img_123108_dd517ff8a77df0f44b5f08a4082a9555_1.jpg?strip=all\",\"width\":800,\"height\":800},{\"@type\":\"BreadcrumbList\",\"@id\":\"https:\\\/\\\/lovme.pt\\\/index.php\\\/produto\\\/satisfyer-vibrador-sniper-ring-azul\\\/#breadcrumb\",\"itemListElement\":[{\"@type\":\"ListItem\",\"position\":1,\"name\":\"In\u00edcio\",\"item\":\"https:\\\/\\\/lovme.pt\\\/\"},{\"@type\":\"ListItem\",\"position\":2,\"name\":\"Loja\",\"item\":\"https:\\\/\\\/lovme.pt\\\/index.php\\\/loja\\\/\"},{\"@type\":\"ListItem\",\"position\":3,\"name\":\"SATISFYER &#8211; SNIPER ANILLO VIBRADOR NEGRO\"}]},{\"@type\":\"WebSite\",\"@id\":\"https:\\\/\\\/lovme.pt\\\/#website\",\"url\":\"https:\\\/\\\/lovme.pt\\\/\",\"name\":\"Lovme Loja Er\u00f3tica N\u00ba1 em Portugal\",\"description\":\"A melhor loja er\u00f3tica de Portugal.\",\"alternateName\":\"Loja Er\u00f3tica Lovme\",\"potentialAction\":[{\"@type\":\"SearchAction\",\"target\":{\"@type\":\"EntryPoint\",\"urlTemplate\":\"https:\\\/\\\/lovme.pt\\\/?s={search_term_string}\"},\"query-input\":{\"@type\":\"PropertyValueSpecification\",\"valueRequired\":true,\"valueName\":\"search_term_string\"}}],\"inLanguage\":\"pt-PT\"}]}<\/script>\n<!-- \/ Yoast SEO plugin. -->","yoast_head_json":{"title":"SATISFYER - SNIPER ANILLO VIBRADOR NEGRO - Lovme","robots":{"index":"index","follow":"follow","max-snippet":"max-snippet:-1","max-image-preview":"max-image-preview:large","max-video-preview":"max-video-preview:-1"},"canonical":"https:\/\/lovme.pt\/index.php\/produto\/satisfyer-vibrador-sniper-ring-azul\/","og_locale":"pt_PT","og_type":"article","og_title":"SATISFYER - SNIPER ANILLO VIBRADOR NEGRO - Lovme","og_description":"SATISFYER - VIBRADOR SNIPER RING AZUL","og_url":"https:\/\/lovme.pt\/index.php\/produto\/satisfyer-vibrador-sniper-ring-azul\/","og_site_name":"Lovme","article_modified_time":"2026-02-19T20:23:17+00:00","og_image":[{"width":800,"height":800,"url":"https:\/\/erki24nd3ub.exactdn.com\/wp-content\/uploads\/dream\/img\/img_123108_dd517ff8a77df0f44b5f08a4082a9555_1.jpg?strip=all","type":"image\/jpeg"}],"twitter_card":"summary_large_image","twitter_misc":{"Tempo estimado de leitura":"2 minutos"},"schema":{"@context":"https:\/\/schema.org","@graph":[{"@type":"WebPage","@id":"https:\/\/lovme.pt\/index.php\/produto\/satisfyer-vibrador-sniper-ring-azul\/","url":"https:\/\/lovme.pt\/index.php\/produto\/satisfyer-vibrador-sniper-ring-azul\/","name":"SATISFYER - SNIPER ANILLO VIBRADOR NEGRO - Lovme","isPartOf":{"@id":"https:\/\/lovme.pt\/#website"},"primaryImageOfPage":{"@id":"https:\/\/lovme.pt\/index.php\/produto\/satisfyer-vibrador-sniper-ring-azul\/#primaryimage"},"image":{"@id":"https:\/\/lovme.pt\/index.php\/produto\/satisfyer-vibrador-sniper-ring-azul\/#primaryimage"},"thumbnailUrl":"https:\/\/erki24nd3ub.exactdn.com\/wp-content\/uploads\/dream\/img\/img_123108_dd517ff8a77df0f44b5f08a4082a9555_1.jpg?strip=all","datePublished":"2025-09-30T10:10:21+00:00","dateModified":"2026-02-19T20:23:17+00:00","breadcrumb":{"@id":"https:\/\/lovme.pt\/index.php\/produto\/satisfyer-vibrador-sniper-ring-azul\/#breadcrumb"},"inLanguage":"pt-PT","potentialAction":[{"@type":"ReadAction","target":["https:\/\/lovme.pt\/index.php\/produto\/satisfyer-vibrador-sniper-ring-azul\/"]}]},{"@type":"ImageObject","inLanguage":"pt-PT","@id":"https:\/\/lovme.pt\/index.php\/produto\/satisfyer-vibrador-sniper-ring-azul\/#primaryimage","url":"https:\/\/erki24nd3ub.exactdn.com\/wp-content\/uploads\/dream\/img\/img_123108_dd517ff8a77df0f44b5f08a4082a9555_1.jpg?strip=all","contentUrl":"https:\/\/erki24nd3ub.exactdn.com\/wp-content\/uploads\/dream\/img\/img_123108_dd517ff8a77df0f44b5f08a4082a9555_1.jpg?strip=all","width":800,"height":800},{"@type":"BreadcrumbList","@id":"https:\/\/lovme.pt\/index.php\/produto\/satisfyer-vibrador-sniper-ring-azul\/#breadcrumb","itemListElement":[{"@type":"ListItem","position":1,"name":"In\u00edcio","item":"https:\/\/lovme.pt\/"},{"@type":"ListItem","position":2,"name":"Loja","item":"https:\/\/lovme.pt\/index.php\/loja\/"},{"@type":"ListItem","position":3,"name":"SATISFYER &#8211; SNIPER ANILLO VIBRADOR NEGRO"}]},{"@type":"WebSite","@id":"https:\/\/lovme.pt\/#website","url":"https:\/\/lovme.pt\/","name":"Lovme Loja Er\u00f3tica N\u00ba1 em Portugal","description":"A melhor loja er\u00f3tica de Portugal.","alternateName":"Loja Er\u00f3tica Lovme","potentialAction":[{"@type":"SearchAction","target":{"@type":"EntryPoint","urlTemplate":"https:\/\/lovme.pt\/?s={search_term_string}"},"query-input":{"@type":"PropertyValueSpecification","valueRequired":true,"valueName":"search_term_string"}}],"inLanguage":"pt-PT"}]}},"_links":{"self":[{"href":"https:\/\/lovme.pt\/index.php\/wp-json\/wp\/v2\/product\/39110","targetHints":{"allow":["GET"]}}],"collection":[{"href":"https:\/\/lovme.pt\/index.php\/wp-json\/wp\/v2\/product"}],"about":[{"href":"https:\/\/lovme.pt\/index.php\/wp-json\/wp\/v2\/types\/product"}],"wp:featuredmedia":[{"embeddable":true,"href":"https:\/\/lovme.pt\/index.php\/wp-json\/wp\/v2\/media\/63519"}],"wp:attachment":[{"href":"https:\/\/lovme.pt\/index.php\/wp-json\/wp\/v2\/media?parent=39110"}],"wp:term":[{"taxonomy":"product_brand","embeddable":true,"href":"https:\/\/lovme.pt\/index.php\/wp-json\/wp\/v2\/product_brand?post=39110"},{"taxonomy":"product_cat","embeddable":true,"href":"https:\/\/lovme.pt\/index.php\/wp-json\/wp\/v2\/product_cat?post=39110"},{"taxonomy":"product_tag","embeddable":true,"href":"https:\/\/lovme.pt\/index.php\/wp-json\/wp\/v2\/product_tag?post=39110"}],"curies":[{"name":"wp","href":"https:\/\/api.w.org\/{rel}","templated":true}]}}