{"id":39039,"date":"2025-10-01T03:00:13","date_gmt":"2025-10-01T03:00:13","guid":{"rendered":"https:\/\/lovme.pt\/?post_type=product&p=39039"},"modified":"2026-02-19T20:22:08","modified_gmt":"2026-02-19T20:22:08","slug":"custom-bullets-cranio-recarregavel-bala-magnetica-10-intensidades-6-1-gratis","status":"publish","type":"product","link":"https:\/\/lovme.pt\/index.php\/produto\/custom-bullets-cranio-recarregavel-bala-magnetica-10-intensidades-6-1-gratis\/","title":{"rendered":"CUSTOM BULLETS &#8211; CR\u00c2NIO RECARREG\u00c1VEL BALA MAGN\u00c9TICA 10 INTENSIDADES 6 + 1 GR\u00c1TIS"},"content":{"rendered":"<p>Descubra a nova cole\u00e7\u00e3o de balas vibrat\u00f3rias recarreg\u00e1veis Custom Bullets? \u00e9 tudo o que voc\u00ea precisa para se divertir.<\/p>\n<p>Esta bala f\u00e1cil de operar est\u00e1 pronta para sujar onde quer que suas paix\u00f5es o levem com 10 fun\u00e7\u00f5es de vibra\u00e7\u00e3o.<\/p>\n<p>Balas personalizadas fornecem uma tenta\u00e7\u00e3o precisa. Divirta-se enquanto percorre 10 fun\u00e7\u00f5es de vibra\u00e7\u00e3o, pulso e escala com o bot\u00e3o de controle de f\u00e1cil toque.<\/p>\n<ul>\n<li>A cole\u00e7\u00e3o Custom Bullets? foi feita para se destacar em qualquer mesa de cabeceira.<\/li>\n<\/ul>\n<p>A impress\u00e3o e o design compacto deste lindo mini massageador far\u00e3o at\u00e9 o amante mais elegante sorrir.<\/p>\n<p>Carregue sua paix\u00e3o em apenas 30 minutos conectando o cabo USB fornecido na porta de carregamento magn\u00e9tico na parte traseira do massageador. Aceita at\u00e9 2 horas de vibra\u00e7\u00e3o em baixa velocidade e 70 minutos em alta velocidade.<\/p>\n<p>O massageador fino e discreto de 6,25 cm o torna o companheiro de viagem perfeito, permitindo que voc\u00ea abrace o prazer onde quer que suas fantasias o levem.<\/p>\n<ul>\n<li>Comprimento total 6,25 x 2 cm<\/li>\n<li>Recarreg\u00e1vel<\/li>\n<li>Modos de vibra\u00e7\u00e3o 10<\/li>\n<li>Submers\u00edvel<\/li>\n<li>Material Macio (Silicone e Abs)<\/li>\n<li>Motores 1<\/li>\n<li>Carregador magn\u00e9tico inclu\u00eddo Recarreg\u00e1vel<\/li>\n<li>CONJUNTO 6 + 1 GR\u00c1TIS<\/li>\n<\/ul>\n","protected":false},"excerpt":{"rendered":"<p>CUSTOM BULLETS &#8211; CR\u00c2NIO RECARREG\u00c1VEL BALA MAGN\u00c9TICA 10 INTENSIDADES 6 + 1 GR\u00c1TIS<\/p>\n","protected":false},"featured_media":100748,"template":"","meta":{"_acf_changed":false},"product_brand":[],"product_cat":[17,61],"product_tag":[],"class_list":{"0":"post-39039","1":"product","2":"type-product","3":"status-publish","4":"has-post-thumbnail","6":"product_cat-brinquedos-de-bem-estar-sexual","7":"product_cat-para-elas","8":"yith_product_brand-custom-bullets","10":"first","11":"instock","12":"taxable","13":"shipping-taxable","14":"purchasable","15":"product-type-simple"},"acf":[],"yoast_head":"<!-- This site is optimized with the Yoast SEO plugin v27.4 - https:\/\/yoast.com\/product\/yoast-seo-wordpress\/ -->\n<title>CUSTOM BULLETS - CR\u00c2NIO RECARREG\u00c1VEL BALA MAGN\u00c9TICA 10 INTENSIDADES 6 + 1 GR\u00c1TIS - Lovme<\/title>\n<meta name=\"robots\" content=\"index, follow, max-snippet:-1, max-image-preview:large, max-video-preview:-1\" \/>\n<link rel=\"canonical\" href=\"https:\/\/lovme.pt\/index.php\/produto\/custom-bullets-cranio-recarregavel-bala-magnetica-10-intensidades-6-1-gratis\/\" \/>\n<meta property=\"og:locale\" content=\"pt_PT\" \/>\n<meta property=\"og:type\" content=\"article\" \/>\n<meta property=\"og:title\" content=\"CUSTOM BULLETS - CR\u00c2NIO RECARREG\u00c1VEL BALA MAGN\u00c9TICA 10 INTENSIDADES 6 + 1 GR\u00c1TIS - Lovme\" \/>\n<meta property=\"og:description\" content=\"CUSTOM BULLETS - CR\u00c2NIO RECARREG\u00c1VEL BALA MAGN\u00c9TICA 10 INTENSIDADES 6 + 1 GR\u00c1TIS\" \/>\n<meta property=\"og:url\" content=\"https:\/\/lovme.pt\/index.php\/produto\/custom-bullets-cranio-recarregavel-bala-magnetica-10-intensidades-6-1-gratis\/\" \/>\n<meta property=\"og:site_name\" content=\"Lovme\" \/>\n<meta property=\"article:modified_time\" content=\"2026-02-19T20:22:08+00:00\" \/>\n<meta property=\"og:image\" content=\"https:\/\/erki24nd3ub.exactdn.com\/wp-content\/uploads\/dream\/img\/img_125642_b78ef59afcb541096c8ceff477e74681_1.png?strip=all\" \/>\n\t<meta property=\"og:image:width\" content=\"800\" \/>\n\t<meta property=\"og:image:height\" content=\"800\" \/>\n\t<meta property=\"og:image:type\" content=\"image\/png\" \/>\n<meta name=\"twitter:card\" content=\"summary_large_image\" \/>\n<meta name=\"twitter:label1\" content=\"Tempo estimado de leitura\" \/>\n\t<meta name=\"twitter:data1\" content=\"1 minuto\" \/>\n<script type=\"application\/ld+json\" class=\"yoast-schema-graph\">{\"@context\":\"https:\\\/\\\/schema.org\",\"@graph\":[{\"@type\":\"WebPage\",\"@id\":\"https:\\\/\\\/lovme.pt\\\/index.php\\\/produto\\\/custom-bullets-cranio-recarregavel-bala-magnetica-10-intensidades-6-1-gratis\\\/\",\"url\":\"https:\\\/\\\/lovme.pt\\\/index.php\\\/produto\\\/custom-bullets-cranio-recarregavel-bala-magnetica-10-intensidades-6-1-gratis\\\/\",\"name\":\"CUSTOM BULLETS - CR\u00c2NIO RECARREG\u00c1VEL BALA MAGN\u00c9TICA 10 INTENSIDADES 6 + 1 GR\u00c1TIS - Lovme\",\"isPartOf\":{\"@id\":\"https:\\\/\\\/lovme.pt\\\/#website\"},\"primaryImageOfPage\":{\"@id\":\"https:\\\/\\\/lovme.pt\\\/index.php\\\/produto\\\/custom-bullets-cranio-recarregavel-bala-magnetica-10-intensidades-6-1-gratis\\\/#primaryimage\"},\"image\":{\"@id\":\"https:\\\/\\\/lovme.pt\\\/index.php\\\/produto\\\/custom-bullets-cranio-recarregavel-bala-magnetica-10-intensidades-6-1-gratis\\\/#primaryimage\"},\"thumbnailUrl\":\"https:\\\/\\\/erki24nd3ub.exactdn.com\\\/wp-content\\\/uploads\\\/dream\\\/img\\\/img_125642_b78ef59afcb541096c8ceff477e74681_1.png?strip=all\",\"datePublished\":\"2025-10-01T03:00:13+00:00\",\"dateModified\":\"2026-02-19T20:22:08+00:00\",\"breadcrumb\":{\"@id\":\"https:\\\/\\\/lovme.pt\\\/index.php\\\/produto\\\/custom-bullets-cranio-recarregavel-bala-magnetica-10-intensidades-6-1-gratis\\\/#breadcrumb\"},\"inLanguage\":\"pt-PT\",\"potentialAction\":[{\"@type\":\"ReadAction\",\"target\":[\"https:\\\/\\\/lovme.pt\\\/index.php\\\/produto\\\/custom-bullets-cranio-recarregavel-bala-magnetica-10-intensidades-6-1-gratis\\\/\"]}]},{\"@type\":\"ImageObject\",\"inLanguage\":\"pt-PT\",\"@id\":\"https:\\\/\\\/lovme.pt\\\/index.php\\\/produto\\\/custom-bullets-cranio-recarregavel-bala-magnetica-10-intensidades-6-1-gratis\\\/#primaryimage\",\"url\":\"https:\\\/\\\/erki24nd3ub.exactdn.com\\\/wp-content\\\/uploads\\\/dream\\\/img\\\/img_125642_b78ef59afcb541096c8ceff477e74681_1.png?strip=all\",\"contentUrl\":\"https:\\\/\\\/erki24nd3ub.exactdn.com\\\/wp-content\\\/uploads\\\/dream\\\/img\\\/img_125642_b78ef59afcb541096c8ceff477e74681_1.png?strip=all\",\"width\":800,\"height\":800},{\"@type\":\"BreadcrumbList\",\"@id\":\"https:\\\/\\\/lovme.pt\\\/index.php\\\/produto\\\/custom-bullets-cranio-recarregavel-bala-magnetica-10-intensidades-6-1-gratis\\\/#breadcrumb\",\"itemListElement\":[{\"@type\":\"ListItem\",\"position\":1,\"name\":\"In\u00edcio\",\"item\":\"https:\\\/\\\/lovme.pt\\\/\"},{\"@type\":\"ListItem\",\"position\":2,\"name\":\"Loja\",\"item\":\"https:\\\/\\\/lovme.pt\\\/index.php\\\/loja\\\/\"},{\"@type\":\"ListItem\",\"position\":3,\"name\":\"CUSTOM BULLETS &#8211; CR\u00c2NIO RECARREG\u00c1VEL BALA MAGN\u00c9TICA 10 INTENSIDADES 6 + 1 GR\u00c1TIS\"}]},{\"@type\":\"WebSite\",\"@id\":\"https:\\\/\\\/lovme.pt\\\/#website\",\"url\":\"https:\\\/\\\/lovme.pt\\\/\",\"name\":\"Lovme Loja Er\u00f3tica N\u00ba1 em Portugal\",\"description\":\"A melhor loja er\u00f3tica de Portugal.\",\"alternateName\":\"Loja Er\u00f3tica Lovme\",\"potentialAction\":[{\"@type\":\"SearchAction\",\"target\":{\"@type\":\"EntryPoint\",\"urlTemplate\":\"https:\\\/\\\/lovme.pt\\\/?s={search_term_string}\"},\"query-input\":{\"@type\":\"PropertyValueSpecification\",\"valueRequired\":true,\"valueName\":\"search_term_string\"}}],\"inLanguage\":\"pt-PT\"}]}<\/script>\n<!-- \/ Yoast SEO plugin. -->","yoast_head_json":{"title":"CUSTOM BULLETS - CR\u00c2NIO RECARREG\u00c1VEL BALA MAGN\u00c9TICA 10 INTENSIDADES 6 + 1 GR\u00c1TIS - Lovme","robots":{"index":"index","follow":"follow","max-snippet":"max-snippet:-1","max-image-preview":"max-image-preview:large","max-video-preview":"max-video-preview:-1"},"canonical":"https:\/\/lovme.pt\/index.php\/produto\/custom-bullets-cranio-recarregavel-bala-magnetica-10-intensidades-6-1-gratis\/","og_locale":"pt_PT","og_type":"article","og_title":"CUSTOM BULLETS - CR\u00c2NIO RECARREG\u00c1VEL BALA MAGN\u00c9TICA 10 INTENSIDADES 6 + 1 GR\u00c1TIS - Lovme","og_description":"CUSTOM BULLETS - CR\u00c2NIO RECARREG\u00c1VEL BALA MAGN\u00c9TICA 10 INTENSIDADES 6 + 1 GR\u00c1TIS","og_url":"https:\/\/lovme.pt\/index.php\/produto\/custom-bullets-cranio-recarregavel-bala-magnetica-10-intensidades-6-1-gratis\/","og_site_name":"Lovme","article_modified_time":"2026-02-19T20:22:08+00:00","og_image":[{"width":800,"height":800,"url":"https:\/\/erki24nd3ub.exactdn.com\/wp-content\/uploads\/dream\/img\/img_125642_b78ef59afcb541096c8ceff477e74681_1.png?strip=all","type":"image\/png"}],"twitter_card":"summary_large_image","twitter_misc":{"Tempo estimado de leitura":"1 minuto"},"schema":{"@context":"https:\/\/schema.org","@graph":[{"@type":"WebPage","@id":"https:\/\/lovme.pt\/index.php\/produto\/custom-bullets-cranio-recarregavel-bala-magnetica-10-intensidades-6-1-gratis\/","url":"https:\/\/lovme.pt\/index.php\/produto\/custom-bullets-cranio-recarregavel-bala-magnetica-10-intensidades-6-1-gratis\/","name":"CUSTOM BULLETS - CR\u00c2NIO RECARREG\u00c1VEL BALA MAGN\u00c9TICA 10 INTENSIDADES 6 + 1 GR\u00c1TIS - Lovme","isPartOf":{"@id":"https:\/\/lovme.pt\/#website"},"primaryImageOfPage":{"@id":"https:\/\/lovme.pt\/index.php\/produto\/custom-bullets-cranio-recarregavel-bala-magnetica-10-intensidades-6-1-gratis\/#primaryimage"},"image":{"@id":"https:\/\/lovme.pt\/index.php\/produto\/custom-bullets-cranio-recarregavel-bala-magnetica-10-intensidades-6-1-gratis\/#primaryimage"},"thumbnailUrl":"https:\/\/erki24nd3ub.exactdn.com\/wp-content\/uploads\/dream\/img\/img_125642_b78ef59afcb541096c8ceff477e74681_1.png?strip=all","datePublished":"2025-10-01T03:00:13+00:00","dateModified":"2026-02-19T20:22:08+00:00","breadcrumb":{"@id":"https:\/\/lovme.pt\/index.php\/produto\/custom-bullets-cranio-recarregavel-bala-magnetica-10-intensidades-6-1-gratis\/#breadcrumb"},"inLanguage":"pt-PT","potentialAction":[{"@type":"ReadAction","target":["https:\/\/lovme.pt\/index.php\/produto\/custom-bullets-cranio-recarregavel-bala-magnetica-10-intensidades-6-1-gratis\/"]}]},{"@type":"ImageObject","inLanguage":"pt-PT","@id":"https:\/\/lovme.pt\/index.php\/produto\/custom-bullets-cranio-recarregavel-bala-magnetica-10-intensidades-6-1-gratis\/#primaryimage","url":"https:\/\/erki24nd3ub.exactdn.com\/wp-content\/uploads\/dream\/img\/img_125642_b78ef59afcb541096c8ceff477e74681_1.png?strip=all","contentUrl":"https:\/\/erki24nd3ub.exactdn.com\/wp-content\/uploads\/dream\/img\/img_125642_b78ef59afcb541096c8ceff477e74681_1.png?strip=all","width":800,"height":800},{"@type":"BreadcrumbList","@id":"https:\/\/lovme.pt\/index.php\/produto\/custom-bullets-cranio-recarregavel-bala-magnetica-10-intensidades-6-1-gratis\/#breadcrumb","itemListElement":[{"@type":"ListItem","position":1,"name":"In\u00edcio","item":"https:\/\/lovme.pt\/"},{"@type":"ListItem","position":2,"name":"Loja","item":"https:\/\/lovme.pt\/index.php\/loja\/"},{"@type":"ListItem","position":3,"name":"CUSTOM BULLETS &#8211; CR\u00c2NIO RECARREG\u00c1VEL BALA MAGN\u00c9TICA 10 INTENSIDADES 6 + 1 GR\u00c1TIS"}]},{"@type":"WebSite","@id":"https:\/\/lovme.pt\/#website","url":"https:\/\/lovme.pt\/","name":"Lovme Loja Er\u00f3tica N\u00ba1 em Portugal","description":"A melhor loja er\u00f3tica de Portugal.","alternateName":"Loja Er\u00f3tica Lovme","potentialAction":[{"@type":"SearchAction","target":{"@type":"EntryPoint","urlTemplate":"https:\/\/lovme.pt\/?s={search_term_string}"},"query-input":{"@type":"PropertyValueSpecification","valueRequired":true,"valueName":"search_term_string"}}],"inLanguage":"pt-PT"}]}},"_links":{"self":[{"href":"https:\/\/lovme.pt\/index.php\/wp-json\/wp\/v2\/product\/39039","targetHints":{"allow":["GET"]}}],"collection":[{"href":"https:\/\/lovme.pt\/index.php\/wp-json\/wp\/v2\/product"}],"about":[{"href":"https:\/\/lovme.pt\/index.php\/wp-json\/wp\/v2\/types\/product"}],"wp:featuredmedia":[{"embeddable":true,"href":"https:\/\/lovme.pt\/index.php\/wp-json\/wp\/v2\/media\/100748"}],"wp:attachment":[{"href":"https:\/\/lovme.pt\/index.php\/wp-json\/wp\/v2\/media?parent=39039"}],"wp:term":[{"taxonomy":"product_brand","embeddable":true,"href":"https:\/\/lovme.pt\/index.php\/wp-json\/wp\/v2\/product_brand?post=39039"},{"taxonomy":"product_cat","embeddable":true,"href":"https:\/\/lovme.pt\/index.php\/wp-json\/wp\/v2\/product_cat?post=39039"},{"taxonomy":"product_tag","embeddable":true,"href":"https:\/\/lovme.pt\/index.php\/wp-json\/wp\/v2\/product_tag?post=39039"}],"curies":[{"name":"wp","href":"https:\/\/api.w.org\/{rel}","templated":true}]}}