{"id":38946,"date":"2025-10-01T03:10:58","date_gmt":"2025-10-01T03:10:58","guid":{"rendered":"https:\/\/lovme.pt\/?post_type=product&p=38946"},"modified":"2026-02-19T20:22:33","modified_gmt":"2026-02-19T20:22:33","slug":"waterfeel-lubrificante-a-base-de-agua-de-maracujao-175-ml-pack-25-unidades","status":"publish","type":"product","link":"https:\/\/lovme.pt\/index.php\/produto\/waterfeel-lubrificante-a-base-de-agua-de-maracujao-175-ml-pack-25-unidades\/","title":{"rendered":"WATERFEEL &#8211; LUBRIFICANTE \u00c0 BASE DE \u00c1GUA DE MARACUJ\u00c3O 175 ML PACK 25 UNIDADES"},"content":{"rendered":"<p>\u00c0s vezes mais&#8230; \u00e9 melhor! A mesma sensa\u00e7\u00e3o, textura, longa dura\u00e7\u00e3o e sabor delicioso de sempre&#8230; em novo formato!<\/p>\n<p><strong>Waterfeel<\/strong> , marca de lubrificantes de refer\u00eancia no mercado de lubrificantes, com milh\u00f5es de unidades vendidas nos \u00faltimos anos, apresenta os seus habituais lubrificantes num novo formato de 175 ml e nova tampa com fecho.<\/p>\n<p>A sua textura e lubrifica\u00e7\u00e3o de longa dura\u00e7\u00e3o tornam-no perfeito para lubrificar durante longos per\u00edodos de tempo, para aplicar uma massagem sensual ao seu parceiro e, sobretudo, para sexo oral gra\u00e7as ao seu sabor requintado e intenso. A limpeza tamb\u00e9m n\u00e3o \u00e9 problema, pois n\u00e3o mancha nem pegajosa, podendo ser facilmente limpa com apenas um pouco de \u00e1gua.<\/p>\n<ul>\n<li>Lubrificante com sabor de maracuj\u00e1<\/li>\n<li>A base de \u00e1gua<\/li>\n<li>Com tampa de travamento, leve-o para qualquer lugar com seguran\u00e7a.<\/li>\n<li>Limpeza f\u00e1cil<\/li>\n<li>Compat\u00edvel com preservativos de l\u00e1tex<\/li>\n<li>Formato: 175ml<\/li>\n<li>Pacote 25 unidades<\/li>\n<\/ul>\n<p>Uma boa lubrifica\u00e7\u00e3o \u00e9 essencial e sin\u00f4nimo de sucesso nos relacionamentos. Com <strong>Waterfeel<\/strong> , deixe tudo fluir, maximize o prazer e&#8230;sinta tudo!<\/p>\n","protected":false},"excerpt":{"rendered":"<p>EMBALAGEM DISPON\u00cdVEL EM: \/es\/en\/de\/fr\/po\/it\/pt\/el\/ru\/<\/p>\n","protected":false},"featured_media":101973,"template":"","meta":{"_acf_changed":false},"product_brand":[],"product_cat":[49,65,53],"product_tag":[],"class_list":{"0":"post-38946","1":"product","2":"type-product","3":"status-publish","4":"has-post-thumbnail","6":"product_cat-cosmeticos","7":"product_cat-kits","8":"product_cat-lubrificantes-intimos","9":"yith_product_brand-waterfeel","11":"first","12":"instock","13":"taxable","14":"shipping-taxable","15":"purchasable","16":"product-type-simple"},"acf":[],"yoast_head":"<!-- This site is optimized with the Yoast SEO plugin v27.3 - https:\/\/yoast.com\/product\/yoast-seo-wordpress\/ -->\n<title>WATERFEEL - LUBRIFICANTE \u00c0 BASE DE \u00c1GUA DE MARACUJ\u00c3O 175 ML PACK 25 UNIDADES - Lovme<\/title>\n<meta name=\"robots\" content=\"index, follow, max-snippet:-1, max-image-preview:large, max-video-preview:-1\" \/>\n<link rel=\"canonical\" href=\"https:\/\/lovme.pt\/index.php\/produto\/waterfeel-lubrificante-a-base-de-agua-de-maracujao-175-ml-pack-25-unidades\/\" \/>\n<meta property=\"og:locale\" content=\"pt_PT\" \/>\n<meta property=\"og:type\" content=\"article\" \/>\n<meta property=\"og:title\" content=\"WATERFEEL - LUBRIFICANTE \u00c0 BASE DE \u00c1GUA DE MARACUJ\u00c3O 175 ML PACK 25 UNIDADES - Lovme\" \/>\n<meta property=\"og:description\" content=\"EMBALAGEM DISPON\u00cdVEL EM: \/es\/en\/de\/fr\/po\/it\/pt\/el\/ru\/\" \/>\n<meta property=\"og:url\" content=\"https:\/\/lovme.pt\/index.php\/produto\/waterfeel-lubrificante-a-base-de-agua-de-maracujao-175-ml-pack-25-unidades\/\" \/>\n<meta property=\"og:site_name\" content=\"Lovme\" \/>\n<meta property=\"article:modified_time\" content=\"2026-02-19T20:22:33+00:00\" \/>\n<meta property=\"og:image\" content=\"https:\/\/erki24nd3ub.exactdn.com\/wp-content\/uploads\/dream\/img\/img_162228_0eee1ef3719bdca30fde2b253747eea3_1.jpg?strip=all\" \/>\n\t<meta property=\"og:image:width\" content=\"800\" \/>\n\t<meta property=\"og:image:height\" content=\"800\" \/>\n\t<meta property=\"og:image:type\" content=\"image\/jpeg\" \/>\n<meta name=\"twitter:card\" content=\"summary_large_image\" \/>\n<meta name=\"twitter:label1\" content=\"Tempo estimado de leitura\" \/>\n\t<meta name=\"twitter:data1\" content=\"1 minuto\" \/>\n<script type=\"application\/ld+json\" class=\"yoast-schema-graph\">{\"@context\":\"https:\\\/\\\/schema.org\",\"@graph\":[{\"@type\":\"WebPage\",\"@id\":\"https:\\\/\\\/lovme.pt\\\/index.php\\\/produto\\\/waterfeel-lubrificante-a-base-de-agua-de-maracujao-175-ml-pack-25-unidades\\\/\",\"url\":\"https:\\\/\\\/lovme.pt\\\/index.php\\\/produto\\\/waterfeel-lubrificante-a-base-de-agua-de-maracujao-175-ml-pack-25-unidades\\\/\",\"name\":\"WATERFEEL - LUBRIFICANTE \u00c0 BASE DE \u00c1GUA DE MARACUJ\u00c3O 175 ML PACK 25 UNIDADES - Lovme\",\"isPartOf\":{\"@id\":\"https:\\\/\\\/lovme.pt\\\/#website\"},\"primaryImageOfPage\":{\"@id\":\"https:\\\/\\\/lovme.pt\\\/index.php\\\/produto\\\/waterfeel-lubrificante-a-base-de-agua-de-maracujao-175-ml-pack-25-unidades\\\/#primaryimage\"},\"image\":{\"@id\":\"https:\\\/\\\/lovme.pt\\\/index.php\\\/produto\\\/waterfeel-lubrificante-a-base-de-agua-de-maracujao-175-ml-pack-25-unidades\\\/#primaryimage\"},\"thumbnailUrl\":\"https:\\\/\\\/erki24nd3ub.exactdn.com\\\/wp-content\\\/uploads\\\/dream\\\/img\\\/img_162228_0eee1ef3719bdca30fde2b253747eea3_1.jpg?strip=all\",\"datePublished\":\"2025-10-01T03:10:58+00:00\",\"dateModified\":\"2026-02-19T20:22:33+00:00\",\"breadcrumb\":{\"@id\":\"https:\\\/\\\/lovme.pt\\\/index.php\\\/produto\\\/waterfeel-lubrificante-a-base-de-agua-de-maracujao-175-ml-pack-25-unidades\\\/#breadcrumb\"},\"inLanguage\":\"pt-PT\",\"potentialAction\":[{\"@type\":\"ReadAction\",\"target\":[\"https:\\\/\\\/lovme.pt\\\/index.php\\\/produto\\\/waterfeel-lubrificante-a-base-de-agua-de-maracujao-175-ml-pack-25-unidades\\\/\"]}]},{\"@type\":\"ImageObject\",\"inLanguage\":\"pt-PT\",\"@id\":\"https:\\\/\\\/lovme.pt\\\/index.php\\\/produto\\\/waterfeel-lubrificante-a-base-de-agua-de-maracujao-175-ml-pack-25-unidades\\\/#primaryimage\",\"url\":\"https:\\\/\\\/erki24nd3ub.exactdn.com\\\/wp-content\\\/uploads\\\/dream\\\/img\\\/img_162228_0eee1ef3719bdca30fde2b253747eea3_1.jpg?strip=all\",\"contentUrl\":\"https:\\\/\\\/erki24nd3ub.exactdn.com\\\/wp-content\\\/uploads\\\/dream\\\/img\\\/img_162228_0eee1ef3719bdca30fde2b253747eea3_1.jpg?strip=all\",\"width\":800,\"height\":800},{\"@type\":\"BreadcrumbList\",\"@id\":\"https:\\\/\\\/lovme.pt\\\/index.php\\\/produto\\\/waterfeel-lubrificante-a-base-de-agua-de-maracujao-175-ml-pack-25-unidades\\\/#breadcrumb\",\"itemListElement\":[{\"@type\":\"ListItem\",\"position\":1,\"name\":\"In\u00edcio\",\"item\":\"https:\\\/\\\/lovme.pt\\\/\"},{\"@type\":\"ListItem\",\"position\":2,\"name\":\"Loja\",\"item\":\"https:\\\/\\\/lovme.pt\\\/index.php\\\/loja\\\/\"},{\"@type\":\"ListItem\",\"position\":3,\"name\":\"WATERFEEL &#8211; LUBRIFICANTE \u00c0 BASE DE \u00c1GUA DE MARACUJ\u00c3O 175 ML PACK 25 UNIDADES\"}]},{\"@type\":\"WebSite\",\"@id\":\"https:\\\/\\\/lovme.pt\\\/#website\",\"url\":\"https:\\\/\\\/lovme.pt\\\/\",\"name\":\"Lovme Loja Er\u00f3tica N\u00ba1 em Portugal\",\"description\":\"A melhor loja er\u00f3tica de Portugal.\",\"alternateName\":\"Loja Er\u00f3tica Lovme\",\"potentialAction\":[{\"@type\":\"SearchAction\",\"target\":{\"@type\":\"EntryPoint\",\"urlTemplate\":\"https:\\\/\\\/lovme.pt\\\/?s={search_term_string}\"},\"query-input\":{\"@type\":\"PropertyValueSpecification\",\"valueRequired\":true,\"valueName\":\"search_term_string\"}}],\"inLanguage\":\"pt-PT\"}]}<\/script>\n<!-- \/ Yoast SEO plugin. -->","yoast_head_json":{"title":"WATERFEEL - LUBRIFICANTE \u00c0 BASE DE \u00c1GUA DE MARACUJ\u00c3O 175 ML PACK 25 UNIDADES - Lovme","robots":{"index":"index","follow":"follow","max-snippet":"max-snippet:-1","max-image-preview":"max-image-preview:large","max-video-preview":"max-video-preview:-1"},"canonical":"https:\/\/lovme.pt\/index.php\/produto\/waterfeel-lubrificante-a-base-de-agua-de-maracujao-175-ml-pack-25-unidades\/","og_locale":"pt_PT","og_type":"article","og_title":"WATERFEEL - LUBRIFICANTE \u00c0 BASE DE \u00c1GUA DE MARACUJ\u00c3O 175 ML PACK 25 UNIDADES - Lovme","og_description":"EMBALAGEM DISPON\u00cdVEL EM: \/es\/en\/de\/fr\/po\/it\/pt\/el\/ru\/","og_url":"https:\/\/lovme.pt\/index.php\/produto\/waterfeel-lubrificante-a-base-de-agua-de-maracujao-175-ml-pack-25-unidades\/","og_site_name":"Lovme","article_modified_time":"2026-02-19T20:22:33+00:00","og_image":[{"width":800,"height":800,"url":"https:\/\/erki24nd3ub.exactdn.com\/wp-content\/uploads\/dream\/img\/img_162228_0eee1ef3719bdca30fde2b253747eea3_1.jpg?strip=all","type":"image\/jpeg"}],"twitter_card":"summary_large_image","twitter_misc":{"Tempo estimado de leitura":"1 minuto"},"schema":{"@context":"https:\/\/schema.org","@graph":[{"@type":"WebPage","@id":"https:\/\/lovme.pt\/index.php\/produto\/waterfeel-lubrificante-a-base-de-agua-de-maracujao-175-ml-pack-25-unidades\/","url":"https:\/\/lovme.pt\/index.php\/produto\/waterfeel-lubrificante-a-base-de-agua-de-maracujao-175-ml-pack-25-unidades\/","name":"WATERFEEL - LUBRIFICANTE \u00c0 BASE DE \u00c1GUA DE MARACUJ\u00c3O 175 ML PACK 25 UNIDADES - Lovme","isPartOf":{"@id":"https:\/\/lovme.pt\/#website"},"primaryImageOfPage":{"@id":"https:\/\/lovme.pt\/index.php\/produto\/waterfeel-lubrificante-a-base-de-agua-de-maracujao-175-ml-pack-25-unidades\/#primaryimage"},"image":{"@id":"https:\/\/lovme.pt\/index.php\/produto\/waterfeel-lubrificante-a-base-de-agua-de-maracujao-175-ml-pack-25-unidades\/#primaryimage"},"thumbnailUrl":"https:\/\/erki24nd3ub.exactdn.com\/wp-content\/uploads\/dream\/img\/img_162228_0eee1ef3719bdca30fde2b253747eea3_1.jpg?strip=all","datePublished":"2025-10-01T03:10:58+00:00","dateModified":"2026-02-19T20:22:33+00:00","breadcrumb":{"@id":"https:\/\/lovme.pt\/index.php\/produto\/waterfeel-lubrificante-a-base-de-agua-de-maracujao-175-ml-pack-25-unidades\/#breadcrumb"},"inLanguage":"pt-PT","potentialAction":[{"@type":"ReadAction","target":["https:\/\/lovme.pt\/index.php\/produto\/waterfeel-lubrificante-a-base-de-agua-de-maracujao-175-ml-pack-25-unidades\/"]}]},{"@type":"ImageObject","inLanguage":"pt-PT","@id":"https:\/\/lovme.pt\/index.php\/produto\/waterfeel-lubrificante-a-base-de-agua-de-maracujao-175-ml-pack-25-unidades\/#primaryimage","url":"https:\/\/erki24nd3ub.exactdn.com\/wp-content\/uploads\/dream\/img\/img_162228_0eee1ef3719bdca30fde2b253747eea3_1.jpg?strip=all","contentUrl":"https:\/\/erki24nd3ub.exactdn.com\/wp-content\/uploads\/dream\/img\/img_162228_0eee1ef3719bdca30fde2b253747eea3_1.jpg?strip=all","width":800,"height":800},{"@type":"BreadcrumbList","@id":"https:\/\/lovme.pt\/index.php\/produto\/waterfeel-lubrificante-a-base-de-agua-de-maracujao-175-ml-pack-25-unidades\/#breadcrumb","itemListElement":[{"@type":"ListItem","position":1,"name":"In\u00edcio","item":"https:\/\/lovme.pt\/"},{"@type":"ListItem","position":2,"name":"Loja","item":"https:\/\/lovme.pt\/index.php\/loja\/"},{"@type":"ListItem","position":3,"name":"WATERFEEL &#8211; LUBRIFICANTE \u00c0 BASE DE \u00c1GUA DE MARACUJ\u00c3O 175 ML PACK 25 UNIDADES"}]},{"@type":"WebSite","@id":"https:\/\/lovme.pt\/#website","url":"https:\/\/lovme.pt\/","name":"Lovme Loja Er\u00f3tica N\u00ba1 em Portugal","description":"A melhor loja er\u00f3tica de Portugal.","alternateName":"Loja Er\u00f3tica Lovme","potentialAction":[{"@type":"SearchAction","target":{"@type":"EntryPoint","urlTemplate":"https:\/\/lovme.pt\/?s={search_term_string}"},"query-input":{"@type":"PropertyValueSpecification","valueRequired":true,"valueName":"search_term_string"}}],"inLanguage":"pt-PT"}]}},"_links":{"self":[{"href":"https:\/\/lovme.pt\/index.php\/wp-json\/wp\/v2\/product\/38946","targetHints":{"allow":["GET"]}}],"collection":[{"href":"https:\/\/lovme.pt\/index.php\/wp-json\/wp\/v2\/product"}],"about":[{"href":"https:\/\/lovme.pt\/index.php\/wp-json\/wp\/v2\/types\/product"}],"wp:featuredmedia":[{"embeddable":true,"href":"https:\/\/lovme.pt\/index.php\/wp-json\/wp\/v2\/media\/101973"}],"wp:attachment":[{"href":"https:\/\/lovme.pt\/index.php\/wp-json\/wp\/v2\/media?parent=38946"}],"wp:term":[{"taxonomy":"product_brand","embeddable":true,"href":"https:\/\/lovme.pt\/index.php\/wp-json\/wp\/v2\/product_brand?post=38946"},{"taxonomy":"product_cat","embeddable":true,"href":"https:\/\/lovme.pt\/index.php\/wp-json\/wp\/v2\/product_cat?post=38946"},{"taxonomy":"product_tag","embeddable":true,"href":"https:\/\/lovme.pt\/index.php\/wp-json\/wp\/v2\/product_tag?post=38946"}],"curies":[{"name":"wp","href":"https:\/\/api.w.org\/{rel}","templated":true}]}}