{"id":38731,"date":"2025-09-30T10:10:18","date_gmt":"2025-09-30T10:10:18","guid":{"rendered":"https:\/\/lovme.pt\/?post_type=product&p=38731"},"modified":"2026-02-25T08:11:54","modified_gmt":"2026-02-25T08:11:54","slug":"pretty-love-bainha-de-penis-natural-cecelia","status":"publish","type":"product","link":"https:\/\/lovme.pt\/index.php\/produto\/pretty-love-bainha-de-penis-natural-cecelia\/","title":{"rendered":"PRETTY LOVE &#8211; BAINHA DE P\u00caNIS NATURAL CECELIA"},"content":{"rendered":"<p>Divirta-se com esta manga peniana vibrat\u00f3ria. Esta manga peniana que melhora a ere\u00e7\u00e3o e promete prazer \u00e9 feita de TPR macio e \u00e9 presa no lugar por um la\u00e7o de bola. Um vibrador na ponta estende o comprimento do seu p\u00eanis e \u00e9 ativado no contato. Ao estimular a cabe\u00e7a do seu eixo, voc\u00ea tamb\u00e9m fornece estimula\u00e7\u00e3o interna para ela. A manga el\u00e1stica envolve seu p\u00eanis para uma ere\u00e7\u00e3o mais forte e duradoura, dando a voc\u00ea mais tempo para aproveitar as vibra\u00e7\u00f5es!<\/p>\n<p> Caracter\u00edsticas:<\/p>\n<ul>\n<li> Funcionamento: manga peniana com vibra\u00e7\u00e3o<\/li>\n<li> Bateria: 3 baterias LR936<\/li>\n<li> Material: TPR ABS<\/li>\n<li> Cor natural<\/li>\n<\/ul>\n<p> A Pretty Love fabrica produtos de alta qualidade. Eles t\u00eam garantia de 1 ano para defeitos t\u00e9cnicos.<\/p>\n","protected":false},"excerpt":{"rendered":"<p>PRETTY LOVE &#8211; CAPA DE P\u00caNIS NATURAL CECELIA<\/p>\n","protected":false},"featured_media":63506,"template":"","meta":{"_acf_changed":false},"product_brand":[],"product_cat":[17,60],"product_tag":[],"class_list":{"0":"post-38731","1":"product","2":"type-product","3":"status-publish","4":"has-post-thumbnail","6":"product_cat-brinquedos-de-bem-estar-sexual","7":"product_cat-para-eles","8":"yith_product_brand-pretty-love","10":"first","11":"instock","12":"taxable","13":"shipping-taxable","14":"purchasable","15":"product-type-simple"},"acf":[],"yoast_head":"<!-- This site is optimized with the Yoast SEO plugin v27.4 - https:\/\/yoast.com\/product\/yoast-seo-wordpress\/ -->\n<title>PRETTY LOVE - BAINHA DE P\u00caNIS NATURAL CECELIA - Lovme<\/title>\n<meta name=\"robots\" content=\"index, follow, max-snippet:-1, max-image-preview:large, max-video-preview:-1\" \/>\n<link rel=\"canonical\" href=\"https:\/\/lovme.pt\/index.php\/produto\/pretty-love-bainha-de-penis-natural-cecelia\/\" \/>\n<meta property=\"og:locale\" content=\"pt_PT\" \/>\n<meta property=\"og:type\" content=\"article\" \/>\n<meta property=\"og:title\" content=\"PRETTY LOVE - BAINHA DE P\u00caNIS NATURAL CECELIA - Lovme\" \/>\n<meta property=\"og:description\" content=\"PRETTY LOVE - CAPA DE P\u00caNIS NATURAL CECELIA\" \/>\n<meta property=\"og:url\" content=\"https:\/\/lovme.pt\/index.php\/produto\/pretty-love-bainha-de-penis-natural-cecelia\/\" \/>\n<meta property=\"og:site_name\" content=\"Lovme\" \/>\n<meta property=\"article:modified_time\" content=\"2026-02-25T08:11:54+00:00\" \/>\n<meta property=\"og:image\" content=\"https:\/\/erki24nd3ub.exactdn.com\/wp-content\/uploads\/dream\/img\/img_121084_365e127842be83b75e4b609cd1e9e8a8_1.jpg?strip=all\" \/>\n\t<meta property=\"og:image:width\" content=\"800\" \/>\n\t<meta property=\"og:image:height\" content=\"800\" \/>\n\t<meta property=\"og:image:type\" content=\"image\/jpeg\" \/>\n<meta name=\"twitter:card\" content=\"summary_large_image\" \/>\n<meta name=\"twitter:label1\" content=\"Tempo estimado de leitura\" \/>\n\t<meta name=\"twitter:data1\" content=\"1 minuto\" \/>\n<script type=\"application\/ld+json\" class=\"yoast-schema-graph\">{\"@context\":\"https:\\\/\\\/schema.org\",\"@graph\":[{\"@type\":\"WebPage\",\"@id\":\"https:\\\/\\\/lovme.pt\\\/index.php\\\/produto\\\/pretty-love-bainha-de-penis-natural-cecelia\\\/\",\"url\":\"https:\\\/\\\/lovme.pt\\\/index.php\\\/produto\\\/pretty-love-bainha-de-penis-natural-cecelia\\\/\",\"name\":\"PRETTY LOVE - BAINHA DE P\u00caNIS NATURAL CECELIA - Lovme\",\"isPartOf\":{\"@id\":\"https:\\\/\\\/lovme.pt\\\/#website\"},\"primaryImageOfPage\":{\"@id\":\"https:\\\/\\\/lovme.pt\\\/index.php\\\/produto\\\/pretty-love-bainha-de-penis-natural-cecelia\\\/#primaryimage\"},\"image\":{\"@id\":\"https:\\\/\\\/lovme.pt\\\/index.php\\\/produto\\\/pretty-love-bainha-de-penis-natural-cecelia\\\/#primaryimage\"},\"thumbnailUrl\":\"https:\\\/\\\/erki24nd3ub.exactdn.com\\\/wp-content\\\/uploads\\\/dream\\\/img\\\/img_121084_365e127842be83b75e4b609cd1e9e8a8_1.jpg?strip=all\",\"datePublished\":\"2025-09-30T10:10:18+00:00\",\"dateModified\":\"2026-02-25T08:11:54+00:00\",\"breadcrumb\":{\"@id\":\"https:\\\/\\\/lovme.pt\\\/index.php\\\/produto\\\/pretty-love-bainha-de-penis-natural-cecelia\\\/#breadcrumb\"},\"inLanguage\":\"pt-PT\",\"potentialAction\":[{\"@type\":\"ReadAction\",\"target\":[\"https:\\\/\\\/lovme.pt\\\/index.php\\\/produto\\\/pretty-love-bainha-de-penis-natural-cecelia\\\/\"]}]},{\"@type\":\"ImageObject\",\"inLanguage\":\"pt-PT\",\"@id\":\"https:\\\/\\\/lovme.pt\\\/index.php\\\/produto\\\/pretty-love-bainha-de-penis-natural-cecelia\\\/#primaryimage\",\"url\":\"https:\\\/\\\/erki24nd3ub.exactdn.com\\\/wp-content\\\/uploads\\\/dream\\\/img\\\/img_121084_365e127842be83b75e4b609cd1e9e8a8_1.jpg?strip=all\",\"contentUrl\":\"https:\\\/\\\/erki24nd3ub.exactdn.com\\\/wp-content\\\/uploads\\\/dream\\\/img\\\/img_121084_365e127842be83b75e4b609cd1e9e8a8_1.jpg?strip=all\",\"width\":800,\"height\":800},{\"@type\":\"BreadcrumbList\",\"@id\":\"https:\\\/\\\/lovme.pt\\\/index.php\\\/produto\\\/pretty-love-bainha-de-penis-natural-cecelia\\\/#breadcrumb\",\"itemListElement\":[{\"@type\":\"ListItem\",\"position\":1,\"name\":\"In\u00edcio\",\"item\":\"https:\\\/\\\/lovme.pt\\\/\"},{\"@type\":\"ListItem\",\"position\":2,\"name\":\"Loja\",\"item\":\"https:\\\/\\\/lovme.pt\\\/index.php\\\/loja\\\/\"},{\"@type\":\"ListItem\",\"position\":3,\"name\":\"PRETTY LOVE &#8211; BAINHA DE P\u00caNIS NATURAL CECELIA\"}]},{\"@type\":\"WebSite\",\"@id\":\"https:\\\/\\\/lovme.pt\\\/#website\",\"url\":\"https:\\\/\\\/lovme.pt\\\/\",\"name\":\"Lovme Loja Er\u00f3tica N\u00ba1 em Portugal\",\"description\":\"A melhor loja er\u00f3tica de Portugal.\",\"alternateName\":\"Loja Er\u00f3tica Lovme\",\"potentialAction\":[{\"@type\":\"SearchAction\",\"target\":{\"@type\":\"EntryPoint\",\"urlTemplate\":\"https:\\\/\\\/lovme.pt\\\/?s={search_term_string}\"},\"query-input\":{\"@type\":\"PropertyValueSpecification\",\"valueRequired\":true,\"valueName\":\"search_term_string\"}}],\"inLanguage\":\"pt-PT\"}]}<\/script>\n<!-- \/ Yoast SEO plugin. -->","yoast_head_json":{"title":"PRETTY LOVE - BAINHA DE P\u00caNIS NATURAL CECELIA - Lovme","robots":{"index":"index","follow":"follow","max-snippet":"max-snippet:-1","max-image-preview":"max-image-preview:large","max-video-preview":"max-video-preview:-1"},"canonical":"https:\/\/lovme.pt\/index.php\/produto\/pretty-love-bainha-de-penis-natural-cecelia\/","og_locale":"pt_PT","og_type":"article","og_title":"PRETTY LOVE - BAINHA DE P\u00caNIS NATURAL CECELIA - Lovme","og_description":"PRETTY LOVE - CAPA DE P\u00caNIS NATURAL CECELIA","og_url":"https:\/\/lovme.pt\/index.php\/produto\/pretty-love-bainha-de-penis-natural-cecelia\/","og_site_name":"Lovme","article_modified_time":"2026-02-25T08:11:54+00:00","og_image":[{"width":800,"height":800,"url":"https:\/\/erki24nd3ub.exactdn.com\/wp-content\/uploads\/dream\/img\/img_121084_365e127842be83b75e4b609cd1e9e8a8_1.jpg?strip=all","type":"image\/jpeg"}],"twitter_card":"summary_large_image","twitter_misc":{"Tempo estimado de leitura":"1 minuto"},"schema":{"@context":"https:\/\/schema.org","@graph":[{"@type":"WebPage","@id":"https:\/\/lovme.pt\/index.php\/produto\/pretty-love-bainha-de-penis-natural-cecelia\/","url":"https:\/\/lovme.pt\/index.php\/produto\/pretty-love-bainha-de-penis-natural-cecelia\/","name":"PRETTY LOVE - BAINHA DE P\u00caNIS NATURAL CECELIA - Lovme","isPartOf":{"@id":"https:\/\/lovme.pt\/#website"},"primaryImageOfPage":{"@id":"https:\/\/lovme.pt\/index.php\/produto\/pretty-love-bainha-de-penis-natural-cecelia\/#primaryimage"},"image":{"@id":"https:\/\/lovme.pt\/index.php\/produto\/pretty-love-bainha-de-penis-natural-cecelia\/#primaryimage"},"thumbnailUrl":"https:\/\/erki24nd3ub.exactdn.com\/wp-content\/uploads\/dream\/img\/img_121084_365e127842be83b75e4b609cd1e9e8a8_1.jpg?strip=all","datePublished":"2025-09-30T10:10:18+00:00","dateModified":"2026-02-25T08:11:54+00:00","breadcrumb":{"@id":"https:\/\/lovme.pt\/index.php\/produto\/pretty-love-bainha-de-penis-natural-cecelia\/#breadcrumb"},"inLanguage":"pt-PT","potentialAction":[{"@type":"ReadAction","target":["https:\/\/lovme.pt\/index.php\/produto\/pretty-love-bainha-de-penis-natural-cecelia\/"]}]},{"@type":"ImageObject","inLanguage":"pt-PT","@id":"https:\/\/lovme.pt\/index.php\/produto\/pretty-love-bainha-de-penis-natural-cecelia\/#primaryimage","url":"https:\/\/erki24nd3ub.exactdn.com\/wp-content\/uploads\/dream\/img\/img_121084_365e127842be83b75e4b609cd1e9e8a8_1.jpg?strip=all","contentUrl":"https:\/\/erki24nd3ub.exactdn.com\/wp-content\/uploads\/dream\/img\/img_121084_365e127842be83b75e4b609cd1e9e8a8_1.jpg?strip=all","width":800,"height":800},{"@type":"BreadcrumbList","@id":"https:\/\/lovme.pt\/index.php\/produto\/pretty-love-bainha-de-penis-natural-cecelia\/#breadcrumb","itemListElement":[{"@type":"ListItem","position":1,"name":"In\u00edcio","item":"https:\/\/lovme.pt\/"},{"@type":"ListItem","position":2,"name":"Loja","item":"https:\/\/lovme.pt\/index.php\/loja\/"},{"@type":"ListItem","position":3,"name":"PRETTY LOVE &#8211; BAINHA DE P\u00caNIS NATURAL CECELIA"}]},{"@type":"WebSite","@id":"https:\/\/lovme.pt\/#website","url":"https:\/\/lovme.pt\/","name":"Lovme Loja Er\u00f3tica N\u00ba1 em Portugal","description":"A melhor loja er\u00f3tica de Portugal.","alternateName":"Loja Er\u00f3tica Lovme","potentialAction":[{"@type":"SearchAction","target":{"@type":"EntryPoint","urlTemplate":"https:\/\/lovme.pt\/?s={search_term_string}"},"query-input":{"@type":"PropertyValueSpecification","valueRequired":true,"valueName":"search_term_string"}}],"inLanguage":"pt-PT"}]}},"_links":{"self":[{"href":"https:\/\/lovme.pt\/index.php\/wp-json\/wp\/v2\/product\/38731","targetHints":{"allow":["GET"]}}],"collection":[{"href":"https:\/\/lovme.pt\/index.php\/wp-json\/wp\/v2\/product"}],"about":[{"href":"https:\/\/lovme.pt\/index.php\/wp-json\/wp\/v2\/types\/product"}],"wp:featuredmedia":[{"embeddable":true,"href":"https:\/\/lovme.pt\/index.php\/wp-json\/wp\/v2\/media\/63506"}],"wp:attachment":[{"href":"https:\/\/lovme.pt\/index.php\/wp-json\/wp\/v2\/media?parent=38731"}],"wp:term":[{"taxonomy":"product_brand","embeddable":true,"href":"https:\/\/lovme.pt\/index.php\/wp-json\/wp\/v2\/product_brand?post=38731"},{"taxonomy":"product_cat","embeddable":true,"href":"https:\/\/lovme.pt\/index.php\/wp-json\/wp\/v2\/product_cat?post=38731"},{"taxonomy":"product_tag","embeddable":true,"href":"https:\/\/lovme.pt\/index.php\/wp-json\/wp\/v2\/product_tag?post=38731"}],"curies":[{"name":"wp","href":"https:\/\/api.w.org\/{rel}","templated":true}]}}