{"id":38232,"date":"2025-10-01T02:16:05","date_gmt":"2025-10-01T02:16:05","guid":{"rendered":"https:\/\/lovme.pt\/?post_type=product&#038;p=38232"},"modified":"2026-02-25T08:01:33","modified_gmt":"2026-02-25T08:01:33","slug":"jamyjob-masturbador-de-booty-nus","status":"publish","type":"product","link":"https:\/\/lovme.pt\/index.php\/produto\/jamyjob-masturbador-de-booty-nus\/","title":{"rendered":"JAMYJOB &#8211; MASTURBADOR DE BUNDA &#8211; \u00c2NUS"},"content":{"rendered":"<p>De acordo com os \u00faltimos estudos sobre a masturba\u00e7\u00e3o masculina, podemos extrair dados interessantes que nos dizem sobre a import\u00e2ncia e incid\u00eancia nos pr\u00f3prios homens, sendo corroborados nos resultados desta macro-pesquisa.<\/p>\n<p> Como dado interessante, podemos revelar que cada homem martuba em m\u00e9dia 156 vezes por ano, ou seja, cerca de 3 vezes por semana ou, por exemplo, os locais onde o fazem s\u00e3o 30% no duche, 22% na casa de banho, 30% no quarto e os restantes 18% noutros locais como o trabalho (cerca de 1%).<\/p>\n<p> Na Jamyjob sempre tivemos conhecimento tanto dos benef\u00edcios que a masturba\u00e7\u00e3o masculina causa quanto da import\u00e2ncia no pr\u00f3prio homem estar evidente nos dados indicados, por isso h\u00e1 anos desenvolvemos brinquedos que conseguem melhorar e otimizar esse h\u00e1bito t\u00e3o prazeroso, mas comum ao mesmo tempo.<\/p>\n<p> Com este masturbador com entrada em formato de \u00e2nus, voc\u00ea atingir\u00e1 plenamente o nosso objetivo prazeroso: sua capa remov\u00edvel, de f\u00e1cil limpeza, adapta-se \u00e0 temperatura corporal e seu canal interno \u00e9 texturizado, tornando a experi\u00eancia 100% realista, como se fosse sexo real. Voc\u00ea s\u00f3 precisar\u00e1 aplicar um pouco de lubrificante \u00e0 base de \u00e1gua (a Jamyjob recomenda o uso de lubrificantes Waterfeel para uma lubrifica\u00e7\u00e3o ideal). Na outra extremidade, voc\u00ea encontrar\u00e1 uma tampa de rosca para regular a press\u00e3o e, consequentemente, as sensa\u00e7\u00f5es.<\/p>\n<ul>\n<li> Masturbador com entrada anal<\/li>\n<li> Tampa para regular a press\u00e3o<\/li>\n<li> Estojo r\u00edgido para armazenamento e transporte<\/li>\n<li> Manga texturizada interna<\/li>\n<li> Material: TPE<\/li>\n<li> F\u00e1cil limpeza<\/li>\n<li> Lubrificantes \u00e0 base de \u00e1gua Waterfeel s\u00e3o recomendados com este brinquedo.<\/li>\n<li> <span style=\"font-size: 13px\">Medidas: Comprimento total: 23 cm \/ Comprimento inser\u00edvel: 20 cm<\/span><\/li>\n<\/ul>\n<p> <strong>Jamyjob<\/strong> \u00e9 o resultado de uma infinidade de estudos ligados ao uso de materiais de primeira qualidade em seu firme prop\u00f3sito de oferecer a mais recente tecnologia do mercado adaptada ao prazer adulto.<\/p>\n","protected":false},"excerpt":{"rendered":"<p>JAMYJOB &#8211; MASTURBADOR DE BUNDA &#8211; \u00c2NUS<\/p>\n","protected":false},"featured_media":95817,"template":"","meta":{"_acf_changed":false},"product_brand":[],"product_cat":[17,63],"product_tag":[],"class_list":{"0":"post-38232","1":"product","2":"type-product","3":"status-publish","4":"has-post-thumbnail","6":"product_cat-brinquedos-de-bem-estar-sexual","7":"product_cat-sexo-anal","8":"yith_product_brand-jamyjob","10":"first","11":"instock","12":"taxable","13":"shipping-taxable","14":"purchasable","15":"product-type-simple"},"acf":[],"yoast_head":"<!-- This site is optimized with the Yoast SEO plugin v27.4 - https:\/\/yoast.com\/product\/yoast-seo-wordpress\/ -->\n<title>JAMYJOB - MASTURBADOR DE BUNDA - \u00c2NUS - Lovme<\/title>\n<meta name=\"robots\" content=\"index, follow, max-snippet:-1, max-image-preview:large, max-video-preview:-1\" \/>\n<link rel=\"canonical\" href=\"https:\/\/lovme.pt\/index.php\/produto\/jamyjob-masturbador-de-booty-nus\/\" \/>\n<meta property=\"og:locale\" content=\"pt_PT\" \/>\n<meta property=\"og:type\" content=\"article\" \/>\n<meta property=\"og:title\" content=\"JAMYJOB - MASTURBADOR DE BUNDA - \u00c2NUS - Lovme\" \/>\n<meta property=\"og:description\" content=\"JAMYJOB - MASTURBADOR DE BUNDA - \u00c2NUS\" \/>\n<meta property=\"og:url\" content=\"https:\/\/lovme.pt\/index.php\/produto\/jamyjob-masturbador-de-booty-nus\/\" \/>\n<meta property=\"og:site_name\" content=\"Lovme\" \/>\n<meta property=\"article:modified_time\" content=\"2026-02-25T08:01:33+00:00\" \/>\n<meta property=\"og:image\" content=\"https:\/\/erki24nd3ub.exactdn.com\/wp-content\/uploads\/dream\/img\/img_143686_e09887396600f1f34b798d1594fa3aa6_1.png?strip=all\" \/>\n\t<meta property=\"og:image:width\" content=\"800\" \/>\n\t<meta property=\"og:image:height\" content=\"800\" \/>\n\t<meta property=\"og:image:type\" content=\"image\/png\" \/>\n<meta name=\"twitter:card\" content=\"summary_large_image\" \/>\n<meta name=\"twitter:label1\" content=\"Tempo estimado de leitura\" \/>\n\t<meta name=\"twitter:data1\" content=\"1 minuto\" \/>\n<script type=\"application\/ld+json\" class=\"yoast-schema-graph\">{\"@context\":\"https:\\\/\\\/schema.org\",\"@graph\":[{\"@type\":\"WebPage\",\"@id\":\"https:\\\/\\\/lovme.pt\\\/index.php\\\/produto\\\/jamyjob-masturbador-de-booty-nus\\\/\",\"url\":\"https:\\\/\\\/lovme.pt\\\/index.php\\\/produto\\\/jamyjob-masturbador-de-booty-nus\\\/\",\"name\":\"JAMYJOB - MASTURBADOR DE BUNDA - \u00c2NUS - Lovme\",\"isPartOf\":{\"@id\":\"https:\\\/\\\/lovme.pt\\\/#website\"},\"primaryImageOfPage\":{\"@id\":\"https:\\\/\\\/lovme.pt\\\/index.php\\\/produto\\\/jamyjob-masturbador-de-booty-nus\\\/#primaryimage\"},\"image\":{\"@id\":\"https:\\\/\\\/lovme.pt\\\/index.php\\\/produto\\\/jamyjob-masturbador-de-booty-nus\\\/#primaryimage\"},\"thumbnailUrl\":\"https:\\\/\\\/erki24nd3ub.exactdn.com\\\/wp-content\\\/uploads\\\/dream\\\/img\\\/img_143686_e09887396600f1f34b798d1594fa3aa6_1.png?strip=all\",\"datePublished\":\"2025-10-01T02:16:05+00:00\",\"dateModified\":\"2026-02-25T08:01:33+00:00\",\"breadcrumb\":{\"@id\":\"https:\\\/\\\/lovme.pt\\\/index.php\\\/produto\\\/jamyjob-masturbador-de-booty-nus\\\/#breadcrumb\"},\"inLanguage\":\"pt-PT\",\"potentialAction\":[{\"@type\":\"ReadAction\",\"target\":[\"https:\\\/\\\/lovme.pt\\\/index.php\\\/produto\\\/jamyjob-masturbador-de-booty-nus\\\/\"]}]},{\"@type\":\"ImageObject\",\"inLanguage\":\"pt-PT\",\"@id\":\"https:\\\/\\\/lovme.pt\\\/index.php\\\/produto\\\/jamyjob-masturbador-de-booty-nus\\\/#primaryimage\",\"url\":\"https:\\\/\\\/erki24nd3ub.exactdn.com\\\/wp-content\\\/uploads\\\/dream\\\/img\\\/img_143686_e09887396600f1f34b798d1594fa3aa6_1.png?strip=all\",\"contentUrl\":\"https:\\\/\\\/erki24nd3ub.exactdn.com\\\/wp-content\\\/uploads\\\/dream\\\/img\\\/img_143686_e09887396600f1f34b798d1594fa3aa6_1.png?strip=all\",\"width\":800,\"height\":800},{\"@type\":\"BreadcrumbList\",\"@id\":\"https:\\\/\\\/lovme.pt\\\/index.php\\\/produto\\\/jamyjob-masturbador-de-booty-nus\\\/#breadcrumb\",\"itemListElement\":[{\"@type\":\"ListItem\",\"position\":1,\"name\":\"In\u00edcio\",\"item\":\"https:\\\/\\\/lovme.pt\\\/\"},{\"@type\":\"ListItem\",\"position\":2,\"name\":\"Loja\",\"item\":\"https:\\\/\\\/lovme.pt\\\/index.php\\\/loja\\\/\"},{\"@type\":\"ListItem\",\"position\":3,\"name\":\"JAMYJOB &#8211; MASTURBADOR DE BUNDA &#8211; \u00c2NUS\"}]},{\"@type\":\"WebSite\",\"@id\":\"https:\\\/\\\/lovme.pt\\\/#website\",\"url\":\"https:\\\/\\\/lovme.pt\\\/\",\"name\":\"Lovme Loja Er\u00f3tica N\u00ba1 em Portugal\",\"description\":\"A melhor loja er\u00f3tica de Portugal.\",\"alternateName\":\"Loja Er\u00f3tica Lovme\",\"potentialAction\":[{\"@type\":\"SearchAction\",\"target\":{\"@type\":\"EntryPoint\",\"urlTemplate\":\"https:\\\/\\\/lovme.pt\\\/?s={search_term_string}\"},\"query-input\":{\"@type\":\"PropertyValueSpecification\",\"valueRequired\":true,\"valueName\":\"search_term_string\"}}],\"inLanguage\":\"pt-PT\"}]}<\/script>\n<!-- \/ Yoast SEO plugin. -->","yoast_head_json":{"title":"JAMYJOB - MASTURBADOR DE BUNDA - \u00c2NUS - Lovme","robots":{"index":"index","follow":"follow","max-snippet":"max-snippet:-1","max-image-preview":"max-image-preview:large","max-video-preview":"max-video-preview:-1"},"canonical":"https:\/\/lovme.pt\/index.php\/produto\/jamyjob-masturbador-de-booty-nus\/","og_locale":"pt_PT","og_type":"article","og_title":"JAMYJOB - MASTURBADOR DE BUNDA - \u00c2NUS - Lovme","og_description":"JAMYJOB - MASTURBADOR DE BUNDA - \u00c2NUS","og_url":"https:\/\/lovme.pt\/index.php\/produto\/jamyjob-masturbador-de-booty-nus\/","og_site_name":"Lovme","article_modified_time":"2026-02-25T08:01:33+00:00","og_image":[{"width":800,"height":800,"url":"https:\/\/erki24nd3ub.exactdn.com\/wp-content\/uploads\/dream\/img\/img_143686_e09887396600f1f34b798d1594fa3aa6_1.png?strip=all","type":"image\/png"}],"twitter_card":"summary_large_image","twitter_misc":{"Tempo estimado de leitura":"1 minuto"},"schema":{"@context":"https:\/\/schema.org","@graph":[{"@type":"WebPage","@id":"https:\/\/lovme.pt\/index.php\/produto\/jamyjob-masturbador-de-booty-nus\/","url":"https:\/\/lovme.pt\/index.php\/produto\/jamyjob-masturbador-de-booty-nus\/","name":"JAMYJOB - MASTURBADOR DE BUNDA - \u00c2NUS - Lovme","isPartOf":{"@id":"https:\/\/lovme.pt\/#website"},"primaryImageOfPage":{"@id":"https:\/\/lovme.pt\/index.php\/produto\/jamyjob-masturbador-de-booty-nus\/#primaryimage"},"image":{"@id":"https:\/\/lovme.pt\/index.php\/produto\/jamyjob-masturbador-de-booty-nus\/#primaryimage"},"thumbnailUrl":"https:\/\/erki24nd3ub.exactdn.com\/wp-content\/uploads\/dream\/img\/img_143686_e09887396600f1f34b798d1594fa3aa6_1.png?strip=all","datePublished":"2025-10-01T02:16:05+00:00","dateModified":"2026-02-25T08:01:33+00:00","breadcrumb":{"@id":"https:\/\/lovme.pt\/index.php\/produto\/jamyjob-masturbador-de-booty-nus\/#breadcrumb"},"inLanguage":"pt-PT","potentialAction":[{"@type":"ReadAction","target":["https:\/\/lovme.pt\/index.php\/produto\/jamyjob-masturbador-de-booty-nus\/"]}]},{"@type":"ImageObject","inLanguage":"pt-PT","@id":"https:\/\/lovme.pt\/index.php\/produto\/jamyjob-masturbador-de-booty-nus\/#primaryimage","url":"https:\/\/erki24nd3ub.exactdn.com\/wp-content\/uploads\/dream\/img\/img_143686_e09887396600f1f34b798d1594fa3aa6_1.png?strip=all","contentUrl":"https:\/\/erki24nd3ub.exactdn.com\/wp-content\/uploads\/dream\/img\/img_143686_e09887396600f1f34b798d1594fa3aa6_1.png?strip=all","width":800,"height":800},{"@type":"BreadcrumbList","@id":"https:\/\/lovme.pt\/index.php\/produto\/jamyjob-masturbador-de-booty-nus\/#breadcrumb","itemListElement":[{"@type":"ListItem","position":1,"name":"In\u00edcio","item":"https:\/\/lovme.pt\/"},{"@type":"ListItem","position":2,"name":"Loja","item":"https:\/\/lovme.pt\/index.php\/loja\/"},{"@type":"ListItem","position":3,"name":"JAMYJOB &#8211; MASTURBADOR DE BUNDA &#8211; \u00c2NUS"}]},{"@type":"WebSite","@id":"https:\/\/lovme.pt\/#website","url":"https:\/\/lovme.pt\/","name":"Lovme Loja Er\u00f3tica N\u00ba1 em Portugal","description":"A melhor loja er\u00f3tica de Portugal.","alternateName":"Loja Er\u00f3tica Lovme","potentialAction":[{"@type":"SearchAction","target":{"@type":"EntryPoint","urlTemplate":"https:\/\/lovme.pt\/?s={search_term_string}"},"query-input":{"@type":"PropertyValueSpecification","valueRequired":true,"valueName":"search_term_string"}}],"inLanguage":"pt-PT"}]}},"_links":{"self":[{"href":"https:\/\/lovme.pt\/index.php\/wp-json\/wp\/v2\/product\/38232","targetHints":{"allow":["GET"]}}],"collection":[{"href":"https:\/\/lovme.pt\/index.php\/wp-json\/wp\/v2\/product"}],"about":[{"href":"https:\/\/lovme.pt\/index.php\/wp-json\/wp\/v2\/types\/product"}],"wp:featuredmedia":[{"embeddable":true,"href":"https:\/\/lovme.pt\/index.php\/wp-json\/wp\/v2\/media\/95817"}],"wp:attachment":[{"href":"https:\/\/lovme.pt\/index.php\/wp-json\/wp\/v2\/media?parent=38232"}],"wp:term":[{"taxonomy":"product_brand","embeddable":true,"href":"https:\/\/lovme.pt\/index.php\/wp-json\/wp\/v2\/product_brand?post=38232"},{"taxonomy":"product_cat","embeddable":true,"href":"https:\/\/lovme.pt\/index.php\/wp-json\/wp\/v2\/product_cat?post=38232"},{"taxonomy":"product_tag","embeddable":true,"href":"https:\/\/lovme.pt\/index.php\/wp-json\/wp\/v2\/product_tag?post=38232"}],"curies":[{"name":"wp","href":"https:\/\/api.w.org\/{rel}","templated":true}]}}