{"id":38004,"date":"2025-09-30T09:42:35","date_gmt":"2025-09-30T09:42:35","guid":{"rendered":"https:\/\/lovme.pt\/?post_type=product&#038;p=38004"},"modified":"2026-02-25T07:58:52","modified_gmt":"2026-02-25T07:58:52","slug":"aqua-travel-lubrificante-a-base-de-agua-de-creme-de-morango-50-ml","status":"publish","type":"product","link":"https:\/\/lovme.pt\/index.php\/produto\/aqua-travel-lubrificante-a-base-de-agua-de-creme-de-morango-50-ml\/","title":{"rendered":"AQUA TRAVEL &#8211; LUBRIFICANTE \u00c0 BASE DE \u00c1GUA DE CREME DE MORANGO &#8211; 50 ML"},"content":{"rendered":"<p>Todos sabemos que viajar &eacute; a melhor forma de nos perdermos e de nos encontrarmos ao mesmo tempo e que existem demasiadas aventuras por a&iacute; &agrave; espera de serem vividas. Mas, viaje, n&atilde;o para fugir da vida, mas para que a vida n&atilde;o fuja, porque &eacute; a &uacute;nica coisa que podemos comprar na vida mas ao mesmo tempo, nos tornar mais ricos&#8230;<\/p>\n<p>Como adoramos viajar, sabemos o que &eacute; preciso para torn&aacute;-la inesquec&iacute;vel e <strong>a Aqua Travel<\/strong> com a sua gama de lubrificantes &agrave; base de &aacute;gua e sabor explosivo, ser&aacute; a partir de agora a sua companhia ideal, o seu sabor delicioso, lubrifica&ccedil;&atilde;o de longa dura&ccedil;&atilde;o, limpeza f&aacute;cil e o tamanho compacto se tornar&aacute; indispens&aacute;vel na sua mala de viagem!<\/p>\n<ul>\n<li>Lubrificante &agrave; base de &aacute;gua<\/li>\n<li>Sabor delicioso e intenso de Creme de Morango<\/li>\n<li>Lubrifica&ccedil;&atilde;o de longa dura&ccedil;&atilde;o<\/li>\n<li>F&aacute;cil de limpar<\/li>\n<li>Ideal para sexo oral<\/li>\n<li>Compat&iacute;vel com preservativos de l&aacute;tex<\/li>\n<li>Formato de viagem: 50 ml<\/li>\n<\/ul>\n<p>Encha a sua vida de momentos maravilhosos e deixe <strong>a Aqua Travel<\/strong> acompanh&aacute;-lo na sua viagem!<\/p>\n","protected":false},"excerpt":{"rendered":"<p>EMBALAGEM DISPON\u00cdVEL EM: \/es\/en\/fr\/de\/pt\/it\/ro\/el\/ru\/hu\/<\/p>\n","protected":false},"featured_media":56058,"template":"","meta":{"_acf_changed":false},"product_brand":[],"product_cat":[49,53],"product_tag":[],"class_list":{"0":"post-38004","1":"product","2":"type-product","3":"status-publish","4":"has-post-thumbnail","6":"product_cat-cosmeticos","7":"product_cat-lubrificantes-intimos","8":"yith_product_brand-aquaaqua-travel","10":"first","11":"instock","12":"taxable","13":"shipping-taxable","14":"purchasable","15":"product-type-simple"},"acf":[],"yoast_head":"<!-- This site is optimized with the Yoast SEO plugin v27.4 - https:\/\/yoast.com\/product\/yoast-seo-wordpress\/ -->\n<title>AQUA TRAVEL - LUBRIFICANTE \u00c0 BASE DE \u00c1GUA DE CREME DE MORANGO - 50 ML - Lovme<\/title>\n<meta name=\"robots\" content=\"index, follow, max-snippet:-1, max-image-preview:large, max-video-preview:-1\" \/>\n<link rel=\"canonical\" href=\"https:\/\/lovme.pt\/index.php\/produto\/aqua-travel-lubrificante-a-base-de-agua-de-creme-de-morango-50-ml\/\" \/>\n<meta property=\"og:locale\" content=\"pt_PT\" \/>\n<meta property=\"og:type\" content=\"article\" \/>\n<meta property=\"og:title\" content=\"AQUA TRAVEL - LUBRIFICANTE \u00c0 BASE DE \u00c1GUA DE CREME DE MORANGO - 50 ML - Lovme\" \/>\n<meta property=\"og:description\" content=\"EMBALAGEM DISPON\u00cdVEL EM: \/es\/en\/fr\/de\/pt\/it\/ro\/el\/ru\/hu\/\" \/>\n<meta property=\"og:url\" content=\"https:\/\/lovme.pt\/index.php\/produto\/aqua-travel-lubrificante-a-base-de-agua-de-creme-de-morango-50-ml\/\" \/>\n<meta property=\"og:site_name\" content=\"Lovme\" \/>\n<meta property=\"article:modified_time\" content=\"2026-02-25T07:58:52+00:00\" \/>\n<meta property=\"og:image\" content=\"https:\/\/erki24nd3ub.exactdn.com\/wp-content\/uploads\/dream\/img\/img_116787_634c92dea1177e2a91e6bd8d47d2ff32_1.png?strip=all\" \/>\n\t<meta property=\"og:image:width\" content=\"800\" \/>\n\t<meta property=\"og:image:height\" content=\"800\" \/>\n\t<meta property=\"og:image:type\" content=\"image\/png\" \/>\n<meta name=\"twitter:card\" content=\"summary_large_image\" \/>\n<meta name=\"twitter:label1\" content=\"Tempo estimado de leitura\" \/>\n\t<meta name=\"twitter:data1\" content=\"1 minuto\" \/>\n<script type=\"application\/ld+json\" class=\"yoast-schema-graph\">{\"@context\":\"https:\\\/\\\/schema.org\",\"@graph\":[{\"@type\":\"WebPage\",\"@id\":\"https:\\\/\\\/lovme.pt\\\/index.php\\\/produto\\\/aqua-travel-lubrificante-a-base-de-agua-de-creme-de-morango-50-ml\\\/\",\"url\":\"https:\\\/\\\/lovme.pt\\\/index.php\\\/produto\\\/aqua-travel-lubrificante-a-base-de-agua-de-creme-de-morango-50-ml\\\/\",\"name\":\"AQUA TRAVEL - LUBRIFICANTE \u00c0 BASE DE \u00c1GUA DE CREME DE MORANGO - 50 ML - Lovme\",\"isPartOf\":{\"@id\":\"https:\\\/\\\/lovme.pt\\\/#website\"},\"primaryImageOfPage\":{\"@id\":\"https:\\\/\\\/lovme.pt\\\/index.php\\\/produto\\\/aqua-travel-lubrificante-a-base-de-agua-de-creme-de-morango-50-ml\\\/#primaryimage\"},\"image\":{\"@id\":\"https:\\\/\\\/lovme.pt\\\/index.php\\\/produto\\\/aqua-travel-lubrificante-a-base-de-agua-de-creme-de-morango-50-ml\\\/#primaryimage\"},\"thumbnailUrl\":\"https:\\\/\\\/erki24nd3ub.exactdn.com\\\/wp-content\\\/uploads\\\/dream\\\/img\\\/img_116787_634c92dea1177e2a91e6bd8d47d2ff32_1.png?strip=all\",\"datePublished\":\"2025-09-30T09:42:35+00:00\",\"dateModified\":\"2026-02-25T07:58:52+00:00\",\"breadcrumb\":{\"@id\":\"https:\\\/\\\/lovme.pt\\\/index.php\\\/produto\\\/aqua-travel-lubrificante-a-base-de-agua-de-creme-de-morango-50-ml\\\/#breadcrumb\"},\"inLanguage\":\"pt-PT\",\"potentialAction\":[{\"@type\":\"ReadAction\",\"target\":[\"https:\\\/\\\/lovme.pt\\\/index.php\\\/produto\\\/aqua-travel-lubrificante-a-base-de-agua-de-creme-de-morango-50-ml\\\/\"]}]},{\"@type\":\"ImageObject\",\"inLanguage\":\"pt-PT\",\"@id\":\"https:\\\/\\\/lovme.pt\\\/index.php\\\/produto\\\/aqua-travel-lubrificante-a-base-de-agua-de-creme-de-morango-50-ml\\\/#primaryimage\",\"url\":\"https:\\\/\\\/erki24nd3ub.exactdn.com\\\/wp-content\\\/uploads\\\/dream\\\/img\\\/img_116787_634c92dea1177e2a91e6bd8d47d2ff32_1.png?strip=all\",\"contentUrl\":\"https:\\\/\\\/erki24nd3ub.exactdn.com\\\/wp-content\\\/uploads\\\/dream\\\/img\\\/img_116787_634c92dea1177e2a91e6bd8d47d2ff32_1.png?strip=all\",\"width\":800,\"height\":800},{\"@type\":\"BreadcrumbList\",\"@id\":\"https:\\\/\\\/lovme.pt\\\/index.php\\\/produto\\\/aqua-travel-lubrificante-a-base-de-agua-de-creme-de-morango-50-ml\\\/#breadcrumb\",\"itemListElement\":[{\"@type\":\"ListItem\",\"position\":1,\"name\":\"In\u00edcio\",\"item\":\"https:\\\/\\\/lovme.pt\\\/\"},{\"@type\":\"ListItem\",\"position\":2,\"name\":\"Loja\",\"item\":\"https:\\\/\\\/lovme.pt\\\/index.php\\\/loja\\\/\"},{\"@type\":\"ListItem\",\"position\":3,\"name\":\"AQUA TRAVEL &#8211; LUBRIFICANTE \u00c0 BASE DE \u00c1GUA DE CREME DE MORANGO &#8211; 50 ML\"}]},{\"@type\":\"WebSite\",\"@id\":\"https:\\\/\\\/lovme.pt\\\/#website\",\"url\":\"https:\\\/\\\/lovme.pt\\\/\",\"name\":\"Lovme Loja Er\u00f3tica N\u00ba1 em Portugal\",\"description\":\"A melhor loja er\u00f3tica de Portugal.\",\"alternateName\":\"Loja Er\u00f3tica Lovme\",\"potentialAction\":[{\"@type\":\"SearchAction\",\"target\":{\"@type\":\"EntryPoint\",\"urlTemplate\":\"https:\\\/\\\/lovme.pt\\\/?s={search_term_string}\"},\"query-input\":{\"@type\":\"PropertyValueSpecification\",\"valueRequired\":true,\"valueName\":\"search_term_string\"}}],\"inLanguage\":\"pt-PT\"}]}<\/script>\n<!-- \/ Yoast SEO plugin. -->","yoast_head_json":{"title":"AQUA TRAVEL - LUBRIFICANTE \u00c0 BASE DE \u00c1GUA DE CREME DE MORANGO - 50 ML - Lovme","robots":{"index":"index","follow":"follow","max-snippet":"max-snippet:-1","max-image-preview":"max-image-preview:large","max-video-preview":"max-video-preview:-1"},"canonical":"https:\/\/lovme.pt\/index.php\/produto\/aqua-travel-lubrificante-a-base-de-agua-de-creme-de-morango-50-ml\/","og_locale":"pt_PT","og_type":"article","og_title":"AQUA TRAVEL - LUBRIFICANTE \u00c0 BASE DE \u00c1GUA DE CREME DE MORANGO - 50 ML - Lovme","og_description":"EMBALAGEM DISPON\u00cdVEL EM: \/es\/en\/fr\/de\/pt\/it\/ro\/el\/ru\/hu\/","og_url":"https:\/\/lovme.pt\/index.php\/produto\/aqua-travel-lubrificante-a-base-de-agua-de-creme-de-morango-50-ml\/","og_site_name":"Lovme","article_modified_time":"2026-02-25T07:58:52+00:00","og_image":[{"width":800,"height":800,"url":"https:\/\/erki24nd3ub.exactdn.com\/wp-content\/uploads\/dream\/img\/img_116787_634c92dea1177e2a91e6bd8d47d2ff32_1.png?strip=all","type":"image\/png"}],"twitter_card":"summary_large_image","twitter_misc":{"Tempo estimado de leitura":"1 minuto"},"schema":{"@context":"https:\/\/schema.org","@graph":[{"@type":"WebPage","@id":"https:\/\/lovme.pt\/index.php\/produto\/aqua-travel-lubrificante-a-base-de-agua-de-creme-de-morango-50-ml\/","url":"https:\/\/lovme.pt\/index.php\/produto\/aqua-travel-lubrificante-a-base-de-agua-de-creme-de-morango-50-ml\/","name":"AQUA TRAVEL - LUBRIFICANTE \u00c0 BASE DE \u00c1GUA DE CREME DE MORANGO - 50 ML - Lovme","isPartOf":{"@id":"https:\/\/lovme.pt\/#website"},"primaryImageOfPage":{"@id":"https:\/\/lovme.pt\/index.php\/produto\/aqua-travel-lubrificante-a-base-de-agua-de-creme-de-morango-50-ml\/#primaryimage"},"image":{"@id":"https:\/\/lovme.pt\/index.php\/produto\/aqua-travel-lubrificante-a-base-de-agua-de-creme-de-morango-50-ml\/#primaryimage"},"thumbnailUrl":"https:\/\/erki24nd3ub.exactdn.com\/wp-content\/uploads\/dream\/img\/img_116787_634c92dea1177e2a91e6bd8d47d2ff32_1.png?strip=all","datePublished":"2025-09-30T09:42:35+00:00","dateModified":"2026-02-25T07:58:52+00:00","breadcrumb":{"@id":"https:\/\/lovme.pt\/index.php\/produto\/aqua-travel-lubrificante-a-base-de-agua-de-creme-de-morango-50-ml\/#breadcrumb"},"inLanguage":"pt-PT","potentialAction":[{"@type":"ReadAction","target":["https:\/\/lovme.pt\/index.php\/produto\/aqua-travel-lubrificante-a-base-de-agua-de-creme-de-morango-50-ml\/"]}]},{"@type":"ImageObject","inLanguage":"pt-PT","@id":"https:\/\/lovme.pt\/index.php\/produto\/aqua-travel-lubrificante-a-base-de-agua-de-creme-de-morango-50-ml\/#primaryimage","url":"https:\/\/erki24nd3ub.exactdn.com\/wp-content\/uploads\/dream\/img\/img_116787_634c92dea1177e2a91e6bd8d47d2ff32_1.png?strip=all","contentUrl":"https:\/\/erki24nd3ub.exactdn.com\/wp-content\/uploads\/dream\/img\/img_116787_634c92dea1177e2a91e6bd8d47d2ff32_1.png?strip=all","width":800,"height":800},{"@type":"BreadcrumbList","@id":"https:\/\/lovme.pt\/index.php\/produto\/aqua-travel-lubrificante-a-base-de-agua-de-creme-de-morango-50-ml\/#breadcrumb","itemListElement":[{"@type":"ListItem","position":1,"name":"In\u00edcio","item":"https:\/\/lovme.pt\/"},{"@type":"ListItem","position":2,"name":"Loja","item":"https:\/\/lovme.pt\/index.php\/loja\/"},{"@type":"ListItem","position":3,"name":"AQUA TRAVEL &#8211; LUBRIFICANTE \u00c0 BASE DE \u00c1GUA DE CREME DE MORANGO &#8211; 50 ML"}]},{"@type":"WebSite","@id":"https:\/\/lovme.pt\/#website","url":"https:\/\/lovme.pt\/","name":"Lovme Loja Er\u00f3tica N\u00ba1 em Portugal","description":"A melhor loja er\u00f3tica de Portugal.","alternateName":"Loja Er\u00f3tica Lovme","potentialAction":[{"@type":"SearchAction","target":{"@type":"EntryPoint","urlTemplate":"https:\/\/lovme.pt\/?s={search_term_string}"},"query-input":{"@type":"PropertyValueSpecification","valueRequired":true,"valueName":"search_term_string"}}],"inLanguage":"pt-PT"}]}},"_links":{"self":[{"href":"https:\/\/lovme.pt\/index.php\/wp-json\/wp\/v2\/product\/38004","targetHints":{"allow":["GET"]}}],"collection":[{"href":"https:\/\/lovme.pt\/index.php\/wp-json\/wp\/v2\/product"}],"about":[{"href":"https:\/\/lovme.pt\/index.php\/wp-json\/wp\/v2\/types\/product"}],"wp:featuredmedia":[{"embeddable":true,"href":"https:\/\/lovme.pt\/index.php\/wp-json\/wp\/v2\/media\/56058"}],"wp:attachment":[{"href":"https:\/\/lovme.pt\/index.php\/wp-json\/wp\/v2\/media?parent=38004"}],"wp:term":[{"taxonomy":"product_brand","embeddable":true,"href":"https:\/\/lovme.pt\/index.php\/wp-json\/wp\/v2\/product_brand?post=38004"},{"taxonomy":"product_cat","embeddable":true,"href":"https:\/\/lovme.pt\/index.php\/wp-json\/wp\/v2\/product_cat?post=38004"},{"taxonomy":"product_tag","embeddable":true,"href":"https:\/\/lovme.pt\/index.php\/wp-json\/wp\/v2\/product_tag?post=38004"}],"curies":[{"name":"wp","href":"https:\/\/api.w.org\/{rel}","templated":true}]}}