{"id":37784,"date":"2025-10-01T03:12:33","date_gmt":"2025-10-01T03:12:33","guid":{"rendered":"https:\/\/lovme.pt\/?post_type=product&#038;p=37784"},"modified":"2026-04-01T01:42:05","modified_gmt":"2026-04-01T01:42:05","slug":"varta-bateria-botao-de-litio-cr2032-unidade-3v-1","status":"publish","type":"product","link":"https:\/\/lovme.pt\/index.php\/produto\/varta-bateria-botao-de-litio-cr2032-unidade-3v-1\/","title":{"rendered":"VARTA &#8211; BATERIA BOT\u00c3O DE L\u00cdTIO CR2032 UNIDADE 3V 1"},"content":{"rendered":"<p>A bateria CR2032 &eacute; usada em rel&oacute;gios, calculadoras, dispositivos PDA, dispositivos m&eacute;dicos, brinquedos, balan&ccedil;as de banheiro e cozinha, ped&ocirc;metros e uma mir&iacute;ade de outros produtos. A c&eacute;lula CR2032 &eacute; a bateria de l&iacute;tio mais comum. &Eacute; comumente usado em placas-m&atilde;e de computador com mem&oacute;ria BIOS n&atilde;o vol&aacute;til e baterias de backup de rel&oacute;gio em tempo real (RTC). Com vida &uacute;til de at&eacute; dez anos, essa bateria &eacute; uma op&ccedil;&atilde;o econ&ocirc;mica que permite manter seu equipamento eletr&ocirc;nico em funcionamento.<\/p>\n<p>&#8211; Modelo: VCR2032B1<\/p>\n<p>&#8211; Marca: Varta<\/p>\n<p>&#8211; Tipo: CR2032<\/p>\n<p>&#8211; Tecnologia: L&iacute;tio<\/p>\n<p>&#8211; Tens&atilde;o: 3V<\/p>\n<p>&#8211; Usos: CMOS, campainhas, porta-chaves de carros, controles remotos, instrumentos cient&iacute;ficos, rel&oacute;gios de pulso &#8230;<\/p>\n","protected":false},"excerpt":{"rendered":"<p>VARTA &#8211; BATERIA VARTA BOT\u00c3O DE L\u00cdTIO CR2032 UNIDADE 3V 1<\/p>\n","protected":false},"featured_media":102079,"template":"","meta":{"_acf_changed":false},"product_brand":[],"product_cat":[17,15],"product_tag":[],"class_list":{"0":"post-37784","1":"product","2":"type-product","3":"status-publish","4":"has-post-thumbnail","6":"product_cat-brinquedos-de-bem-estar-sexual","7":"product_cat-loja","8":"yith_product_brand-varta","10":"first","11":"instock","12":"taxable","13":"shipping-taxable","14":"purchasable","15":"product-type-simple"},"acf":[],"yoast_head":"<!-- This site is optimized with the Yoast SEO plugin v27.4 - https:\/\/yoast.com\/product\/yoast-seo-wordpress\/ -->\n<title>VARTA - BATERIA BOT\u00c3O DE L\u00cdTIO CR2032 UNIDADE 3V 1 - Lovme<\/title>\n<meta name=\"robots\" content=\"index, follow, max-snippet:-1, max-image-preview:large, max-video-preview:-1\" \/>\n<link rel=\"canonical\" href=\"https:\/\/lovme.pt\/index.php\/produto\/varta-bateria-botao-de-litio-cr2032-unidade-3v-1\/\" \/>\n<meta property=\"og:locale\" content=\"pt_PT\" \/>\n<meta property=\"og:type\" content=\"article\" \/>\n<meta property=\"og:title\" content=\"VARTA - BATERIA BOT\u00c3O DE L\u00cdTIO CR2032 UNIDADE 3V 1 - Lovme\" \/>\n<meta property=\"og:description\" content=\"VARTA - BATERIA VARTA BOT\u00c3O DE L\u00cdTIO CR2032 UNIDADE 3V 1\" \/>\n<meta property=\"og:url\" content=\"https:\/\/lovme.pt\/index.php\/produto\/varta-bateria-botao-de-litio-cr2032-unidade-3v-1\/\" \/>\n<meta property=\"og:site_name\" content=\"Lovme\" \/>\n<meta property=\"article:modified_time\" content=\"2026-04-01T01:42:05+00:00\" \/>\n<meta property=\"og:image\" content=\"https:\/\/erki24nd3ub.exactdn.com\/wp-content\/uploads\/dream\/img\/img_115564_7050911a6413e968dfc600f57e446c5d_1.jpg?strip=all\" \/>\n\t<meta property=\"og:image:width\" content=\"800\" \/>\n\t<meta property=\"og:image:height\" content=\"800\" \/>\n\t<meta property=\"og:image:type\" content=\"image\/jpeg\" \/>\n<meta name=\"twitter:card\" content=\"summary_large_image\" \/>\n<meta name=\"twitter:label1\" content=\"Tempo estimado de leitura\" \/>\n\t<meta name=\"twitter:data1\" content=\"1 minuto\" \/>\n<script type=\"application\/ld+json\" class=\"yoast-schema-graph\">{\"@context\":\"https:\\\/\\\/schema.org\",\"@graph\":[{\"@type\":\"WebPage\",\"@id\":\"https:\\\/\\\/lovme.pt\\\/index.php\\\/produto\\\/varta-bateria-botao-de-litio-cr2032-unidade-3v-1\\\/\",\"url\":\"https:\\\/\\\/lovme.pt\\\/index.php\\\/produto\\\/varta-bateria-botao-de-litio-cr2032-unidade-3v-1\\\/\",\"name\":\"VARTA - BATERIA BOT\u00c3O DE L\u00cdTIO CR2032 UNIDADE 3V 1 - Lovme\",\"isPartOf\":{\"@id\":\"https:\\\/\\\/lovme.pt\\\/#website\"},\"primaryImageOfPage\":{\"@id\":\"https:\\\/\\\/lovme.pt\\\/index.php\\\/produto\\\/varta-bateria-botao-de-litio-cr2032-unidade-3v-1\\\/#primaryimage\"},\"image\":{\"@id\":\"https:\\\/\\\/lovme.pt\\\/index.php\\\/produto\\\/varta-bateria-botao-de-litio-cr2032-unidade-3v-1\\\/#primaryimage\"},\"thumbnailUrl\":\"https:\\\/\\\/erki24nd3ub.exactdn.com\\\/wp-content\\\/uploads\\\/dream\\\/img\\\/img_115564_7050911a6413e968dfc600f57e446c5d_1.jpg?strip=all\",\"datePublished\":\"2025-10-01T03:12:33+00:00\",\"dateModified\":\"2026-04-01T01:42:05+00:00\",\"breadcrumb\":{\"@id\":\"https:\\\/\\\/lovme.pt\\\/index.php\\\/produto\\\/varta-bateria-botao-de-litio-cr2032-unidade-3v-1\\\/#breadcrumb\"},\"inLanguage\":\"pt-PT\",\"potentialAction\":[{\"@type\":\"ReadAction\",\"target\":[\"https:\\\/\\\/lovme.pt\\\/index.php\\\/produto\\\/varta-bateria-botao-de-litio-cr2032-unidade-3v-1\\\/\"]}]},{\"@type\":\"ImageObject\",\"inLanguage\":\"pt-PT\",\"@id\":\"https:\\\/\\\/lovme.pt\\\/index.php\\\/produto\\\/varta-bateria-botao-de-litio-cr2032-unidade-3v-1\\\/#primaryimage\",\"url\":\"https:\\\/\\\/erki24nd3ub.exactdn.com\\\/wp-content\\\/uploads\\\/dream\\\/img\\\/img_115564_7050911a6413e968dfc600f57e446c5d_1.jpg?strip=all\",\"contentUrl\":\"https:\\\/\\\/erki24nd3ub.exactdn.com\\\/wp-content\\\/uploads\\\/dream\\\/img\\\/img_115564_7050911a6413e968dfc600f57e446c5d_1.jpg?strip=all\",\"width\":800,\"height\":800},{\"@type\":\"BreadcrumbList\",\"@id\":\"https:\\\/\\\/lovme.pt\\\/index.php\\\/produto\\\/varta-bateria-botao-de-litio-cr2032-unidade-3v-1\\\/#breadcrumb\",\"itemListElement\":[{\"@type\":\"ListItem\",\"position\":1,\"name\":\"In\u00edcio\",\"item\":\"https:\\\/\\\/lovme.pt\\\/\"},{\"@type\":\"ListItem\",\"position\":2,\"name\":\"Loja\",\"item\":\"https:\\\/\\\/lovme.pt\\\/index.php\\\/loja\\\/\"},{\"@type\":\"ListItem\",\"position\":3,\"name\":\"VARTA &#8211; BATERIA BOT\u00c3O DE L\u00cdTIO CR2032 UNIDADE 3V 1\"}]},{\"@type\":\"WebSite\",\"@id\":\"https:\\\/\\\/lovme.pt\\\/#website\",\"url\":\"https:\\\/\\\/lovme.pt\\\/\",\"name\":\"Lovme Loja Er\u00f3tica N\u00ba1 em Portugal\",\"description\":\"A melhor loja er\u00f3tica de Portugal.\",\"alternateName\":\"Loja Er\u00f3tica Lovme\",\"potentialAction\":[{\"@type\":\"SearchAction\",\"target\":{\"@type\":\"EntryPoint\",\"urlTemplate\":\"https:\\\/\\\/lovme.pt\\\/?s={search_term_string}\"},\"query-input\":{\"@type\":\"PropertyValueSpecification\",\"valueRequired\":true,\"valueName\":\"search_term_string\"}}],\"inLanguage\":\"pt-PT\"}]}<\/script>\n<!-- \/ Yoast SEO plugin. -->","yoast_head_json":{"title":"VARTA - BATERIA BOT\u00c3O DE L\u00cdTIO CR2032 UNIDADE 3V 1 - Lovme","robots":{"index":"index","follow":"follow","max-snippet":"max-snippet:-1","max-image-preview":"max-image-preview:large","max-video-preview":"max-video-preview:-1"},"canonical":"https:\/\/lovme.pt\/index.php\/produto\/varta-bateria-botao-de-litio-cr2032-unidade-3v-1\/","og_locale":"pt_PT","og_type":"article","og_title":"VARTA - BATERIA BOT\u00c3O DE L\u00cdTIO CR2032 UNIDADE 3V 1 - Lovme","og_description":"VARTA - BATERIA VARTA BOT\u00c3O DE L\u00cdTIO CR2032 UNIDADE 3V 1","og_url":"https:\/\/lovme.pt\/index.php\/produto\/varta-bateria-botao-de-litio-cr2032-unidade-3v-1\/","og_site_name":"Lovme","article_modified_time":"2026-04-01T01:42:05+00:00","og_image":[{"width":800,"height":800,"url":"https:\/\/erki24nd3ub.exactdn.com\/wp-content\/uploads\/dream\/img\/img_115564_7050911a6413e968dfc600f57e446c5d_1.jpg?strip=all","type":"image\/jpeg"}],"twitter_card":"summary_large_image","twitter_misc":{"Tempo estimado de leitura":"1 minuto"},"schema":{"@context":"https:\/\/schema.org","@graph":[{"@type":"WebPage","@id":"https:\/\/lovme.pt\/index.php\/produto\/varta-bateria-botao-de-litio-cr2032-unidade-3v-1\/","url":"https:\/\/lovme.pt\/index.php\/produto\/varta-bateria-botao-de-litio-cr2032-unidade-3v-1\/","name":"VARTA - BATERIA BOT\u00c3O DE L\u00cdTIO CR2032 UNIDADE 3V 1 - Lovme","isPartOf":{"@id":"https:\/\/lovme.pt\/#website"},"primaryImageOfPage":{"@id":"https:\/\/lovme.pt\/index.php\/produto\/varta-bateria-botao-de-litio-cr2032-unidade-3v-1\/#primaryimage"},"image":{"@id":"https:\/\/lovme.pt\/index.php\/produto\/varta-bateria-botao-de-litio-cr2032-unidade-3v-1\/#primaryimage"},"thumbnailUrl":"https:\/\/erki24nd3ub.exactdn.com\/wp-content\/uploads\/dream\/img\/img_115564_7050911a6413e968dfc600f57e446c5d_1.jpg?strip=all","datePublished":"2025-10-01T03:12:33+00:00","dateModified":"2026-04-01T01:42:05+00:00","breadcrumb":{"@id":"https:\/\/lovme.pt\/index.php\/produto\/varta-bateria-botao-de-litio-cr2032-unidade-3v-1\/#breadcrumb"},"inLanguage":"pt-PT","potentialAction":[{"@type":"ReadAction","target":["https:\/\/lovme.pt\/index.php\/produto\/varta-bateria-botao-de-litio-cr2032-unidade-3v-1\/"]}]},{"@type":"ImageObject","inLanguage":"pt-PT","@id":"https:\/\/lovme.pt\/index.php\/produto\/varta-bateria-botao-de-litio-cr2032-unidade-3v-1\/#primaryimage","url":"https:\/\/erki24nd3ub.exactdn.com\/wp-content\/uploads\/dream\/img\/img_115564_7050911a6413e968dfc600f57e446c5d_1.jpg?strip=all","contentUrl":"https:\/\/erki24nd3ub.exactdn.com\/wp-content\/uploads\/dream\/img\/img_115564_7050911a6413e968dfc600f57e446c5d_1.jpg?strip=all","width":800,"height":800},{"@type":"BreadcrumbList","@id":"https:\/\/lovme.pt\/index.php\/produto\/varta-bateria-botao-de-litio-cr2032-unidade-3v-1\/#breadcrumb","itemListElement":[{"@type":"ListItem","position":1,"name":"In\u00edcio","item":"https:\/\/lovme.pt\/"},{"@type":"ListItem","position":2,"name":"Loja","item":"https:\/\/lovme.pt\/index.php\/loja\/"},{"@type":"ListItem","position":3,"name":"VARTA &#8211; BATERIA BOT\u00c3O DE L\u00cdTIO CR2032 UNIDADE 3V 1"}]},{"@type":"WebSite","@id":"https:\/\/lovme.pt\/#website","url":"https:\/\/lovme.pt\/","name":"Lovme Loja Er\u00f3tica N\u00ba1 em Portugal","description":"A melhor loja er\u00f3tica de Portugal.","alternateName":"Loja Er\u00f3tica Lovme","potentialAction":[{"@type":"SearchAction","target":{"@type":"EntryPoint","urlTemplate":"https:\/\/lovme.pt\/?s={search_term_string}"},"query-input":{"@type":"PropertyValueSpecification","valueRequired":true,"valueName":"search_term_string"}}],"inLanguage":"pt-PT"}]}},"_links":{"self":[{"href":"https:\/\/lovme.pt\/index.php\/wp-json\/wp\/v2\/product\/37784","targetHints":{"allow":["GET"]}}],"collection":[{"href":"https:\/\/lovme.pt\/index.php\/wp-json\/wp\/v2\/product"}],"about":[{"href":"https:\/\/lovme.pt\/index.php\/wp-json\/wp\/v2\/types\/product"}],"wp:featuredmedia":[{"embeddable":true,"href":"https:\/\/lovme.pt\/index.php\/wp-json\/wp\/v2\/media\/102079"}],"wp:attachment":[{"href":"https:\/\/lovme.pt\/index.php\/wp-json\/wp\/v2\/media?parent=37784"}],"wp:term":[{"taxonomy":"product_brand","embeddable":true,"href":"https:\/\/lovme.pt\/index.php\/wp-json\/wp\/v2\/product_brand?post=37784"},{"taxonomy":"product_cat","embeddable":true,"href":"https:\/\/lovme.pt\/index.php\/wp-json\/wp\/v2\/product_cat?post=37784"},{"taxonomy":"product_tag","embeddable":true,"href":"https:\/\/lovme.pt\/index.php\/wp-json\/wp\/v2\/product_tag?post=37784"}],"curies":[{"name":"wp","href":"https:\/\/api.w.org\/{rel}","templated":true}]}}