{"id":37745,"date":"2025-09-30T09:53:32","date_gmt":"2025-09-30T09:53:32","guid":{"rendered":"https:\/\/lovme.pt\/?post_type=product&p=37745"},"modified":"2026-02-25T07:53:31","modified_gmt":"2026-02-25T07:53:31","slug":"diablo-picante-jogo-de-fantasias","status":"publish","type":"product","link":"https:\/\/lovme.pt\/index.php\/produto\/diablo-picante-jogo-de-fantasias\/","title":{"rendered":"DIABLO PICANTE &#8211; JOGO DE FANTASIAS"},"content":{"rendered":"<p><strong>JOGO DE FANTASIAS<\/strong><\/p>\n<p> O JOGO DA FANTASIA \u00e9 um jogo para casais ou grupos. Voc\u00ea despertar\u00e1 os sentidos mais \u00edntimos com seu POTE DE 30 ml DE TINTA COMEST\u00cdVEL SABOR CHOCOLATE. Voc\u00ea pode jogar THE FANTASY GAME sem complica\u00e7\u00f5es e de uma forma mais simples. Com este jogo tentamos despertar os sentidos mais \u00edntimos de cada jogador. O entretenimento levar\u00e1 voc\u00ea a um ambiente altamente SENSUAL onde os sentidos mais ocultos vir\u00e3o \u00e0 tona. Falta de libido ou dizer que o estresse \u00e9 a causa da sua falta de desejo sexual n\u00e3o ser\u00e1 uma desculpa. Provavelmente \u00e9, mas com O JOGO DAS FANTASIAS esses sintomas desaparecem.<\/p>\n<p> Suas contradi\u00e7\u00f5es s\u00e3o as mais atraentes para a ocasi\u00e3o, sens\u00edveis para o momento, sensuais, m\u00f3rbidas, travessas&#8230; Elas envolvem voc\u00ea o suficiente para que voc\u00ea conhe\u00e7a melhor seu corpo e se valorize mais positiva e profundamente, sem vergonha, sem tabus, sem nenhum tipo de disfarce. Se voc\u00ea fizer isso com sucesso, voc\u00ea s\u00f3 conseguir\u00e1 um melhor relacionamento sexual e rom\u00e2ntico.<\/p>\n<p> O JOGO DE FANTASIA cont\u00e9m v\u00e1rios brinquedos que voc\u00ea pode usar em algum momento. Recomendamos que voc\u00ea use todos eles e siga-os \u00e0 risca. VOC\u00ca VAI GANHAR! Recomendamos uma atmosfera sensual, ilumina\u00e7\u00e3o suave, velas perfumadas e m\u00fasica apropriada para o momento. Os convidados devem estar vestidos e vestindo pijamas, roupas do dia a dia ou roupas de ver\u00e3o. Voc\u00ea precisa ter preparado: morangos, banana, um shot de bebida e cava, doces e alguns comest\u00edveis do seu gosto, voc\u00ea ter\u00e1 outras roupas preparadas sem que seu parceiro veja, n\u00e3o precisa necessariamente ser algo muito sexy ou, neste caso, algo engra\u00e7ado. N\u00e3o s\u00e3o rigorosas, bebidas alco\u00f3licas podem ser substitu\u00eddas por refrigerantes, BEBIDAS N\u00c3O ALCO\u00d3LICAS E LICORES.<\/p>\n<p> CONT\u00c9M: POTE DE 30 ml DE TINTA COMEST\u00cdVEL SABOR CHOCOLATE, INSTRU\u00c7\u00d5ES, FITA BONDAGE, VENDA, PENA ESTIMULANTE, UM DADO DE ALTA QUALIDADE, AMPULHETA, 1 FIGURA DE BATENTE E UMA FIGURA DE CHAP\u00c9U, 2 FICHAS, 2 COPOS, 2 DADOS NUM\u00c9RICOS E UM TABULEIRO LAMINADO COLORIDO.<\/p>\n<p> D\u00ca LIVRE \u00c0 SUA IMAGINA\u00c7\u00c3O. SEXO COM IMAGINA\u00c7\u00c3O DURANTE O ANO INTEIRO. VAMOS JOGAR!<\/p>\n<p> <strong>Diablo Picante<\/strong> , pioneira na Espanha na fabrica\u00e7\u00e3o de artigos divertidos com temas er\u00f3ticos para todo tipo de comemora\u00e7\u00f5es: despedidas, anivers\u00e1rios, aposentadorias, brincadeiras, festas e qualquer outro evento com amigos e colegas.<\/p>\n","protected":false},"excerpt":{"rendered":"<p>DIABLO PICANTE &#8211; JOGO DE FANTASIAS<\/p>\n","protected":false},"featured_media":58965,"template":"","meta":{"_acf_changed":false},"product_brand":[],"product_cat":[69,15],"product_tag":[],"class_list":{"0":"post-37745","1":"product","2":"type-product","3":"status-publish","4":"has-post-thumbnail","6":"product_cat-jogos-eroticos","7":"product_cat-loja","8":"yith_product_brand-diverty-sexdiablo-picante","10":"first","11":"instock","12":"taxable","13":"shipping-taxable","14":"purchasable","15":"product-type-simple"},"acf":[],"yoast_head":"<!-- This site is optimized with the Yoast SEO plugin v27.4 - https:\/\/yoast.com\/product\/yoast-seo-wordpress\/ -->\n<title>DIABLO PICANTE - JOGO DE FANTASIAS - Lovme<\/title>\n<meta name=\"robots\" content=\"index, follow, max-snippet:-1, max-image-preview:large, max-video-preview:-1\" \/>\n<link rel=\"canonical\" href=\"https:\/\/lovme.pt\/index.php\/produto\/diablo-picante-jogo-de-fantasias\/\" \/>\n<meta property=\"og:locale\" content=\"pt_PT\" \/>\n<meta property=\"og:type\" content=\"article\" \/>\n<meta property=\"og:title\" content=\"DIABLO PICANTE - JOGO DE FANTASIAS - Lovme\" \/>\n<meta property=\"og:description\" content=\"DIABLO PICANTE - JOGO DE FANTASIAS\" \/>\n<meta property=\"og:url\" content=\"https:\/\/lovme.pt\/index.php\/produto\/diablo-picante-jogo-de-fantasias\/\" \/>\n<meta property=\"og:site_name\" content=\"Lovme\" \/>\n<meta property=\"article:modified_time\" content=\"2026-02-25T07:53:31+00:00\" \/>\n<meta property=\"og:image\" content=\"https:\/\/erki24nd3ub.exactdn.com\/wp-content\/uploads\/dream\/img\/img_119053_97638386e24416c80eff5163813e1547_1.jpg?strip=all\" \/>\n\t<meta property=\"og:image:width\" content=\"800\" \/>\n\t<meta property=\"og:image:height\" content=\"800\" \/>\n\t<meta property=\"og:image:type\" content=\"image\/jpeg\" \/>\n<meta name=\"twitter:card\" content=\"summary_large_image\" \/>\n<meta name=\"twitter:label1\" content=\"Tempo estimado de leitura\" \/>\n\t<meta name=\"twitter:data1\" content=\"2 minutos\" \/>\n<script type=\"application\/ld+json\" class=\"yoast-schema-graph\">{\"@context\":\"https:\\\/\\\/schema.org\",\"@graph\":[{\"@type\":\"WebPage\",\"@id\":\"https:\\\/\\\/lovme.pt\\\/index.php\\\/produto\\\/diablo-picante-jogo-de-fantasias\\\/\",\"url\":\"https:\\\/\\\/lovme.pt\\\/index.php\\\/produto\\\/diablo-picante-jogo-de-fantasias\\\/\",\"name\":\"DIABLO PICANTE - JOGO DE FANTASIAS - Lovme\",\"isPartOf\":{\"@id\":\"https:\\\/\\\/lovme.pt\\\/#website\"},\"primaryImageOfPage\":{\"@id\":\"https:\\\/\\\/lovme.pt\\\/index.php\\\/produto\\\/diablo-picante-jogo-de-fantasias\\\/#primaryimage\"},\"image\":{\"@id\":\"https:\\\/\\\/lovme.pt\\\/index.php\\\/produto\\\/diablo-picante-jogo-de-fantasias\\\/#primaryimage\"},\"thumbnailUrl\":\"https:\\\/\\\/erki24nd3ub.exactdn.com\\\/wp-content\\\/uploads\\\/dream\\\/img\\\/img_119053_97638386e24416c80eff5163813e1547_1.jpg?strip=all\",\"datePublished\":\"2025-09-30T09:53:32+00:00\",\"dateModified\":\"2026-02-25T07:53:31+00:00\",\"breadcrumb\":{\"@id\":\"https:\\\/\\\/lovme.pt\\\/index.php\\\/produto\\\/diablo-picante-jogo-de-fantasias\\\/#breadcrumb\"},\"inLanguage\":\"pt-PT\",\"potentialAction\":[{\"@type\":\"ReadAction\",\"target\":[\"https:\\\/\\\/lovme.pt\\\/index.php\\\/produto\\\/diablo-picante-jogo-de-fantasias\\\/\"]}]},{\"@type\":\"ImageObject\",\"inLanguage\":\"pt-PT\",\"@id\":\"https:\\\/\\\/lovme.pt\\\/index.php\\\/produto\\\/diablo-picante-jogo-de-fantasias\\\/#primaryimage\",\"url\":\"https:\\\/\\\/erki24nd3ub.exactdn.com\\\/wp-content\\\/uploads\\\/dream\\\/img\\\/img_119053_97638386e24416c80eff5163813e1547_1.jpg?strip=all\",\"contentUrl\":\"https:\\\/\\\/erki24nd3ub.exactdn.com\\\/wp-content\\\/uploads\\\/dream\\\/img\\\/img_119053_97638386e24416c80eff5163813e1547_1.jpg?strip=all\",\"width\":800,\"height\":800},{\"@type\":\"BreadcrumbList\",\"@id\":\"https:\\\/\\\/lovme.pt\\\/index.php\\\/produto\\\/diablo-picante-jogo-de-fantasias\\\/#breadcrumb\",\"itemListElement\":[{\"@type\":\"ListItem\",\"position\":1,\"name\":\"In\u00edcio\",\"item\":\"https:\\\/\\\/lovme.pt\\\/\"},{\"@type\":\"ListItem\",\"position\":2,\"name\":\"Loja\",\"item\":\"https:\\\/\\\/lovme.pt\\\/index.php\\\/loja\\\/\"},{\"@type\":\"ListItem\",\"position\":3,\"name\":\"DIABLO PICANTE &#8211; JOGO DE FANTASIAS\"}]},{\"@type\":\"WebSite\",\"@id\":\"https:\\\/\\\/lovme.pt\\\/#website\",\"url\":\"https:\\\/\\\/lovme.pt\\\/\",\"name\":\"Lovme Loja Er\u00f3tica N\u00ba1 em Portugal\",\"description\":\"A melhor loja er\u00f3tica de Portugal.\",\"alternateName\":\"Loja Er\u00f3tica Lovme\",\"potentialAction\":[{\"@type\":\"SearchAction\",\"target\":{\"@type\":\"EntryPoint\",\"urlTemplate\":\"https:\\\/\\\/lovme.pt\\\/?s={search_term_string}\"},\"query-input\":{\"@type\":\"PropertyValueSpecification\",\"valueRequired\":true,\"valueName\":\"search_term_string\"}}],\"inLanguage\":\"pt-PT\"}]}<\/script>\n<!-- \/ Yoast SEO plugin. -->","yoast_head_json":{"title":"DIABLO PICANTE - JOGO DE FANTASIAS - Lovme","robots":{"index":"index","follow":"follow","max-snippet":"max-snippet:-1","max-image-preview":"max-image-preview:large","max-video-preview":"max-video-preview:-1"},"canonical":"https:\/\/lovme.pt\/index.php\/produto\/diablo-picante-jogo-de-fantasias\/","og_locale":"pt_PT","og_type":"article","og_title":"DIABLO PICANTE - JOGO DE FANTASIAS - Lovme","og_description":"DIABLO PICANTE - JOGO DE FANTASIAS","og_url":"https:\/\/lovme.pt\/index.php\/produto\/diablo-picante-jogo-de-fantasias\/","og_site_name":"Lovme","article_modified_time":"2026-02-25T07:53:31+00:00","og_image":[{"width":800,"height":800,"url":"https:\/\/erki24nd3ub.exactdn.com\/wp-content\/uploads\/dream\/img\/img_119053_97638386e24416c80eff5163813e1547_1.jpg?strip=all","type":"image\/jpeg"}],"twitter_card":"summary_large_image","twitter_misc":{"Tempo estimado de leitura":"2 minutos"},"schema":{"@context":"https:\/\/schema.org","@graph":[{"@type":"WebPage","@id":"https:\/\/lovme.pt\/index.php\/produto\/diablo-picante-jogo-de-fantasias\/","url":"https:\/\/lovme.pt\/index.php\/produto\/diablo-picante-jogo-de-fantasias\/","name":"DIABLO PICANTE - JOGO DE FANTASIAS - Lovme","isPartOf":{"@id":"https:\/\/lovme.pt\/#website"},"primaryImageOfPage":{"@id":"https:\/\/lovme.pt\/index.php\/produto\/diablo-picante-jogo-de-fantasias\/#primaryimage"},"image":{"@id":"https:\/\/lovme.pt\/index.php\/produto\/diablo-picante-jogo-de-fantasias\/#primaryimage"},"thumbnailUrl":"https:\/\/erki24nd3ub.exactdn.com\/wp-content\/uploads\/dream\/img\/img_119053_97638386e24416c80eff5163813e1547_1.jpg?strip=all","datePublished":"2025-09-30T09:53:32+00:00","dateModified":"2026-02-25T07:53:31+00:00","breadcrumb":{"@id":"https:\/\/lovme.pt\/index.php\/produto\/diablo-picante-jogo-de-fantasias\/#breadcrumb"},"inLanguage":"pt-PT","potentialAction":[{"@type":"ReadAction","target":["https:\/\/lovme.pt\/index.php\/produto\/diablo-picante-jogo-de-fantasias\/"]}]},{"@type":"ImageObject","inLanguage":"pt-PT","@id":"https:\/\/lovme.pt\/index.php\/produto\/diablo-picante-jogo-de-fantasias\/#primaryimage","url":"https:\/\/erki24nd3ub.exactdn.com\/wp-content\/uploads\/dream\/img\/img_119053_97638386e24416c80eff5163813e1547_1.jpg?strip=all","contentUrl":"https:\/\/erki24nd3ub.exactdn.com\/wp-content\/uploads\/dream\/img\/img_119053_97638386e24416c80eff5163813e1547_1.jpg?strip=all","width":800,"height":800},{"@type":"BreadcrumbList","@id":"https:\/\/lovme.pt\/index.php\/produto\/diablo-picante-jogo-de-fantasias\/#breadcrumb","itemListElement":[{"@type":"ListItem","position":1,"name":"In\u00edcio","item":"https:\/\/lovme.pt\/"},{"@type":"ListItem","position":2,"name":"Loja","item":"https:\/\/lovme.pt\/index.php\/loja\/"},{"@type":"ListItem","position":3,"name":"DIABLO PICANTE &#8211; JOGO DE FANTASIAS"}]},{"@type":"WebSite","@id":"https:\/\/lovme.pt\/#website","url":"https:\/\/lovme.pt\/","name":"Lovme Loja Er\u00f3tica N\u00ba1 em Portugal","description":"A melhor loja er\u00f3tica de Portugal.","alternateName":"Loja Er\u00f3tica Lovme","potentialAction":[{"@type":"SearchAction","target":{"@type":"EntryPoint","urlTemplate":"https:\/\/lovme.pt\/?s={search_term_string}"},"query-input":{"@type":"PropertyValueSpecification","valueRequired":true,"valueName":"search_term_string"}}],"inLanguage":"pt-PT"}]}},"_links":{"self":[{"href":"https:\/\/lovme.pt\/index.php\/wp-json\/wp\/v2\/product\/37745","targetHints":{"allow":["GET"]}}],"collection":[{"href":"https:\/\/lovme.pt\/index.php\/wp-json\/wp\/v2\/product"}],"about":[{"href":"https:\/\/lovme.pt\/index.php\/wp-json\/wp\/v2\/types\/product"}],"wp:featuredmedia":[{"embeddable":true,"href":"https:\/\/lovme.pt\/index.php\/wp-json\/wp\/v2\/media\/58965"}],"wp:attachment":[{"href":"https:\/\/lovme.pt\/index.php\/wp-json\/wp\/v2\/media?parent=37745"}],"wp:term":[{"taxonomy":"product_brand","embeddable":true,"href":"https:\/\/lovme.pt\/index.php\/wp-json\/wp\/v2\/product_brand?post=37745"},{"taxonomy":"product_cat","embeddable":true,"href":"https:\/\/lovme.pt\/index.php\/wp-json\/wp\/v2\/product_cat?post=37745"},{"taxonomy":"product_tag","embeddable":true,"href":"https:\/\/lovme.pt\/index.php\/wp-json\/wp\/v2\/product_tag?post=37745"}],"curies":[{"name":"wp","href":"https:\/\/api.w.org\/{rel}","templated":true}]}}