{"id":37732,"date":"2025-10-01T02:26:23","date_gmt":"2025-10-01T02:26:23","guid":{"rendered":"https:\/\/lovme.pt\/?post_type=product&p=37732"},"modified":"2026-02-25T07:53:25","modified_gmt":"2026-02-25T07:53:25","slug":"jamyjob-sexo-oral-com-ondas-estimulantes-de-furacao","status":"publish","type":"product","link":"https:\/\/lovme.pt\/index.php\/produto\/jamyjob-sexo-oral-com-ondas-estimulantes-de-furacao\/","title":{"rendered":"JAMYJOB &#8211; SUC\u00c7\u00c3O DE SEXO ORAL HURRICANE"},"content":{"rendered":"<p>Quem n\u00e3o gosta de sexo oral? E se diss\u00e9ssemos que existe outro n\u00edvel? <strong>O Hurricane<\/strong> da <strong>Jamyjob<\/strong> vem direto do futuro para mostrar como as coisas s\u00e3o feitas por l\u00e1. Este estimulador n\u00e3o s\u00f3 simula o sexo oral, como at\u00e9 o aprimora!<\/p>\n<p> A maciez da sua luva de masturba\u00e7\u00e3o em formato de boca \u00e9 s\u00f3 o come\u00e7o, um \u00f3timo come\u00e7o (n\u00e3o se esque\u00e7a de aplicar um pouco de lubrificante \u00e0 base de \u00e1gua; a Jamyjob recomenda o uso do Aqua Quality), mas ela ser\u00e1 totalmente demonstrada quando voc\u00ea ativar seu potente motor e liberar seus diferentes modos de estimula\u00e7\u00e3o. Escolha entre seus 7 modos de vibra\u00e7\u00e3o e 7 modos de suc\u00e7\u00e3o e voc\u00ea se deixar\u00e1 levar&#8230; Bem-vindo ao futuro!<\/p>\n<p> <strong>Caracter\u00edsticas<\/strong><\/p>\n<ul>\n<li> Simulador estimulador de sexo oral<\/li>\n<li> 7 modos de vibra\u00e7\u00e3o<\/li>\n<li> 7 modos de suc\u00e7\u00e3o<\/li>\n<li> Motor potente<\/li>\n<li> Recarreg\u00e1vel por USB<\/li>\n<li> F\u00e1cil limpeza<\/li>\n<li> Livre de ftalatos<\/li>\n<li> Material Bodysafe, seguro para o corpo<\/li>\n<li> Materiais: TPE e ABS<\/li>\n<\/ul>\n<p> <strong>Jamyjob<\/strong> \u00e9 o resultado de uma infinidade de estudos aliados ao uso de materiais de primeira qualidade em seu firme compromisso de oferecer a mais recente tecnologia do mercado adaptada ao prazer adulto.<\/p><\/p>\n","protected":false},"excerpt":{"rendered":"<p>JAMYJOB &#8211; SUC\u00c7\u00c3O DE SEXO ORAL HURRICANE<\/p>\n","protected":false},"featured_media":96903,"template":"","meta":{"_acf_changed":false},"product_brand":[],"product_cat":[17,58],"product_tag":[],"class_list":{"0":"post-37732","1":"product","2":"type-product","3":"status-publish","4":"has-post-thumbnail","6":"product_cat-brinquedos-de-bem-estar-sexual","7":"product_cat-masturbadores-para-penis","8":"yith_product_brand-jamyjob","10":"first","11":"instock","12":"taxable","13":"shipping-taxable","14":"purchasable","15":"product-type-simple"},"acf":[],"yoast_head":"<!-- This site is optimized with the Yoast SEO plugin v27.4 - https:\/\/yoast.com\/product\/yoast-seo-wordpress\/ -->\n<title>JAMYJOB - SUC\u00c7\u00c3O DE SEXO ORAL HURRICANE - Lovme<\/title>\n<meta name=\"robots\" content=\"index, follow, max-snippet:-1, max-image-preview:large, max-video-preview:-1\" \/>\n<link rel=\"canonical\" href=\"https:\/\/lovme.pt\/index.php\/produto\/jamyjob-sexo-oral-com-ondas-estimulantes-de-furacao\/\" \/>\n<meta property=\"og:locale\" content=\"pt_PT\" \/>\n<meta property=\"og:type\" content=\"article\" \/>\n<meta property=\"og:title\" content=\"JAMYJOB - SUC\u00c7\u00c3O DE SEXO ORAL HURRICANE - Lovme\" \/>\n<meta property=\"og:description\" content=\"JAMYJOB - SUC\u00c7\u00c3O DE SEXO ORAL HURRICANE\" \/>\n<meta property=\"og:url\" content=\"https:\/\/lovme.pt\/index.php\/produto\/jamyjob-sexo-oral-com-ondas-estimulantes-de-furacao\/\" \/>\n<meta property=\"og:site_name\" content=\"Lovme\" \/>\n<meta property=\"article:modified_time\" content=\"2026-02-25T07:53:25+00:00\" \/>\n<meta property=\"og:image\" content=\"https:\/\/erki24nd3ub.exactdn.com\/wp-content\/uploads\/dream\/img\/img_115445_e088b021b00f1b1ae3c3dbbbd66c3115_1.png?strip=all\" \/>\n\t<meta property=\"og:image:width\" content=\"800\" \/>\n\t<meta property=\"og:image:height\" content=\"800\" \/>\n\t<meta property=\"og:image:type\" content=\"image\/png\" \/>\n<meta name=\"twitter:card\" content=\"summary_large_image\" \/>\n<meta name=\"twitter:label1\" content=\"Tempo estimado de leitura\" \/>\n\t<meta name=\"twitter:data1\" content=\"1 minuto\" \/>\n<script type=\"application\/ld+json\" class=\"yoast-schema-graph\">{\"@context\":\"https:\\\/\\\/schema.org\",\"@graph\":[{\"@type\":\"WebPage\",\"@id\":\"https:\\\/\\\/lovme.pt\\\/index.php\\\/produto\\\/jamyjob-sexo-oral-com-ondas-estimulantes-de-furacao\\\/\",\"url\":\"https:\\\/\\\/lovme.pt\\\/index.php\\\/produto\\\/jamyjob-sexo-oral-com-ondas-estimulantes-de-furacao\\\/\",\"name\":\"JAMYJOB - SUC\u00c7\u00c3O DE SEXO ORAL HURRICANE - Lovme\",\"isPartOf\":{\"@id\":\"https:\\\/\\\/lovme.pt\\\/#website\"},\"primaryImageOfPage\":{\"@id\":\"https:\\\/\\\/lovme.pt\\\/index.php\\\/produto\\\/jamyjob-sexo-oral-com-ondas-estimulantes-de-furacao\\\/#primaryimage\"},\"image\":{\"@id\":\"https:\\\/\\\/lovme.pt\\\/index.php\\\/produto\\\/jamyjob-sexo-oral-com-ondas-estimulantes-de-furacao\\\/#primaryimage\"},\"thumbnailUrl\":\"https:\\\/\\\/erki24nd3ub.exactdn.com\\\/wp-content\\\/uploads\\\/dream\\\/img\\\/img_115445_e088b021b00f1b1ae3c3dbbbd66c3115_1.png?strip=all\",\"datePublished\":\"2025-10-01T02:26:23+00:00\",\"dateModified\":\"2026-02-25T07:53:25+00:00\",\"breadcrumb\":{\"@id\":\"https:\\\/\\\/lovme.pt\\\/index.php\\\/produto\\\/jamyjob-sexo-oral-com-ondas-estimulantes-de-furacao\\\/#breadcrumb\"},\"inLanguage\":\"pt-PT\",\"potentialAction\":[{\"@type\":\"ReadAction\",\"target\":[\"https:\\\/\\\/lovme.pt\\\/index.php\\\/produto\\\/jamyjob-sexo-oral-com-ondas-estimulantes-de-furacao\\\/\"]}]},{\"@type\":\"ImageObject\",\"inLanguage\":\"pt-PT\",\"@id\":\"https:\\\/\\\/lovme.pt\\\/index.php\\\/produto\\\/jamyjob-sexo-oral-com-ondas-estimulantes-de-furacao\\\/#primaryimage\",\"url\":\"https:\\\/\\\/erki24nd3ub.exactdn.com\\\/wp-content\\\/uploads\\\/dream\\\/img\\\/img_115445_e088b021b00f1b1ae3c3dbbbd66c3115_1.png?strip=all\",\"contentUrl\":\"https:\\\/\\\/erki24nd3ub.exactdn.com\\\/wp-content\\\/uploads\\\/dream\\\/img\\\/img_115445_e088b021b00f1b1ae3c3dbbbd66c3115_1.png?strip=all\",\"width\":800,\"height\":800},{\"@type\":\"BreadcrumbList\",\"@id\":\"https:\\\/\\\/lovme.pt\\\/index.php\\\/produto\\\/jamyjob-sexo-oral-com-ondas-estimulantes-de-furacao\\\/#breadcrumb\",\"itemListElement\":[{\"@type\":\"ListItem\",\"position\":1,\"name\":\"In\u00edcio\",\"item\":\"https:\\\/\\\/lovme.pt\\\/\"},{\"@type\":\"ListItem\",\"position\":2,\"name\":\"Loja\",\"item\":\"https:\\\/\\\/lovme.pt\\\/index.php\\\/loja\\\/\"},{\"@type\":\"ListItem\",\"position\":3,\"name\":\"JAMYJOB &#8211; SUC\u00c7\u00c3O DE SEXO ORAL HURRICANE\"}]},{\"@type\":\"WebSite\",\"@id\":\"https:\\\/\\\/lovme.pt\\\/#website\",\"url\":\"https:\\\/\\\/lovme.pt\\\/\",\"name\":\"Lovme Loja Er\u00f3tica N\u00ba1 em Portugal\",\"description\":\"A melhor loja er\u00f3tica de Portugal.\",\"alternateName\":\"Loja Er\u00f3tica Lovme\",\"potentialAction\":[{\"@type\":\"SearchAction\",\"target\":{\"@type\":\"EntryPoint\",\"urlTemplate\":\"https:\\\/\\\/lovme.pt\\\/?s={search_term_string}\"},\"query-input\":{\"@type\":\"PropertyValueSpecification\",\"valueRequired\":true,\"valueName\":\"search_term_string\"}}],\"inLanguage\":\"pt-PT\"}]}<\/script>\n<!-- \/ Yoast SEO plugin. -->","yoast_head_json":{"title":"JAMYJOB - SUC\u00c7\u00c3O DE SEXO ORAL HURRICANE - Lovme","robots":{"index":"index","follow":"follow","max-snippet":"max-snippet:-1","max-image-preview":"max-image-preview:large","max-video-preview":"max-video-preview:-1"},"canonical":"https:\/\/lovme.pt\/index.php\/produto\/jamyjob-sexo-oral-com-ondas-estimulantes-de-furacao\/","og_locale":"pt_PT","og_type":"article","og_title":"JAMYJOB - SUC\u00c7\u00c3O DE SEXO ORAL HURRICANE - Lovme","og_description":"JAMYJOB - SUC\u00c7\u00c3O DE SEXO ORAL HURRICANE","og_url":"https:\/\/lovme.pt\/index.php\/produto\/jamyjob-sexo-oral-com-ondas-estimulantes-de-furacao\/","og_site_name":"Lovme","article_modified_time":"2026-02-25T07:53:25+00:00","og_image":[{"width":800,"height":800,"url":"https:\/\/erki24nd3ub.exactdn.com\/wp-content\/uploads\/dream\/img\/img_115445_e088b021b00f1b1ae3c3dbbbd66c3115_1.png?strip=all","type":"image\/png"}],"twitter_card":"summary_large_image","twitter_misc":{"Tempo estimado de leitura":"1 minuto"},"schema":{"@context":"https:\/\/schema.org","@graph":[{"@type":"WebPage","@id":"https:\/\/lovme.pt\/index.php\/produto\/jamyjob-sexo-oral-com-ondas-estimulantes-de-furacao\/","url":"https:\/\/lovme.pt\/index.php\/produto\/jamyjob-sexo-oral-com-ondas-estimulantes-de-furacao\/","name":"JAMYJOB - SUC\u00c7\u00c3O DE SEXO ORAL HURRICANE - Lovme","isPartOf":{"@id":"https:\/\/lovme.pt\/#website"},"primaryImageOfPage":{"@id":"https:\/\/lovme.pt\/index.php\/produto\/jamyjob-sexo-oral-com-ondas-estimulantes-de-furacao\/#primaryimage"},"image":{"@id":"https:\/\/lovme.pt\/index.php\/produto\/jamyjob-sexo-oral-com-ondas-estimulantes-de-furacao\/#primaryimage"},"thumbnailUrl":"https:\/\/erki24nd3ub.exactdn.com\/wp-content\/uploads\/dream\/img\/img_115445_e088b021b00f1b1ae3c3dbbbd66c3115_1.png?strip=all","datePublished":"2025-10-01T02:26:23+00:00","dateModified":"2026-02-25T07:53:25+00:00","breadcrumb":{"@id":"https:\/\/lovme.pt\/index.php\/produto\/jamyjob-sexo-oral-com-ondas-estimulantes-de-furacao\/#breadcrumb"},"inLanguage":"pt-PT","potentialAction":[{"@type":"ReadAction","target":["https:\/\/lovme.pt\/index.php\/produto\/jamyjob-sexo-oral-com-ondas-estimulantes-de-furacao\/"]}]},{"@type":"ImageObject","inLanguage":"pt-PT","@id":"https:\/\/lovme.pt\/index.php\/produto\/jamyjob-sexo-oral-com-ondas-estimulantes-de-furacao\/#primaryimage","url":"https:\/\/erki24nd3ub.exactdn.com\/wp-content\/uploads\/dream\/img\/img_115445_e088b021b00f1b1ae3c3dbbbd66c3115_1.png?strip=all","contentUrl":"https:\/\/erki24nd3ub.exactdn.com\/wp-content\/uploads\/dream\/img\/img_115445_e088b021b00f1b1ae3c3dbbbd66c3115_1.png?strip=all","width":800,"height":800},{"@type":"BreadcrumbList","@id":"https:\/\/lovme.pt\/index.php\/produto\/jamyjob-sexo-oral-com-ondas-estimulantes-de-furacao\/#breadcrumb","itemListElement":[{"@type":"ListItem","position":1,"name":"In\u00edcio","item":"https:\/\/lovme.pt\/"},{"@type":"ListItem","position":2,"name":"Loja","item":"https:\/\/lovme.pt\/index.php\/loja\/"},{"@type":"ListItem","position":3,"name":"JAMYJOB &#8211; SUC\u00c7\u00c3O DE SEXO ORAL HURRICANE"}]},{"@type":"WebSite","@id":"https:\/\/lovme.pt\/#website","url":"https:\/\/lovme.pt\/","name":"Lovme Loja Er\u00f3tica N\u00ba1 em Portugal","description":"A melhor loja er\u00f3tica de Portugal.","alternateName":"Loja Er\u00f3tica Lovme","potentialAction":[{"@type":"SearchAction","target":{"@type":"EntryPoint","urlTemplate":"https:\/\/lovme.pt\/?s={search_term_string}"},"query-input":{"@type":"PropertyValueSpecification","valueRequired":true,"valueName":"search_term_string"}}],"inLanguage":"pt-PT"}]}},"_links":{"self":[{"href":"https:\/\/lovme.pt\/index.php\/wp-json\/wp\/v2\/product\/37732","targetHints":{"allow":["GET"]}}],"collection":[{"href":"https:\/\/lovme.pt\/index.php\/wp-json\/wp\/v2\/product"}],"about":[{"href":"https:\/\/lovme.pt\/index.php\/wp-json\/wp\/v2\/types\/product"}],"wp:featuredmedia":[{"embeddable":true,"href":"https:\/\/lovme.pt\/index.php\/wp-json\/wp\/v2\/media\/96903"}],"wp:attachment":[{"href":"https:\/\/lovme.pt\/index.php\/wp-json\/wp\/v2\/media?parent=37732"}],"wp:term":[{"taxonomy":"product_brand","embeddable":true,"href":"https:\/\/lovme.pt\/index.php\/wp-json\/wp\/v2\/product_brand?post=37732"},{"taxonomy":"product_cat","embeddable":true,"href":"https:\/\/lovme.pt\/index.php\/wp-json\/wp\/v2\/product_cat?post=37732"},{"taxonomy":"product_tag","embeddable":true,"href":"https:\/\/lovme.pt\/index.php\/wp-json\/wp\/v2\/product_tag?post=37732"}],"curies":[{"name":"wp","href":"https:\/\/api.w.org\/{rel}","templated":true}]}}