{"id":37381,"date":"2025-09-30T09:53:26","date_gmt":"2025-09-30T09:53:26","guid":{"rendered":"https:\/\/lovme.pt\/?post_type=product&p=37381"},"modified":"2026-02-25T07:45:19","modified_gmt":"2026-02-25T07:45:19","slug":"diablo-picante-jogo-corao-sedutor","status":"publish","type":"product","link":"https:\/\/lovme.pt\/index.php\/produto\/diablo-picante-jogo-corao-sedutor\/","title":{"rendered":"DIABLO PICANTE &#8211; JOGO CORAO SEDUTOR"},"content":{"rendered":"<p><strong>JOGO DO CORA\u00c7\u00c3O SEDUTOR<\/strong><\/p>\n<p> CORA\u00c7\u00c3O SEDUTOR mais de 100 testes de sedu\u00e7\u00e3o e paix\u00e3o. \u00c9 t\u00e3o simples quanto escolher um ou outro teste dentre os mais de 100 que o jogo oferece e faz\u00ea-lo na hora. Isso N\u00c3O o torna menos interessante. Em CORAZ\u00d3N SEDUCTOR, devido \u00e0s suas caracter\u00edsticas, voc\u00ea s\u00f3 poder\u00e1 controlar o in\u00edcio do jogo, e depois ser\u00e1 controlado em mente e corpo pelo feiti\u00e7o de suas provas. Dizer que ganhei ou perdi n\u00e3o tem lugar neste jogo. S\u00f3 existem vencedores. Apreci\u00e1-lo!<\/p>\n<p> Recomenda-se: Antes de come\u00e7ar, prepare bebidas de sua prefer\u00eancia, gelo, frutas, doces, cremes, \u00f3leo de massagem ou tintas comest\u00edveis, tudo isso pode ser espalhado e comido. No come\u00e7o, crie um ambiente agrad\u00e1vel acendendo a vela perfumada e qualquer outra coisa que vier \u00e0 mente. Os diferentes obst\u00e1culos nos deixar\u00e3o sens\u00edveis o suficiente para que voc\u00ea sinta as sensa\u00e7\u00f5es mais emocionantes que pode imaginar. A divers\u00e3o \u00e9 servida, daqui, ao erotismo, do erotismo \u00e0 sensualidade, da sensualidade ao amor e dos mestres sem d\u00favida ao cl\u00edmax.<\/p>\n<p> Regra de ouro. Existem testes que ao se referir a eles est\u00e1 impl\u00edcito ou dito diretamente que est\u00e3o nus ou vestidos, no caso de o teste estar nu, e voc\u00ea estiver vestido, ou pelo contr\u00e1rio, voc\u00ea estiver nu e o teste estiver vestido, voc\u00ea realiza o teste como indicado, mas imediatamente depois eles retornam para onde estavam no in\u00edcio. Por serem testes surpresa para a outra parte, h\u00e1 alguns que n\u00e3o devem ser vistos pelo seu parceiro at\u00e9 que voc\u00ea os tenha realizado, ent\u00e3o quando voc\u00ea os abrir, verifique antes de mostr\u00e1-los.<\/p>\n<p> CONTE\u00daDO DO JOGO: Bolsa de transporte, Estojo em forma de cora\u00e7\u00e3o sedutor, Mais de 100 testes, Acess\u00f3rios para realizar os testes.<\/p>\n<ul>\n<li> Espanhol<\/li>\n<\/ul>\n<p> <strong>Diablo Picante<\/strong> , pioneira na Espanha na fabrica\u00e7\u00e3o de artigos divertidos com temas er\u00f3ticos para todo tipo de comemora\u00e7\u00f5es: despedidas, anivers\u00e1rios, aposentadorias, brincadeiras, festas e qualquer outro evento com amigos e colegas.<\/p>\n","protected":false},"excerpt":{"rendered":"<p>DIABLO PICANTE &#8211; JOGO CORAO SEDUTOR<\/p>\n","protected":false},"featured_media":58939,"template":"","meta":{"_acf_changed":false},"product_brand":[],"product_cat":[69,15],"product_tag":[],"class_list":{"0":"post-37381","1":"product","2":"type-product","3":"status-publish","4":"has-post-thumbnail","6":"product_cat-jogos-eroticos","7":"product_cat-loja","8":"yith_product_brand-diverty-sexdiablo-picante","10":"first","11":"instock","12":"taxable","13":"shipping-taxable","14":"purchasable","15":"product-type-simple"},"acf":[],"yoast_head":"<!-- This site is optimized with the Yoast SEO plugin v27.4 - https:\/\/yoast.com\/product\/yoast-seo-wordpress\/ -->\n<title>DIABLO PICANTE - JOGO CORAO SEDUTOR - Lovme<\/title>\n<meta name=\"robots\" content=\"index, follow, max-snippet:-1, max-image-preview:large, max-video-preview:-1\" \/>\n<link rel=\"canonical\" href=\"https:\/\/lovme.pt\/index.php\/produto\/diablo-picante-jogo-corao-sedutor\/\" \/>\n<meta property=\"og:locale\" content=\"pt_PT\" \/>\n<meta property=\"og:type\" content=\"article\" \/>\n<meta property=\"og:title\" content=\"DIABLO PICANTE - JOGO CORAO SEDUTOR - Lovme\" \/>\n<meta property=\"og:description\" content=\"DIABLO PICANTE - JOGO CORAO SEDUTOR\" \/>\n<meta property=\"og:url\" content=\"https:\/\/lovme.pt\/index.php\/produto\/diablo-picante-jogo-corao-sedutor\/\" \/>\n<meta property=\"og:site_name\" content=\"Lovme\" \/>\n<meta property=\"article:modified_time\" content=\"2026-02-25T07:45:19+00:00\" \/>\n<meta property=\"og:image\" content=\"https:\/\/erki24nd3ub.exactdn.com\/wp-content\/uploads\/dream\/img\/img_119115_139f6d0f77a524c8e94d5f888b2603ce_1.jpg?strip=all\" \/>\n\t<meta property=\"og:image:width\" content=\"800\" \/>\n\t<meta property=\"og:image:height\" content=\"800\" \/>\n\t<meta property=\"og:image:type\" content=\"image\/jpeg\" \/>\n<meta name=\"twitter:card\" content=\"summary_large_image\" \/>\n<meta name=\"twitter:label1\" content=\"Tempo estimado de leitura\" \/>\n\t<meta name=\"twitter:data1\" content=\"2 minutos\" \/>\n<script type=\"application\/ld+json\" class=\"yoast-schema-graph\">{\"@context\":\"https:\\\/\\\/schema.org\",\"@graph\":[{\"@type\":\"WebPage\",\"@id\":\"https:\\\/\\\/lovme.pt\\\/index.php\\\/produto\\\/diablo-picante-jogo-corao-sedutor\\\/\",\"url\":\"https:\\\/\\\/lovme.pt\\\/index.php\\\/produto\\\/diablo-picante-jogo-corao-sedutor\\\/\",\"name\":\"DIABLO PICANTE - JOGO CORAO SEDUTOR - Lovme\",\"isPartOf\":{\"@id\":\"https:\\\/\\\/lovme.pt\\\/#website\"},\"primaryImageOfPage\":{\"@id\":\"https:\\\/\\\/lovme.pt\\\/index.php\\\/produto\\\/diablo-picante-jogo-corao-sedutor\\\/#primaryimage\"},\"image\":{\"@id\":\"https:\\\/\\\/lovme.pt\\\/index.php\\\/produto\\\/diablo-picante-jogo-corao-sedutor\\\/#primaryimage\"},\"thumbnailUrl\":\"https:\\\/\\\/erki24nd3ub.exactdn.com\\\/wp-content\\\/uploads\\\/dream\\\/img\\\/img_119115_139f6d0f77a524c8e94d5f888b2603ce_1.jpg?strip=all\",\"datePublished\":\"2025-09-30T09:53:26+00:00\",\"dateModified\":\"2026-02-25T07:45:19+00:00\",\"breadcrumb\":{\"@id\":\"https:\\\/\\\/lovme.pt\\\/index.php\\\/produto\\\/diablo-picante-jogo-corao-sedutor\\\/#breadcrumb\"},\"inLanguage\":\"pt-PT\",\"potentialAction\":[{\"@type\":\"ReadAction\",\"target\":[\"https:\\\/\\\/lovme.pt\\\/index.php\\\/produto\\\/diablo-picante-jogo-corao-sedutor\\\/\"]}]},{\"@type\":\"ImageObject\",\"inLanguage\":\"pt-PT\",\"@id\":\"https:\\\/\\\/lovme.pt\\\/index.php\\\/produto\\\/diablo-picante-jogo-corao-sedutor\\\/#primaryimage\",\"url\":\"https:\\\/\\\/erki24nd3ub.exactdn.com\\\/wp-content\\\/uploads\\\/dream\\\/img\\\/img_119115_139f6d0f77a524c8e94d5f888b2603ce_1.jpg?strip=all\",\"contentUrl\":\"https:\\\/\\\/erki24nd3ub.exactdn.com\\\/wp-content\\\/uploads\\\/dream\\\/img\\\/img_119115_139f6d0f77a524c8e94d5f888b2603ce_1.jpg?strip=all\",\"width\":800,\"height\":800},{\"@type\":\"BreadcrumbList\",\"@id\":\"https:\\\/\\\/lovme.pt\\\/index.php\\\/produto\\\/diablo-picante-jogo-corao-sedutor\\\/#breadcrumb\",\"itemListElement\":[{\"@type\":\"ListItem\",\"position\":1,\"name\":\"In\u00edcio\",\"item\":\"https:\\\/\\\/lovme.pt\\\/\"},{\"@type\":\"ListItem\",\"position\":2,\"name\":\"Loja\",\"item\":\"https:\\\/\\\/lovme.pt\\\/index.php\\\/loja\\\/\"},{\"@type\":\"ListItem\",\"position\":3,\"name\":\"DIABLO PICANTE &#8211; JOGO CORAO SEDUTOR\"}]},{\"@type\":\"WebSite\",\"@id\":\"https:\\\/\\\/lovme.pt\\\/#website\",\"url\":\"https:\\\/\\\/lovme.pt\\\/\",\"name\":\"Lovme Loja Er\u00f3tica N\u00ba1 em Portugal\",\"description\":\"A melhor loja er\u00f3tica de Portugal.\",\"alternateName\":\"Loja Er\u00f3tica Lovme\",\"potentialAction\":[{\"@type\":\"SearchAction\",\"target\":{\"@type\":\"EntryPoint\",\"urlTemplate\":\"https:\\\/\\\/lovme.pt\\\/?s={search_term_string}\"},\"query-input\":{\"@type\":\"PropertyValueSpecification\",\"valueRequired\":true,\"valueName\":\"search_term_string\"}}],\"inLanguage\":\"pt-PT\"}]}<\/script>\n<!-- \/ Yoast SEO plugin. -->","yoast_head_json":{"title":"DIABLO PICANTE - JOGO CORAO SEDUTOR - Lovme","robots":{"index":"index","follow":"follow","max-snippet":"max-snippet:-1","max-image-preview":"max-image-preview:large","max-video-preview":"max-video-preview:-1"},"canonical":"https:\/\/lovme.pt\/index.php\/produto\/diablo-picante-jogo-corao-sedutor\/","og_locale":"pt_PT","og_type":"article","og_title":"DIABLO PICANTE - JOGO CORAO SEDUTOR - Lovme","og_description":"DIABLO PICANTE - JOGO CORAO SEDUTOR","og_url":"https:\/\/lovme.pt\/index.php\/produto\/diablo-picante-jogo-corao-sedutor\/","og_site_name":"Lovme","article_modified_time":"2026-02-25T07:45:19+00:00","og_image":[{"width":800,"height":800,"url":"https:\/\/erki24nd3ub.exactdn.com\/wp-content\/uploads\/dream\/img\/img_119115_139f6d0f77a524c8e94d5f888b2603ce_1.jpg?strip=all","type":"image\/jpeg"}],"twitter_card":"summary_large_image","twitter_misc":{"Tempo estimado de leitura":"2 minutos"},"schema":{"@context":"https:\/\/schema.org","@graph":[{"@type":"WebPage","@id":"https:\/\/lovme.pt\/index.php\/produto\/diablo-picante-jogo-corao-sedutor\/","url":"https:\/\/lovme.pt\/index.php\/produto\/diablo-picante-jogo-corao-sedutor\/","name":"DIABLO PICANTE - JOGO CORAO SEDUTOR - Lovme","isPartOf":{"@id":"https:\/\/lovme.pt\/#website"},"primaryImageOfPage":{"@id":"https:\/\/lovme.pt\/index.php\/produto\/diablo-picante-jogo-corao-sedutor\/#primaryimage"},"image":{"@id":"https:\/\/lovme.pt\/index.php\/produto\/diablo-picante-jogo-corao-sedutor\/#primaryimage"},"thumbnailUrl":"https:\/\/erki24nd3ub.exactdn.com\/wp-content\/uploads\/dream\/img\/img_119115_139f6d0f77a524c8e94d5f888b2603ce_1.jpg?strip=all","datePublished":"2025-09-30T09:53:26+00:00","dateModified":"2026-02-25T07:45:19+00:00","breadcrumb":{"@id":"https:\/\/lovme.pt\/index.php\/produto\/diablo-picante-jogo-corao-sedutor\/#breadcrumb"},"inLanguage":"pt-PT","potentialAction":[{"@type":"ReadAction","target":["https:\/\/lovme.pt\/index.php\/produto\/diablo-picante-jogo-corao-sedutor\/"]}]},{"@type":"ImageObject","inLanguage":"pt-PT","@id":"https:\/\/lovme.pt\/index.php\/produto\/diablo-picante-jogo-corao-sedutor\/#primaryimage","url":"https:\/\/erki24nd3ub.exactdn.com\/wp-content\/uploads\/dream\/img\/img_119115_139f6d0f77a524c8e94d5f888b2603ce_1.jpg?strip=all","contentUrl":"https:\/\/erki24nd3ub.exactdn.com\/wp-content\/uploads\/dream\/img\/img_119115_139f6d0f77a524c8e94d5f888b2603ce_1.jpg?strip=all","width":800,"height":800},{"@type":"BreadcrumbList","@id":"https:\/\/lovme.pt\/index.php\/produto\/diablo-picante-jogo-corao-sedutor\/#breadcrumb","itemListElement":[{"@type":"ListItem","position":1,"name":"In\u00edcio","item":"https:\/\/lovme.pt\/"},{"@type":"ListItem","position":2,"name":"Loja","item":"https:\/\/lovme.pt\/index.php\/loja\/"},{"@type":"ListItem","position":3,"name":"DIABLO PICANTE &#8211; JOGO CORAO SEDUTOR"}]},{"@type":"WebSite","@id":"https:\/\/lovme.pt\/#website","url":"https:\/\/lovme.pt\/","name":"Lovme Loja Er\u00f3tica N\u00ba1 em Portugal","description":"A melhor loja er\u00f3tica de Portugal.","alternateName":"Loja Er\u00f3tica Lovme","potentialAction":[{"@type":"SearchAction","target":{"@type":"EntryPoint","urlTemplate":"https:\/\/lovme.pt\/?s={search_term_string}"},"query-input":{"@type":"PropertyValueSpecification","valueRequired":true,"valueName":"search_term_string"}}],"inLanguage":"pt-PT"}]}},"_links":{"self":[{"href":"https:\/\/lovme.pt\/index.php\/wp-json\/wp\/v2\/product\/37381","targetHints":{"allow":["GET"]}}],"collection":[{"href":"https:\/\/lovme.pt\/index.php\/wp-json\/wp\/v2\/product"}],"about":[{"href":"https:\/\/lovme.pt\/index.php\/wp-json\/wp\/v2\/types\/product"}],"wp:featuredmedia":[{"embeddable":true,"href":"https:\/\/lovme.pt\/index.php\/wp-json\/wp\/v2\/media\/58939"}],"wp:attachment":[{"href":"https:\/\/lovme.pt\/index.php\/wp-json\/wp\/v2\/media?parent=37381"}],"wp:term":[{"taxonomy":"product_brand","embeddable":true,"href":"https:\/\/lovme.pt\/index.php\/wp-json\/wp\/v2\/product_brand?post=37381"},{"taxonomy":"product_cat","embeddable":true,"href":"https:\/\/lovme.pt\/index.php\/wp-json\/wp\/v2\/product_cat?post=37381"},{"taxonomy":"product_tag","embeddable":true,"href":"https:\/\/lovme.pt\/index.php\/wp-json\/wp\/v2\/product_tag?post=37381"}],"curies":[{"name":"wp","href":"https:\/\/api.w.org\/{rel}","templated":true}]}}