{"id":37207,"date":"2025-09-30T20:39:17","date_gmt":"2025-09-30T20:39:17","guid":{"rendered":"https:\/\/lovme.pt\/?post_type=product&#038;p=37207"},"modified":"2026-02-25T07:42:36","modified_gmt":"2026-02-25T07:42:36","slug":"ohmama-estimulador-de-clitoris-recarregavel-36-modos-rosa-pinkgold","status":"publish","type":"product","link":"https:\/\/lovme.pt\/index.php\/produto\/ohmama-estimulador-de-clitoris-recarregavel-36-modos-rosa-pinkgold\/","title":{"rendered":"OHMAMA &#8211; ESTIMULADOR DE CLIT\u00d3RIS RECARREG\u00c1VEL 36 MODOS ROSA-PINKGOLD"},"content":{"rendered":"<p>Oh m&atilde;e! A partir de agora voc&ecirc; saber&aacute; o que &eacute; o verdadeiro prazer. Este dispositivo atua exatamente onde voc&ecirc; mais gosta. Sua pequena ponta circular transmitir&aacute; as poderosas vibra&ccedil;&otilde;es de seu motor recarreg&aacute;vel USB exatamente onde voc&ecirc; quiser. Voc&ecirc; n&atilde;o precisar&aacute; de mais nada, ele cuidar&aacute; de tudo.<\/p>\n<ul>\n<li>Dispositivo estimulador de clit&oacute;ris<\/li>\n<li>Ponta circular de silicone<\/li>\n<li>Concentre-se no prazer<\/li>\n<li>36 modos de vibra&ccedil;&atilde;o<\/li>\n<li>Material: Silicone, PVC e ABS<\/li>\n<li>Apresenta&ccedil;&atilde;o em saco higi&eacute;nico (sem caixa)<\/li>\n<li>Medidas: 20 x 3,5 cm<\/li>\n<li>USB recarreg&aacute;vel<\/li>\n<\/ul>\n<p>A MARCA<\/p>\n<p>A gama de produtos OHMAMA &eacute; perfeita para presentear. Um produto dispon&iacute;vel para todos com qualidade perfeita. Uma combina&ccedil;&atilde;o &uacute;nica nesta linha especial de brinquedos para adultos<\/p>\n","protected":false},"excerpt":{"rendered":"<p>OHMAMA &#8211; ESTIMULADOR DE CLIT\u00d3RIS RECARREG\u00c1VEL 36 MODOS ROSA-PINKGOLD<\/p>\n","protected":false},"featured_media":71107,"template":"","meta":{"_acf_changed":false},"product_brand":[],"product_cat":[17,61,63,76],"product_tag":[],"class_list":{"0":"post-37207","1":"product","2":"type-product","3":"status-publish","4":"has-post-thumbnail","6":"product_cat-brinquedos-de-bem-estar-sexual","7":"product_cat-para-elas","8":"product_cat-sexo-anal","9":"product_cat-vibradores","10":"yith_product_brand-ohmamaohmama-stimulating","12":"first","13":"instock","14":"taxable","15":"shipping-taxable","16":"purchasable","17":"product-type-simple"},"acf":[],"yoast_head":"<!-- This site is optimized with the Yoast SEO plugin v27.4 - https:\/\/yoast.com\/product\/yoast-seo-wordpress\/ -->\n<title>OHMAMA - ESTIMULADOR DE CLIT\u00d3RIS RECARREG\u00c1VEL 36 MODOS ROSA-PINKGOLD - Lovme<\/title>\n<meta name=\"robots\" content=\"index, follow, max-snippet:-1, max-image-preview:large, max-video-preview:-1\" \/>\n<link rel=\"canonical\" href=\"https:\/\/lovme.pt\/index.php\/produto\/ohmama-estimulador-de-clitoris-recarregavel-36-modos-rosa-pinkgold\/\" \/>\n<meta property=\"og:locale\" content=\"pt_PT\" \/>\n<meta property=\"og:type\" content=\"article\" \/>\n<meta property=\"og:title\" content=\"OHMAMA - ESTIMULADOR DE CLIT\u00d3RIS RECARREG\u00c1VEL 36 MODOS ROSA-PINKGOLD - Lovme\" \/>\n<meta property=\"og:description\" content=\"OHMAMA - ESTIMULADOR DE CLIT\u00d3RIS RECARREG\u00c1VEL 36 MODOS ROSA-PINKGOLD\" \/>\n<meta property=\"og:url\" content=\"https:\/\/lovme.pt\/index.php\/produto\/ohmama-estimulador-de-clitoris-recarregavel-36-modos-rosa-pinkgold\/\" \/>\n<meta property=\"og:site_name\" content=\"Lovme\" \/>\n<meta property=\"article:modified_time\" content=\"2026-02-25T07:42:36+00:00\" \/>\n<meta property=\"og:image\" content=\"https:\/\/erki24nd3ub.exactdn.com\/wp-content\/uploads\/dream\/img\/img_113602_121bb9c7fadb08abe6120f8d05d81aa7_1.png?strip=all\" \/>\n\t<meta property=\"og:image:width\" content=\"800\" \/>\n\t<meta property=\"og:image:height\" content=\"800\" \/>\n\t<meta property=\"og:image:type\" content=\"image\/png\" \/>\n<meta name=\"twitter:card\" content=\"summary_large_image\" \/>\n<meta name=\"twitter:label1\" content=\"Tempo estimado de leitura\" \/>\n\t<meta name=\"twitter:data1\" content=\"1 minuto\" \/>\n<script type=\"application\/ld+json\" class=\"yoast-schema-graph\">{\"@context\":\"https:\\\/\\\/schema.org\",\"@graph\":[{\"@type\":\"WebPage\",\"@id\":\"https:\\\/\\\/lovme.pt\\\/index.php\\\/produto\\\/ohmama-estimulador-de-clitoris-recarregavel-36-modos-rosa-pinkgold\\\/\",\"url\":\"https:\\\/\\\/lovme.pt\\\/index.php\\\/produto\\\/ohmama-estimulador-de-clitoris-recarregavel-36-modos-rosa-pinkgold\\\/\",\"name\":\"OHMAMA - ESTIMULADOR DE CLIT\u00d3RIS RECARREG\u00c1VEL 36 MODOS ROSA-PINKGOLD - Lovme\",\"isPartOf\":{\"@id\":\"https:\\\/\\\/lovme.pt\\\/#website\"},\"primaryImageOfPage\":{\"@id\":\"https:\\\/\\\/lovme.pt\\\/index.php\\\/produto\\\/ohmama-estimulador-de-clitoris-recarregavel-36-modos-rosa-pinkgold\\\/#primaryimage\"},\"image\":{\"@id\":\"https:\\\/\\\/lovme.pt\\\/index.php\\\/produto\\\/ohmama-estimulador-de-clitoris-recarregavel-36-modos-rosa-pinkgold\\\/#primaryimage\"},\"thumbnailUrl\":\"https:\\\/\\\/erki24nd3ub.exactdn.com\\\/wp-content\\\/uploads\\\/dream\\\/img\\\/img_113602_121bb9c7fadb08abe6120f8d05d81aa7_1.png?strip=all\",\"datePublished\":\"2025-09-30T20:39:17+00:00\",\"dateModified\":\"2026-02-25T07:42:36+00:00\",\"breadcrumb\":{\"@id\":\"https:\\\/\\\/lovme.pt\\\/index.php\\\/produto\\\/ohmama-estimulador-de-clitoris-recarregavel-36-modos-rosa-pinkgold\\\/#breadcrumb\"},\"inLanguage\":\"pt-PT\",\"potentialAction\":[{\"@type\":\"ReadAction\",\"target\":[\"https:\\\/\\\/lovme.pt\\\/index.php\\\/produto\\\/ohmama-estimulador-de-clitoris-recarregavel-36-modos-rosa-pinkgold\\\/\"]}]},{\"@type\":\"ImageObject\",\"inLanguage\":\"pt-PT\",\"@id\":\"https:\\\/\\\/lovme.pt\\\/index.php\\\/produto\\\/ohmama-estimulador-de-clitoris-recarregavel-36-modos-rosa-pinkgold\\\/#primaryimage\",\"url\":\"https:\\\/\\\/erki24nd3ub.exactdn.com\\\/wp-content\\\/uploads\\\/dream\\\/img\\\/img_113602_121bb9c7fadb08abe6120f8d05d81aa7_1.png?strip=all\",\"contentUrl\":\"https:\\\/\\\/erki24nd3ub.exactdn.com\\\/wp-content\\\/uploads\\\/dream\\\/img\\\/img_113602_121bb9c7fadb08abe6120f8d05d81aa7_1.png?strip=all\",\"width\":800,\"height\":800},{\"@type\":\"BreadcrumbList\",\"@id\":\"https:\\\/\\\/lovme.pt\\\/index.php\\\/produto\\\/ohmama-estimulador-de-clitoris-recarregavel-36-modos-rosa-pinkgold\\\/#breadcrumb\",\"itemListElement\":[{\"@type\":\"ListItem\",\"position\":1,\"name\":\"In\u00edcio\",\"item\":\"https:\\\/\\\/lovme.pt\\\/\"},{\"@type\":\"ListItem\",\"position\":2,\"name\":\"Loja\",\"item\":\"https:\\\/\\\/lovme.pt\\\/index.php\\\/loja\\\/\"},{\"@type\":\"ListItem\",\"position\":3,\"name\":\"OHMAMA &#8211; ESTIMULADOR DE CLIT\u00d3RIS RECARREG\u00c1VEL 36 MODOS ROSA-PINKGOLD\"}]},{\"@type\":\"WebSite\",\"@id\":\"https:\\\/\\\/lovme.pt\\\/#website\",\"url\":\"https:\\\/\\\/lovme.pt\\\/\",\"name\":\"Lovme Loja Er\u00f3tica N\u00ba1 em Portugal\",\"description\":\"A melhor loja er\u00f3tica de Portugal.\",\"alternateName\":\"Loja Er\u00f3tica Lovme\",\"potentialAction\":[{\"@type\":\"SearchAction\",\"target\":{\"@type\":\"EntryPoint\",\"urlTemplate\":\"https:\\\/\\\/lovme.pt\\\/?s={search_term_string}\"},\"query-input\":{\"@type\":\"PropertyValueSpecification\",\"valueRequired\":true,\"valueName\":\"search_term_string\"}}],\"inLanguage\":\"pt-PT\"}]}<\/script>\n<!-- \/ Yoast SEO plugin. -->","yoast_head_json":{"title":"OHMAMA - ESTIMULADOR DE CLIT\u00d3RIS RECARREG\u00c1VEL 36 MODOS ROSA-PINKGOLD - Lovme","robots":{"index":"index","follow":"follow","max-snippet":"max-snippet:-1","max-image-preview":"max-image-preview:large","max-video-preview":"max-video-preview:-1"},"canonical":"https:\/\/lovme.pt\/index.php\/produto\/ohmama-estimulador-de-clitoris-recarregavel-36-modos-rosa-pinkgold\/","og_locale":"pt_PT","og_type":"article","og_title":"OHMAMA - ESTIMULADOR DE CLIT\u00d3RIS RECARREG\u00c1VEL 36 MODOS ROSA-PINKGOLD - Lovme","og_description":"OHMAMA - ESTIMULADOR DE CLIT\u00d3RIS RECARREG\u00c1VEL 36 MODOS ROSA-PINKGOLD","og_url":"https:\/\/lovme.pt\/index.php\/produto\/ohmama-estimulador-de-clitoris-recarregavel-36-modos-rosa-pinkgold\/","og_site_name":"Lovme","article_modified_time":"2026-02-25T07:42:36+00:00","og_image":[{"width":800,"height":800,"url":"https:\/\/erki24nd3ub.exactdn.com\/wp-content\/uploads\/dream\/img\/img_113602_121bb9c7fadb08abe6120f8d05d81aa7_1.png?strip=all","type":"image\/png"}],"twitter_card":"summary_large_image","twitter_misc":{"Tempo estimado de leitura":"1 minuto"},"schema":{"@context":"https:\/\/schema.org","@graph":[{"@type":"WebPage","@id":"https:\/\/lovme.pt\/index.php\/produto\/ohmama-estimulador-de-clitoris-recarregavel-36-modos-rosa-pinkgold\/","url":"https:\/\/lovme.pt\/index.php\/produto\/ohmama-estimulador-de-clitoris-recarregavel-36-modos-rosa-pinkgold\/","name":"OHMAMA - ESTIMULADOR DE CLIT\u00d3RIS RECARREG\u00c1VEL 36 MODOS ROSA-PINKGOLD - Lovme","isPartOf":{"@id":"https:\/\/lovme.pt\/#website"},"primaryImageOfPage":{"@id":"https:\/\/lovme.pt\/index.php\/produto\/ohmama-estimulador-de-clitoris-recarregavel-36-modos-rosa-pinkgold\/#primaryimage"},"image":{"@id":"https:\/\/lovme.pt\/index.php\/produto\/ohmama-estimulador-de-clitoris-recarregavel-36-modos-rosa-pinkgold\/#primaryimage"},"thumbnailUrl":"https:\/\/erki24nd3ub.exactdn.com\/wp-content\/uploads\/dream\/img\/img_113602_121bb9c7fadb08abe6120f8d05d81aa7_1.png?strip=all","datePublished":"2025-09-30T20:39:17+00:00","dateModified":"2026-02-25T07:42:36+00:00","breadcrumb":{"@id":"https:\/\/lovme.pt\/index.php\/produto\/ohmama-estimulador-de-clitoris-recarregavel-36-modos-rosa-pinkgold\/#breadcrumb"},"inLanguage":"pt-PT","potentialAction":[{"@type":"ReadAction","target":["https:\/\/lovme.pt\/index.php\/produto\/ohmama-estimulador-de-clitoris-recarregavel-36-modos-rosa-pinkgold\/"]}]},{"@type":"ImageObject","inLanguage":"pt-PT","@id":"https:\/\/lovme.pt\/index.php\/produto\/ohmama-estimulador-de-clitoris-recarregavel-36-modos-rosa-pinkgold\/#primaryimage","url":"https:\/\/erki24nd3ub.exactdn.com\/wp-content\/uploads\/dream\/img\/img_113602_121bb9c7fadb08abe6120f8d05d81aa7_1.png?strip=all","contentUrl":"https:\/\/erki24nd3ub.exactdn.com\/wp-content\/uploads\/dream\/img\/img_113602_121bb9c7fadb08abe6120f8d05d81aa7_1.png?strip=all","width":800,"height":800},{"@type":"BreadcrumbList","@id":"https:\/\/lovme.pt\/index.php\/produto\/ohmama-estimulador-de-clitoris-recarregavel-36-modos-rosa-pinkgold\/#breadcrumb","itemListElement":[{"@type":"ListItem","position":1,"name":"In\u00edcio","item":"https:\/\/lovme.pt\/"},{"@type":"ListItem","position":2,"name":"Loja","item":"https:\/\/lovme.pt\/index.php\/loja\/"},{"@type":"ListItem","position":3,"name":"OHMAMA &#8211; ESTIMULADOR DE CLIT\u00d3RIS RECARREG\u00c1VEL 36 MODOS ROSA-PINKGOLD"}]},{"@type":"WebSite","@id":"https:\/\/lovme.pt\/#website","url":"https:\/\/lovme.pt\/","name":"Lovme Loja Er\u00f3tica N\u00ba1 em Portugal","description":"A melhor loja er\u00f3tica de Portugal.","alternateName":"Loja Er\u00f3tica Lovme","potentialAction":[{"@type":"SearchAction","target":{"@type":"EntryPoint","urlTemplate":"https:\/\/lovme.pt\/?s={search_term_string}"},"query-input":{"@type":"PropertyValueSpecification","valueRequired":true,"valueName":"search_term_string"}}],"inLanguage":"pt-PT"}]}},"_links":{"self":[{"href":"https:\/\/lovme.pt\/index.php\/wp-json\/wp\/v2\/product\/37207","targetHints":{"allow":["GET"]}}],"collection":[{"href":"https:\/\/lovme.pt\/index.php\/wp-json\/wp\/v2\/product"}],"about":[{"href":"https:\/\/lovme.pt\/index.php\/wp-json\/wp\/v2\/types\/product"}],"wp:featuredmedia":[{"embeddable":true,"href":"https:\/\/lovme.pt\/index.php\/wp-json\/wp\/v2\/media\/71107"}],"wp:attachment":[{"href":"https:\/\/lovme.pt\/index.php\/wp-json\/wp\/v2\/media?parent=37207"}],"wp:term":[{"taxonomy":"product_brand","embeddable":true,"href":"https:\/\/lovme.pt\/index.php\/wp-json\/wp\/v2\/product_brand?post=37207"},{"taxonomy":"product_cat","embeddable":true,"href":"https:\/\/lovme.pt\/index.php\/wp-json\/wp\/v2\/product_cat?post=37207"},{"taxonomy":"product_tag","embeddable":true,"href":"https:\/\/lovme.pt\/index.php\/wp-json\/wp\/v2\/product_tag?post=37207"}],"curies":[{"name":"wp","href":"https:\/\/api.w.org\/{rel}","templated":true}]}}