{"id":37186,"date":"2025-10-01T00:47:23","date_gmt":"2025-10-01T00:47:23","guid":{"rendered":"https:\/\/lovme.pt\/?post_type=product&#038;p=37186"},"modified":"2026-02-19T20:23:26","modified_gmt":"2026-02-19T20:23:26","slug":"passion-conjunto-de-couro-ecologico-malwia-s-m","status":"publish","type":"product","link":"https:\/\/lovme.pt\/index.php\/produto\/passion-conjunto-de-couro-ecologico-malwia-s-m\/","title":{"rendered":"PASSION &#8211; MALWIA SET CUERO ECOLOGICO S\/M"},"content":{"rendered":"<p>Malwia \u00e9 um conjunto composto por um top de couro preso ao pesco\u00e7o com argolas decorativas e cord\u00f5es, que valoriza e valoriza o busto e a tanga com recorte charmoso. As juntas decorativas em forma de c\u00edrculos d\u00e3o um charme peculiar.<\/p>\n<ul>\n<li> Material: couro ecol\u00f3gico<\/li>\n<li> N\u00e3o descolore<\/li>\n<li> N\u00e3o tinge quando lavado<\/li>\n<\/ul>\n<p> Mais sobre o conjunto Malwia:<\/p>\n<ul>\n<li> Conjunto sensual de duas pe\u00e7as<\/li>\n<li> Inclui suti\u00e3 e tanga<\/li>\n<li> Tanga aberta<\/li>\n<li> Seios nus<\/li>\n<li> Material macio e muito confort\u00e1vel de usar<\/li>\n<li> Apresentado em uma linda caixa ecol\u00f3gica<\/li>\n<li> Composi\u00e7\u00e3o: 60% Poliuretano, 40% Poli\u00e9ster<\/li>\n<\/ul>\n<p> Concebida e pensada para mulheres modernas e din\u00e2micas, Passion \u00e9 uma lingerie fabricada na Uni\u00e3o Europeia com rigorosos controles de qualidade.<\/p>\n<p> O m\u00e1ximo detalhe na fabrica\u00e7\u00e3o e seus elementos decorativos s\u00e3o as principais caracter\u00edsticas desta lingerie pensada para o mundo atual e para pessoas din\u00e2micas e ansiosas por inovar. <\/p>\n<p style=\"text-align: center;\"><img decoding=\"async\" alt=\"\" src=\"https:\/\/interno.dreamlove.es\/UserFiles\/images\/PASIOM%282%29.jpg\" style=\"width: 512px; height: 167px;\" \/><\/p>\n","protected":false},"excerpt":{"rendered":"<p>PASSION &#8211; CONJUNTO DE COURO ECOL\u00d3GICO MALWIA S\/M<\/p>\n","protected":false},"featured_media":90932,"template":"","meta":{"_acf_changed":false},"product_brand":[],"product_cat":[48,47,66],"product_tag":[],"class_list":{"0":"post-37186","1":"product","2":"type-product","3":"status-publish","4":"has-post-thumbnail","6":"product_cat-bdsm","7":"product_cat-lingerie","8":"product_cat-lingerie-feminina","9":"yith_product_brand-passion","10":"yith_product_brand-passionpassion-woman","11":"yith_product_brand-passionpassion-womanpassion-woman-sets","13":"first","14":"instock","15":"taxable","16":"shipping-taxable","17":"purchasable","18":"product-type-variable","19":"has-default-attributes"},"acf":[],"yoast_head":"<!-- This site is optimized with the Yoast SEO plugin v27.4 - https:\/\/yoast.com\/product\/yoast-seo-wordpress\/ -->\n<title>PASSION - MALWIA SET CUERO ECOLOGICO S\/M - Lovme<\/title>\n<meta name=\"robots\" content=\"index, follow, max-snippet:-1, max-image-preview:large, max-video-preview:-1\" \/>\n<link rel=\"canonical\" href=\"https:\/\/lovme.pt\/index.php\/produto\/passion-conjunto-de-couro-ecologico-malwia-s-m\/\" \/>\n<meta property=\"og:locale\" content=\"pt_PT\" \/>\n<meta property=\"og:type\" content=\"article\" \/>\n<meta property=\"og:title\" content=\"PASSION - MALWIA SET CUERO ECOLOGICO S\/M - Lovme\" \/>\n<meta property=\"og:description\" content=\"PASSION - CONJUNTO DE COURO ECOL\u00d3GICO MALWIA S\/M\" \/>\n<meta property=\"og:url\" content=\"https:\/\/lovme.pt\/index.php\/produto\/passion-conjunto-de-couro-ecologico-malwia-s-m\/\" \/>\n<meta property=\"og:site_name\" content=\"Lovme\" \/>\n<meta property=\"article:modified_time\" content=\"2026-02-19T20:23:26+00:00\" \/>\n<meta property=\"og:image\" content=\"https:\/\/erki24nd3ub.exactdn.com\/wp-content\/uploads\/dream\/img\/img_113538_a186ba25b68c9b3e62161a4b6210b63b_1.png?strip=all\" \/>\n\t<meta property=\"og:image:width\" content=\"661\" \/>\n\t<meta property=\"og:image:height\" content=\"661\" \/>\n\t<meta property=\"og:image:type\" content=\"image\/png\" \/>\n<meta name=\"twitter:card\" content=\"summary_large_image\" \/>\n<meta name=\"twitter:label1\" content=\"Tempo estimado de leitura\" \/>\n\t<meta name=\"twitter:data1\" content=\"1 minuto\" \/>\n<script type=\"application\/ld+json\" class=\"yoast-schema-graph\">{\"@context\":\"https:\\\/\\\/schema.org\",\"@graph\":[{\"@type\":\"WebPage\",\"@id\":\"https:\\\/\\\/lovme.pt\\\/index.php\\\/produto\\\/passion-conjunto-de-couro-ecologico-malwia-s-m\\\/\",\"url\":\"https:\\\/\\\/lovme.pt\\\/index.php\\\/produto\\\/passion-conjunto-de-couro-ecologico-malwia-s-m\\\/\",\"name\":\"PASSION - MALWIA SET CUERO ECOLOGICO S\\\/M - Lovme\",\"isPartOf\":{\"@id\":\"https:\\\/\\\/lovme.pt\\\/#website\"},\"primaryImageOfPage\":{\"@id\":\"https:\\\/\\\/lovme.pt\\\/index.php\\\/produto\\\/passion-conjunto-de-couro-ecologico-malwia-s-m\\\/#primaryimage\"},\"image\":{\"@id\":\"https:\\\/\\\/lovme.pt\\\/index.php\\\/produto\\\/passion-conjunto-de-couro-ecologico-malwia-s-m\\\/#primaryimage\"},\"thumbnailUrl\":\"https:\\\/\\\/erki24nd3ub.exactdn.com\\\/wp-content\\\/uploads\\\/dream\\\/img\\\/img_113538_a186ba25b68c9b3e62161a4b6210b63b_1.png?strip=all\",\"datePublished\":\"2025-10-01T00:47:23+00:00\",\"dateModified\":\"2026-02-19T20:23:26+00:00\",\"breadcrumb\":{\"@id\":\"https:\\\/\\\/lovme.pt\\\/index.php\\\/produto\\\/passion-conjunto-de-couro-ecologico-malwia-s-m\\\/#breadcrumb\"},\"inLanguage\":\"pt-PT\",\"potentialAction\":[{\"@type\":\"ReadAction\",\"target\":[\"https:\\\/\\\/lovme.pt\\\/index.php\\\/produto\\\/passion-conjunto-de-couro-ecologico-malwia-s-m\\\/\"]}]},{\"@type\":\"ImageObject\",\"inLanguage\":\"pt-PT\",\"@id\":\"https:\\\/\\\/lovme.pt\\\/index.php\\\/produto\\\/passion-conjunto-de-couro-ecologico-malwia-s-m\\\/#primaryimage\",\"url\":\"https:\\\/\\\/erki24nd3ub.exactdn.com\\\/wp-content\\\/uploads\\\/dream\\\/img\\\/img_113538_a186ba25b68c9b3e62161a4b6210b63b_1.png?strip=all\",\"contentUrl\":\"https:\\\/\\\/erki24nd3ub.exactdn.com\\\/wp-content\\\/uploads\\\/dream\\\/img\\\/img_113538_a186ba25b68c9b3e62161a4b6210b63b_1.png?strip=all\",\"width\":661,\"height\":661},{\"@type\":\"BreadcrumbList\",\"@id\":\"https:\\\/\\\/lovme.pt\\\/index.php\\\/produto\\\/passion-conjunto-de-couro-ecologico-malwia-s-m\\\/#breadcrumb\",\"itemListElement\":[{\"@type\":\"ListItem\",\"position\":1,\"name\":\"In\u00edcio\",\"item\":\"https:\\\/\\\/lovme.pt\\\/\"},{\"@type\":\"ListItem\",\"position\":2,\"name\":\"Loja\",\"item\":\"https:\\\/\\\/lovme.pt\\\/index.php\\\/loja\\\/\"},{\"@type\":\"ListItem\",\"position\":3,\"name\":\"PASSION &#8211; MALWIA SET CUERO ECOLOGICO S\\\/M\"}]},{\"@type\":\"WebSite\",\"@id\":\"https:\\\/\\\/lovme.pt\\\/#website\",\"url\":\"https:\\\/\\\/lovme.pt\\\/\",\"name\":\"Lovme Loja Er\u00f3tica N\u00ba1 em Portugal\",\"description\":\"A melhor loja er\u00f3tica de Portugal.\",\"alternateName\":\"Loja Er\u00f3tica Lovme\",\"potentialAction\":[{\"@type\":\"SearchAction\",\"target\":{\"@type\":\"EntryPoint\",\"urlTemplate\":\"https:\\\/\\\/lovme.pt\\\/?s={search_term_string}\"},\"query-input\":{\"@type\":\"PropertyValueSpecification\",\"valueRequired\":true,\"valueName\":\"search_term_string\"}}],\"inLanguage\":\"pt-PT\"}]}<\/script>\n<!-- \/ Yoast SEO plugin. -->","yoast_head_json":{"title":"PASSION - MALWIA SET CUERO ECOLOGICO S\/M - Lovme","robots":{"index":"index","follow":"follow","max-snippet":"max-snippet:-1","max-image-preview":"max-image-preview:large","max-video-preview":"max-video-preview:-1"},"canonical":"https:\/\/lovme.pt\/index.php\/produto\/passion-conjunto-de-couro-ecologico-malwia-s-m\/","og_locale":"pt_PT","og_type":"article","og_title":"PASSION - MALWIA SET CUERO ECOLOGICO S\/M - Lovme","og_description":"PASSION - CONJUNTO DE COURO ECOL\u00d3GICO MALWIA S\/M","og_url":"https:\/\/lovme.pt\/index.php\/produto\/passion-conjunto-de-couro-ecologico-malwia-s-m\/","og_site_name":"Lovme","article_modified_time":"2026-02-19T20:23:26+00:00","og_image":[{"width":661,"height":661,"url":"https:\/\/erki24nd3ub.exactdn.com\/wp-content\/uploads\/dream\/img\/img_113538_a186ba25b68c9b3e62161a4b6210b63b_1.png?strip=all","type":"image\/png"}],"twitter_card":"summary_large_image","twitter_misc":{"Tempo estimado de leitura":"1 minuto"},"schema":{"@context":"https:\/\/schema.org","@graph":[{"@type":"WebPage","@id":"https:\/\/lovme.pt\/index.php\/produto\/passion-conjunto-de-couro-ecologico-malwia-s-m\/","url":"https:\/\/lovme.pt\/index.php\/produto\/passion-conjunto-de-couro-ecologico-malwia-s-m\/","name":"PASSION - MALWIA SET CUERO ECOLOGICO S\/M - Lovme","isPartOf":{"@id":"https:\/\/lovme.pt\/#website"},"primaryImageOfPage":{"@id":"https:\/\/lovme.pt\/index.php\/produto\/passion-conjunto-de-couro-ecologico-malwia-s-m\/#primaryimage"},"image":{"@id":"https:\/\/lovme.pt\/index.php\/produto\/passion-conjunto-de-couro-ecologico-malwia-s-m\/#primaryimage"},"thumbnailUrl":"https:\/\/erki24nd3ub.exactdn.com\/wp-content\/uploads\/dream\/img\/img_113538_a186ba25b68c9b3e62161a4b6210b63b_1.png?strip=all","datePublished":"2025-10-01T00:47:23+00:00","dateModified":"2026-02-19T20:23:26+00:00","breadcrumb":{"@id":"https:\/\/lovme.pt\/index.php\/produto\/passion-conjunto-de-couro-ecologico-malwia-s-m\/#breadcrumb"},"inLanguage":"pt-PT","potentialAction":[{"@type":"ReadAction","target":["https:\/\/lovme.pt\/index.php\/produto\/passion-conjunto-de-couro-ecologico-malwia-s-m\/"]}]},{"@type":"ImageObject","inLanguage":"pt-PT","@id":"https:\/\/lovme.pt\/index.php\/produto\/passion-conjunto-de-couro-ecologico-malwia-s-m\/#primaryimage","url":"https:\/\/erki24nd3ub.exactdn.com\/wp-content\/uploads\/dream\/img\/img_113538_a186ba25b68c9b3e62161a4b6210b63b_1.png?strip=all","contentUrl":"https:\/\/erki24nd3ub.exactdn.com\/wp-content\/uploads\/dream\/img\/img_113538_a186ba25b68c9b3e62161a4b6210b63b_1.png?strip=all","width":661,"height":661},{"@type":"BreadcrumbList","@id":"https:\/\/lovme.pt\/index.php\/produto\/passion-conjunto-de-couro-ecologico-malwia-s-m\/#breadcrumb","itemListElement":[{"@type":"ListItem","position":1,"name":"In\u00edcio","item":"https:\/\/lovme.pt\/"},{"@type":"ListItem","position":2,"name":"Loja","item":"https:\/\/lovme.pt\/index.php\/loja\/"},{"@type":"ListItem","position":3,"name":"PASSION &#8211; MALWIA SET CUERO ECOLOGICO S\/M"}]},{"@type":"WebSite","@id":"https:\/\/lovme.pt\/#website","url":"https:\/\/lovme.pt\/","name":"Lovme Loja Er\u00f3tica N\u00ba1 em Portugal","description":"A melhor loja er\u00f3tica de Portugal.","alternateName":"Loja Er\u00f3tica Lovme","potentialAction":[{"@type":"SearchAction","target":{"@type":"EntryPoint","urlTemplate":"https:\/\/lovme.pt\/?s={search_term_string}"},"query-input":{"@type":"PropertyValueSpecification","valueRequired":true,"valueName":"search_term_string"}}],"inLanguage":"pt-PT"}]}},"_links":{"self":[{"href":"https:\/\/lovme.pt\/index.php\/wp-json\/wp\/v2\/product\/37186","targetHints":{"allow":["GET"]}}],"collection":[{"href":"https:\/\/lovme.pt\/index.php\/wp-json\/wp\/v2\/product"}],"about":[{"href":"https:\/\/lovme.pt\/index.php\/wp-json\/wp\/v2\/types\/product"}],"wp:featuredmedia":[{"embeddable":true,"href":"https:\/\/lovme.pt\/index.php\/wp-json\/wp\/v2\/media\/90932"}],"wp:attachment":[{"href":"https:\/\/lovme.pt\/index.php\/wp-json\/wp\/v2\/media?parent=37186"}],"wp:term":[{"taxonomy":"product_brand","embeddable":true,"href":"https:\/\/lovme.pt\/index.php\/wp-json\/wp\/v2\/product_brand?post=37186"},{"taxonomy":"product_cat","embeddable":true,"href":"https:\/\/lovme.pt\/index.php\/wp-json\/wp\/v2\/product_cat?post=37186"},{"taxonomy":"product_tag","embeddable":true,"href":"https:\/\/lovme.pt\/index.php\/wp-json\/wp\/v2\/product_tag?post=37186"}],"curies":[{"name":"wp","href":"https:\/\/api.w.org\/{rel}","templated":true}]}}