{"id":37137,"date":"2025-10-01T03:10:19","date_gmt":"2025-10-01T03:10:19","guid":{"rendered":"https:\/\/lovme.pt\/?post_type=product&#038;p=37137"},"modified":"2026-02-25T07:41:56","modified_gmt":"2026-02-25T07:41:56","slug":"suplemento-alimentarbijoux-orgasm-glow-60-cpsulas","status":"publish","type":"product","link":"https:\/\/lovme.pt\/index.php\/produto\/suplemento-alimentarbijoux-orgasm-glow-60-cpsulas\/","title":{"rendered":"BIJOUX &#8211; SUPLEMENTO ALIMENTAR ORGASM GLOW 60 C\u00c1PSULAS"},"content":{"rendered":"<p><strong>N\u00e3o acreditamos em milagres, mas acreditamos na sabedoria ancestral!<\/strong> Recorremos aos maiores especialistas em suplementos alimentares e combina\u00e7\u00f5es de ervas para desenvolver a f\u00f3rmula perfeita: <strong>uma mistura de ingredientes naturais e extratos de ervas criada para levar a libido a um novo patamar.<\/strong> Muitas vezes, culpamos o estresse e a rotina pela falta de desejo, mas, \u00e0s vezes, nossa alimenta\u00e7\u00e3o precisa de um refor\u00e7o extra de vitaminas e minerais. Escolher o suplemento certo pode ser um desafio \u2014 \u00e9 dif\u00edcil saber em qual confiar. Por isso, na Bijoux Indiscrets, decidimos criar a solu\u00e7\u00e3o que desej\u00e1vamos para n\u00f3s mesmos: uma solu\u00e7\u00e3o na qual confiamos, que ajuda a reduzir os n\u00edveis de estresse e a aumentar a libido. Com mais de <strong>40 anos de experi\u00eancia<\/strong> no desenvolvimento de suplementos alimentares, nossos laborat\u00f3rios em Madri nos ajudaram a formular <strong>o ORGASM GLOW, a combina\u00e7\u00e3o perfeita de ervas e minerais para equilibrar o seu corpo e ajud\u00e1-lo(a) a desfrutar do m\u00e1ximo prazer.<\/strong><\/p>\n<ul>\n<li> ASHWAGANDHA: O ant\u00eddoto natural para o estresse<\/li>\n<li> TRIBULUS TERRESTRIS: Aumenta o desejo sexual<\/li>\n<li> ZINCO: Ajuda a reduzir a inflama\u00e7\u00e3o<\/li>\n<li> L-ARGININA: Auxilia o sistema imunol\u00f3gico<\/li>\n<li> DAMIANA: Aumenta a libido<\/li>\n<li> <strong>Ingredientes<\/strong> : Agentes de volume (fosfatos de c\u00e1lcio, celulose), composi\u00e7\u00e3o do revestimento da c\u00e1psula vegetal (hidroxipropilmetilcelulose), extrato seco de ashwagandha (raiz de Withania somnifera), extrato seco de tribulus terrestris (fruto de Tribulus terrestris), L-arginina: 100 mg, extrato seco de damiana (folha de Turnera diffusa Willd.), amido de milho, antiaglomerantes (silicato de magn\u00e9sio, sais de magn\u00e9sio de \u00e1cidos graxos e di\u00f3xido de sil\u00edcio), \u00f3xido de zinco.<\/li>\n<li> <strong>Contente<\/strong> :\n<ul>\n<li> Orgasm Glow \u00b7 Suplemento alimentar \u00e0 base de ervas<\/li>\n<li> 60 c\u00e1psulas = Suprimento para 2 meses<\/li>\n<\/ul>\n<\/li>\n<\/ul>\n","protected":false},"excerpt":{"rendered":"<p>BIJOUX &#8211; SUPLEMENTO ALIMENTAR ORGASM GLOW 60 C\u00c1PSULAS<\/p>\n","protected":false},"featured_media":101931,"template":"","meta":{"_acf_changed":false},"product_brand":[],"product_cat":[52,70],"product_tag":[],"class_list":{"0":"post-37137","1":"product","2":"type-product","3":"status-publish","4":"has-post-thumbnail","6":"product_cat-estimulantes","7":"product_cat-saude","8":"yith_product_brand-bijoux-indiscretsbijoux-au-naturel","10":"first","11":"instock","12":"taxable","13":"shipping-taxable","14":"purchasable","15":"product-type-simple"},"acf":[],"yoast_head":"<!-- This site is optimized with the Yoast SEO plugin v27.4 - https:\/\/yoast.com\/product\/yoast-seo-wordpress\/ -->\n<title>BIJOUX - SUPLEMENTO ALIMENTAR ORGASM GLOW 60 C\u00c1PSULAS - Lovme<\/title>\n<meta name=\"robots\" content=\"index, follow, max-snippet:-1, max-image-preview:large, max-video-preview:-1\" \/>\n<link rel=\"canonical\" href=\"https:\/\/lovme.pt\/index.php\/produto\/suplemento-alimentarbijoux-orgasm-glow-60-cpsulas\/\" \/>\n<meta property=\"og:locale\" content=\"pt_PT\" \/>\n<meta property=\"og:type\" content=\"article\" \/>\n<meta property=\"og:title\" content=\"BIJOUX - SUPLEMENTO ALIMENTAR ORGASM GLOW 60 C\u00c1PSULAS - Lovme\" \/>\n<meta property=\"og:description\" content=\"BIJOUX - SUPLEMENTO ALIMENTAR ORGASM GLOW 60 C\u00c1PSULAS\" \/>\n<meta property=\"og:url\" content=\"https:\/\/lovme.pt\/index.php\/produto\/suplemento-alimentarbijoux-orgasm-glow-60-cpsulas\/\" \/>\n<meta property=\"og:site_name\" content=\"Lovme\" \/>\n<meta property=\"article:modified_time\" content=\"2026-02-25T07:41:56+00:00\" \/>\n<meta property=\"og:image\" content=\"https:\/\/erki24nd3ub.exactdn.com\/wp-content\/uploads\/dream\/img\/img_121742_e7d5d3bb6747fc10dec27ef0c7fc779d_1.jpg?strip=all\" \/>\n\t<meta property=\"og:image:width\" content=\"800\" \/>\n\t<meta property=\"og:image:height\" content=\"800\" \/>\n\t<meta property=\"og:image:type\" content=\"image\/jpeg\" \/>\n<meta name=\"twitter:card\" content=\"summary_large_image\" \/>\n<meta name=\"twitter:label1\" content=\"Tempo estimado de leitura\" \/>\n\t<meta name=\"twitter:data1\" content=\"1 minuto\" \/>\n<script type=\"application\/ld+json\" class=\"yoast-schema-graph\">{\"@context\":\"https:\\\/\\\/schema.org\",\"@graph\":[{\"@type\":\"WebPage\",\"@id\":\"https:\\\/\\\/lovme.pt\\\/index.php\\\/produto\\\/suplemento-alimentarbijoux-orgasm-glow-60-cpsulas\\\/\",\"url\":\"https:\\\/\\\/lovme.pt\\\/index.php\\\/produto\\\/suplemento-alimentarbijoux-orgasm-glow-60-cpsulas\\\/\",\"name\":\"BIJOUX - SUPLEMENTO ALIMENTAR ORGASM GLOW 60 C\u00c1PSULAS - Lovme\",\"isPartOf\":{\"@id\":\"https:\\\/\\\/lovme.pt\\\/#website\"},\"primaryImageOfPage\":{\"@id\":\"https:\\\/\\\/lovme.pt\\\/index.php\\\/produto\\\/suplemento-alimentarbijoux-orgasm-glow-60-cpsulas\\\/#primaryimage\"},\"image\":{\"@id\":\"https:\\\/\\\/lovme.pt\\\/index.php\\\/produto\\\/suplemento-alimentarbijoux-orgasm-glow-60-cpsulas\\\/#primaryimage\"},\"thumbnailUrl\":\"https:\\\/\\\/erki24nd3ub.exactdn.com\\\/wp-content\\\/uploads\\\/dream\\\/img\\\/img_121742_e7d5d3bb6747fc10dec27ef0c7fc779d_1.jpg?strip=all\",\"datePublished\":\"2025-10-01T03:10:19+00:00\",\"dateModified\":\"2026-02-25T07:41:56+00:00\",\"breadcrumb\":{\"@id\":\"https:\\\/\\\/lovme.pt\\\/index.php\\\/produto\\\/suplemento-alimentarbijoux-orgasm-glow-60-cpsulas\\\/#breadcrumb\"},\"inLanguage\":\"pt-PT\",\"potentialAction\":[{\"@type\":\"ReadAction\",\"target\":[\"https:\\\/\\\/lovme.pt\\\/index.php\\\/produto\\\/suplemento-alimentarbijoux-orgasm-glow-60-cpsulas\\\/\"]}]},{\"@type\":\"ImageObject\",\"inLanguage\":\"pt-PT\",\"@id\":\"https:\\\/\\\/lovme.pt\\\/index.php\\\/produto\\\/suplemento-alimentarbijoux-orgasm-glow-60-cpsulas\\\/#primaryimage\",\"url\":\"https:\\\/\\\/erki24nd3ub.exactdn.com\\\/wp-content\\\/uploads\\\/dream\\\/img\\\/img_121742_e7d5d3bb6747fc10dec27ef0c7fc779d_1.jpg?strip=all\",\"contentUrl\":\"https:\\\/\\\/erki24nd3ub.exactdn.com\\\/wp-content\\\/uploads\\\/dream\\\/img\\\/img_121742_e7d5d3bb6747fc10dec27ef0c7fc779d_1.jpg?strip=all\",\"width\":800,\"height\":800},{\"@type\":\"BreadcrumbList\",\"@id\":\"https:\\\/\\\/lovme.pt\\\/index.php\\\/produto\\\/suplemento-alimentarbijoux-orgasm-glow-60-cpsulas\\\/#breadcrumb\",\"itemListElement\":[{\"@type\":\"ListItem\",\"position\":1,\"name\":\"In\u00edcio\",\"item\":\"https:\\\/\\\/lovme.pt\\\/\"},{\"@type\":\"ListItem\",\"position\":2,\"name\":\"Loja\",\"item\":\"https:\\\/\\\/lovme.pt\\\/index.php\\\/loja\\\/\"},{\"@type\":\"ListItem\",\"position\":3,\"name\":\"BIJOUX &#8211; SUPLEMENTO ALIMENTAR ORGASM GLOW 60 C\u00c1PSULAS\"}]},{\"@type\":\"WebSite\",\"@id\":\"https:\\\/\\\/lovme.pt\\\/#website\",\"url\":\"https:\\\/\\\/lovme.pt\\\/\",\"name\":\"Lovme Loja Er\u00f3tica N\u00ba1 em Portugal\",\"description\":\"A melhor loja er\u00f3tica de Portugal.\",\"alternateName\":\"Loja Er\u00f3tica Lovme\",\"potentialAction\":[{\"@type\":\"SearchAction\",\"target\":{\"@type\":\"EntryPoint\",\"urlTemplate\":\"https:\\\/\\\/lovme.pt\\\/?s={search_term_string}\"},\"query-input\":{\"@type\":\"PropertyValueSpecification\",\"valueRequired\":true,\"valueName\":\"search_term_string\"}}],\"inLanguage\":\"pt-PT\"}]}<\/script>\n<!-- \/ Yoast SEO plugin. -->","yoast_head_json":{"title":"BIJOUX - SUPLEMENTO ALIMENTAR ORGASM GLOW 60 C\u00c1PSULAS - Lovme","robots":{"index":"index","follow":"follow","max-snippet":"max-snippet:-1","max-image-preview":"max-image-preview:large","max-video-preview":"max-video-preview:-1"},"canonical":"https:\/\/lovme.pt\/index.php\/produto\/suplemento-alimentarbijoux-orgasm-glow-60-cpsulas\/","og_locale":"pt_PT","og_type":"article","og_title":"BIJOUX - SUPLEMENTO ALIMENTAR ORGASM GLOW 60 C\u00c1PSULAS - Lovme","og_description":"BIJOUX - SUPLEMENTO ALIMENTAR ORGASM GLOW 60 C\u00c1PSULAS","og_url":"https:\/\/lovme.pt\/index.php\/produto\/suplemento-alimentarbijoux-orgasm-glow-60-cpsulas\/","og_site_name":"Lovme","article_modified_time":"2026-02-25T07:41:56+00:00","og_image":[{"width":800,"height":800,"url":"https:\/\/erki24nd3ub.exactdn.com\/wp-content\/uploads\/dream\/img\/img_121742_e7d5d3bb6747fc10dec27ef0c7fc779d_1.jpg?strip=all","type":"image\/jpeg"}],"twitter_card":"summary_large_image","twitter_misc":{"Tempo estimado de leitura":"1 minuto"},"schema":{"@context":"https:\/\/schema.org","@graph":[{"@type":"WebPage","@id":"https:\/\/lovme.pt\/index.php\/produto\/suplemento-alimentarbijoux-orgasm-glow-60-cpsulas\/","url":"https:\/\/lovme.pt\/index.php\/produto\/suplemento-alimentarbijoux-orgasm-glow-60-cpsulas\/","name":"BIJOUX - SUPLEMENTO ALIMENTAR ORGASM GLOW 60 C\u00c1PSULAS - Lovme","isPartOf":{"@id":"https:\/\/lovme.pt\/#website"},"primaryImageOfPage":{"@id":"https:\/\/lovme.pt\/index.php\/produto\/suplemento-alimentarbijoux-orgasm-glow-60-cpsulas\/#primaryimage"},"image":{"@id":"https:\/\/lovme.pt\/index.php\/produto\/suplemento-alimentarbijoux-orgasm-glow-60-cpsulas\/#primaryimage"},"thumbnailUrl":"https:\/\/erki24nd3ub.exactdn.com\/wp-content\/uploads\/dream\/img\/img_121742_e7d5d3bb6747fc10dec27ef0c7fc779d_1.jpg?strip=all","datePublished":"2025-10-01T03:10:19+00:00","dateModified":"2026-02-25T07:41:56+00:00","breadcrumb":{"@id":"https:\/\/lovme.pt\/index.php\/produto\/suplemento-alimentarbijoux-orgasm-glow-60-cpsulas\/#breadcrumb"},"inLanguage":"pt-PT","potentialAction":[{"@type":"ReadAction","target":["https:\/\/lovme.pt\/index.php\/produto\/suplemento-alimentarbijoux-orgasm-glow-60-cpsulas\/"]}]},{"@type":"ImageObject","inLanguage":"pt-PT","@id":"https:\/\/lovme.pt\/index.php\/produto\/suplemento-alimentarbijoux-orgasm-glow-60-cpsulas\/#primaryimage","url":"https:\/\/erki24nd3ub.exactdn.com\/wp-content\/uploads\/dream\/img\/img_121742_e7d5d3bb6747fc10dec27ef0c7fc779d_1.jpg?strip=all","contentUrl":"https:\/\/erki24nd3ub.exactdn.com\/wp-content\/uploads\/dream\/img\/img_121742_e7d5d3bb6747fc10dec27ef0c7fc779d_1.jpg?strip=all","width":800,"height":800},{"@type":"BreadcrumbList","@id":"https:\/\/lovme.pt\/index.php\/produto\/suplemento-alimentarbijoux-orgasm-glow-60-cpsulas\/#breadcrumb","itemListElement":[{"@type":"ListItem","position":1,"name":"In\u00edcio","item":"https:\/\/lovme.pt\/"},{"@type":"ListItem","position":2,"name":"Loja","item":"https:\/\/lovme.pt\/index.php\/loja\/"},{"@type":"ListItem","position":3,"name":"BIJOUX &#8211; SUPLEMENTO ALIMENTAR ORGASM GLOW 60 C\u00c1PSULAS"}]},{"@type":"WebSite","@id":"https:\/\/lovme.pt\/#website","url":"https:\/\/lovme.pt\/","name":"Lovme Loja Er\u00f3tica N\u00ba1 em Portugal","description":"A melhor loja er\u00f3tica de Portugal.","alternateName":"Loja Er\u00f3tica Lovme","potentialAction":[{"@type":"SearchAction","target":{"@type":"EntryPoint","urlTemplate":"https:\/\/lovme.pt\/?s={search_term_string}"},"query-input":{"@type":"PropertyValueSpecification","valueRequired":true,"valueName":"search_term_string"}}],"inLanguage":"pt-PT"}]}},"_links":{"self":[{"href":"https:\/\/lovme.pt\/index.php\/wp-json\/wp\/v2\/product\/37137","targetHints":{"allow":["GET"]}}],"collection":[{"href":"https:\/\/lovme.pt\/index.php\/wp-json\/wp\/v2\/product"}],"about":[{"href":"https:\/\/lovme.pt\/index.php\/wp-json\/wp\/v2\/types\/product"}],"wp:featuredmedia":[{"embeddable":true,"href":"https:\/\/lovme.pt\/index.php\/wp-json\/wp\/v2\/media\/101931"}],"wp:attachment":[{"href":"https:\/\/lovme.pt\/index.php\/wp-json\/wp\/v2\/media?parent=37137"}],"wp:term":[{"taxonomy":"product_brand","embeddable":true,"href":"https:\/\/lovme.pt\/index.php\/wp-json\/wp\/v2\/product_brand?post=37137"},{"taxonomy":"product_cat","embeddable":true,"href":"https:\/\/lovme.pt\/index.php\/wp-json\/wp\/v2\/product_cat?post=37137"},{"taxonomy":"product_tag","embeddable":true,"href":"https:\/\/lovme.pt\/index.php\/wp-json\/wp\/v2\/product_tag?post=37137"}],"curies":[{"name":"wp","href":"https:\/\/api.w.org\/{rel}","templated":true}]}}